{"id":40,"date":"2022-08-17T21:13:54","date_gmt":"2022-08-17T19:13:54","guid":{"rendered":"https:\/\/weather-radar24.com\/?page_id=40"},"modified":"2026-04-11T13:01:50","modified_gmt":"2026-04-11T11:01:50","slug":"weather-radar","status":"publish","type":"page","link":"https:\/\/weather-radar24.com\/da\/","title":{"rendered":"Vejrradar"},"content":{"rendered":"<h1>Vejrradar live \u2013 aktuelle vejrforhold<\/h1>\n<p>Uanset om du er p\u00e5 arbejde, skole eller shopper, er vejret et samtaleemne, der interesserer os alle. Men hvordan ved man egentlig, hvordan vejret bliver? Det er ganske enkelt: ved hj\u00e6lp af en vejrradar! Men hvad er denne radar pr\u00e6cist, og hvordan fungerer den?<\/p>\n<div id=\"windy-box\" style=\"max-width:1300px;margin:20px auto;padding:24px;border:1px solid #dcdcdc;border-radius:12px;background:#f8fafc;text-align:center;font-family:Arial,sans-serif;\">\n<h3 style=\"margin:0 0 10px 0;font-size:24px;color:#1f2937;\">Live Weather Radar<\/h3>\n<p style=\"margin:0 0 18px 0;font-size:16px;line-height:1.5;color:#4b5563;\">\n    Click the button below to load the live radar map from Windy.com.\n  <\/p>\n<p>  <button onclick=\"loadWindy()\" style=\"background:#2563eb;color:#ffffff;border:none;padding:14px 24px;font-size:16px;font-weight:600;border-radius:8px;cursor:pointer;\"><br \/>\n    Load Live Radar<br \/>\n  <\/button><\/p>\n<p style=\"margin:14px 0 0 0;font-size:13px;color:#6b7280;\">\n    External content will be loaded from Windy.com after clicking.\n  <\/p>\n<\/div>\n<p><script>\nfunction loadWindy() {\n  document.getElementById('windy-box').innerHTML =\n    '<iframe loading=\"lazy\" src=\"https:\/\/embed.windy.com\/embed2.html?lat=39.606&#038;lon=-97.031&#038;detailLat=49.142&#038;detailLon=9.223&#038;width=1300&#038;height=600&#038;zoom=5&#038;level=surface&#038;overlay=radar&#038;product=radar&#038;menu=&#038;message=true&#038;marker=&#038;calendar=now&#038;pressure=&#038;type=map&#038;location=coordinates&#038;detail=&#038;metricWind=default&#038;metricTemp=default&#038;radarRange=-1\" width=\"100%\" height=\"600\" frameborder=\"0\" style=\"border:0;border-radius:12px;\"><\/iframe>';\n}\n<\/script><\/p>\n<h2 class=\"p1\">Hvad er en vejrradar live?<\/h2>\n<p class=\"p1\">Vejrradarer er et vigtigt v\u00e6rkt\u00f8j, som meteorologer bruger til at spore nedb\u00f8rens bev\u00e6gelser. Ved at bruge radarer kan meteorologer identificere aktuelle regnm\u00f8nstre og sammenligne tidligere m\u00f8nstre med nuv\u00e6rende forhold for at forudsige fremtiden.<\/p>\n<p class=\"p1\">Radarenheder fungerer ved at udsende elektromagnetiske b\u00f8lger og modtage deres ekko fra nedb\u00f8rsskyer. Radarsystemet beregner derefter afstanden og styrken af nedb\u00f8ren ud fra den tid, det tager for ekkoet at vende tilbage.<\/p>\n<p class=\"p1\">Vejrradarer er et uundv\u00e6rligt v\u00e6rkt\u00f8j for meteorologer, fordi de giver dem mulighed for at forudsige vejret pr\u00e6cist. Vejrradarer er et uundv\u00e6rligt v\u00e6rkt\u00f8j for meteorologer, fordi de giver dem mulighed for at lave pr\u00e6cise forudsigelser om vejret. Ved at bruge radar kan meteorologer n\u00f8jagtigt spore nedb\u00f8rsvejen for at forudsige fremtiden.<\/p>\n<h2 class=\"p1\">Hvordan fungerer vejrradar live?<\/h2>\n<p class=\"p1\">N\u00e6ste gang du t\u00e6nder for vejrradar, kan du undre dig over, hvordan det fungerer. Teknologien bag radaren er ret kompleks, men vi kan forklare noget af det grundl\u00e6ggende. Radaren udsender en str\u00e5le af mikrob\u00f8lger, der reflekterer regnen eller sneen. Radaren modtager og behandler disse refleksioner for at skabe et billede af det aktuelle vejr.<span class=\"Apple-converted-space\">\u00a0 <\/span>Intensiteten af radarbilledet afh\u00e6nger af m\u00e6ngden af nedb\u00f8r - jo mere nedb\u00f8r, jo st\u00e6rkere billede. Og jo t\u00e6ttere nedb\u00f8ren er, jo hurtigere bev\u00e6ger den sig p\u00e5 billedet.<\/p>\n<p class=\"p1\">Men vejrradaren er ikke perfekt. Det kan for eksempel v\u00e6re sv\u00e6rt at opdage let nedb\u00f8r, is\u00e6r hvis det er langt v\u00e6k. Tr\u00e6er og bjerge kan ogs\u00e5 f\u00e5 radaren til at give et forkert billede. P\u00e5 trods af disse begr\u00e6nsninger er vejrradar et uundv\u00e6rligt v\u00e6rkt\u00f8j for meteorologer til at forudsige bev\u00e6gelsen af regn- og snestorme.<\/p>\n<p>Should you require further real-time data from diverse radar categories such as aviation, maritime, weather, and beyond, you can access it at <a href=\"https:\/\/live-radar.org\/\" target=\"_blank\" rel=\"noopener noreferrer\">https:\/\/live-radar.org\/<\/a>.<\/p>\n<h3 class=\"p1\">Hvad er fordelene?<\/h3>\n<p class=\"p1\">Vejret kan nogle gange v\u00e6re uforudsigeligt, hvilket medf\u00f8rer frost <a href=\"https:\/\/weather-radar24.com\/da\/vind-radar\/\">vind<\/a> der kan br\u00e6nde dine fingre. Eller det kan v\u00e6re s\u00e5 varmt, at du tror, du st\u00e5r i \u00f8rkenen. F\u00f8r du f\u00e6rdigg\u00f8r din plan for dagen, er det bedst at se p\u00e5 vejret for at sikre, at du har det rigtige t\u00f8j p\u00e5 for dagen. Dette kan dog v\u00e6re tidskr\u00e6vende, og du skal muligvis s\u00f8ge p\u00e5 flere websteder for at finde de oplysninger, du har brug for. En vejrradar er en fantastisk m\u00e5de til hurtigt og nemt at tjekke det aktuelle vejr samt timer eller dage forude:<\/p>\n<p class=\"p1\">Vejrradarer er i stand til at indsamle en bred vifte af vejrdata. Dette inkluderer nedb\u00f8r, vindhastighed, vindretning og skybev\u00e6gelse. Disse data vises derefter p\u00e5 et kort, hvilket hj\u00e6lper meteorologer med bedre at forst\u00e5 vejret.<\/p>\n<p class=\"p1\">Vejrradarer er is\u00e6r nyttige til at forudsige h\u00e5rdt vejr. De kan hj\u00e6lpe med at identificere en storm tidligt og tage de n\u00f8dvendige forholdsregler for at beskytte mennesker og ejendom.<\/p>\n<h3 class=\"p1\">Hvad betyder farverne i vejrradaren?<\/h3>\n<p class=\"p1\">Farverne p\u00e5 kortet fort\u00e6ller, hvor kraftig nedb\u00f8ren bliver. Regnintensiteten er opdelt i 5 niveauer: let, moderat, tung, meget tung og ekstremt tung. S\u00e5 afh\u00e6ngigt af hvilket niveau en storm er p\u00e5, kan du forvente nedb\u00f8r af varierende intensitet. Bl\u00e5 svarer til let nedb\u00f8r, gr\u00f8n til moderat, gul til kraftig, orange til meget kraftig og r\u00f8d til ekstrem kraftig. De forskellige farver p\u00e5 kortet er derfor en indikator for de forskellige nedb\u00f8rsintensiteter.<\/p>\n<h2 class=\"p1\">Hvordan skabes en vejrudsigt?<\/h2>\n<p class=\"p1\">Et af de vigtigste instrumenter, meteorologer bruger til at lave en vejrudsigt, er vejrradar. Vejrsatellitter er et andet vigtigt v\u00e6rkt\u00f8j, der bruges til at lave vejrudsigter. Vejrsatellitter observerer vejret fra oven og kan se ting, der ikke er synlige fra jorden. Disse oplysninger bruges derefter til at lave bedre prognoser.<\/p>\n<p class=\"p1\">N\u00e5r du laver en vejrudsigt, skal du ogs\u00e5 overveje vindforholdene. Vindhastighed og retning kan \u00e6ndre sig hurtigt og have stor indflydelse p\u00e5 vejret. Meteorologer bruger forskellige instrumenter til at overv\u00e5ge vindforhold, s\u00e5som vejrballoner og vindm\u00e5lere. Ydermere skal du ogs\u00e5 overveje skyd\u00e6kke. Skyd\u00e6kke kan p\u00e5virke vejret ved at regulere m\u00e6ngden af sollys, varme og fugt, der kommer ind i atmosf\u00e6ren. Meteorologer bruger forskellige instrumenter til at overv\u00e5ge skyd\u00e6kke, s\u00e5som vejrsonder og radiosonder.<\/p>\n<h3 class=\"p1\">Hvor p\u00e5lidelige er prognoserne?<\/h3>\n<p class=\"p1\">Forudsigelserne fra vejrradaren er ret p\u00e5lidelige. Det er dog vigtigt at forst\u00e5, at radar kun er et v\u00e6rkt\u00f8j og ikke kan lave en perfekt forudsigelse. Forudsigelserne har altid en vis usikkerhed, fordi vejret kan skifte hurtigt.<\/p>\n<h3 class=\"p1\">Hvorfor er vejrradar ofte slukket?<\/h3>\n<p class=\"p1\">Siden internettet har taget fat, er vejrudsigten ogs\u00e5 blevet et stort problem. Du kan nu forudsige vejret i dage og uger til m\u00e5neder frem. Udsigterne bliver mere og mere pr\u00e6cise, men alligevel er vejrradaren ofte ude af m\u00e6rket. Hvad er \u00e5rsagen til dette? F\u00f8rst og fremmest skal du indse, at vejret er et meget komplekst system. Mange faktorer spiller en rolle, lige fra temperatur til vindhastighed. Disse faktorer er ikke altid helt forudsigelige og kan \u00e6ndre sig hurtigt.<\/p>\n<p class=\"p1\">Dette er ogs\u00e5 grunden til, at vejret er s\u00e5 sv\u00e6rt at forudsige. Desuden kan vejrradarer kun se nedb\u00f8r, der allerede er faldet - de kan ikke forudsige, hvor det vil regne i fremtiden.<\/p>\n<h3 class=\"p1\">Hvem bruger vejrradar?<\/h3>\n<p class=\"p1\">Vejret er et interessant emne; mange mennesker bruger vejrradar regelm\u00e6ssigt. Men hvem bruger vejrradaren og hvorfor? En vejrradar er et nyttigt v\u00e6rkt\u00f8j, der kan bruges til at tjekke det aktuelle vejr og f\u00e5 information om kommende vejrforhold. Mange mennesker, der rejser regelm\u00e6ssigt, bruger vejrradaren til at f\u00e5 information om den aktuelle vejrsituation. Det er nemlig s\u00e6rligt vigtigt at holde \u00f8je med vejret, n\u00e5r man rejser.<\/p>\n<p class=\"p1\">Vejrradaren kan ogs\u00e5 v\u00e6re nyttig i det professionelle liv. For eksempel til landm\u00e6nd, der planl\u00e6gger at sl\u00e5 deres marker ihjel eller for en skibskaptajn, der skal passe p\u00e5 h\u00f8je b\u00f8lger og storme. Kommercielle fly kan ogs\u00e5 drage fordel af vejrradar, da de bedre kan planl\u00e6gge, hvorn\u00e5r de skal lette og lande.<\/p>\n<h3 class=\"p1\">Hvorn\u00e5r blev den f\u00f8rste vejrradar bygget?<\/h3>\n<p class=\"p1\">Den f\u00f8rste vejrradarstation blev bygget i Storbritannien i 1935. Udviklingen af vejrradar begyndte dog meget tidligere. I 1902 opdagede Christian H\u00fclsmeyer, en tysk opfinder, det <a href=\"https:\/\/science.nasa.gov\/ems\/02_anatomy\" target=\"_blank\" rel=\"noopener\">elektromagnetiske b\u00f8lger<\/a> hoppe fra jorden, n\u00e5r de rammer regndr\u00e5ber.<\/p>\n<p class=\"p1\">I 1920&#039;erne udviklede en britisk videnskabsmand ved navn Robert Watson-Watt et system til at bestemme flyets position. Dette system var baseret p\u00e5 samme princip som vejrradar. I 1930&#039;erne blev den f\u00f8rste vejrradar installeret i Storbritannien. I \u00e5renes l\u00f8b blev der bygget flere og flere radarstationer. I dag er der et omfattende netv\u00e6rk p\u00e5 tv\u00e6rs af Europa.<\/p>\n<h3 class=\"p1\">Hvordan ser en radarstation ud?<\/h3>\n<p><img loading=\"lazy\" decoding=\"async\" class=\"aligncenter wp-image-103 size-full\" src=\"https:\/\/weather-radar24.com\/wp-content\/uploads\/2022\/08\/radar-g60378e96c_640.jpeg\" alt=\"radar station\" width=\"640\" height=\"480\" srcset=\"https:\/\/weather-radar24.com\/wp-content\/uploads\/2022\/08\/radar-g60378e96c_640.jpeg 640w, https:\/\/weather-radar24.com\/wp-content\/uploads\/2022\/08\/radar-g60378e96c_640-300x225.jpeg 300w\" sizes=\"auto, (max-width: 640px) 100vw, 640px\" \/><\/p>\n<p class=\"p1\">De fleste radarstationer er ret i\u00f8jnefaldende bygninger placeret i landdistrikter eller fjerntliggende omr\u00e5der. Men hvordan ser en radarstation helt pr\u00e6cis ud? Antennen er det mest bem\u00e6rkelsesv\u00e6rdige ved en radarstation. Den er ofte stor og kan rotere for at scanne det omkringliggende omr\u00e5de. Antennen udsender signaler, som stationen s\u00e5 modtager.<\/p>\n<p class=\"p1\">Selve stationen er normalt en lille bygning udstyret med computere og andet udstyr. I nogle tilf\u00e6lde er stationen en del af et st\u00f8rre vejrobservatorium.<\/p>","protected":false},"excerpt":{"rendered":"<p>Weather radar live &#8211; Current Weather Conditions Whether you&#8217;re at work, school or shopping, the weather is a topic of conversation that interests us all. But how do you really know what the weather will be like? It\u2019s quite simple: with the help of a weather radar! But what exactly is this radar and how&hellip;&nbsp;<a href=\"https:\/\/weather-radar24.com\/da\/\" rel=\"bookmark\">Read More &raquo;<span class=\"screen-reader-text\">Vejrradar<\/span><\/a><\/p>","protected":false},"author":1,"featured_media":18,"parent":0,"menu_order":0,"comment_status":"closed","ping_status":"closed","template":"","meta":{"neve_meta_sidebar":"","neve_meta_container":"","neve_meta_enable_content_width":"off","neve_meta_content_width":100,"neve_meta_title_alignment":"","neve_meta_author_avatar":"","neve_post_elements_order":"","neve_meta_disable_header":"","neve_meta_disable_footer":"","neve_meta_disable_title":"on","neve_meta_reading_time":"","footnotes":""},"class_list":["post-40","page","type-page","status-publish","has-post-thumbnail","hentry"],"yoast_head":"<!-- This site is optimized with the Yoast SEO plugin v27.3 - https:\/\/yoast.com\/product\/yoast-seo-wordpress\/ -->\n<title>Weather radar live - Current Weather Conditions Map<\/title>\n<meta name=\"description\" content=\"Track the current weather conditions in real time with our weather radar! The weather map shows the forecast for rain, clouds and snowfall\" \/>\n<meta name=\"robots\" content=\"index, follow, max-snippet:-1, max-image-preview:large, max-video-preview:-1\" \/>\n<link rel=\"canonical\" href=\"https:\/\/weather-radar24.com\/da\/\" \/>\n<meta property=\"og:locale\" content=\"da_DK\" \/>\n<meta property=\"og:type\" content=\"article\" \/>\n<meta property=\"og:title\" content=\"Weather radar live - Current Weather Conditions Map\" \/>\n<meta property=\"og:description\" content=\"Track the current weather conditions in real time with our weather radar! The weather map shows the forecast for rain, clouds and snowfall\" \/>\n<meta property=\"og:url\" content=\"https:\/\/weather-radar24.com\/da\/\" \/>\n<meta property=\"article:modified_time\" content=\"2026-04-11T11:01:50+00:00\" \/>\n<meta property=\"og:image\" content=\"https:\/\/weather-radar24.com\/wp-content\/uploads\/2022\/08\/weather-radar24.org_.png\" \/>\n\t<meta property=\"og:image:width\" content=\"500\" \/>\n\t<meta property=\"og:image:height\" content=\"500\" \/>\n\t<meta property=\"og:image:type\" content=\"image\/png\" \/>\n<meta name=\"twitter:card\" content=\"summary_large_image\" \/>\n<meta name=\"twitter:label1\" content=\"Estimeret l\u00e6setid\" \/>\n\t<meta name=\"twitter:data1\" content=\"6 minutter\" \/>\n<script type=\"application\/ld+json\" class=\"yoast-schema-graph\">{\"@context\":\"https:\\\/\\\/schema.org\",\"@graph\":[{\"@type\":\"WebPage\",\"@id\":\"https:\\\/\\\/weather-radar24.com\\\/\",\"url\":\"https:\\\/\\\/weather-radar24.com\\\/\",\"name\":\"Weather radar live - Current Weather Conditions Map\",\"isPartOf\":{\"@id\":\"https:\\\/\\\/weather-radar24.com\\\/#website\"},\"primaryImageOfPage\":{\"@id\":\"https:\\\/\\\/weather-radar24.com\\\/#primaryimage\"},\"image\":{\"@id\":\"https:\\\/\\\/weather-radar24.com\\\/#primaryimage\"},\"thumbnailUrl\":\"https:\\\/\\\/weather-radar24.com\\\/wp-content\\\/uploads\\\/2022\\\/08\\\/weather-radar24.org_.png\",\"datePublished\":\"2022-08-17T19:13:54+00:00\",\"dateModified\":\"2026-04-11T11:01:50+00:00\",\"description\":\"Track the current weather conditions in real time with our weather radar! The weather map shows the forecast for rain, clouds and snowfall\",\"breadcrumb\":{\"@id\":\"https:\\\/\\\/weather-radar24.com\\\/#breadcrumb\"},\"inLanguage\":\"da-DK\",\"potentialAction\":[{\"@type\":\"ReadAction\",\"target\":[\"https:\\\/\\\/weather-radar24.com\\\/\"]}]},{\"@type\":\"ImageObject\",\"inLanguage\":\"da-DK\",\"@id\":\"https:\\\/\\\/weather-radar24.com\\\/#primaryimage\",\"url\":\"https:\\\/\\\/weather-radar24.com\\\/wp-content\\\/uploads\\\/2022\\\/08\\\/weather-radar24.org_.png\",\"contentUrl\":\"https:\\\/\\\/weather-radar24.com\\\/wp-content\\\/uploads\\\/2022\\\/08\\\/weather-radar24.org_.png\",\"width\":500,\"height\":500,\"caption\":\"Weather radar\"},{\"@type\":\"BreadcrumbList\",\"@id\":\"https:\\\/\\\/weather-radar24.com\\\/#breadcrumb\",\"itemListElement\":[{\"@type\":\"ListItem\",\"position\":1,\"name\":\"Startseite\",\"item\":\"https:\\\/\\\/weather-radar24.com\\\/\"},{\"@type\":\"ListItem\",\"position\":2,\"name\":\"Weather radar\"}]},{\"@type\":\"WebSite\",\"@id\":\"https:\\\/\\\/weather-radar24.com\\\/#website\",\"url\":\"https:\\\/\\\/weather-radar24.com\\\/\",\"name\":\"\",\"description\":\"\",\"potentialAction\":[{\"@type\":\"SearchAction\",\"target\":{\"@type\":\"EntryPoint\",\"urlTemplate\":\"https:\\\/\\\/weather-radar24.com\\\/?s={search_term_string}\"},\"query-input\":{\"@type\":\"PropertyValueSpecification\",\"valueRequired\":true,\"valueName\":\"search_term_string\"}}],\"inLanguage\":\"da-DK\"}]}<\/script>\n<!-- \/ Yoast SEO plugin. -->","yoast_head_json":{"title":"Vejrradar live - Kort over aktuelle vejrforhold","description":"Spor de aktuelle vejrforhold i realtid med vores vejrradar! Vejrkortet viser vejrudsigten for regn, skyer og snefald","robots":{"index":"index","follow":"follow","max-snippet":"max-snippet:-1","max-image-preview":"max-image-preview:large","max-video-preview":"max-video-preview:-1"},"canonical":"https:\/\/weather-radar24.com\/da\/","og_locale":"da_DK","og_type":"article","og_title":"Weather radar live - Current Weather Conditions Map","og_description":"Track the current weather conditions in real time with our weather radar! The weather map shows the forecast for rain, clouds and snowfall","og_url":"https:\/\/weather-radar24.com\/da\/","article_modified_time":"2026-04-11T11:01:50+00:00","og_image":[{"width":500,"height":500,"url":"https:\/\/weather-radar24.com\/wp-content\/uploads\/2022\/08\/weather-radar24.org_.png","type":"image\/png"}],"twitter_card":"summary_large_image","twitter_misc":{"Estimeret l\u00e6setid":"6 minutter"},"schema":{"@context":"https:\/\/schema.org","@graph":[{"@type":"WebPage","@id":"https:\/\/weather-radar24.com\/","url":"https:\/\/weather-radar24.com\/","name":"Vejrradar live - Kort over aktuelle vejrforhold","isPartOf":{"@id":"https:\/\/weather-radar24.com\/#website"},"primaryImageOfPage":{"@id":"https:\/\/weather-radar24.com\/#primaryimage"},"image":{"@id":"https:\/\/weather-radar24.com\/#primaryimage"},"thumbnailUrl":"https:\/\/weather-radar24.com\/wp-content\/uploads\/2022\/08\/weather-radar24.org_.png","datePublished":"2022-08-17T19:13:54+00:00","dateModified":"2026-04-11T11:01:50+00:00","description":"Spor de aktuelle vejrforhold i realtid med vores vejrradar! Vejrkortet viser vejrudsigten for regn, skyer og snefald","breadcrumb":{"@id":"https:\/\/weather-radar24.com\/#breadcrumb"},"inLanguage":"da-DK","potentialAction":[{"@type":"ReadAction","target":["https:\/\/weather-radar24.com\/"]}]},{"@type":"ImageObject","inLanguage":"da-DK","@id":"https:\/\/weather-radar24.com\/#primaryimage","url":"https:\/\/weather-radar24.com\/wp-content\/uploads\/2022\/08\/weather-radar24.org_.png","contentUrl":"https:\/\/weather-radar24.com\/wp-content\/uploads\/2022\/08\/weather-radar24.org_.png","width":500,"height":500,"caption":"Weather radar"},{"@type":"BreadcrumbList","@id":"https:\/\/weather-radar24.com\/#breadcrumb","itemListElement":[{"@type":"ListItem","position":1,"name":"Startseite","item":"https:\/\/weather-radar24.com\/"},{"@type":"ListItem","position":2,"name":"Weather radar"}]},{"@type":"WebSite","@id":"https:\/\/weather-radar24.com\/#website","url":"https:\/\/weather-radar24.com\/","name":"","description":"","potentialAction":[{"@type":"SearchAction","target":{"@type":"EntryPoint","urlTemplate":"https:\/\/weather-radar24.com\/?s={search_term_string}"},"query-input":{"@type":"PropertyValueSpecification","valueRequired":true,"valueName":"search_term_string"}}],"inLanguage":"da-DK"}]}},"_links":{"self":[{"href":"https:\/\/weather-radar24.com\/da\/wp-json\/wp\/v2\/pages\/40","targetHints":{"allow":["GET"]}}],"collection":[{"href":"https:\/\/weather-radar24.com\/da\/wp-json\/wp\/v2\/pages"}],"about":[{"href":"https:\/\/weather-radar24.com\/da\/wp-json\/wp\/v2\/types\/page"}],"author":[{"embeddable":true,"href":"https:\/\/weather-radar24.com\/da\/wp-json\/wp\/v2\/users\/1"}],"replies":[{"embeddable":true,"href":"https:\/\/weather-radar24.com\/da\/wp-json\/wp\/v2\/comments?post=40"}],"version-history":[{"count":10,"href":"https:\/\/weather-radar24.com\/da\/wp-json\/wp\/v2\/pages\/40\/revisions"}],"predecessor-version":[{"id":1034,"href":"https:\/\/weather-radar24.com\/da\/wp-json\/wp\/v2\/pages\/40\/revisions\/1034"}],"wp:featuredmedia":[{"embeddable":true,"href":"https:\/\/weather-radar24.com\/da\/wp-json\/wp\/v2\/media\/18"}],"wp:attachment":[{"href":"https:\/\/weather-radar24.com\/da\/wp-json\/wp\/v2\/media?parent=40"}],"curies":[{"name":"wp","href":"https:\/\/api.w.org\/{rel}","templated":true}]}}