{"id":42,"date":"2022-08-17T21:14:33","date_gmt":"2022-08-17T19:14:33","guid":{"rendered":"https:\/\/weather-radar24.com\/?page_id=42"},"modified":"2026-04-11T13:11:34","modified_gmt":"2026-04-11T11:11:34","slug":"cloud-cover-map","status":"publish","type":"page","link":"https:\/\/weather-radar24.com\/da\/sky-cover-kort\/","title":{"rendered":"Skyd\u00e6kke kort"},"content":{"rendered":"<h1>Skyd\u00e6kkekort \u2013 aktuel skyudsigt og skyforudsigelse<\/h1>\n<p>Skyd\u00e6kkekort er et vigtigt v\u00e6rkt\u00f8j til at forudsige vejret. Det kan hj\u00e6lpe dig med at spore skyernes bev\u00e6gelser og se, hvordan vejret udvikler sig. S\u00e5dan l\u00e6ser og fortolker du et skyd\u00e6kkekort.<\/p>\n<div id=\"windy-clouds-box\" style=\"max-width:1300px;margin:20px auto;padding:24px;border:1px solid #dcdcdc;border-radius:12px;background:#f8fafc;text-align:center;font-family:Arial,sans-serif;\">\n<h3 style=\"margin:0 0 10px 0;font-size:24px;color:#1f2937;\">Clouds Map<\/h3>\n<p style=\"margin:0 0 18px 0;font-size:16px;line-height:1.5;color:#4b5563;\">\n    Click the button below to load the live clouds map from Windy.com.\n  <\/p>\n<p>  <button onclick=\"loadWindyClouds()\" style=\"background:#2563eb;color:#ffffff;border:none;padding:14px 24px;font-size:16px;font-weight:600;border-radius:8px;cursor:pointer;\"><br \/>\n    Load Clouds Map<br \/>\n  <\/button><\/p>\n<p style=\"margin:14px 0 0 0;font-size:13px;color:#6b7280;\">\n    External content will be loaded from Windy.com after clicking.\n  <\/p>\n<\/div>\n<p><script>\nfunction loadWindyClouds() {\n  document.getElementById('windy-clouds-box').innerHTML =\n    '<iframe loading=\"lazy\" src=\"https:\/\/embed.windy.com\/embed2.html?lat=39.606&#038;lon=-97.031&#038;detailLat=49.142&#038;detailLon=9.223&#038;width=1300&#038;height=600&#038;zoom=5&#038;level=surface&#038;overlay=clouds&#038;product=ecmwf&#038;menu=&#038;message=true&#038;marker=&#038;calendar=now&#038;pressure=&#038;type=map&#038;location=coordinates&#038;detail=&#038;metricWind=default&#038;metricTemp=default&#038;radarRange=-1\" width=\"100%\" height=\"600\" frameborder=\"0\" style=\"border:0;border-radius:12px;\"><\/iframe>';\n}\n<\/script><\/p>\n<h2 class=\"p1\">Hvordan l\u00e6ser man skyd\u00e6kskortet?<\/h2>\n<p class=\"p1\">For det f\u00f8rste skal du vide, at skyd\u00e6kkekortet kun viser skyernes bev\u00e6gelse, ikke regn eller sne. Dette er vigtigt at bem\u00e6rke, fordi <a href=\"https:\/\/weather-radar24.com\/da\/regn-radar\/\">regn<\/a> og <a href=\"https:\/\/weather-radar24.com\/da\/snedaekke-kort\/\">snefald<\/a> er normalt langsommere end skybev\u00e6gelser. Derfor kan du muligvis se bev\u00e6gelser p\u00e5 kortet, men du kan ikke forvente regn eller sne. Hvis du ser bev\u00e6gelse p\u00e5 kortet, betyder det, at skyerne bev\u00e6ger sig i den retning.<\/p>\n<p class=\"p1\">Skyernes bev\u00e6gelse i l\u00f8bet af den sidste time kan afspilles med afspilningsknappen. Farverne p\u00e5 kortet angiver, hvor kraftig bev\u00e6gelsen er. Jo st\u00e6rkere bev\u00e6gelsen er, jo m\u00f8rkere er farven. Hvis du ser en m\u00f8rk farve p\u00e5 radaren, betyder det, at skyerne bev\u00e6ger sig meget hurtigt i den retning. Dette er ofte et tegn p\u00e5 d\u00e5rligt vejr. Men hvis du kun ser en lille bev\u00e6gelse, betyder det normalt, at vejret er godt eller ikke vil \u00e6ndre sig meget.<\/p>\n<p class=\"p1\">Hvis du ser flere farver p\u00e5 <a href=\"https:\/\/weather-radar24.com\/da\/\">vejrradar<\/a>, det betyder, at skyerne bev\u00e6ger sig i forskellige retninger. Dette er normalt en indikation af ustadigt vejr. Hvis du ikke ser nogen bev\u00e6gelse p\u00e5 radaren, betyder det normalt, at vejret ikke \u00e6ndrer sig.<\/p>\n<h2 class=\"p1\">Hvordan fungerer skyd\u00e6kskortet?<\/h2>\n<p class=\"p1\">Skyer best\u00e5r af vanddamp eller is. De fleste skyer dannes, n\u00e5r varm luft stiger. N\u00e5r denne luft m\u00f8der kold luft, kondenserer vanddampen, og der dannes skyer. Skyd\u00e6kkekort fungerer ved at spore skyernes bev\u00e6gelser. Radar bruges til at sende b\u00f8lger ud og modtage de reflekterede b\u00f8lger.<\/p>\n<p class=\"p1\">Afh\u00e6ngigt af om b\u00f8lgerne reflekteres fra en fast eller flydende overflade, kan man se, om der er skyer der. S\u00e5 hvad skyradar viser, er skyernes bev\u00e6gelser.<\/p>\n<h3 class=\"p1\">Hvem bruger et skyd\u00e6kkekort?<\/h3>\n<p class=\"p1\">Et skyd\u00e6kkekort er et vejrinformationssystem, der giver regelm\u00e6ssigt opdaterede afl\u00e6sninger af skyer og deres bev\u00e6gelser. Den kan tilg\u00e5s online eller som app og er velegnet til forskellige m\u00e5lgrupper s\u00e5som vejrentusiaster, amat\u00f8rmeteorologer, piloter, sejlere og windsurfere. Skyd\u00e6kkekort er et af de mest popul\u00e6re vejrinformationssystemer og har et stort antal brugere.<\/p>\n<h3 class=\"p1\">Hvordan dannes skyer?<\/h3>\n<p class=\"p1\">Skyer er faktisk ikke andet end fugtig luft. Men det er ikke s\u00e5dan, at skyer simpelthen <a href=\"https:\/\/www.fortworthtexas.gov\/departments\/water\/sdw\/water-made#:~:text=A%20water%20molecule%20has%20three,sometimes%20referred%20to%20as%20H2O.\" target=\"_blank\" rel=\"noopener\">best\u00e5 af vand<\/a> damp, der slipper ud i atmosf\u00e6ren. Snarere dannes skyer, fordi solen opvarmer den fugtige luft. N\u00e5r jorden afk\u00f8les, kondenserer vanddampen og danner t\u00e5ge.<\/p>\n<h3 class=\"p1\">Hvordan ser regnskyer ud?<\/h3>\n<p class=\"p1\">Det er egentlig ganske enkelt: Skyer er ikke andet end luft, der r\u00f8res op. De kan se meget forskellige ud. Regnskyer er for eksempel normalt m\u00f8rke og t\u00e6tte, fordi de indeholder mange vanddr\u00e5ber. Sneskyer ser derimod normalt hvide og luftige ud, fordi de indeholder mange iskrystaller.<\/p>\n<h3 class=\"p1\">Hvilke skyer er farlige?<\/h3>\n<p class=\"p1\">Cumulusskyer er den mest almindelige type sky og er normalt harml\u00f8se. De ligner bl\u00f8de hvide kugler og er ofte et tegn p\u00e5 godt vejr. De kan dog ogs\u00e5 varsle tordenvejr, hvis de bliver for store og t\u00e6tte. Nimbus-skyer er de farligste skyer, fordi de er forbundet med regn, sne eller hagl. De ligner tykke gr\u00e5 eller sorte cumulusskyer og kan g\u00e5 forud for ekstreme vejrforhold.<\/p>","protected":false},"excerpt":{"rendered":"<p>Cloud cover map &#8211; current cloud forecast &amp; cloud prediction Cloud cover map is an important tool for predicting the weather. It can help you track the movement of clouds and see how the weather is developing. Here&#8217;s how to read and interpret a cloud cover map. Clouds Map Click the button below to load&hellip;&nbsp;<a href=\"https:\/\/weather-radar24.com\/da\/sky-cover-kort\/\" rel=\"bookmark\">Read More &raquo;<span class=\"screen-reader-text\">Skyd\u00e6kke kort<\/span><\/a><\/p>","protected":false},"author":1,"featured_media":113,"parent":0,"menu_order":0,"comment_status":"closed","ping_status":"closed","template":"","meta":{"neve_meta_sidebar":"","neve_meta_container":"","neve_meta_enable_content_width":"off","neve_meta_content_width":100,"neve_meta_title_alignment":"","neve_meta_author_avatar":"","neve_post_elements_order":"","neve_meta_disable_header":"","neve_meta_disable_footer":"","neve_meta_disable_title":"on","neve_meta_reading_time":"","footnotes":""},"class_list":["post-42","page","type-page","status-publish","has-post-thumbnail","hentry"],"yoast_head":"<!-- This site is optimized with the Yoast SEO plugin v27.3 - https:\/\/yoast.com\/product\/yoast-seo-wordpress\/ -->\n<title>Cloud cover map - current cloud forecast &amp; cloud prediction<\/title>\n<meta name=\"description\" content=\"Follow the current cloud forecast Worldwide with our cloud radar. Current satellite images show the cloud forecast\" \/>\n<meta name=\"robots\" content=\"index, follow, max-snippet:-1, max-image-preview:large, max-video-preview:-1\" \/>\n<link rel=\"canonical\" href=\"https:\/\/weather-radar24.com\/da\/sky-cover-kort\/\" \/>\n<meta property=\"og:locale\" content=\"da_DK\" \/>\n<meta property=\"og:type\" content=\"article\" \/>\n<meta property=\"og:title\" content=\"Cloud cover map - current cloud forecast &amp; cloud prediction\" \/>\n<meta property=\"og:description\" content=\"Follow the current cloud forecast Worldwide with our cloud radar. Current satellite images show the cloud forecast\" \/>\n<meta property=\"og:url\" content=\"https:\/\/weather-radar24.com\/da\/sky-cover-kort\/\" \/>\n<meta property=\"article:modified_time\" content=\"2026-04-11T11:11:34+00:00\" \/>\n<meta property=\"og:image\" content=\"https:\/\/weather-radar24.com\/wp-content\/uploads\/2022\/08\/Bildschirmfoto-2022-08-18-um-13.15.21.png\" \/>\n\t<meta property=\"og:image:width\" content=\"363\" \/>\n\t<meta property=\"og:image:height\" content=\"277\" \/>\n\t<meta property=\"og:image:type\" content=\"image\/png\" \/>\n<meta name=\"twitter:card\" content=\"summary_large_image\" \/>\n<meta name=\"twitter:label1\" content=\"Estimeret l\u00e6setid\" \/>\n\t<meta name=\"twitter:data1\" content=\"3 minutter\" \/>\n<script type=\"application\/ld+json\" class=\"yoast-schema-graph\">{\"@context\":\"https:\\\/\\\/schema.org\",\"@graph\":[{\"@type\":\"WebPage\",\"@id\":\"https:\\\/\\\/weather-radar24.com\\\/cloud-cover-map\\\/\",\"url\":\"https:\\\/\\\/weather-radar24.com\\\/cloud-cover-map\\\/\",\"name\":\"Cloud cover map - current cloud forecast & cloud prediction\",\"isPartOf\":{\"@id\":\"https:\\\/\\\/weather-radar24.com\\\/#website\"},\"primaryImageOfPage\":{\"@id\":\"https:\\\/\\\/weather-radar24.com\\\/cloud-cover-map\\\/#primaryimage\"},\"image\":{\"@id\":\"https:\\\/\\\/weather-radar24.com\\\/cloud-cover-map\\\/#primaryimage\"},\"thumbnailUrl\":\"https:\\\/\\\/weather-radar24.com\\\/wp-content\\\/uploads\\\/2022\\\/08\\\/Bildschirmfoto-2022-08-18-um-13.15.21.png\",\"datePublished\":\"2022-08-17T19:14:33+00:00\",\"dateModified\":\"2026-04-11T11:11:34+00:00\",\"description\":\"Follow the current cloud forecast Worldwide with our cloud radar. Current satellite images show the cloud forecast\",\"breadcrumb\":{\"@id\":\"https:\\\/\\\/weather-radar24.com\\\/cloud-cover-map\\\/#breadcrumb\"},\"inLanguage\":\"da-DK\",\"potentialAction\":[{\"@type\":\"ReadAction\",\"target\":[\"https:\\\/\\\/weather-radar24.com\\\/cloud-cover-map\\\/\"]}]},{\"@type\":\"ImageObject\",\"inLanguage\":\"da-DK\",\"@id\":\"https:\\\/\\\/weather-radar24.com\\\/cloud-cover-map\\\/#primaryimage\",\"url\":\"https:\\\/\\\/weather-radar24.com\\\/wp-content\\\/uploads\\\/2022\\\/08\\\/Bildschirmfoto-2022-08-18-um-13.15.21.png\",\"contentUrl\":\"https:\\\/\\\/weather-radar24.com\\\/wp-content\\\/uploads\\\/2022\\\/08\\\/Bildschirmfoto-2022-08-18-um-13.15.21.png\",\"width\":363,\"height\":277,\"caption\":\"Cloud cover map\"},{\"@type\":\"BreadcrumbList\",\"@id\":\"https:\\\/\\\/weather-radar24.com\\\/cloud-cover-map\\\/#breadcrumb\",\"itemListElement\":[{\"@type\":\"ListItem\",\"position\":1,\"name\":\"Startseite\",\"item\":\"https:\\\/\\\/weather-radar24.com\\\/\"},{\"@type\":\"ListItem\",\"position\":2,\"name\":\"Cloud cover map\"}]},{\"@type\":\"WebSite\",\"@id\":\"https:\\\/\\\/weather-radar24.com\\\/#website\",\"url\":\"https:\\\/\\\/weather-radar24.com\\\/\",\"name\":\"\",\"description\":\"\",\"potentialAction\":[{\"@type\":\"SearchAction\",\"target\":{\"@type\":\"EntryPoint\",\"urlTemplate\":\"https:\\\/\\\/weather-radar24.com\\\/?s={search_term_string}\"},\"query-input\":{\"@type\":\"PropertyValueSpecification\",\"valueRequired\":true,\"valueName\":\"search_term_string\"}}],\"inLanguage\":\"da-DK\"}]}<\/script>\n<!-- \/ Yoast SEO plugin. -->","yoast_head_json":{"title":"Skyd\u00e6kkekort - aktuel skyudsigt og skyforudsigelse","description":"F\u00f8lg den aktuelle skyudsigt p\u00e5 verdensplan med vores skyradar. Aktuelle satellitbilleder viser skyprognosen","robots":{"index":"index","follow":"follow","max-snippet":"max-snippet:-1","max-image-preview":"max-image-preview:large","max-video-preview":"max-video-preview:-1"},"canonical":"https:\/\/weather-radar24.com\/da\/sky-cover-kort\/","og_locale":"da_DK","og_type":"article","og_title":"Cloud cover map - current cloud forecast & cloud prediction","og_description":"Follow the current cloud forecast Worldwide with our cloud radar. Current satellite images show the cloud forecast","og_url":"https:\/\/weather-radar24.com\/da\/sky-cover-kort\/","article_modified_time":"2026-04-11T11:11:34+00:00","og_image":[{"width":363,"height":277,"url":"https:\/\/weather-radar24.com\/wp-content\/uploads\/2022\/08\/Bildschirmfoto-2022-08-18-um-13.15.21.png","type":"image\/png"}],"twitter_card":"summary_large_image","twitter_misc":{"Estimeret l\u00e6setid":"3 minutter"},"schema":{"@context":"https:\/\/schema.org","@graph":[{"@type":"WebPage","@id":"https:\/\/weather-radar24.com\/cloud-cover-map\/","url":"https:\/\/weather-radar24.com\/cloud-cover-map\/","name":"Skyd\u00e6kkekort - aktuel skyudsigt og skyforudsigelse","isPartOf":{"@id":"https:\/\/weather-radar24.com\/#website"},"primaryImageOfPage":{"@id":"https:\/\/weather-radar24.com\/cloud-cover-map\/#primaryimage"},"image":{"@id":"https:\/\/weather-radar24.com\/cloud-cover-map\/#primaryimage"},"thumbnailUrl":"https:\/\/weather-radar24.com\/wp-content\/uploads\/2022\/08\/Bildschirmfoto-2022-08-18-um-13.15.21.png","datePublished":"2022-08-17T19:14:33+00:00","dateModified":"2026-04-11T11:11:34+00:00","description":"F\u00f8lg den aktuelle skyudsigt p\u00e5 verdensplan med vores skyradar. Aktuelle satellitbilleder viser skyprognosen","breadcrumb":{"@id":"https:\/\/weather-radar24.com\/cloud-cover-map\/#breadcrumb"},"inLanguage":"da-DK","potentialAction":[{"@type":"ReadAction","target":["https:\/\/weather-radar24.com\/cloud-cover-map\/"]}]},{"@type":"ImageObject","inLanguage":"da-DK","@id":"https:\/\/weather-radar24.com\/cloud-cover-map\/#primaryimage","url":"https:\/\/weather-radar24.com\/wp-content\/uploads\/2022\/08\/Bildschirmfoto-2022-08-18-um-13.15.21.png","contentUrl":"https:\/\/weather-radar24.com\/wp-content\/uploads\/2022\/08\/Bildschirmfoto-2022-08-18-um-13.15.21.png","width":363,"height":277,"caption":"Cloud cover map"},{"@type":"BreadcrumbList","@id":"https:\/\/weather-radar24.com\/cloud-cover-map\/#breadcrumb","itemListElement":[{"@type":"ListItem","position":1,"name":"Startseite","item":"https:\/\/weather-radar24.com\/"},{"@type":"ListItem","position":2,"name":"Cloud cover map"}]},{"@type":"WebSite","@id":"https:\/\/weather-radar24.com\/#website","url":"https:\/\/weather-radar24.com\/","name":"","description":"","potentialAction":[{"@type":"SearchAction","target":{"@type":"EntryPoint","urlTemplate":"https:\/\/weather-radar24.com\/?s={search_term_string}"},"query-input":{"@type":"PropertyValueSpecification","valueRequired":true,"valueName":"search_term_string"}}],"inLanguage":"da-DK"}]}},"_links":{"self":[{"href":"https:\/\/weather-radar24.com\/da\/wp-json\/wp\/v2\/pages\/42","targetHints":{"allow":["GET"]}}],"collection":[{"href":"https:\/\/weather-radar24.com\/da\/wp-json\/wp\/v2\/pages"}],"about":[{"href":"https:\/\/weather-radar24.com\/da\/wp-json\/wp\/v2\/types\/page"}],"author":[{"embeddable":true,"href":"https:\/\/weather-radar24.com\/da\/wp-json\/wp\/v2\/users\/1"}],"replies":[{"embeddable":true,"href":"https:\/\/weather-radar24.com\/da\/wp-json\/wp\/v2\/comments?post=42"}],"version-history":[{"count":7,"href":"https:\/\/weather-radar24.com\/da\/wp-json\/wp\/v2\/pages\/42\/revisions"}],"predecessor-version":[{"id":114,"href":"https:\/\/weather-radar24.com\/da\/wp-json\/wp\/v2\/pages\/42\/revisions\/114"}],"wp:featuredmedia":[{"embeddable":true,"href":"https:\/\/weather-radar24.com\/da\/wp-json\/wp\/v2\/media\/113"}],"wp:attachment":[{"href":"https:\/\/weather-radar24.com\/da\/wp-json\/wp\/v2\/media?parent=42"}],"curies":[{"name":"wp","href":"https:\/\/api.w.org\/{rel}","templated":true}]}}