{"id":44,"date":"2022-08-17T21:14:51","date_gmt":"2022-08-17T19:14:51","guid":{"rendered":"https:\/\/weather-radar24.com\/?page_id=44"},"modified":"2026-04-11T13:13:09","modified_gmt":"2026-04-11T11:13:09","slug":"storm-radar","status":"publish","type":"page","link":"https:\/\/weather-radar24.com\/da\/storm-radar\/","title":{"rendered":"Storm radar"},"content":{"rendered":"<h1>Stormradar \u2013 aktuel prognose for h\u00e5rdt vejr<\/h1>\n<p>Hvad kunne v\u00e6re bedre end at sidde udenfor og nyde solskinnet, n\u00e5r vejret er godt? Vejret er desv\u00e6rre ikke altid s\u00e5 godt. Uvejrsradaren er et vigtigt v\u00e6rkt\u00f8j til at advare om d\u00e5rligt vejr. Men hvad er den h\u00e5rde vejrradar egentlig, og hvordan fungerer den?<\/p>\n<div id=\"windy-alerts-box\" style=\"max-width:1300px;margin:20px auto;padding:24px;border:1px solid #dcdcdc;border-radius:12px;background:#f8fafc;text-align:center;font-family:Arial,sans-serif;\">\n<h3 style=\"margin:0 0 10px 0;font-size:24px;color:#1f2937;\">Weather Alerts Map<\/h3>\n<p style=\"margin:0 0 18px 0;font-size:16px;line-height:1.5;color:#4b5563;\">\n    Click the button below to load active weather alerts from Windy.com.\n  <\/p>\n<p>  <button onclick=\"loadWindyAlerts()\" style=\"background:#dc2626;color:#ffffff;border:none;padding:14px 24px;font-size:16px;font-weight:600;border-radius:8px;cursor:pointer;\"><br \/>\n    Load Weather Alerts<br \/>\n  <\/button><\/p>\n<p style=\"margin:14px 0 0 0;font-size:13px;color:#6b7280;\">\n    External content will be loaded from Windy.com after clicking.\n  <\/p>\n<\/div>\n<p><script>\nfunction loadWindyAlerts() {\n  document.getElementById('windy-alerts-box').innerHTML =\n    '<iframe loading=\"lazy\" src=\"https:\/\/embed.windy.com\/embed2.html?lat=39.606&#038;lon=-97.031&#038;detailLat=49.142&#038;detailLon=9.223&#038;width=1300&#038;height=600&#038;zoom=5&#038;level=surface&#038;overlay=capAlerts&#038;product=capAlerts&#038;menu=&#038;message=true&#038;marker=&#038;calendar=now&#038;pressure=&#038;type=map&#038;location=coordinates&#038;detail=&#038;metricWind=default&#038;metricTemp=default&#038;radarRange=-1\" width=\"100%\" height=\"600\" frameborder=\"0\" style=\"border:0;border-radius:12px;\"><\/iframe>';\n}\n<\/script><\/p>\n<h2 class=\"p1\">S\u00e5dan l\u00e6ser du Storm-radaren<\/h2>\n<p class=\"p1\">F\u00f8rst og fremmest skal du vide, at Storm-radaren kun er et \u00f8jebliksbillede af vejret. Det siger ikke noget om fremtiden. Det betyder, at du altid b\u00f8r se p\u00e5 radaren for h\u00e5rdt vejr sammen med andre vejrdata for at f\u00e5 det mest n\u00f8jagtige billede.<\/p>\n<p class=\"p1\">N\u00e5r man ser p\u00e5 Storm-radaren, ser man som regel et par forskellige farver. Disse indikerer, hvor kraftig nedb\u00f8ren er lige nu. Jo kraftigere nedb\u00f8r, jo m\u00f8rkere farve. De forskellige farver siger dog intet om typen af nedb\u00f8r. S\u00e5 det kan b\u00e5de v\u00e6re regn og sne eller hagl. Det skal ogs\u00e5 bem\u00e6rkes, at radaren kun viser nedb\u00f8r, der stiger op fra jorden. S\u00e5 hvis der ikke falder nedb\u00f8r p\u00e5 jorden, vil du ikke se det p\u00e5 h\u00e5rdvejsradaren. Det betyder dog ikke n\u00f8dvendigvis, at der ikke er nedb\u00f8r!<\/p>\n<p class=\"p1\">Ofte er der omr\u00e5der, hvor det regner eller sner, men det <a href=\"https:\/\/weather-radar24.com\/da\/regn-radar\/\">regn<\/a> eller sne fordamper, f\u00f8r den n\u00e5r jorden. I dette tilf\u00e6lde er alt, hvad du ser p\u00e5 radaren, et lyspunkt. S\u00e5 n\u00e5r du ser p\u00e5 radaren for h\u00e5rdt vejr, skal du altid huske p\u00e5, at det kun er et \u00f8jebliksbillede og b\u00f8r overvejes i sammenh\u00e6ng med andre vejrdata.<\/p>\n<h3>Satellit storm radar<\/h3>\n<p>Her kan du se storme fra rummet.<\/p>\n<p><em><img decoding=\"async\" src=\"https:\/\/s.w-x.co\/staticmaps\/ussat_1280x720.jpg\" \/><\/em><\/p>\n<h3 class=\"p1\">Hvordan opst\u00e5r en storm?<\/h3>\n<p class=\"p1\">En storm er et vejrf\u00e6nomen, der skabes af en kombination af kraftig vind og nedb\u00f8r. Det <a href=\"https:\/\/weather-radar24.com\/da\/vind-radar\/\">vind<\/a> hastighed i en storm kan n\u00e5 <a href=\"https:\/\/weather-radar24.com\/da\/orkan-tracker\/\">orkan<\/a> kraft og m\u00e6ngden af nedb\u00f8r kan v\u00e6re meget h\u00f8j. Disse to faktorer sikrer, at en storm kan v\u00e6re meget farlig. Hvordan opst\u00e5r en storm helt pr\u00e6cist?<\/p>\n<p class=\"p1\">Svaret er ikke s\u00e6rlig enkelt, da der er forskellige typer storme. Nogle storme dannes, n\u00e5r kold luft fra polaromr\u00e5derne str\u00f8mmer mod syd og rammer varm luft. Denne type storm kaldes en depression. Andre storme dannes, n\u00e5r varm luft fra troperne str\u00f8mmer mod nord og rammer kold luft. Denne type storm kaldes et h\u00f8jtryksomr\u00e5de. I begge tilf\u00e6lde komprimeres luften, hvilket resulterer i kraftigere vind.<\/p>\n<p class=\"p1\">Nedb\u00f8r opst\u00e5r, n\u00e5r komprimeringen af luften f\u00f8rer til en stigning i fugtigheden, som til sidst falder i form af regn eller <a href=\"https:\/\/weather-radar24.com\/da\/snedaekke-kort\/\">sne<\/a>. <a href=\"https:\/\/www.nssl.noaa.gov\/education\/svrwx101\/thunderstorms\/faq\/\" target=\"_blank\" rel=\"noopener\">Storme kan v\u00e6re meget farlige<\/a> og skal altid tages alvorligt. Hvis du bor i et omr\u00e5de, hvor storme er almindelige, b\u00f8r du v\u00e6re opm\u00e6rksom p\u00e5 de bedste foranstaltninger, du kan tage for at beskytte dig selv og din familie.<\/p>\n<h3 class=\"p1\">Hvad betyder stormvarsel?<\/h3>\n<p class=\"p1\">Stormadvarsler udsendes af vejrtjenesten for at advare offentligheden om en forest\u00e5ende storm. Stormadvarsler udsendes, n\u00e5r der forventes en storm med vindhastigheder p\u00e5 mindst 62,14 mph (Bft 9) eller kraftige vindst\u00f8d. Stormadvarsler er normalt gyldige i en periode p\u00e5 3 til 6 timer. Stormadvarsler udsendes normalt ikke om natten eller tidligt om morgenen, fordi det er her, de fleste mennesker sover.<\/p>\n<h3 class=\"p1\">Hvad er det h\u00f8jeste advarselsniveau for storm?<\/h3>\n<p class=\"p1\">Der er fire advarselsniveauer for h\u00e5rdt vejr. Det h\u00f8jeste niveau er advarselsniveau 5, efterfulgt af advarselsniveau 4, 3, 2 og 1. Varslingsniveauer er fastsat af vejrtjenesten og er baseret p\u00e5 forskellige kriterier, s\u00e5som stormens intensitet og varighed, skadens omfang og forventede trafikforstyrrelser<\/p>\n<h3 class=\"p1\">Hvor lang tid tager det for en storm at passere?<\/h3>\n<p class=\"p1\">En storm er p\u00e5 vej ind, men hvor l\u00e6nge skal du v\u00e6re sikker? En storm g\u00e5r hurtigt over \u2013 faktisk s\u00e5 hurtigt, at man knap n\u00e5r at komme i sikkerhed. Ellers tr\u00e6kker det ud i det uendelige, og advarslen om h\u00e5rdt vejr forbliver i kraft. Men hvor l\u00e6nge varer en storm egentlig?<\/p>\n<p class=\"p1\">S\u00e5 svaret p\u00e5 dette sp\u00f8rgsm\u00e5l er ikke helt enkelt. Det afh\u00e6nger af, hvor kraftig stormen er, og i hvilken region den befinder sig. Normalt varer en storm mellem 30 minutter og en time. I sj\u00e6ldne tilf\u00e6lde kan det dog vare l\u00e6ngere.<\/p>","protected":false},"excerpt":{"rendered":"<p>Stormradar \u2013 aktuel vejrudsigt for h\u00e5rdt vejr Hvad kunne v\u00e6re bedre end at sidde udenfor og nyde solskinnet, n\u00e5r vejret er godt? Vejret er desv\u00e6rre ikke altid s\u00e5 godt. Uvejrsradaren er et vigtigt v\u00e6rkt\u00f8j til at advare om d\u00e5rligt vejr. Men hvad er den h\u00e5rde vejrradar egentlig, og hvordan...&nbsp;<a href=\"https:\/\/weather-radar24.com\/da\/storm-radar\/\" rel=\"bookmark\">Read More &raquo;<span class=\"screen-reader-text\">Storm radar<\/span><\/a><\/p>","protected":false},"author":1,"featured_media":120,"parent":0,"menu_order":0,"comment_status":"closed","ping_status":"closed","template":"","meta":{"neve_meta_sidebar":"","neve_meta_container":"","neve_meta_enable_content_width":"off","neve_meta_content_width":100,"neve_meta_title_alignment":"","neve_meta_author_avatar":"","neve_post_elements_order":"","neve_meta_disable_header":"","neve_meta_disable_footer":"","neve_meta_disable_title":"on","neve_meta_reading_time":"","footnotes":""},"class_list":["post-44","page","type-page","status-publish","has-post-thumbnail","hentry"],"yoast_head":"<!-- This site is optimized with the Yoast SEO plugin v27.3 - https:\/\/yoast.com\/product\/yoast-seo-wordpress\/ -->\n<title>Storm radar - current forecast for severe weather<\/title>\n<meta name=\"description\" content=\"Track the current weather conditions in real time with our Storm radar! The weather map shows the forecast for rain and severe weather\" \/>\n<meta name=\"robots\" content=\"index, follow, max-snippet:-1, max-image-preview:large, max-video-preview:-1\" \/>\n<link rel=\"canonical\" href=\"https:\/\/weather-radar24.com\/da\/storm-radar\/\" \/>\n<meta property=\"og:locale\" content=\"da_DK\" \/>\n<meta property=\"og:type\" content=\"article\" \/>\n<meta property=\"og:title\" content=\"Storm radar - current forecast for severe weather\" \/>\n<meta property=\"og:description\" content=\"Track the current weather conditions in real time with our Storm radar! The weather map shows the forecast for rain and severe weather\" \/>\n<meta property=\"og:url\" content=\"https:\/\/weather-radar24.com\/da\/storm-radar\/\" \/>\n<meta property=\"article:modified_time\" content=\"2026-04-11T11:13:09+00:00\" \/>\n<meta property=\"og:image\" content=\"https:\/\/weather-radar24.com\/wp-content\/uploads\/2022\/08\/Bildschirmfoto-2022-08-18-um-19.20.43.png\" \/>\n\t<meta property=\"og:image:width\" content=\"353\" \/>\n\t<meta property=\"og:image:height\" content=\"258\" \/>\n\t<meta property=\"og:image:type\" content=\"image\/png\" \/>\n<meta name=\"twitter:card\" content=\"summary_large_image\" \/>\n<meta name=\"twitter:label1\" content=\"Estimeret l\u00e6setid\" \/>\n\t<meta name=\"twitter:data1\" content=\"4 minutter\" \/>\n<script type=\"application\/ld+json\" class=\"yoast-schema-graph\">{\"@context\":\"https:\\\/\\\/schema.org\",\"@graph\":[{\"@type\":\"WebPage\",\"@id\":\"https:\\\/\\\/weather-radar24.com\\\/storm-radar\\\/\",\"url\":\"https:\\\/\\\/weather-radar24.com\\\/storm-radar\\\/\",\"name\":\"Storm radar - current forecast for severe weather\",\"isPartOf\":{\"@id\":\"https:\\\/\\\/weather-radar24.com\\\/#website\"},\"primaryImageOfPage\":{\"@id\":\"https:\\\/\\\/weather-radar24.com\\\/storm-radar\\\/#primaryimage\"},\"image\":{\"@id\":\"https:\\\/\\\/weather-radar24.com\\\/storm-radar\\\/#primaryimage\"},\"thumbnailUrl\":\"https:\\\/\\\/weather-radar24.com\\\/wp-content\\\/uploads\\\/2022\\\/08\\\/Bildschirmfoto-2022-08-18-um-19.20.43.png\",\"datePublished\":\"2022-08-17T19:14:51+00:00\",\"dateModified\":\"2026-04-11T11:13:09+00:00\",\"description\":\"Track the current weather conditions in real time with our Storm radar! The weather map shows the forecast for rain and severe weather\",\"breadcrumb\":{\"@id\":\"https:\\\/\\\/weather-radar24.com\\\/storm-radar\\\/#breadcrumb\"},\"inLanguage\":\"da-DK\",\"potentialAction\":[{\"@type\":\"ReadAction\",\"target\":[\"https:\\\/\\\/weather-radar24.com\\\/storm-radar\\\/\"]}]},{\"@type\":\"ImageObject\",\"inLanguage\":\"da-DK\",\"@id\":\"https:\\\/\\\/weather-radar24.com\\\/storm-radar\\\/#primaryimage\",\"url\":\"https:\\\/\\\/weather-radar24.com\\\/wp-content\\\/uploads\\\/2022\\\/08\\\/Bildschirmfoto-2022-08-18-um-19.20.43.png\",\"contentUrl\":\"https:\\\/\\\/weather-radar24.com\\\/wp-content\\\/uploads\\\/2022\\\/08\\\/Bildschirmfoto-2022-08-18-um-19.20.43.png\",\"width\":353,\"height\":258,\"caption\":\"Storm radar\"},{\"@type\":\"BreadcrumbList\",\"@id\":\"https:\\\/\\\/weather-radar24.com\\\/storm-radar\\\/#breadcrumb\",\"itemListElement\":[{\"@type\":\"ListItem\",\"position\":1,\"name\":\"Startseite\",\"item\":\"https:\\\/\\\/weather-radar24.com\\\/\"},{\"@type\":\"ListItem\",\"position\":2,\"name\":\"Storm radar\"}]},{\"@type\":\"WebSite\",\"@id\":\"https:\\\/\\\/weather-radar24.com\\\/#website\",\"url\":\"https:\\\/\\\/weather-radar24.com\\\/\",\"name\":\"\",\"description\":\"\",\"potentialAction\":[{\"@type\":\"SearchAction\",\"target\":{\"@type\":\"EntryPoint\",\"urlTemplate\":\"https:\\\/\\\/weather-radar24.com\\\/?s={search_term_string}\"},\"query-input\":{\"@type\":\"PropertyValueSpecification\",\"valueRequired\":true,\"valueName\":\"search_term_string\"}}],\"inLanguage\":\"da-DK\"}]}<\/script>\n<!-- \/ Yoast SEO plugin. -->","yoast_head_json":{"title":"Stormradar - aktuel prognose for h\u00e5rdt vejr","description":"Spor de aktuelle vejrforhold i realtid med vores Storm-radar! Vejrkortet viser vejrudsigten for regn og h\u00e5rdt vejr","robots":{"index":"index","follow":"follow","max-snippet":"max-snippet:-1","max-image-preview":"max-image-preview:large","max-video-preview":"max-video-preview:-1"},"canonical":"https:\/\/weather-radar24.com\/da\/storm-radar\/","og_locale":"da_DK","og_type":"article","og_title":"Storm radar - current forecast for severe weather","og_description":"Track the current weather conditions in real time with our Storm radar! The weather map shows the forecast for rain and severe weather","og_url":"https:\/\/weather-radar24.com\/da\/storm-radar\/","article_modified_time":"2026-04-11T11:13:09+00:00","og_image":[{"width":353,"height":258,"url":"https:\/\/weather-radar24.com\/wp-content\/uploads\/2022\/08\/Bildschirmfoto-2022-08-18-um-19.20.43.png","type":"image\/png"}],"twitter_card":"summary_large_image","twitter_misc":{"Estimeret l\u00e6setid":"4 minutter"},"schema":{"@context":"https:\/\/schema.org","@graph":[{"@type":"WebPage","@id":"https:\/\/weather-radar24.com\/storm-radar\/","url":"https:\/\/weather-radar24.com\/storm-radar\/","name":"Stormradar - aktuel prognose for h\u00e5rdt vejr","isPartOf":{"@id":"https:\/\/weather-radar24.com\/#website"},"primaryImageOfPage":{"@id":"https:\/\/weather-radar24.com\/storm-radar\/#primaryimage"},"image":{"@id":"https:\/\/weather-radar24.com\/storm-radar\/#primaryimage"},"thumbnailUrl":"https:\/\/weather-radar24.com\/wp-content\/uploads\/2022\/08\/Bildschirmfoto-2022-08-18-um-19.20.43.png","datePublished":"2022-08-17T19:14:51+00:00","dateModified":"2026-04-11T11:13:09+00:00","description":"Spor de aktuelle vejrforhold i realtid med vores Storm-radar! Vejrkortet viser vejrudsigten for regn og h\u00e5rdt vejr","breadcrumb":{"@id":"https:\/\/weather-radar24.com\/storm-radar\/#breadcrumb"},"inLanguage":"da-DK","potentialAction":[{"@type":"ReadAction","target":["https:\/\/weather-radar24.com\/storm-radar\/"]}]},{"@type":"ImageObject","inLanguage":"da-DK","@id":"https:\/\/weather-radar24.com\/storm-radar\/#primaryimage","url":"https:\/\/weather-radar24.com\/wp-content\/uploads\/2022\/08\/Bildschirmfoto-2022-08-18-um-19.20.43.png","contentUrl":"https:\/\/weather-radar24.com\/wp-content\/uploads\/2022\/08\/Bildschirmfoto-2022-08-18-um-19.20.43.png","width":353,"height":258,"caption":"Storm radar"},{"@type":"BreadcrumbList","@id":"https:\/\/weather-radar24.com\/storm-radar\/#breadcrumb","itemListElement":[{"@type":"ListItem","position":1,"name":"Startseite","item":"https:\/\/weather-radar24.com\/"},{"@type":"ListItem","position":2,"name":"Storm radar"}]},{"@type":"WebSite","@id":"https:\/\/weather-radar24.com\/#website","url":"https:\/\/weather-radar24.com\/","name":"","description":"","potentialAction":[{"@type":"SearchAction","target":{"@type":"EntryPoint","urlTemplate":"https:\/\/weather-radar24.com\/?s={search_term_string}"},"query-input":{"@type":"PropertyValueSpecification","valueRequired":true,"valueName":"search_term_string"}}],"inLanguage":"da-DK"}]}},"_links":{"self":[{"href":"https:\/\/weather-radar24.com\/da\/wp-json\/wp\/v2\/pages\/44","targetHints":{"allow":["GET"]}}],"collection":[{"href":"https:\/\/weather-radar24.com\/da\/wp-json\/wp\/v2\/pages"}],"about":[{"href":"https:\/\/weather-radar24.com\/da\/wp-json\/wp\/v2\/types\/page"}],"author":[{"embeddable":true,"href":"https:\/\/weather-radar24.com\/da\/wp-json\/wp\/v2\/users\/1"}],"replies":[{"embeddable":true,"href":"https:\/\/weather-radar24.com\/da\/wp-json\/wp\/v2\/comments?post=44"}],"version-history":[{"count":10,"href":"https:\/\/weather-radar24.com\/da\/wp-json\/wp\/v2\/pages\/44\/revisions"}],"predecessor-version":[{"id":119,"href":"https:\/\/weather-radar24.com\/da\/wp-json\/wp\/v2\/pages\/44\/revisions\/119"}],"wp:featuredmedia":[{"embeddable":true,"href":"https:\/\/weather-radar24.com\/da\/wp-json\/wp\/v2\/media\/120"}],"wp:attachment":[{"href":"https:\/\/weather-radar24.com\/da\/wp-json\/wp\/v2\/media?parent=44"}],"curies":[{"name":"wp","href":"https:\/\/api.w.org\/{rel}","templated":true}]}}