{"id":48,"date":"2022-08-17T21:15:27","date_gmt":"2022-08-17T19:15:27","guid":{"rendered":"https:\/\/weather-radar24.com\/?page_id=48"},"modified":"2026-04-11T13:16:00","modified_gmt":"2026-04-11T11:16:00","slug":"tornado-radar","status":"publish","type":"page","link":"https:\/\/weather-radar24.com\/da\/tornado-radar\/","title":{"rendered":"Tornado radar"},"content":{"rendered":"<h1>Tornado Tracker live kort<\/p>\n<div id=\"windy-tornado-box\" style=\"max-width:1300px;margin:20px auto;padding:24px;border:1px solid #dcdcdc;border-radius:12px;background:#fef2f2;text-align:center;font-family:Arial,sans-serif;\">\n<h3 style=\"margin:0 0 10px 0;font-size:26px;color:#991b1b;\">\n    \ud83c\udf2a\ufe0f Tornado Tracker Live Map<br \/>\n  <\/h3>\n<p style=\"margin:0 0 18px 0;font-size:16px;line-height:1.5;color:#4b5563;\">\n    Monitor potential tornado activity using real-time wind gust data and severe weather conditions.\n  <\/p>\n<p>  <button onclick=\"loadWindyTornado()\" style=\"background:#dc2626;color:#ffffff;border:none;padding:14px 26px;font-size:16px;font-weight:700;border-radius:8px;cursor:pointer;\"><br \/>\n    Load Tornado Tracker<br \/>\n  <\/button><\/p>\n<p style=\"margin:14px 0 0 0;font-size:13px;color:#6b7280;\">\n    Live data provided by Windy.com \u2013 click to load interactive map.\n  <\/p>\n<\/div>\n<p><script>\nfunction loadWindyTornado() {\n  document.getElementById('windy-tornado-box').innerHTML =\n    '<iframe loading=\"lazy\" src=\"https:\/\/embed.windy.com\/embed2.html?lat=39.606&#038;lon=-97.031&#038;detailLat=49.142&#038;detailLon=9.223&#038;width=1300&#038;height=600&#038;zoom=5&#038;level=surface&#038;overlay=gust&#038;product=ecmwf&#038;menu=&#038;message=true&#038;marker=&#038;calendar=now&#038;pressure=&#038;type=map&#038;location=coordinates&#038;detail=&#038;metricWind=default&#038;metricTemp=default&#038;radarRange=-1\" width=\"100%\" height=\"600\" frameborder=\"0\" style=\"border:0;border-radius:12px;\"><\/iframe>';\n}\n<\/script><br \/>\n<\/h1>\n<p style=\"text-align: center;\"><strong>Flyt kortet for at finde den tornado, du vil spore.<\/strong><\/p>\n<p class=\"p1\">Selvom tornadoer er relativt sj\u00e6ldne, b\u00f8r du stadig vide, hvordan du genkender dem, og hvad du skal g\u00f8re, s\u00e5 snart du opdager, at en tornado er t\u00e6t p\u00e5 dig!<\/p>\n<h2>Tornado sandsynlighed i USA i dag<\/h2>\n<p><a href=\"https:\/\/www.spc.noaa.gov\/products\/outlook\/day1otlk.html\" target=\"_blank\" rel=\"nofollow noopener\"><img loading=\"lazy\" decoding=\"async\" class=\"aligncenter\" src=\"https:\/\/www.spc.noaa.gov\/products\/outlook\/day1probotlk_torn.gif\" alt=\"\" width=\"815\" height=\"555\" \/><\/a><\/p>\n<h2>Morgendagens sandsynlighed for tornado i USA<\/h2>\n<p><a href=\"https:\/\/www.spc.noaa.gov\/products\/outlook\/day1otlk.html\" target=\"_blank\" rel=\"nofollow noopener\"><img loading=\"lazy\" decoding=\"async\" class=\"aligncenter\" src=\"https:\/\/www.spc.noaa.gov\/products\/outlook\/day2probotlk_torn.gif\" alt=\"\" width=\"815\" height=\"555\" \/><\/a><\/p>\n<h2>Aktuelle h\u00e5rdt vejr ure<\/h2>\n<p><a href=\"https:\/\/www.spc.noaa.gov\/products\/outlook\/day1otlk.html\" target=\"_blank\" rel=\"nofollow noopener\"><img loading=\"lazy\" decoding=\"async\" class=\"aligncenter\" src=\"https:\/\/www.spc.noaa.gov\/products\/watch\/validww.png\" alt=\"\" width=\"582\" height=\"408\" \/><\/a><\/p>\n<p style=\"text-align: center;\">Sv\u00e6rt tordenvejr ure er <span style=\"color: #0000ff;\">bl\u00e5<\/span>. Tornado ure er <span style=\"color: #ff0000;\">r\u00f8d<\/span>.<\/p>\n<h2 class=\"p1\">S\u00e5dan l\u00e6ser du tornado-radaren<\/h2>\n<p class=\"p1\">N\u00e5r du ser p\u00e5 tornado-trackeren, kan du l\u00e6re nogle interessante ting om <a href=\"https:\/\/weather-radar24.com\/da\/\">nuv\u00e6rende vejr<\/a>. For eksempel kan du se, om der er en tornado i n\u00e6rheden. Hvis du bruger tornado-radaren til at forudsige vejret, kan du ogs\u00e5 se, hvor en tornado kan forekomme. N\u00e5r du bruger tornado-trackeren til at forudsige vejret, b\u00f8r du tolke det, som om du l\u00e6ste et kort.<\/p>\n<p class=\"p1\">Tornado-tracker viser dig placeringen af n\u00e6rliggende tornadoer. Farverne p\u00e5 tornado-radaren fort\u00e6ller dig styrken af tornadoen. Jo st\u00f8rre og st\u00e6rkere tornadoen er, jo r\u00f8dere vises den p\u00e5 tornado-radaren. Formen af tornadoen p\u00e5 radaren giver information om dens retning. Hvis tornadoen peger op til venstre, bev\u00e6ger den sig mod nord\u00f8st. Peger den op til h\u00f8jre, bev\u00e6ger den sig mod syd\u00f8st. Hvis den er vandret, bev\u00e6ger den sig enten mod vest eller \u00f8st. Og hvis den peger nedad, bev\u00e6ger den sig mod nordvest eller sydvest.<\/p>\n<p class=\"p1\">N\u00e5r du bruger tornado-radar til at forudsige, hvor en tornado kan forekomme, b\u00f8r du f\u00f8rst overveje styrken af tornadoen. Jo st\u00e6rkere tornadoen er, jo st\u00f8rre er sandsynligheden for, at den dannes. For det andet b\u00f8r du overveje den retning, tornadoen peger. Hvis det er vandret, er det mere sandsynligt, at det dannes. Og for det tredje b\u00f8r du overveje, hvor tornadoen er placeret. Jo l\u00e6ngere det er fra centrum af stormen, jo mere sandsynligt er det, at det dannes.<\/p>\n<h3 class=\"p1\">Hvad er en tornado?<\/h3>\n<p class=\"p1\">En tornado er en hurtigt snurrende, kraftig stormdepression, der stiger fra de lavere niveauer af atmosf\u00e6ren ind i troposf\u00e6ren. Tornadoer kan opst\u00e5 over land eller over vand og varierer normalt i bredden fra et par hundrede meter til et par kilometer. De er meget farlige og kan for\u00e5rsage alvorlig skade.<\/p>\n<h3 class=\"p1\">Hvordan dannes tornadoer?<\/h3>\n<p class=\"p1\">Tornadoer dannes, n\u00e5r kold og varm luft blandes. Den kolde luft er tungere end den varme luft og presser den varme luft opad. Efterh\u00e5nden som den kolde luft stiger, dannes der en hvirvel, der konstant snurrer. Jo st\u00f8rre temperaturforskellen mellem den kolde og varme luft er, jo st\u00e6rkere bliver hvirvelen. Tornadoer kan dannes meget pludseligt og er normalt kun et par minutter lange.<\/p>\n<h3 class=\"p1\">Hvorn\u00e5r begynder tornados\u00e6sonen i USA?<\/h3>\n<p class=\"p1\"><a href=\"https:\/\/www.bobvila.com\/articles\/when-is-tornado-season\/\" target=\"_blank\" rel=\"noopener\">Tornado s\u00e6son i USA<\/a> begynder officielt den 1. juni og slutter den 30. november. Det er her risikoen for tornadoer er st\u00f8rst. De fleste tornadoer i USA forekommer dog i maj, juni og juli. I de senere \u00e5r har der dog v\u00e6ret undtagelser, s\u00e5 tornadoer kan opst\u00e5 uden for den officielle s\u00e6son. Den f\u00f8rste halvdel af s\u00e6sonen er normalt den mest aktive, da det er her de fleste vejrforhold er mest gunstige for tornadodannelse.<\/p>\n<h3 class=\"p1\"><b>Tornado klasser<\/b><\/h3>\n<p class=\"p1\">En tornado er en ekstremt voldsom vejrbegivenhed pr\u00e6get af meget kraftig vind og en stram hvirvel. Der er f\u00f8lgende kategorier:<\/p>\n<ul style=\"list-style-type: circle;\">\n<li><strong>F0<\/strong> (vindhastigheder p\u00e5 72,7 mph)<\/li>\n<li class=\"p1\"><strong>F1<\/strong> (svage, vindhastigheder p\u00e5 72,7 mph \u2013 111,8 mph)<\/li>\n<li class=\"p1\"><strong>F2<\/strong> (middelst\u00e6rk, vindhastigheder p\u00e5 111,8 mph \u2013 156,5 mph)<\/li>\n<li class=\"p1\"><strong>F3<\/strong> (st\u00e6rk, vindhastigheder p\u00e5 156,5 mph \u2013 206,9 mph)<\/li>\n<li class=\"p1\"><strong>F4<\/strong> (meget st\u00e6rk, vindhastigheder p\u00e5 206,9 mph \u2013 260,3 mph<span class=\"s1\">)<\/span><\/li>\n<li><strong>F5<\/strong> (voldsom, vindhastigheder over 260,3 mph)<\/li>\n<\/ul>","protected":false},"excerpt":{"rendered":"<p>Tornado Tracker live map \ud83c\udf2a\ufe0f Tornado Tracker Live Map Monitor potential tornado activity using real-time wind gust data and severe weather conditions. Load Tornado Tracker Live data provided by Windy.com \u2013 click to load interactive map. Move the map to find the Tornado you want to track. Even though tornadoes are relatively rare, you should&hellip;&nbsp;<a href=\"https:\/\/weather-radar24.com\/da\/tornado-radar\/\" rel=\"bookmark\">Read More &raquo;<span class=\"screen-reader-text\">Tornado radar<\/span><\/a><\/p>","protected":false},"author":1,"featured_media":128,"parent":0,"menu_order":0,"comment_status":"closed","ping_status":"closed","template":"","meta":{"neve_meta_sidebar":"","neve_meta_container":"","neve_meta_enable_content_width":"off","neve_meta_content_width":100,"neve_meta_title_alignment":"","neve_meta_author_avatar":"","neve_post_elements_order":"","neve_meta_disable_header":"","neve_meta_disable_footer":"","neve_meta_disable_title":"on","neve_meta_reading_time":"","footnotes":""},"class_list":["post-48","page","type-page","status-publish","has-post-thumbnail","hentry"],"yoast_head":"<!-- This site is optimized with the Yoast SEO plugin v27.3 - https:\/\/yoast.com\/product\/yoast-seo-wordpress\/ -->\n<title>Tornado Tracker live map - Track where are tornadoes<\/title>\n<meta name=\"description\" content=\"Tornado radar \u2713 Includes tracking map, live radar- Track the current wind force, wind speed and wind forecast for the next few days.\" \/>\n<meta name=\"robots\" content=\"index, follow, max-snippet:-1, max-image-preview:large, max-video-preview:-1\" \/>\n<link rel=\"canonical\" href=\"https:\/\/weather-radar24.com\/da\/tornado-radar\/\" \/>\n<meta property=\"og:locale\" content=\"da_DK\" \/>\n<meta property=\"og:type\" content=\"article\" \/>\n<meta property=\"og:title\" content=\"Tornado Tracker live map - Track where are tornadoes\" \/>\n<meta property=\"og:description\" content=\"Tornado radar \u2713 Includes tracking map, live radar- Track the current wind force, wind speed and wind forecast for the next few days.\" \/>\n<meta property=\"og:url\" content=\"https:\/\/weather-radar24.com\/da\/tornado-radar\/\" \/>\n<meta property=\"article:modified_time\" content=\"2026-04-11T11:16:00+00:00\" \/>\n<meta property=\"og:image\" content=\"https:\/\/weather-radar24.com\/wp-content\/uploads\/2022\/08\/Bildschirmfoto-2022-08-18-um-19.32.48.png\" \/>\n\t<meta property=\"og:image:width\" content=\"341\" \/>\n\t<meta property=\"og:image:height\" content=\"300\" \/>\n\t<meta property=\"og:image:type\" content=\"image\/png\" \/>\n<meta name=\"twitter:card\" content=\"summary_large_image\" \/>\n<meta name=\"twitter:label1\" content=\"Estimeret l\u00e6setid\" \/>\n\t<meta name=\"twitter:data1\" content=\"4 minutter\" \/>\n<script type=\"application\/ld+json\" class=\"yoast-schema-graph\">{\"@context\":\"https:\\\/\\\/schema.org\",\"@graph\":[{\"@type\":\"WebPage\",\"@id\":\"https:\\\/\\\/weather-radar24.com\\\/tornado-radar\\\/\",\"url\":\"https:\\\/\\\/weather-radar24.com\\\/tornado-radar\\\/\",\"name\":\"Tornado Tracker live map - Track where are tornadoes\",\"isPartOf\":{\"@id\":\"https:\\\/\\\/weather-radar24.com\\\/#website\"},\"primaryImageOfPage\":{\"@id\":\"https:\\\/\\\/weather-radar24.com\\\/tornado-radar\\\/#primaryimage\"},\"image\":{\"@id\":\"https:\\\/\\\/weather-radar24.com\\\/tornado-radar\\\/#primaryimage\"},\"thumbnailUrl\":\"https:\\\/\\\/weather-radar24.com\\\/wp-content\\\/uploads\\\/2022\\\/08\\\/Bildschirmfoto-2022-08-18-um-19.32.48.png\",\"datePublished\":\"2022-08-17T19:15:27+00:00\",\"dateModified\":\"2026-04-11T11:16:00+00:00\",\"description\":\"Tornado radar \u2713 Includes tracking map, live radar- Track the current wind force, wind speed and wind forecast for the next few days.\",\"breadcrumb\":{\"@id\":\"https:\\\/\\\/weather-radar24.com\\\/tornado-radar\\\/#breadcrumb\"},\"inLanguage\":\"da-DK\",\"potentialAction\":[{\"@type\":\"ReadAction\",\"target\":[\"https:\\\/\\\/weather-radar24.com\\\/tornado-radar\\\/\"]}]},{\"@type\":\"ImageObject\",\"inLanguage\":\"da-DK\",\"@id\":\"https:\\\/\\\/weather-radar24.com\\\/tornado-radar\\\/#primaryimage\",\"url\":\"https:\\\/\\\/weather-radar24.com\\\/wp-content\\\/uploads\\\/2022\\\/08\\\/Bildschirmfoto-2022-08-18-um-19.32.48.png\",\"contentUrl\":\"https:\\\/\\\/weather-radar24.com\\\/wp-content\\\/uploads\\\/2022\\\/08\\\/Bildschirmfoto-2022-08-18-um-19.32.48.png\",\"width\":341,\"height\":300,\"caption\":\"Tornado radar\"},{\"@type\":\"BreadcrumbList\",\"@id\":\"https:\\\/\\\/weather-radar24.com\\\/tornado-radar\\\/#breadcrumb\",\"itemListElement\":[{\"@type\":\"ListItem\",\"position\":1,\"name\":\"Startseite\",\"item\":\"https:\\\/\\\/weather-radar24.com\\\/\"},{\"@type\":\"ListItem\",\"position\":2,\"name\":\"Tornado radar\"}]},{\"@type\":\"WebSite\",\"@id\":\"https:\\\/\\\/weather-radar24.com\\\/#website\",\"url\":\"https:\\\/\\\/weather-radar24.com\\\/\",\"name\":\"\",\"description\":\"\",\"potentialAction\":[{\"@type\":\"SearchAction\",\"target\":{\"@type\":\"EntryPoint\",\"urlTemplate\":\"https:\\\/\\\/weather-radar24.com\\\/?s={search_term_string}\"},\"query-input\":{\"@type\":\"PropertyValueSpecification\",\"valueRequired\":true,\"valueName\":\"search_term_string\"}}],\"inLanguage\":\"da-DK\"}]}<\/script>\n<!-- \/ Yoast SEO plugin. -->","yoast_head_json":{"title":"Tornado Tracker live kort - Spor, hvor der er tornadoer","description":"Tornado-radar \u2713 Indeholder sporingskort, live-radar- Spor den aktuelle vindstyrke, vindhastighed og vindudsigt for de n\u00e6ste par dage.","robots":{"index":"index","follow":"follow","max-snippet":"max-snippet:-1","max-image-preview":"max-image-preview:large","max-video-preview":"max-video-preview:-1"},"canonical":"https:\/\/weather-radar24.com\/da\/tornado-radar\/","og_locale":"da_DK","og_type":"article","og_title":"Tornado Tracker live map - Track where are tornadoes","og_description":"Tornado radar \u2713 Includes tracking map, live radar- Track the current wind force, wind speed and wind forecast for the next few days.","og_url":"https:\/\/weather-radar24.com\/da\/tornado-radar\/","article_modified_time":"2026-04-11T11:16:00+00:00","og_image":[{"width":341,"height":300,"url":"https:\/\/weather-radar24.com\/wp-content\/uploads\/2022\/08\/Bildschirmfoto-2022-08-18-um-19.32.48.png","type":"image\/png"}],"twitter_card":"summary_large_image","twitter_misc":{"Estimeret l\u00e6setid":"4 minutter"},"schema":{"@context":"https:\/\/schema.org","@graph":[{"@type":"WebPage","@id":"https:\/\/weather-radar24.com\/tornado-radar\/","url":"https:\/\/weather-radar24.com\/tornado-radar\/","name":"Tornado Tracker live kort - Spor, hvor der er tornadoer","isPartOf":{"@id":"https:\/\/weather-radar24.com\/#website"},"primaryImageOfPage":{"@id":"https:\/\/weather-radar24.com\/tornado-radar\/#primaryimage"},"image":{"@id":"https:\/\/weather-radar24.com\/tornado-radar\/#primaryimage"},"thumbnailUrl":"https:\/\/weather-radar24.com\/wp-content\/uploads\/2022\/08\/Bildschirmfoto-2022-08-18-um-19.32.48.png","datePublished":"2022-08-17T19:15:27+00:00","dateModified":"2026-04-11T11:16:00+00:00","description":"Tornado-radar \u2713 Indeholder sporingskort, live-radar- Spor den aktuelle vindstyrke, vindhastighed og vindudsigt for de n\u00e6ste par dage.","breadcrumb":{"@id":"https:\/\/weather-radar24.com\/tornado-radar\/#breadcrumb"},"inLanguage":"da-DK","potentialAction":[{"@type":"ReadAction","target":["https:\/\/weather-radar24.com\/tornado-radar\/"]}]},{"@type":"ImageObject","inLanguage":"da-DK","@id":"https:\/\/weather-radar24.com\/tornado-radar\/#primaryimage","url":"https:\/\/weather-radar24.com\/wp-content\/uploads\/2022\/08\/Bildschirmfoto-2022-08-18-um-19.32.48.png","contentUrl":"https:\/\/weather-radar24.com\/wp-content\/uploads\/2022\/08\/Bildschirmfoto-2022-08-18-um-19.32.48.png","width":341,"height":300,"caption":"Tornado radar"},{"@type":"BreadcrumbList","@id":"https:\/\/weather-radar24.com\/tornado-radar\/#breadcrumb","itemListElement":[{"@type":"ListItem","position":1,"name":"Startseite","item":"https:\/\/weather-radar24.com\/"},{"@type":"ListItem","position":2,"name":"Tornado radar"}]},{"@type":"WebSite","@id":"https:\/\/weather-radar24.com\/#website","url":"https:\/\/weather-radar24.com\/","name":"","description":"","potentialAction":[{"@type":"SearchAction","target":{"@type":"EntryPoint","urlTemplate":"https:\/\/weather-radar24.com\/?s={search_term_string}"},"query-input":{"@type":"PropertyValueSpecification","valueRequired":true,"valueName":"search_term_string"}}],"inLanguage":"da-DK"}]}},"_links":{"self":[{"href":"https:\/\/weather-radar24.com\/da\/wp-json\/wp\/v2\/pages\/48","targetHints":{"allow":["GET"]}}],"collection":[{"href":"https:\/\/weather-radar24.com\/da\/wp-json\/wp\/v2\/pages"}],"about":[{"href":"https:\/\/weather-radar24.com\/da\/wp-json\/wp\/v2\/types\/page"}],"author":[{"embeddable":true,"href":"https:\/\/weather-radar24.com\/da\/wp-json\/wp\/v2\/users\/1"}],"replies":[{"embeddable":true,"href":"https:\/\/weather-radar24.com\/da\/wp-json\/wp\/v2\/comments?post=48"}],"version-history":[{"count":10,"href":"https:\/\/weather-radar24.com\/da\/wp-json\/wp\/v2\/pages\/48\/revisions"}],"predecessor-version":[{"id":183,"href":"https:\/\/weather-radar24.com\/da\/wp-json\/wp\/v2\/pages\/48\/revisions\/183"}],"wp:featuredmedia":[{"embeddable":true,"href":"https:\/\/weather-radar24.com\/da\/wp-json\/wp\/v2\/media\/128"}],"wp:attachment":[{"href":"https:\/\/weather-radar24.com\/da\/wp-json\/wp\/v2\/media?parent=48"}],"curies":[{"name":"wp","href":"https:\/\/api.w.org\/{rel}","templated":true}]}}