{"id":50,"date":"2022-08-17T21:15:47","date_gmt":"2022-08-17T19:15:47","guid":{"rendered":"https:\/\/weather-radar24.com\/?page_id=50"},"modified":"2022-09-03T18:53:09","modified_gmt":"2022-09-03T16:53:09","slug":"snow-cover-map","status":"publish","type":"page","link":"https:\/\/weather-radar24.com\/da\/snedaekke-kort\/","title":{"rendered":"Kort over sned\u00e6kke"},"content":{"rendered":"<h1>Sned\u00e6kket kort Live \u2013 aktuel sneudsigt<\/h1>\n<p>Et sned\u00e6kkekort er et uundv\u00e6rligt v\u00e6rkt\u00f8j for alle dem, der \u00f8nsker at forberede sig p\u00e5 snefygningen. Vi forklarer, hvordan det fungerer, og alt hvad du skal v\u00e6re opm\u00e6rksom p\u00e5!<br \/>\n<iframe loading=\"lazy\" src=\"https:\/\/embed.windy.com\/embed2.html?lat=39.606&amp;lon=-97.031&amp;detailLat=49.142&amp;detailLon=9.223&amp;width=1300&amp;height=600&amp;zoom=6&amp;level=surface&amp;overlay=rain&amp;product=ecmwf&amp;menu=&amp;message=true&amp;marker=&amp;calendar=now&amp;pressure=&amp;type=map&amp;location=coordinates&amp;detail=&amp;metricWind=default&amp;metricTemp=default&amp;radarRange=-1\" width=\"100%\" height=\"600\" frameborder=\"0\" data-dashlane-frameid=\"1660\"><\/iframe><\/p>\n<p class=\"p1\">\n<h2 class=\"p1\">Hvad er et sned\u00e6kkekort?<\/h2>\n<p class=\"p1\">Et sned\u00e6kkekort er et vigtigt v\u00e6rkt\u00f8j til at forbedre sneprognoser. Det kan hj\u00e6lpe med at spore bev\u00e6gelsen af <a href=\"https:\/\/scijinks.gov\/snowflakes\/\" target=\"_blank\" rel=\"noopener\">snefnug<\/a> at forudsige m\u00e6ngden af sne. Men for at bruge det korrekt, skal du vide, hvordan du l\u00e6ser det.<\/p>\n<p class=\"p1\">Sned\u00e6kskortet viser intensiteten af snefald i forskellige farver. Farverne g\u00e5r fra gul til r\u00f8d, hvilket betyder, at snefaldet er meget t\u00e6t. Sorte pletter p\u00e5 kortet betyder, at der ikke falder sne. N\u00e5r man ser p\u00e5 <a href=\"https:\/\/weather-radar24.com\/da\/\">vejrradar<\/a>, b\u00f8r du ogs\u00e5 v\u00e6re opm\u00e6rksom p\u00e5 vindretningen. Vindretningen kan hj\u00e6lpe dig med at forudsige snefnuggenes bev\u00e6gelse. Kommer vinden fra nord betyder det, at sneen falder i sydlig retning. Hvis <a href=\"https:\/\/weather-radar24.com\/da\/vind-radar\/\">vind<\/a> er fra syd, betyder det, at sneen falder i nordlig retning.<\/p>\n<p class=\"p1\">Sned\u00e6kskortet er et nyttigt v\u00e6rkt\u00f8j, men det er vigtigt at vide, hvordan man tolker det korrekt. F\u00f8rst da kan du lave den bedst mulige prognose.<\/p>\n<h2 class=\"p1\">Hvordan fungerer sned\u00e6kkekortet?<\/h2>\n<p class=\"p1\">Et sned\u00e6kkekort er et v\u00e6rkt\u00f8j, der bruges til at forudsige nedb\u00f8r, is\u00e6r sne. Snekort fungerer ved at sende radiob\u00f8lger ud i atmosf\u00e6ren og spore de reflekterede signaler. Intensiteten af de reflekterede signaler varierer afh\u00e6ngigt af, hvor mange vanddr\u00e5ber eller snekrystaller, der rammer radarstr\u00e5len. Derfor kan sned\u00e6kkekort forudsige nedb\u00f8rsm\u00e6ngder ved at m\u00e5le intensiteten af de reflekterede signaler.<\/p>\n<p class=\"p1\">Jo st\u00e6rkere signalet er, jo st\u00f8rre er sandsynligheden for kraftig nedb\u00f8r. Baseret p\u00e5 disse m\u00e5linger kan meteorologer komme med forudsigelser om typen og m\u00e6ngden af nedb\u00f8r, der vil falde i et givet omr\u00e5de.<\/p>\n<h3 class=\"p1\">Hvorn\u00e5r begynder det at sne?<\/h3>\n<p class=\"p1\">Hvis du har fulgt de seneste vejrmeldinger, har du sikkert lagt m\u00e6rke til, at det har sneet hyppigere p\u00e5 det seneste. Snefald er en us\u00e6dvanlig begivenhed i de fleste regioner, og folk er nysgerrige efter, hvorn\u00e5r det begynder at sne. Sandheden er, at der ikke er noget pr\u00e6cist svar, fordi der er mange faktorer, der p\u00e5virker snefald.<\/p>\n<p class=\"p1\">Men nogle faktorer, der kan p\u00e5virke det n\u00f8jagtige tidspunkt for snefald. En af de vigtigste faktorer er fugtighed. Jo h\u00f8jere luftfugtighed, jo mere sandsynligt vil vanddamp kondensere ind<span class=\"Apple-converted-space\">\u00a0<\/span>luften og danner snekrystaller.<\/p>\n<h3 class=\"p1\">Hvor sner det mest?<\/h3>\n<p class=\"p1\">En top p\u00e5 4.671 meter p\u00e5 gr\u00e6nsen mellem den canadiske provins British Columbia og den amerikanske delstat Alaska er ikke kun sandsynligvis det mest un\u00f8jagtige navngivne bjerg i verden, men ogs\u00e5 potentielt det mest snefulde sted p\u00e5 jorden: Mount Fairweather - Fairweather Mountain.<\/p>\n<p class=\"p1\">Nedb\u00f8rskort viser 7.000 til 18.000 millimeter \u00e5rlig nedb\u00f8r for de h\u00f8jeste regioner, eller op til 49 millimeter om dagen; og det falder helt som sne deroppe. If\u00f8lge den s\u00e6dvanlige omregningsordning, som foruds\u00e6tter \u00e9n centimeter sne pr. millimeter nedb\u00f8r, resulterer det i op til 180 meter akkumuleret \u00e5rligt snefald. Det eneste problem er, at der ikke er nogen skilifte i den afsidesliggende Wrangell-St. Elias Bjerge.<\/p>","protected":false},"excerpt":{"rendered":"<p>Sned\u00e6kkekort Live \u2013 aktuel sneudsigt Et sned\u00e6kkekort er et uundv\u00e6rligt v\u00e6rkt\u00f8j for alle dem, der \u00f8nsker at forberede sig p\u00e5 sneen, der bl\u00e6ser. Vi forklarer, hvordan det fungerer, og alt hvad du skal v\u00e6re opm\u00e6rksom p\u00e5! Hvad er et sned\u00e6kkekort? Et sned\u00e6kkekort er et vigtigt v\u00e6rkt\u00f8j til...&nbsp;<a href=\"https:\/\/weather-radar24.com\/da\/snedaekke-kort\/\" rel=\"bookmark\">Read More &raquo;<span class=\"screen-reader-text\">Kort over sned\u00e6kke<\/span><\/a><\/p>","protected":false},"author":1,"featured_media":117,"parent":0,"menu_order":0,"comment_status":"closed","ping_status":"closed","template":"","meta":{"neve_meta_sidebar":"","neve_meta_container":"","neve_meta_enable_content_width":"off","neve_meta_content_width":100,"neve_meta_title_alignment":"","neve_meta_author_avatar":"","neve_post_elements_order":"","neve_meta_disable_header":"","neve_meta_disable_footer":"","neve_meta_disable_title":"on","neve_meta_reading_time":"","footnotes":""},"class_list":["post-50","page","type-page","status-publish","has-post-thumbnail","hentry"],"yoast_head":"<!-- This site is optimized with the Yoast SEO plugin v26.6 - https:\/\/yoast.com\/wordpress\/plugins\/seo\/ -->\n<title>Snow cover map Live \u2013 current snow forecast<\/title>\n<meta name=\"description\" content=\"Follow the current snow forecast Worldwide with our Snow cover map Live Tracker. Where is it currently snowing? \u2744\ufe0f\" \/>\n<meta name=\"robots\" content=\"index, follow, max-snippet:-1, max-image-preview:large, max-video-preview:-1\" \/>\n<link rel=\"canonical\" href=\"https:\/\/weather-radar24.com\/da\/snedaekke-kort\/\" \/>\n<meta property=\"og:locale\" content=\"da_DK\" \/>\n<meta property=\"og:type\" content=\"article\" \/>\n<meta property=\"og:title\" content=\"Snow cover map Live \u2013 current snow forecast\" \/>\n<meta property=\"og:description\" content=\"Follow the current snow forecast Worldwide with our Snow cover map Live Tracker. Where is it currently snowing? \u2744\ufe0f\" \/>\n<meta property=\"og:url\" content=\"https:\/\/weather-radar24.com\/da\/snedaekke-kort\/\" \/>\n<meta property=\"article:modified_time\" content=\"2022-09-03T16:53:09+00:00\" \/>\n<meta property=\"og:image\" content=\"https:\/\/weather-radar24.com\/wp-content\/uploads\/2022\/08\/Bildschirmfoto-2022-08-19-um-20.55.53.png\" \/>\n\t<meta property=\"og:image:width\" content=\"366\" \/>\n\t<meta property=\"og:image:height\" content=\"226\" \/>\n\t<meta property=\"og:image:type\" content=\"image\/png\" \/>\n<meta name=\"twitter:card\" content=\"summary_large_image\" \/>\n<meta name=\"twitter:label1\" content=\"Estimeret l\u00e6setid\" \/>\n\t<meta name=\"twitter:data1\" content=\"3 minutter\" \/>\n<script type=\"application\/ld+json\" class=\"yoast-schema-graph\">{\"@context\":\"https:\/\/schema.org\",\"@graph\":[{\"@type\":\"WebPage\",\"@id\":\"https:\/\/weather-radar24.com\/snow-cover-map\/\",\"url\":\"https:\/\/weather-radar24.com\/snow-cover-map\/\",\"name\":\"Snow cover map Live \u2013 current snow forecast\",\"isPartOf\":{\"@id\":\"https:\/\/weather-radar24.com\/#website\"},\"primaryImageOfPage\":{\"@id\":\"https:\/\/weather-radar24.com\/snow-cover-map\/#primaryimage\"},\"image\":{\"@id\":\"https:\/\/weather-radar24.com\/snow-cover-map\/#primaryimage\"},\"thumbnailUrl\":\"https:\/\/weather-radar24.com\/wp-content\/uploads\/2022\/08\/Bildschirmfoto-2022-08-19-um-20.55.53.png\",\"datePublished\":\"2022-08-17T19:15:47+00:00\",\"dateModified\":\"2022-09-03T16:53:09+00:00\",\"description\":\"Follow the current snow forecast Worldwide with our Snow cover map Live Tracker. Where is it currently snowing? \u2744\ufe0f\",\"breadcrumb\":{\"@id\":\"https:\/\/weather-radar24.com\/snow-cover-map\/#breadcrumb\"},\"inLanguage\":\"da-DK\",\"potentialAction\":[{\"@type\":\"ReadAction\",\"target\":[\"https:\/\/weather-radar24.com\/snow-cover-map\/\"]}]},{\"@type\":\"ImageObject\",\"inLanguage\":\"da-DK\",\"@id\":\"https:\/\/weather-radar24.com\/snow-cover-map\/#primaryimage\",\"url\":\"https:\/\/weather-radar24.com\/wp-content\/uploads\/2022\/08\/Bildschirmfoto-2022-08-19-um-20.55.53.png\",\"contentUrl\":\"https:\/\/weather-radar24.com\/wp-content\/uploads\/2022\/08\/Bildschirmfoto-2022-08-19-um-20.55.53.png\",\"width\":366,\"height\":226,\"caption\":\"Snow cover map\"},{\"@type\":\"BreadcrumbList\",\"@id\":\"https:\/\/weather-radar24.com\/snow-cover-map\/#breadcrumb\",\"itemListElement\":[{\"@type\":\"ListItem\",\"position\":1,\"name\":\"Startseite\",\"item\":\"https:\/\/weather-radar24.com\/\"},{\"@type\":\"ListItem\",\"position\":2,\"name\":\"Snow cover map\"}]},{\"@type\":\"WebSite\",\"@id\":\"https:\/\/weather-radar24.com\/#website\",\"url\":\"https:\/\/weather-radar24.com\/\",\"name\":\"\",\"description\":\"\",\"potentialAction\":[{\"@type\":\"SearchAction\",\"target\":{\"@type\":\"EntryPoint\",\"urlTemplate\":\"https:\/\/weather-radar24.com\/?s={search_term_string}\"},\"query-input\":{\"@type\":\"PropertyValueSpecification\",\"valueRequired\":true,\"valueName\":\"search_term_string\"}}],\"inLanguage\":\"da-DK\"}]}<\/script>\n<!-- \/ Yoast SEO plugin. -->","yoast_head_json":{"title":"Sned\u00e6kket kort Live \u2013 aktuel sneudsigt","description":"F\u00f8lg den aktuelle sneudsigt over hele verden med vores Live Tracker for sned\u00e6kke. Hvor sner det lige nu? \u2744\ufe0f","robots":{"index":"index","follow":"follow","max-snippet":"max-snippet:-1","max-image-preview":"max-image-preview:large","max-video-preview":"max-video-preview:-1"},"canonical":"https:\/\/weather-radar24.com\/da\/snedaekke-kort\/","og_locale":"da_DK","og_type":"article","og_title":"Snow cover map Live \u2013 current snow forecast","og_description":"Follow the current snow forecast Worldwide with our Snow cover map Live Tracker. Where is it currently snowing? \u2744\ufe0f","og_url":"https:\/\/weather-radar24.com\/da\/snedaekke-kort\/","article_modified_time":"2022-09-03T16:53:09+00:00","og_image":[{"width":366,"height":226,"url":"https:\/\/weather-radar24.com\/wp-content\/uploads\/2022\/08\/Bildschirmfoto-2022-08-19-um-20.55.53.png","type":"image\/png"}],"twitter_card":"summary_large_image","twitter_misc":{"Estimeret l\u00e6setid":"3 minutter"},"schema":{"@context":"https:\/\/schema.org","@graph":[{"@type":"WebPage","@id":"https:\/\/weather-radar24.com\/snow-cover-map\/","url":"https:\/\/weather-radar24.com\/snow-cover-map\/","name":"Sned\u00e6kket kort Live \u2013 aktuel sneudsigt","isPartOf":{"@id":"https:\/\/weather-radar24.com\/#website"},"primaryImageOfPage":{"@id":"https:\/\/weather-radar24.com\/snow-cover-map\/#primaryimage"},"image":{"@id":"https:\/\/weather-radar24.com\/snow-cover-map\/#primaryimage"},"thumbnailUrl":"https:\/\/weather-radar24.com\/wp-content\/uploads\/2022\/08\/Bildschirmfoto-2022-08-19-um-20.55.53.png","datePublished":"2022-08-17T19:15:47+00:00","dateModified":"2022-09-03T16:53:09+00:00","description":"F\u00f8lg den aktuelle sneudsigt over hele verden med vores Live Tracker for sned\u00e6kke. Hvor sner det lige nu? \u2744\ufe0f","breadcrumb":{"@id":"https:\/\/weather-radar24.com\/snow-cover-map\/#breadcrumb"},"inLanguage":"da-DK","potentialAction":[{"@type":"ReadAction","target":["https:\/\/weather-radar24.com\/snow-cover-map\/"]}]},{"@type":"ImageObject","inLanguage":"da-DK","@id":"https:\/\/weather-radar24.com\/snow-cover-map\/#primaryimage","url":"https:\/\/weather-radar24.com\/wp-content\/uploads\/2022\/08\/Bildschirmfoto-2022-08-19-um-20.55.53.png","contentUrl":"https:\/\/weather-radar24.com\/wp-content\/uploads\/2022\/08\/Bildschirmfoto-2022-08-19-um-20.55.53.png","width":366,"height":226,"caption":"Snow cover map"},{"@type":"BreadcrumbList","@id":"https:\/\/weather-radar24.com\/snow-cover-map\/#breadcrumb","itemListElement":[{"@type":"ListItem","position":1,"name":"Startseite","item":"https:\/\/weather-radar24.com\/"},{"@type":"ListItem","position":2,"name":"Snow cover map"}]},{"@type":"WebSite","@id":"https:\/\/weather-radar24.com\/#website","url":"https:\/\/weather-radar24.com\/","name":"","description":"","potentialAction":[{"@type":"SearchAction","target":{"@type":"EntryPoint","urlTemplate":"https:\/\/weather-radar24.com\/?s={search_term_string}"},"query-input":{"@type":"PropertyValueSpecification","valueRequired":true,"valueName":"search_term_string"}}],"inLanguage":"da-DK"}]}},"_links":{"self":[{"href":"https:\/\/weather-radar24.com\/da\/wp-json\/wp\/v2\/pages\/50","targetHints":{"allow":["GET"]}}],"collection":[{"href":"https:\/\/weather-radar24.com\/da\/wp-json\/wp\/v2\/pages"}],"about":[{"href":"https:\/\/weather-radar24.com\/da\/wp-json\/wp\/v2\/types\/page"}],"author":[{"embeddable":true,"href":"https:\/\/weather-radar24.com\/da\/wp-json\/wp\/v2\/users\/1"}],"replies":[{"embeddable":true,"href":"https:\/\/weather-radar24.com\/da\/wp-json\/wp\/v2\/comments?post=50"}],"version-history":[{"count":6,"href":"https:\/\/weather-radar24.com\/da\/wp-json\/wp\/v2\/pages\/50\/revisions"}],"predecessor-version":[{"id":202,"href":"https:\/\/weather-radar24.com\/da\/wp-json\/wp\/v2\/pages\/50\/revisions\/202"}],"wp:featuredmedia":[{"embeddable":true,"href":"https:\/\/weather-radar24.com\/da\/wp-json\/wp\/v2\/media\/117"}],"wp:attachment":[{"href":"https:\/\/weather-radar24.com\/da\/wp-json\/wp\/v2\/media?parent=50"}],"curies":[{"name":"wp","href":"https:\/\/api.w.org\/{rel}","templated":true}]}}