{"id":52,"date":"2022-08-17T21:16:02","date_gmt":"2022-08-17T19:16:02","guid":{"rendered":"https:\/\/weather-radar24.com\/?page_id=52"},"modified":"2022-09-03T18:52:23","modified_gmt":"2022-09-03T16:52:23","slug":"rain-radar","status":"publish","type":"page","link":"https:\/\/weather-radar24.com\/da\/regn-radar\/","title":{"rendered":"Regn radar"},"content":{"rendered":"<h1>Regnradar \u2013 aktuel regnudsigt<\/h1>\n<p>Vejret kan hurtigt skifte, og det er godt at vide, hvor pr\u00e6cist regnen er p\u00e5 vej hen. Med regnradaren har du altid den aktuelle vejrsituation i udsigt! Men hvad er regnradar, hvordan virker det, og hvad kan det forudsige?<\/p>\n<p><iframe loading=\"lazy\" src=\"https:\/\/embed.windy.com\/embed2.html?lat=39.606&amp;lon=-97.031&amp;detailLat=49.142&amp;detailLon=9.223&amp;width=1300&amp;height=600&amp;zoom=5&amp;level=surface&amp;overlay=rain&amp;product=ecmwf&amp;menu=&amp;message=true&amp;marker=&amp;calendar=now&amp;pressure=&amp;type=map&amp;location=coordinates&amp;detail=&amp;metricWind=default&amp;metricTemp=default&amp;radarRange=-1\" width=\"100%\" height=\"600\" frameborder=\"0\" data-dashlane-frameid=\"1684\"><\/iframe><\/p>\n<p class=\"p1\">\n<h2 class=\"p1\">Hvad er en regnradar?<\/h2>\n<p class=\"p1\">En regnradar er et instrument, der bruges til at forudsige nedb\u00f8r. Der findes forskellige typer regnradarer, men de fleste af dem fungerer p\u00e5 samme m\u00e5de: De sender en radarstr\u00e5le ud i atmosf\u00e6ren og sporer, hvordan str\u00e5len reflekteres fra regndr\u00e5ber. Disse refleksioner kan s\u00e5 bruges til at forudsige regndr\u00e5bernes bev\u00e6gelse.<\/p>\n<p class=\"p1\">Regnradarer er meget nyttige til at forudsige vejrforhold, is\u00e6r i forbindelse med <a href=\"https:\/\/weather-radar24.com\/da\/storm-radar\/\">voldsomme storme<\/a>. De kan hj\u00e6lpe med at advare folk om farlige vejrforhold og give dem tid til at komme i sikkerhed. Regnradarer er ogs\u00e5 nyttige til landbruget, da de kan hj\u00e6lpe med at redde afgr\u00f8der, f\u00f8r d\u00e5rligt vejr kommer.<\/p>\n<h2 class=\"p1\">Hvordan fungerer en Rain-radar?<\/h2>\n<p class=\"p1\">Bev\u00e6gelsen af den sidste times regn kan afspilles via afspilningsknappen. En regnradar er et instrument, der sporer bev\u00e6gelsen af regnskyer og m\u00e5ler deres intensitet. Meteorologer bruger det ofte til at forudsige retningen og hastigheden af regn eller <a href=\"https:\/\/weather-radar24.com\/da\/snedaekke-kort\/\">sne<\/a> brusere.<\/p>\n<p class=\"p1\">Regnradarer virker ved at udsende elektromagnetiske b\u00f8lger, hvis ekko reflekteres tilbage af regndr\u00e5berne eller snekrystallerne. Radaren kan s\u00e5 bestemme, hvor tung nedb\u00f8ren er baseret p\u00e5 ekkoets styrke. Regnradarer kan ogs\u00e5 spore andre typer vejrf\u00e6nomener, som f.eks <a href=\"https:\/\/weather-radar24.com\/da\/tornado-radar\/\">tornadoer<\/a> eller tordenskyer.<\/p>\n<h2 class=\"p1\">Hvor n\u00f8jagtige er forudsigelserne?<\/h2>\n<p class=\"p1\">N\u00e5r du ser p\u00e5 prognoser fra regnradar eller andre vejrtjenester, kan du opleve, at n\u00f8jagtigheden af prognoserne varierer meget. Prognoserne kan gives et par timer i forvejen, men ogs\u00e5 flere dage i forvejen. For eksempel kan en prognose for i eftermiddag v\u00e6re n\u00f8jagtig, men en for i morgen tidlig er muligvis ikke.<\/p>\n<p class=\"p1\">N\u00f8jagtigheden af regnudsigter afh\u00e6nger af flere faktorer. For det f\u00f8rste er det selvf\u00f8lgelig, hvor pr\u00e6cis prognosen er baseret p\u00e5 vejrmodellen. Som regel g\u00e6lder det, at jo bedre modellen er, jo mere n\u00f8jagtig er prognosen. P\u00e5 den anden side spiller det ogs\u00e5 en rolle for, hvor gode de m\u00e5ledata er, der bruges i modellen. For eksempel, hvis m\u00e5ledataene for et bestemt sted ikke er s\u00e6rlig n\u00f8jagtige, kan det p\u00e5virke n\u00f8jagtigheden af forudsigelsen.<\/p>\n<p class=\"p1\">S\u00e5 der er ikke noget enkelt svar p\u00e5 sp\u00f8rgsm\u00e5let om, hvor n\u00f8jagtige nedb\u00f8rsprognoserne er. Men de er normalt ret p\u00e5lidelige og kan hj\u00e6lpe dig med at tilpasse dig vejret.<\/p>\n<h3 class=\"p1\">Hvorfor er regnradar ofte un\u00f8jagtig?<\/h3>\n<p class=\"p1\">Regnradar er et vigtigt v\u00e6rkt\u00f8j til at lave nedb\u00f8rsprognoser. Det er dog ofte ude af m\u00e6rket. Der er flere grunde til, at det er s\u00e5dan. En af grundene er, at radaren kun ser nedb\u00f8r, der er direkte under <a href=\"https:\/\/weather-radar24.com\/da\/sky-cover-kort\/\">skyer<\/a>. S\u00e5 det kan ske, at der ikke kommer regn i en region, selvom radaren viser nedb\u00f8r. Dette skyldes normalt, at skyerne i regionen er h\u00f8jere, og regnen allerede er forsvundet, f\u00f8r den kan falde til jorden.<\/p>\n<p class=\"p1\">En anden grund er, at radaren ofte er i et omr\u00e5de, hvor der ikke er regn i \u00f8jeblikket. Det kan for eksempel ske, n\u00e5r en tordenvejrscelle passerer forbi, og regnen allerede er forsvundet, f\u00f8r den kan falde til jorden. I dette tilf\u00e6lde er radaren ikke i stand til at se regnen. En sidste \u00e5rsag er, at der nogle gange opst\u00e5r fejl i radaren. Disse fejl kan for eksempel opst\u00e5, n\u00e5r atmosf\u00e6ren er meget st\u00f8vet eller sandet. I dette tilf\u00e6lde kan radarens signaler afb\u00f8jes eller forstyrres, og det kan ske, at radaren viser nedb\u00f8r, selvom der i virkeligheden ikke er nogen.<\/p>\n<h3 class=\"p1\">Hvad er den mest regnfulde by i verden?<\/h3>\n<p class=\"p1\">If\u00f8lge en unders\u00f8gelse foretaget af <a href=\"https:\/\/www.colorado.edu\/\" target=\"_blank\" rel=\"noopener\">University of Colorado Boulder<\/a>, den mest regnfulde by i verden er Mumbai, Indien. Byen fik titlen, fordi den i gennemsnit modtager 940 millimeter nedb\u00f8r \u00e5rligt.<\/p>\n<p class=\"p1\">Mumbai er ikke den eneste by i Indien, der modtager nedb\u00f8r. Kolkata, Chennai og Bangalore er ogs\u00e5 meget regnfulde byer i Indien. De fire byer har dog forskellige nedb\u00f8rsm\u00f8nstre. Mens Mumbai kan modtage regn hele \u00e5ret, modtager de tre andre byer regn hovedsageligt i m\u00e5nederne juni til september.<\/p>","protected":false},"excerpt":{"rendered":"<p>Regnradar \u2013 aktuel regnudsigt Vejret kan hurtigt skifte, og det er godt at vide, hvor regnen pr\u00e6cist g\u00e5r hen. Med regnradaren har du altid den aktuelle vejrsituation i udsigt! Men hvad er regnradar, hvordan virker det, og hvad kan det forudsige? Hvad er en regnradar?...&nbsp;<a href=\"https:\/\/weather-radar24.com\/da\/regn-radar\/\" rel=\"bookmark\">Read More &raquo;<span class=\"screen-reader-text\">Regn radar<\/span><\/a><\/p>","protected":false},"author":1,"featured_media":111,"parent":0,"menu_order":0,"comment_status":"closed","ping_status":"closed","template":"","meta":{"neve_meta_sidebar":"","neve_meta_container":"","neve_meta_enable_content_width":"off","neve_meta_content_width":100,"neve_meta_title_alignment":"","neve_meta_author_avatar":"","neve_post_elements_order":"","neve_meta_disable_header":"","neve_meta_disable_footer":"","neve_meta_disable_title":"on","neve_meta_reading_time":"","footnotes":""},"class_list":["post-52","page","type-page","status-publish","has-post-thumbnail","hentry"],"yoast_head":"<!-- This site is optimized with the Yoast SEO plugin v26.6 - https:\/\/yoast.com\/wordpress\/plugins\/seo\/ -->\n<title>Rain radar - current rain forecast - weather-radar24.com<\/title>\n<meta name=\"description\" content=\"Track the current weather conditions in real time with our rain radar! The weather map shows rain, clouds and snowfall\" \/>\n<meta name=\"robots\" content=\"index, follow, max-snippet:-1, max-image-preview:large, max-video-preview:-1\" \/>\n<link rel=\"canonical\" href=\"https:\/\/weather-radar24.com\/da\/regn-radar\/\" \/>\n<meta property=\"og:locale\" content=\"da_DK\" \/>\n<meta property=\"og:type\" content=\"article\" \/>\n<meta property=\"og:title\" content=\"Rain radar - current rain forecast - weather-radar24.com\" \/>\n<meta property=\"og:description\" content=\"Track the current weather conditions in real time with our rain radar! The weather map shows rain, clouds and snowfall\" \/>\n<meta property=\"og:url\" content=\"https:\/\/weather-radar24.com\/da\/regn-radar\/\" \/>\n<meta property=\"article:modified_time\" content=\"2022-09-03T16:52:23+00:00\" \/>\n<meta property=\"og:image\" content=\"https:\/\/weather-radar24.com\/wp-content\/uploads\/2022\/08\/Bildschirmfoto-2022-08-18-um-12.38.42.png\" \/>\n\t<meta property=\"og:image:width\" content=\"374\" \/>\n\t<meta property=\"og:image:height\" content=\"273\" \/>\n\t<meta property=\"og:image:type\" content=\"image\/png\" \/>\n<meta name=\"twitter:card\" content=\"summary_large_image\" \/>\n<meta name=\"twitter:label1\" content=\"Estimeret l\u00e6setid\" \/>\n\t<meta name=\"twitter:data1\" content=\"4 minutter\" \/>\n<script type=\"application\/ld+json\" class=\"yoast-schema-graph\">{\"@context\":\"https:\/\/schema.org\",\"@graph\":[{\"@type\":\"WebPage\",\"@id\":\"https:\/\/weather-radar24.com\/rain-radar\/\",\"url\":\"https:\/\/weather-radar24.com\/rain-radar\/\",\"name\":\"Rain radar - current rain forecast - weather-radar24.com\",\"isPartOf\":{\"@id\":\"https:\/\/weather-radar24.com\/#website\"},\"primaryImageOfPage\":{\"@id\":\"https:\/\/weather-radar24.com\/rain-radar\/#primaryimage\"},\"image\":{\"@id\":\"https:\/\/weather-radar24.com\/rain-radar\/#primaryimage\"},\"thumbnailUrl\":\"https:\/\/weather-radar24.com\/wp-content\/uploads\/2022\/08\/Bildschirmfoto-2022-08-18-um-12.38.42.png\",\"datePublished\":\"2022-08-17T19:16:02+00:00\",\"dateModified\":\"2022-09-03T16:52:23+00:00\",\"description\":\"Track the current weather conditions in real time with our rain radar! The weather map shows rain, clouds and snowfall\",\"breadcrumb\":{\"@id\":\"https:\/\/weather-radar24.com\/rain-radar\/#breadcrumb\"},\"inLanguage\":\"da-DK\",\"potentialAction\":[{\"@type\":\"ReadAction\",\"target\":[\"https:\/\/weather-radar24.com\/rain-radar\/\"]}]},{\"@type\":\"ImageObject\",\"inLanguage\":\"da-DK\",\"@id\":\"https:\/\/weather-radar24.com\/rain-radar\/#primaryimage\",\"url\":\"https:\/\/weather-radar24.com\/wp-content\/uploads\/2022\/08\/Bildschirmfoto-2022-08-18-um-12.38.42.png\",\"contentUrl\":\"https:\/\/weather-radar24.com\/wp-content\/uploads\/2022\/08\/Bildschirmfoto-2022-08-18-um-12.38.42.png\",\"width\":374,\"height\":273,\"caption\":\"Rain radar\"},{\"@type\":\"BreadcrumbList\",\"@id\":\"https:\/\/weather-radar24.com\/rain-radar\/#breadcrumb\",\"itemListElement\":[{\"@type\":\"ListItem\",\"position\":1,\"name\":\"Startseite\",\"item\":\"https:\/\/weather-radar24.com\/\"},{\"@type\":\"ListItem\",\"position\":2,\"name\":\"Rain radar\"}]},{\"@type\":\"WebSite\",\"@id\":\"https:\/\/weather-radar24.com\/#website\",\"url\":\"https:\/\/weather-radar24.com\/\",\"name\":\"\",\"description\":\"\",\"potentialAction\":[{\"@type\":\"SearchAction\",\"target\":{\"@type\":\"EntryPoint\",\"urlTemplate\":\"https:\/\/weather-radar24.com\/?s={search_term_string}\"},\"query-input\":{\"@type\":\"PropertyValueSpecification\",\"valueRequired\":true,\"valueName\":\"search_term_string\"}}],\"inLanguage\":\"da-DK\"}]}<\/script>\n<!-- \/ Yoast SEO plugin. -->","yoast_head_json":{"title":"Regnradar - aktuel regnudsigt - weather-radar24.com","description":"Spor de aktuelle vejrforhold i realtid med vores regnradar! Vejrkortet viser regn, skyer og snefald","robots":{"index":"index","follow":"follow","max-snippet":"max-snippet:-1","max-image-preview":"max-image-preview:large","max-video-preview":"max-video-preview:-1"},"canonical":"https:\/\/weather-radar24.com\/da\/regn-radar\/","og_locale":"da_DK","og_type":"article","og_title":"Rain radar - current rain forecast - weather-radar24.com","og_description":"Track the current weather conditions in real time with our rain radar! The weather map shows rain, clouds and snowfall","og_url":"https:\/\/weather-radar24.com\/da\/regn-radar\/","article_modified_time":"2022-09-03T16:52:23+00:00","og_image":[{"width":374,"height":273,"url":"https:\/\/weather-radar24.com\/wp-content\/uploads\/2022\/08\/Bildschirmfoto-2022-08-18-um-12.38.42.png","type":"image\/png"}],"twitter_card":"summary_large_image","twitter_misc":{"Estimeret l\u00e6setid":"4 minutter"},"schema":{"@context":"https:\/\/schema.org","@graph":[{"@type":"WebPage","@id":"https:\/\/weather-radar24.com\/rain-radar\/","url":"https:\/\/weather-radar24.com\/rain-radar\/","name":"Regnradar - aktuel regnudsigt - weather-radar24.com","isPartOf":{"@id":"https:\/\/weather-radar24.com\/#website"},"primaryImageOfPage":{"@id":"https:\/\/weather-radar24.com\/rain-radar\/#primaryimage"},"image":{"@id":"https:\/\/weather-radar24.com\/rain-radar\/#primaryimage"},"thumbnailUrl":"https:\/\/weather-radar24.com\/wp-content\/uploads\/2022\/08\/Bildschirmfoto-2022-08-18-um-12.38.42.png","datePublished":"2022-08-17T19:16:02+00:00","dateModified":"2022-09-03T16:52:23+00:00","description":"Spor de aktuelle vejrforhold i realtid med vores regnradar! Vejrkortet viser regn, skyer og snefald","breadcrumb":{"@id":"https:\/\/weather-radar24.com\/rain-radar\/#breadcrumb"},"inLanguage":"da-DK","potentialAction":[{"@type":"ReadAction","target":["https:\/\/weather-radar24.com\/rain-radar\/"]}]},{"@type":"ImageObject","inLanguage":"da-DK","@id":"https:\/\/weather-radar24.com\/rain-radar\/#primaryimage","url":"https:\/\/weather-radar24.com\/wp-content\/uploads\/2022\/08\/Bildschirmfoto-2022-08-18-um-12.38.42.png","contentUrl":"https:\/\/weather-radar24.com\/wp-content\/uploads\/2022\/08\/Bildschirmfoto-2022-08-18-um-12.38.42.png","width":374,"height":273,"caption":"Rain radar"},{"@type":"BreadcrumbList","@id":"https:\/\/weather-radar24.com\/rain-radar\/#breadcrumb","itemListElement":[{"@type":"ListItem","position":1,"name":"Startseite","item":"https:\/\/weather-radar24.com\/"},{"@type":"ListItem","position":2,"name":"Rain radar"}]},{"@type":"WebSite","@id":"https:\/\/weather-radar24.com\/#website","url":"https:\/\/weather-radar24.com\/","name":"","description":"","potentialAction":[{"@type":"SearchAction","target":{"@type":"EntryPoint","urlTemplate":"https:\/\/weather-radar24.com\/?s={search_term_string}"},"query-input":{"@type":"PropertyValueSpecification","valueRequired":true,"valueName":"search_term_string"}}],"inLanguage":"da-DK"}]}},"_links":{"self":[{"href":"https:\/\/weather-radar24.com\/da\/wp-json\/wp\/v2\/pages\/52","targetHints":{"allow":["GET"]}}],"collection":[{"href":"https:\/\/weather-radar24.com\/da\/wp-json\/wp\/v2\/pages"}],"about":[{"href":"https:\/\/weather-radar24.com\/da\/wp-json\/wp\/v2\/types\/page"}],"author":[{"embeddable":true,"href":"https:\/\/weather-radar24.com\/da\/wp-json\/wp\/v2\/users\/1"}],"replies":[{"embeddable":true,"href":"https:\/\/weather-radar24.com\/da\/wp-json\/wp\/v2\/comments?post=52"}],"version-history":[{"count":6,"href":"https:\/\/weather-radar24.com\/da\/wp-json\/wp\/v2\/pages\/52\/revisions"}],"predecessor-version":[{"id":200,"href":"https:\/\/weather-radar24.com\/da\/wp-json\/wp\/v2\/pages\/52\/revisions\/200"}],"wp:featuredmedia":[{"embeddable":true,"href":"https:\/\/weather-radar24.com\/da\/wp-json\/wp\/v2\/media\/111"}],"wp:attachment":[{"href":"https:\/\/weather-radar24.com\/da\/wp-json\/wp\/v2\/media?parent=52"}],"curies":[{"name":"wp","href":"https:\/\/api.w.org\/{rel}","templated":true}]}}