{"id":54,"date":"2022-08-17T21:16:21","date_gmt":"2022-08-17T19:16:21","guid":{"rendered":"https:\/\/weather-radar24.com\/?page_id=54"},"modified":"2022-09-07T17:52:46","modified_gmt":"2022-09-07T15:52:46","slug":"wind-radar","status":"publish","type":"page","link":"https:\/\/weather-radar24.com\/da\/vind-radar\/","title":{"rendered":"Vindradar"},"content":{"rendered":"<h1>Vindradar \u2013 m\u00e5l vindstyrke og vindhastighed<\/h1>\n<p>Vi m\u00f8der st\u00e6rk og svag vind overalt i hverdagen. Men jo st\u00e6rkere kraften er, jo farligere kan de blive. En vindradar viser let, hvor kraftig vind bl\u00e6ser og i hvilken retning.<br \/>\n<iframe loading=\"lazy\" src=\"https:\/\/embed.windy.com\/embed2.html?lat=36.161&amp;lon=-98.080&amp;detailLat=36.161&amp;detailLon=-98.080&amp;width=650&amp;height=450&amp;zoom=4&amp;level=surface&amp;overlay=wind&amp;product=ecmwf&amp;menu=&amp;message=true&amp;marker=&amp;calendar=24&amp;pressure=&amp;type=map&amp;location=coordinates&amp;detail=&amp;metricWind=mph&amp;metricTemp=%C2%B0F&amp;radarRange=-1\" width=\"100%\" height=\"600\" frameborder=\"0\"><\/iframe><\/p>\n<h2 class=\"p1\">Hvordan vindradaren virker<\/h2>\n<p class=\"p1\">Det digitale vindkort er et kort, der viser vejret, i dette tilf\u00e6lde specifikt vind, i \u00f8jeblikket og med en vejrudsigt. Sm\u00e5 bev\u00e6gelige prikker med forskellige farver og retninger repr\u00e6senterer vindst\u00f8dens styrke og forl\u00f8b. P\u00e5 kortet er det muligt at se, hvordan vindsituationen er og kan udvikle sig i visse omr\u00e5der af verden. P\u00e5 denne m\u00e5de kan farlige storme forudsiges og omr\u00e5der med h\u00f8j- og lavtryk kan identificeres.<\/p>\n<p class=\"p1\">For at g\u00f8re dette sender en vindradar elektromagnetiske signaler ud i atmosf\u00e6ren via antenner. Forskellige vejrf\u00e6nomener s\u00e5som vind, <a href=\"https:\/\/weather-radar24.com\/da\/snedaekke-kort\/\">sne<\/a> eller <a href=\"https:\/\/weather-radar24.com\/da\/regn-radar\/\">regn<\/a> sende dem tilbage med varierende intensitet. P\u00e5 baggrund af dataene kan systemet drage konklusioner om vejret, dets styrke og retning. Dette bruges s\u00e5 til at lave det digitale vindkort.<\/p>\n<h2 class=\"p1\">Hvad betyder farverne i vindradaren?<\/h2>\n<p class=\"p1\">Farverne repr\u00e6senterer forskellige vindstyrker og kan afl\u00e6ses fra legenden. Hastigheden m\u00e5les i kilometer i timen.<\/p>\n<p class=\"p1\">A distinction is made between weak and strong winds, the colors of which are differentiated. Blue stands for gentle winds with a speed of approximately 1 to 23,6 mph, yellow for 23,6-45,9 mph. If the color becomes red, the wind also becomes dangerous: the wind force here can range from 46 mph to over 72,7 mph. The latter is rated as a <a href=\"https:\/\/weather-radar24.com\/da\/orkan-tracker\/\">orkan<\/a>. The latter is considered a hurricane.<\/p>\n<h3 class=\"p1\">Forskellige typer vind og deres oprindelse<\/h3>\n<p class=\"p1\">Der er forskellige typer vind, som a <a href=\"https:\/\/weather-radar24.com\/da\/\">vejrradar<\/a> kan m\u00e5le. Disse omfatter for eksempel passatvindene, som bl\u00e6ser fra en region til en anden. Dette sker for at skabe en trykbalance mellem et omr\u00e5de med h\u00f8jtryk og et omr\u00e5de med lavtryk. S\u00e5danne dannes ofte p\u00e5 grund af temperaturforskelle i forskellige regioner.<\/p>\n<p class=\"p1\">Fremherskende vinde dannes, n\u00e5r solen opvarmer jorden, og luften stiger op i luften. K\u00f8lig luft synker til jorden, og vinden skaber ogs\u00e5 her en balance, som foreg\u00e5r t\u00e6t p\u00e5 jorden.<\/p>\n<p class=\"p1\">En jetstr\u00f8m er derimod en vind i stor h\u00f8jde. Det er n\u00e6ppe m\u00e6rkbart p\u00e5 jorden, men det har en v\u00e6sentlig indflydelse p\u00e5 vejrforholdene og styrken af andre vinde. Du kan forestille dig en jetstr\u00f8m som et hurtigt luftb\u00e6lte i atmosf\u00e6ren.<\/p>\n<p class=\"p1\">Luftstr\u00f8mmenes hastighed m\u00e5les for at bestemme vindstyrken. Dette plejede at v\u00e6re en vanskelig opgave, indtil Francis Beaufort opfandt vindm\u00e5leren i 1806. Enheden best\u00e5r af sm\u00e5 skaller, der roterer i en cirkel omkring en akse drevet af vind. Jo h\u00f8jere styrke, jo hurtigere bev\u00e6gelse. En computer beregner vindstyrken ud fra dette og giver hastigheden i kilometer i timen eller miles. Intensiteten kan afl\u00e6ses direkte ved hj\u00e6lp af Beaufort-skalaen fra disse figurer.<\/p>\n<h2 class=\"p1\">Den ber\u00f8mte skala \u2013 Beaufort vindskalaen<\/h2>\n<table class=\"responsive\">\n<tbody>\n<tr style=\"height: 23px;\">\n<td style=\"width: 16.6667%; height: 23px;\"><span style=\"color: #000000;\"><strong>Vindstyrke<\/strong><\/span><\/td>\n<td style=\"width: 16.7756%; height: 23px;\"><span style=\"color: #000000;\"><strong>Beskrivelse<\/strong><\/span><\/td>\n<td style=\"width: 16.3399%; height: 23px;\"><span style=\"color: #000000;\"><strong>km\/t<\/strong><\/span><\/td>\n<td style=\"width: 16.2309%; height: 23px;\"><span style=\"color: #000000;\"><strong>m<span style=\"color: #000000;\">\/s<\/span><\/strong><\/span><\/td>\n<td style=\"width: 16.122%; height: 23px;\"><span style=\"color: #000000;\"><strong>kn<\/strong><\/span><\/td>\n<td style=\"width: 16.2309%; height: 23px;\"><span style=\"color: #000000;\"><strong>mph<\/strong><\/span><\/td>\n<\/tr>\n<tr style=\"height: 23px;\">\n<td style=\"width: 16.6667%; height: 23px;\">0<\/td>\n<td style=\"width: 16.7756%; height: 23px;\"><strong>Berolige<\/strong><\/td>\n<td style=\"width: 16.3399%; height: 23px;\">0 \u2013 1<\/td>\n<td style=\"width: 16.2309%; height: 23px;\">0,0 \u2013 &lt;0,3<\/td>\n<td style=\"width: 16.122%; height: 23px;\">0 \u2013 &lt;1<\/td>\n<td style=\"width: 16.2309%; height: 23px;\">0 \u2013 &lt;1,2<\/td>\n<\/tr>\n<tr style=\"height: 23px;\">\n<td style=\"width: 16.6667%; height: 23px;\">1<\/td>\n<td style=\"width: 16.7756%; height: 23px;\"><strong>Let luft<\/strong><\/td>\n<td style=\"width: 16.3399%; height: 23px;\">1 \u2013 5<\/td>\n<td style=\"width: 16.2309%; height: 23px;\">0,3 \u2013 &lt;1,6<\/td>\n<td style=\"width: 16.122%; height: 23px;\">1 \u2013 &lt;4<\/td>\n<td style=\"width: 16.2309%; height: 23px;\">1,2 \u2013 &lt;4,6<\/td>\n<\/tr>\n<tr style=\"height: 23px;\">\n<td style=\"width: 16.6667%; height: 23px;\">2<\/td>\n<td style=\"width: 16.7756%; height: 23px;\"><strong>Let brise<\/strong><\/td>\n<td style=\"width: 16.3399%; height: 23px;\">6 \u2013 11<\/td>\n<td style=\"width: 16.2309%; height: 23px;\">1,6 \u2013 &lt;3,4<\/td>\n<td style=\"width: 16.122%; height: 23px;\">4 \u2013 &lt;7<\/td>\n<td style=\"width: 16.2309%; height: 23px;\">4,6 \u2013 &lt;8,1<\/td>\n<\/tr>\n<tr style=\"height: 23px;\">\n<td style=\"width: 16.6667%; height: 23px;\">3<\/td>\n<td style=\"width: 16.7756%; height: 23px;\"><strong>Mild brise<\/strong><\/td>\n<td style=\"width: 16.3399%; height: 23px;\">12 \u2013 19<\/td>\n<td style=\"width: 16.2309%; height: 23px;\">3,4 \u2013 &lt;5,5<\/td>\n<td style=\"width: 16.122%; height: 23px;\">7 \u2013 &lt;11<\/td>\n<td style=\"width: 16.2309%; height: 23px;\">8,1 \u2013 &lt;12,7<\/td>\n<\/tr>\n<tr style=\"height: 23px;\">\n<td style=\"width: 16.6667%; height: 23px;\">4<\/td>\n<td style=\"width: 16.7756%; height: 23px;\"><strong>Moderat brise<\/strong><\/td>\n<td style=\"width: 16.3399%; height: 23px;\">20 \u2013 28<\/td>\n<td style=\"width: 16.2309%; height: 23px;\">5,5 \u2013 &lt;8,0<\/td>\n<td style=\"width: 16.122%; height: 23px;\">11 \u2013 &lt;16<\/td>\n<td style=\"width: 16.2309%; height: 23px;\">12,7 \u2013 &lt;18,4<\/td>\n<\/tr>\n<tr style=\"height: 23px;\">\n<td style=\"width: 16.6667%; height: 23px;\">5<\/td>\n<td class=\"tb-unimp\" style=\"width: 16.7756%; height: 23px;\"><strong>St\u00e6rk brise<\/strong><\/td>\n<td style=\"width: 16.3399%; height: 23px;\">29 \u2013 38<\/td>\n<td style=\"width: 16.2309%; height: 23px;\">8,0 \u2013 &lt;10,8<\/td>\n<td style=\"width: 16.122%; height: 23px;\">16 \u2013 &lt;22<\/td>\n<td style=\"width: 16.2309%; height: 23px;\">18,4 \u2013 &lt;25,3<\/td>\n<\/tr>\n<tr style=\"height: 23px;\">\n<td style=\"width: 16.6667%; height: 23px;\">6<\/td>\n<td style=\"width: 16.7756%; height: 23px;\"><strong>St\u00e6rk brise<\/strong><\/td>\n<td style=\"width: 16.3399%; height: 23px;\">39 \u2013 49<\/td>\n<td style=\"width: 16.2309%; height: 23px;\">10,8 \u2013 &lt;13,9<\/td>\n<td style=\"width: 16.122%; height: 23px;\">22 \u2013 &lt;28<\/td>\n<td style=\"width: 16.2309%; height: 23px;\">25,3 \u2013 &lt;32,2<\/td>\n<\/tr>\n<tr style=\"height: 23px;\">\n<td style=\"width: 16.6667%; height: 23px;\">7<\/td>\n<td style=\"width: 16.7756%; height: 23px;\"><strong>I n\u00e6rheden af Gale<\/strong><\/td>\n<td style=\"width: 16.3399%; height: 23px;\">50 \u2013 61<\/td>\n<td style=\"width: 16.2309%; height: 23px;\">13,9 \u2013 &lt;17,2<\/td>\n<td style=\"width: 16.122%; height: 23px;\">28 \u2013 &lt;34<\/td>\n<td style=\"width: 16.2309%; height: 23px;\">32,2 \u2013 &lt;39,1<\/td>\n<\/tr>\n<tr style=\"height: 23px;\">\n<td style=\"width: 16.6667%; height: 23px;\">8<\/td>\n<td style=\"width: 16.7756%; height: 23px;\"><strong>Gale Wind<\/strong><\/td>\n<td style=\"width: 16.3399%; height: 23px;\">62 \u2013 74<\/td>\n<td style=\"width: 16.2309%; height: 23px;\">17,2 \u2013 &lt;20,8<\/td>\n<td style=\"width: 16.122%; height: 23px;\">34 \u2013 &lt;41<\/td>\n<td style=\"width: 16.2309%; height: 23px;\">39,1 \u2013 &lt;47,2<\/td>\n<\/tr>\n<tr style=\"height: 23px;\">\n<td style=\"width: 16.6667%; height: 23px;\">9<\/td>\n<td style=\"width: 16.7756%; height: 23px;\"><strong>St\u00e6rk kuling<\/strong><\/td>\n<td style=\"width: 16.3399%; height: 23px;\">75 \u2013 88<\/td>\n<td style=\"width: 16.2309%; height: 23px;\">20,8 \u2013 &lt;24,5<\/td>\n<td style=\"width: 16.122%; height: 23px;\">41 \u2013 &lt;48<\/td>\n<td style=\"width: 16.2309%; height: 23px;\">47,2 \u2013 &lt;55,2<\/td>\n<\/tr>\n<tr style=\"height: 23px;\">\n<td style=\"width: 16.6667%; height: 23px;\">10<\/td>\n<td style=\"width: 16.7756%; height: 23px;\"><strong>Storm<\/strong><\/td>\n<td style=\"width: 16.3399%; height: 23px;\">89 \u2013 102<\/td>\n<td style=\"width: 16.2309%; height: 23px;\">24,5 \u2013 &lt;28,5<\/td>\n<td style=\"width: 16.122%; height: 23px;\">48 \u2013 &lt;56<\/td>\n<td style=\"width: 16.2309%; height: 23px;\">55,2 \u2013 &lt;64,4<\/td>\n<\/tr>\n<tr style=\"height: 23px;\">\n<td style=\"width: 16.6667%; height: 23px;\">11<\/td>\n<td style=\"width: 16.7756%; height: 23px;\"><strong>Voldsom Storm<\/strong><\/td>\n<td style=\"width: 16.3399%;\">103 \u2013 117<\/td>\n<td style=\"width: 16.2309%; height: 23px;\">28,5 \u2013 &lt;32,7<\/td>\n<td style=\"width: 16.122%; height: 23px;\">56 \u2013 &lt;64<\/td>\n<td style=\"width: 16.2309%; height: 23px;\">64,4 \u2013 &lt;73,6<\/td>\n<\/tr>\n<tr style=\"height: 23px;\">\n<td style=\"width: 16.6667%; height: 23px;\">12<\/td>\n<td style=\"width: 16.7756%; height: 23px;\"><strong><a href=\"https:\/\/weather-radar24.com\/da\/hurrikan-tracker\/\">Orkan<\/a><\/strong><\/td>\n<td style=\"width: 16.3399%; height: 23px;\">\u2265 117<\/td>\n<td style=\"width: 16.2309%; height: 23px;\">\u2265 32,7<\/td>\n<td style=\"width: 16.122%; height: 23px;\">\u2265 64<\/td>\n<td style=\"width: 16.2309%; height: 23px;\">\u2265 73,6<\/td>\n<\/tr>\n<\/tbody>\n<\/table>\n<p class=\"p1\">Det <a href=\"https:\/\/www.spc.noaa.gov\/faq\/tornado\/beaufort.html\" target=\"_blank\" rel=\"noopener\">Beaufort vindskala<\/a> er en skala skabt af opfinderen af samme navn, hvorp\u00e5 man kan inddele vindintensiteten i kategorier ud fra hastigheden. Det afg\u00f8rende er, hvilken effekt en vind med en vis fart har p\u00e5 milj\u00f8et. S\u00e5ledes sp\u00e6nder skalaen fra vindstyrke 0 \u2013 vindstille, til vindstyrke 5 \u2013 frisk brise, til vindstyrke 12 \u2013 orkan. Styrken kan ogs\u00e5 nemt beregnes: Tag vindens hastighed i knob plus 5 og divider resultatet med 5.<\/p>\n<h3 class=\"p1\">Er vindstyrke 12 farlig?<\/h3>\n<p class=\"p1\">Force 12 betragtes som en orkan i henhold til Beaufort-skalaen. Vinden har en hastighed p\u00e5 mere end 73 mph og er markeret kraftigt r\u00f8dt p\u00e5 vindradaren. En orkan kan have farlige konsekvenser, da vinden kan rive grene af tr\u00e6er, rive tr\u00e6er op med rode og slynge l\u00f8se ting hen over jorden. Skader p\u00e5 bygninger eller problemer med at k\u00f8re biler p\u00e5 grund af stormen er ogs\u00e5 mulige. Vinde med styrke 12 er sj\u00e6ldne, men efterlader store \u00f8del\u00e6ggelser i deres k\u00f8lvand. Generelt tilr\u00e5des forsigtighed fra kategori 5, og fra 10 b\u00f8r man ikke forlade huset, hvis det er muligt.<\/p>\n<h4 class=\"p1\">Resum\u00e9<\/h4>\n<p class=\"p1\">Vinde er fascinerende naturf\u00e6nomener, men afh\u00e6ngigt af deres intensitet kan de ogs\u00e5 v\u00e6re farlige. En vindradar bestemmer vejret ved hj\u00e6lp af elektromagnetiske signaler og optages i en digital vindradar eller vindkort. Udsigter er ogs\u00e5 mulige, som du kender dem fra vejrudsigten. Beaufort-skalaen opdeler vinde i kategorier og bestemmer den potentielle fare for milj\u00f8et baseret p\u00e5 deres hastighed. Hvis vejrkortet viser r\u00f8dt, m\u00e5 du hellere blive hjemme.<\/p>","protected":false},"excerpt":{"rendered":"<p>Vindradar \u2013 m\u00e5l vindstyrke og vindhastighed Vi m\u00f8der st\u00e6rk og svag vind overalt i hverdagen. Men jo st\u00e6rkere kraften er, jo farligere kan de blive. En vindradar viser let, hvor kraftig vind bl\u00e6ser og i hvilken retning. S\u00e5dan fungerer vindradaren Det digitale vindkort er et...&nbsp;<a href=\"https:\/\/weather-radar24.com\/da\/vind-radar\/\" rel=\"bookmark\">Read More &raquo;<span class=\"screen-reader-text\">Vindradar<\/span><\/a><\/p>","protected":false},"author":1,"featured_media":105,"parent":0,"menu_order":0,"comment_status":"closed","ping_status":"closed","template":"","meta":{"neve_meta_sidebar":"","neve_meta_container":"","neve_meta_enable_content_width":"off","neve_meta_content_width":100,"neve_meta_title_alignment":"","neve_meta_author_avatar":"","neve_post_elements_order":"","neve_meta_disable_header":"","neve_meta_disable_footer":"","neve_meta_disable_title":"on","neve_meta_reading_time":"","footnotes":""},"class_list":["post-54","page","type-page","status-publish","has-post-thumbnail","hentry"],"yoast_head":"<!-- This site is optimized with the Yoast SEO plugin v26.6 - https:\/\/yoast.com\/wordpress\/plugins\/seo\/ -->\n<title>Wind radar - measure wind force and wind speed<\/title>\n<meta name=\"description\" content=\"Wind Radar - Track the current wind force and wind speed with live data and wind forecast for the next few days.\" \/>\n<meta name=\"robots\" content=\"index, follow, max-snippet:-1, max-image-preview:large, max-video-preview:-1\" \/>\n<link rel=\"canonical\" href=\"https:\/\/weather-radar24.com\/da\/vind-radar\/\" \/>\n<meta property=\"og:locale\" content=\"da_DK\" \/>\n<meta property=\"og:type\" content=\"article\" \/>\n<meta property=\"og:title\" content=\"Wind radar - measure wind force and wind speed\" \/>\n<meta property=\"og:description\" content=\"Wind Radar - Track the current wind force and wind speed with live data and wind forecast for the next few days.\" \/>\n<meta property=\"og:url\" content=\"https:\/\/weather-radar24.com\/da\/vind-radar\/\" \/>\n<meta property=\"article:modified_time\" content=\"2022-09-07T15:52:46+00:00\" \/>\n<meta property=\"og:image\" content=\"https:\/\/weather-radar24.com\/wp-content\/uploads\/2022\/08\/Bildschirmfoto-2022-08-18-um-13.26.16.png\" \/>\n\t<meta property=\"og:image:width\" content=\"420\" \/>\n\t<meta property=\"og:image:height\" content=\"271\" \/>\n\t<meta property=\"og:image:type\" content=\"image\/png\" \/>\n<meta name=\"twitter:card\" content=\"summary_large_image\" \/>\n<meta name=\"twitter:label1\" content=\"Estimeret l\u00e6setid\" \/>\n\t<meta name=\"twitter:data1\" content=\"5 minutter\" \/>\n<script type=\"application\/ld+json\" class=\"yoast-schema-graph\">{\"@context\":\"https:\/\/schema.org\",\"@graph\":[{\"@type\":\"WebPage\",\"@id\":\"https:\/\/weather-radar24.com\/wind-radar\/\",\"url\":\"https:\/\/weather-radar24.com\/wind-radar\/\",\"name\":\"Wind radar - measure wind force and wind speed\",\"isPartOf\":{\"@id\":\"https:\/\/weather-radar24.com\/#website\"},\"primaryImageOfPage\":{\"@id\":\"https:\/\/weather-radar24.com\/wind-radar\/#primaryimage\"},\"image\":{\"@id\":\"https:\/\/weather-radar24.com\/wind-radar\/#primaryimage\"},\"thumbnailUrl\":\"https:\/\/weather-radar24.com\/wp-content\/uploads\/2022\/08\/Bildschirmfoto-2022-08-18-um-13.26.16.png\",\"datePublished\":\"2022-08-17T19:16:21+00:00\",\"dateModified\":\"2022-09-07T15:52:46+00:00\",\"description\":\"Wind Radar - Track the current wind force and wind speed with live data and wind forecast for the next few days.\",\"breadcrumb\":{\"@id\":\"https:\/\/weather-radar24.com\/wind-radar\/#breadcrumb\"},\"inLanguage\":\"da-DK\",\"potentialAction\":[{\"@type\":\"ReadAction\",\"target\":[\"https:\/\/weather-radar24.com\/wind-radar\/\"]}]},{\"@type\":\"ImageObject\",\"inLanguage\":\"da-DK\",\"@id\":\"https:\/\/weather-radar24.com\/wind-radar\/#primaryimage\",\"url\":\"https:\/\/weather-radar24.com\/wp-content\/uploads\/2022\/08\/Bildschirmfoto-2022-08-18-um-13.26.16.png\",\"contentUrl\":\"https:\/\/weather-radar24.com\/wp-content\/uploads\/2022\/08\/Bildschirmfoto-2022-08-18-um-13.26.16.png\",\"width\":420,\"height\":271,\"caption\":\"Wind radar\"},{\"@type\":\"BreadcrumbList\",\"@id\":\"https:\/\/weather-radar24.com\/wind-radar\/#breadcrumb\",\"itemListElement\":[{\"@type\":\"ListItem\",\"position\":1,\"name\":\"Startseite\",\"item\":\"https:\/\/weather-radar24.com\/\"},{\"@type\":\"ListItem\",\"position\":2,\"name\":\"Wind radar\"}]},{\"@type\":\"WebSite\",\"@id\":\"https:\/\/weather-radar24.com\/#website\",\"url\":\"https:\/\/weather-radar24.com\/\",\"name\":\"\",\"description\":\"\",\"potentialAction\":[{\"@type\":\"SearchAction\",\"target\":{\"@type\":\"EntryPoint\",\"urlTemplate\":\"https:\/\/weather-radar24.com\/?s={search_term_string}\"},\"query-input\":{\"@type\":\"PropertyValueSpecification\",\"valueRequired\":true,\"valueName\":\"search_term_string\"}}],\"inLanguage\":\"da-DK\"}]}<\/script>\n<!-- \/ Yoast SEO plugin. -->","yoast_head_json":{"title":"Vindradar - m\u00e5l vindstyrke og vindhastighed","description":"Vindradar - Spor den aktuelle vindstyrke og vindhastighed med livedata og vindudsigt for de n\u00e6ste par dage.","robots":{"index":"index","follow":"follow","max-snippet":"max-snippet:-1","max-image-preview":"max-image-preview:large","max-video-preview":"max-video-preview:-1"},"canonical":"https:\/\/weather-radar24.com\/da\/vind-radar\/","og_locale":"da_DK","og_type":"article","og_title":"Wind radar - measure wind force and wind speed","og_description":"Wind Radar - Track the current wind force and wind speed with live data and wind forecast for the next few days.","og_url":"https:\/\/weather-radar24.com\/da\/vind-radar\/","article_modified_time":"2022-09-07T15:52:46+00:00","og_image":[{"width":420,"height":271,"url":"https:\/\/weather-radar24.com\/wp-content\/uploads\/2022\/08\/Bildschirmfoto-2022-08-18-um-13.26.16.png","type":"image\/png"}],"twitter_card":"summary_large_image","twitter_misc":{"Estimeret l\u00e6setid":"5 minutter"},"schema":{"@context":"https:\/\/schema.org","@graph":[{"@type":"WebPage","@id":"https:\/\/weather-radar24.com\/wind-radar\/","url":"https:\/\/weather-radar24.com\/wind-radar\/","name":"Vindradar - m\u00e5l vindstyrke og vindhastighed","isPartOf":{"@id":"https:\/\/weather-radar24.com\/#website"},"primaryImageOfPage":{"@id":"https:\/\/weather-radar24.com\/wind-radar\/#primaryimage"},"image":{"@id":"https:\/\/weather-radar24.com\/wind-radar\/#primaryimage"},"thumbnailUrl":"https:\/\/weather-radar24.com\/wp-content\/uploads\/2022\/08\/Bildschirmfoto-2022-08-18-um-13.26.16.png","datePublished":"2022-08-17T19:16:21+00:00","dateModified":"2022-09-07T15:52:46+00:00","description":"Vindradar - Spor den aktuelle vindstyrke og vindhastighed med livedata og vindudsigt for de n\u00e6ste par dage.","breadcrumb":{"@id":"https:\/\/weather-radar24.com\/wind-radar\/#breadcrumb"},"inLanguage":"da-DK","potentialAction":[{"@type":"ReadAction","target":["https:\/\/weather-radar24.com\/wind-radar\/"]}]},{"@type":"ImageObject","inLanguage":"da-DK","@id":"https:\/\/weather-radar24.com\/wind-radar\/#primaryimage","url":"https:\/\/weather-radar24.com\/wp-content\/uploads\/2022\/08\/Bildschirmfoto-2022-08-18-um-13.26.16.png","contentUrl":"https:\/\/weather-radar24.com\/wp-content\/uploads\/2022\/08\/Bildschirmfoto-2022-08-18-um-13.26.16.png","width":420,"height":271,"caption":"Wind radar"},{"@type":"BreadcrumbList","@id":"https:\/\/weather-radar24.com\/wind-radar\/#breadcrumb","itemListElement":[{"@type":"ListItem","position":1,"name":"Startseite","item":"https:\/\/weather-radar24.com\/"},{"@type":"ListItem","position":2,"name":"Wind radar"}]},{"@type":"WebSite","@id":"https:\/\/weather-radar24.com\/#website","url":"https:\/\/weather-radar24.com\/","name":"","description":"","potentialAction":[{"@type":"SearchAction","target":{"@type":"EntryPoint","urlTemplate":"https:\/\/weather-radar24.com\/?s={search_term_string}"},"query-input":{"@type":"PropertyValueSpecification","valueRequired":true,"valueName":"search_term_string"}}],"inLanguage":"da-DK"}]}},"_links":{"self":[{"href":"https:\/\/weather-radar24.com\/da\/wp-json\/wp\/v2\/pages\/54","targetHints":{"allow":["GET"]}}],"collection":[{"href":"https:\/\/weather-radar24.com\/da\/wp-json\/wp\/v2\/pages"}],"about":[{"href":"https:\/\/weather-radar24.com\/da\/wp-json\/wp\/v2\/types\/page"}],"author":[{"embeddable":true,"href":"https:\/\/weather-radar24.com\/da\/wp-json\/wp\/v2\/users\/1"}],"replies":[{"embeddable":true,"href":"https:\/\/weather-radar24.com\/da\/wp-json\/wp\/v2\/comments?post=54"}],"version-history":[{"count":10,"href":"https:\/\/weather-radar24.com\/da\/wp-json\/wp\/v2\/pages\/54\/revisions"}],"predecessor-version":[{"id":212,"href":"https:\/\/weather-radar24.com\/da\/wp-json\/wp\/v2\/pages\/54\/revisions\/212"}],"wp:featuredmedia":[{"embeddable":true,"href":"https:\/\/weather-radar24.com\/da\/wp-json\/wp\/v2\/media\/105"}],"wp:attachment":[{"href":"https:\/\/weather-radar24.com\/da\/wp-json\/wp\/v2\/media?parent=54"}],"curies":[{"name":"wp","href":"https:\/\/api.w.org\/{rel}","templated":true}]}}