{"id":83,"date":"2022-08-19T19:55:15","date_gmt":"2022-08-19T17:55:15","guid":{"rendered":"https:\/\/weather-radar24.com\/?page_id=83"},"modified":"2022-08-19T21:41:25","modified_gmt":"2022-08-19T19:41:25","slug":"satellite-map","status":"publish","type":"page","link":"https:\/\/weather-radar24.com\/da\/satellit-kort\/","title":{"rendered":"Satellit kort"},"content":{"rendered":"<h1 class=\"p1\"><b>Satellitkort \u2013 se satellitter d\u00f8gnet rundt i realtid!<\/b><\/h1>\n<p><img loading=\"lazy\" decoding=\"async\" class=\"aligncenter wp-image-132 size-full\" src=\"https:\/\/weather-radar24.com\/wp-content\/uploads\/2022\/08\/satellite-g443ef3dfb_640.jpeg\" alt=\"Satellit kort\" width=\"640\" height=\"423\" srcset=\"https:\/\/weather-radar24.com\/wp-content\/uploads\/2022\/08\/satellite-g443ef3dfb_640.jpeg 640w, https:\/\/weather-radar24.com\/wp-content\/uploads\/2022\/08\/satellite-g443ef3dfb_640-300x198.jpeg 300w\" sizes=\"auto, (max-width: 640px) 100vw, 640px\" \/><\/p>\n<p class=\"p1\">P\u00e5 en klar nat bev\u00e6ger mange kunstige satellitter sig hen over himlen. De ligner langsomt bev\u00e6gende stjerner og skinner klart. Normalt tager de i gennemsnit 10 minutter at bev\u00e6ge sig fra horisont til horisont. Den Internationale Rumstation (ISS) og Hubble-rumteleskopet er blandt de mest kendte objekter, der kredser om Jorden. Hvis du studerer himlen omhyggeligt ved daggry eller skumringstid, beh\u00f8ver du sandsynligvis ikke vente mere end 15 minutter for at se en af de mere end 35.000 satellitter, der kredser om Jorden.<\/p>\n<h2 class=\"p1\">Hvordan kan satellitter observeres?<\/h2>\n<p class=\"p1\">Faktisk er de fleste objekter i kredsl\u00f8b om Jorden for sm\u00e5 til at se med det blotte \u00f8je. Is\u00e6r hvis de er affald. Ikke desto mindre er der et par hundrede genstande, som kan ses uden yderligere optiske hj\u00e6lpemidler. Dette g\u00e6lder for satellitter, der er mindst 6 meter h\u00f8je og kredser om Jorden i en h\u00f8jde p\u00e5 omkring 160 km til 650 km.<\/p>\n<p class=\"p1\">Satellitter har ingen ekstern belysning. For at se et af disse objekter skal satellitten reflektere sollys. Nogle af disse flyvende objekter har en r\u00e6kke solpaneler, s\u00e5 de er s\u00e6rligt nemme at se, fordi lyset reflekteres. Udover at levere alle former for kommunikationskanaler, bruges de ogs\u00e5 til <a href=\"https:\/\/weather-radar24.com\/da\/\">vejrudsigt<\/a>.<\/p>\n<h2 class=\"p1\">Hvilken slags satellitter findes der?<\/h2>\n<p class=\"p1\">Der er to typer satellitter, geostation\u00e6re og pol\u00e6re satellitter. Sidstn\u00e6vnte er kendt for at flyve i lav h\u00f8jde. De kredser ofte om vores planet inden for 100 minutter. S\u00e5danne satellitter er p\u00e5 vej for at fotografere Jorden eller tage andre m\u00e5linger.<\/p>\n<p class=\"p1\">Desv\u00e6rre tillader polar-kredsende fart\u00f8jer ikke kontinuerlig observation. Geostation\u00e6re objekter giver meget bedre forhold her. De har samme hastighed som jordens rotation. Fordi disse satellitter sv\u00e6ver i et bestemt omr\u00e5de, kan de observeres kontinuerligt.<\/p>\n<h3 class=\"p1\">Kan satellitter ses med det blotte \u00f8je?<\/h3>\n<p class=\"p1\">P\u00e5 grund af deres baner har lavtflyvende objekter et pr\u00e6cist tidsvindue, hvor de passerer observationsstedet. Resten af tiden er de under horisonten og derfor ikke synlige.<\/p>\n<p class=\"p1\">Desv\u00e6rre kan en observation ikke kun planl\u00e6gges i henhold til tiden, der g\u00e5r, fordi belysningen af det flyvende objekt ogs\u00e5 skal tages i betragtning. For at se en satellit perfekt skal observat\u00f8ren v\u00e6re i m\u00f8rket og satellitten i lyset. Af denne grund er tidspunkter lige f\u00f8r solopgang eller solnedgang s\u00e6rligt velegnede. ISS kan ses uden optiske hj\u00e6lpemidler. Det er ideelt at v\u00e6re langt v\u00e6k fra forstyrrende lyskilder. Selvf\u00f8lgelig letter en skyfri himmel synet.<\/p>\n<h2 class=\"p1\">Hvordan observerer man SpaceX&#039;s Starlink-satellitter?<\/h2>\n<p class=\"p1\">For at tilbyde billig internetmodtagelse p\u00e5 verdensplan planl\u00e6gger SpaceX et netv\u00e6rk af mere end 12.000 Starlink-satellitter i den f\u00f8rste fase af udvidelsen. I \u00f8jeblikket kredser omkring 2000 af disse rumfart\u00f8jer om Jorden i h\u00f8jder p\u00e5 440 til 550 kilometer. Mens de bev\u00e6ger sig hen over nattehimlen, opf\u00f8rer disse menneskeskabte h\u00e5ndv\u00e6rk et spektakul\u00e6rt himmelshow for observat\u00f8rer p\u00e5 Jorden.<\/p>\n<p class=\"p1\">For \u00f8jet ser SpaceX Starlink-satellitterne ud som et tog p\u00e5 himlen, mens de bev\u00e6ger sig i en lige linje hen over himlen. I \u00f8jeblikket kredser objekterne om Jorden med 90 minutters intervaller. De er ret synlige med det blotte \u00f8je og giver et spektakul\u00e6rt syn, hvis du ved, hvor du skal lede efter dem. For at s\u00f8ge efter Starlink p\u00e5 himlen anbefales en Satellite Tracker-app (https:\/\/vitotechnology.com\/apps\/satellite-tracker).<\/p>\n<h2 class=\"p1\">F\u00f8lg Starlink-satellitter fra SpaceX live<\/h2>\n<p class=\"p1\">Her kan du spore Starlink-satelliter i realtid d\u00f8gnet rundt.<\/p>\n<p><iframe loading=\"lazy\" style=\"border: 0px #ffffff none;\" src=\"https:\/\/findstarlink.com\/#2924625;3\" name=\"myiFrame\" width=\"1300px\" height=\"580px\" frameborder=\"1\" marginwidth=\"0px\" marginheight=\"0px\" scrolling=\"no\" allowfullscreen=\"allowfullscreen\"><\/iframe><\/p>\n<h3 class=\"p1\">Hvor mange satellitter har Starlink i \u00f8jeblikket?<\/h3>\n<p class=\"p1\">Den f\u00f8rste september 2021 rapporterede SpaceX, at omkring 4500 satellitter er online. Men p\u00e5 grund af en solstorm er omkring 50 af disse fart\u00f8jer faldet ud af kredsl\u00f8b. En Starlink-satellit vejer omkring 260 kg og er p\u00e5 st\u00f8rrelse med et bord. I en opsendelse f\u00f8rer Falcom-9-raketten omkring 60 satellitter i kredsl\u00f8b.<\/p>\n<p class=\"p1\">De fleste af disse kunstige rumfart\u00f8jer bruges til bredb\u00e5ndsinternetforbindelse. Modtagelse af retter til en Starlink-forbindelse er i \u00f8jeblikket tilg\u00e6ngelig i USA og Canada. Flyveh\u00f8jder p\u00e5 560 til 720 kilometer er planlagt til senere generationer.<\/p>\n<h2 class=\"p1\"><strong>Hvorn\u00e5r og hvor kan du se ISS?<\/strong><\/h2>\n<p class=\"p1\">Den Internationale Rumstation (ISS) er et flyvende laboratorium, der drives af mange nationer. Stationen flyver i omkring 400 kilometers h\u00f8jde og er let synlig fra Jorden. Den store struktur reflekterer indkommende sollys og fremst\u00e5r som et str\u00e5lende lyspunkt p\u00e5 himlen. If\u00f8lge NASA er ISS det lyseste objekt p\u00e5 nattehimlen ved siden af m\u00e5nen og kan endda observeres i en by.<\/p>\n<p class=\"p1\">Endnu mere er ISS et fantastisk observationsobjekt for mennesker i landdistrikterne. At f\u00e5 \u00f8je p\u00e5 rumstationen kr\u00e6ver ikke noget s\u00e6rligt udstyr, da det kan ses med det blotte \u00f8je. Du skal bare vide, hvor du skal lede efter det.<\/p>\n<p class=\"p1\">ISS rejser med en hastighed p\u00e5 28.000 km\/t og gennemf\u00f8rer 16 kredsl\u00f8b om jorden om dagen. Rumstationen er synlig, fordi den reflekterer sollys. Om dagen er det for lyst; de bedste observationstider er ved daggry og skumringstid.<\/p>\n<h2 class=\"p1\">Aktuel live-position for ISS<\/h2>\n<p class=\"p1\">Dette satellitkort viser n\u00f8jagtigt positionen og h\u00f8jden af den internationale rumstation. ISS er et af de nemmeste objekter at observere p\u00e5 nattehimlen. Hvis du vil vide pr\u00e6cis, hvor rumstationen er, b\u00f8r du bruge satellitradaren.<\/p>\n<p class=\"p1\">En virtuel rundvisning i ISS rumstationen kan findes <a href=\"https:\/\/esamultimedia.esa.int\/multimedia\/virtual-tour-iss\/\" target=\"_blank\" rel=\"noopener\">her<\/a>.<\/p>\n<p class=\"p1\">Her kan du se den aktuelle position for den internationale rumstation (ISS) i realtid.<\/p>\n<p><iframe loading=\"lazy\" style=\"border: 0px #ffffff none;\" src=\"https:\/\/www.lizard-tail.com\/isana\/tracking\/\" name=\"myiFrame\" width=\"1300px\" height=\"580px\" frameborder=\"1\" marginwidth=\"0px\" marginheight=\"0px\" scrolling=\"no\" allowfullscreen=\"allowfullscreen\"><\/iframe><\/p>\n<h3 class=\"p1\">Hvilken satellit er l\u00e6ngst v\u00e6k fra Jorden?<\/h3>\n<p class=\"p1\">Det rumfart\u00f8j, der er l\u00e6ngst v\u00e6k fra Jorden, er Voyager 1, som forlod vores solsystem i en afstand af omkring 23 milliarder kilometer. Den efterf\u00f8lges af Voyager 2, som allerede har tilbagelagt 14 milliarder kilometer. Disse rumfart\u00f8jer er uden for r\u00e6kkevidden af optiske instrumenter. New Horizon er et andet rumfart\u00f8j, der vil forlade vores solsystem.<\/p>\n<p class=\"p1\">Det <a href=\"https:\/\/webb.nasa.gov\/\" target=\"_blank\" rel=\"noopener\">James-Webb rumteleskop<\/a> er ogs\u00e5 forskellig fra andre rumfart\u00f8jer. If\u00f8lge NASA kredser Hubble-teleskopet om Jorden i en afstand af omkring 570 kilometer over planetens overflade. James-Webb-teleskopet er stationeret meget l\u00e6ngere fra Jorden end Hubble eller andre satellitter. NASAs nyeste teleskop opererer i kredsl\u00f8b i en afstand af 1,5 millioner kilometer fra Jorden.<\/p>\n<h2 class=\"p1\">Nuv\u00e6rende stilling for Voyager 1<\/h2>\n<p class=\"p1\">Voyager 1 er et NASA-rumfart\u00f8j og det fjerneste objekt fra Jorden, det er det f\u00f8rste rumfart\u00f8j, der n\u00e5r det interstellare rum.<\/p>\n<p><iframe loading=\"lazy\" style=\"border: 0px #ffffff none;\" src=\"https:\/\/eyes.nasa.gov\/apps\/orrery\/#\/sc_voyager_1\" name=\"myiFrame\" width=\"1300px\" height=\"580px\" frameborder=\"1\" marginwidth=\"0px\" marginheight=\"0px\" scrolling=\"no\" allowfullscreen=\"allowfullscreen\"><span data-mce-type=\"bookmark\" style=\"display: inline-block; width: 0px; overflow: hidden; line-height: 0;\" class=\"mce_SELRES_start\"><\/span><\/iframe><br \/>\nKredit: NASA\/JPL-Caltech<\/p>","protected":false},"excerpt":{"rendered":"<p>Satellitkort \u2013 se satellitter d\u00f8gnet rundt i realtid! P\u00e5 en klar nat bev\u00e6ger mange kunstige satellitter sig hen over himlen. De ligner langsomt bev\u00e6gende stjerner og skinner klart. Normalt tager de i gennemsnit 10 minutter at bev\u00e6ge sig fra horisont til horisont. Den Internationale Rumstation (ISS) og Hubble-rumteleskopet er...&nbsp;<a href=\"https:\/\/weather-radar24.com\/da\/satellit-kort\/\" rel=\"bookmark\">Read More &raquo;<span class=\"screen-reader-text\">Satellit kort<\/span><\/a><\/p>","protected":false},"author":1,"featured_media":132,"parent":0,"menu_order":0,"comment_status":"closed","ping_status":"closed","template":"","meta":{"neve_meta_sidebar":"","neve_meta_container":"","neve_meta_enable_content_width":"off","neve_meta_content_width":100,"neve_meta_title_alignment":"","neve_meta_author_avatar":"","neve_post_elements_order":"","neve_meta_disable_header":"","neve_meta_disable_footer":"","neve_meta_disable_title":"on","neve_meta_reading_time":"","footnotes":""},"class_list":["post-83","page","type-page","status-publish","has-post-thumbnail","hentry"],"yoast_head":"<!-- This site is optimized with the Yoast SEO plugin v27.3 - https:\/\/yoast.com\/product\/yoast-seo-wordpress\/ -->\n<title>Satellite Map - watch satellites around the clock in real-time!<\/title>\n<meta name=\"description\" content=\"This satellite Map shows the exact position and altitude of the International Space Station (ISS) and Starlink satellites from SpaceX\" \/>\n<meta name=\"robots\" content=\"index, follow, max-snippet:-1, max-image-preview:large, max-video-preview:-1\" \/>\n<link rel=\"canonical\" href=\"https:\/\/weather-radar24.com\/da\/satellit-kort\/\" \/>\n<meta property=\"og:locale\" content=\"da_DK\" \/>\n<meta property=\"og:type\" content=\"article\" \/>\n<meta property=\"og:title\" content=\"Satellite Map - watch satellites around the clock in real-time!\" \/>\n<meta property=\"og:description\" content=\"This satellite Map shows the exact position and altitude of the International Space Station (ISS) and Starlink satellites from SpaceX\" \/>\n<meta property=\"og:url\" content=\"https:\/\/weather-radar24.com\/da\/satellit-kort\/\" \/>\n<meta property=\"article:modified_time\" content=\"2022-08-19T19:41:25+00:00\" \/>\n<meta property=\"og:image\" content=\"https:\/\/weather-radar24.com\/wp-content\/uploads\/2022\/08\/satellite-g443ef3dfb_640.jpeg\" \/>\n\t<meta property=\"og:image:width\" content=\"640\" \/>\n\t<meta property=\"og:image:height\" content=\"423\" \/>\n\t<meta property=\"og:image:type\" content=\"image\/jpeg\" \/>\n<meta name=\"twitter:card\" content=\"summary_large_image\" \/>\n<meta name=\"twitter:label1\" content=\"Estimeret l\u00e6setid\" \/>\n\t<meta name=\"twitter:data1\" content=\"7 minutter\" \/>\n<script type=\"application\/ld+json\" class=\"yoast-schema-graph\">{\"@context\":\"https:\\\/\\\/schema.org\",\"@graph\":[{\"@type\":\"WebPage\",\"@id\":\"https:\\\/\\\/weather-radar24.com\\\/satellite-map\\\/\",\"url\":\"https:\\\/\\\/weather-radar24.com\\\/satellite-map\\\/\",\"name\":\"Satellite Map - watch satellites around the clock in real-time!\",\"isPartOf\":{\"@id\":\"https:\\\/\\\/weather-radar24.com\\\/#website\"},\"primaryImageOfPage\":{\"@id\":\"https:\\\/\\\/weather-radar24.com\\\/satellite-map\\\/#primaryimage\"},\"image\":{\"@id\":\"https:\\\/\\\/weather-radar24.com\\\/satellite-map\\\/#primaryimage\"},\"thumbnailUrl\":\"https:\\\/\\\/weather-radar24.com\\\/wp-content\\\/uploads\\\/2022\\\/08\\\/satellite-g443ef3dfb_640.jpeg\",\"datePublished\":\"2022-08-19T17:55:15+00:00\",\"dateModified\":\"2022-08-19T19:41:25+00:00\",\"description\":\"This satellite Map shows the exact position and altitude of the International Space Station (ISS) and Starlink satellites from SpaceX\",\"breadcrumb\":{\"@id\":\"https:\\\/\\\/weather-radar24.com\\\/satellite-map\\\/#breadcrumb\"},\"inLanguage\":\"da-DK\",\"potentialAction\":[{\"@type\":\"ReadAction\",\"target\":[\"https:\\\/\\\/weather-radar24.com\\\/satellite-map\\\/\"]}]},{\"@type\":\"ImageObject\",\"inLanguage\":\"da-DK\",\"@id\":\"https:\\\/\\\/weather-radar24.com\\\/satellite-map\\\/#primaryimage\",\"url\":\"https:\\\/\\\/weather-radar24.com\\\/wp-content\\\/uploads\\\/2022\\\/08\\\/satellite-g443ef3dfb_640.jpeg\",\"contentUrl\":\"https:\\\/\\\/weather-radar24.com\\\/wp-content\\\/uploads\\\/2022\\\/08\\\/satellite-g443ef3dfb_640.jpeg\",\"width\":640,\"height\":423,\"caption\":\"Satellite Map\"},{\"@type\":\"BreadcrumbList\",\"@id\":\"https:\\\/\\\/weather-radar24.com\\\/satellite-map\\\/#breadcrumb\",\"itemListElement\":[{\"@type\":\"ListItem\",\"position\":1,\"name\":\"Startseite\",\"item\":\"https:\\\/\\\/weather-radar24.com\\\/\"},{\"@type\":\"ListItem\",\"position\":2,\"name\":\"Satellite Map\"}]},{\"@type\":\"WebSite\",\"@id\":\"https:\\\/\\\/weather-radar24.com\\\/#website\",\"url\":\"https:\\\/\\\/weather-radar24.com\\\/\",\"name\":\"\",\"description\":\"\",\"potentialAction\":[{\"@type\":\"SearchAction\",\"target\":{\"@type\":\"EntryPoint\",\"urlTemplate\":\"https:\\\/\\\/weather-radar24.com\\\/?s={search_term_string}\"},\"query-input\":{\"@type\":\"PropertyValueSpecification\",\"valueRequired\":true,\"valueName\":\"search_term_string\"}}],\"inLanguage\":\"da-DK\"}]}<\/script>\n<!-- \/ Yoast SEO plugin. -->","yoast_head_json":{"title":"Satellitkort - se satellitter d\u00f8gnet rundt i realtid!","description":"Dette satellitkort viser den n\u00f8jagtige position og h\u00f8jden af den internationale rumstation (ISS) og Starlink-satellitter fra SpaceX","robots":{"index":"index","follow":"follow","max-snippet":"max-snippet:-1","max-image-preview":"max-image-preview:large","max-video-preview":"max-video-preview:-1"},"canonical":"https:\/\/weather-radar24.com\/da\/satellit-kort\/","og_locale":"da_DK","og_type":"article","og_title":"Satellite Map - watch satellites around the clock in real-time!","og_description":"This satellite Map shows the exact position and altitude of the International Space Station (ISS) and Starlink satellites from SpaceX","og_url":"https:\/\/weather-radar24.com\/da\/satellit-kort\/","article_modified_time":"2022-08-19T19:41:25+00:00","og_image":[{"width":640,"height":423,"url":"https:\/\/weather-radar24.com\/wp-content\/uploads\/2022\/08\/satellite-g443ef3dfb_640.jpeg","type":"image\/jpeg"}],"twitter_card":"summary_large_image","twitter_misc":{"Estimeret l\u00e6setid":"7 minutter"},"schema":{"@context":"https:\/\/schema.org","@graph":[{"@type":"WebPage","@id":"https:\/\/weather-radar24.com\/satellite-map\/","url":"https:\/\/weather-radar24.com\/satellite-map\/","name":"Satellitkort - se satellitter d\u00f8gnet rundt i realtid!","isPartOf":{"@id":"https:\/\/weather-radar24.com\/#website"},"primaryImageOfPage":{"@id":"https:\/\/weather-radar24.com\/satellite-map\/#primaryimage"},"image":{"@id":"https:\/\/weather-radar24.com\/satellite-map\/#primaryimage"},"thumbnailUrl":"https:\/\/weather-radar24.com\/wp-content\/uploads\/2022\/08\/satellite-g443ef3dfb_640.jpeg","datePublished":"2022-08-19T17:55:15+00:00","dateModified":"2022-08-19T19:41:25+00:00","description":"Dette satellitkort viser den n\u00f8jagtige position og h\u00f8jden af den internationale rumstation (ISS) og Starlink-satellitter fra SpaceX","breadcrumb":{"@id":"https:\/\/weather-radar24.com\/satellite-map\/#breadcrumb"},"inLanguage":"da-DK","potentialAction":[{"@type":"ReadAction","target":["https:\/\/weather-radar24.com\/satellite-map\/"]}]},{"@type":"ImageObject","inLanguage":"da-DK","@id":"https:\/\/weather-radar24.com\/satellite-map\/#primaryimage","url":"https:\/\/weather-radar24.com\/wp-content\/uploads\/2022\/08\/satellite-g443ef3dfb_640.jpeg","contentUrl":"https:\/\/weather-radar24.com\/wp-content\/uploads\/2022\/08\/satellite-g443ef3dfb_640.jpeg","width":640,"height":423,"caption":"Satellite Map"},{"@type":"BreadcrumbList","@id":"https:\/\/weather-radar24.com\/satellite-map\/#breadcrumb","itemListElement":[{"@type":"ListItem","position":1,"name":"Startseite","item":"https:\/\/weather-radar24.com\/"},{"@type":"ListItem","position":2,"name":"Satellite Map"}]},{"@type":"WebSite","@id":"https:\/\/weather-radar24.com\/#website","url":"https:\/\/weather-radar24.com\/","name":"","description":"","potentialAction":[{"@type":"SearchAction","target":{"@type":"EntryPoint","urlTemplate":"https:\/\/weather-radar24.com\/?s={search_term_string}"},"query-input":{"@type":"PropertyValueSpecification","valueRequired":true,"valueName":"search_term_string"}}],"inLanguage":"da-DK"}]}},"_links":{"self":[{"href":"https:\/\/weather-radar24.com\/da\/wp-json\/wp\/v2\/pages\/83","targetHints":{"allow":["GET"]}}],"collection":[{"href":"https:\/\/weather-radar24.com\/da\/wp-json\/wp\/v2\/pages"}],"about":[{"href":"https:\/\/weather-radar24.com\/da\/wp-json\/wp\/v2\/types\/page"}],"author":[{"embeddable":true,"href":"https:\/\/weather-radar24.com\/da\/wp-json\/wp\/v2\/users\/1"}],"replies":[{"embeddable":true,"href":"https:\/\/weather-radar24.com\/da\/wp-json\/wp\/v2\/comments?post=83"}],"version-history":[{"count":5,"href":"https:\/\/weather-radar24.com\/da\/wp-json\/wp\/v2\/pages\/83\/revisions"}],"predecessor-version":[{"id":134,"href":"https:\/\/weather-radar24.com\/da\/wp-json\/wp\/v2\/pages\/83\/revisions\/134"}],"wp:featuredmedia":[{"embeddable":true,"href":"https:\/\/weather-radar24.com\/da\/wp-json\/wp\/v2\/media\/132"}],"wp:attachment":[{"href":"https:\/\/weather-radar24.com\/da\/wp-json\/wp\/v2\/media?parent=83"}],"curies":[{"name":"wp","href":"https:\/\/api.w.org\/{rel}","templated":true}]}}