{"id":86,"date":"2022-08-19T01:26:27","date_gmt":"2022-08-18T23:26:27","guid":{"rendered":"https:\/\/weather-radar24.com\/?page_id=86"},"modified":"2022-09-07T18:02:00","modified_gmt":"2022-09-07T16:02:00","slug":"hurricane-tracker","status":"publish","type":"page","link":"https:\/\/weather-radar24.com\/da\/orkan-tracker\/","title":{"rendered":"Orkan Tracker"},"content":{"rendered":"<h1>Hurricane Tracker Live kort<\/h1>\n<p>Har du nogensinde spekuleret p\u00e5, hvor de seneste orkaner er, hvor store eller st\u00e6rke de kan v\u00e6re, og i hvilken retning de bev\u00e6ger sig? Hvis dette er noget, du har overvejet, er vores unikke gratis orkansporingsv\u00e6rkt\u00f8j m\u00e5ske lige den mulighed, du har brug for. Det giver en enkel l\u00f8sning til at holde styr p\u00e5 de st\u00f8rste og farligste <a href=\"https:\/\/weather-radar24.com\/da\/storm-radar\/\">aktuelle storme<\/a> og orkaner!<\/p>\n<p><iframe loading=\"lazy\" src=\"https:\/\/embed.windy.com\/embed2.html?lat=36.161&amp;lon=-98.080&amp;detailLat=36.161&amp;detailLon=-98.080&amp;width=650&amp;height=450&amp;zoom=4&amp;level=surface&amp;overlay=wind&amp;product=ecmwf&amp;menu=&amp;message=true&amp;marker=&amp;calendar=24&amp;pressure=&amp;type=map&amp;location=coordinates&amp;detail=&amp;metricWind=mph&amp;metricTemp=%C2%B0F&amp;radarRange=-1\" width=\"100%\" height=\"600\" frameborder=\"0\" data-dashlane-frameid=\"404\"><\/iframe><\/p>\n<p style=\"text-align: center;\"><strong>Flyt kortet for at finde den storm, du vil spore.<\/strong><\/p>\n<h3>Risiko for atlantiske tropiske cykloner<\/h3>\n<p><img loading=\"lazy\" decoding=\"async\" class=\"aligncenter\" src=\"https:\/\/www.nhc.noaa.gov\/xgtwo\/two_atl_0d0.png?021757\" alt=\"\" width=\"900\" height=\"601\" \/><\/p>\n<h3>Risiko for tropiske cykloner i det \u00f8stlige Stillehav<\/h3>\n<p><img loading=\"lazy\" decoding=\"async\" class=\"aligncenter\" src=\"https:\/\/www.nhc.noaa.gov\/xgtwo\/two_pac_0d0.png?021743\" alt=\"\" width=\"900\" height=\"601\" \/><\/p>\n<h3>Risiko for tropisk storm i Det Indiske Ocean<\/h3>\n<p><img loading=\"lazy\" decoding=\"async\" class=\"alignnone\" src=\"https:\/\/www.metoc.navy.mil\/jtwc\/products\/abpwsair.jpg\" alt=\"Indiske Ocean Tropical Weather Outlook fra JTWC\" width=\"2100\" height=\"1500\" \/><\/p>\n<h2 class=\"p4\">Hvad er en orkan?<span class=\"Apple-converted-space\">\u00a0<\/span><\/h2>\n<p class=\"p5\">En orkan er, n\u00e5r det er enklest, et stormsystem, der roterer hurtigt omkring et centralt punkt, ofte kaldet &quot;stormens \u00f8je&quot;. Under en orkan, intens <a href=\"https:\/\/weather-radar24.com\/da\/vind-radar\/\">vind<\/a> hastigheder er ofte ledsaget af d\u00e5rlig atmosf\u00e6risk cirkulation og tordenvejr.<span class=\"Apple-converted-space\">\u00a0<\/span><\/p>\n<h2 class=\"p6\">Den v\u00e6rste 21<span class=\"s2\"><sup>st<\/sup><\/span> \u00e5rhundredes globale orkaner<\/h2>\n<p class=\"p5\">Orkaner varierer i sv\u00e6rhedsgrad. Men nogle af de v\u00e6rste og mest magtfulde 21<span class=\"s3\"><sup>st<\/sup><\/span> \u00e5rhundredes orkaner, der nogensinde vil n\u00e5 verden, omfatter orkanen Lili i 1996, orkanen Karl i 2004, orkanen Nicola i 2016, orkanen Olga i 2001, orkanen Katrina i 2005, orkanen Florence i 2018 og <a href=\"https:\/\/edition.cnn.com\/specials\/hurricane-irma\" target=\"_blank\" rel=\"noopener\">Orkanen Irma<\/a> i 2016.<span class=\"Apple-converted-space\">\u00a0<\/span><\/p>\n<p class=\"p3\">Hver af disse efterlod en hel del \u00f8del\u00e6ggelser i k\u00f8lvandet. Som s\u00e5dan stoler mange mennesker nu p\u00e5 gratis v\u00e6rkt\u00f8jer til orkansporing til at planl\u00e6gge deres n\u00e6ste skridt (og komme ud af omr\u00e5det, hvis en d\u00e5rlig orkan sandsynligvis er p\u00e5 vej).<\/p>\n<h3 class=\"p4\">Brug af vores gratis Hurricane Tracker-v\u00e6rkt\u00f8j<\/h3>\n<p class=\"p5\">Hvis du gerne vil pr\u00f8ve at bruge vores gratis live kortv\u00e6rkt\u00f8j til orkansporing, skal du blot tr\u00e6kke kortet til det sted, hvor du gerne vil fokusere. Dette giver dig mulighed for at se vindhastigheder og vindretninger for enhver region. Alternativt kan du bruge skyderen i bunden af kortet til at se en fremtidig orkankortforudsigelse, s\u00e5 du kan planl\u00e6gge p\u00e5 forh\u00e5nd for ethvert ugunstigt vejr, der kommer din vej!<\/p>\n<p>Kontrollere <a href=\"https:\/\/weather-radar24.com\/da\/\">her<\/a> for det aktuelle vejr.<\/p>","protected":false},"excerpt":{"rendered":"<p>Hurricane Tracker Live Map Have you ever wondered where the latest hurricanes are, how large or strong they might be, and the direction in which they\u2019re moving? If this is something you have been considering, our unique hurricane tracker free tool might be just the option you need. It provides a simple solution to keep&hellip;&nbsp;<a href=\"https:\/\/weather-radar24.com\/da\/orkan-tracker\/\" rel=\"bookmark\">Read More &raquo;<span class=\"screen-reader-text\">Orkan Tracker<\/span><\/a><\/p>","protected":false},"author":1,"featured_media":130,"parent":0,"menu_order":0,"comment_status":"closed","ping_status":"closed","template":"","meta":{"neve_meta_sidebar":"","neve_meta_container":"","neve_meta_enable_content_width":"off","neve_meta_content_width":100,"neve_meta_title_alignment":"","neve_meta_author_avatar":"","neve_post_elements_order":"","neve_meta_disable_header":"","neve_meta_disable_footer":"","neve_meta_disable_title":"on","neve_meta_reading_time":"","footnotes":""},"class_list":["post-86","page","type-page","status-publish","has-post-thumbnail","hentry"],"yoast_head":"<!-- This site is optimized with the Yoast SEO plugin v26.6 - https:\/\/yoast.com\/wordpress\/plugins\/seo\/ -->\n<title>Hurricane Tracker - Tornado - Typhoon, Live Map<\/title>\n<meta name=\"description\" content=\"Hurricane Tracker \u2713 Includes tracking map, live radar- Track the current wind force, wind speed and wind forecast for the next few days.\" \/>\n<meta name=\"robots\" content=\"index, follow, max-snippet:-1, max-image-preview:large, max-video-preview:-1\" \/>\n<link rel=\"canonical\" href=\"https:\/\/weather-radar24.com\/da\/orkan-tracker\/\" \/>\n<meta property=\"og:locale\" content=\"da_DK\" \/>\n<meta property=\"og:type\" content=\"article\" \/>\n<meta property=\"og:title\" content=\"Hurricane Tracker - Tornado - Typhoon, Live Map\" \/>\n<meta property=\"og:description\" content=\"Hurricane Tracker \u2713 Includes tracking map, live radar- Track the current wind force, wind speed and wind forecast for the next few days.\" \/>\n<meta property=\"og:url\" content=\"https:\/\/weather-radar24.com\/da\/orkan-tracker\/\" \/>\n<meta property=\"article:modified_time\" content=\"2022-09-07T16:02:00+00:00\" \/>\n<meta property=\"og:image\" content=\"https:\/\/weather-radar24.com\/wp-content\/uploads\/2022\/08\/Bildschirmfoto-2022-08-18-um-13.15.21-1.png\" \/>\n\t<meta property=\"og:image:width\" content=\"363\" \/>\n\t<meta property=\"og:image:height\" content=\"277\" \/>\n\t<meta property=\"og:image:type\" content=\"image\/png\" \/>\n<meta name=\"twitter:card\" content=\"summary_large_image\" \/>\n<meta name=\"twitter:label1\" content=\"Estimeret l\u00e6setid\" \/>\n\t<meta name=\"twitter:data1\" content=\"2 minutter\" \/>\n<script type=\"application\/ld+json\" class=\"yoast-schema-graph\">{\"@context\":\"https:\/\/schema.org\",\"@graph\":[{\"@type\":\"WebPage\",\"@id\":\"https:\/\/weather-radar24.com\/hurricane-tracker\/\",\"url\":\"https:\/\/weather-radar24.com\/hurricane-tracker\/\",\"name\":\"Hurricane Tracker - Tornado - Typhoon, Live Map\",\"isPartOf\":{\"@id\":\"https:\/\/weather-radar24.com\/#website\"},\"primaryImageOfPage\":{\"@id\":\"https:\/\/weather-radar24.com\/hurricane-tracker\/#primaryimage\"},\"image\":{\"@id\":\"https:\/\/weather-radar24.com\/hurricane-tracker\/#primaryimage\"},\"thumbnailUrl\":\"https:\/\/weather-radar24.com\/wp-content\/uploads\/2022\/08\/Bildschirmfoto-2022-08-18-um-13.15.21-1.png\",\"datePublished\":\"2022-08-18T23:26:27+00:00\",\"dateModified\":\"2022-09-07T16:02:00+00:00\",\"description\":\"Hurricane Tracker \u2713 Includes tracking map, live radar- Track the current wind force, wind speed and wind forecast for the next few days.\",\"breadcrumb\":{\"@id\":\"https:\/\/weather-radar24.com\/hurricane-tracker\/#breadcrumb\"},\"inLanguage\":\"da-DK\",\"potentialAction\":[{\"@type\":\"ReadAction\",\"target\":[\"https:\/\/weather-radar24.com\/hurricane-tracker\/\"]}]},{\"@type\":\"ImageObject\",\"inLanguage\":\"da-DK\",\"@id\":\"https:\/\/weather-radar24.com\/hurricane-tracker\/#primaryimage\",\"url\":\"https:\/\/weather-radar24.com\/wp-content\/uploads\/2022\/08\/Bildschirmfoto-2022-08-18-um-13.15.21-1.png\",\"contentUrl\":\"https:\/\/weather-radar24.com\/wp-content\/uploads\/2022\/08\/Bildschirmfoto-2022-08-18-um-13.15.21-1.png\",\"width\":363,\"height\":277,\"caption\":\"Hurrikan-Tracker\"},{\"@type\":\"BreadcrumbList\",\"@id\":\"https:\/\/weather-radar24.com\/hurricane-tracker\/#breadcrumb\",\"itemListElement\":[{\"@type\":\"ListItem\",\"position\":1,\"name\":\"Startseite\",\"item\":\"https:\/\/weather-radar24.com\/\"},{\"@type\":\"ListItem\",\"position\":2,\"name\":\"Hurricane Tracker\"}]},{\"@type\":\"WebSite\",\"@id\":\"https:\/\/weather-radar24.com\/#website\",\"url\":\"https:\/\/weather-radar24.com\/\",\"name\":\"\",\"description\":\"\",\"potentialAction\":[{\"@type\":\"SearchAction\",\"target\":{\"@type\":\"EntryPoint\",\"urlTemplate\":\"https:\/\/weather-radar24.com\/?s={search_term_string}\"},\"query-input\":{\"@type\":\"PropertyValueSpecification\",\"valueRequired\":true,\"valueName\":\"search_term_string\"}}],\"inLanguage\":\"da-DK\"}]}<\/script>\n<!-- \/ Yoast SEO plugin. -->","yoast_head_json":{"title":"Hurricane Tracker - Tornado - Tyfon, Live Map","description":"Hurricane Tracker \u2713 Indeholder sporingskort, live radar- Spor den aktuelle vindstyrke, vindhastighed og vindudsigt for de n\u00e6ste par dage.","robots":{"index":"index","follow":"follow","max-snippet":"max-snippet:-1","max-image-preview":"max-image-preview:large","max-video-preview":"max-video-preview:-1"},"canonical":"https:\/\/weather-radar24.com\/da\/orkan-tracker\/","og_locale":"da_DK","og_type":"article","og_title":"Hurricane Tracker - Tornado - Typhoon, Live Map","og_description":"Hurricane Tracker \u2713 Includes tracking map, live radar- Track the current wind force, wind speed and wind forecast for the next few days.","og_url":"https:\/\/weather-radar24.com\/da\/orkan-tracker\/","article_modified_time":"2022-09-07T16:02:00+00:00","og_image":[{"width":363,"height":277,"url":"https:\/\/weather-radar24.com\/wp-content\/uploads\/2022\/08\/Bildschirmfoto-2022-08-18-um-13.15.21-1.png","type":"image\/png"}],"twitter_card":"summary_large_image","twitter_misc":{"Estimeret l\u00e6setid":"2 minutter"},"schema":{"@context":"https:\/\/schema.org","@graph":[{"@type":"WebPage","@id":"https:\/\/weather-radar24.com\/hurricane-tracker\/","url":"https:\/\/weather-radar24.com\/hurricane-tracker\/","name":"Hurricane Tracker - Tornado - Tyfon, Live Map","isPartOf":{"@id":"https:\/\/weather-radar24.com\/#website"},"primaryImageOfPage":{"@id":"https:\/\/weather-radar24.com\/hurricane-tracker\/#primaryimage"},"image":{"@id":"https:\/\/weather-radar24.com\/hurricane-tracker\/#primaryimage"},"thumbnailUrl":"https:\/\/weather-radar24.com\/wp-content\/uploads\/2022\/08\/Bildschirmfoto-2022-08-18-um-13.15.21-1.png","datePublished":"2022-08-18T23:26:27+00:00","dateModified":"2022-09-07T16:02:00+00:00","description":"Hurricane Tracker \u2713 Indeholder sporingskort, live radar- Spor den aktuelle vindstyrke, vindhastighed og vindudsigt for de n\u00e6ste par dage.","breadcrumb":{"@id":"https:\/\/weather-radar24.com\/hurricane-tracker\/#breadcrumb"},"inLanguage":"da-DK","potentialAction":[{"@type":"ReadAction","target":["https:\/\/weather-radar24.com\/hurricane-tracker\/"]}]},{"@type":"ImageObject","inLanguage":"da-DK","@id":"https:\/\/weather-radar24.com\/hurricane-tracker\/#primaryimage","url":"https:\/\/weather-radar24.com\/wp-content\/uploads\/2022\/08\/Bildschirmfoto-2022-08-18-um-13.15.21-1.png","contentUrl":"https:\/\/weather-radar24.com\/wp-content\/uploads\/2022\/08\/Bildschirmfoto-2022-08-18-um-13.15.21-1.png","width":363,"height":277,"caption":"Hurrikan-Tracker"},{"@type":"BreadcrumbList","@id":"https:\/\/weather-radar24.com\/hurricane-tracker\/#breadcrumb","itemListElement":[{"@type":"ListItem","position":1,"name":"Startseite","item":"https:\/\/weather-radar24.com\/"},{"@type":"ListItem","position":2,"name":"Hurricane Tracker"}]},{"@type":"WebSite","@id":"https:\/\/weather-radar24.com\/#website","url":"https:\/\/weather-radar24.com\/","name":"","description":"","potentialAction":[{"@type":"SearchAction","target":{"@type":"EntryPoint","urlTemplate":"https:\/\/weather-radar24.com\/?s={search_term_string}"},"query-input":{"@type":"PropertyValueSpecification","valueRequired":true,"valueName":"search_term_string"}}],"inLanguage":"da-DK"}]}},"_links":{"self":[{"href":"https:\/\/weather-radar24.com\/da\/wp-json\/wp\/v2\/pages\/86","targetHints":{"allow":["GET"]}}],"collection":[{"href":"https:\/\/weather-radar24.com\/da\/wp-json\/wp\/v2\/pages"}],"about":[{"href":"https:\/\/weather-radar24.com\/da\/wp-json\/wp\/v2\/types\/page"}],"author":[{"embeddable":true,"href":"https:\/\/weather-radar24.com\/da\/wp-json\/wp\/v2\/users\/1"}],"replies":[{"embeddable":true,"href":"https:\/\/weather-radar24.com\/da\/wp-json\/wp\/v2\/comments?post=86"}],"version-history":[{"count":10,"href":"https:\/\/weather-radar24.com\/da\/wp-json\/wp\/v2\/pages\/86\/revisions"}],"predecessor-version":[{"id":207,"href":"https:\/\/weather-radar24.com\/da\/wp-json\/wp\/v2\/pages\/86\/revisions\/207"}],"wp:featuredmedia":[{"embeddable":true,"href":"https:\/\/weather-radar24.com\/da\/wp-json\/wp\/v2\/media\/130"}],"wp:attachment":[{"href":"https:\/\/weather-radar24.com\/da\/wp-json\/wp\/v2\/media?parent=86"}],"curies":[{"name":"wp","href":"https:\/\/api.w.org\/{rel}","templated":true}]}}