{"id":44,"date":"2022-08-17T21:14:51","date_gmt":"2022-08-17T19:14:51","guid":{"rendered":"https:\/\/weather-radar24.com\/?page_id=44"},"modified":"2022-09-07T16:59:51","modified_gmt":"2022-09-07T14:59:51","slug":"storm-radar","status":"publish","type":"page","link":"https:\/\/weather-radar24.com\/es\/tormenta-radar\/","title":{"rendered":"Radar de tormenta"},"content":{"rendered":"<h1>Radar de tormentas: pron\u00f3stico actual para condiciones meteorol\u00f3gicas adversas<\/h1>\n<p>\u00bfQu\u00e9 podr\u00eda ser mejor que sentarse afuera y disfrutar del sol cuando hace buen tiempo? Desafortunadamente, el clima no siempre es tan bueno. El radar de tiempo severo es una herramienta importante para advertir sobre el mal tiempo. Pero, \u00bfqu\u00e9 es realmente el radar de clima severo y c\u00f3mo funciona?<br \/>\n<iframe loading=\"lazy\" src=\"https:\/\/embed.windy.com\/embed2.html?lat=39.606&amp;lon=-97.031&amp;detailLat=49.142&amp;detailLon=9.223&amp;width=1300&amp;height=600&amp;zoom=5&amp;level=surface&amp;overlay=capAlerts&amp;product=capAlerts&amp;menu=&amp;message=true&amp;marker=&amp;calendar=now&amp;pressure=&amp;type=map&amp;location=coordinates&amp;detail=&amp;metricWind=default&amp;metricTemp=default&amp;radarRange=-1\" width=\"100%\" height=\"600\" frameborder=\"0\" data-dashlane-frameid=\"1587\"><\/iframe><\/p>\n<h2 class=\"p1\">C\u00f3mo leer el radar Storm<\/h2>\n<p class=\"p1\">En primer lugar, debe saber que el radar Storm es solo una instant\u00e1nea del clima. No dice nada sobre el futuro. Esto significa que siempre debe mirar el radar de clima severo junto con otros datos meteorol\u00f3gicos para obtener la imagen m\u00e1s precisa.<\/p>\n<p class=\"p1\">Cuando miras el radar Storm, generalmente ves algunos colores diferentes. Estos indican qu\u00e9 tan fuerte es la precipitaci\u00f3n en este momento. Cuanto m\u00e1s fuerte es la precipitaci\u00f3n, m\u00e1s oscuro es el color. Sin embargo, los diferentes colores no dicen nada sobre el tipo de precipitaci\u00f3n. As\u00ed que puede ser tanto lluvia como nieve o granizo. Adem\u00e1s, debe tenerse en cuenta que el radar solo muestra la precipitaci\u00f3n que se eleva desde el suelo. Por lo tanto, si no cae ninguna precipitaci\u00f3n sobre el suelo, no la ver\u00e1 en el radar de clima severo. Sin embargo, \u00a1esto no significa necesariamente que no haya precipitaciones!<\/p>\n<p class=\"p1\">A menudo hay zonas donde llueve o nieva, pero la <a href=\"https:\/\/weather-radar24.com\/es\/radar-de-lluvia\/\">lluvia<\/a> o la nieve se evapora antes de llegar al suelo. En este caso, todo lo que ves en el radar es un punto brillante. Por lo tanto, cuando mire el radar de clima severo, siempre tenga en cuenta que es solo una instant\u00e1nea y debe considerarse junto con otros datos meteorol\u00f3gicos.<\/p>\n<h3>Radar de tormentas por sat\u00e9lite<\/h3>\n<p>Aqu\u00ed puedes ver las tormentas desde el espacio.<\/p>\n<p><em><img decoding=\"async\" src=\"https:\/\/s.w-x.co\/staticmaps\/ussat_1280x720.jpg\" \/><\/em><\/p>\n<h3 class=\"p1\">\u00bfC\u00f3mo se forma una tormenta?<\/h3>\n<p class=\"p1\">Una tormenta es un fen\u00f3meno meteorol\u00f3gico creado por una combinaci\u00f3n de fuertes vientos y precipitaciones. los <a href=\"https:\/\/weather-radar24.com\/es\/radar-de-viento\/\">viento<\/a> la velocidad en una tormenta puede alcanzar <a href=\"https:\/\/weather-radar24.com\/es\/rastreador-de-hurrikan\/\">hurac\u00e1n<\/a> la fuerza y la cantidad de precipitaci\u00f3n pueden ser muy altas. Estos dos factores aseguran que una tormenta pueda ser muy peligrosa. \u00bfC\u00f3mo se forma exactamente una tormenta?<\/p>\n<p class=\"p1\">La respuesta no es muy sencilla, ya que existen diferentes tipos de tormentas. Algunas tormentas se forman cuando el aire fr\u00edo de las regiones polares fluye hacia el sur y golpea el aire c\u00e1lido. Este tipo de tormenta se llama depresi\u00f3n. Otras tormentas se forman cuando el aire caliente de los tr\u00f3picos fluye hacia el norte y golpea el aire fr\u00edo. Este tipo de tormenta se llama \u00e1rea de alta presi\u00f3n. En ambos casos, el aire se comprime, lo que da como resultado vientos m\u00e1s fuertes.<\/p>\n<p class=\"p1\">La precipitaci\u00f3n se produce cuando la compresi\u00f3n del aire provoca un aumento de la humedad, que acaba cayendo en forma de lluvia o <a href=\"https:\/\/weather-radar24.com\/es\/mapa-de-la-cobertura-de-nieve\/\">nieve<\/a>. <a href=\"https:\/\/www.nssl.noaa.gov\/education\/svrwx101\/thunderstorms\/faq\/\" target=\"_blank\" rel=\"noopener\">Las tormentas pueden ser muy peligrosas<\/a> y siempre debe tomarse en serio. Si vive en un \u00e1rea donde las tormentas son comunes, debe conocer las mejores medidas a tomar para protegerse a usted y a su familia.<\/p>\n<h3 class=\"p1\">\u00bfQu\u00e9 significa aviso de tormenta?<\/h3>\n<p class=\"p1\">Los avisos de tormenta son emitidos por el servicio meteorol\u00f3gico para alertar al p\u00fablico de una tormenta inminente. Las advertencias de tormenta se emiten cuando se espera una tormenta con vientos de al menos 62,14 mph (Bft 9) o r\u00e1fagas severas. Las advertencias de tormenta suelen ser v\u00e1lidas por un per\u00edodo de 3 a 6 horas. Las advertencias de tormenta generalmente no se emiten por la noche o temprano en la ma\u00f1ana porque es cuando la mayor\u00eda de las personas duermen.<\/p>\n<h3 class=\"p1\">\u00bfCu\u00e1l es el nivel m\u00e1s alto de advertencia de tormenta?<\/h3>\n<p class=\"p1\">Hay cuatro niveles de advertencia de tiempo severo. El nivel m\u00e1s alto es el nivel de advertencia 5, seguido de los niveles de advertencia 4, 3, 2 y 1. Los niveles de advertencia los establece el servicio meteorol\u00f3gico y se basan en varios criterios, como la intensidad y duraci\u00f3n de la tormenta, el alcance de los da\u00f1os y interrupciones de tr\u00e1fico esperadas<\/p>\n<h3 class=\"p1\">\u00bfCu\u00e1nto tiempo tarda en pasar una tormenta?<\/h3>\n<p class=\"p1\">Se acerca una tormenta, pero \u00bfcu\u00e1nto tiempo tienes que mantenerte a salvo? Una tormenta pasa r\u00e1pidamente, tan r\u00e1pido, de hecho, que apenas tienes tiempo para ponerte a salvo. De lo contrario, se prolongar\u00e1 interminablemente y la advertencia de clima severo permanecer\u00e1 vigente. Pero, \u00bfcu\u00e1nto dura realmente una tormenta?<\/p>\n<p class=\"p1\">As\u00ed que la respuesta a esta pregunta no es del todo sencilla. Depende de qu\u00e9 tan fuerte sea la tormenta y en qu\u00e9 regi\u00f3n se encuentre. Por lo general, una tormenta dura entre 30 minutos y una hora. En casos raros, sin embargo, puede durar m\u00e1s tiempo.<\/p>","protected":false},"excerpt":{"rendered":"<p>Radar de tormentas: pron\u00f3stico actual de tiempo severo \u00bfQu\u00e9 podr\u00eda ser mejor que sentarse afuera y disfrutar del sol cuando hace buen tiempo? Desafortunadamente, el clima no siempre es tan bueno. El radar de tiempo severo es una herramienta importante para advertir sobre el mal tiempo. Pero, \u00bfqu\u00e9 es realmente el radar de clima severo y c\u00f3mo\u2026&nbsp;<a href=\"https:\/\/weather-radar24.com\/es\/tormenta-radar\/\" rel=\"bookmark\">Read More &raquo;<span class=\"screen-reader-text\">Radar de tormenta<\/span><\/a><\/p>","protected":false},"author":1,"featured_media":120,"parent":0,"menu_order":0,"comment_status":"closed","ping_status":"closed","template":"","meta":{"neve_meta_sidebar":"","neve_meta_container":"","neve_meta_enable_content_width":"off","neve_meta_content_width":100,"neve_meta_title_alignment":"","neve_meta_author_avatar":"","neve_post_elements_order":"","neve_meta_disable_header":"","neve_meta_disable_footer":"","neve_meta_disable_title":"on","neve_meta_reading_time":"","footnotes":""},"class_list":["post-44","page","type-page","status-publish","has-post-thumbnail","hentry"],"yoast_head":"<!-- This site is optimized with the Yoast SEO plugin v26.6 - https:\/\/yoast.com\/wordpress\/plugins\/seo\/ -->\n<title>Storm radar - current forecast for severe weather<\/title>\n<meta name=\"description\" content=\"Track the current weather conditions in real time with our Storm radar! The weather map shows the forecast for rain and severe weather\" \/>\n<meta name=\"robots\" content=\"index, follow, max-snippet:-1, max-image-preview:large, max-video-preview:-1\" \/>\n<link rel=\"canonical\" href=\"https:\/\/weather-radar24.com\/es\/tormenta-radar\/\" \/>\n<meta property=\"og:locale\" content=\"es_ES\" \/>\n<meta property=\"og:type\" content=\"article\" \/>\n<meta property=\"og:title\" content=\"Storm radar - current forecast for severe weather\" \/>\n<meta property=\"og:description\" content=\"Track the current weather conditions in real time with our Storm radar! The weather map shows the forecast for rain and severe weather\" \/>\n<meta property=\"og:url\" content=\"https:\/\/weather-radar24.com\/es\/tormenta-radar\/\" \/>\n<meta property=\"article:modified_time\" content=\"2022-09-07T14:59:51+00:00\" \/>\n<meta property=\"og:image\" content=\"https:\/\/weather-radar24.com\/wp-content\/uploads\/2022\/08\/Bildschirmfoto-2022-08-18-um-19.20.43.png\" \/>\n\t<meta property=\"og:image:width\" content=\"353\" \/>\n\t<meta property=\"og:image:height\" content=\"258\" \/>\n\t<meta property=\"og:image:type\" content=\"image\/png\" \/>\n<meta name=\"twitter:card\" content=\"summary_large_image\" \/>\n<meta name=\"twitter:label1\" content=\"Tiempo de lectura\" \/>\n\t<meta name=\"twitter:data1\" content=\"4 minutos\" \/>\n<script type=\"application\/ld+json\" class=\"yoast-schema-graph\">{\"@context\":\"https:\/\/schema.org\",\"@graph\":[{\"@type\":\"WebPage\",\"@id\":\"https:\/\/weather-radar24.com\/storm-radar\/\",\"url\":\"https:\/\/weather-radar24.com\/storm-radar\/\",\"name\":\"Storm radar - current forecast for severe weather\",\"isPartOf\":{\"@id\":\"https:\/\/weather-radar24.com\/#website\"},\"primaryImageOfPage\":{\"@id\":\"https:\/\/weather-radar24.com\/storm-radar\/#primaryimage\"},\"image\":{\"@id\":\"https:\/\/weather-radar24.com\/storm-radar\/#primaryimage\"},\"thumbnailUrl\":\"https:\/\/weather-radar24.com\/wp-content\/uploads\/2022\/08\/Bildschirmfoto-2022-08-18-um-19.20.43.png\",\"datePublished\":\"2022-08-17T19:14:51+00:00\",\"dateModified\":\"2022-09-07T14:59:51+00:00\",\"description\":\"Track the current weather conditions in real time with our Storm radar! The weather map shows the forecast for rain and severe weather\",\"breadcrumb\":{\"@id\":\"https:\/\/weather-radar24.com\/storm-radar\/#breadcrumb\"},\"inLanguage\":\"es\",\"potentialAction\":[{\"@type\":\"ReadAction\",\"target\":[\"https:\/\/weather-radar24.com\/storm-radar\/\"]}]},{\"@type\":\"ImageObject\",\"inLanguage\":\"es\",\"@id\":\"https:\/\/weather-radar24.com\/storm-radar\/#primaryimage\",\"url\":\"https:\/\/weather-radar24.com\/wp-content\/uploads\/2022\/08\/Bildschirmfoto-2022-08-18-um-19.20.43.png\",\"contentUrl\":\"https:\/\/weather-radar24.com\/wp-content\/uploads\/2022\/08\/Bildschirmfoto-2022-08-18-um-19.20.43.png\",\"width\":353,\"height\":258,\"caption\":\"Storm radar\"},{\"@type\":\"BreadcrumbList\",\"@id\":\"https:\/\/weather-radar24.com\/storm-radar\/#breadcrumb\",\"itemListElement\":[{\"@type\":\"ListItem\",\"position\":1,\"name\":\"Startseite\",\"item\":\"https:\/\/weather-radar24.com\/\"},{\"@type\":\"ListItem\",\"position\":2,\"name\":\"Storm radar\"}]},{\"@type\":\"WebSite\",\"@id\":\"https:\/\/weather-radar24.com\/#website\",\"url\":\"https:\/\/weather-radar24.com\/\",\"name\":\"\",\"description\":\"\",\"potentialAction\":[{\"@type\":\"SearchAction\",\"target\":{\"@type\":\"EntryPoint\",\"urlTemplate\":\"https:\/\/weather-radar24.com\/?s={search_term_string}\"},\"query-input\":{\"@type\":\"PropertyValueSpecification\",\"valueRequired\":true,\"valueName\":\"search_term_string\"}}],\"inLanguage\":\"es\"}]}<\/script>\n<!-- \/ Yoast SEO plugin. -->","yoast_head_json":{"title":"Radar de tormentas: pron\u00f3stico actual de tiempo severo","description":"\u00a1Sigue las condiciones clim\u00e1ticas actuales en tiempo real con nuestro radar Storm! El mapa meteorol\u00f3gico muestra el pron\u00f3stico de lluvia y clima severo.","robots":{"index":"index","follow":"follow","max-snippet":"max-snippet:-1","max-image-preview":"max-image-preview:large","max-video-preview":"max-video-preview:-1"},"canonical":"https:\/\/weather-radar24.com\/es\/tormenta-radar\/","og_locale":"es_ES","og_type":"article","og_title":"Storm radar - current forecast for severe weather","og_description":"Track the current weather conditions in real time with our Storm radar! The weather map shows the forecast for rain and severe weather","og_url":"https:\/\/weather-radar24.com\/es\/tormenta-radar\/","article_modified_time":"2022-09-07T14:59:51+00:00","og_image":[{"width":353,"height":258,"url":"https:\/\/weather-radar24.com\/wp-content\/uploads\/2022\/08\/Bildschirmfoto-2022-08-18-um-19.20.43.png","type":"image\/png"}],"twitter_card":"summary_large_image","twitter_misc":{"Tiempo de lectura":"4 minutos"},"schema":{"@context":"https:\/\/schema.org","@graph":[{"@type":"WebPage","@id":"https:\/\/weather-radar24.com\/storm-radar\/","url":"https:\/\/weather-radar24.com\/storm-radar\/","name":"Radar de tormentas: pron\u00f3stico actual de tiempo severo","isPartOf":{"@id":"https:\/\/weather-radar24.com\/#website"},"primaryImageOfPage":{"@id":"https:\/\/weather-radar24.com\/storm-radar\/#primaryimage"},"image":{"@id":"https:\/\/weather-radar24.com\/storm-radar\/#primaryimage"},"thumbnailUrl":"https:\/\/weather-radar24.com\/wp-content\/uploads\/2022\/08\/Bildschirmfoto-2022-08-18-um-19.20.43.png","datePublished":"2022-08-17T19:14:51+00:00","dateModified":"2022-09-07T14:59:51+00:00","description":"\u00a1Sigue las condiciones clim\u00e1ticas actuales en tiempo real con nuestro radar Storm! El mapa meteorol\u00f3gico muestra el pron\u00f3stico de lluvia y clima severo.","breadcrumb":{"@id":"https:\/\/weather-radar24.com\/storm-radar\/#breadcrumb"},"inLanguage":"es","potentialAction":[{"@type":"ReadAction","target":["https:\/\/weather-radar24.com\/storm-radar\/"]}]},{"@type":"ImageObject","inLanguage":"es","@id":"https:\/\/weather-radar24.com\/storm-radar\/#primaryimage","url":"https:\/\/weather-radar24.com\/wp-content\/uploads\/2022\/08\/Bildschirmfoto-2022-08-18-um-19.20.43.png","contentUrl":"https:\/\/weather-radar24.com\/wp-content\/uploads\/2022\/08\/Bildschirmfoto-2022-08-18-um-19.20.43.png","width":353,"height":258,"caption":"Storm radar"},{"@type":"BreadcrumbList","@id":"https:\/\/weather-radar24.com\/storm-radar\/#breadcrumb","itemListElement":[{"@type":"ListItem","position":1,"name":"Startseite","item":"https:\/\/weather-radar24.com\/"},{"@type":"ListItem","position":2,"name":"Storm radar"}]},{"@type":"WebSite","@id":"https:\/\/weather-radar24.com\/#website","url":"https:\/\/weather-radar24.com\/","name":"","description":"","potentialAction":[{"@type":"SearchAction","target":{"@type":"EntryPoint","urlTemplate":"https:\/\/weather-radar24.com\/?s={search_term_string}"},"query-input":{"@type":"PropertyValueSpecification","valueRequired":true,"valueName":"search_term_string"}}],"inLanguage":"es"}]}},"_links":{"self":[{"href":"https:\/\/weather-radar24.com\/es\/wp-json\/wp\/v2\/pages\/44","targetHints":{"allow":["GET"]}}],"collection":[{"href":"https:\/\/weather-radar24.com\/es\/wp-json\/wp\/v2\/pages"}],"about":[{"href":"https:\/\/weather-radar24.com\/es\/wp-json\/wp\/v2\/types\/page"}],"author":[{"embeddable":true,"href":"https:\/\/weather-radar24.com\/es\/wp-json\/wp\/v2\/users\/1"}],"replies":[{"embeddable":true,"href":"https:\/\/weather-radar24.com\/es\/wp-json\/wp\/v2\/comments?post=44"}],"version-history":[{"count":10,"href":"https:\/\/weather-radar24.com\/es\/wp-json\/wp\/v2\/pages\/44\/revisions"}],"predecessor-version":[{"id":209,"href":"https:\/\/weather-radar24.com\/es\/wp-json\/wp\/v2\/pages\/44\/revisions\/209"}],"wp:featuredmedia":[{"embeddable":true,"href":"https:\/\/weather-radar24.com\/es\/wp-json\/wp\/v2\/media\/120"}],"wp:attachment":[{"href":"https:\/\/weather-radar24.com\/es\/wp-json\/wp\/v2\/media?parent=44"}],"curies":[{"name":"wp","href":"https:\/\/api.w.org\/{rel}","templated":true}]}}