{"id":48,"date":"2022-08-17T21:15:27","date_gmt":"2022-08-17T19:15:27","guid":{"rendered":"https:\/\/weather-radar24.com\/?page_id=48"},"modified":"2022-08-26T14:30:17","modified_gmt":"2022-08-26T12:30:17","slug":"tornado-radar","status":"publish","type":"page","link":"https:\/\/weather-radar24.com\/es\/tornado-radar\/","title":{"rendered":"Radar de tornados"},"content":{"rendered":"<h1>Mapa en vivo del rastreador de tornados<br \/>\n<iframe loading=\"lazy\" src=\"https:\/\/embed.windy.com\/embed2.html?lat=39.606&amp;lon=-97.031&amp;detailLat=49.142&amp;detailLon=9.223&amp;width=1300&amp;height=600&amp;zoom=5&amp;level=surface&amp;overlay=gust&amp;product=ecmwf&amp;menu=&amp;message=&amp;marker=&amp;calendar=now&amp;pressure=&amp;type=map&amp;location=coordinates&amp;detail=&amp;metricWind=default&amp;metricTemp=default&amp;radarRange=-1\" width=\"100%\" height=\"600\" frameborder=\"0\" data-dashlane-frameid=\"1654\"><\/iframe><\/h1>\n<p style=\"text-align: center;\"><strong>Mueva el mapa para encontrar el Tornado que desea rastrear.<\/strong><\/p>\n<p class=\"p1\">Aunque los tornados son relativamente raros, \u00a1debe saber c\u00f3mo reconocerlos y qu\u00e9 hacer tan pronto como se d\u00e9 cuenta de que hay un tornado cerca de usted!<\/p>\n<h2>Probabilidad de tornado en los EE. UU. hoy<\/h2>\n<p><a href=\"https:\/\/www.spc.noaa.gov\/products\/outlook\/day1otlk.html\" target=\"_blank\" rel=\"nofollow noopener\"><img loading=\"lazy\" decoding=\"async\" class=\"aligncenter\" src=\"https:\/\/www.spc.noaa.gov\/products\/outlook\/day1probotlk_torn.gif\" alt=\"\" width=\"815\" height=\"555\" \/><\/a><\/p>\n<h2>Probabilidad de tornado de ma\u00f1ana en los EE. UU.<\/h2>\n<p><a href=\"https:\/\/www.spc.noaa.gov\/products\/outlook\/day1otlk.html\" target=\"_blank\" rel=\"nofollow noopener\"><img loading=\"lazy\" decoding=\"async\" class=\"aligncenter\" src=\"https:\/\/www.spc.noaa.gov\/products\/outlook\/day2probotlk_torn.gif\" alt=\"\" width=\"815\" height=\"555\" \/><\/a><\/p>\n<h2>Vigilancias actuales de tiempo severo<\/h2>\n<p><a href=\"https:\/\/www.spc.noaa.gov\/products\/outlook\/day1otlk.html\" target=\"_blank\" rel=\"nofollow noopener\"><img loading=\"lazy\" decoding=\"async\" class=\"aligncenter\" src=\"https:\/\/www.spc.noaa.gov\/products\/watch\/validww.png\" alt=\"\" width=\"582\" height=\"408\" \/><\/a><\/p>\n<p style=\"text-align: center;\">Vigilancia de tormentas severas son <span style=\"color: #0000ff;\">azul<\/span>. Los relojes de tornado son <span style=\"color: #ff0000;\">rojo<\/span>.<\/p>\n<h2 class=\"p1\">C\u00f3mo leer el radar de tornado<\/h2>\n<p class=\"p1\">Cuando observa el rastreador de tornados, puede aprender algunas cosas interesantes sobre el <a href=\"https:\/\/weather-radar24.com\/es\/\">clima actual<\/a>. Por ejemplo, puede ver si hay un tornado cerca. Si usa el radar de tornados para predecir el clima, tambi\u00e9n puede ver d\u00f3nde podr\u00eda ocurrir un tornado. Cuando utilice el rastreador de tornados para predecir el clima, debe interpretarlo como si estuviera leyendo un mapa.<\/p>\n<p class=\"p1\">El rastreador de tornados le muestra la ubicaci\u00f3n de los tornados cercanos. Los colores del radar de tornado te indican la fuerza del tornado. Cuanto m\u00e1s grande y fuerte es el tornado, m\u00e1s rojo aparece en el radar de tornados. La forma del tornado en el radar da informaci\u00f3n sobre su direcci\u00f3n. Si el tornado apunta hacia la izquierda, se est\u00e1 moviendo hacia el noreste. Si apunta hacia la derecha, se est\u00e1 moviendo hacia el sureste. Si es horizontal, se mueve hacia el oeste o hacia el este. Y si apunta hacia abajo, se est\u00e1 moviendo hacia el noroeste o el suroeste.<\/p>\n<p class=\"p1\">Al usar el radar de tornado para predecir d\u00f3nde puede ocurrir un tornado, primero debe considerar la fuerza del tornado. Cuanto m\u00e1s fuerte sea el tornado, m\u00e1s probable es que se forme. En segundo lugar, debe considerar la direcci\u00f3n hacia la que apunta el tornado. Si es horizontal, es m\u00e1s probable que se forme. Y tercero, debe considerar d\u00f3nde se encuentra el tornado. Cuanto m\u00e1s lejos est\u00e9 del centro de la tormenta, m\u00e1s probable es que se forme.<\/p>\n<h3 class=\"p1\">\u00bfQu\u00e9 es un tornado?<\/h3>\n<p class=\"p1\">Un tornado es una poderosa depresi\u00f3n tormentosa que gira r\u00e1pidamente y se eleva desde los niveles m\u00e1s bajos de la atm\u00f3sfera hacia la troposfera. Los tornados pueden ocurrir sobre la tierra o sobre el agua y, por lo general, var\u00edan en ancho desde unos pocos cientos de metros hasta unos pocos kil\u00f3metros. Son muy peligrosos y pueden causar da\u00f1os severos.<\/p>\n<h3 class=\"p1\">\u00bfC\u00f3mo se forman los tornados?<\/h3>\n<p class=\"p1\">Los tornados se forman cuando se mezclan aire fr\u00edo y caliente. El aire fr\u00edo es m\u00e1s pesado que el aire caliente y empuja el aire caliente hacia arriba. A medida que sube el aire fr\u00edo, se forma un v\u00f3rtice que gira continuamente. Cuanto mayor es la diferencia de temperatura entre el aire fr\u00edo y el caliente, m\u00e1s fuerte se vuelve el v\u00f3rtice. Los tornados pueden formarse muy repentinamente y, por lo general, duran solo unos minutos.<\/p>\n<h3 class=\"p1\">\u00bfCu\u00e1ndo comienza la temporada de tornados en los EE. UU.?<\/h3>\n<p class=\"p1\"><a href=\"https:\/\/www.bobvila.com\/articles\/when-is-tornado-season\/\" target=\"_blank\" rel=\"noopener\">Temporada de tornados en Estados Unidos<\/a> comienza oficialmente el 1 de junio y termina el 30 de noviembre. Es cuando el riesgo de tornados es mayor. Sin embargo, la mayor\u00eda de los tornados en los EE. UU. ocurren en mayo, junio y julio. Sin embargo, en los \u00faltimos a\u00f1os ha habido excepciones, por lo que los tornados pueden ocurrir fuera de la temporada oficial. La primera mitad de la temporada suele ser la m\u00e1s activa, ya que es cuando la mayor\u00eda de las condiciones clim\u00e1ticas son m\u00e1s favorables para la formaci\u00f3n de tornados.<\/p>\n<h3 class=\"p1\"><b>Clases de tornados<\/b><\/h3>\n<p class=\"p1\">Un tornado es un evento meteorol\u00f3gico extremadamente violento caracterizado por vientos muy fuertes y un v\u00f3rtice cerrado. Existen las siguientes categor\u00edas:<\/p>\n<ul style=\"list-style-type: circle;\">\n<li><strong>F0<\/strong> (Velocidades del viento de 72,7 mph)<\/li>\n<li class=\"p1\"><strong>F1<\/strong> (d\u00e9bil, velocidades del viento de 72,7 mph \u2013 111,8 mph)<\/li>\n<li class=\"p1\"><strong>F2<\/strong> (velocidad del viento medianamente fuerte de 111,8 mph \u2013 156,5 mph)<\/li>\n<li class=\"p1\"><strong>F3<\/strong> (viento fuerte, velocidades de 156,5 mph \u2013 206,9 mph)<\/li>\n<li class=\"p1\"><strong>F4<\/strong> (muy fuerte, velocidades del viento de 206,9 mph \u2013 260,3 mph<span class=\"s1\">)<\/span><\/li>\n<li><strong>F5<\/strong> (violento, velocidades del viento superiores a 260,3 mph)<\/li>\n<\/ul>","protected":false},"excerpt":{"rendered":"<p>Tornado Tracker live map Move the map to find the Tornado you want to track. Even though tornadoes are relatively rare, you should still know how to recognize them and what to do as soon as you realize a tornado is near you! Tornado probability in the U.S.A. today Tomorrow\u2019s tornado probability in the U.S.A.&hellip;&nbsp;<a href=\"https:\/\/weather-radar24.com\/es\/tornado-radar\/\" rel=\"bookmark\">Read More &raquo;<span class=\"screen-reader-text\">Radar de tornados<\/span><\/a><\/p>","protected":false},"author":1,"featured_media":128,"parent":0,"menu_order":0,"comment_status":"closed","ping_status":"closed","template":"","meta":{"neve_meta_sidebar":"","neve_meta_container":"","neve_meta_enable_content_width":"off","neve_meta_content_width":100,"neve_meta_title_alignment":"","neve_meta_author_avatar":"","neve_post_elements_order":"","neve_meta_disable_header":"","neve_meta_disable_footer":"","neve_meta_disable_title":"on","neve_meta_reading_time":"","footnotes":""},"class_list":["post-48","page","type-page","status-publish","has-post-thumbnail","hentry"],"yoast_head":"<!-- This site is optimized with the Yoast SEO plugin v26.6 - https:\/\/yoast.com\/wordpress\/plugins\/seo\/ -->\n<title>Tornado Tracker live map - Track where are tornadoes<\/title>\n<meta name=\"description\" content=\"Tornado radar \u2713 Includes tracking map, live radar- Track the current wind force, wind speed and wind forecast for the next few days.\" \/>\n<meta name=\"robots\" content=\"index, follow, max-snippet:-1, max-image-preview:large, max-video-preview:-1\" \/>\n<link rel=\"canonical\" href=\"https:\/\/weather-radar24.com\/es\/tornado-radar\/\" \/>\n<meta property=\"og:locale\" content=\"es_ES\" \/>\n<meta property=\"og:type\" content=\"article\" \/>\n<meta property=\"og:title\" content=\"Tornado Tracker live map - Track where are tornadoes\" \/>\n<meta property=\"og:description\" content=\"Tornado radar \u2713 Includes tracking map, live radar- Track the current wind force, wind speed and wind forecast for the next few days.\" \/>\n<meta property=\"og:url\" content=\"https:\/\/weather-radar24.com\/es\/tornado-radar\/\" \/>\n<meta property=\"article:modified_time\" content=\"2022-08-26T12:30:17+00:00\" \/>\n<meta property=\"og:image\" content=\"https:\/\/weather-radar24.com\/wp-content\/uploads\/2022\/08\/Bildschirmfoto-2022-08-18-um-19.32.48.png\" \/>\n\t<meta property=\"og:image:width\" content=\"341\" \/>\n\t<meta property=\"og:image:height\" content=\"300\" \/>\n\t<meta property=\"og:image:type\" content=\"image\/png\" \/>\n<meta name=\"twitter:card\" content=\"summary_large_image\" \/>\n<meta name=\"twitter:label1\" content=\"Tiempo de lectura\" \/>\n\t<meta name=\"twitter:data1\" content=\"4 minutos\" \/>\n<script type=\"application\/ld+json\" class=\"yoast-schema-graph\">{\"@context\":\"https:\/\/schema.org\",\"@graph\":[{\"@type\":\"WebPage\",\"@id\":\"https:\/\/weather-radar24.com\/tornado-radar\/\",\"url\":\"https:\/\/weather-radar24.com\/tornado-radar\/\",\"name\":\"Tornado Tracker live map - Track where are tornadoes\",\"isPartOf\":{\"@id\":\"https:\/\/weather-radar24.com\/#website\"},\"primaryImageOfPage\":{\"@id\":\"https:\/\/weather-radar24.com\/tornado-radar\/#primaryimage\"},\"image\":{\"@id\":\"https:\/\/weather-radar24.com\/tornado-radar\/#primaryimage\"},\"thumbnailUrl\":\"https:\/\/weather-radar24.com\/wp-content\/uploads\/2022\/08\/Bildschirmfoto-2022-08-18-um-19.32.48.png\",\"datePublished\":\"2022-08-17T19:15:27+00:00\",\"dateModified\":\"2022-08-26T12:30:17+00:00\",\"description\":\"Tornado radar \u2713 Includes tracking map, live radar- Track the current wind force, wind speed and wind forecast for the next few days.\",\"breadcrumb\":{\"@id\":\"https:\/\/weather-radar24.com\/tornado-radar\/#breadcrumb\"},\"inLanguage\":\"es\",\"potentialAction\":[{\"@type\":\"ReadAction\",\"target\":[\"https:\/\/weather-radar24.com\/tornado-radar\/\"]}]},{\"@type\":\"ImageObject\",\"inLanguage\":\"es\",\"@id\":\"https:\/\/weather-radar24.com\/tornado-radar\/#primaryimage\",\"url\":\"https:\/\/weather-radar24.com\/wp-content\/uploads\/2022\/08\/Bildschirmfoto-2022-08-18-um-19.32.48.png\",\"contentUrl\":\"https:\/\/weather-radar24.com\/wp-content\/uploads\/2022\/08\/Bildschirmfoto-2022-08-18-um-19.32.48.png\",\"width\":341,\"height\":300,\"caption\":\"Tornado radar\"},{\"@type\":\"BreadcrumbList\",\"@id\":\"https:\/\/weather-radar24.com\/tornado-radar\/#breadcrumb\",\"itemListElement\":[{\"@type\":\"ListItem\",\"position\":1,\"name\":\"Startseite\",\"item\":\"https:\/\/weather-radar24.com\/\"},{\"@type\":\"ListItem\",\"position\":2,\"name\":\"Tornado radar\"}]},{\"@type\":\"WebSite\",\"@id\":\"https:\/\/weather-radar24.com\/#website\",\"url\":\"https:\/\/weather-radar24.com\/\",\"name\":\"\",\"description\":\"\",\"potentialAction\":[{\"@type\":\"SearchAction\",\"target\":{\"@type\":\"EntryPoint\",\"urlTemplate\":\"https:\/\/weather-radar24.com\/?s={search_term_string}\"},\"query-input\":{\"@type\":\"PropertyValueSpecification\",\"valueRequired\":true,\"valueName\":\"search_term_string\"}}],\"inLanguage\":\"es\"}]}<\/script>\n<!-- \/ Yoast SEO plugin. -->","yoast_head_json":{"title":"Mapa en vivo de Tornado Tracker: rastrea d\u00f3nde est\u00e1n los tornados","description":"Radar de tornado \u2713 Incluye mapa de seguimiento, radar en vivo: rastrea la fuerza del viento actual, la velocidad del viento y el pron\u00f3stico del viento para los pr\u00f3ximos d\u00edas.","robots":{"index":"index","follow":"follow","max-snippet":"max-snippet:-1","max-image-preview":"max-image-preview:large","max-video-preview":"max-video-preview:-1"},"canonical":"https:\/\/weather-radar24.com\/es\/tornado-radar\/","og_locale":"es_ES","og_type":"article","og_title":"Tornado Tracker live map - Track where are tornadoes","og_description":"Tornado radar \u2713 Includes tracking map, live radar- Track the current wind force, wind speed and wind forecast for the next few days.","og_url":"https:\/\/weather-radar24.com\/es\/tornado-radar\/","article_modified_time":"2022-08-26T12:30:17+00:00","og_image":[{"width":341,"height":300,"url":"https:\/\/weather-radar24.com\/wp-content\/uploads\/2022\/08\/Bildschirmfoto-2022-08-18-um-19.32.48.png","type":"image\/png"}],"twitter_card":"summary_large_image","twitter_misc":{"Tiempo de lectura":"4 minutos"},"schema":{"@context":"https:\/\/schema.org","@graph":[{"@type":"WebPage","@id":"https:\/\/weather-radar24.com\/tornado-radar\/","url":"https:\/\/weather-radar24.com\/tornado-radar\/","name":"Mapa en vivo de Tornado Tracker: rastrea d\u00f3nde est\u00e1n los tornados","isPartOf":{"@id":"https:\/\/weather-radar24.com\/#website"},"primaryImageOfPage":{"@id":"https:\/\/weather-radar24.com\/tornado-radar\/#primaryimage"},"image":{"@id":"https:\/\/weather-radar24.com\/tornado-radar\/#primaryimage"},"thumbnailUrl":"https:\/\/weather-radar24.com\/wp-content\/uploads\/2022\/08\/Bildschirmfoto-2022-08-18-um-19.32.48.png","datePublished":"2022-08-17T19:15:27+00:00","dateModified":"2022-08-26T12:30:17+00:00","description":"Radar de tornado \u2713 Incluye mapa de seguimiento, radar en vivo: rastrea la fuerza del viento actual, la velocidad del viento y el pron\u00f3stico del viento para los pr\u00f3ximos d\u00edas.","breadcrumb":{"@id":"https:\/\/weather-radar24.com\/tornado-radar\/#breadcrumb"},"inLanguage":"es","potentialAction":[{"@type":"ReadAction","target":["https:\/\/weather-radar24.com\/tornado-radar\/"]}]},{"@type":"ImageObject","inLanguage":"es","@id":"https:\/\/weather-radar24.com\/tornado-radar\/#primaryimage","url":"https:\/\/weather-radar24.com\/wp-content\/uploads\/2022\/08\/Bildschirmfoto-2022-08-18-um-19.32.48.png","contentUrl":"https:\/\/weather-radar24.com\/wp-content\/uploads\/2022\/08\/Bildschirmfoto-2022-08-18-um-19.32.48.png","width":341,"height":300,"caption":"Tornado radar"},{"@type":"BreadcrumbList","@id":"https:\/\/weather-radar24.com\/tornado-radar\/#breadcrumb","itemListElement":[{"@type":"ListItem","position":1,"name":"Startseite","item":"https:\/\/weather-radar24.com\/"},{"@type":"ListItem","position":2,"name":"Tornado radar"}]},{"@type":"WebSite","@id":"https:\/\/weather-radar24.com\/#website","url":"https:\/\/weather-radar24.com\/","name":"","description":"","potentialAction":[{"@type":"SearchAction","target":{"@type":"EntryPoint","urlTemplate":"https:\/\/weather-radar24.com\/?s={search_term_string}"},"query-input":{"@type":"PropertyValueSpecification","valueRequired":true,"valueName":"search_term_string"}}],"inLanguage":"es"}]}},"_links":{"self":[{"href":"https:\/\/weather-radar24.com\/es\/wp-json\/wp\/v2\/pages\/48","targetHints":{"allow":["GET"]}}],"collection":[{"href":"https:\/\/weather-radar24.com\/es\/wp-json\/wp\/v2\/pages"}],"about":[{"href":"https:\/\/weather-radar24.com\/es\/wp-json\/wp\/v2\/types\/page"}],"author":[{"embeddable":true,"href":"https:\/\/weather-radar24.com\/es\/wp-json\/wp\/v2\/users\/1"}],"replies":[{"embeddable":true,"href":"https:\/\/weather-radar24.com\/es\/wp-json\/wp\/v2\/comments?post=48"}],"version-history":[{"count":10,"href":"https:\/\/weather-radar24.com\/es\/wp-json\/wp\/v2\/pages\/48\/revisions"}],"predecessor-version":[{"id":183,"href":"https:\/\/weather-radar24.com\/es\/wp-json\/wp\/v2\/pages\/48\/revisions\/183"}],"wp:featuredmedia":[{"embeddable":true,"href":"https:\/\/weather-radar24.com\/es\/wp-json\/wp\/v2\/media\/128"}],"wp:attachment":[{"href":"https:\/\/weather-radar24.com\/es\/wp-json\/wp\/v2\/media?parent=48"}],"curies":[{"name":"wp","href":"https:\/\/api.w.org\/{rel}","templated":true}]}}