{"id":50,"date":"2022-08-17T21:15:47","date_gmt":"2022-08-17T19:15:47","guid":{"rendered":"https:\/\/weather-radar24.com\/?page_id=50"},"modified":"2022-09-03T18:53:09","modified_gmt":"2022-09-03T16:53:09","slug":"snow-cover-map","status":"publish","type":"page","link":"https:\/\/weather-radar24.com\/es\/mapa-de-la-cobertura-de-nieve\/","title":{"rendered":"Mapa de la capa de nieve"},"content":{"rendered":"<h1>Mapa de la capa de nieve en vivo: pron\u00f3stico de nieve actual<\/h1>\n<p>Un mapa de la capa de nieve es una herramienta indispensable para todos aquellos que quieren prepararse para la nieve. \u00a1Te explicamos c\u00f3mo funciona y todo lo que debes saber!<br \/>\n<iframe loading=\"lazy\" src=\"https:\/\/embed.windy.com\/embed2.html?lat=39.606&amp;lon=-97.031&amp;detailLat=49.142&amp;detailLon=9.223&amp;width=1300&amp;height=600&amp;zoom=6&amp;level=surface&amp;overlay=rain&amp;product=ecmwf&amp;menu=&amp;message=true&amp;marker=&amp;calendar=now&amp;pressure=&amp;type=map&amp;location=coordinates&amp;detail=&amp;metricWind=default&amp;metricTemp=default&amp;radarRange=-1\" width=\"100%\" height=\"600\" frameborder=\"0\" data-dashlane-frameid=\"1660\"><\/iframe><\/p>\n<p class=\"p1\">\n<h2 class=\"p1\">\u00bfQu\u00e9 es un mapa de la capa de nieve?<\/h2>\n<p class=\"p1\">Un mapa de la capa de nieve es una herramienta importante para mejorar la previsi\u00f3n de la nieve. Puede ayudar a rastrear el movimiento de <a href=\"https:\/\/scijinks.gov\/snowflakes\/\" target=\"_blank\" rel=\"noopener\">copos de nieve<\/a> para predecir la cantidad de nieve. Sin embargo, para usarlo correctamente, necesita saber c\u00f3mo leerlo.<\/p>\n<p class=\"p1\">El mapa de la capa de nieve muestra la intensidad de las nevadas en diferentes colores. Los colores van del amarillo al rojo, lo que significa que la nevada es muy densa. Los puntos negros en el mapa significan que no hay nevadas. Al mirar el <a href=\"https:\/\/weather-radar24.com\/es\/\">Radar meteorol\u00f3gico<\/a>, tambi\u00e9n debes prestar atenci\u00f3n a la direcci\u00f3n del viento. La direcci\u00f3n del viento puede ayudarte a predecir el movimiento de los copos de nieve. Si el viento viene del norte, significa que la nieve caer\u00e1 en direcci\u00f3n sur. Si el <a href=\"https:\/\/weather-radar24.com\/es\/radar-de-viento\/\">viento<\/a> es del sur, significa que la nieve caer\u00e1 en direcci\u00f3n norte.<\/p>\n<p class=\"p1\">El mapa de la capa de nieve es una herramienta \u00fatil, pero es importante saber interpretarlo correctamente. Solo as\u00ed podr\u00e1s hacer el mejor pron\u00f3stico posible.<\/p>\n<h2 class=\"p1\">\u00bfC\u00f3mo funciona el mapa de la capa de nieve?<\/h2>\n<p class=\"p1\">Un mapa de la capa de nieve es una herramienta que se utiliza para predecir la precipitaci\u00f3n, especialmente la nieve. El mapa de nieve funciona enviando ondas de radio a la atm\u00f3sfera y rastreando las se\u00f1ales reflejadas. La intensidad de las se\u00f1ales reflejadas var\u00eda seg\u00fan la cantidad de gotas de agua o cristales de nieve que incidan en el haz del radar. Por lo tanto, el mapa de la capa de nieve puede predecir las cantidades de precipitaci\u00f3n midiendo la intensidad de las se\u00f1ales reflejadas.<\/p>\n<p class=\"p1\">Cuanto m\u00e1s fuerte sea la se\u00f1al, mayor ser\u00e1 la probabilidad de fuertes precipitaciones. Con base en estas mediciones, los meteor\u00f3logos pueden hacer predicciones sobre el tipo y la cantidad de precipitaci\u00f3n que caer\u00e1 en un \u00e1rea determinada.<\/p>\n<h3 class=\"p1\">\u00bfCu\u00e1ndo empezar\u00e1 a nevar?<\/h3>\n<p class=\"p1\">Si ha estado siguiendo los \u00faltimos informes meteorol\u00f3gicos, probablemente haya notado que \u00faltimamente ha estado nevando con m\u00e1s frecuencia. Las nevadas son poco frecuentes en la mayor\u00eda de las regiones y la gente siente curiosidad por saber cu\u00e1ndo empezar\u00e1 a nevar. Lo cierto es que no hay una respuesta exacta porque son muchos los factores que influyen en las nevadas.<\/p>\n<p class=\"p1\">Sin embargo, hay algunos factores que pueden afectar la hora exacta de las nevadas. Uno de los factores m\u00e1s importantes es la humedad. Cuanto mayor sea la humedad, m\u00e1s probable es que el vapor de agua se condense en<span class=\"Apple-converted-space\">\u00a0<\/span>el aire y formar cristales de nieve.<\/p>\n<h3 class=\"p1\">\u00bfD\u00f3nde nieva m\u00e1s?<\/h3>\n<p class=\"p1\">Un pico de 4.671 metros en la frontera de la provincia canadiense de Columbia Brit\u00e1nica con el estado estadounidense de Alaska no solo es probablemente la monta\u00f1a con el nombre m\u00e1s inexacto del mundo, sino tambi\u00e9n el lugar con m\u00e1s nieve del mundo: Mount Fairweather, la monta\u00f1a Fairweather.<\/p>\n<p class=\"p1\">Los mapas de precipitaci\u00f3n muestran entre 7000 y 18 000 mil\u00edmetros de precipitaci\u00f3n anual para las regiones m\u00e1s altas, o hasta 49 mil\u00edmetros por d\u00eda; y eso cae enteramente como nieve all\u00e1 arriba. Seg\u00fan el esquema de conversi\u00f3n habitual, que asume un cent\u00edmetro de nieve por mil\u00edmetro de precipitaci\u00f3n, esto da como resultado hasta 180 metros de nevadas anuales acumuladas. El \u00fanico problema es que no hay remontes en el remoto Wrangell-St. Monta\u00f1as El\u00edas.<\/p>","protected":false},"excerpt":{"rendered":"<p>Mapa de la capa de nieve en vivo: pron\u00f3stico de nieve actual Un mapa de la capa de nieve es una herramienta indispensable para todos aquellos que quieren prepararse para la nieve. \u00a1Te explicamos c\u00f3mo funciona y todo lo que debes saber! \u00bfQu\u00e9 es un mapa de la capa de nieve? Un mapa de la capa de nieve es una herramienta importante para...&nbsp;<a href=\"https:\/\/weather-radar24.com\/es\/mapa-de-la-cobertura-de-nieve\/\" rel=\"bookmark\">Read More &raquo;<span class=\"screen-reader-text\">Mapa de la capa de nieve<\/span><\/a><\/p>","protected":false},"author":1,"featured_media":117,"parent":0,"menu_order":0,"comment_status":"closed","ping_status":"closed","template":"","meta":{"neve_meta_sidebar":"","neve_meta_container":"","neve_meta_enable_content_width":"off","neve_meta_content_width":100,"neve_meta_title_alignment":"","neve_meta_author_avatar":"","neve_post_elements_order":"","neve_meta_disable_header":"","neve_meta_disable_footer":"","neve_meta_disable_title":"on","neve_meta_reading_time":"","footnotes":""},"class_list":["post-50","page","type-page","status-publish","has-post-thumbnail","hentry"],"yoast_head":"<!-- This site is optimized with the Yoast SEO plugin v26.6 - https:\/\/yoast.com\/wordpress\/plugins\/seo\/ -->\n<title>Snow cover map Live \u2013 current snow forecast<\/title>\n<meta name=\"description\" content=\"Follow the current snow forecast Worldwide with our Snow cover map Live Tracker. Where is it currently snowing? \u2744\ufe0f\" \/>\n<meta name=\"robots\" content=\"index, follow, max-snippet:-1, max-image-preview:large, max-video-preview:-1\" \/>\n<link rel=\"canonical\" href=\"https:\/\/weather-radar24.com\/es\/mapa-de-la-cobertura-de-nieve\/\" \/>\n<meta property=\"og:locale\" content=\"es_ES\" \/>\n<meta property=\"og:type\" content=\"article\" \/>\n<meta property=\"og:title\" content=\"Snow cover map Live \u2013 current snow forecast\" \/>\n<meta property=\"og:description\" content=\"Follow the current snow forecast Worldwide with our Snow cover map Live Tracker. Where is it currently snowing? \u2744\ufe0f\" \/>\n<meta property=\"og:url\" content=\"https:\/\/weather-radar24.com\/es\/mapa-de-la-cobertura-de-nieve\/\" \/>\n<meta property=\"article:modified_time\" content=\"2022-09-03T16:53:09+00:00\" \/>\n<meta property=\"og:image\" content=\"https:\/\/weather-radar24.com\/wp-content\/uploads\/2022\/08\/Bildschirmfoto-2022-08-19-um-20.55.53.png\" \/>\n\t<meta property=\"og:image:width\" content=\"366\" \/>\n\t<meta property=\"og:image:height\" content=\"226\" \/>\n\t<meta property=\"og:image:type\" content=\"image\/png\" \/>\n<meta name=\"twitter:card\" content=\"summary_large_image\" \/>\n<meta name=\"twitter:label1\" content=\"Tiempo de lectura\" \/>\n\t<meta name=\"twitter:data1\" content=\"3 minutos\" \/>\n<script type=\"application\/ld+json\" class=\"yoast-schema-graph\">{\"@context\":\"https:\/\/schema.org\",\"@graph\":[{\"@type\":\"WebPage\",\"@id\":\"https:\/\/weather-radar24.com\/snow-cover-map\/\",\"url\":\"https:\/\/weather-radar24.com\/snow-cover-map\/\",\"name\":\"Snow cover map Live \u2013 current snow forecast\",\"isPartOf\":{\"@id\":\"https:\/\/weather-radar24.com\/#website\"},\"primaryImageOfPage\":{\"@id\":\"https:\/\/weather-radar24.com\/snow-cover-map\/#primaryimage\"},\"image\":{\"@id\":\"https:\/\/weather-radar24.com\/snow-cover-map\/#primaryimage\"},\"thumbnailUrl\":\"https:\/\/weather-radar24.com\/wp-content\/uploads\/2022\/08\/Bildschirmfoto-2022-08-19-um-20.55.53.png\",\"datePublished\":\"2022-08-17T19:15:47+00:00\",\"dateModified\":\"2022-09-03T16:53:09+00:00\",\"description\":\"Follow the current snow forecast Worldwide with our Snow cover map Live Tracker. Where is it currently snowing? \u2744\ufe0f\",\"breadcrumb\":{\"@id\":\"https:\/\/weather-radar24.com\/snow-cover-map\/#breadcrumb\"},\"inLanguage\":\"es\",\"potentialAction\":[{\"@type\":\"ReadAction\",\"target\":[\"https:\/\/weather-radar24.com\/snow-cover-map\/\"]}]},{\"@type\":\"ImageObject\",\"inLanguage\":\"es\",\"@id\":\"https:\/\/weather-radar24.com\/snow-cover-map\/#primaryimage\",\"url\":\"https:\/\/weather-radar24.com\/wp-content\/uploads\/2022\/08\/Bildschirmfoto-2022-08-19-um-20.55.53.png\",\"contentUrl\":\"https:\/\/weather-radar24.com\/wp-content\/uploads\/2022\/08\/Bildschirmfoto-2022-08-19-um-20.55.53.png\",\"width\":366,\"height\":226,\"caption\":\"Snow cover map\"},{\"@type\":\"BreadcrumbList\",\"@id\":\"https:\/\/weather-radar24.com\/snow-cover-map\/#breadcrumb\",\"itemListElement\":[{\"@type\":\"ListItem\",\"position\":1,\"name\":\"Startseite\",\"item\":\"https:\/\/weather-radar24.com\/\"},{\"@type\":\"ListItem\",\"position\":2,\"name\":\"Snow cover map\"}]},{\"@type\":\"WebSite\",\"@id\":\"https:\/\/weather-radar24.com\/#website\",\"url\":\"https:\/\/weather-radar24.com\/\",\"name\":\"\",\"description\":\"\",\"potentialAction\":[{\"@type\":\"SearchAction\",\"target\":{\"@type\":\"EntryPoint\",\"urlTemplate\":\"https:\/\/weather-radar24.com\/?s={search_term_string}\"},\"query-input\":{\"@type\":\"PropertyValueSpecification\",\"valueRequired\":true,\"valueName\":\"search_term_string\"}}],\"inLanguage\":\"es\"}]}<\/script>\n<!-- \/ Yoast SEO plugin. -->","yoast_head_json":{"title":"Mapa de la capa de nieve en vivo: pron\u00f3stico de nieve actual","description":"Siga el pron\u00f3stico de nieve actual en todo el mundo con nuestro mapa de la capa de nieve Live Tracker. \u00bfD\u00f3nde est\u00e1 nevando actualmente? \u2744\ufe0f","robots":{"index":"index","follow":"follow","max-snippet":"max-snippet:-1","max-image-preview":"max-image-preview:large","max-video-preview":"max-video-preview:-1"},"canonical":"https:\/\/weather-radar24.com\/es\/mapa-de-la-cobertura-de-nieve\/","og_locale":"es_ES","og_type":"article","og_title":"Snow cover map Live \u2013 current snow forecast","og_description":"Follow the current snow forecast Worldwide with our Snow cover map Live Tracker. Where is it currently snowing? \u2744\ufe0f","og_url":"https:\/\/weather-radar24.com\/es\/mapa-de-la-cobertura-de-nieve\/","article_modified_time":"2022-09-03T16:53:09+00:00","og_image":[{"width":366,"height":226,"url":"https:\/\/weather-radar24.com\/wp-content\/uploads\/2022\/08\/Bildschirmfoto-2022-08-19-um-20.55.53.png","type":"image\/png"}],"twitter_card":"summary_large_image","twitter_misc":{"Tiempo de lectura":"3 minutos"},"schema":{"@context":"https:\/\/schema.org","@graph":[{"@type":"WebPage","@id":"https:\/\/weather-radar24.com\/snow-cover-map\/","url":"https:\/\/weather-radar24.com\/snow-cover-map\/","name":"Mapa de la capa de nieve en vivo: pron\u00f3stico de nieve actual","isPartOf":{"@id":"https:\/\/weather-radar24.com\/#website"},"primaryImageOfPage":{"@id":"https:\/\/weather-radar24.com\/snow-cover-map\/#primaryimage"},"image":{"@id":"https:\/\/weather-radar24.com\/snow-cover-map\/#primaryimage"},"thumbnailUrl":"https:\/\/weather-radar24.com\/wp-content\/uploads\/2022\/08\/Bildschirmfoto-2022-08-19-um-20.55.53.png","datePublished":"2022-08-17T19:15:47+00:00","dateModified":"2022-09-03T16:53:09+00:00","description":"Siga el pron\u00f3stico de nieve actual en todo el mundo con nuestro mapa de la capa de nieve Live Tracker. \u00bfD\u00f3nde est\u00e1 nevando actualmente? \u2744\ufe0f","breadcrumb":{"@id":"https:\/\/weather-radar24.com\/snow-cover-map\/#breadcrumb"},"inLanguage":"es","potentialAction":[{"@type":"ReadAction","target":["https:\/\/weather-radar24.com\/snow-cover-map\/"]}]},{"@type":"ImageObject","inLanguage":"es","@id":"https:\/\/weather-radar24.com\/snow-cover-map\/#primaryimage","url":"https:\/\/weather-radar24.com\/wp-content\/uploads\/2022\/08\/Bildschirmfoto-2022-08-19-um-20.55.53.png","contentUrl":"https:\/\/weather-radar24.com\/wp-content\/uploads\/2022\/08\/Bildschirmfoto-2022-08-19-um-20.55.53.png","width":366,"height":226,"caption":"Snow cover map"},{"@type":"BreadcrumbList","@id":"https:\/\/weather-radar24.com\/snow-cover-map\/#breadcrumb","itemListElement":[{"@type":"ListItem","position":1,"name":"Startseite","item":"https:\/\/weather-radar24.com\/"},{"@type":"ListItem","position":2,"name":"Snow cover map"}]},{"@type":"WebSite","@id":"https:\/\/weather-radar24.com\/#website","url":"https:\/\/weather-radar24.com\/","name":"","description":"","potentialAction":[{"@type":"SearchAction","target":{"@type":"EntryPoint","urlTemplate":"https:\/\/weather-radar24.com\/?s={search_term_string}"},"query-input":{"@type":"PropertyValueSpecification","valueRequired":true,"valueName":"search_term_string"}}],"inLanguage":"es"}]}},"_links":{"self":[{"href":"https:\/\/weather-radar24.com\/es\/wp-json\/wp\/v2\/pages\/50","targetHints":{"allow":["GET"]}}],"collection":[{"href":"https:\/\/weather-radar24.com\/es\/wp-json\/wp\/v2\/pages"}],"about":[{"href":"https:\/\/weather-radar24.com\/es\/wp-json\/wp\/v2\/types\/page"}],"author":[{"embeddable":true,"href":"https:\/\/weather-radar24.com\/es\/wp-json\/wp\/v2\/users\/1"}],"replies":[{"embeddable":true,"href":"https:\/\/weather-radar24.com\/es\/wp-json\/wp\/v2\/comments?post=50"}],"version-history":[{"count":6,"href":"https:\/\/weather-radar24.com\/es\/wp-json\/wp\/v2\/pages\/50\/revisions"}],"predecessor-version":[{"id":202,"href":"https:\/\/weather-radar24.com\/es\/wp-json\/wp\/v2\/pages\/50\/revisions\/202"}],"wp:featuredmedia":[{"embeddable":true,"href":"https:\/\/weather-radar24.com\/es\/wp-json\/wp\/v2\/media\/117"}],"wp:attachment":[{"href":"https:\/\/weather-radar24.com\/es\/wp-json\/wp\/v2\/media?parent=50"}],"curies":[{"name":"wp","href":"https:\/\/api.w.org\/{rel}","templated":true}]}}