{"id":86,"date":"2022-08-19T01:26:27","date_gmt":"2022-08-18T23:26:27","guid":{"rendered":"https:\/\/weather-radar24.com\/?page_id=86"},"modified":"2022-09-07T18:02:00","modified_gmt":"2022-09-07T16:02:00","slug":"hurricane-tracker","status":"publish","type":"page","link":"https:\/\/weather-radar24.com\/es\/rastreador-de-hurrikan\/","title":{"rendered":"Rastreador de huracanes"},"content":{"rendered":"<h1>Mapa en vivo del rastreador de huracanes<\/h1>\n<p>\u00bfAlguna vez te has preguntado d\u00f3nde est\u00e1n los \u00faltimos huracanes, qu\u00e9 tan grandes o fuertes pueden ser y en qu\u00e9 direcci\u00f3n se mueven? Si esto es algo que ha estado considerando, nuestra exclusiva herramienta gratuita de seguimiento de huracanes podr\u00eda ser la opci\u00f3n que necesita. Proporciona una soluci\u00f3n simple para realizar un seguimiento de los m\u00e1s grandes y peligrosos. <a href=\"https:\/\/weather-radar24.com\/es\/tormenta-radar\/\">tormentas actuales<\/a> y huracanes!<\/p>\n<p><iframe loading=\"lazy\" src=\"https:\/\/embed.windy.com\/embed2.html?lat=36.161&amp;lon=-98.080&amp;detailLat=36.161&amp;detailLon=-98.080&amp;width=650&amp;height=450&amp;zoom=4&amp;level=surface&amp;overlay=wind&amp;product=ecmwf&amp;menu=&amp;message=true&amp;marker=&amp;calendar=24&amp;pressure=&amp;type=map&amp;location=coordinates&amp;detail=&amp;metricWind=mph&amp;metricTemp=%C2%B0F&amp;radarRange=-1\" width=\"100%\" height=\"600\" frameborder=\"0\" data-dashlane-frameid=\"404\"><\/iframe><\/p>\n<p style=\"text-align: center;\"><strong>Mueva el mapa para encontrar la tormenta que desea rastrear.<\/strong><\/p>\n<h3>Riesgo de ciclones tropicales en el Atl\u00e1ntico<\/h3>\n<p><img loading=\"lazy\" decoding=\"async\" class=\"aligncenter\" src=\"https:\/\/www.nhc.noaa.gov\/xgtwo\/two_atl_0d0.png?021757\" alt=\"\" width=\"900\" height=\"601\" \/><\/p>\n<h3>Riesgo de ciclones tropicales del Pac\u00edfico oriental<\/h3>\n<p><img loading=\"lazy\" decoding=\"async\" class=\"aligncenter\" src=\"https:\/\/www.nhc.noaa.gov\/xgtwo\/two_pac_0d0.png?021743\" alt=\"\" width=\"900\" height=\"601\" \/><\/p>\n<h3>Riesgo de tormenta tropical en el Oc\u00e9ano \u00cdndico<\/h3>\n<p><img loading=\"lazy\" decoding=\"async\" class=\"alignnone\" src=\"https:\/\/www.metoc.navy.mil\/jtwc\/products\/abpwsair.jpg\" alt=\"Pron\u00f3stico del clima tropical del Oc\u00e9ano \u00cdndico del JTWC\" width=\"2100\" height=\"1500\" \/><\/p>\n<h2 class=\"p4\">\u00bfQu\u00e9 es un hurac\u00e1n?<span class=\"Apple-converted-space\">\u00a0<\/span><\/h2>\n<p class=\"p5\">Un hurac\u00e1n, en su forma m\u00e1s simple, es un sistema de tormentas que gira r\u00e1pidamente alrededor de un punto central, a menudo llamado el &quot;ojo de la tormenta&quot;. Durante un hurac\u00e1n, intenso <a href=\"https:\/\/weather-radar24.com\/es\/radar-de-viento\/\">viento<\/a> Las velocidades suelen ir acompa\u00f1adas de mala circulaci\u00f3n atmosf\u00e9rica y tormentas el\u00e9ctricas.<span class=\"Apple-converted-space\">\u00a0<\/span><\/p>\n<h2 class=\"p6\">Lo peor 21<span class=\"s2\"><sup>S t<\/sup><\/span> Huracanes globales del siglo<\/h2>\n<p class=\"p5\">Los huracanes var\u00edan en severidad. Sin embargo, algunos de los peores y m\u00e1s poderosos 21<span class=\"s3\"><sup>S t<\/sup><\/span> Los huracanes del siglo XXI que alguna vez adornaron el mundo incluyen el hurac\u00e1n Lili en 1996, el hurac\u00e1n Karl en 2004, el hurac\u00e1n Nicola en 2016, el hurac\u00e1n Olga en 2001, el hurac\u00e1n Katrina en 2005, el hurac\u00e1n Florence en 2018 y <a href=\"https:\/\/edition.cnn.com\/specials\/hurricane-irma\" target=\"_blank\" rel=\"noopener\">huracan irma<\/a> en 2016.<span class=\"Apple-converted-space\">\u00a0<\/span><\/p>\n<p class=\"p3\">Cada uno de estos dej\u00f3 una gran cantidad de devastaci\u00f3n a su paso. Como tal, muchas personas ahora conf\u00edan en las herramientas gratuitas de seguimiento de huracanes para planificar sus pr\u00f3ximos pasos (y salir del \u00e1rea si es probable que se acerque un fuerte hurac\u00e1n).<\/p>\n<h3 class=\"p4\">Usando nuestra herramienta gratuita Hurricane Tracker<\/h3>\n<p class=\"p5\">Si desea intentar usar nuestra herramienta de mapa en vivo gratuita de rastreador de huracanes, simplemente arrastre el mapa a donde le gustar\u00eda enfocarse. Esto le permitir\u00e1 ver la velocidad y la direcci\u00f3n del viento para cualquier regi\u00f3n. Alternativamente, use el control deslizante en la base del mapa para ver una predicci\u00f3n futura del mapa de huracanes, lo que le permite planificar con anticipaci\u00f3n cualquier clima adverso que se le presente.<\/p>\n<p>Controlar <a href=\"https:\/\/weather-radar24.com\/es\/\">aqu\u00ed<\/a> para el clima actual.<\/p>","protected":false},"excerpt":{"rendered":"<p>Hurricane Tracker Live Map Have you ever wondered where the latest hurricanes are, how large or strong they might be, and the direction in which they\u2019re moving? If this is something you have been considering, our unique hurricane tracker free tool might be just the option you need. It provides a simple solution to keep&hellip;&nbsp;<a href=\"https:\/\/weather-radar24.com\/es\/rastreador-de-hurrikan\/\" rel=\"bookmark\">Read More &raquo;<span class=\"screen-reader-text\">Rastreador de huracanes<\/span><\/a><\/p>","protected":false},"author":1,"featured_media":130,"parent":0,"menu_order":0,"comment_status":"closed","ping_status":"closed","template":"","meta":{"neve_meta_sidebar":"","neve_meta_container":"","neve_meta_enable_content_width":"off","neve_meta_content_width":100,"neve_meta_title_alignment":"","neve_meta_author_avatar":"","neve_post_elements_order":"","neve_meta_disable_header":"","neve_meta_disable_footer":"","neve_meta_disable_title":"on","neve_meta_reading_time":"","footnotes":""},"class_list":["post-86","page","type-page","status-publish","has-post-thumbnail","hentry"],"yoast_head":"<!-- This site is optimized with the Yoast SEO plugin v26.6 - https:\/\/yoast.com\/wordpress\/plugins\/seo\/ -->\n<title>Hurricane Tracker - Tornado - Typhoon, Live Map<\/title>\n<meta name=\"description\" content=\"Hurricane Tracker \u2713 Includes tracking map, live radar- Track the current wind force, wind speed and wind forecast for the next few days.\" \/>\n<meta name=\"robots\" content=\"index, follow, max-snippet:-1, max-image-preview:large, max-video-preview:-1\" \/>\n<link rel=\"canonical\" href=\"https:\/\/weather-radar24.com\/es\/rastreador-de-hurrikan\/\" \/>\n<meta property=\"og:locale\" content=\"es_ES\" \/>\n<meta property=\"og:type\" content=\"article\" \/>\n<meta property=\"og:title\" content=\"Hurricane Tracker - Tornado - Typhoon, Live Map\" \/>\n<meta property=\"og:description\" content=\"Hurricane Tracker \u2713 Includes tracking map, live radar- Track the current wind force, wind speed and wind forecast for the next few days.\" \/>\n<meta property=\"og:url\" content=\"https:\/\/weather-radar24.com\/es\/rastreador-de-hurrikan\/\" \/>\n<meta property=\"article:modified_time\" content=\"2022-09-07T16:02:00+00:00\" \/>\n<meta property=\"og:image\" content=\"https:\/\/weather-radar24.com\/wp-content\/uploads\/2022\/08\/Bildschirmfoto-2022-08-18-um-13.15.21-1.png\" \/>\n\t<meta property=\"og:image:width\" content=\"363\" \/>\n\t<meta property=\"og:image:height\" content=\"277\" \/>\n\t<meta property=\"og:image:type\" content=\"image\/png\" \/>\n<meta name=\"twitter:card\" content=\"summary_large_image\" \/>\n<meta name=\"twitter:label1\" content=\"Tiempo de lectura\" \/>\n\t<meta name=\"twitter:data1\" content=\"2 minutos\" \/>\n<script type=\"application\/ld+json\" class=\"yoast-schema-graph\">{\"@context\":\"https:\/\/schema.org\",\"@graph\":[{\"@type\":\"WebPage\",\"@id\":\"https:\/\/weather-radar24.com\/hurricane-tracker\/\",\"url\":\"https:\/\/weather-radar24.com\/hurricane-tracker\/\",\"name\":\"Hurricane Tracker - Tornado - Typhoon, Live Map\",\"isPartOf\":{\"@id\":\"https:\/\/weather-radar24.com\/#website\"},\"primaryImageOfPage\":{\"@id\":\"https:\/\/weather-radar24.com\/hurricane-tracker\/#primaryimage\"},\"image\":{\"@id\":\"https:\/\/weather-radar24.com\/hurricane-tracker\/#primaryimage\"},\"thumbnailUrl\":\"https:\/\/weather-radar24.com\/wp-content\/uploads\/2022\/08\/Bildschirmfoto-2022-08-18-um-13.15.21-1.png\",\"datePublished\":\"2022-08-18T23:26:27+00:00\",\"dateModified\":\"2022-09-07T16:02:00+00:00\",\"description\":\"Hurricane Tracker \u2713 Includes tracking map, live radar- Track the current wind force, wind speed and wind forecast for the next few days.\",\"breadcrumb\":{\"@id\":\"https:\/\/weather-radar24.com\/hurricane-tracker\/#breadcrumb\"},\"inLanguage\":\"es\",\"potentialAction\":[{\"@type\":\"ReadAction\",\"target\":[\"https:\/\/weather-radar24.com\/hurricane-tracker\/\"]}]},{\"@type\":\"ImageObject\",\"inLanguage\":\"es\",\"@id\":\"https:\/\/weather-radar24.com\/hurricane-tracker\/#primaryimage\",\"url\":\"https:\/\/weather-radar24.com\/wp-content\/uploads\/2022\/08\/Bildschirmfoto-2022-08-18-um-13.15.21-1.png\",\"contentUrl\":\"https:\/\/weather-radar24.com\/wp-content\/uploads\/2022\/08\/Bildschirmfoto-2022-08-18-um-13.15.21-1.png\",\"width\":363,\"height\":277,\"caption\":\"Hurrikan-Tracker\"},{\"@type\":\"BreadcrumbList\",\"@id\":\"https:\/\/weather-radar24.com\/hurricane-tracker\/#breadcrumb\",\"itemListElement\":[{\"@type\":\"ListItem\",\"position\":1,\"name\":\"Startseite\",\"item\":\"https:\/\/weather-radar24.com\/\"},{\"@type\":\"ListItem\",\"position\":2,\"name\":\"Hurricane Tracker\"}]},{\"@type\":\"WebSite\",\"@id\":\"https:\/\/weather-radar24.com\/#website\",\"url\":\"https:\/\/weather-radar24.com\/\",\"name\":\"\",\"description\":\"\",\"potentialAction\":[{\"@type\":\"SearchAction\",\"target\":{\"@type\":\"EntryPoint\",\"urlTemplate\":\"https:\/\/weather-radar24.com\/?s={search_term_string}\"},\"query-input\":{\"@type\":\"PropertyValueSpecification\",\"valueRequired\":true,\"valueName\":\"search_term_string\"}}],\"inLanguage\":\"es\"}]}<\/script>\n<!-- \/ Yoast SEO plugin. -->","yoast_head_json":{"title":"Rastreador de huracanes - Tornado - Tif\u00f3n, mapa en vivo","description":"Rastreador de huracanes \u2713 Incluye mapa de seguimiento, radar en vivo: rastrea la fuerza del viento actual, la velocidad del viento y el pron\u00f3stico del viento para los pr\u00f3ximos d\u00edas.","robots":{"index":"index","follow":"follow","max-snippet":"max-snippet:-1","max-image-preview":"max-image-preview:large","max-video-preview":"max-video-preview:-1"},"canonical":"https:\/\/weather-radar24.com\/es\/rastreador-de-hurrikan\/","og_locale":"es_ES","og_type":"article","og_title":"Hurricane Tracker - Tornado - Typhoon, Live Map","og_description":"Hurricane Tracker \u2713 Includes tracking map, live radar- Track the current wind force, wind speed and wind forecast for the next few days.","og_url":"https:\/\/weather-radar24.com\/es\/rastreador-de-hurrikan\/","article_modified_time":"2022-09-07T16:02:00+00:00","og_image":[{"width":363,"height":277,"url":"https:\/\/weather-radar24.com\/wp-content\/uploads\/2022\/08\/Bildschirmfoto-2022-08-18-um-13.15.21-1.png","type":"image\/png"}],"twitter_card":"summary_large_image","twitter_misc":{"Tiempo de lectura":"2 minutos"},"schema":{"@context":"https:\/\/schema.org","@graph":[{"@type":"WebPage","@id":"https:\/\/weather-radar24.com\/hurricane-tracker\/","url":"https:\/\/weather-radar24.com\/hurricane-tracker\/","name":"Rastreador de huracanes - Tornado - Tif\u00f3n, mapa en vivo","isPartOf":{"@id":"https:\/\/weather-radar24.com\/#website"},"primaryImageOfPage":{"@id":"https:\/\/weather-radar24.com\/hurricane-tracker\/#primaryimage"},"image":{"@id":"https:\/\/weather-radar24.com\/hurricane-tracker\/#primaryimage"},"thumbnailUrl":"https:\/\/weather-radar24.com\/wp-content\/uploads\/2022\/08\/Bildschirmfoto-2022-08-18-um-13.15.21-1.png","datePublished":"2022-08-18T23:26:27+00:00","dateModified":"2022-09-07T16:02:00+00:00","description":"Rastreador de huracanes \u2713 Incluye mapa de seguimiento, radar en vivo: rastrea la fuerza del viento actual, la velocidad del viento y el pron\u00f3stico del viento para los pr\u00f3ximos d\u00edas.","breadcrumb":{"@id":"https:\/\/weather-radar24.com\/hurricane-tracker\/#breadcrumb"},"inLanguage":"es","potentialAction":[{"@type":"ReadAction","target":["https:\/\/weather-radar24.com\/hurricane-tracker\/"]}]},{"@type":"ImageObject","inLanguage":"es","@id":"https:\/\/weather-radar24.com\/hurricane-tracker\/#primaryimage","url":"https:\/\/weather-radar24.com\/wp-content\/uploads\/2022\/08\/Bildschirmfoto-2022-08-18-um-13.15.21-1.png","contentUrl":"https:\/\/weather-radar24.com\/wp-content\/uploads\/2022\/08\/Bildschirmfoto-2022-08-18-um-13.15.21-1.png","width":363,"height":277,"caption":"Hurrikan-Tracker"},{"@type":"BreadcrumbList","@id":"https:\/\/weather-radar24.com\/hurricane-tracker\/#breadcrumb","itemListElement":[{"@type":"ListItem","position":1,"name":"Startseite","item":"https:\/\/weather-radar24.com\/"},{"@type":"ListItem","position":2,"name":"Hurricane Tracker"}]},{"@type":"WebSite","@id":"https:\/\/weather-radar24.com\/#website","url":"https:\/\/weather-radar24.com\/","name":"","description":"","potentialAction":[{"@type":"SearchAction","target":{"@type":"EntryPoint","urlTemplate":"https:\/\/weather-radar24.com\/?s={search_term_string}"},"query-input":{"@type":"PropertyValueSpecification","valueRequired":true,"valueName":"search_term_string"}}],"inLanguage":"es"}]}},"_links":{"self":[{"href":"https:\/\/weather-radar24.com\/es\/wp-json\/wp\/v2\/pages\/86","targetHints":{"allow":["GET"]}}],"collection":[{"href":"https:\/\/weather-radar24.com\/es\/wp-json\/wp\/v2\/pages"}],"about":[{"href":"https:\/\/weather-radar24.com\/es\/wp-json\/wp\/v2\/types\/page"}],"author":[{"embeddable":true,"href":"https:\/\/weather-radar24.com\/es\/wp-json\/wp\/v2\/users\/1"}],"replies":[{"embeddable":true,"href":"https:\/\/weather-radar24.com\/es\/wp-json\/wp\/v2\/comments?post=86"}],"version-history":[{"count":10,"href":"https:\/\/weather-radar24.com\/es\/wp-json\/wp\/v2\/pages\/86\/revisions"}],"predecessor-version":[{"id":207,"href":"https:\/\/weather-radar24.com\/es\/wp-json\/wp\/v2\/pages\/86\/revisions\/207"}],"wp:featuredmedia":[{"embeddable":true,"href":"https:\/\/weather-radar24.com\/es\/wp-json\/wp\/v2\/media\/130"}],"wp:attachment":[{"href":"https:\/\/weather-radar24.com\/es\/wp-json\/wp\/v2\/media?parent=86"}],"curies":[{"name":"wp","href":"https:\/\/api.w.org\/{rel}","templated":true}]}}