{"id":40,"date":"2022-08-17T21:13:54","date_gmt":"2022-08-17T19:13:54","guid":{"rendered":"https:\/\/weather-radar24.com\/?page_id=40"},"modified":"2026-04-11T13:01:50","modified_gmt":"2026-04-11T11:01:50","slug":"weather-radar","status":"publish","type":"page","link":"https:\/\/weather-radar24.com\/fi\/","title":{"rendered":"S\u00e4\u00e4tutka"},"content":{"rendered":"<h1>S\u00e4\u00e4tutka liven\u00e4 \u2013 nykyiset s\u00e4\u00e4olosuhteet<\/h1>\n<p>Olitpa t\u00f6iss\u00e4, koulussa tai ostoksilla, s\u00e4\u00e4 on keskustelunaihe, joka kiinnostaa meit\u00e4 kaikkia. Mutta mist\u00e4 sin\u00e4 todella tied\u00e4t, millainen s\u00e4\u00e4 on? Se on melko yksinkertaista: s\u00e4\u00e4tutkan avulla! Mutta mik\u00e4 t\u00e4m\u00e4 tutka oikein on ja miten se toimii?<\/p>\n<div id=\"windy-box\" style=\"max-width:1300px;margin:20px auto;padding:24px;border:1px solid #dcdcdc;border-radius:12px;background:#f8fafc;text-align:center;font-family:Arial,sans-serif;\">\n<h3 style=\"margin:0 0 10px 0;font-size:24px;color:#1f2937;\">Live Weather Radar<\/h3>\n<p style=\"margin:0 0 18px 0;font-size:16px;line-height:1.5;color:#4b5563;\">\n    Click the button below to load the live radar map from Windy.com.\n  <\/p>\n<p>  <button onclick=\"loadWindy()\" style=\"background:#2563eb;color:#ffffff;border:none;padding:14px 24px;font-size:16px;font-weight:600;border-radius:8px;cursor:pointer;\"><br \/>\n    Load Live Radar<br \/>\n  <\/button><\/p>\n<p style=\"margin:14px 0 0 0;font-size:13px;color:#6b7280;\">\n    External content will be loaded from Windy.com after clicking.\n  <\/p>\n<\/div>\n<p><script>\nfunction loadWindy() {\n  document.getElementById('windy-box').innerHTML =\n    '<iframe loading=\"lazy\" src=\"https:\/\/embed.windy.com\/embed2.html?lat=39.606&#038;lon=-97.031&#038;detailLat=49.142&#038;detailLon=9.223&#038;width=1300&#038;height=600&#038;zoom=5&#038;level=surface&#038;overlay=radar&#038;product=radar&#038;menu=&#038;message=true&#038;marker=&#038;calendar=now&#038;pressure=&#038;type=map&#038;location=coordinates&#038;detail=&#038;metricWind=default&#038;metricTemp=default&#038;radarRange=-1\" width=\"100%\" height=\"600\" frameborder=\"0\" style=\"border:0;border-radius:12px;\"><\/iframe>';\n}\n<\/script><\/p>\n<h2 class=\"p1\">Mik\u00e4 on s\u00e4\u00e4tutka liven\u00e4?<\/h2>\n<p class=\"p1\">S\u00e4\u00e4tutkat ovat olennainen ty\u00f6kalu, jota meteorologit k\u00e4ytt\u00e4v\u00e4t sateen liikkeiden seuraamiseen. Tutkia k\u00e4ytt\u00e4m\u00e4ll\u00e4 meteorologit voivat tunnistaa t\u00e4m\u00e4nhetkiset sadekuviot ja verrata aikaisempia malleja nykyisiin olosuhteisiin tulevaisuuden ennustamiseksi.<\/p>\n<p class=\"p1\">Tutkayksik\u00f6t toimivat l\u00e4hett\u00e4m\u00e4ll\u00e4 s\u00e4hk\u00f6magneettisia aaltoja ja vastaanottamalla niiden kaikuja sadepilvist\u00e4. Tutkaj\u00e4rjestelm\u00e4 laskee sitten sateen et\u00e4isyyden ja voimakkuuden sen perusteella, kuinka kauan kaiun palautuminen kest\u00e4\u00e4.<\/p>\n<p class=\"p1\">S\u00e4\u00e4tutkat ovat meteorologien korvaamaton ty\u00f6kalu, koska niiden avulla he voivat ennustaa s\u00e4\u00e4n tarkasti. S\u00e4\u00e4tutkat ovat korvaamaton ty\u00f6kalu meteorologille, koska niiden avulla he voivat tehd\u00e4 tarkkoja s\u00e4\u00e4ennusteita. Tutkan avulla meteorologit voivat seurata tarkasti sateen reitti\u00e4 ennustaakseen tulevaisuutta.<\/p>\n<h2 class=\"p1\">Miten s\u00e4\u00e4tutka live toimii?<\/h2>\n<p class=\"p1\">Kun seuraavan kerran kytket s\u00e4\u00e4tutkan p\u00e4\u00e4lle, saatat ihmetell\u00e4, kuinka se toimii. Tutkan takana oleva tekniikka on melko monimutkaista, mutta voimme selitt\u00e4\u00e4 joitain perusasioita. Tutka l\u00e4hett\u00e4\u00e4 mikroaaltos\u00e4teen, joka heijastuu sateesta tai lumesta. Tutka vastaanottaa ja k\u00e4sittelee n\u00e4m\u00e4 heijastukset luodakseen kuvan nykyisest\u00e4 s\u00e4\u00e4st\u00e4.<span class=\"Apple-converted-space\">\u00a0 <\/span>Tutkakuvan intensiteetti riippuu sateen m\u00e4\u00e4r\u00e4st\u00e4 \u2013 mit\u00e4 enemm\u00e4n sataa, sit\u00e4 vahvempi kuva. Ja mit\u00e4 l\u00e4hemp\u00e4n\u00e4 sade on, sit\u00e4 nopeammin se liikkuu kuvassa.<\/p>\n<p class=\"p1\">Mutta s\u00e4\u00e4tutka ei ole t\u00e4ydellinen. Esimerkiksi kevyen sateen havaitseminen voi olla vaikeaa, varsinkin jos se on kaukana. Puut ja vuoret voivat my\u00f6s saada tutkan antamaan virheellisen kuvan. N\u00e4ist\u00e4 rajoituksista huolimatta s\u00e4\u00e4tutka on meteorologeille v\u00e4ltt\u00e4m\u00e4t\u00f6n ty\u00f6kalu sateiden ja lumimyrskyjen liikkeen ennustamiseen.<\/p>\n<p>Should you require further real-time data from diverse radar categories such as aviation, maritime, weather, and beyond, you can access it at <a href=\"https:\/\/live-radar.org\/\" target=\"_blank\" rel=\"noopener noreferrer\">https:\/\/live-radar.org\/<\/a>.<\/p>\n<h3 class=\"p1\">Mit\u00e4 hy\u00f6ty\u00e4 siit\u00e4 on?<\/h3>\n<p class=\"p1\">S\u00e4\u00e4 voi joskus olla arvaamaton ja tuo mukanaan pakkasen <a href=\"https:\/\/weather-radar24.com\/fi\/tuulitutka\/\">tuuli<\/a> joka voi polttaa sormesi. Tai voi olla niin kuuma, ett\u00e4 luulet seisovasi autiomaassa. Ennen kuin viimeistelet p\u00e4iv\u00e4suunnitelmasi, on parasta katsoa s\u00e4\u00e4t\u00e4 varmistaaksesi, ett\u00e4 k\u00e4yt\u00e4t oikeat vaatteet t\u00e4lle p\u00e4iv\u00e4lle. T\u00e4m\u00e4 voi kuitenkin vied\u00e4 aikaa, ja saatat joutua etsim\u00e4\u00e4n useilta sivustoilta l\u00f6yt\u00e4\u00e4ksesi tarvitsemasi tiedot. S\u00e4\u00e4tutka on loistava tapa tarkistaa nopeasti ja helposti nykyinen s\u00e4\u00e4 sek\u00e4 tulevina tunteina tai p\u00e4ivin\u00e4:<\/p>\n<p class=\"p1\">S\u00e4\u00e4tutkat pystyv\u00e4t ker\u00e4\u00e4m\u00e4\u00e4n monenlaisia s\u00e4\u00e4tietoja. T\u00e4m\u00e4 sis\u00e4lt\u00e4\u00e4 sadem\u00e4\u00e4r\u00e4n, tuulen nopeuden, tuulen suunnan ja pilven liikkeen. N\u00e4m\u00e4 tiedot n\u00e4ytet\u00e4\u00e4n sitten kartalla, mik\u00e4 auttaa meteorologeja ymm\u00e4rt\u00e4m\u00e4\u00e4n s\u00e4\u00e4t\u00e4 paremmin.<\/p>\n<p class=\"p1\">S\u00e4\u00e4tutkat ovat erityisen hy\u00f6dyllisi\u00e4 ankaran s\u00e4\u00e4n ennustamiseen. He voivat auttaa tunnistamaan myrskyn ajoissa ja ryhtym\u00e4\u00e4n tarvittaviin varotoimiin ihmisten ja omaisuuden suojelemiseksi.<\/p>\n<h3 class=\"p1\">Mit\u00e4 s\u00e4\u00e4tutkan v\u00e4rit tarkoittavat?<\/h3>\n<p class=\"p1\">Kartan v\u00e4rit kertovat kuinka paljon sadetta tulee olemaan. Sateen voimakkuus on jaettu 5 tasoon: kevyt, kohtalainen, raskas, eritt\u00e4in raskas ja eritt\u00e4in raskas. Joten sen mukaan, mill\u00e4 tasolla myrsky on, voit odottaa vaihtelevan intensiteetin sadetta. Sininen vastaa kevytt\u00e4 sadetta, vihre\u00e4st\u00e4 kohtalaiseen, keltaisesta voimakkaaseen, oranssista eritt\u00e4in vahvaan ja punainen eritt\u00e4in voimakkaaseen. Kartan eri v\u00e4rit ovat siis osoitus erilaisista sateen intensiteetist\u00e4.<\/p>\n<h2 class=\"p1\">Miten s\u00e4\u00e4ennuste luodaan?<\/h2>\n<p class=\"p1\">Yksi t\u00e4rkeimmist\u00e4 meteorologien k\u00e4ytt\u00e4mist\u00e4 s\u00e4\u00e4ennusteissa k\u00e4ytt\u00e4mist\u00e4 instrumenteista on s\u00e4\u00e4tutka. S\u00e4\u00e4satelliitit ovat toinen t\u00e4rke\u00e4 ty\u00f6kalu s\u00e4\u00e4ennusteiden laatimisessa. S\u00e4\u00e4satelliitit tarkkailevat s\u00e4\u00e4t\u00e4 ylh\u00e4\u00e4lt\u00e4 ja voivat n\u00e4hd\u00e4 asioita, jotka eiv\u00e4t n\u00e4y maasta. N\u00e4it\u00e4 tietoja k\u00e4ytet\u00e4\u00e4n sitten parempien ennusteiden tekemiseen.<\/p>\n<p class=\"p1\">S\u00e4\u00e4ennustetta tehdess\u00e4 on otettava huomioon my\u00f6s tuuliolosuhteet. Tuulen nopeus ja suunta voivat muuttua nopeasti ja niill\u00e4 on suuri vaikutus s\u00e4\u00e4h\u00e4n. Meteorologit k\u00e4ytt\u00e4v\u00e4t erilaisia instrumentteja tuuliolosuhteiden tarkkailuun, kuten s\u00e4\u00e4ilmapalloja ja tuulimittareita. Lis\u00e4ksi sinun on otettava huomioon my\u00f6s pilvipeite. Pilvisyys voi vaikuttaa s\u00e4\u00e4h\u00e4n s\u00e4\u00e4telem\u00e4ll\u00e4 ilmakeh\u00e4\u00e4n tulevan auringonvalon, l\u00e4mm\u00f6n ja kosteuden m\u00e4\u00e4r\u00e4\u00e4. Meteorologit k\u00e4ytt\u00e4v\u00e4t pilvipeitteen tarkkailuun erilaisia v\u00e4lineit\u00e4, kuten s\u00e4\u00e4antureita ja radiosondeja.<\/p>\n<h3 class=\"p1\">Kuinka luotettavia ennusteet ovat?<\/h3>\n<p class=\"p1\">S\u00e4\u00e4tutkan antamat ennusteet ovat melko luotettavia. On kuitenkin t\u00e4rke\u00e4\u00e4 ymm\u00e4rt\u00e4\u00e4, ett\u00e4 tutka on vain ty\u00f6kalu, eik\u00e4 se voi tehd\u00e4 t\u00e4ydellist\u00e4 ennustetta. Ennusteisiin liittyy aina ep\u00e4varmuutta, koska s\u00e4\u00e4 voi muuttua nopeasti.<\/p>\n<h3 class=\"p1\">Miksi s\u00e4\u00e4tutka on usein pois p\u00e4\u00e4lt\u00e4?<\/h3>\n<p class=\"p1\">Internetin levi\u00e4misen j\u00e4lkeen my\u00f6s s\u00e4\u00e4ennusteista on tullut suuri ongelma. Voit nyt ennustaa s\u00e4\u00e4n p\u00e4iville ja viikoille tai kuukausille eteenp\u00e4in. Ennusteet tarkentuvat, mutta silti s\u00e4\u00e4tutka on usein v\u00e4\u00e4r\u00e4ss\u00e4. Mik\u00e4 on syyn\u00e4 t\u00e4h\u00e4n? Ensinn\u00e4kin sinun on ymm\u00e4rrett\u00e4v\u00e4, ett\u00e4 s\u00e4\u00e4 on eritt\u00e4in monimutkainen j\u00e4rjestelm\u00e4. Monet tekij\u00e4t vaikuttavat, l\u00e4mp\u00f6tilasta tuulen nopeuteen. N\u00e4m\u00e4 tekij\u00e4t eiv\u00e4t aina ole tarkasti ennustettavissa ja voivat muuttua nopeasti.<\/p>\n<p class=\"p1\">T\u00e4m\u00e4 on my\u00f6s syy siihen, miksi s\u00e4\u00e4t\u00e4 on niin vaikea ennustaa. Lis\u00e4ksi s\u00e4\u00e4tutkat n\u00e4kev\u00e4t vain jo sadem\u00e4\u00e4r\u00e4t \u2013 ne eiv\u00e4t voi ennustaa, miss\u00e4 sataa tulevaisuudessa.<\/p>\n<h3 class=\"p1\">Kuka k\u00e4ytt\u00e4\u00e4 s\u00e4\u00e4tutkaa?<\/h3>\n<p class=\"p1\">S\u00e4\u00e4 on mielenkiintoinen aihe; monet ihmiset k\u00e4ytt\u00e4v\u00e4t s\u00e4\u00e4tutkaa s\u00e4\u00e4nn\u00f6llisesti. Mutta kuka k\u00e4ytt\u00e4\u00e4 s\u00e4\u00e4tutkaa ja miksi? S\u00e4\u00e4tutka on hy\u00f6dyllinen ty\u00f6kalu, jonka avulla voit tarkistaa nykyisen s\u00e4\u00e4n ja saada tietoa tulevista s\u00e4\u00e4olosuhteista. Monet s\u00e4\u00e4nn\u00f6llisesti matkustavat ihmiset k\u00e4ytt\u00e4v\u00e4t s\u00e4\u00e4tutkaa saadakseen tietoa vallitsevasta s\u00e4\u00e4tilanteesta. T\u00e4m\u00e4 johtuu siit\u00e4, ett\u00e4 on erityisen t\u00e4rke\u00e4\u00e4 pit\u00e4\u00e4 silm\u00e4ll\u00e4 s\u00e4\u00e4t\u00e4 matkoilla.<\/p>\n<p class=\"p1\">S\u00e4\u00e4tutka voi olla hy\u00f6dyllinen my\u00f6s ty\u00f6el\u00e4m\u00e4ss\u00e4. Esimerkiksi maanviljelij\u00f6ille, jotka aikovat tappaa peltonsa, tai laivan kapteenille, jonka on varottava korkeita aaltoja ja myrskyj\u00e4. My\u00f6s kaupalliset lentokoneet voivat hy\u00f6ty\u00e4 s\u00e4\u00e4tutkasta, koska ne voivat paremmin suunnitella lentoonl\u00e4hd\u00f6n ja laskeutumisen.<\/p>\n<h3 class=\"p1\">Milloin ensimm\u00e4inen s\u00e4\u00e4tutka rakennettiin?<\/h3>\n<p class=\"p1\">Ensimm\u00e4inen s\u00e4\u00e4tutka-asema rakennettiin Iso-Britanniaan vuonna 1935. S\u00e4\u00e4tutkan kehitys alkoi kuitenkin paljon aikaisemmin. Vuonna 1902 saksalainen keksij\u00e4 Christian H\u00fclsmeyer huomasi sen <a href=\"https:\/\/science.nasa.gov\/ems\/02_anatomy\" target=\"_blank\" rel=\"noopener\">elektromagneettiset aallot<\/a> pomppii irti maasta osuessaan sadepisaroihin.<\/p>\n<p class=\"p1\">1920-luvulla brittitieteilij\u00e4 Robert Watson-Watt kehitti j\u00e4rjestelm\u00e4n lentokoneiden sijainnin m\u00e4\u00e4ritt\u00e4miseksi. T\u00e4m\u00e4 j\u00e4rjestelm\u00e4 perustui samalle periaatteelle kuin s\u00e4\u00e4tutka. 1930-luvulla ensimm\u00e4inen s\u00e4\u00e4tutka asennettiin Isoon-Britanniaan. Vuosien mittaan tutka-asemia rakennettiin yh\u00e4 enemm\u00e4n. Nyky\u00e4\u00e4n Euroopan laajuinen verkosto on kattava.<\/p>\n<h3 class=\"p1\">Milt\u00e4 tutka-asema n\u00e4ytt\u00e4\u00e4?<\/h3>\n<p><img loading=\"lazy\" decoding=\"async\" class=\"aligncenter wp-image-103 size-full\" src=\"https:\/\/weather-radar24.com\/wp-content\/uploads\/2022\/08\/radar-g60378e96c_640.jpeg\" alt=\"tutka-asema\" width=\"640\" height=\"480\" srcset=\"https:\/\/weather-radar24.com\/wp-content\/uploads\/2022\/08\/radar-g60378e96c_640.jpeg 640w, https:\/\/weather-radar24.com\/wp-content\/uploads\/2022\/08\/radar-g60378e96c_640-300x225.jpeg 300w\" sizes=\"auto, (max-width: 640px) 100vw, 640px\" \/><\/p>\n<p class=\"p1\">Useimmat tutka-asemat ovat melko huomaamattomia rakennuksia, jotka sijaitsevat maaseudulla tai syrj\u00e4isill\u00e4 alueilla. Mutta milt\u00e4 tutka-asema tarkalleen n\u00e4ytt\u00e4\u00e4? Antenni on tutka-aseman huomattavin asia. Se on usein suuri ja sit\u00e4 voi kiert\u00e4\u00e4 skannatakseen ymp\u00e4r\u00f6iv\u00e4\u00e4 aluetta. Antenni l\u00e4hett\u00e4\u00e4 signaaleja, jotka asema sitten vastaanottaa.<\/p>\n<p class=\"p1\">Itse asema on yleens\u00e4 pieni rakennus, joka on varustettu tietokoneilla ja muilla laitteilla. Joissakin tapauksissa asema on osa suurempaa s\u00e4\u00e4observatoriota.<\/p>","protected":false},"excerpt":{"rendered":"<p>Weather radar live &#8211; Current Weather Conditions Whether you&#8217;re at work, school or shopping, the weather is a topic of conversation that interests us all. But how do you really know what the weather will be like? It\u2019s quite simple: with the help of a weather radar! But what exactly is this radar and how&hellip;&nbsp;<a href=\"https:\/\/weather-radar24.com\/fi\/\" rel=\"bookmark\">Read More &raquo;<span class=\"screen-reader-text\">S\u00e4\u00e4tutka<\/span><\/a><\/p>","protected":false},"author":1,"featured_media":18,"parent":0,"menu_order":0,"comment_status":"closed","ping_status":"closed","template":"","meta":{"neve_meta_sidebar":"","neve_meta_container":"","neve_meta_enable_content_width":"off","neve_meta_content_width":100,"neve_meta_title_alignment":"","neve_meta_author_avatar":"","neve_post_elements_order":"","neve_meta_disable_header":"","neve_meta_disable_footer":"","neve_meta_disable_title":"on","neve_meta_reading_time":"","footnotes":""},"class_list":["post-40","page","type-page","status-publish","has-post-thumbnail","hentry"],"yoast_head":"<!-- This site is optimized with the Yoast SEO plugin v27.3 - https:\/\/yoast.com\/product\/yoast-seo-wordpress\/ -->\n<title>Weather radar live - Current Weather Conditions Map<\/title>\n<meta name=\"description\" content=\"Track the current weather conditions in real time with our weather radar! The weather map shows the forecast for rain, clouds and snowfall\" \/>\n<meta name=\"robots\" content=\"index, follow, max-snippet:-1, max-image-preview:large, max-video-preview:-1\" \/>\n<link rel=\"canonical\" href=\"https:\/\/weather-radar24.com\/fi\/\" \/>\n<meta property=\"og:locale\" content=\"fi_FI\" \/>\n<meta property=\"og:type\" content=\"article\" \/>\n<meta property=\"og:title\" content=\"Weather radar live - Current Weather Conditions Map\" \/>\n<meta property=\"og:description\" content=\"Track the current weather conditions in real time with our weather radar! The weather map shows the forecast for rain, clouds and snowfall\" \/>\n<meta property=\"og:url\" content=\"https:\/\/weather-radar24.com\/fi\/\" \/>\n<meta property=\"article:modified_time\" content=\"2026-04-11T11:01:50+00:00\" \/>\n<meta property=\"og:image\" content=\"https:\/\/weather-radar24.com\/wp-content\/uploads\/2022\/08\/weather-radar24.org_.png\" \/>\n\t<meta property=\"og:image:width\" content=\"500\" \/>\n\t<meta property=\"og:image:height\" content=\"500\" \/>\n\t<meta property=\"og:image:type\" content=\"image\/png\" \/>\n<meta name=\"twitter:card\" content=\"summary_large_image\" \/>\n<meta name=\"twitter:label1\" content=\"Arvioitu lukuaika\" \/>\n\t<meta name=\"twitter:data1\" content=\"6 minuuttia\" \/>\n<script type=\"application\/ld+json\" class=\"yoast-schema-graph\">{\"@context\":\"https:\\\/\\\/schema.org\",\"@graph\":[{\"@type\":\"WebPage\",\"@id\":\"https:\\\/\\\/weather-radar24.com\\\/\",\"url\":\"https:\\\/\\\/weather-radar24.com\\\/\",\"name\":\"Weather radar live - Current Weather Conditions Map\",\"isPartOf\":{\"@id\":\"https:\\\/\\\/weather-radar24.com\\\/#website\"},\"primaryImageOfPage\":{\"@id\":\"https:\\\/\\\/weather-radar24.com\\\/#primaryimage\"},\"image\":{\"@id\":\"https:\\\/\\\/weather-radar24.com\\\/#primaryimage\"},\"thumbnailUrl\":\"https:\\\/\\\/weather-radar24.com\\\/wp-content\\\/uploads\\\/2022\\\/08\\\/weather-radar24.org_.png\",\"datePublished\":\"2022-08-17T19:13:54+00:00\",\"dateModified\":\"2026-04-11T11:01:50+00:00\",\"description\":\"Track the current weather conditions in real time with our weather radar! The weather map shows the forecast for rain, clouds and snowfall\",\"breadcrumb\":{\"@id\":\"https:\\\/\\\/weather-radar24.com\\\/#breadcrumb\"},\"inLanguage\":\"fi\",\"potentialAction\":[{\"@type\":\"ReadAction\",\"target\":[\"https:\\\/\\\/weather-radar24.com\\\/\"]}]},{\"@type\":\"ImageObject\",\"inLanguage\":\"fi\",\"@id\":\"https:\\\/\\\/weather-radar24.com\\\/#primaryimage\",\"url\":\"https:\\\/\\\/weather-radar24.com\\\/wp-content\\\/uploads\\\/2022\\\/08\\\/weather-radar24.org_.png\",\"contentUrl\":\"https:\\\/\\\/weather-radar24.com\\\/wp-content\\\/uploads\\\/2022\\\/08\\\/weather-radar24.org_.png\",\"width\":500,\"height\":500,\"caption\":\"Weather radar\"},{\"@type\":\"BreadcrumbList\",\"@id\":\"https:\\\/\\\/weather-radar24.com\\\/#breadcrumb\",\"itemListElement\":[{\"@type\":\"ListItem\",\"position\":1,\"name\":\"Startseite\",\"item\":\"https:\\\/\\\/weather-radar24.com\\\/\"},{\"@type\":\"ListItem\",\"position\":2,\"name\":\"Weather radar\"}]},{\"@type\":\"WebSite\",\"@id\":\"https:\\\/\\\/weather-radar24.com\\\/#website\",\"url\":\"https:\\\/\\\/weather-radar24.com\\\/\",\"name\":\"\",\"description\":\"\",\"potentialAction\":[{\"@type\":\"SearchAction\",\"target\":{\"@type\":\"EntryPoint\",\"urlTemplate\":\"https:\\\/\\\/weather-radar24.com\\\/?s={search_term_string}\"},\"query-input\":{\"@type\":\"PropertyValueSpecification\",\"valueRequired\":true,\"valueName\":\"search_term_string\"}}],\"inLanguage\":\"fi\"}]}<\/script>\n<!-- \/ Yoast SEO plugin. -->","yoast_head_json":{"title":"S\u00e4\u00e4tutka liven\u00e4 - Nykyisten s\u00e4\u00e4olosuhteiden kartta","description":"Seuraa t\u00e4m\u00e4nhetkisi\u00e4 s\u00e4\u00e4olosuhteita reaaliajassa s\u00e4\u00e4tutkallamme! S\u00e4\u00e4kartta n\u00e4ytt\u00e4\u00e4 sateen, pilvisyyden ja lumisateen s\u00e4\u00e4ennusteen","robots":{"index":"index","follow":"follow","max-snippet":"max-snippet:-1","max-image-preview":"max-image-preview:large","max-video-preview":"max-video-preview:-1"},"canonical":"https:\/\/weather-radar24.com\/fi\/","og_locale":"fi_FI","og_type":"article","og_title":"Weather radar live - Current Weather Conditions Map","og_description":"Track the current weather conditions in real time with our weather radar! The weather map shows the forecast for rain, clouds and snowfall","og_url":"https:\/\/weather-radar24.com\/fi\/","article_modified_time":"2026-04-11T11:01:50+00:00","og_image":[{"width":500,"height":500,"url":"https:\/\/weather-radar24.com\/wp-content\/uploads\/2022\/08\/weather-radar24.org_.png","type":"image\/png"}],"twitter_card":"summary_large_image","twitter_misc":{"Arvioitu lukuaika":"6 minuuttia"},"schema":{"@context":"https:\/\/schema.org","@graph":[{"@type":"WebPage","@id":"https:\/\/weather-radar24.com\/","url":"https:\/\/weather-radar24.com\/","name":"S\u00e4\u00e4tutka liven\u00e4 - Nykyisten s\u00e4\u00e4olosuhteiden kartta","isPartOf":{"@id":"https:\/\/weather-radar24.com\/#website"},"primaryImageOfPage":{"@id":"https:\/\/weather-radar24.com\/#primaryimage"},"image":{"@id":"https:\/\/weather-radar24.com\/#primaryimage"},"thumbnailUrl":"https:\/\/weather-radar24.com\/wp-content\/uploads\/2022\/08\/weather-radar24.org_.png","datePublished":"2022-08-17T19:13:54+00:00","dateModified":"2026-04-11T11:01:50+00:00","description":"Seuraa t\u00e4m\u00e4nhetkisi\u00e4 s\u00e4\u00e4olosuhteita reaaliajassa s\u00e4\u00e4tutkallamme! S\u00e4\u00e4kartta n\u00e4ytt\u00e4\u00e4 sateen, pilvisyyden ja lumisateen s\u00e4\u00e4ennusteen","breadcrumb":{"@id":"https:\/\/weather-radar24.com\/#breadcrumb"},"inLanguage":"fi","potentialAction":[{"@type":"ReadAction","target":["https:\/\/weather-radar24.com\/"]}]},{"@type":"ImageObject","inLanguage":"fi","@id":"https:\/\/weather-radar24.com\/#primaryimage","url":"https:\/\/weather-radar24.com\/wp-content\/uploads\/2022\/08\/weather-radar24.org_.png","contentUrl":"https:\/\/weather-radar24.com\/wp-content\/uploads\/2022\/08\/weather-radar24.org_.png","width":500,"height":500,"caption":"Weather radar"},{"@type":"BreadcrumbList","@id":"https:\/\/weather-radar24.com\/#breadcrumb","itemListElement":[{"@type":"ListItem","position":1,"name":"Startseite","item":"https:\/\/weather-radar24.com\/"},{"@type":"ListItem","position":2,"name":"Weather radar"}]},{"@type":"WebSite","@id":"https:\/\/weather-radar24.com\/#website","url":"https:\/\/weather-radar24.com\/","name":"","description":"","potentialAction":[{"@type":"SearchAction","target":{"@type":"EntryPoint","urlTemplate":"https:\/\/weather-radar24.com\/?s={search_term_string}"},"query-input":{"@type":"PropertyValueSpecification","valueRequired":true,"valueName":"search_term_string"}}],"inLanguage":"fi"}]}},"_links":{"self":[{"href":"https:\/\/weather-radar24.com\/fi\/wp-json\/wp\/v2\/pages\/40","targetHints":{"allow":["GET"]}}],"collection":[{"href":"https:\/\/weather-radar24.com\/fi\/wp-json\/wp\/v2\/pages"}],"about":[{"href":"https:\/\/weather-radar24.com\/fi\/wp-json\/wp\/v2\/types\/page"}],"author":[{"embeddable":true,"href":"https:\/\/weather-radar24.com\/fi\/wp-json\/wp\/v2\/users\/1"}],"replies":[{"embeddable":true,"href":"https:\/\/weather-radar24.com\/fi\/wp-json\/wp\/v2\/comments?post=40"}],"version-history":[{"count":10,"href":"https:\/\/weather-radar24.com\/fi\/wp-json\/wp\/v2\/pages\/40\/revisions"}],"predecessor-version":[{"id":1034,"href":"https:\/\/weather-radar24.com\/fi\/wp-json\/wp\/v2\/pages\/40\/revisions\/1034"}],"wp:featuredmedia":[{"embeddable":true,"href":"https:\/\/weather-radar24.com\/fi\/wp-json\/wp\/v2\/media\/18"}],"wp:attachment":[{"href":"https:\/\/weather-radar24.com\/fi\/wp-json\/wp\/v2\/media?parent=40"}],"curies":[{"name":"wp","href":"https:\/\/api.w.org\/{rel}","templated":true}]}}