{"id":42,"date":"2022-08-17T21:14:33","date_gmt":"2022-08-17T19:14:33","guid":{"rendered":"https:\/\/weather-radar24.com\/?page_id=42"},"modified":"2026-04-11T13:11:34","modified_gmt":"2026-04-11T11:11:34","slug":"cloud-cover-map","status":"publish","type":"page","link":"https:\/\/weather-radar24.com\/fi\/pilvi-peite-kartta\/","title":{"rendered":"Pilvipeite kartta"},"content":{"rendered":"<h1>Pilvipeitekartta \u2013 nykyinen pilviennuste ja pilviennuste<\/h1>\n<p>Pilvipeitekartta on t\u00e4rke\u00e4 ty\u00f6kalu s\u00e4\u00e4n ennustamiseen. Sen avulla voit seurata pilvien liikett\u00e4 ja n\u00e4hd\u00e4, miten s\u00e4\u00e4 kehittyy. N\u00e4in luet ja tulkitset pilvipeitekartan.<\/p>\n<div id=\"windy-clouds-box\" style=\"max-width:1300px;margin:20px auto;padding:24px;border:1px solid #dcdcdc;border-radius:12px;background:#f8fafc;text-align:center;font-family:Arial,sans-serif;\">\n<h3 style=\"margin:0 0 10px 0;font-size:24px;color:#1f2937;\">Clouds Map<\/h3>\n<p style=\"margin:0 0 18px 0;font-size:16px;line-height:1.5;color:#4b5563;\">\n    Click the button below to load the live clouds map from Windy.com.\n  <\/p>\n<p>  <button onclick=\"loadWindyClouds()\" style=\"background:#2563eb;color:#ffffff;border:none;padding:14px 24px;font-size:16px;font-weight:600;border-radius:8px;cursor:pointer;\"><br \/>\n    Load Clouds Map<br \/>\n  <\/button><\/p>\n<p style=\"margin:14px 0 0 0;font-size:13px;color:#6b7280;\">\n    External content will be loaded from Windy.com after clicking.\n  <\/p>\n<\/div>\n<p><script>\nfunction loadWindyClouds() {\n  document.getElementById('windy-clouds-box').innerHTML =\n    '<iframe loading=\"lazy\" src=\"https:\/\/embed.windy.com\/embed2.html?lat=39.606&#038;lon=-97.031&#038;detailLat=49.142&#038;detailLon=9.223&#038;width=1300&#038;height=600&#038;zoom=5&#038;level=surface&#038;overlay=clouds&#038;product=ecmwf&#038;menu=&#038;message=true&#038;marker=&#038;calendar=now&#038;pressure=&#038;type=map&#038;location=coordinates&#038;detail=&#038;metricWind=default&#038;metricTemp=default&#038;radarRange=-1\" width=\"100%\" height=\"600\" frameborder=\"0\" style=\"border:0;border-radius:12px;\"><\/iframe>';\n}\n<\/script><\/p>\n<h2 class=\"p1\">Kuinka lukea pilvipeitekartta?<\/h2>\n<p class=\"p1\">Ensinn\u00e4kin sinun pit\u00e4isi tiet\u00e4\u00e4, ett\u00e4 pilvipeitteen kartta n\u00e4ytt\u00e4\u00e4 vain pilvien liikkeen, ei sadetta tai lunta. T\u00e4m\u00e4 on t\u00e4rke\u00e4\u00e4 huomata, koska <a href=\"https:\/\/weather-radar24.com\/fi\/sadetutka\/\">sade<\/a> ja <a href=\"https:\/\/weather-radar24.com\/fi\/lumipeite-kartta\/\">lumisade<\/a> ovat yleens\u00e4 hitaampia kuin pilven liike. Siksi saatat n\u00e4hd\u00e4 liikett\u00e4 kartalla, mutta et odota sadetta tai lunta. Jos n\u00e4et liikett\u00e4 kartalla, se tarkoittaa, ett\u00e4 pilvet liikkuvat siihen suuntaan.<\/p>\n<p class=\"p1\">Pilvien liikett\u00e4 viimeisen tunnin ajalta voi toistaa toistopainikkeella. Kartan v\u00e4rit osoittavat kuinka voimakas liike on. Mit\u00e4 voimakkaampi liike, sit\u00e4 tummempi v\u00e4ri. Jos n\u00e4et tutkassa tumman v\u00e4rin, se tarkoittaa, ett\u00e4 pilvet liikkuvat eritt\u00e4in nopeasti siihen suuntaan. T\u00e4m\u00e4 on usein merkki huonosta s\u00e4\u00e4st\u00e4. Jos kuitenkin n\u00e4et vain pient\u00e4 liikett\u00e4, se tarkoittaa yleens\u00e4 sit\u00e4, ett\u00e4 s\u00e4\u00e4 on hyv\u00e4 tai ei muutu paljon.<\/p>\n<p class=\"p1\">Jos n\u00e4et useita v\u00e4rej\u00e4 <a href=\"https:\/\/weather-radar24.com\/fi\/\">s\u00e4\u00e4tutka<\/a>, se tarkoittaa, ett\u00e4 pilvet liikkuvat eri suuntiin. T\u00e4m\u00e4 on yleens\u00e4 merkki ep\u00e4vakaisesta s\u00e4\u00e4st\u00e4. Jos et n\u00e4e liikett\u00e4 tutkalla, se tarkoittaa yleens\u00e4 sit\u00e4, ett\u00e4 s\u00e4\u00e4 ei muutu.<\/p>\n<h2 class=\"p1\">Miten pilvipeitekartta toimii?<\/h2>\n<p class=\"p1\">Pilvet koostuvat vesih\u00f6yryst\u00e4 tai j\u00e4\u00e4st\u00e4. Suurin osa pilvi\u00e4 muodostuu, kun l\u00e4mmin ilma nousee. Kun t\u00e4m\u00e4 ilma kohtaa kylm\u00e4n ilman, vesih\u00f6yry tiivistyy ja muodostuu pilvi\u00e4. Pilvipeitekartta toimii seuraamalla pilvien liikett\u00e4. Tutkaa k\u00e4ytet\u00e4\u00e4n l\u00e4hett\u00e4m\u00e4\u00e4n aaltoja ja vastaanottamaan heijastuneita aaltoja.<\/p>\n<p class=\"p1\">Riippuen siit\u00e4, heijastuvatko aallot kiinte\u00e4lt\u00e4 vai nestem\u00e4iselt\u00e4 pinnalta, voit kertoa, onko siell\u00e4 pilvi\u00e4. Pilvitutka n\u00e4ytt\u00e4\u00e4 siis pilvien liikkeit\u00e4.<\/p>\n<h3 class=\"p1\">Kuka k\u00e4ytt\u00e4\u00e4 pilvipeitekarttaa?<\/h3>\n<p class=\"p1\">Pilvipeitekartta on s\u00e4\u00e4tietoj\u00e4rjestelm\u00e4, joka tarjoaa s\u00e4\u00e4nn\u00f6llisesti p\u00e4ivitetyt lukemat pilvist\u00e4 ja niiden liikkeist\u00e4. Sit\u00e4 voi k\u00e4ytt\u00e4\u00e4 verkossa tai sovelluksena ja se sopii useille kohderyhmille, kuten s\u00e4\u00e4harrastajille, amat\u00f6\u00f6rimeteorologeille, lent\u00e4jille, purjehtijoille ja purjelautailijoille. Pilvipeitekartta on yksi suosituimmista s\u00e4\u00e4tietoj\u00e4rjestelmist\u00e4 ja sill\u00e4 on paljon k\u00e4ytt\u00e4ji\u00e4.<\/p>\n<h3 class=\"p1\">Miten pilvet muodostuvat?<\/h3>\n<p class=\"p1\">Pilvet eiv\u00e4t ole oikeastaan mit\u00e4\u00e4n muuta kuin kosteaa ilmaa. Mutta se ei ole niin, ett\u00e4 pilvet yksinkertaisesti <a href=\"https:\/\/www.fortworthtexas.gov\/departments\/water\/sdw\/water-made#:~:text=A%20water%20molecule%20has%20three,sometimes%20referred%20to%20as%20H2O.\" target=\"_blank\" rel=\"noopener\">koostuvat vedest\u00e4<\/a> h\u00f6yry\u00e4 karkaamassa ilmakeh\u00e4\u00e4n. Pikemminkin pilvi\u00e4 muodostuu, koska aurinko l\u00e4mmitt\u00e4\u00e4 kosteaa ilmaa. Kun maa j\u00e4\u00e4htyy, vesih\u00f6yry tiivistyy ja muodostaa sumua.<\/p>\n<h3 class=\"p1\">Milt\u00e4 sadepilvet n\u00e4ytt\u00e4v\u00e4t?<\/h3>\n<p class=\"p1\">Se on itse asiassa melko yksinkertaista: pilvet ovat vain ilmaa, joka on sekoittunut. Ne voivat n\u00e4ytt\u00e4\u00e4 hyvin erilaisilta. Esimerkiksi sadepilvet ovat yleens\u00e4 tummia ja tiheit\u00e4, koska niiss\u00e4 on paljon vesipisaroita. Lumipilvet sen sijaan n\u00e4ytt\u00e4v\u00e4t yleens\u00e4 valkoisilta ja p\u00f6rr\u00f6isilt\u00e4, koska niiss\u00e4 on paljon j\u00e4\u00e4kiteit\u00e4.<\/p>\n<h3 class=\"p1\">Mitk\u00e4 pilvet ovat vaarallisia?<\/h3>\n<p class=\"p1\">Cumuluspilvet ovat yleisin pilvityyppi ja yleens\u00e4 vaarattomia. Ne n\u00e4ytt\u00e4v\u00e4t p\u00f6rr\u00f6isilt\u00e4 valkoisilta palloilta ja ovat usein merkki hyv\u00e4st\u00e4 s\u00e4\u00e4st\u00e4. Ne voivat kuitenkin my\u00f6s ennustaa ukkosmyrskyj\u00e4, jos niist\u00e4 tulee liian suuria ja tiheit\u00e4. Nimbuspilvet ovat vaarallisimpia pilvi\u00e4, koska ne liittyv\u00e4t sateeseen, lumiseen tai rakeen. Ne n\u00e4ytt\u00e4v\u00e4t paksuilta harmailta tai mustilta kumpupilvilt\u00e4 ja voivat edelt\u00e4\u00e4 \u00e4\u00e4rimm\u00e4isi\u00e4 s\u00e4\u00e4olosuhteita.<\/p>","protected":false},"excerpt":{"rendered":"<p>Cloud cover map &#8211; current cloud forecast &amp; cloud prediction Cloud cover map is an important tool for predicting the weather. It can help you track the movement of clouds and see how the weather is developing. Here&#8217;s how to read and interpret a cloud cover map. Clouds Map Click the button below to load&hellip;&nbsp;<a href=\"https:\/\/weather-radar24.com\/fi\/pilvi-peite-kartta\/\" rel=\"bookmark\">Read More &raquo;<span class=\"screen-reader-text\">Pilvipeite kartta<\/span><\/a><\/p>","protected":false},"author":1,"featured_media":113,"parent":0,"menu_order":0,"comment_status":"closed","ping_status":"closed","template":"","meta":{"neve_meta_sidebar":"","neve_meta_container":"","neve_meta_enable_content_width":"off","neve_meta_content_width":100,"neve_meta_title_alignment":"","neve_meta_author_avatar":"","neve_post_elements_order":"","neve_meta_disable_header":"","neve_meta_disable_footer":"","neve_meta_disable_title":"on","neve_meta_reading_time":"","footnotes":""},"class_list":["post-42","page","type-page","status-publish","has-post-thumbnail","hentry"],"yoast_head":"<!-- This site is optimized with the Yoast SEO plugin v27.3 - https:\/\/yoast.com\/product\/yoast-seo-wordpress\/ -->\n<title>Cloud cover map - current cloud forecast &amp; cloud prediction<\/title>\n<meta name=\"description\" content=\"Follow the current cloud forecast Worldwide with our cloud radar. Current satellite images show the cloud forecast\" \/>\n<meta name=\"robots\" content=\"index, follow, max-snippet:-1, max-image-preview:large, max-video-preview:-1\" \/>\n<link rel=\"canonical\" href=\"https:\/\/weather-radar24.com\/fi\/pilvi-peite-kartta\/\" \/>\n<meta property=\"og:locale\" content=\"fi_FI\" \/>\n<meta property=\"og:type\" content=\"article\" \/>\n<meta property=\"og:title\" content=\"Cloud cover map - current cloud forecast &amp; cloud prediction\" \/>\n<meta property=\"og:description\" content=\"Follow the current cloud forecast Worldwide with our cloud radar. Current satellite images show the cloud forecast\" \/>\n<meta property=\"og:url\" content=\"https:\/\/weather-radar24.com\/fi\/pilvi-peite-kartta\/\" \/>\n<meta property=\"article:modified_time\" content=\"2026-04-11T11:11:34+00:00\" \/>\n<meta property=\"og:image\" content=\"https:\/\/weather-radar24.com\/wp-content\/uploads\/2022\/08\/Bildschirmfoto-2022-08-18-um-13.15.21.png\" \/>\n\t<meta property=\"og:image:width\" content=\"363\" \/>\n\t<meta property=\"og:image:height\" content=\"277\" \/>\n\t<meta property=\"og:image:type\" content=\"image\/png\" \/>\n<meta name=\"twitter:card\" content=\"summary_large_image\" \/>\n<meta name=\"twitter:label1\" content=\"Arvioitu lukuaika\" \/>\n\t<meta name=\"twitter:data1\" content=\"3 minuuttia\" \/>\n<script type=\"application\/ld+json\" class=\"yoast-schema-graph\">{\"@context\":\"https:\\\/\\\/schema.org\",\"@graph\":[{\"@type\":\"WebPage\",\"@id\":\"https:\\\/\\\/weather-radar24.com\\\/cloud-cover-map\\\/\",\"url\":\"https:\\\/\\\/weather-radar24.com\\\/cloud-cover-map\\\/\",\"name\":\"Cloud cover map - current cloud forecast & cloud prediction\",\"isPartOf\":{\"@id\":\"https:\\\/\\\/weather-radar24.com\\\/#website\"},\"primaryImageOfPage\":{\"@id\":\"https:\\\/\\\/weather-radar24.com\\\/cloud-cover-map\\\/#primaryimage\"},\"image\":{\"@id\":\"https:\\\/\\\/weather-radar24.com\\\/cloud-cover-map\\\/#primaryimage\"},\"thumbnailUrl\":\"https:\\\/\\\/weather-radar24.com\\\/wp-content\\\/uploads\\\/2022\\\/08\\\/Bildschirmfoto-2022-08-18-um-13.15.21.png\",\"datePublished\":\"2022-08-17T19:14:33+00:00\",\"dateModified\":\"2026-04-11T11:11:34+00:00\",\"description\":\"Follow the current cloud forecast Worldwide with our cloud radar. Current satellite images show the cloud forecast\",\"breadcrumb\":{\"@id\":\"https:\\\/\\\/weather-radar24.com\\\/cloud-cover-map\\\/#breadcrumb\"},\"inLanguage\":\"fi\",\"potentialAction\":[{\"@type\":\"ReadAction\",\"target\":[\"https:\\\/\\\/weather-radar24.com\\\/cloud-cover-map\\\/\"]}]},{\"@type\":\"ImageObject\",\"inLanguage\":\"fi\",\"@id\":\"https:\\\/\\\/weather-radar24.com\\\/cloud-cover-map\\\/#primaryimage\",\"url\":\"https:\\\/\\\/weather-radar24.com\\\/wp-content\\\/uploads\\\/2022\\\/08\\\/Bildschirmfoto-2022-08-18-um-13.15.21.png\",\"contentUrl\":\"https:\\\/\\\/weather-radar24.com\\\/wp-content\\\/uploads\\\/2022\\\/08\\\/Bildschirmfoto-2022-08-18-um-13.15.21.png\",\"width\":363,\"height\":277,\"caption\":\"Cloud cover map\"},{\"@type\":\"BreadcrumbList\",\"@id\":\"https:\\\/\\\/weather-radar24.com\\\/cloud-cover-map\\\/#breadcrumb\",\"itemListElement\":[{\"@type\":\"ListItem\",\"position\":1,\"name\":\"Startseite\",\"item\":\"https:\\\/\\\/weather-radar24.com\\\/\"},{\"@type\":\"ListItem\",\"position\":2,\"name\":\"Cloud cover map\"}]},{\"@type\":\"WebSite\",\"@id\":\"https:\\\/\\\/weather-radar24.com\\\/#website\",\"url\":\"https:\\\/\\\/weather-radar24.com\\\/\",\"name\":\"\",\"description\":\"\",\"potentialAction\":[{\"@type\":\"SearchAction\",\"target\":{\"@type\":\"EntryPoint\",\"urlTemplate\":\"https:\\\/\\\/weather-radar24.com\\\/?s={search_term_string}\"},\"query-input\":{\"@type\":\"PropertyValueSpecification\",\"valueRequired\":true,\"valueName\":\"search_term_string\"}}],\"inLanguage\":\"fi\"}]}<\/script>\n<!-- \/ Yoast SEO plugin. -->","yoast_head_json":{"title":"Pilvipeitekartta - nykyinen pilviennuste ja pilviennuste","description":"Seuraa nykyist\u00e4 pilviennustetta maailmanlaajuisesti pilvitutkallamme. Nykyiset satelliittikuvat n\u00e4ytt\u00e4v\u00e4t pilviennusteen","robots":{"index":"index","follow":"follow","max-snippet":"max-snippet:-1","max-image-preview":"max-image-preview:large","max-video-preview":"max-video-preview:-1"},"canonical":"https:\/\/weather-radar24.com\/fi\/pilvi-peite-kartta\/","og_locale":"fi_FI","og_type":"article","og_title":"Cloud cover map - current cloud forecast & cloud prediction","og_description":"Follow the current cloud forecast Worldwide with our cloud radar. Current satellite images show the cloud forecast","og_url":"https:\/\/weather-radar24.com\/fi\/pilvi-peite-kartta\/","article_modified_time":"2026-04-11T11:11:34+00:00","og_image":[{"width":363,"height":277,"url":"https:\/\/weather-radar24.com\/wp-content\/uploads\/2022\/08\/Bildschirmfoto-2022-08-18-um-13.15.21.png","type":"image\/png"}],"twitter_card":"summary_large_image","twitter_misc":{"Arvioitu lukuaika":"3 minuuttia"},"schema":{"@context":"https:\/\/schema.org","@graph":[{"@type":"WebPage","@id":"https:\/\/weather-radar24.com\/cloud-cover-map\/","url":"https:\/\/weather-radar24.com\/cloud-cover-map\/","name":"Pilvipeitekartta - nykyinen pilviennuste ja pilviennuste","isPartOf":{"@id":"https:\/\/weather-radar24.com\/#website"},"primaryImageOfPage":{"@id":"https:\/\/weather-radar24.com\/cloud-cover-map\/#primaryimage"},"image":{"@id":"https:\/\/weather-radar24.com\/cloud-cover-map\/#primaryimage"},"thumbnailUrl":"https:\/\/weather-radar24.com\/wp-content\/uploads\/2022\/08\/Bildschirmfoto-2022-08-18-um-13.15.21.png","datePublished":"2022-08-17T19:14:33+00:00","dateModified":"2026-04-11T11:11:34+00:00","description":"Seuraa nykyist\u00e4 pilviennustetta maailmanlaajuisesti pilvitutkallamme. Nykyiset satelliittikuvat n\u00e4ytt\u00e4v\u00e4t pilviennusteen","breadcrumb":{"@id":"https:\/\/weather-radar24.com\/cloud-cover-map\/#breadcrumb"},"inLanguage":"fi","potentialAction":[{"@type":"ReadAction","target":["https:\/\/weather-radar24.com\/cloud-cover-map\/"]}]},{"@type":"ImageObject","inLanguage":"fi","@id":"https:\/\/weather-radar24.com\/cloud-cover-map\/#primaryimage","url":"https:\/\/weather-radar24.com\/wp-content\/uploads\/2022\/08\/Bildschirmfoto-2022-08-18-um-13.15.21.png","contentUrl":"https:\/\/weather-radar24.com\/wp-content\/uploads\/2022\/08\/Bildschirmfoto-2022-08-18-um-13.15.21.png","width":363,"height":277,"caption":"Cloud cover map"},{"@type":"BreadcrumbList","@id":"https:\/\/weather-radar24.com\/cloud-cover-map\/#breadcrumb","itemListElement":[{"@type":"ListItem","position":1,"name":"Startseite","item":"https:\/\/weather-radar24.com\/"},{"@type":"ListItem","position":2,"name":"Cloud cover map"}]},{"@type":"WebSite","@id":"https:\/\/weather-radar24.com\/#website","url":"https:\/\/weather-radar24.com\/","name":"","description":"","potentialAction":[{"@type":"SearchAction","target":{"@type":"EntryPoint","urlTemplate":"https:\/\/weather-radar24.com\/?s={search_term_string}"},"query-input":{"@type":"PropertyValueSpecification","valueRequired":true,"valueName":"search_term_string"}}],"inLanguage":"fi"}]}},"_links":{"self":[{"href":"https:\/\/weather-radar24.com\/fi\/wp-json\/wp\/v2\/pages\/42","targetHints":{"allow":["GET"]}}],"collection":[{"href":"https:\/\/weather-radar24.com\/fi\/wp-json\/wp\/v2\/pages"}],"about":[{"href":"https:\/\/weather-radar24.com\/fi\/wp-json\/wp\/v2\/types\/page"}],"author":[{"embeddable":true,"href":"https:\/\/weather-radar24.com\/fi\/wp-json\/wp\/v2\/users\/1"}],"replies":[{"embeddable":true,"href":"https:\/\/weather-radar24.com\/fi\/wp-json\/wp\/v2\/comments?post=42"}],"version-history":[{"count":7,"href":"https:\/\/weather-radar24.com\/fi\/wp-json\/wp\/v2\/pages\/42\/revisions"}],"predecessor-version":[{"id":114,"href":"https:\/\/weather-radar24.com\/fi\/wp-json\/wp\/v2\/pages\/42\/revisions\/114"}],"wp:featuredmedia":[{"embeddable":true,"href":"https:\/\/weather-radar24.com\/fi\/wp-json\/wp\/v2\/media\/113"}],"wp:attachment":[{"href":"https:\/\/weather-radar24.com\/fi\/wp-json\/wp\/v2\/media?parent=42"}],"curies":[{"name":"wp","href":"https:\/\/api.w.org\/{rel}","templated":true}]}}