{"id":44,"date":"2022-08-17T21:14:51","date_gmt":"2022-08-17T19:14:51","guid":{"rendered":"https:\/\/weather-radar24.com\/?page_id=44"},"modified":"2026-04-11T13:13:09","modified_gmt":"2026-04-11T11:13:09","slug":"storm-radar","status":"publish","type":"page","link":"https:\/\/weather-radar24.com\/fi\/myrskytutka\/","title":{"rendered":"Myrskytutka"},"content":{"rendered":"<h1>Myrskytutka \u2013 t\u00e4m\u00e4nhetkinen ennuste ankaralle s\u00e4\u00e4lle<\/h1>\n<p>Mik\u00e4 voisi olla parempaa kuin istua ulkona ja nauttia auringosta kauniilla s\u00e4\u00e4ll\u00e4? Valitettavasti s\u00e4\u00e4 ei aina ole niin hyv\u00e4. Ankaran s\u00e4\u00e4n tutka on t\u00e4rke\u00e4 ty\u00f6kalu huonosta s\u00e4\u00e4st\u00e4 varoittaessa. Mutta mik\u00e4 ankaran s\u00e4\u00e4n tutka oikeastaan on ja miten se toimii?<\/p>\n<div id=\"windy-alerts-box\" style=\"max-width:1300px;margin:20px auto;padding:24px;border:1px solid #dcdcdc;border-radius:12px;background:#f8fafc;text-align:center;font-family:Arial,sans-serif;\">\n<h3 style=\"margin:0 0 10px 0;font-size:24px;color:#1f2937;\">Weather Alerts Map<\/h3>\n<p style=\"margin:0 0 18px 0;font-size:16px;line-height:1.5;color:#4b5563;\">\n    Click the button below to load active weather alerts from Windy.com.\n  <\/p>\n<p>  <button onclick=\"loadWindyAlerts()\" style=\"background:#dc2626;color:#ffffff;border:none;padding:14px 24px;font-size:16px;font-weight:600;border-radius:8px;cursor:pointer;\"><br \/>\n    Load Weather Alerts<br \/>\n  <\/button><\/p>\n<p style=\"margin:14px 0 0 0;font-size:13px;color:#6b7280;\">\n    External content will be loaded from Windy.com after clicking.\n  <\/p>\n<\/div>\n<p><script>\nfunction loadWindyAlerts() {\n  document.getElementById('windy-alerts-box').innerHTML =\n    '<iframe loading=\"lazy\" src=\"https:\/\/embed.windy.com\/embed2.html?lat=39.606&#038;lon=-97.031&#038;detailLat=49.142&#038;detailLon=9.223&#038;width=1300&#038;height=600&#038;zoom=5&#038;level=surface&#038;overlay=capAlerts&#038;product=capAlerts&#038;menu=&#038;message=true&#038;marker=&#038;calendar=now&#038;pressure=&#038;type=map&#038;location=coordinates&#038;detail=&#038;metricWind=default&#038;metricTemp=default&#038;radarRange=-1\" width=\"100%\" height=\"600\" frameborder=\"0\" style=\"border:0;border-radius:12px;\"><\/iframe>';\n}\n<\/script><\/p>\n<h2 class=\"p1\">Kuinka lukea Storm-tutkaa<\/h2>\n<p class=\"p1\">Ensinn\u00e4kin sinun pit\u00e4isi tiet\u00e4\u00e4, ett\u00e4 Storm-tutka on vain tilannekuva s\u00e4\u00e4st\u00e4. Se ei kerro tulevaisuudesta mit\u00e4\u00e4n. T\u00e4m\u00e4 tarkoittaa, ett\u00e4 sinun tulee aina tarkastella ankaran s\u00e4\u00e4n tutkaa yhdess\u00e4 muiden s\u00e4\u00e4tietojen kanssa saadaksesi tarkimman kuvan.<\/p>\n<p class=\"p1\">Kun katsot Storm-tutkaa, n\u00e4et yleens\u00e4 muutaman eri v\u00e4rin. N\u00e4m\u00e4 osoittavat kuinka paljon sateet ovat juuri nyt. Mit\u00e4 raskaampaa sadem\u00e4\u00e4r\u00e4, sit\u00e4 tummempi v\u00e4ri. Eri v\u00e4rit eiv\u00e4t kuitenkaan kerro mit\u00e4\u00e4n sateen tyypist\u00e4. Joten se voi olla sek\u00e4 sadetta ett\u00e4 lunta tai rakeita. Lis\u00e4ksi on huomioitava, ett\u00e4 tutka n\u00e4ytt\u00e4\u00e4 vain maasta nousevan sateen. Joten jos sadetta ei putoa maahan, et n\u00e4e sit\u00e4 ankarassa s\u00e4\u00e4tutkassa. T\u00e4m\u00e4 ei kuitenkaan v\u00e4ltt\u00e4m\u00e4tt\u00e4 tarkoita, etteik\u00f6 sadetta olisi!<\/p>\n<p class=\"p1\">Usein on alueita, joilla sataa tai sataa lunta, mutta <a href=\"https:\/\/weather-radar24.com\/fi\/sadetutka\/\">sade<\/a> tai lumi haihtuu ennen kuin se saavuttaa maanpinnan. T\u00e4ss\u00e4 tapauksessa tutkalla n\u00e4kyy vain valopilkku. Joten kun katsot ankaran s\u00e4\u00e4n tutkaa, muista aina, ett\u00e4 se on vain tilannekuva ja sit\u00e4 tulisi tarkastella yhdess\u00e4 muiden s\u00e4\u00e4tietojen kanssa.<\/p>\n<h3>Satelliitti myrskytutka<\/h3>\n<p>T\u00e4\u00e4ll\u00e4 voit katsella myrskyj\u00e4 avaruudesta.<\/p>\n<p><em><img decoding=\"async\" src=\"https:\/\/s.w-x.co\/staticmaps\/ussat_1280x720.jpg\" \/><\/em><\/p>\n<h3 class=\"p1\">Miten myrsky muodostuu?<\/h3>\n<p class=\"p1\">Myrsky on s\u00e4\u00e4ilmi\u00f6, joka syntyy voimakkaan tuulen ja sateen yhdistelm\u00e4st\u00e4. The <a href=\"https:\/\/weather-radar24.com\/fi\/tuulitutka\/\">tuuli<\/a> nopeus myrskyss\u00e4 voi saavuttaa <a href=\"https:\/\/weather-radar24.com\/fi\/hurrikaani-seuranta\/\">Hurrikaani<\/a> voima ja sadem\u00e4\u00e4r\u00e4 voivat olla hyvin suuria. N\u00e4m\u00e4 kaksi tekij\u00e4\u00e4 varmistavat, ett\u00e4 myrsky voi olla eritt\u00e4in vaarallinen. Miten myrsky oikein muodostuu?<\/p>\n<p class=\"p1\">Vastaus ei ole kovin yksinkertainen, koska myrskyj\u00e4 on erilaisia. Jotkut myrskyt muodostuvat, kun kylm\u00e4\u00e4 ilmaa napa-alueilta virtaa etel\u00e4\u00e4n ja osuu l\u00e4mpim\u00e4\u00e4n ilmaan. T\u00e4llaista myrsky\u00e4 kutsutaan masennukseksi. Muita myrskyj\u00e4 syntyy, kun kuuma ilma virtaa tropiikista pohjoiseen ja osuu kylm\u00e4\u00e4n ilmaan. T\u00e4llaista myrsky\u00e4 kutsutaan korkeapainealueeksi. Molemmissa tapauksissa ilma puristuu, mik\u00e4 johtaa voimakkaampiin tuulista.<\/p>\n<p class=\"p1\">Sadetta syntyy, kun ilman puristuminen johtaa kosteuden lis\u00e4\u00e4ntymiseen, joka lopulta putoaa sateena tai <a href=\"https:\/\/weather-radar24.com\/fi\/lumipeite-kartta\/\">lumi<\/a>. <a href=\"https:\/\/www.nssl.noaa.gov\/education\/svrwx101\/thunderstorms\/faq\/\" target=\"_blank\" rel=\"noopener\">Myrskyt voivat olla eritt\u00e4in vaarallisia<\/a> ja se tulee aina ottaa vakavasti. Jos asut alueella, jolla myrskyt ovat yleisi\u00e4, sinun tulee olla tietoinen parhaista toimenpiteist\u00e4 suojellaksesi itse\u00e4si ja perhett\u00e4si.<\/p>\n<h3 class=\"p1\">Mit\u00e4 myrskyvaroitus tarkoittaa?<\/h3>\n<p class=\"p1\">S\u00e4\u00e4palvelu on antanut myrskyvaroituksen varoittaakseen yleis\u00f6\u00e4 l\u00e4hestyv\u00e4st\u00e4 myrskyst\u00e4. Myrskyvaroitukset annetaan, kun on odotettavissa myrsky\u00e4, jonka tuulennopeus on v\u00e4hint\u00e4\u00e4n 62,14 mph (Bft 9) tai voimakkaita puuskia. Myrskyvaroitukset ovat yleens\u00e4 voimassa 3\u20136 tuntia. Myrskyvaroituksia ei yleens\u00e4 anneta y\u00f6ll\u00e4 tai aikaisin aamulla, koska suurin osa ihmisist\u00e4 nukkuu juuri silloin.<\/p>\n<h3 class=\"p1\">Mik\u00e4 on korkein myrskyvaroitustaso?<\/h3>\n<p class=\"p1\">Ankaran s\u00e4\u00e4n varoitustasoja on nelj\u00e4. Korkein taso on varoitustaso 5, jota seuraavat varoitustasot 4, 3, 2 ja 1. Varoitustasot ovat s\u00e4\u00e4palvelun asettamia ja ne perustuvat erilaisiin kriteereihin, kuten myrskyn voimakkuuteen ja kestoon, vahinkojen laajuuteen ja odotettavissa olevia liikenneh\u00e4iri\u00f6it\u00e4<\/p>\n<h3 class=\"p1\">Kauanko kest\u00e4\u00e4 ett\u00e4 myrsky menee ohi?<\/h3>\n<p class=\"p1\">Myrsky liikkuu, mutta kuinka kauan sinun on pysytt\u00e4v\u00e4 turvassa? Myrsky menee nopeasti ohi \u2013 itse asiassa niin nopeasti, ett\u00e4 ehdit h\u00e4din tuskin p\u00e4\u00e4st\u00e4 turvaan. Muuten se kest\u00e4\u00e4 loputtomasti ja ankaran s\u00e4\u00e4n varoitus pysyy voimassa. Mutta kuinka kauan myrsky todella kest\u00e4\u00e4?<\/p>\n<p class=\"p1\">Joten vastaus t\u00e4h\u00e4n kysymykseen ei ole aivan yksinkertainen. Se riippuu siit\u00e4, kuinka voimakas myrsky on ja mill\u00e4 alueella se sijaitsee. Yleens\u00e4 myrsky kest\u00e4\u00e4 30 minuutista tuntiin. Harvinaisissa tapauksissa se voi kuitenkin kest\u00e4\u00e4 pidemp\u00e4\u00e4n.<\/p>","protected":false},"excerpt":{"rendered":"<p>Myrskytutka \u2013 nykyinen ankaran s\u00e4\u00e4n ennuste Mik\u00e4 voisi olla parempaa kuin istua ulkona ja nauttia auringosta kauniilla s\u00e4\u00e4ll\u00e4? Valitettavasti s\u00e4\u00e4 ei aina ole niin hyv\u00e4. Ankaran s\u00e4\u00e4n tutka on t\u00e4rke\u00e4 ty\u00f6kalu huonosta s\u00e4\u00e4st\u00e4 varoittaessa. Mutta mik\u00e4 ankaran s\u00e4\u00e4n tutka oikeastaan on ja miten\u2026&nbsp;<a href=\"https:\/\/weather-radar24.com\/fi\/myrskytutka\/\" rel=\"bookmark\">Read More &raquo;<span class=\"screen-reader-text\">Myrskytutka<\/span><\/a><\/p>","protected":false},"author":1,"featured_media":120,"parent":0,"menu_order":0,"comment_status":"closed","ping_status":"closed","template":"","meta":{"neve_meta_sidebar":"","neve_meta_container":"","neve_meta_enable_content_width":"off","neve_meta_content_width":100,"neve_meta_title_alignment":"","neve_meta_author_avatar":"","neve_post_elements_order":"","neve_meta_disable_header":"","neve_meta_disable_footer":"","neve_meta_disable_title":"on","neve_meta_reading_time":"","footnotes":""},"class_list":["post-44","page","type-page","status-publish","has-post-thumbnail","hentry"],"yoast_head":"<!-- This site is optimized with the Yoast SEO plugin v27.3 - https:\/\/yoast.com\/product\/yoast-seo-wordpress\/ -->\n<title>Storm radar - current forecast for severe weather<\/title>\n<meta name=\"description\" content=\"Track the current weather conditions in real time with our Storm radar! The weather map shows the forecast for rain and severe weather\" \/>\n<meta name=\"robots\" content=\"index, follow, max-snippet:-1, max-image-preview:large, max-video-preview:-1\" \/>\n<link rel=\"canonical\" href=\"https:\/\/weather-radar24.com\/fi\/myrskytutka\/\" \/>\n<meta property=\"og:locale\" content=\"fi_FI\" \/>\n<meta property=\"og:type\" content=\"article\" \/>\n<meta property=\"og:title\" content=\"Storm radar - current forecast for severe weather\" \/>\n<meta property=\"og:description\" content=\"Track the current weather conditions in real time with our Storm radar! The weather map shows the forecast for rain and severe weather\" \/>\n<meta property=\"og:url\" content=\"https:\/\/weather-radar24.com\/fi\/myrskytutka\/\" \/>\n<meta property=\"article:modified_time\" content=\"2026-04-11T11:13:09+00:00\" \/>\n<meta property=\"og:image\" content=\"https:\/\/weather-radar24.com\/wp-content\/uploads\/2022\/08\/Bildschirmfoto-2022-08-18-um-19.20.43.png\" \/>\n\t<meta property=\"og:image:width\" content=\"353\" \/>\n\t<meta property=\"og:image:height\" content=\"258\" \/>\n\t<meta property=\"og:image:type\" content=\"image\/png\" \/>\n<meta name=\"twitter:card\" content=\"summary_large_image\" \/>\n<meta name=\"twitter:label1\" content=\"Arvioitu lukuaika\" \/>\n\t<meta name=\"twitter:data1\" content=\"4 minuuttia\" \/>\n<script type=\"application\/ld+json\" class=\"yoast-schema-graph\">{\"@context\":\"https:\\\/\\\/schema.org\",\"@graph\":[{\"@type\":\"WebPage\",\"@id\":\"https:\\\/\\\/weather-radar24.com\\\/storm-radar\\\/\",\"url\":\"https:\\\/\\\/weather-radar24.com\\\/storm-radar\\\/\",\"name\":\"Storm radar - current forecast for severe weather\",\"isPartOf\":{\"@id\":\"https:\\\/\\\/weather-radar24.com\\\/#website\"},\"primaryImageOfPage\":{\"@id\":\"https:\\\/\\\/weather-radar24.com\\\/storm-radar\\\/#primaryimage\"},\"image\":{\"@id\":\"https:\\\/\\\/weather-radar24.com\\\/storm-radar\\\/#primaryimage\"},\"thumbnailUrl\":\"https:\\\/\\\/weather-radar24.com\\\/wp-content\\\/uploads\\\/2022\\\/08\\\/Bildschirmfoto-2022-08-18-um-19.20.43.png\",\"datePublished\":\"2022-08-17T19:14:51+00:00\",\"dateModified\":\"2026-04-11T11:13:09+00:00\",\"description\":\"Track the current weather conditions in real time with our Storm radar! The weather map shows the forecast for rain and severe weather\",\"breadcrumb\":{\"@id\":\"https:\\\/\\\/weather-radar24.com\\\/storm-radar\\\/#breadcrumb\"},\"inLanguage\":\"fi\",\"potentialAction\":[{\"@type\":\"ReadAction\",\"target\":[\"https:\\\/\\\/weather-radar24.com\\\/storm-radar\\\/\"]}]},{\"@type\":\"ImageObject\",\"inLanguage\":\"fi\",\"@id\":\"https:\\\/\\\/weather-radar24.com\\\/storm-radar\\\/#primaryimage\",\"url\":\"https:\\\/\\\/weather-radar24.com\\\/wp-content\\\/uploads\\\/2022\\\/08\\\/Bildschirmfoto-2022-08-18-um-19.20.43.png\",\"contentUrl\":\"https:\\\/\\\/weather-radar24.com\\\/wp-content\\\/uploads\\\/2022\\\/08\\\/Bildschirmfoto-2022-08-18-um-19.20.43.png\",\"width\":353,\"height\":258,\"caption\":\"Storm radar\"},{\"@type\":\"BreadcrumbList\",\"@id\":\"https:\\\/\\\/weather-radar24.com\\\/storm-radar\\\/#breadcrumb\",\"itemListElement\":[{\"@type\":\"ListItem\",\"position\":1,\"name\":\"Startseite\",\"item\":\"https:\\\/\\\/weather-radar24.com\\\/\"},{\"@type\":\"ListItem\",\"position\":2,\"name\":\"Storm radar\"}]},{\"@type\":\"WebSite\",\"@id\":\"https:\\\/\\\/weather-radar24.com\\\/#website\",\"url\":\"https:\\\/\\\/weather-radar24.com\\\/\",\"name\":\"\",\"description\":\"\",\"potentialAction\":[{\"@type\":\"SearchAction\",\"target\":{\"@type\":\"EntryPoint\",\"urlTemplate\":\"https:\\\/\\\/weather-radar24.com\\\/?s={search_term_string}\"},\"query-input\":{\"@type\":\"PropertyValueSpecification\",\"valueRequired\":true,\"valueName\":\"search_term_string\"}}],\"inLanguage\":\"fi\"}]}<\/script>\n<!-- \/ Yoast SEO plugin. -->","yoast_head_json":{"title":"Myrskytutka - t\u00e4m\u00e4nhetkinen ennuste ankaralle s\u00e4\u00e4lle","description":"Seuraa t\u00e4m\u00e4nhetkisi\u00e4 s\u00e4\u00e4olosuhteita reaaliajassa Storm-tutkallamme! S\u00e4\u00e4kartta n\u00e4ytt\u00e4\u00e4 ennusteen sateelle ja ankaralle s\u00e4\u00e4lle","robots":{"index":"index","follow":"follow","max-snippet":"max-snippet:-1","max-image-preview":"max-image-preview:large","max-video-preview":"max-video-preview:-1"},"canonical":"https:\/\/weather-radar24.com\/fi\/myrskytutka\/","og_locale":"fi_FI","og_type":"article","og_title":"Storm radar - current forecast for severe weather","og_description":"Track the current weather conditions in real time with our Storm radar! The weather map shows the forecast for rain and severe weather","og_url":"https:\/\/weather-radar24.com\/fi\/myrskytutka\/","article_modified_time":"2026-04-11T11:13:09+00:00","og_image":[{"width":353,"height":258,"url":"https:\/\/weather-radar24.com\/wp-content\/uploads\/2022\/08\/Bildschirmfoto-2022-08-18-um-19.20.43.png","type":"image\/png"}],"twitter_card":"summary_large_image","twitter_misc":{"Arvioitu lukuaika":"4 minuuttia"},"schema":{"@context":"https:\/\/schema.org","@graph":[{"@type":"WebPage","@id":"https:\/\/weather-radar24.com\/storm-radar\/","url":"https:\/\/weather-radar24.com\/storm-radar\/","name":"Myrskytutka - t\u00e4m\u00e4nhetkinen ennuste ankaralle s\u00e4\u00e4lle","isPartOf":{"@id":"https:\/\/weather-radar24.com\/#website"},"primaryImageOfPage":{"@id":"https:\/\/weather-radar24.com\/storm-radar\/#primaryimage"},"image":{"@id":"https:\/\/weather-radar24.com\/storm-radar\/#primaryimage"},"thumbnailUrl":"https:\/\/weather-radar24.com\/wp-content\/uploads\/2022\/08\/Bildschirmfoto-2022-08-18-um-19.20.43.png","datePublished":"2022-08-17T19:14:51+00:00","dateModified":"2026-04-11T11:13:09+00:00","description":"Seuraa t\u00e4m\u00e4nhetkisi\u00e4 s\u00e4\u00e4olosuhteita reaaliajassa Storm-tutkallamme! S\u00e4\u00e4kartta n\u00e4ytt\u00e4\u00e4 ennusteen sateelle ja ankaralle s\u00e4\u00e4lle","breadcrumb":{"@id":"https:\/\/weather-radar24.com\/storm-radar\/#breadcrumb"},"inLanguage":"fi","potentialAction":[{"@type":"ReadAction","target":["https:\/\/weather-radar24.com\/storm-radar\/"]}]},{"@type":"ImageObject","inLanguage":"fi","@id":"https:\/\/weather-radar24.com\/storm-radar\/#primaryimage","url":"https:\/\/weather-radar24.com\/wp-content\/uploads\/2022\/08\/Bildschirmfoto-2022-08-18-um-19.20.43.png","contentUrl":"https:\/\/weather-radar24.com\/wp-content\/uploads\/2022\/08\/Bildschirmfoto-2022-08-18-um-19.20.43.png","width":353,"height":258,"caption":"Storm radar"},{"@type":"BreadcrumbList","@id":"https:\/\/weather-radar24.com\/storm-radar\/#breadcrumb","itemListElement":[{"@type":"ListItem","position":1,"name":"Startseite","item":"https:\/\/weather-radar24.com\/"},{"@type":"ListItem","position":2,"name":"Storm radar"}]},{"@type":"WebSite","@id":"https:\/\/weather-radar24.com\/#website","url":"https:\/\/weather-radar24.com\/","name":"","description":"","potentialAction":[{"@type":"SearchAction","target":{"@type":"EntryPoint","urlTemplate":"https:\/\/weather-radar24.com\/?s={search_term_string}"},"query-input":{"@type":"PropertyValueSpecification","valueRequired":true,"valueName":"search_term_string"}}],"inLanguage":"fi"}]}},"_links":{"self":[{"href":"https:\/\/weather-radar24.com\/fi\/wp-json\/wp\/v2\/pages\/44","targetHints":{"allow":["GET"]}}],"collection":[{"href":"https:\/\/weather-radar24.com\/fi\/wp-json\/wp\/v2\/pages"}],"about":[{"href":"https:\/\/weather-radar24.com\/fi\/wp-json\/wp\/v2\/types\/page"}],"author":[{"embeddable":true,"href":"https:\/\/weather-radar24.com\/fi\/wp-json\/wp\/v2\/users\/1"}],"replies":[{"embeddable":true,"href":"https:\/\/weather-radar24.com\/fi\/wp-json\/wp\/v2\/comments?post=44"}],"version-history":[{"count":10,"href":"https:\/\/weather-radar24.com\/fi\/wp-json\/wp\/v2\/pages\/44\/revisions"}],"predecessor-version":[{"id":119,"href":"https:\/\/weather-radar24.com\/fi\/wp-json\/wp\/v2\/pages\/44\/revisions\/119"}],"wp:featuredmedia":[{"embeddable":true,"href":"https:\/\/weather-radar24.com\/fi\/wp-json\/wp\/v2\/media\/120"}],"wp:attachment":[{"href":"https:\/\/weather-radar24.com\/fi\/wp-json\/wp\/v2\/media?parent=44"}],"curies":[{"name":"wp","href":"https:\/\/api.w.org\/{rel}","templated":true}]}}