{"id":46,"date":"2022-08-17T21:15:08","date_gmt":"2022-08-17T19:15:08","guid":{"rendered":"https:\/\/weather-radar24.com\/?page_id=46"},"modified":"2026-04-11T13:13:44","modified_gmt":"2026-04-11T11:13:44","slug":"lightning-strike-map","status":"publish","type":"page","link":"https:\/\/weather-radar24.com\/fi\/salamanisku-kartta\/","title":{"rendered":"Salamanisku kartta"},"content":{"rendered":"<h1>Salamaniskukartta \u2013 seuraa nykyisi\u00e4 ukkosmyrskyj\u00e4 salamantunnistuksen avulla<\/h1>\n<p>Monet meist\u00e4 ovat kuulleet t\u00e4st\u00e4 s\u00e4\u00e4ilmi\u00f6st\u00e4, mutta vain harvat ymm\u00e4rt\u00e4v\u00e4t sen todella. T\u00e4ss\u00e4 selit\u00e4mme, mik\u00e4 salamaniskukartta tarkalleen on ja miten se toimii!<\/p>\n<div id=\"windy-radar-box\" style=\"max-width:1300px;margin:20px auto;padding:24px;border:1px solid #dcdcdc;border-radius:12px;background:#f8fafc;text-align:center;font-family:Arial,sans-serif;\">\n<h3 style=\"margin:0 0 10px 0;font-size:24px;color:#1f2937;\">Live Weather Radar<\/h3>\n<p style=\"margin:0 0 18px 0;font-size:16px;line-height:1.5;color:#4b5563;\">\n    Click the button below to load the live radar map from Windy.com.\n  <\/p>\n<p>  <button onclick=\"loadWindyRadar()\" style=\"background:#2563eb;color:#ffffff;border:none;padding:14px 24px;font-size:16px;font-weight:600;border-radius:8px;cursor:pointer;\"><br \/>\n    Load Live Radar<br \/>\n  <\/button><\/p>\n<p style=\"margin:14px 0 0 0;font-size:13px;color:#6b7280;\">\n    External content will be loaded from Windy.com after clicking.\n  <\/p>\n<\/div>\n<p><script>\nfunction loadWindyRadar() {\n  document.getElementById('windy-radar-box').innerHTML =\n    '<iframe loading=\"lazy\" src=\"https:\/\/embed.windy.com\/embed2.html?lat=39.606&#038;lon=-97.031&#038;detailLat=49.142&#038;detailLon=9.223&#038;width=1300&#038;height=600&#038;zoom=5&#038;level=surface&#038;overlay=radar&#038;product=radar&#038;menu=&#038;message=true&#038;marker=&#038;calendar=now&#038;pressure=&#038;type=map&#038;location=coordinates&#038;detail=&#038;metricWind=default&#038;metricTemp=default&#038;radarRange=-1\" width=\"100%\" height=\"600\" frameborder=\"0\" style=\"border:0;border-radius:12px;\"><\/iframe>';\n}\n<\/script><\/p>\n<h2 class=\"p1\">Mik\u00e4 on salamatutka?<\/h2>\n<p class=\"p1\">Salamatutka on tutka, joka on erityisesti suunniteltu etsim\u00e4\u00e4n ukkosmyrskyj\u00e4. Salamatutka keksittiin vuonna 1940, jolloin Robert Watson-Watt Iso-Britanniassa kehitti ensimm\u00e4isen j\u00e4rjestelm\u00e4n, joka pystyi paikantamaan salaman.<\/p>\n<p class=\"p1\">Tutka perustui y\u00f6n\u00e4\u00f6n periaatteeseen ja pystyi siten havaitsemaan salaman usean sadan kilometrin s\u00e4teell\u00e4. Seuraavina vuosina j\u00e4rjestelm\u00e4\u00e4 kehitettiin ja parannettiin niin, ett\u00e4 nyky\u00e4\u00e4n se pystyy havaitsemaan l\u00e4hes mink\u00e4 tahansa salaman noin 800 kilometrin s\u00e4teell\u00e4.<\/p>\n<h2 class=\"p1\">Kuinka salamaniskukartta toimii?<\/h2>\n<p class=\"p1\">Jos olet joskus katsonut ukkosmyrsky\u00e4, olet ehk\u00e4 huomannut, ett\u00e4 ukkonen tulee usein muutama sekunti salaman j\u00e4lkeen. T\u00e4m\u00e4 johtuu \u00e4\u00e4nen nopeudesta, joka on noin 340 metri\u00e4 sekunnissa. Valon nopeus sen sijaan on \u00e4\u00e4rett\u00f6m\u00e4n nopea.<\/p>\n<p class=\"p1\">T\u00e4st\u00e4 syyst\u00e4 salamatutkalla voidaan m\u00e4\u00e4ritt\u00e4\u00e4 ukkosmyrskyn tarkka sijainti. Tutka l\u00e4hett\u00e4\u00e4 s\u00e4hk\u00f6magneettisia aaltoja ilmakeh\u00e4\u00e4n ja vastaanottaa kaiun, joka heijastuu takaisin sadepisaroista tai j\u00e4\u00e4hiukkasista. Signaalin matka-ajan perusteella tutka voi laskea kuinka kaukana ukkosmyrsky on. Joten salamatutka ei ole muuta kuin a <a href=\"https:\/\/weather-radar24.com\/fi\/\">s\u00e4\u00e4tutka<\/a> suunniteltu erityisesti etsim\u00e4\u00e4n ukkosmyrskyj\u00e4.<\/p>\n<h3 class=\"p1\">Miten salamanisku-kartta paikantaa, minne salama iskee?<\/h3>\n<p class=\"p1\">Salaman sijainti on salaman sijainnin m\u00e4\u00e4ritt\u00e4minen reaaliajassa. Yleisin salaman paikantamismenetelm\u00e4 on kolmiomittaus, jossa kolme tai useampi vastaanotin ajoittaa iskun ja l\u00e4hett\u00e4\u00e4 sijaintinsa keskustietokoneelle. T\u00e4m\u00e4 laskee sitten salaman sijainnin. Salaman sijaintia voidaan k\u00e4ytt\u00e4\u00e4 my\u00f6s ukkosmyrskyjen sijainnin m\u00e4\u00e4ritt\u00e4miseen.<\/p>\n<p class=\"p1\">Koska salama on eritt\u00e4in nopea, sit\u00e4 ei useinkaan voi n\u00e4hd\u00e4 silm\u00e4ll\u00e4. Jos useat vastaanottimet kuitenkin mittaavat iskun ajan ja l\u00e4hett\u00e4v\u00e4t sijaintinsa keskustietokoneelle, tietokone voi laskea ukkosmyrskyn sijainnin. Salamantunnistus on hy\u00f6dyllinen my\u00f6s s\u00e4\u00e4ilmi\u00f6iden sijainnin m\u00e4\u00e4ritt\u00e4misess\u00e4, kuten <a href=\"https:\/\/weather-radar24.com\/fi\/tornado-tutka\/\">tornadot<\/a> tai <a href=\"https:\/\/weather-radar24.com\/fi\/hurrikaani-seuranta\/\">hurrikaanit<\/a>. Koska n\u00e4m\u00e4 ilmi\u00f6t ovat eritt\u00e4in nopeita, niit\u00e4 ei useinkaan voi n\u00e4hd\u00e4 silm\u00e4ll\u00e4. Jos kuitenkin useat vastaanottimet mittaavat t\u00f6rm\u00e4ysajan ja l\u00e4hett\u00e4v\u00e4t sijaintinsa keskustietokoneelle, tietokone voi laskea ilmi\u00f6n sijainnin.<\/p>\n<h3 class=\"p1\">Kuinka salama syntyy?<\/h3>\n<p class=\"p1\">Salama on s\u00e4hk\u00f6purkaus, joka tapahtuu pilvien v\u00e4lill\u00e4 tai v\u00e4lill\u00e4 a <a href=\"https:\/\/weather-radar24.com\/fi\/pilvi-peite-kartta\/\">pilvi<\/a> ja maa. Suurin osa salamista tapahtuu, kun muodostuu cumulonimbus-pilvi\u00e4 (ukkospilvi\u00e4). N\u00e4iss\u00e4 pilviss\u00e4 ilma on eritt\u00e4in kosteaa ja ilmavirtausta esiintyy. Nousuvirrat saavat pilvet nousemaan yh\u00e4 korkeammalle, kunnes ne saavuttavat rajansa. Kun pilvi saavuttaa t\u00e4m\u00e4n rajan, salama voi s\u00e4teill\u00e4 alasp\u00e4in.<\/p>\n<h3>Mik\u00e4 on Thunder?<\/h3>\n<p>Ukkonen johtuu salaman v\u00e4l\u00e4hdyksen aiheuttamasta \u00e4\u00e4rimm\u00e4isest\u00e4 kuumuudesta. Ilma kuumenee alle sekunnissa 15 000 - 60 000 F. Kun ilma kuumennetaan niin korkeaan l\u00e4mp\u00f6tilaan, se laajenee nopeasti (&quot;r\u00e4j\u00e4ht\u00e4\u00e4&quot;) ja sitten supistuu. T\u00e4m\u00e4 ilmamolekyylien nopea laajeneminen\/supistuminen aiheuttaa \u00e4\u00e4niaaltoja, joita me \u201d<\/p>\n<h3 class=\"p1\">Kuinka monta volttia tavallisessa salamassa on?<\/h3>\n<p class=\"p1\">Monet ihmiset ihmettelev\u00e4t, kuinka monta volttia tavallisessa salamassa on. Itse asiassa sit\u00e4 on vaikea sanoa, koska ei ole olemassa sellaista asiaa kuin &quot;normaali&quot; salama. <a href=\"https:\/\/www.windpowerengineering.com\/how-much-power-in-a-bolt-of-lightning\/\" target=\"_blank\" rel=\"noopener\">Salamaniskujen j\u00e4nnite<\/a> vaihtelee suuresti ja riippuu monista tekij\u00f6ist\u00e4, kuten ukkosmyrskyn korkeudesta, pilvien m\u00e4\u00e4r\u00e4st\u00e4 ja maaper\u00e4n tyypist\u00e4. J\u00e4nnite on kuitenkin yleens\u00e4 100 miljoonan ja 1 miljardin voltin v\u00e4lill\u00e4.<\/p>\n<h3 class=\"p1\">Mitk\u00e4 ovat erityyppiset salamat?<\/h3>\n<p class=\"p1\">Salama voidaan jakaa useisiin luokkiin sen muodosta ja rakenteesta riippuen. Yleisimm\u00e4t salamatyypit ovat pilvest\u00e4 maahan salama, ukkosen salama ja s\u00e4\u00e4salama.<\/p>\n<h3 class=\"p1\">Kuinka kuuma salama keskim\u00e4\u00e4rin on?<\/h3>\n<p class=\"p1\">Jos olet koskaan miettinyt, kuinka kuuma salama on, et ole yksin. Asiantuntijat ovat kuitenkin yht\u00e4 mielt\u00e4 siit\u00e4, ett\u00e4 salaman l\u00e4mp\u00f6tila on noin 30 000 Fahrenheit-astetta. T\u00e4m\u00e4 on noin viisi kertaa l\u00e4mpim\u00e4mp\u00e4\u00e4 kuin auringon pinta!<\/p>\n<h3>Mihin salama yleens\u00e4 iskee?<\/h3>\n<p>Salama tulee vanhempi cumulonimbus pilvest\u00e4. N\u00e4it\u00e4 ukkospilvi\u00e4 muodostuu kaikkialla, miss\u00e4 on tarpeeksi yl\u00f6sp\u00e4in suuntautuvaa liikett\u00e4, pystysuoran ep\u00e4vakautta ja kosteutta muodostamaan syv\u00e4n pilven, joka saavuttaa jopa j\u00e4\u00e4tymist\u00e4 kylmemm\u00e4t tasot.<\/p>\n<p>N\u00e4m\u00e4 ehdot t\u00e4yttyv\u00e4t useimmiten kes\u00e4ll\u00e4. Yleisesti ottaen Yhdysvaltain mantereella salaman m\u00e4\u00e4r\u00e4 v\u00e4henee luoteeseen p\u00e4in. Koko vuoden korkein pilvest\u00e4 maahan salama on Floridassa Tampan ja Orlandon v\u00e4liss\u00e4. T\u00e4m\u00e4 johtuu siit\u00e4, ett\u00e4 ilmakeh\u00e4n kosteuspitoisuus on useana p\u00e4iv\u00e4n\u00e4 vuoden aikana alhainen (alle 5000 jalkaa), sek\u00e4 korkeista pintal\u00e4mp\u00f6tiloista, jotka tuottavat voimakkaita merituulia Floridan rannikolla.<\/p>\n<p>Yhdysvaltojen l\u00e4ntiset vuoret tuottavat my\u00f6s voimakkaita yl\u00f6sp\u00e4in suuntautuvia liikkeit\u00e4 ja my\u00f6t\u00e4vaikuttavat toistuviin pilvist\u00e4 maahan -salamoihin. My\u00f6s Meksikonlahden rannikolla on korkeita taajuuksia l\u00e4nteen Texasiin, Atlantin rannikolle Yhdysvaltojen kaakkoisosassa ja sis\u00e4maahan lahdelta. Tyynenmeren l\u00e4nsirannikon alueilla on v\u00e4hiten pilvest\u00e4 maahan salamaa.<\/p>\n<p>V\u00e4l\u00e4hdyksi\u00e4, jotka eiv\u00e4t osu pintaan, kutsutaan pilviv\u00e4l\u00e4hdyksiksi. Ne voivat olla pilven sis\u00e4ll\u00e4, kulkea pilven yhdest\u00e4 osasta toiseen tai pilvest\u00e4 ilmaan.<\/p>\n<h3 class=\"p1\">Miss\u00e4 maailmassa salamoita esiintyy useimmiten?<\/h3>\n<p class=\"p1\">Periaatteessa suurin salamatiheys esiintyy siell\u00e4, miss\u00e4 l\u00e4mpim\u00e4t ja kylm\u00e4t ilmamassat kohtaavat, eli tropiikin rannikkoalueilla. Jos emme kuitenkaan katso koko maapalloa, vaan rajoitamme maa-alueisiin, Etel\u00e4-Amerikka on edell\u00e4k\u00e4vij\u00e4 \u2013 ylivoimaisesti.<\/p>\n<h3 class=\"p1\">Voiko salamaa olla ilman ukkosta?<\/h3>\n<p class=\"p1\">Monet ihmiset ajattelevat, ett\u00e4 salama jyrisee aina. Mutta t\u00e4m\u00e4 ei aina ole totta! Voi my\u00f6s k\u00e4yd\u00e4 niin, ett\u00e4 se v\u00e4l\u00e4ht\u00e4\u00e4 ilman ukkosen jylin\u00e4\u00e4. Ukkosta ei usein kuule, jos salama on erityisen kaukana.<span class=\"Apple-converted-space\">\u00a0 <\/span>Ilma on yksinkertaisesti liian paksua, jotta \u00e4\u00e4ni etenee hyvin.<\/p>\n<h3>Voidaanko salama havaita?<\/h3>\n<p>1980-luvulta l\u00e4htien useat verkot ovat havainneet ja kartoittaneet pilvest\u00e4 maahan salaman v\u00e4l\u00e4hdyksi\u00e4 reaaliajassa koko Yhdysvalloissa. Salamavaloja on havaittu my\u00f6s avaruudesta viime vuosina optisella anturilla. T\u00e4m\u00e4 kokeellinen satelliitti peitt\u00e4\u00e4 maan kahdesti p\u00e4iv\u00e4ss\u00e4 trooppisilla alueilla. Satelliitti havaitsee my\u00f6s v\u00e4l\u00e4hdykset, jotka eiv\u00e4t osu maahan, mutta eiv\u00e4t pysty erottamaan maata ja pilven v\u00e4l\u00e4hdyksi\u00e4.<\/p>\n<h3 class=\"p1\">Kuinka vaarallista salama on?<\/h3>\n<p class=\"p1\">Salama on yksi vaarallisimmista luonnonvoimista. Joka vuosi keskim\u00e4\u00e4rin 24 000 ihmist\u00e4 kuolee suoran tai ep\u00e4suoran salamaniskun seurauksena. Salaman iskun riski on kuitenkin suhteellisen pieni.<\/p>\n<h3>Millaisia vahinkoja salama voi aiheuttaa?<\/h3>\n<p>Pilvest\u00e4 maahan salama voi tappaa tai vahingoittaa ihmisi\u00e4 suorilla tai ep\u00e4suoralla tavalla. Salamavirta voi haarautua ihmiseen puusta, aidalta, pylv\u00e4\u00e4st\u00e4 tai muusta korkeasta esineest\u00e4. Ei tiedet\u00e4, kuolevatko kaikki ihmiset, joihin itse salama osuu suoraan. Lis\u00e4ksi salamat voivat johtaa virtansa maan l\u00e4pi ihmiseen sen j\u00e4lkeen, kun salama osuu l\u00e4heiseen puuhun, antenniin tai muuhun korkeaan esineeseen. Virta voi my\u00f6s kulkea s\u00e4hk\u00f6- tai puhelinlinjojen tai vesijohtoputkien kautta henkil\u00f6\u00f6n, joka on kosketuksissa s\u00e4hk\u00f6laitteeseen, puhelimeen tai putkistoon.<\/p>\n<p>Vastaavasti esineisiin voidaan iske\u00e4 suoraan, ja t\u00e4m\u00e4 isku voi johtaa r\u00e4j\u00e4hdykseen, palovammaan tai t\u00e4ydelliseen tuhoon. Tai vaurio voi olla ep\u00e4suora, kun virta kulkee sen l\u00e4pi tai l\u00e4hell\u00e4 sit\u00e4. Joskus virta voi p\u00e4\u00e4st\u00e4 rakennukseen ja siirty\u00e4 johtojen tai putkistojen kautta ja vahingoittaa kaikkea sen tiell\u00e4. Vastaavasti kaupunkialueilla se voi osua pylv\u00e4\u00e4seen tai puuhun ja virta kulkee sitten useisiin l\u00e4heisiin taloihin ja muihin rakenteisiin ja p\u00e4\u00e4see niihin johdotuksen tai putkiston kautta.<\/p>\n<h3>Mik\u00e4 aiheuttaa salaman?<\/h3>\n<p>Salama saa alkunsa noin 15 000\u201325 000 jalkaa merenpinnan yl\u00e4puolella, kun sadepisarat kulkeutuvat yl\u00f6sp\u00e4in, kunnes osa niist\u00e4 muuttuu j\u00e4\u00e4ksi. Syist\u00e4, joista ei ole laajalti sovittu, pilvest\u00e4 maahan salama saa alkunsa t\u00e4lt\u00e4 veden ja j\u00e4\u00e4n sekoitettuna alueelta. Panos liikkuu sitten alasp\u00e4in 50 jaardin osissa, joita kutsutaan askeljohtajiksi. Se liikkuu jatkuvasti kohti maata n\u00e4iss\u00e4 vaiheissa ja tuottaa kanavan, jota pitkin varaus laskeutuu. Lopulta se kohtaa maassa jotain, joka on hyv\u00e4 yhteys. Piiri on tuolloin valmis, ja lataus lasketaan pilvest\u00e4 maahan.<\/p>\n<p>Varausvirta (virta) tuottaa kirkkauden, joka on paljon kirkkaampi kuin alas tullut osa. T\u00e4m\u00e4 koko tapahtuma kest\u00e4\u00e4 yleens\u00e4 alle puoli sekuntia.<\/p>","protected":false},"excerpt":{"rendered":"<p>Lightning strike map &#8211; track current thunderstorms by lightning detection Many of us have heard of this weather phenomenon, but only a few really understand it. Here we will explain what exactly a lightning Strike Map is and how it works! Live Weather Radar Click the button below to load the live radar map from&hellip;&nbsp;<a href=\"https:\/\/weather-radar24.com\/fi\/salamanisku-kartta\/\" rel=\"bookmark\">Read More &raquo;<span class=\"screen-reader-text\">Salamanisku kartta<\/span><\/a><\/p>","protected":false},"author":1,"featured_media":124,"parent":0,"menu_order":0,"comment_status":"closed","ping_status":"closed","template":"","meta":{"neve_meta_sidebar":"","neve_meta_container":"","neve_meta_enable_content_width":"off","neve_meta_content_width":100,"neve_meta_title_alignment":"","neve_meta_author_avatar":"","neve_post_elements_order":"","neve_meta_disable_header":"","neve_meta_disable_footer":"","neve_meta_disable_title":"on","neve_meta_reading_time":"","footnotes":""},"class_list":["post-46","page","type-page","status-publish","has-post-thumbnail","hentry"],"yoast_head":"<!-- This site is optimized with the Yoast SEO plugin v27.3 - https:\/\/yoast.com\/product\/yoast-seo-wordpress\/ -->\n<title>Lightning strike map - current thunderstorms by lightning detection<\/title>\n<meta name=\"description\" content=\"Follow lightning strikes Worldwide in real time! The lightning radar with live location \u2713 thunderstorm forecast \u2713 lightning location\" \/>\n<meta name=\"robots\" content=\"index, follow, max-snippet:-1, max-image-preview:large, max-video-preview:-1\" \/>\n<link rel=\"canonical\" href=\"https:\/\/weather-radar24.com\/fi\/salamanisku-kartta\/\" \/>\n<meta property=\"og:locale\" content=\"fi_FI\" \/>\n<meta property=\"og:type\" content=\"article\" \/>\n<meta property=\"og:title\" content=\"Lightning strike map - current thunderstorms by lightning detection\" \/>\n<meta property=\"og:description\" content=\"Follow lightning strikes Worldwide in real time! The lightning radar with live location \u2713 thunderstorm forecast \u2713 lightning location\" \/>\n<meta property=\"og:url\" content=\"https:\/\/weather-radar24.com\/fi\/salamanisku-kartta\/\" \/>\n<meta property=\"article:modified_time\" content=\"2026-04-11T11:13:44+00:00\" \/>\n<meta property=\"og:image\" content=\"https:\/\/weather-radar24.com\/wp-content\/uploads\/2022\/08\/Bildschirmfoto-2022-08-17-um-22.05.14.png\" \/>\n\t<meta property=\"og:image:width\" content=\"358\" \/>\n\t<meta property=\"og:image:height\" content=\"262\" \/>\n\t<meta property=\"og:image:type\" content=\"image\/png\" \/>\n<meta name=\"twitter:card\" content=\"summary_large_image\" \/>\n<meta name=\"twitter:label1\" content=\"Arvioitu lukuaika\" \/>\n\t<meta name=\"twitter:data1\" content=\"7 minuuttia\" \/>\n<script type=\"application\/ld+json\" class=\"yoast-schema-graph\">{\"@context\":\"https:\\\/\\\/schema.org\",\"@graph\":[{\"@type\":\"WebPage\",\"@id\":\"https:\\\/\\\/weather-radar24.com\\\/lightning-strike-map\\\/\",\"url\":\"https:\\\/\\\/weather-radar24.com\\\/lightning-strike-map\\\/\",\"name\":\"Lightning strike map - current thunderstorms by lightning detection\",\"isPartOf\":{\"@id\":\"https:\\\/\\\/weather-radar24.com\\\/#website\"},\"primaryImageOfPage\":{\"@id\":\"https:\\\/\\\/weather-radar24.com\\\/lightning-strike-map\\\/#primaryimage\"},\"image\":{\"@id\":\"https:\\\/\\\/weather-radar24.com\\\/lightning-strike-map\\\/#primaryimage\"},\"thumbnailUrl\":\"https:\\\/\\\/weather-radar24.com\\\/wp-content\\\/uploads\\\/2022\\\/08\\\/Bildschirmfoto-2022-08-17-um-22.05.14.png\",\"datePublished\":\"2022-08-17T19:15:08+00:00\",\"dateModified\":\"2026-04-11T11:13:44+00:00\",\"description\":\"Follow lightning strikes Worldwide in real time! The lightning radar with live location \u2713 thunderstorm forecast \u2713 lightning location\",\"breadcrumb\":{\"@id\":\"https:\\\/\\\/weather-radar24.com\\\/lightning-strike-map\\\/#breadcrumb\"},\"inLanguage\":\"fi\",\"potentialAction\":[{\"@type\":\"ReadAction\",\"target\":[\"https:\\\/\\\/weather-radar24.com\\\/lightning-strike-map\\\/\"]}]},{\"@type\":\"ImageObject\",\"inLanguage\":\"fi\",\"@id\":\"https:\\\/\\\/weather-radar24.com\\\/lightning-strike-map\\\/#primaryimage\",\"url\":\"https:\\\/\\\/weather-radar24.com\\\/wp-content\\\/uploads\\\/2022\\\/08\\\/Bildschirmfoto-2022-08-17-um-22.05.14.png\",\"contentUrl\":\"https:\\\/\\\/weather-radar24.com\\\/wp-content\\\/uploads\\\/2022\\\/08\\\/Bildschirmfoto-2022-08-17-um-22.05.14.png\",\"width\":358,\"height\":262,\"caption\":\"Lightning strike map\"},{\"@type\":\"BreadcrumbList\",\"@id\":\"https:\\\/\\\/weather-radar24.com\\\/lightning-strike-map\\\/#breadcrumb\",\"itemListElement\":[{\"@type\":\"ListItem\",\"position\":1,\"name\":\"Startseite\",\"item\":\"https:\\\/\\\/weather-radar24.com\\\/\"},{\"@type\":\"ListItem\",\"position\":2,\"name\":\"Lightning strike map\"}]},{\"@type\":\"WebSite\",\"@id\":\"https:\\\/\\\/weather-radar24.com\\\/#website\",\"url\":\"https:\\\/\\\/weather-radar24.com\\\/\",\"name\":\"\",\"description\":\"\",\"potentialAction\":[{\"@type\":\"SearchAction\",\"target\":{\"@type\":\"EntryPoint\",\"urlTemplate\":\"https:\\\/\\\/weather-radar24.com\\\/?s={search_term_string}\"},\"query-input\":{\"@type\":\"PropertyValueSpecification\",\"valueRequired\":true,\"valueName\":\"search_term_string\"}}],\"inLanguage\":\"fi\"}]}<\/script>\n<!-- \/ Yoast SEO plugin. -->","yoast_head_json":{"title":"Salamaniskukartta - nykyiset ukkosmyrskyt salaman havaitsemisen avulla","description":"Seuraa salaman iskuja maailmanlaajuisesti reaaliajassa! Salamatutka suoralla sijainnilla \u2713 ukkosmyrskyennuste \u2713 salamapaikka","robots":{"index":"index","follow":"follow","max-snippet":"max-snippet:-1","max-image-preview":"max-image-preview:large","max-video-preview":"max-video-preview:-1"},"canonical":"https:\/\/weather-radar24.com\/fi\/salamanisku-kartta\/","og_locale":"fi_FI","og_type":"article","og_title":"Lightning strike map - current thunderstorms by lightning detection","og_description":"Follow lightning strikes Worldwide in real time! The lightning radar with live location \u2713 thunderstorm forecast \u2713 lightning location","og_url":"https:\/\/weather-radar24.com\/fi\/salamanisku-kartta\/","article_modified_time":"2026-04-11T11:13:44+00:00","og_image":[{"width":358,"height":262,"url":"https:\/\/weather-radar24.com\/wp-content\/uploads\/2022\/08\/Bildschirmfoto-2022-08-17-um-22.05.14.png","type":"image\/png"}],"twitter_card":"summary_large_image","twitter_misc":{"Arvioitu lukuaika":"7 minuuttia"},"schema":{"@context":"https:\/\/schema.org","@graph":[{"@type":"WebPage","@id":"https:\/\/weather-radar24.com\/lightning-strike-map\/","url":"https:\/\/weather-radar24.com\/lightning-strike-map\/","name":"Salamaniskukartta - nykyiset ukkosmyrskyt salaman havaitsemisen avulla","isPartOf":{"@id":"https:\/\/weather-radar24.com\/#website"},"primaryImageOfPage":{"@id":"https:\/\/weather-radar24.com\/lightning-strike-map\/#primaryimage"},"image":{"@id":"https:\/\/weather-radar24.com\/lightning-strike-map\/#primaryimage"},"thumbnailUrl":"https:\/\/weather-radar24.com\/wp-content\/uploads\/2022\/08\/Bildschirmfoto-2022-08-17-um-22.05.14.png","datePublished":"2022-08-17T19:15:08+00:00","dateModified":"2026-04-11T11:13:44+00:00","description":"Seuraa salaman iskuja maailmanlaajuisesti reaaliajassa! Salamatutka suoralla sijainnilla \u2713 ukkosmyrskyennuste \u2713 salamapaikka","breadcrumb":{"@id":"https:\/\/weather-radar24.com\/lightning-strike-map\/#breadcrumb"},"inLanguage":"fi","potentialAction":[{"@type":"ReadAction","target":["https:\/\/weather-radar24.com\/lightning-strike-map\/"]}]},{"@type":"ImageObject","inLanguage":"fi","@id":"https:\/\/weather-radar24.com\/lightning-strike-map\/#primaryimage","url":"https:\/\/weather-radar24.com\/wp-content\/uploads\/2022\/08\/Bildschirmfoto-2022-08-17-um-22.05.14.png","contentUrl":"https:\/\/weather-radar24.com\/wp-content\/uploads\/2022\/08\/Bildschirmfoto-2022-08-17-um-22.05.14.png","width":358,"height":262,"caption":"Lightning strike map"},{"@type":"BreadcrumbList","@id":"https:\/\/weather-radar24.com\/lightning-strike-map\/#breadcrumb","itemListElement":[{"@type":"ListItem","position":1,"name":"Startseite","item":"https:\/\/weather-radar24.com\/"},{"@type":"ListItem","position":2,"name":"Lightning strike map"}]},{"@type":"WebSite","@id":"https:\/\/weather-radar24.com\/#website","url":"https:\/\/weather-radar24.com\/","name":"","description":"","potentialAction":[{"@type":"SearchAction","target":{"@type":"EntryPoint","urlTemplate":"https:\/\/weather-radar24.com\/?s={search_term_string}"},"query-input":{"@type":"PropertyValueSpecification","valueRequired":true,"valueName":"search_term_string"}}],"inLanguage":"fi"}]}},"_links":{"self":[{"href":"https:\/\/weather-radar24.com\/fi\/wp-json\/wp\/v2\/pages\/46","targetHints":{"allow":["GET"]}}],"collection":[{"href":"https:\/\/weather-radar24.com\/fi\/wp-json\/wp\/v2\/pages"}],"about":[{"href":"https:\/\/weather-radar24.com\/fi\/wp-json\/wp\/v2\/types\/page"}],"author":[{"embeddable":true,"href":"https:\/\/weather-radar24.com\/fi\/wp-json\/wp\/v2\/users\/1"}],"replies":[{"embeddable":true,"href":"https:\/\/weather-radar24.com\/fi\/wp-json\/wp\/v2\/comments?post=46"}],"version-history":[{"count":9,"href":"https:\/\/weather-radar24.com\/fi\/wp-json\/wp\/v2\/pages\/46\/revisions"}],"predecessor-version":[{"id":125,"href":"https:\/\/weather-radar24.com\/fi\/wp-json\/wp\/v2\/pages\/46\/revisions\/125"}],"wp:featuredmedia":[{"embeddable":true,"href":"https:\/\/weather-radar24.com\/fi\/wp-json\/wp\/v2\/media\/124"}],"wp:attachment":[{"href":"https:\/\/weather-radar24.com\/fi\/wp-json\/wp\/v2\/media?parent=46"}],"curies":[{"name":"wp","href":"https:\/\/api.w.org\/{rel}","templated":true}]}}