{"id":48,"date":"2022-08-17T21:15:27","date_gmt":"2022-08-17T19:15:27","guid":{"rendered":"https:\/\/weather-radar24.com\/?page_id=48"},"modified":"2026-04-11T13:16:00","modified_gmt":"2026-04-11T11:16:00","slug":"tornado-radar","status":"publish","type":"page","link":"https:\/\/weather-radar24.com\/fi\/tornado-tutka\/","title":{"rendered":"Tornado tutka"},"content":{"rendered":"<h1>Tornado Trackerin live-kartta<\/p>\n<div id=\"windy-tornado-box\" style=\"max-width:1300px;margin:20px auto;padding:24px;border:1px solid #dcdcdc;border-radius:12px;background:#fef2f2;text-align:center;font-family:Arial,sans-serif;\">\n<h3 style=\"margin:0 0 10px 0;font-size:26px;color:#991b1b;\">\n    \ud83c\udf2a\ufe0f Tornado Tracker Live Map<br \/>\n  <\/h3>\n<p style=\"margin:0 0 18px 0;font-size:16px;line-height:1.5;color:#4b5563;\">\n    Monitor potential tornado activity using real-time wind gust data and severe weather conditions.\n  <\/p>\n<p>  <button onclick=\"loadWindyTornado()\" style=\"background:#dc2626;color:#ffffff;border:none;padding:14px 26px;font-size:16px;font-weight:700;border-radius:8px;cursor:pointer;\"><br \/>\n    Load Tornado Tracker<br \/>\n  <\/button><\/p>\n<p style=\"margin:14px 0 0 0;font-size:13px;color:#6b7280;\">\n    Live data provided by Windy.com \u2013 click to load interactive map.\n  <\/p>\n<\/div>\n<p><script>\nfunction loadWindyTornado() {\n  document.getElementById('windy-tornado-box').innerHTML =\n    '<iframe loading=\"lazy\" src=\"https:\/\/embed.windy.com\/embed2.html?lat=39.606&#038;lon=-97.031&#038;detailLat=49.142&#038;detailLon=9.223&#038;width=1300&#038;height=600&#038;zoom=5&#038;level=surface&#038;overlay=gust&#038;product=ecmwf&#038;menu=&#038;message=true&#038;marker=&#038;calendar=now&#038;pressure=&#038;type=map&#038;location=coordinates&#038;detail=&#038;metricWind=default&#038;metricTemp=default&#038;radarRange=-1\" width=\"100%\" height=\"600\" frameborder=\"0\" style=\"border:0;border-radius:12px;\"><\/iframe>';\n}\n<\/script><br \/>\n<\/h1>\n<p style=\"text-align: center;\"><strong>Siirr\u00e4 karttaa l\u00f6yt\u00e4\u00e4ksesi tornadon, jota haluat seurata.<\/strong><\/p>\n<p class=\"p1\">Vaikka tornadot ovat suhteellisen harvinaisia, sinun pit\u00e4isi silti tiet\u00e4\u00e4 kuinka tunnistaa ne ja mit\u00e4 tehd\u00e4 heti, kun huomaat tornadon olevan l\u00e4hell\u00e4si!<\/p>\n<h2>Tornadon todenn\u00e4k\u00f6isyys Yhdysvalloissa t\u00e4n\u00e4\u00e4n<\/h2>\n<p><a href=\"https:\/\/www.spc.noaa.gov\/products\/outlook\/day1otlk.html\" target=\"_blank\" rel=\"nofollow noopener\"><img loading=\"lazy\" decoding=\"async\" class=\"aligncenter\" src=\"https:\/\/www.spc.noaa.gov\/products\/outlook\/day1probotlk_torn.gif\" alt=\"\" width=\"815\" height=\"555\" \/><\/a><\/p>\n<h2>Huomisen tornadon todenn\u00e4k\u00f6isyys Yhdysvalloissa<\/h2>\n<p><a href=\"https:\/\/www.spc.noaa.gov\/products\/outlook\/day1otlk.html\" target=\"_blank\" rel=\"nofollow noopener\"><img loading=\"lazy\" decoding=\"async\" class=\"aligncenter\" src=\"https:\/\/www.spc.noaa.gov\/products\/outlook\/day2probotlk_torn.gif\" alt=\"\" width=\"815\" height=\"555\" \/><\/a><\/p>\n<h2>Nykyiset ankaran s\u00e4\u00e4n kellot<\/h2>\n<p><a href=\"https:\/\/www.spc.noaa.gov\/products\/outlook\/day1otlk.html\" target=\"_blank\" rel=\"nofollow noopener\"><img loading=\"lazy\" decoding=\"async\" class=\"aligncenter\" src=\"https:\/\/www.spc.noaa.gov\/products\/watch\/validww.png\" alt=\"\" width=\"582\" height=\"408\" \/><\/a><\/p>\n<p style=\"text-align: center;\">Kova ukkosmyrsky kellot ovat <span style=\"color: #0000ff;\">sininen<\/span>. Tornado kellot ovat <span style=\"color: #ff0000;\">punainen<\/span>.<\/p>\n<h2 class=\"p1\">Kuinka lukea tornadotutka<\/h2>\n<p class=\"p1\">Kun katsot tornado-seurantalaitetta, voit oppia mielenkiintoisia asioita siit\u00e4 <a href=\"https:\/\/weather-radar24.com\/fi\/\">nykyinen s\u00e4\u00e4<\/a>. Voit esimerkiksi n\u00e4hd\u00e4, onko l\u00e4hell\u00e4 tornadoa. Jos k\u00e4yt\u00e4t tornadotutkaa s\u00e4\u00e4n ennustamiseen, voit my\u00f6s n\u00e4hd\u00e4, miss\u00e4 tornado saattaa esiinty\u00e4. Kun k\u00e4yt\u00e4t tornado-seurantalaitetta s\u00e4\u00e4n ennustamiseen, sinun tulee tulkita se ik\u00e4\u00e4n kuin lukisit karttaa.<\/p>\n<p class=\"p1\">Tornado tracker n\u00e4ytt\u00e4\u00e4 l\u00e4hell\u00e4 olevien tornadojen sijainnin. Tornadotutkan v\u00e4rit kertovat tornadon voimakkuuden. Mit\u00e4 suurempi ja vahvempi tornado on, sit\u00e4 punaisemmalta se n\u00e4ytt\u00e4\u00e4 tornadotutkassa. Tornadon muoto tutkassa antaa tietoa sen suunnasta. Jos tornado osoittaa yl\u00f6sp\u00e4in vasemmalle, se liikkuu koilliseen. Jos se osoittaa yl\u00f6sp\u00e4in oikealle, se liikkuu kaakkoon. Jos se on vaakatasossa, se liikkuu joko l\u00e4nteen tai it\u00e4\u00e4n. Ja jos se osoittaa alasp\u00e4in, se liikkuu luoteeseen tai lounaaseen.<\/p>\n<p class=\"p1\">Kun k\u00e4yt\u00e4t tornadotutkaa ennustamaan, miss\u00e4 tornado voi esiinty\u00e4, sinun tulee ensin ottaa huomioon tornadon voimakkuus. Mit\u00e4 voimakkaampi tornado, sit\u00e4 todenn\u00e4k\u00f6isemmin se muodostuu. Toiseksi, sinun tulee harkita suuntaa, johon tornado osoittaa. Jos se on vaakasuora, se muodostuu todenn\u00e4k\u00f6isemmin. Ja kolmanneksi, sinun tulee harkita, miss\u00e4 tornado sijaitsee. Mit\u00e4 kauempana se on myrskyn keskustasta, sit\u00e4 todenn\u00e4k\u00f6isemmin se muodostuu.<\/p>\n<h3 class=\"p1\">Mik\u00e4 on tornado?<\/h3>\n<p class=\"p1\">Tornado on nopeasti py\u00f6riv\u00e4, voimakas myrskypaalu, joka nousee ilmakeh\u00e4n alimmalta tasolta troposf\u00e4\u00e4riin. Tornadot voivat esiinty\u00e4 maan tai veden p\u00e4\u00e4ll\u00e4 ja niiden leveys vaihtelee yleens\u00e4 muutamasta sadasta metrist\u00e4 muutamaan kilometriin. Ne ovat eritt\u00e4in vaarallisia ja voivat aiheuttaa vakavia vahinkoja.<\/p>\n<h3 class=\"p1\">Miten tornadot muodostuvat?<\/h3>\n<p class=\"p1\">Tornadot muodostuvat, kun kylm\u00e4 ja l\u00e4mmin ilma sekoittuvat. Kylm\u00e4 ilma on raskaampaa kuin l\u00e4mmin ilma ja ty\u00f6nt\u00e4\u00e4 l\u00e4mmint\u00e4 ilmaa yl\u00f6sp\u00e4in. Kylm\u00e4n ilman noustessa muodostuu py\u00f6rre, joka py\u00f6rii jatkuvasti. Mit\u00e4 suurempi l\u00e4mp\u00f6tilaero kylm\u00e4n ja l\u00e4mpim\u00e4n ilman v\u00e4lill\u00e4 on, sit\u00e4 voimakkaammaksi py\u00f6rteest\u00e4 tulee. Tornadot voivat muodostua hyvin \u00e4killisesti ja ovat yleens\u00e4 vain muutaman minuutin pituisia.<\/p>\n<h3 class=\"p1\">Milloin tornadokausi alkaa Yhdysvalloissa?<\/h3>\n<p class=\"p1\"><a href=\"https:\/\/www.bobvila.com\/articles\/when-is-tornado-season\/\" target=\"_blank\" rel=\"noopener\">Tornadokausi Yhdysvalloissa<\/a> alkaa virallisesti 1. kes\u00e4kuuta ja p\u00e4\u00e4ttyy 30. marraskuuta. Silloin tornadojen riski on suurin. Useimmat tornadot Yhdysvalloissa tapahtuvat kuitenkin touko-, kes\u00e4- ja hein\u00e4kuussa. Viime vuosina on kuitenkin ollut poikkeuksia, joten tornadoja voi esiinty\u00e4 virallisen kauden ulkopuolella. Kauden ensimm\u00e4inen puolisko on yleens\u00e4 aktiivisin, koska silloin useimmat s\u00e4\u00e4olosuhteet ovat suotuisimmat tornadon muodostumiselle.<\/p>\n<h3 class=\"p1\"><b>Tornado-luokat<\/b><\/h3>\n<p class=\"p1\">Tornado on eritt\u00e4in raju s\u00e4\u00e4tapahtuma, jolle ovat ominaisia eritt\u00e4in voimakkaat tuulet ja tiukka py\u00f6rre. Siell\u00e4 on seuraavat luokat:<\/p>\n<ul style=\"list-style-type: circle;\">\n<li><strong>F0<\/strong> (tuulen nopeus 72,7 mph)<\/li>\n<li class=\"p1\"><strong>F1<\/strong> (heikko, tuulen nopeus 72,7 mph \u2013 111,8 mph)<\/li>\n<li class=\"p1\"><strong>F2<\/strong> (keskivahva, tuulen nopeus 111,8 mph \u2013 156,5 mph)<\/li>\n<li class=\"p1\"><strong>F3<\/strong> (voimakas, tuulen nopeus 156,5 mph \u2013 206,9 mph)<\/li>\n<li class=\"p1\"><strong>F4<\/strong> (eritt\u00e4in voimakas, tuulen nopeus 206,9 mph \u2013 260,3 mph<span class=\"s1\">)<\/span><\/li>\n<li><strong>F5<\/strong> (raju, tuulen nopeus yli 260,3 mph)<\/li>\n<\/ul>","protected":false},"excerpt":{"rendered":"<p>Tornado Tracker live map \ud83c\udf2a\ufe0f Tornado Tracker Live Map Monitor potential tornado activity using real-time wind gust data and severe weather conditions. Load Tornado Tracker Live data provided by Windy.com \u2013 click to load interactive map. Move the map to find the Tornado you want to track. Even though tornadoes are relatively rare, you should&hellip;&nbsp;<a href=\"https:\/\/weather-radar24.com\/fi\/tornado-tutka\/\" rel=\"bookmark\">Read More &raquo;<span class=\"screen-reader-text\">Tornado tutka<\/span><\/a><\/p>","protected":false},"author":1,"featured_media":128,"parent":0,"menu_order":0,"comment_status":"closed","ping_status":"closed","template":"","meta":{"neve_meta_sidebar":"","neve_meta_container":"","neve_meta_enable_content_width":"off","neve_meta_content_width":100,"neve_meta_title_alignment":"","neve_meta_author_avatar":"","neve_post_elements_order":"","neve_meta_disable_header":"","neve_meta_disable_footer":"","neve_meta_disable_title":"on","neve_meta_reading_time":"","footnotes":""},"class_list":["post-48","page","type-page","status-publish","has-post-thumbnail","hentry"],"yoast_head":"<!-- This site is optimized with the Yoast SEO plugin v27.3 - https:\/\/yoast.com\/product\/yoast-seo-wordpress\/ -->\n<title>Tornado Tracker live map - Track where are tornadoes<\/title>\n<meta name=\"description\" content=\"Tornado radar \u2713 Includes tracking map, live radar- Track the current wind force, wind speed and wind forecast for the next few days.\" \/>\n<meta name=\"robots\" content=\"index, follow, max-snippet:-1, max-image-preview:large, max-video-preview:-1\" \/>\n<link rel=\"canonical\" href=\"https:\/\/weather-radar24.com\/fi\/tornado-tutka\/\" \/>\n<meta property=\"og:locale\" content=\"fi_FI\" \/>\n<meta property=\"og:type\" content=\"article\" \/>\n<meta property=\"og:title\" content=\"Tornado Tracker live map - Track where are tornadoes\" \/>\n<meta property=\"og:description\" content=\"Tornado radar \u2713 Includes tracking map, live radar- Track the current wind force, wind speed and wind forecast for the next few days.\" \/>\n<meta property=\"og:url\" content=\"https:\/\/weather-radar24.com\/fi\/tornado-tutka\/\" \/>\n<meta property=\"article:modified_time\" content=\"2026-04-11T11:16:00+00:00\" \/>\n<meta property=\"og:image\" content=\"https:\/\/weather-radar24.com\/wp-content\/uploads\/2022\/08\/Bildschirmfoto-2022-08-18-um-19.32.48.png\" \/>\n\t<meta property=\"og:image:width\" content=\"341\" \/>\n\t<meta property=\"og:image:height\" content=\"300\" \/>\n\t<meta property=\"og:image:type\" content=\"image\/png\" \/>\n<meta name=\"twitter:card\" content=\"summary_large_image\" \/>\n<meta name=\"twitter:label1\" content=\"Arvioitu lukuaika\" \/>\n\t<meta name=\"twitter:data1\" content=\"4 minuuttia\" \/>\n<script type=\"application\/ld+json\" class=\"yoast-schema-graph\">{\"@context\":\"https:\\\/\\\/schema.org\",\"@graph\":[{\"@type\":\"WebPage\",\"@id\":\"https:\\\/\\\/weather-radar24.com\\\/tornado-radar\\\/\",\"url\":\"https:\\\/\\\/weather-radar24.com\\\/tornado-radar\\\/\",\"name\":\"Tornado Tracker live map - Track where are tornadoes\",\"isPartOf\":{\"@id\":\"https:\\\/\\\/weather-radar24.com\\\/#website\"},\"primaryImageOfPage\":{\"@id\":\"https:\\\/\\\/weather-radar24.com\\\/tornado-radar\\\/#primaryimage\"},\"image\":{\"@id\":\"https:\\\/\\\/weather-radar24.com\\\/tornado-radar\\\/#primaryimage\"},\"thumbnailUrl\":\"https:\\\/\\\/weather-radar24.com\\\/wp-content\\\/uploads\\\/2022\\\/08\\\/Bildschirmfoto-2022-08-18-um-19.32.48.png\",\"datePublished\":\"2022-08-17T19:15:27+00:00\",\"dateModified\":\"2026-04-11T11:16:00+00:00\",\"description\":\"Tornado radar \u2713 Includes tracking map, live radar- Track the current wind force, wind speed and wind forecast for the next few days.\",\"breadcrumb\":{\"@id\":\"https:\\\/\\\/weather-radar24.com\\\/tornado-radar\\\/#breadcrumb\"},\"inLanguage\":\"fi\",\"potentialAction\":[{\"@type\":\"ReadAction\",\"target\":[\"https:\\\/\\\/weather-radar24.com\\\/tornado-radar\\\/\"]}]},{\"@type\":\"ImageObject\",\"inLanguage\":\"fi\",\"@id\":\"https:\\\/\\\/weather-radar24.com\\\/tornado-radar\\\/#primaryimage\",\"url\":\"https:\\\/\\\/weather-radar24.com\\\/wp-content\\\/uploads\\\/2022\\\/08\\\/Bildschirmfoto-2022-08-18-um-19.32.48.png\",\"contentUrl\":\"https:\\\/\\\/weather-radar24.com\\\/wp-content\\\/uploads\\\/2022\\\/08\\\/Bildschirmfoto-2022-08-18-um-19.32.48.png\",\"width\":341,\"height\":300,\"caption\":\"Tornado radar\"},{\"@type\":\"BreadcrumbList\",\"@id\":\"https:\\\/\\\/weather-radar24.com\\\/tornado-radar\\\/#breadcrumb\",\"itemListElement\":[{\"@type\":\"ListItem\",\"position\":1,\"name\":\"Startseite\",\"item\":\"https:\\\/\\\/weather-radar24.com\\\/\"},{\"@type\":\"ListItem\",\"position\":2,\"name\":\"Tornado radar\"}]},{\"@type\":\"WebSite\",\"@id\":\"https:\\\/\\\/weather-radar24.com\\\/#website\",\"url\":\"https:\\\/\\\/weather-radar24.com\\\/\",\"name\":\"\",\"description\":\"\",\"potentialAction\":[{\"@type\":\"SearchAction\",\"target\":{\"@type\":\"EntryPoint\",\"urlTemplate\":\"https:\\\/\\\/weather-radar24.com\\\/?s={search_term_string}\"},\"query-input\":{\"@type\":\"PropertyValueSpecification\",\"valueRequired\":true,\"valueName\":\"search_term_string\"}}],\"inLanguage\":\"fi\"}]}<\/script>\n<!-- \/ Yoast SEO plugin. -->","yoast_head_json":{"title":"Tornado Tracker live kartta - Seuraa miss\u00e4 tornadot ovat","description":"Tornadotutka \u2713 Sis\u00e4lt\u00e4\u00e4 seurantakartan, live-tutkan - Seuraa nykyist\u00e4 tuulen voimaa, tuulen nopeutta ja tuuliennustetta l\u00e4hip\u00e4iville.","robots":{"index":"index","follow":"follow","max-snippet":"max-snippet:-1","max-image-preview":"max-image-preview:large","max-video-preview":"max-video-preview:-1"},"canonical":"https:\/\/weather-radar24.com\/fi\/tornado-tutka\/","og_locale":"fi_FI","og_type":"article","og_title":"Tornado Tracker live map - Track where are tornadoes","og_description":"Tornado radar \u2713 Includes tracking map, live radar- Track the current wind force, wind speed and wind forecast for the next few days.","og_url":"https:\/\/weather-radar24.com\/fi\/tornado-tutka\/","article_modified_time":"2026-04-11T11:16:00+00:00","og_image":[{"width":341,"height":300,"url":"https:\/\/weather-radar24.com\/wp-content\/uploads\/2022\/08\/Bildschirmfoto-2022-08-18-um-19.32.48.png","type":"image\/png"}],"twitter_card":"summary_large_image","twitter_misc":{"Arvioitu lukuaika":"4 minuuttia"},"schema":{"@context":"https:\/\/schema.org","@graph":[{"@type":"WebPage","@id":"https:\/\/weather-radar24.com\/tornado-radar\/","url":"https:\/\/weather-radar24.com\/tornado-radar\/","name":"Tornado Tracker live kartta - Seuraa miss\u00e4 tornadot ovat","isPartOf":{"@id":"https:\/\/weather-radar24.com\/#website"},"primaryImageOfPage":{"@id":"https:\/\/weather-radar24.com\/tornado-radar\/#primaryimage"},"image":{"@id":"https:\/\/weather-radar24.com\/tornado-radar\/#primaryimage"},"thumbnailUrl":"https:\/\/weather-radar24.com\/wp-content\/uploads\/2022\/08\/Bildschirmfoto-2022-08-18-um-19.32.48.png","datePublished":"2022-08-17T19:15:27+00:00","dateModified":"2026-04-11T11:16:00+00:00","description":"Tornadotutka \u2713 Sis\u00e4lt\u00e4\u00e4 seurantakartan, live-tutkan - Seuraa nykyist\u00e4 tuulen voimaa, tuulen nopeutta ja tuuliennustetta l\u00e4hip\u00e4iville.","breadcrumb":{"@id":"https:\/\/weather-radar24.com\/tornado-radar\/#breadcrumb"},"inLanguage":"fi","potentialAction":[{"@type":"ReadAction","target":["https:\/\/weather-radar24.com\/tornado-radar\/"]}]},{"@type":"ImageObject","inLanguage":"fi","@id":"https:\/\/weather-radar24.com\/tornado-radar\/#primaryimage","url":"https:\/\/weather-radar24.com\/wp-content\/uploads\/2022\/08\/Bildschirmfoto-2022-08-18-um-19.32.48.png","contentUrl":"https:\/\/weather-radar24.com\/wp-content\/uploads\/2022\/08\/Bildschirmfoto-2022-08-18-um-19.32.48.png","width":341,"height":300,"caption":"Tornado radar"},{"@type":"BreadcrumbList","@id":"https:\/\/weather-radar24.com\/tornado-radar\/#breadcrumb","itemListElement":[{"@type":"ListItem","position":1,"name":"Startseite","item":"https:\/\/weather-radar24.com\/"},{"@type":"ListItem","position":2,"name":"Tornado radar"}]},{"@type":"WebSite","@id":"https:\/\/weather-radar24.com\/#website","url":"https:\/\/weather-radar24.com\/","name":"","description":"","potentialAction":[{"@type":"SearchAction","target":{"@type":"EntryPoint","urlTemplate":"https:\/\/weather-radar24.com\/?s={search_term_string}"},"query-input":{"@type":"PropertyValueSpecification","valueRequired":true,"valueName":"search_term_string"}}],"inLanguage":"fi"}]}},"_links":{"self":[{"href":"https:\/\/weather-radar24.com\/fi\/wp-json\/wp\/v2\/pages\/48","targetHints":{"allow":["GET"]}}],"collection":[{"href":"https:\/\/weather-radar24.com\/fi\/wp-json\/wp\/v2\/pages"}],"about":[{"href":"https:\/\/weather-radar24.com\/fi\/wp-json\/wp\/v2\/types\/page"}],"author":[{"embeddable":true,"href":"https:\/\/weather-radar24.com\/fi\/wp-json\/wp\/v2\/users\/1"}],"replies":[{"embeddable":true,"href":"https:\/\/weather-radar24.com\/fi\/wp-json\/wp\/v2\/comments?post=48"}],"version-history":[{"count":10,"href":"https:\/\/weather-radar24.com\/fi\/wp-json\/wp\/v2\/pages\/48\/revisions"}],"predecessor-version":[{"id":183,"href":"https:\/\/weather-radar24.com\/fi\/wp-json\/wp\/v2\/pages\/48\/revisions\/183"}],"wp:featuredmedia":[{"embeddable":true,"href":"https:\/\/weather-radar24.com\/fi\/wp-json\/wp\/v2\/media\/128"}],"wp:attachment":[{"href":"https:\/\/weather-radar24.com\/fi\/wp-json\/wp\/v2\/media?parent=48"}],"curies":[{"name":"wp","href":"https:\/\/api.w.org\/{rel}","templated":true}]}}