{"id":54,"date":"2022-08-17T21:16:21","date_gmt":"2022-08-17T19:16:21","guid":{"rendered":"https:\/\/weather-radar24.com\/?page_id=54"},"modified":"2026-04-11T13:10:01","modified_gmt":"2026-04-11T11:10:01","slug":"wind-radar","status":"publish","type":"page","link":"https:\/\/weather-radar24.com\/fi\/tuulitutka\/","title":{"rendered":"Tuulitutka"},"content":{"rendered":"<h1>Tuulitutka \u2013 mittaa tuulen voimaa ja nopeutta<\/h1>\n<p>Kohtaamme voimakkaita ja heikkoja tuulia kaikkialla jokap\u00e4iv\u00e4isess\u00e4 el\u00e4m\u00e4ss\u00e4. Kuitenkin mit\u00e4 vahvempi voima, sit\u00e4 vaarallisempia niist\u00e4 voi tulla. Tuulitutka n\u00e4ytt\u00e4\u00e4 helposti kuinka voimakkaat tuulet puhaltavat ja mihin suuntaan.<\/p>\n<div id=\"windy-wind-box\" style=\"max-width:1300px;margin:20px auto;padding:24px;border:1px solid #dcdcdc;border-radius:12px;background:#f8fafc;text-align:center;font-family:Arial,sans-serif;\">\n<h3 style=\"margin:0 0 10px 0;font-size:24px;color:#1f2937;\">Live Wind Map<\/h3>\n<p style=\"margin:0 0 18px 0;font-size:16px;line-height:1.5;color:#4b5563;\">\n    Click the button below to load the live wind map from Windy.com.\n  <\/p>\n<p>  <button onclick=\"loadWindyWind()\" style=\"background:#2563eb;color:#ffffff;border:none;padding:14px 24px;font-size:16px;font-weight:600;border-radius:8px;cursor:pointer;\"><br \/>\n    Load Live Wind Map<br \/>\n  <\/button><\/p>\n<p style=\"margin:14px 0 0 0;font-size:13px;color:#6b7280;\">\n    External content will be loaded from Windy.com after clicking.\n  <\/p>\n<\/div>\n<p><script>\nfunction loadWindyWind() {\n  document.getElementById('windy-wind-box').innerHTML =\n    '<iframe loading=\"lazy\" src=\"https:\/\/embed.windy.com\/embed2.html?lat=36.161&#038;lon=-98.080&#038;detailLat=36.161&#038;detailLon=-98.080&#038;width=650&#038;height=450&#038;zoom=4&#038;level=surface&#038;overlay=wind&#038;product=ecmwf&#038;menu=&#038;message=true&#038;marker=&#038;calendar=24&#038;pressure=&#038;type=map&#038;location=coordinates&#038;detail=&#038;metricWind=mph&#038;metricTemp=%C2%B0F&#038;radarRange=-1\" width=\"100%\" height=\"600\" frameborder=\"0\" style=\"border:0;border-radius:12px;\"><\/iframe>';\n}\n<\/script><\/p>\n<h2 class=\"p1\">Kuinka tuulitutka toimii<\/h2>\n<p class=\"p1\">Digitaalinen tuulikartta on kartta, joka n\u00e4ytt\u00e4\u00e4 s\u00e4\u00e4n, t\u00e4ss\u00e4 tapauksessa nimenomaan tuulet, t\u00e4ll\u00e4 hetkell\u00e4 ja ennusteen kanssa. Pienet liikkuvat pisteet eri v\u00e4reill\u00e4 ja eri suunnilla edustavat puuskien voimaa ja kulkua. Kartasta on mahdollista n\u00e4hd\u00e4, miten tuulitilanne on ja voi kehitty\u00e4 tietyill\u00e4 alueilla maailmassa. T\u00e4ll\u00e4 tavalla voidaan ennustaa vaarallisia myrskyj\u00e4 ja tunnistaa korkea- ja matalapainealueet.<\/p>\n<p class=\"p1\">T\u00e4t\u00e4 varten tuulitutka l\u00e4hett\u00e4\u00e4 s\u00e4hk\u00f6magneettisia signaaleja ilmakeh\u00e4\u00e4n antennien kautta. Erilaiset s\u00e4\u00e4ilmi\u00f6t, kuten tuuli, <a href=\"https:\/\/weather-radar24.com\/fi\/lumipeite-kartta\/\">lumi<\/a> tai <a href=\"https:\/\/weather-radar24.com\/fi\/sadetutka\/\">sade<\/a> l\u00e4hett\u00e4\u00e4 ne takaisin vaihtelevalla intensiteetill\u00e4. Tietojen perusteella j\u00e4rjestelm\u00e4 voi tehd\u00e4 johtop\u00e4\u00e4t\u00f6ksi\u00e4 s\u00e4\u00e4st\u00e4, sen voimakkuudesta ja suunnasta. T\u00e4t\u00e4 k\u00e4ytet\u00e4\u00e4n sitten digitaalisen tuulikartan luomiseen.<\/p>\n<h2 class=\"p1\">Mit\u00e4 tuulitutkan v\u00e4rit tarkoittavat?<\/h2>\n<p class=\"p1\">V\u00e4rit edustavat erilaisia tuulen voimakkuuksia ja ne voidaan lukea legendasta. Nopeus mitataan kilometrein\u00e4 tunnissa.<\/p>\n<p class=\"p1\">Erotetaan heikko ja voimakas tuuli, joiden v\u00e4rit eroavat toisistaan. Sininen tarkoittaa lempe\u00e4\u00e4 tuulta, jonka nopeus on noin 1-23,6 mph, keltainen 23,6-45,9 mph. Jos v\u00e4ri muuttuu punaiseksi, tuulesta tulee my\u00f6s vaarallinen: tuulen voimakkuus voi vaihdella 46 mph - yli 72,7 mph. J\u00e4lkimm\u00e4inen on luokiteltu a <a href=\"https:\/\/weather-radar24.com\/fi\/hurrikaani-seuranta\/\">Hurrikaani<\/a>. J\u00e4lkimm\u00e4ist\u00e4 pidet\u00e4\u00e4n hurrikaanina.<\/p>\n<h3 class=\"p1\">Erilaiset tuulet ja niiden alkuper\u00e4<\/h3>\n<p class=\"p1\">On olemassa erilaisia tuulia, jotka a <a href=\"https:\/\/weather-radar24.com\/fi\/\">s\u00e4\u00e4tutka<\/a> osaa mitata. N\u00e4it\u00e4 ovat esimerkiksi pasaatit, jotka puhaltavat alueelta toiselle. T\u00e4m\u00e4 tapahtuu luomaan painetasapainon korkeapaineisen ja matalapaineisen alueen v\u00e4lille. T\u00e4llaiset muodostuvat usein eri alueiden l\u00e4mp\u00f6tilaeroista.<\/p>\n<p class=\"p1\">Vallitsevat tuulet syntyv\u00e4t, kun aurinko l\u00e4mmitt\u00e4\u00e4 maata ja ilma nousee ilmaan. Viile\u00e4 ilma laskeutuu maahan ja tuulet luovat tasapainon t\u00e4\u00e4ll\u00e4kin, mik\u00e4 tapahtuu l\u00e4hell\u00e4 maata.<\/p>\n<p class=\"p1\">Jet stream puolestaan on tuuli korkealla. Se on tuskin havaittavissa maassa, mutta sill\u00e4 on merkitt\u00e4v\u00e4 vaikutus s\u00e4\u00e4olosuhteisiin ja muiden tuulien voimakkuuteen. Voit kuvitella suihkuvirran kuin nopea ilmahihna ilmakeh\u00e4ss\u00e4.<\/p>\n<p class=\"p1\">Tuulen voimakkuuden m\u00e4\u00e4ritt\u00e4miseksi mitataan ilmavirtojen nopeus. T\u00e4m\u00e4 oli vaikea teht\u00e4v\u00e4, kunnes Francis Beaufort keksi tuulimittarin vuonna 1806. Laite koostuu pienist\u00e4 kuorista, jotka py\u00f6riv\u00e4t ympyr\u00e4ss\u00e4 tuulen ohjaaman akselin ymp\u00e4ri. Mit\u00e4 suurempi voima, sit\u00e4 nopeampi liike. Tietokone laskee t\u00e4st\u00e4 tuulen voimakkuuden ja antaa nopeuden kilometrein\u00e4 tunnissa tai maileina. Intensiteetti voidaan lukea suoraan Beaufortin asteikosta n\u00e4ist\u00e4 kuvista.<\/p>\n<h2 class=\"p1\">Kuuluisa asteikko \u2013 Beaufortin tuuliasteikko<\/h2>\n<table class=\"responsive\">\n<tbody>\n<tr style=\"height: 23px;\">\n<td style=\"width: 16.6667%; height: 23px;\"><span style=\"color: #000000;\"><strong>Tuulen voima<\/strong><\/span><\/td>\n<td style=\"width: 16.7756%; height: 23px;\"><span style=\"color: #000000;\"><strong>Kuvaus<\/strong><\/span><\/td>\n<td style=\"width: 16.3399%; height: 23px;\"><span style=\"color: #000000;\"><strong>km\/h<\/strong><\/span><\/td>\n<td style=\"width: 16.2309%; height: 23px;\"><span style=\"color: #000000;\"><strong>m<span style=\"color: #000000;\">\/s<\/span><\/strong><\/span><\/td>\n<td style=\"width: 16.122%; height: 23px;\"><span style=\"color: #000000;\"><strong>kn<\/strong><\/span><\/td>\n<td style=\"width: 16.2309%; height: 23px;\"><span style=\"color: #000000;\"><strong>mph<\/strong><\/span><\/td>\n<\/tr>\n<tr style=\"height: 23px;\">\n<td style=\"width: 16.6667%; height: 23px;\">0<\/td>\n<td style=\"width: 16.7756%; height: 23px;\"><strong>rauhoittaa<\/strong><\/td>\n<td style=\"width: 16.3399%; height: 23px;\">0-1<\/td>\n<td style=\"width: 16.2309%; height: 23px;\">0,0 \u2013 &lt;0,3<\/td>\n<td style=\"width: 16.122%; height: 23px;\">0 - &lt;1<\/td>\n<td style=\"width: 16.2309%; height: 23px;\">0 - &lt;1,2<\/td>\n<\/tr>\n<tr style=\"height: 23px;\">\n<td style=\"width: 16.6667%; height: 23px;\">1<\/td>\n<td style=\"width: 16.7756%; height: 23px;\"><strong>Kevyt ilma<\/strong><\/td>\n<td style=\"width: 16.3399%; height: 23px;\">1-5<\/td>\n<td style=\"width: 16.2309%; height: 23px;\">0,3 \u2013 &lt;1,6<\/td>\n<td style=\"width: 16.122%; height: 23px;\">1 - &lt;4<\/td>\n<td style=\"width: 16.2309%; height: 23px;\">1,2 - &lt;4,6<\/td>\n<\/tr>\n<tr style=\"height: 23px;\">\n<td style=\"width: 16.6667%; height: 23px;\">2<\/td>\n<td style=\"width: 16.7756%; height: 23px;\"><strong>Heikkoa tuulta<\/strong><\/td>\n<td style=\"width: 16.3399%; height: 23px;\">6-11<\/td>\n<td style=\"width: 16.2309%; height: 23px;\">1,6 \u2013 &lt;3,4<\/td>\n<td style=\"width: 16.122%; height: 23px;\">4 - &lt;7<\/td>\n<td style=\"width: 16.2309%; height: 23px;\">4,6 \u2013 &lt;8,1<\/td>\n<\/tr>\n<tr style=\"height: 23px;\">\n<td style=\"width: 16.6667%; height: 23px;\">3<\/td>\n<td style=\"width: 16.7756%; height: 23px;\"><strong>Hento tuulenvire<\/strong><\/td>\n<td style=\"width: 16.3399%; height: 23px;\">12-19<\/td>\n<td style=\"width: 16.2309%; height: 23px;\">3,4 \u2013 &lt;5,5<\/td>\n<td style=\"width: 16.122%; height: 23px;\">7-&lt;11<\/td>\n<td style=\"width: 16.2309%; height: 23px;\">8,1 \u2013 &lt;12,7<\/td>\n<\/tr>\n<tr style=\"height: 23px;\">\n<td style=\"width: 16.6667%; height: 23px;\">4<\/td>\n<td style=\"width: 16.7756%; height: 23px;\"><strong>Kohtalainen tuulta<\/strong><\/td>\n<td style=\"width: 16.3399%; height: 23px;\">20-28<\/td>\n<td style=\"width: 16.2309%; height: 23px;\">5,5 \u2013 &lt;8,0<\/td>\n<td style=\"width: 16.122%; height: 23px;\">11-&lt;16<\/td>\n<td style=\"width: 16.2309%; height: 23px;\">12,7 \u2013 &lt;18,4<\/td>\n<\/tr>\n<tr style=\"height: 23px;\">\n<td style=\"width: 16.6667%; height: 23px;\">5<\/td>\n<td class=\"tb-unimp\" style=\"width: 16.7756%; height: 23px;\"><strong>Voimakas tuulta<\/strong><\/td>\n<td style=\"width: 16.3399%; height: 23px;\">29-38<\/td>\n<td style=\"width: 16.2309%; height: 23px;\">8,0 \u2013 &lt;10,8<\/td>\n<td style=\"width: 16.122%; height: 23px;\">16 - &lt;22<\/td>\n<td style=\"width: 16.2309%; height: 23px;\">18,4 \u2013 &lt;25,3<\/td>\n<\/tr>\n<tr style=\"height: 23px;\">\n<td style=\"width: 16.6667%; height: 23px;\">6<\/td>\n<td style=\"width: 16.7756%; height: 23px;\"><strong>Voimakas tuulta<\/strong><\/td>\n<td style=\"width: 16.3399%; height: 23px;\">39-49<\/td>\n<td style=\"width: 16.2309%; height: 23px;\">10,8 \u2013 &lt;13,9<\/td>\n<td style=\"width: 16.122%; height: 23px;\">22 - &lt;28<\/td>\n<td style=\"width: 16.2309%; height: 23px;\">25,3 \u2013 &lt;32,2<\/td>\n<\/tr>\n<tr style=\"height: 23px;\">\n<td style=\"width: 16.6667%; height: 23px;\">7<\/td>\n<td style=\"width: 16.7756%; height: 23px;\"><strong>L\u00e4hell\u00e4 Galea<\/strong><\/td>\n<td style=\"width: 16.3399%; height: 23px;\">50-61<\/td>\n<td style=\"width: 16.2309%; height: 23px;\">13,9 \u2013 &lt;17,2<\/td>\n<td style=\"width: 16.122%; height: 23px;\">28 - &lt;34<\/td>\n<td style=\"width: 16.2309%; height: 23px;\">32,2 \u2013 &lt;39,1<\/td>\n<\/tr>\n<tr style=\"height: 23px;\">\n<td style=\"width: 16.6667%; height: 23px;\">8<\/td>\n<td style=\"width: 16.7756%; height: 23px;\"><strong>Myrskytuuli<\/strong><\/td>\n<td style=\"width: 16.3399%; height: 23px;\">62-74<\/td>\n<td style=\"width: 16.2309%; height: 23px;\">17,2 \u2013 &lt;20,8<\/td>\n<td style=\"width: 16.122%; height: 23px;\">34 - &lt;41<\/td>\n<td style=\"width: 16.2309%; height: 23px;\">39,1 \u2013 &lt;47,2<\/td>\n<\/tr>\n<tr style=\"height: 23px;\">\n<td style=\"width: 16.6667%; height: 23px;\">9<\/td>\n<td style=\"width: 16.7756%; height: 23px;\"><strong>Vahva Gale<\/strong><\/td>\n<td style=\"width: 16.3399%; height: 23px;\">75-88<\/td>\n<td style=\"width: 16.2309%; height: 23px;\">20,8 \u2013 &lt;24,5<\/td>\n<td style=\"width: 16.122%; height: 23px;\">41-&lt;48<\/td>\n<td style=\"width: 16.2309%; height: 23px;\">47,2 \u2013 &lt;55,2<\/td>\n<\/tr>\n<tr style=\"height: 23px;\">\n<td style=\"width: 16.6667%; height: 23px;\">10<\/td>\n<td style=\"width: 16.7756%; height: 23px;\"><strong>Myrsky<\/strong><\/td>\n<td style=\"width: 16.3399%; height: 23px;\">89-102<\/td>\n<td style=\"width: 16.2309%; height: 23px;\">24,5 \u2013 &lt;28,5<\/td>\n<td style=\"width: 16.122%; height: 23px;\">48 - &lt;56<\/td>\n<td style=\"width: 16.2309%; height: 23px;\">55,2 \u2013 &lt;64,4<\/td>\n<\/tr>\n<tr style=\"height: 23px;\">\n<td style=\"width: 16.6667%; height: 23px;\">11<\/td>\n<td style=\"width: 16.7756%; height: 23px;\"><strong>V\u00e4kivaltainen myrsky<\/strong><\/td>\n<td style=\"width: 16.3399%;\">103-117<\/td>\n<td style=\"width: 16.2309%; height: 23px;\">28,5 \u2013 &lt;32,7<\/td>\n<td style=\"width: 16.122%; height: 23px;\">56 - &lt;64<\/td>\n<td style=\"width: 16.2309%; height: 23px;\">64,4 \u2013 &lt;73,6<\/td>\n<\/tr>\n<tr style=\"height: 23px;\">\n<td style=\"width: 16.6667%; height: 23px;\">12<\/td>\n<td style=\"width: 16.7756%; height: 23px;\"><strong><a href=\"https:\/\/weather-radar24.com\/fi\/hurrikan-tracker\/\">Hurrikaani<\/a><\/strong><\/td>\n<td style=\"width: 16.3399%; height: 23px;\">\u2265 117<\/td>\n<td style=\"width: 16.2309%; height: 23px;\">\u2265 32,7<\/td>\n<td style=\"width: 16.122%; height: 23px;\">\u2265 64<\/td>\n<td style=\"width: 16.2309%; height: 23px;\">\u2265 73,6<\/td>\n<\/tr>\n<\/tbody>\n<\/table>\n<p class=\"p1\">The <a href=\"https:\/\/www.spc.noaa.gov\/faq\/tornado\/beaufort.html\" target=\"_blank\" rel=\"noopener\">Beaufort tuulivaaka<\/a> on samannimisen keksij\u00e4n luoma asteikko, jolla voit jakaa tuulen voimakkuuden luokkiin nopeuden perusteella. Ratkaiseva tekij\u00e4 on tietyn nopeuden tuulen vaikutus ymp\u00e4rist\u00f6\u00f6n. N\u00e4in ollen asteikko vaihtelee tuulen voimakkuudesta 0 \u2013 tyyni, tuulen voimakkuuteen 5 \u2013 raikas tuuli, tuulen voimakkuuteen 12 \u2013 hurrikaani. Voimakkuus on my\u00f6s helppo laskea: Ota tuulen nopeus solmuina plus 5 ja jaa tulos 5:ll\u00e4.<\/p>\n<h3 class=\"p1\">Onko voimakas 12 tuuli vaarallinen?<\/h3>\n<p class=\"p1\">Voimaa 12 pidet\u00e4\u00e4n hurrikaanina Beaufortin asteikon mukaan. Tuulen nopeus on yli 73 mph ja se on merkitty tuulitutkassa voimakkaasti punaiseksi. Hurrikaanilla voi olla vaarallisia seurauksia, sill\u00e4 tuuli voi repi\u00e4 oksia puista, kaataa puita ja heitt\u00e4\u00e4 irtonaisia esineit\u00e4 maan poikki. My\u00f6s myrskyn aiheuttamat vauriot rakennuksille tai ajo-ongelmat ovat mahdollisia. Voimatuulet 12 ovat harvinaisia, mutta j\u00e4tt\u00e4v\u00e4t j\u00e4lkeens\u00e4 suurta tuhoa. Yleisesti ottaen varovaisuutta kehotetaan luokasta 5 alkaen, ja 10:st\u00e4 alkaen et saa poistua kotoa, jos mahdollista.<\/p>\n<h4 class=\"p1\">Yhteenveto<\/h4>\n<p class=\"p1\">Tuulet ovat kiehtovia luonnonilmi\u00f6it\u00e4, mutta voimakkuudestaan riippuen ne voivat olla my\u00f6s vaarallisia. Tuulitutka m\u00e4\u00e4ritt\u00e4\u00e4 s\u00e4\u00e4n s\u00e4hk\u00f6magneettisilla signaaleilla ja tallennetaan digitaaliseen tuulitutkaan tai tuulikarttaan. My\u00f6s ennusteet ovat mahdollisia, kuten tied\u00e4t s\u00e4\u00e4tiedotuksesta. Beaufort-asteikko jakaa tuulet luokkiin ja m\u00e4\u00e4ritt\u00e4\u00e4 mahdollisen ymp\u00e4rist\u00f6vaaran niiden nopeuden perusteella. Jos s\u00e4\u00e4kartta n\u00e4ytt\u00e4\u00e4 punaista, kannattaa pysy\u00e4 kotona.<\/p>","protected":false},"excerpt":{"rendered":"<p>Wind radar &#8211; measure wind force and wind speed We encounter strong and weak winds everywhere in everyday life. However, the stronger the force, the more dangerous they can become. A wind radar shows easily shows how strong winds blow and in which direction. Live Wind Map Click the button below to load the live&hellip;&nbsp;<a href=\"https:\/\/weather-radar24.com\/fi\/tuulitutka\/\" rel=\"bookmark\">Read More &raquo;<span class=\"screen-reader-text\">Tuulitutka<\/span><\/a><\/p>","protected":false},"author":1,"featured_media":105,"parent":0,"menu_order":0,"comment_status":"closed","ping_status":"closed","template":"","meta":{"neve_meta_sidebar":"","neve_meta_container":"","neve_meta_enable_content_width":"off","neve_meta_content_width":100,"neve_meta_title_alignment":"","neve_meta_author_avatar":"","neve_post_elements_order":"","neve_meta_disable_header":"","neve_meta_disable_footer":"","neve_meta_disable_title":"on","neve_meta_reading_time":"","footnotes":""},"class_list":["post-54","page","type-page","status-publish","has-post-thumbnail","hentry"],"yoast_head":"<!-- This site is optimized with the Yoast SEO plugin v27.3 - https:\/\/yoast.com\/product\/yoast-seo-wordpress\/ -->\n<title>Wind radar - measure wind force and wind speed<\/title>\n<meta name=\"description\" content=\"Wind Radar - Track the current wind force and wind speed with live data and wind forecast for the next few days.\" \/>\n<meta name=\"robots\" content=\"index, follow, max-snippet:-1, max-image-preview:large, max-video-preview:-1\" \/>\n<link rel=\"canonical\" href=\"https:\/\/weather-radar24.com\/fi\/tuulitutka\/\" \/>\n<meta property=\"og:locale\" content=\"fi_FI\" \/>\n<meta property=\"og:type\" content=\"article\" \/>\n<meta property=\"og:title\" content=\"Wind radar - measure wind force and wind speed\" \/>\n<meta property=\"og:description\" content=\"Wind Radar - Track the current wind force and wind speed with live data and wind forecast for the next few days.\" \/>\n<meta property=\"og:url\" content=\"https:\/\/weather-radar24.com\/fi\/tuulitutka\/\" \/>\n<meta property=\"article:modified_time\" content=\"2026-04-11T11:10:01+00:00\" \/>\n<meta property=\"og:image\" content=\"https:\/\/weather-radar24.com\/wp-content\/uploads\/2022\/08\/Bildschirmfoto-2022-08-18-um-13.26.16.png\" \/>\n\t<meta property=\"og:image:width\" content=\"420\" \/>\n\t<meta property=\"og:image:height\" content=\"271\" \/>\n\t<meta property=\"og:image:type\" content=\"image\/png\" \/>\n<meta name=\"twitter:card\" content=\"summary_large_image\" \/>\n<meta name=\"twitter:label1\" content=\"Arvioitu lukuaika\" \/>\n\t<meta name=\"twitter:data1\" content=\"5 minuuttia\" \/>\n<script type=\"application\/ld+json\" class=\"yoast-schema-graph\">{\"@context\":\"https:\\\/\\\/schema.org\",\"@graph\":[{\"@type\":\"WebPage\",\"@id\":\"https:\\\/\\\/weather-radar24.com\\\/wind-radar\\\/\",\"url\":\"https:\\\/\\\/weather-radar24.com\\\/wind-radar\\\/\",\"name\":\"Wind radar - measure wind force and wind speed\",\"isPartOf\":{\"@id\":\"https:\\\/\\\/weather-radar24.com\\\/#website\"},\"primaryImageOfPage\":{\"@id\":\"https:\\\/\\\/weather-radar24.com\\\/wind-radar\\\/#primaryimage\"},\"image\":{\"@id\":\"https:\\\/\\\/weather-radar24.com\\\/wind-radar\\\/#primaryimage\"},\"thumbnailUrl\":\"https:\\\/\\\/weather-radar24.com\\\/wp-content\\\/uploads\\\/2022\\\/08\\\/Bildschirmfoto-2022-08-18-um-13.26.16.png\",\"datePublished\":\"2022-08-17T19:16:21+00:00\",\"dateModified\":\"2026-04-11T11:10:01+00:00\",\"description\":\"Wind Radar - Track the current wind force and wind speed with live data and wind forecast for the next few days.\",\"breadcrumb\":{\"@id\":\"https:\\\/\\\/weather-radar24.com\\\/wind-radar\\\/#breadcrumb\"},\"inLanguage\":\"fi\",\"potentialAction\":[{\"@type\":\"ReadAction\",\"target\":[\"https:\\\/\\\/weather-radar24.com\\\/wind-radar\\\/\"]}]},{\"@type\":\"ImageObject\",\"inLanguage\":\"fi\",\"@id\":\"https:\\\/\\\/weather-radar24.com\\\/wind-radar\\\/#primaryimage\",\"url\":\"https:\\\/\\\/weather-radar24.com\\\/wp-content\\\/uploads\\\/2022\\\/08\\\/Bildschirmfoto-2022-08-18-um-13.26.16.png\",\"contentUrl\":\"https:\\\/\\\/weather-radar24.com\\\/wp-content\\\/uploads\\\/2022\\\/08\\\/Bildschirmfoto-2022-08-18-um-13.26.16.png\",\"width\":420,\"height\":271,\"caption\":\"Wind radar\"},{\"@type\":\"BreadcrumbList\",\"@id\":\"https:\\\/\\\/weather-radar24.com\\\/wind-radar\\\/#breadcrumb\",\"itemListElement\":[{\"@type\":\"ListItem\",\"position\":1,\"name\":\"Startseite\",\"item\":\"https:\\\/\\\/weather-radar24.com\\\/\"},{\"@type\":\"ListItem\",\"position\":2,\"name\":\"Wind radar\"}]},{\"@type\":\"WebSite\",\"@id\":\"https:\\\/\\\/weather-radar24.com\\\/#website\",\"url\":\"https:\\\/\\\/weather-radar24.com\\\/\",\"name\":\"\",\"description\":\"\",\"potentialAction\":[{\"@type\":\"SearchAction\",\"target\":{\"@type\":\"EntryPoint\",\"urlTemplate\":\"https:\\\/\\\/weather-radar24.com\\\/?s={search_term_string}\"},\"query-input\":{\"@type\":\"PropertyValueSpecification\",\"valueRequired\":true,\"valueName\":\"search_term_string\"}}],\"inLanguage\":\"fi\"}]}<\/script>\n<!-- \/ Yoast SEO plugin. -->","yoast_head_json":{"title":"Tuulitutka - mittaa tuulen voimaa ja nopeutta","description":"Tuulitutka \u2013 Seuraa nykyist\u00e4 tuulen voimaa ja nopeutta reaaliaikaisten tietojen ja tuuliennusteen avulla l\u00e4hip\u00e4iville.","robots":{"index":"index","follow":"follow","max-snippet":"max-snippet:-1","max-image-preview":"max-image-preview:large","max-video-preview":"max-video-preview:-1"},"canonical":"https:\/\/weather-radar24.com\/fi\/tuulitutka\/","og_locale":"fi_FI","og_type":"article","og_title":"Wind radar - measure wind force and wind speed","og_description":"Wind Radar - Track the current wind force and wind speed with live data and wind forecast for the next few days.","og_url":"https:\/\/weather-radar24.com\/fi\/tuulitutka\/","article_modified_time":"2026-04-11T11:10:01+00:00","og_image":[{"width":420,"height":271,"url":"https:\/\/weather-radar24.com\/wp-content\/uploads\/2022\/08\/Bildschirmfoto-2022-08-18-um-13.26.16.png","type":"image\/png"}],"twitter_card":"summary_large_image","twitter_misc":{"Arvioitu lukuaika":"5 minuuttia"},"schema":{"@context":"https:\/\/schema.org","@graph":[{"@type":"WebPage","@id":"https:\/\/weather-radar24.com\/wind-radar\/","url":"https:\/\/weather-radar24.com\/wind-radar\/","name":"Tuulitutka - mittaa tuulen voimaa ja nopeutta","isPartOf":{"@id":"https:\/\/weather-radar24.com\/#website"},"primaryImageOfPage":{"@id":"https:\/\/weather-radar24.com\/wind-radar\/#primaryimage"},"image":{"@id":"https:\/\/weather-radar24.com\/wind-radar\/#primaryimage"},"thumbnailUrl":"https:\/\/weather-radar24.com\/wp-content\/uploads\/2022\/08\/Bildschirmfoto-2022-08-18-um-13.26.16.png","datePublished":"2022-08-17T19:16:21+00:00","dateModified":"2026-04-11T11:10:01+00:00","description":"Tuulitutka \u2013 Seuraa nykyist\u00e4 tuulen voimaa ja nopeutta reaaliaikaisten tietojen ja tuuliennusteen avulla l\u00e4hip\u00e4iville.","breadcrumb":{"@id":"https:\/\/weather-radar24.com\/wind-radar\/#breadcrumb"},"inLanguage":"fi","potentialAction":[{"@type":"ReadAction","target":["https:\/\/weather-radar24.com\/wind-radar\/"]}]},{"@type":"ImageObject","inLanguage":"fi","@id":"https:\/\/weather-radar24.com\/wind-radar\/#primaryimage","url":"https:\/\/weather-radar24.com\/wp-content\/uploads\/2022\/08\/Bildschirmfoto-2022-08-18-um-13.26.16.png","contentUrl":"https:\/\/weather-radar24.com\/wp-content\/uploads\/2022\/08\/Bildschirmfoto-2022-08-18-um-13.26.16.png","width":420,"height":271,"caption":"Wind radar"},{"@type":"BreadcrumbList","@id":"https:\/\/weather-radar24.com\/wind-radar\/#breadcrumb","itemListElement":[{"@type":"ListItem","position":1,"name":"Startseite","item":"https:\/\/weather-radar24.com\/"},{"@type":"ListItem","position":2,"name":"Wind radar"}]},{"@type":"WebSite","@id":"https:\/\/weather-radar24.com\/#website","url":"https:\/\/weather-radar24.com\/","name":"","description":"","potentialAction":[{"@type":"SearchAction","target":{"@type":"EntryPoint","urlTemplate":"https:\/\/weather-radar24.com\/?s={search_term_string}"},"query-input":{"@type":"PropertyValueSpecification","valueRequired":true,"valueName":"search_term_string"}}],"inLanguage":"fi"}]}},"_links":{"self":[{"href":"https:\/\/weather-radar24.com\/fi\/wp-json\/wp\/v2\/pages\/54","targetHints":{"allow":["GET"]}}],"collection":[{"href":"https:\/\/weather-radar24.com\/fi\/wp-json\/wp\/v2\/pages"}],"about":[{"href":"https:\/\/weather-radar24.com\/fi\/wp-json\/wp\/v2\/types\/page"}],"author":[{"embeddable":true,"href":"https:\/\/weather-radar24.com\/fi\/wp-json\/wp\/v2\/users\/1"}],"replies":[{"embeddable":true,"href":"https:\/\/weather-radar24.com\/fi\/wp-json\/wp\/v2\/comments?post=54"}],"version-history":[{"count":10,"href":"https:\/\/weather-radar24.com\/fi\/wp-json\/wp\/v2\/pages\/54\/revisions"}],"predecessor-version":[{"id":80,"href":"https:\/\/weather-radar24.com\/fi\/wp-json\/wp\/v2\/pages\/54\/revisions\/80"}],"wp:featuredmedia":[{"embeddable":true,"href":"https:\/\/weather-radar24.com\/fi\/wp-json\/wp\/v2\/media\/105"}],"wp:attachment":[{"href":"https:\/\/weather-radar24.com\/fi\/wp-json\/wp\/v2\/media?parent=54"}],"curies":[{"name":"wp","href":"https:\/\/api.w.org\/{rel}","templated":true}]}}