{"id":83,"date":"2022-08-19T19:55:15","date_gmt":"2022-08-19T17:55:15","guid":{"rendered":"https:\/\/weather-radar24.com\/?page_id=83"},"modified":"2022-08-19T21:41:25","modified_gmt":"2022-08-19T19:41:25","slug":"satellite-map","status":"publish","type":"page","link":"https:\/\/weather-radar24.com\/fi\/satelliitti-kartta\/","title":{"rendered":"Satelliitti kartta"},"content":{"rendered":"<h1 class=\"p1\"><b>Satelliittikartta \u2013 katso satelliitteja reaaliajassa kellon ymp\u00e4ri!<\/b><\/h1>\n<p><img loading=\"lazy\" decoding=\"async\" class=\"aligncenter wp-image-132 size-full\" src=\"https:\/\/weather-radar24.com\/wp-content\/uploads\/2022\/08\/satellite-g443ef3dfb_640.jpeg\" alt=\"Satelliitti kartta\" width=\"640\" height=\"423\" srcset=\"https:\/\/weather-radar24.com\/wp-content\/uploads\/2022\/08\/satellite-g443ef3dfb_640.jpeg 640w, https:\/\/weather-radar24.com\/wp-content\/uploads\/2022\/08\/satellite-g443ef3dfb_640-300x198.jpeg 300w\" sizes=\"auto, (max-width: 640px) 100vw, 640px\" \/><\/p>\n<p class=\"p1\">Kirkkaana y\u00f6n\u00e4 monet keinotekoiset satelliitit liikkuvat taivaalla. Ne n\u00e4ytt\u00e4v\u00e4t hitaasti liikkuvilta t\u00e4hdilt\u00e4 ja hohtavat kirkkaasti. Normaalisti niiden siirtyminen horisontista horisonttiin kest\u00e4\u00e4 keskim\u00e4\u00e4rin 10 minuuttia. Kansainv\u00e4linen avaruusasema (ISS) ja Hubble-avaruusteleskooppi ovat tunnetuimpia maata kiert\u00e4vi\u00e4 kohteita. Jos tutkit taivasta huolellisesti aamunkoitteessa tai h\u00e4m\u00e4r\u00e4ss\u00e4, sinun ei todenn\u00e4k\u00f6isesti tarvitse odottaa 15 minuuttia kauempaa n\u00e4hd\u00e4ksesi yhden yli 35 000 maata kiert\u00e4v\u00e4st\u00e4 satelliitista.<\/p>\n<h2 class=\"p1\">Miten satelliitteja voidaan tarkkailla?<\/h2>\n<p class=\"p1\">Itse asiassa useimmat Maan kiertoradalla olevat kohteet ovat liian pieni\u00e4 n\u00e4hd\u00e4kseen paljaalla silm\u00e4ll\u00e4. Varsinkin jos ne ovat roskia. Siit\u00e4 huolimatta muutama sata esinett\u00e4 voidaan n\u00e4hd\u00e4 ilman lis\u00e4optisia apuv\u00e4lineit\u00e4. T\u00e4m\u00e4 koskee satelliitteja, jotka ovat v\u00e4hint\u00e4\u00e4n 6 metri\u00e4 korkeita ja kiert\u00e4v\u00e4t maata noin 160\u2013650 km:n korkeudessa.<\/p>\n<p class=\"p1\">Satelliiteissa ei ole ulkoista valaistusta. N\u00e4hd\u00e4kseen jonkin n\u00e4ist\u00e4 kohteista satelliitin on heijastettava auringonvaloa. Joissakin n\u00e4ist\u00e4 lent\u00e4vist\u00e4 esineist\u00e4 on sarja aurinkopaneeleja, joten ne ovat erityisen helppo n\u00e4hd\u00e4, koska valo heijastuu. Kaikenlaisten viestint\u00e4kanavien tarjoamisen lis\u00e4ksi niit\u00e4 k\u00e4ytet\u00e4\u00e4n my\u00f6s <a href=\"https:\/\/weather-radar24.com\/fi\/\">s\u00e4\u00e4ennustus<\/a>.<\/p>\n<h2 class=\"p1\">Millaisia satelliitteja on olemassa?<\/h2>\n<p class=\"p1\">Satelliitteja on kahden tyyppisi\u00e4, geostationaarisia ja polaarisia. J\u00e4lkimm\u00e4iset ovat tunnettuja lent\u00e4misest\u00e4 matalissa korkeuksissa. Ne kiert\u00e4v\u00e4t usein planeettamme 100 minuutissa. T\u00e4llaiset satelliitit ovat matkalla kuvaamaan maapalloa tai suorittamaan muita mittauksia.<\/p>\n<p class=\"p1\">Valitettavasti napaa kiert\u00e4v\u00e4t alukset eiv\u00e4t salli jatkuvaa havainnointia. Geostaationaariset kohteet tarjoavat t\u00e4\u00e4ll\u00e4 paljon paremmat olosuhteet. Niill\u00e4 on sama nopeus kuin maan py\u00f6rimisnopeus. Koska n\u00e4m\u00e4 satelliitit leijuvat tietyll\u00e4 alueella, niit\u00e4 voidaan tarkkailla jatkuvasti.<\/p>\n<h3 class=\"p1\">Voiko satelliitteja n\u00e4hd\u00e4 paljaalla silm\u00e4ll\u00e4?<\/h3>\n<p class=\"p1\">Matalalla lent\u00e4vill\u00e4 esineill\u00e4 on kiertoradansa vuoksi tarkka aikaikkuna, jonka kuluessa ne ohittavat havaintopaikan. Muun ajan ne ovat horisontin alapuolella eiv\u00e4tk\u00e4 siksi n\u00e4y.<\/p>\n<p class=\"p1\">Valitettavasti havaintoa ei voi suunnitella vain kuluvan ajan mukaan, koska my\u00f6s lent\u00e4v\u00e4n kohteen valaistus on otettava huomioon. N\u00e4hd\u00e4kseen satelliitin t\u00e4ydellisesti tarkkailijan on oltava pime\u00e4ss\u00e4 ja satelliitin valossa. T\u00e4st\u00e4 syyst\u00e4 juuri auringonnousua tai -laskua edelt\u00e4v\u00e4t ajat ovat erityisen sopivia. ISS voidaan n\u00e4hd\u00e4 ilman optisia apuv\u00e4lineit\u00e4. On ihanteellinen olla kaukana h\u00e4iritsevist\u00e4 valonl\u00e4hteist\u00e4. Tietysti pilvet\u00f6n taivas helpottaa n\u00e4kemist\u00e4.<\/p>\n<h2 class=\"p1\">Kuinka tarkkailla SpaceX:n Starlink-satelliitteja?<\/h2>\n<p class=\"p1\">Tarjotakseen edullisen Internet-vastaanoton maailmanlaajuisesti SpaceX suunnittelee yli 12000 Starlink-satelliitin verkkoa laajennuksen ensimm\u00e4isess\u00e4 vaiheessa. T\u00e4ll\u00e4 hetkell\u00e4 noin 2000 n\u00e4ist\u00e4 avaruusaluksista kiert\u00e4\u00e4 maata 440-550 kilometrin korkeudessa. Kun he liikkuvat y\u00f6taivaalla, n\u00e4m\u00e4 ihmisen tekem\u00e4t k\u00e4sity\u00f6t tarjoavat upean taivasn\u00e4yt\u00f6ksen tarkkailijoille maan p\u00e4\u00e4ll\u00e4.<\/p>\n<p class=\"p1\">Silm\u00e4lle SpaceX Starlink -satelliitit n\u00e4ytt\u00e4v\u00e4t kuin juna taivaalla, kun ne liikkuvat suorassa linjassa taivaalla. T\u00e4ll\u00e4 hetkell\u00e4 kohteet kiert\u00e4v\u00e4t maata 90 minuutin v\u00e4lein. Ne n\u00e4kyv\u00e4t paljaalla silm\u00e4ll\u00e4 ja tarjoavat upean n\u00e4kym\u00e4n, jos tied\u00e4t, mist\u00e4 niit\u00e4 etsi\u00e4. Starlink-hakua varten suositellaan Satellite Tracker -sovellusta (https:\/\/vitotechnology.com\/apps\/satellite-tracker).<\/p>\n<h2 class=\"p1\">Seuraa Starlink-satelliitteja SpaceX:st\u00e4 liven\u00e4<\/h2>\n<p class=\"p1\">T\u00e4\u00e4ll\u00e4 voit seurata Starlink-satelliitteja reaaliajassa kellon ymp\u00e4ri.<\/p>\n<p><iframe loading=\"lazy\" style=\"border: 0px #ffffff none;\" src=\"https:\/\/findstarlink.com\/#2924625;3\" name=\"myiFrame\" width=\"1300px\" height=\"580px\" frameborder=\"1\" marginwidth=\"0px\" marginheight=\"0px\" scrolling=\"no\" allowfullscreen=\"allowfullscreen\"><\/iframe><\/p>\n<h3 class=\"p1\">Kuinka monta satelliittia Starlinkilla on t\u00e4ll\u00e4 hetkell\u00e4?<\/h3>\n<p class=\"p1\">Syyskuun ensimm\u00e4isen\u00e4 p\u00e4iv\u00e4n\u00e4 2021 SpaceX ilmoitti, ett\u00e4 noin 4500 satelliittia on verkossa. Aurinkomyrskyn vuoksi noin 50 n\u00e4ist\u00e4 veneist\u00e4 on kuitenkin pudonnut kiertoradalta. Starlink-satelliitti painaa noin 260 kg ja on suunnilleen p\u00f6yd\u00e4n kokoinen. Yhdess\u00e4 laukaisussa Falcom-9-raketti kuljettaa noin 60 satelliittia kiertoradalle.<\/p>\n<p class=\"p1\">Suurin osa n\u00e4ist\u00e4 keinotekoisista avaruusaluksista k\u00e4ytet\u00e4\u00e4n laajakaistaiseen Internet-yhteyteen. Vastaanottoastioita Starlink-yhteytt\u00e4 varten on t\u00e4ll\u00e4 hetkell\u00e4 saatavilla Yhdysvalloissa ja Kanadassa. My\u00f6hemmille sukupolville suunnitellaan 560\u2013720 kilometrin lentokorkeuksia.<\/p>\n<h2 class=\"p1\"><strong>Milloin ja miss\u00e4 voit n\u00e4hd\u00e4 ISS:n?<\/strong><\/h2>\n<p class=\"p1\">Kansainv\u00e4linen avaruusasema (ISS) on monien maiden operoima lent\u00e4v\u00e4 laboratorio. Asema lent\u00e4\u00e4 noin 400 kilometrin korkeudessa ja on helposti n\u00e4ht\u00e4viss\u00e4 Maasta. Suuri rakenne heijastaa tulevaa auringonvaloa ja n\u00e4kyy loistavana kirkkaana valopisteen\u00e4 taivaalla. NASAn mukaan ISS on y\u00f6taivaan kirkkain kohde kuun vieress\u00e4, ja sit\u00e4 voidaan havaita jopa kaupungin sis\u00e4ll\u00e4.<\/p>\n<p class=\"p1\">Viel\u00e4 enemm\u00e4n ISS on loistava havaintokohde maaseudun ihmisille. Avaruusaseman havaitseminen ei vaadi erityisi\u00e4 laitteita, koska se voidaan n\u00e4hd\u00e4 paljaalla silm\u00e4ll\u00e4. Sinun tarvitsee vain tiet\u00e4\u00e4, mist\u00e4 etsi\u00e4.<\/p>\n<p class=\"p1\">ISS kulkee 28 000 km\/h nopeudella ja suorittaa 16 maapallon kiertorataa p\u00e4iv\u00e4ss\u00e4. Avaruusasema on n\u00e4kyviss\u00e4, koska se heijastaa auringonvaloa. P\u00e4iv\u00e4ll\u00e4 on liian kirkas; parhaat havaintoajat ovat aamunkoitteessa ja h\u00e4m\u00e4r\u00e4ss\u00e4.<\/p>\n<h2 class=\"p1\">ISS:n nykyinen reaaliaikainen sijainti<\/h2>\n<p class=\"p1\">T\u00e4m\u00e4 satelliittikartta n\u00e4ytt\u00e4\u00e4 tarkalleen kansainv\u00e4lisen avaruusaseman sijainnin ja korkeuden. ISS on yksi helpoimmin havaittavista kohteista y\u00f6taivaalla. Jos haluat tiet\u00e4\u00e4 tarkalleen miss\u00e4 avaruusasema sijaitsee, sinun tulee k\u00e4ytt\u00e4\u00e4 satelliittitutkaa.<\/p>\n<p class=\"p1\">ISS-avaruusaseman virtuaalikierros l\u00f6ytyy <a href=\"https:\/\/esamultimedia.esa.int\/multimedia\/virtual-tour-iss\/\" target=\"_blank\" rel=\"noopener\">t\u00e4ss\u00e4<\/a>.<\/p>\n<p class=\"p1\">T\u00e4\u00e4lt\u00e4 n\u00e4et kansainv\u00e4lisen avaruusaseman (ISS) nykyisen sijainnin reaaliajassa.<\/p>\n<p><iframe loading=\"lazy\" style=\"border: 0px #ffffff none;\" src=\"https:\/\/www.lizard-tail.com\/isana\/tracking\/\" name=\"myiFrame\" width=\"1300px\" height=\"580px\" frameborder=\"1\" marginwidth=\"0px\" marginheight=\"0px\" scrolling=\"no\" allowfullscreen=\"allowfullscreen\"><\/iframe><\/p>\n<h3 class=\"p1\">Mik\u00e4 satelliitti on kauimpana Maasta?<\/h3>\n<p class=\"p1\">Maasta kauimpana oleva avaruusalus on Voyager 1, joka l\u00e4hti aurinkokunnastamme noin 23 miljardin kilometrin et\u00e4isyydelle. Sit\u00e4 seuraa Voyager 2, joka on matkustanut jo 14 miljardia kilometri\u00e4. N\u00e4m\u00e4 avaruusalukset ovat optisten instrumenttien ulkopuolella. New Horizon on toinen avaruusalus, joka j\u00e4tt\u00e4\u00e4 aurinkokuntamme.<\/p>\n<p class=\"p1\">The <a href=\"https:\/\/webb.nasa.gov\/\" target=\"_blank\" rel=\"noopener\">James-Web-avaruusteleskooppi<\/a> on my\u00f6s erilainen kuin muut avaruusalukset. NASAn mukaan Hubble-teleskooppi kiert\u00e4\u00e4 Maata noin 570 kilometrin et\u00e4isyydell\u00e4 planeetan pinnasta. James-Webb-teleskooppi on sijoitettu paljon kauemmaksi Maasta kuin Hubble tai muut satelliitit. NASAn uusin teleskooppi toimii kiertoradalla 1,5 miljoonan kilometrin et\u00e4isyydell\u00e4 Maasta.<\/p>\n<h2 class=\"p1\">Voyager 1:n nykyinen sijainti<\/h2>\n<p class=\"p1\">Voyager 1 on NASAn avaruusalus ja kaukaisin kohde Maasta, se on ensimm\u00e4inen avaruusalus, joka on saavuttanut t\u00e4htienv\u00e4lisen avaruuden.<\/p>\n<p><iframe loading=\"lazy\" style=\"border: 0px #ffffff none;\" src=\"https:\/\/eyes.nasa.gov\/apps\/orrery\/#\/sc_voyager_1\" name=\"myiFrame\" width=\"1300px\" height=\"580px\" frameborder=\"1\" marginwidth=\"0px\" marginheight=\"0px\" scrolling=\"no\" allowfullscreen=\"allowfullscreen\"><span data-mce-type=\"bookmark\" style=\"display: inline-block; width: 0px; overflow: hidden; line-height: 0;\" class=\"mce_SELRES_start\"><\/span><\/iframe><br \/>\nKiitos: NASA\/JPL-Caltech<\/p>","protected":false},"excerpt":{"rendered":"<p>Satelliittikartta \u2013 katso satelliitteja reaaliajassa kellon ymp\u00e4ri! Kirkkaana y\u00f6n\u00e4 monet keinotekoiset satelliitit liikkuvat taivaalla. Ne n\u00e4ytt\u00e4v\u00e4t hitaasti liikkuvilta t\u00e4hdilt\u00e4 ja hohtavat kirkkaasti. Normaalisti niiden siirtyminen horisontista horisonttiin kest\u00e4\u00e4 keskim\u00e4\u00e4rin 10 minuuttia. Kansainv\u00e4linen avaruusasema (ISS) ja Hubble-avaruusteleskooppi ovat\u2026&nbsp;<a href=\"https:\/\/weather-radar24.com\/fi\/satelliitti-kartta\/\" rel=\"bookmark\">Read More &raquo;<span class=\"screen-reader-text\">Satelliitti kartta<\/span><\/a><\/p>","protected":false},"author":1,"featured_media":132,"parent":0,"menu_order":0,"comment_status":"closed","ping_status":"closed","template":"","meta":{"neve_meta_sidebar":"","neve_meta_container":"","neve_meta_enable_content_width":"off","neve_meta_content_width":100,"neve_meta_title_alignment":"","neve_meta_author_avatar":"","neve_post_elements_order":"","neve_meta_disable_header":"","neve_meta_disable_footer":"","neve_meta_disable_title":"on","neve_meta_reading_time":"","footnotes":""},"class_list":["post-83","page","type-page","status-publish","has-post-thumbnail","hentry"],"yoast_head":"<!-- This site is optimized with the Yoast SEO plugin v27.3 - https:\/\/yoast.com\/product\/yoast-seo-wordpress\/ -->\n<title>Satellite Map - watch satellites around the clock in real-time!<\/title>\n<meta name=\"description\" content=\"This satellite Map shows the exact position and altitude of the International Space Station (ISS) and Starlink satellites from SpaceX\" \/>\n<meta name=\"robots\" content=\"index, follow, max-snippet:-1, max-image-preview:large, max-video-preview:-1\" \/>\n<link rel=\"canonical\" href=\"https:\/\/weather-radar24.com\/fi\/satelliitti-kartta\/\" \/>\n<meta property=\"og:locale\" content=\"fi_FI\" \/>\n<meta property=\"og:type\" content=\"article\" \/>\n<meta property=\"og:title\" content=\"Satellite Map - watch satellites around the clock in real-time!\" \/>\n<meta property=\"og:description\" content=\"This satellite Map shows the exact position and altitude of the International Space Station (ISS) and Starlink satellites from SpaceX\" \/>\n<meta property=\"og:url\" content=\"https:\/\/weather-radar24.com\/fi\/satelliitti-kartta\/\" \/>\n<meta property=\"article:modified_time\" content=\"2022-08-19T19:41:25+00:00\" \/>\n<meta property=\"og:image\" content=\"https:\/\/weather-radar24.com\/wp-content\/uploads\/2022\/08\/satellite-g443ef3dfb_640.jpeg\" \/>\n\t<meta property=\"og:image:width\" content=\"640\" \/>\n\t<meta property=\"og:image:height\" content=\"423\" \/>\n\t<meta property=\"og:image:type\" content=\"image\/jpeg\" \/>\n<meta name=\"twitter:card\" content=\"summary_large_image\" \/>\n<meta name=\"twitter:label1\" content=\"Arvioitu lukuaika\" \/>\n\t<meta name=\"twitter:data1\" content=\"7 minuuttia\" \/>\n<script type=\"application\/ld+json\" class=\"yoast-schema-graph\">{\"@context\":\"https:\\\/\\\/schema.org\",\"@graph\":[{\"@type\":\"WebPage\",\"@id\":\"https:\\\/\\\/weather-radar24.com\\\/satellite-map\\\/\",\"url\":\"https:\\\/\\\/weather-radar24.com\\\/satellite-map\\\/\",\"name\":\"Satellite Map - watch satellites around the clock in real-time!\",\"isPartOf\":{\"@id\":\"https:\\\/\\\/weather-radar24.com\\\/#website\"},\"primaryImageOfPage\":{\"@id\":\"https:\\\/\\\/weather-radar24.com\\\/satellite-map\\\/#primaryimage\"},\"image\":{\"@id\":\"https:\\\/\\\/weather-radar24.com\\\/satellite-map\\\/#primaryimage\"},\"thumbnailUrl\":\"https:\\\/\\\/weather-radar24.com\\\/wp-content\\\/uploads\\\/2022\\\/08\\\/satellite-g443ef3dfb_640.jpeg\",\"datePublished\":\"2022-08-19T17:55:15+00:00\",\"dateModified\":\"2022-08-19T19:41:25+00:00\",\"description\":\"This satellite Map shows the exact position and altitude of the International Space Station (ISS) and Starlink satellites from SpaceX\",\"breadcrumb\":{\"@id\":\"https:\\\/\\\/weather-radar24.com\\\/satellite-map\\\/#breadcrumb\"},\"inLanguage\":\"fi\",\"potentialAction\":[{\"@type\":\"ReadAction\",\"target\":[\"https:\\\/\\\/weather-radar24.com\\\/satellite-map\\\/\"]}]},{\"@type\":\"ImageObject\",\"inLanguage\":\"fi\",\"@id\":\"https:\\\/\\\/weather-radar24.com\\\/satellite-map\\\/#primaryimage\",\"url\":\"https:\\\/\\\/weather-radar24.com\\\/wp-content\\\/uploads\\\/2022\\\/08\\\/satellite-g443ef3dfb_640.jpeg\",\"contentUrl\":\"https:\\\/\\\/weather-radar24.com\\\/wp-content\\\/uploads\\\/2022\\\/08\\\/satellite-g443ef3dfb_640.jpeg\",\"width\":640,\"height\":423,\"caption\":\"Satellite Map\"},{\"@type\":\"BreadcrumbList\",\"@id\":\"https:\\\/\\\/weather-radar24.com\\\/satellite-map\\\/#breadcrumb\",\"itemListElement\":[{\"@type\":\"ListItem\",\"position\":1,\"name\":\"Startseite\",\"item\":\"https:\\\/\\\/weather-radar24.com\\\/\"},{\"@type\":\"ListItem\",\"position\":2,\"name\":\"Satellite Map\"}]},{\"@type\":\"WebSite\",\"@id\":\"https:\\\/\\\/weather-radar24.com\\\/#website\",\"url\":\"https:\\\/\\\/weather-radar24.com\\\/\",\"name\":\"\",\"description\":\"\",\"potentialAction\":[{\"@type\":\"SearchAction\",\"target\":{\"@type\":\"EntryPoint\",\"urlTemplate\":\"https:\\\/\\\/weather-radar24.com\\\/?s={search_term_string}\"},\"query-input\":{\"@type\":\"PropertyValueSpecification\",\"valueRequired\":true,\"valueName\":\"search_term_string\"}}],\"inLanguage\":\"fi\"}]}<\/script>\n<!-- \/ Yoast SEO plugin. -->","yoast_head_json":{"title":"Satelliittikartta - katso satelliitteja kellon ymp\u00e4ri reaaliajassa!","description":"T\u00e4m\u00e4 satelliittikartta n\u00e4ytt\u00e4\u00e4 SpaceX:n kansainv\u00e4lisen avaruusaseman (ISS) ja Starlink-satelliittien tarkan sijainnin ja korkeuden.","robots":{"index":"index","follow":"follow","max-snippet":"max-snippet:-1","max-image-preview":"max-image-preview:large","max-video-preview":"max-video-preview:-1"},"canonical":"https:\/\/weather-radar24.com\/fi\/satelliitti-kartta\/","og_locale":"fi_FI","og_type":"article","og_title":"Satellite Map - watch satellites around the clock in real-time!","og_description":"This satellite Map shows the exact position and altitude of the International Space Station (ISS) and Starlink satellites from SpaceX","og_url":"https:\/\/weather-radar24.com\/fi\/satelliitti-kartta\/","article_modified_time":"2022-08-19T19:41:25+00:00","og_image":[{"width":640,"height":423,"url":"https:\/\/weather-radar24.com\/wp-content\/uploads\/2022\/08\/satellite-g443ef3dfb_640.jpeg","type":"image\/jpeg"}],"twitter_card":"summary_large_image","twitter_misc":{"Arvioitu lukuaika":"7 minuuttia"},"schema":{"@context":"https:\/\/schema.org","@graph":[{"@type":"WebPage","@id":"https:\/\/weather-radar24.com\/satellite-map\/","url":"https:\/\/weather-radar24.com\/satellite-map\/","name":"Satelliittikartta - katso satelliitteja kellon ymp\u00e4ri reaaliajassa!","isPartOf":{"@id":"https:\/\/weather-radar24.com\/#website"},"primaryImageOfPage":{"@id":"https:\/\/weather-radar24.com\/satellite-map\/#primaryimage"},"image":{"@id":"https:\/\/weather-radar24.com\/satellite-map\/#primaryimage"},"thumbnailUrl":"https:\/\/weather-radar24.com\/wp-content\/uploads\/2022\/08\/satellite-g443ef3dfb_640.jpeg","datePublished":"2022-08-19T17:55:15+00:00","dateModified":"2022-08-19T19:41:25+00:00","description":"T\u00e4m\u00e4 satelliittikartta n\u00e4ytt\u00e4\u00e4 SpaceX:n kansainv\u00e4lisen avaruusaseman (ISS) ja Starlink-satelliittien tarkan sijainnin ja korkeuden.","breadcrumb":{"@id":"https:\/\/weather-radar24.com\/satellite-map\/#breadcrumb"},"inLanguage":"fi","potentialAction":[{"@type":"ReadAction","target":["https:\/\/weather-radar24.com\/satellite-map\/"]}]},{"@type":"ImageObject","inLanguage":"fi","@id":"https:\/\/weather-radar24.com\/satellite-map\/#primaryimage","url":"https:\/\/weather-radar24.com\/wp-content\/uploads\/2022\/08\/satellite-g443ef3dfb_640.jpeg","contentUrl":"https:\/\/weather-radar24.com\/wp-content\/uploads\/2022\/08\/satellite-g443ef3dfb_640.jpeg","width":640,"height":423,"caption":"Satellite Map"},{"@type":"BreadcrumbList","@id":"https:\/\/weather-radar24.com\/satellite-map\/#breadcrumb","itemListElement":[{"@type":"ListItem","position":1,"name":"Startseite","item":"https:\/\/weather-radar24.com\/"},{"@type":"ListItem","position":2,"name":"Satellite Map"}]},{"@type":"WebSite","@id":"https:\/\/weather-radar24.com\/#website","url":"https:\/\/weather-radar24.com\/","name":"","description":"","potentialAction":[{"@type":"SearchAction","target":{"@type":"EntryPoint","urlTemplate":"https:\/\/weather-radar24.com\/?s={search_term_string}"},"query-input":{"@type":"PropertyValueSpecification","valueRequired":true,"valueName":"search_term_string"}}],"inLanguage":"fi"}]}},"_links":{"self":[{"href":"https:\/\/weather-radar24.com\/fi\/wp-json\/wp\/v2\/pages\/83","targetHints":{"allow":["GET"]}}],"collection":[{"href":"https:\/\/weather-radar24.com\/fi\/wp-json\/wp\/v2\/pages"}],"about":[{"href":"https:\/\/weather-radar24.com\/fi\/wp-json\/wp\/v2\/types\/page"}],"author":[{"embeddable":true,"href":"https:\/\/weather-radar24.com\/fi\/wp-json\/wp\/v2\/users\/1"}],"replies":[{"embeddable":true,"href":"https:\/\/weather-radar24.com\/fi\/wp-json\/wp\/v2\/comments?post=83"}],"version-history":[{"count":5,"href":"https:\/\/weather-radar24.com\/fi\/wp-json\/wp\/v2\/pages\/83\/revisions"}],"predecessor-version":[{"id":134,"href":"https:\/\/weather-radar24.com\/fi\/wp-json\/wp\/v2\/pages\/83\/revisions\/134"}],"wp:featuredmedia":[{"embeddable":true,"href":"https:\/\/weather-radar24.com\/fi\/wp-json\/wp\/v2\/media\/132"}],"wp:attachment":[{"href":"https:\/\/weather-radar24.com\/fi\/wp-json\/wp\/v2\/media?parent=83"}],"curies":[{"name":"wp","href":"https:\/\/api.w.org\/{rel}","templated":true}]}}