{"id":86,"date":"2022-08-19T01:26:27","date_gmt":"2022-08-18T23:26:27","guid":{"rendered":"https:\/\/weather-radar24.com\/?page_id=86"},"modified":"2022-09-07T18:02:00","modified_gmt":"2022-09-07T16:02:00","slug":"hurricane-tracker","status":"publish","type":"page","link":"https:\/\/weather-radar24.com\/fi\/hurrikaani-seuranta\/","title":{"rendered":"Hurricane Tracker"},"content":{"rendered":"<h1>Hurricane Trackerin live-kartta<\/h1>\n<p>Oletko koskaan miettinyt, miss\u00e4 viimeisimm\u00e4t hurrikaanit ovat, kuinka suuria tai voimakkaita ne voivat olla ja mihin suuntaan ne liikkuvat? Jos olet harkinnut t\u00e4t\u00e4, ainutlaatuinen hurrikaaninseurantaty\u00f6kalumme saattaa olla juuri sinun tarvitsemasi vaihtoehto. Se tarjoaa yksinkertaisen ratkaisun seurata suurimpia ja vaarallisimpia <a href=\"https:\/\/weather-radar24.com\/fi\/myrskytutka\/\">nykyiset myrskyt<\/a> ja hurrianssit!<\/p>\n<p><iframe loading=\"lazy\" src=\"https:\/\/embed.windy.com\/embed2.html?lat=36.161&amp;lon=-98.080&amp;detailLat=36.161&amp;detailLon=-98.080&amp;width=650&amp;height=450&amp;zoom=4&amp;level=surface&amp;overlay=wind&amp;product=ecmwf&amp;menu=&amp;message=true&amp;marker=&amp;calendar=24&amp;pressure=&amp;type=map&amp;location=coordinates&amp;detail=&amp;metricWind=mph&amp;metricTemp=%C2%B0F&amp;radarRange=-1\" width=\"100%\" height=\"600\" frameborder=\"0\" data-dashlane-frameid=\"404\"><\/iframe><\/p>\n<p style=\"text-align: center;\"><strong>Siirr\u00e4 karttaa l\u00f6yt\u00e4\u00e4ksesi myrskyn, jota haluat seurata.<\/strong><\/p>\n<h3>Atlantin trooppisten syklonien riski<\/h3>\n<p><img loading=\"lazy\" decoding=\"async\" class=\"aligncenter\" src=\"https:\/\/www.nhc.noaa.gov\/xgtwo\/two_atl_0d0.png?021757\" alt=\"\" width=\"900\" height=\"601\" \/><\/p>\n<h3>It\u00e4isen Tyynenmeren trooppisten syklonien riski<\/h3>\n<p><img loading=\"lazy\" decoding=\"async\" class=\"aligncenter\" src=\"https:\/\/www.nhc.noaa.gov\/xgtwo\/two_pac_0d0.png?021743\" alt=\"\" width=\"900\" height=\"601\" \/><\/p>\n<h3>Intian valtameren trooppisen myrskyn riski<\/h3>\n<p><img loading=\"lazy\" decoding=\"async\" class=\"alignnone\" src=\"https:\/\/www.metoc.navy.mil\/jtwc\/products\/abpwsair.jpg\" alt=\"Intian valtameren trooppinen s\u00e4\u00e4n\u00e4kym\u00e4 JTWC:lt\u00e4\" width=\"2100\" height=\"1500\" \/><\/p>\n<h2 class=\"p4\">Mik\u00e4 on hurrikaani?<span class=\"Apple-converted-space\">\u00a0<\/span><\/h2>\n<p class=\"p5\">Hurrikaani on yksinkertaisimmillaan myrskyj\u00e4rjestelm\u00e4, joka py\u00f6rii nopeasti keskipisteen ymp\u00e4ri, jota usein kutsutaan &quot;myrskyn silm\u00e4ksi&quot;. Hurrikaanin aikana voimakas <a href=\"https:\/\/weather-radar24.com\/fi\/tuulitutka\/\">tuuli<\/a> nopeuksiin liittyy usein huono ilmakeh\u00e4n kiertokulku ja ukkosmyrskyt.<span class=\"Apple-converted-space\">\u00a0<\/span><\/p>\n<h2 class=\"p6\">Huonoin 21<span class=\"s2\"><sup>st<\/sup><\/span> vuosisadan globaalit hurrikaanit<\/h2>\n<p class=\"p5\">Hurrikaanien vakavuus vaihtelee. Kuitenkin jotkut pahimmista ja tehokkaimmista 21<span class=\"s3\"><sup>st<\/sup><\/span> vuosisadan hurrikaaneja, jotka helliv\u00e4t maailmaa, ovat hurrikaani Lili vuonna 1996, hurrikaani Karl vuonna 2004, hurrikaani Nicola vuonna 2016, hurrikaani Olga vuonna 2001, hurrikaani Katrina vuonna 2005, hurrikaani Florence vuonna 2018 ja <a href=\"https:\/\/edition.cnn.com\/specials\/hurricane-irma\" target=\"_blank\" rel=\"noopener\">Hurrikaani Irma<\/a> vuonna 2016.<span class=\"Apple-converted-space\">\u00a0<\/span><\/p>\n<p class=\"p3\">Jokainen n\u00e4ist\u00e4 j\u00e4tti j\u00e4lkeens\u00e4 paljon tuhoa. Sellaisenaan monet ihmiset luottavat nyt hurrikaaniseurantavapaisiin ty\u00f6kaluihin suunnitellakseen seuraavia vaiheitaan (ja poistuessaan alueelta, jos paha hurrikaani on todenn\u00e4k\u00f6isesti matkalla).<\/p>\n<h3 class=\"p4\">Ilmaisen Hurricane Tracker -ty\u00f6kalumme k\u00e4ytt\u00e4minen<\/h3>\n<p class=\"p5\">Jos haluat kokeilla hurrikaaniseuranta ilmaisen reaaliaikaisen karttaty\u00f6kalun k\u00e4ytt\u00f6\u00e4, ved\u00e4 kartta kohtaan, johon haluat keskitty\u00e4. N\u00e4in voit n\u00e4hd\u00e4 tuulen nopeudet ja tuulen suunnat mill\u00e4 tahansa alueella. Vaihtoehtoisesti voit k\u00e4ytt\u00e4\u00e4 kartan pohjassa olevaa liukus\u00e4\u00e4dint\u00e4 katsoaksesi tulevaa hurrikaanikarttaennustetta, jolloin voit suunnitella etuk\u00e4teen mit\u00e4 tahansa ep\u00e4suotuisaa s\u00e4\u00e4t\u00e4!<\/p>\n<p>Tarkistaa <a href=\"https:\/\/weather-radar24.com\/fi\/\">t\u00e4ss\u00e4<\/a> nykyiseen s\u00e4\u00e4h\u00e4n.<\/p>","protected":false},"excerpt":{"rendered":"<p>Hurricane Tracker Live Map Have you ever wondered where the latest hurricanes are, how large or strong they might be, and the direction in which they\u2019re moving? If this is something you have been considering, our unique hurricane tracker free tool might be just the option you need. It provides a simple solution to keep&hellip;&nbsp;<a href=\"https:\/\/weather-radar24.com\/fi\/hurrikaani-seuranta\/\" rel=\"bookmark\">Read More &raquo;<span class=\"screen-reader-text\">Hurricane Tracker<\/span><\/a><\/p>","protected":false},"author":1,"featured_media":130,"parent":0,"menu_order":0,"comment_status":"closed","ping_status":"closed","template":"","meta":{"neve_meta_sidebar":"","neve_meta_container":"","neve_meta_enable_content_width":"off","neve_meta_content_width":100,"neve_meta_title_alignment":"","neve_meta_author_avatar":"","neve_post_elements_order":"","neve_meta_disable_header":"","neve_meta_disable_footer":"","neve_meta_disable_title":"on","neve_meta_reading_time":"","footnotes":""},"class_list":["post-86","page","type-page","status-publish","has-post-thumbnail","hentry"],"yoast_head":"<!-- This site is optimized with the Yoast SEO plugin v26.6 - https:\/\/yoast.com\/wordpress\/plugins\/seo\/ -->\n<title>Hurricane Tracker - Tornado - Typhoon, Live Map<\/title>\n<meta name=\"description\" content=\"Hurricane Tracker \u2713 Includes tracking map, live radar- Track the current wind force, wind speed and wind forecast for the next few days.\" \/>\n<meta name=\"robots\" content=\"index, follow, max-snippet:-1, max-image-preview:large, max-video-preview:-1\" \/>\n<link rel=\"canonical\" href=\"https:\/\/weather-radar24.com\/fi\/hurrikaani-seuranta\/\" \/>\n<meta property=\"og:locale\" content=\"fi_FI\" \/>\n<meta property=\"og:type\" content=\"article\" \/>\n<meta property=\"og:title\" content=\"Hurricane Tracker - Tornado - Typhoon, Live Map\" \/>\n<meta property=\"og:description\" content=\"Hurricane Tracker \u2713 Includes tracking map, live radar- Track the current wind force, wind speed and wind forecast for the next few days.\" \/>\n<meta property=\"og:url\" content=\"https:\/\/weather-radar24.com\/fi\/hurrikaani-seuranta\/\" \/>\n<meta property=\"article:modified_time\" content=\"2022-09-07T16:02:00+00:00\" \/>\n<meta property=\"og:image\" content=\"https:\/\/weather-radar24.com\/wp-content\/uploads\/2022\/08\/Bildschirmfoto-2022-08-18-um-13.15.21-1.png\" \/>\n\t<meta property=\"og:image:width\" content=\"363\" \/>\n\t<meta property=\"og:image:height\" content=\"277\" \/>\n\t<meta property=\"og:image:type\" content=\"image\/png\" \/>\n<meta name=\"twitter:card\" content=\"summary_large_image\" \/>\n<meta name=\"twitter:label1\" content=\"Arvioitu lukuaika\" \/>\n\t<meta name=\"twitter:data1\" content=\"2 minuuttia\" \/>\n<script type=\"application\/ld+json\" class=\"yoast-schema-graph\">{\"@context\":\"https:\/\/schema.org\",\"@graph\":[{\"@type\":\"WebPage\",\"@id\":\"https:\/\/weather-radar24.com\/hurricane-tracker\/\",\"url\":\"https:\/\/weather-radar24.com\/hurricane-tracker\/\",\"name\":\"Hurricane Tracker - Tornado - Typhoon, Live Map\",\"isPartOf\":{\"@id\":\"https:\/\/weather-radar24.com\/#website\"},\"primaryImageOfPage\":{\"@id\":\"https:\/\/weather-radar24.com\/hurricane-tracker\/#primaryimage\"},\"image\":{\"@id\":\"https:\/\/weather-radar24.com\/hurricane-tracker\/#primaryimage\"},\"thumbnailUrl\":\"https:\/\/weather-radar24.com\/wp-content\/uploads\/2022\/08\/Bildschirmfoto-2022-08-18-um-13.15.21-1.png\",\"datePublished\":\"2022-08-18T23:26:27+00:00\",\"dateModified\":\"2022-09-07T16:02:00+00:00\",\"description\":\"Hurricane Tracker \u2713 Includes tracking map, live radar- Track the current wind force, wind speed and wind forecast for the next few days.\",\"breadcrumb\":{\"@id\":\"https:\/\/weather-radar24.com\/hurricane-tracker\/#breadcrumb\"},\"inLanguage\":\"fi\",\"potentialAction\":[{\"@type\":\"ReadAction\",\"target\":[\"https:\/\/weather-radar24.com\/hurricane-tracker\/\"]}]},{\"@type\":\"ImageObject\",\"inLanguage\":\"fi\",\"@id\":\"https:\/\/weather-radar24.com\/hurricane-tracker\/#primaryimage\",\"url\":\"https:\/\/weather-radar24.com\/wp-content\/uploads\/2022\/08\/Bildschirmfoto-2022-08-18-um-13.15.21-1.png\",\"contentUrl\":\"https:\/\/weather-radar24.com\/wp-content\/uploads\/2022\/08\/Bildschirmfoto-2022-08-18-um-13.15.21-1.png\",\"width\":363,\"height\":277,\"caption\":\"Hurrikan-Tracker\"},{\"@type\":\"BreadcrumbList\",\"@id\":\"https:\/\/weather-radar24.com\/hurricane-tracker\/#breadcrumb\",\"itemListElement\":[{\"@type\":\"ListItem\",\"position\":1,\"name\":\"Startseite\",\"item\":\"https:\/\/weather-radar24.com\/\"},{\"@type\":\"ListItem\",\"position\":2,\"name\":\"Hurricane Tracker\"}]},{\"@type\":\"WebSite\",\"@id\":\"https:\/\/weather-radar24.com\/#website\",\"url\":\"https:\/\/weather-radar24.com\/\",\"name\":\"\",\"description\":\"\",\"potentialAction\":[{\"@type\":\"SearchAction\",\"target\":{\"@type\":\"EntryPoint\",\"urlTemplate\":\"https:\/\/weather-radar24.com\/?s={search_term_string}\"},\"query-input\":{\"@type\":\"PropertyValueSpecification\",\"valueRequired\":true,\"valueName\":\"search_term_string\"}}],\"inLanguage\":\"fi\"}]}<\/script>\n<!-- \/ Yoast SEO plugin. -->","yoast_head_json":{"title":"Hurricane Tracker - Tornado - Typhoon, live-kartta","description":"Hurricane Tracker \u2713 Sis\u00e4lt\u00e4\u00e4 seurantakartan, live-tutkan - Seuraa nykyist\u00e4 tuulenvoimaa, tuulen nopeutta ja tuuliennustetta l\u00e4hip\u00e4iville.","robots":{"index":"index","follow":"follow","max-snippet":"max-snippet:-1","max-image-preview":"max-image-preview:large","max-video-preview":"max-video-preview:-1"},"canonical":"https:\/\/weather-radar24.com\/fi\/hurrikaani-seuranta\/","og_locale":"fi_FI","og_type":"article","og_title":"Hurricane Tracker - Tornado - Typhoon, Live Map","og_description":"Hurricane Tracker \u2713 Includes tracking map, live radar- Track the current wind force, wind speed and wind forecast for the next few days.","og_url":"https:\/\/weather-radar24.com\/fi\/hurrikaani-seuranta\/","article_modified_time":"2022-09-07T16:02:00+00:00","og_image":[{"width":363,"height":277,"url":"https:\/\/weather-radar24.com\/wp-content\/uploads\/2022\/08\/Bildschirmfoto-2022-08-18-um-13.15.21-1.png","type":"image\/png"}],"twitter_card":"summary_large_image","twitter_misc":{"Arvioitu lukuaika":"2 minuuttia"},"schema":{"@context":"https:\/\/schema.org","@graph":[{"@type":"WebPage","@id":"https:\/\/weather-radar24.com\/hurricane-tracker\/","url":"https:\/\/weather-radar24.com\/hurricane-tracker\/","name":"Hurricane Tracker - Tornado - Typhoon, live-kartta","isPartOf":{"@id":"https:\/\/weather-radar24.com\/#website"},"primaryImageOfPage":{"@id":"https:\/\/weather-radar24.com\/hurricane-tracker\/#primaryimage"},"image":{"@id":"https:\/\/weather-radar24.com\/hurricane-tracker\/#primaryimage"},"thumbnailUrl":"https:\/\/weather-radar24.com\/wp-content\/uploads\/2022\/08\/Bildschirmfoto-2022-08-18-um-13.15.21-1.png","datePublished":"2022-08-18T23:26:27+00:00","dateModified":"2022-09-07T16:02:00+00:00","description":"Hurricane Tracker \u2713 Sis\u00e4lt\u00e4\u00e4 seurantakartan, live-tutkan - Seuraa nykyist\u00e4 tuulenvoimaa, tuulen nopeutta ja tuuliennustetta l\u00e4hip\u00e4iville.","breadcrumb":{"@id":"https:\/\/weather-radar24.com\/hurricane-tracker\/#breadcrumb"},"inLanguage":"fi","potentialAction":[{"@type":"ReadAction","target":["https:\/\/weather-radar24.com\/hurricane-tracker\/"]}]},{"@type":"ImageObject","inLanguage":"fi","@id":"https:\/\/weather-radar24.com\/hurricane-tracker\/#primaryimage","url":"https:\/\/weather-radar24.com\/wp-content\/uploads\/2022\/08\/Bildschirmfoto-2022-08-18-um-13.15.21-1.png","contentUrl":"https:\/\/weather-radar24.com\/wp-content\/uploads\/2022\/08\/Bildschirmfoto-2022-08-18-um-13.15.21-1.png","width":363,"height":277,"caption":"Hurrikan-Tracker"},{"@type":"BreadcrumbList","@id":"https:\/\/weather-radar24.com\/hurricane-tracker\/#breadcrumb","itemListElement":[{"@type":"ListItem","position":1,"name":"Startseite","item":"https:\/\/weather-radar24.com\/"},{"@type":"ListItem","position":2,"name":"Hurricane Tracker"}]},{"@type":"WebSite","@id":"https:\/\/weather-radar24.com\/#website","url":"https:\/\/weather-radar24.com\/","name":"","description":"","potentialAction":[{"@type":"SearchAction","target":{"@type":"EntryPoint","urlTemplate":"https:\/\/weather-radar24.com\/?s={search_term_string}"},"query-input":{"@type":"PropertyValueSpecification","valueRequired":true,"valueName":"search_term_string"}}],"inLanguage":"fi"}]}},"_links":{"self":[{"href":"https:\/\/weather-radar24.com\/fi\/wp-json\/wp\/v2\/pages\/86","targetHints":{"allow":["GET"]}}],"collection":[{"href":"https:\/\/weather-radar24.com\/fi\/wp-json\/wp\/v2\/pages"}],"about":[{"href":"https:\/\/weather-radar24.com\/fi\/wp-json\/wp\/v2\/types\/page"}],"author":[{"embeddable":true,"href":"https:\/\/weather-radar24.com\/fi\/wp-json\/wp\/v2\/users\/1"}],"replies":[{"embeddable":true,"href":"https:\/\/weather-radar24.com\/fi\/wp-json\/wp\/v2\/comments?post=86"}],"version-history":[{"count":10,"href":"https:\/\/weather-radar24.com\/fi\/wp-json\/wp\/v2\/pages\/86\/revisions"}],"predecessor-version":[{"id":207,"href":"https:\/\/weather-radar24.com\/fi\/wp-json\/wp\/v2\/pages\/86\/revisions\/207"}],"wp:featuredmedia":[{"embeddable":true,"href":"https:\/\/weather-radar24.com\/fi\/wp-json\/wp\/v2\/media\/130"}],"wp:attachment":[{"href":"https:\/\/weather-radar24.com\/fi\/wp-json\/wp\/v2\/media?parent=86"}],"curies":[{"name":"wp","href":"https:\/\/api.w.org\/{rel}","templated":true}]}}