{"id":40,"date":"2022-08-17T21:13:54","date_gmt":"2022-08-17T19:13:54","guid":{"rendered":"https:\/\/weather-radar24.com\/?page_id=40"},"modified":"2024-05-03T22:29:26","modified_gmt":"2024-05-03T20:29:26","slug":"weather-radar","status":"publish","type":"page","link":"https:\/\/weather-radar24.com\/fr\/","title":{"rendered":"Radar m\u00e9t\u00e9o"},"content":{"rendered":"<h1>Radar m\u00e9t\u00e9o en direct \u2013 Conditions m\u00e9t\u00e9orologiques actuelles<\/h1>\n<p>Que vous soyez au travail, \u00e0 l&#039;\u00e9cole ou en magasin, la m\u00e9t\u00e9o est un sujet de conversation qui nous int\u00e9resse tous. Mais comment savoir vraiment quel temps il fera ? C&#039;est bien simple : \u00e0 l&#039;aide d&#039;un radar m\u00e9t\u00e9o ! Mais qu&#039;est-ce que ce radar exactement et comment fonctionne-t-il ?<br \/>\n<iframe loading=\"lazy\" src=\"https:\/\/embed.windy.com\/embed2.html?lat=39.606&amp;lon=-97.031&amp;detailLat=49.142&amp;detailLon=9.223&amp;width=1300&amp;height=600&amp;zoom=5&amp;level=surface&amp;overlay=radar&amp;product=radar&amp;menu=&amp;message=truemarker=&amp;calendar=now&amp;pressure=&amp;type=map&amp;location=coordinates&amp;detail=&amp;metricWind=default&amp;metricTemp=default&amp;radarRange=-1\" width=\"100%\" height=\"600\" frameborder=\"0\" data-dashlane-frameid=\"1550\"><span data-mce-type=\"bookmark\" style=\"display: inline-block; width: 0px; overflow: hidden; line-height: 0;\" class=\"mce_SELRES_start\"><\/span><\/iframe><\/p>\n<h2 class=\"p1\">Qu&#039;est-ce qu&#039;un radar m\u00e9t\u00e9o en direct ?<\/h2>\n<p class=\"p1\">Les radars m\u00e9t\u00e9orologiques sont un outil essentiel que les m\u00e9t\u00e9orologues utilisent pour suivre le mouvement des pr\u00e9cipitations. En utilisant des radars, les m\u00e9t\u00e9orologues peuvent identifier les mod\u00e8les de pluie actuels et comparer les mod\u00e8les pr\u00e9c\u00e9dents aux conditions actuelles pour pr\u00e9dire l&#039;avenir.<\/p>\n<p class=\"p1\">Les radars fonctionnent en \u00e9mettant des ondes \u00e9lectromagn\u00e9tiques et en recevant leurs \u00e9chos des nuages de pr\u00e9cipitations. Le syst\u00e8me radar calcule ensuite la distance et la force des pr\u00e9cipitations en fonction du temps n\u00e9cessaire au retour de l&#039;\u00e9cho.<\/p>\n<p class=\"p1\">Les radars m\u00e9t\u00e9orologiques sont un outil indispensable pour les m\u00e9t\u00e9orologues car ils leur permettent de pr\u00e9dire le temps avec pr\u00e9cision. Les radars m\u00e9t\u00e9orologiques sont un outil indispensable pour les m\u00e9t\u00e9orologues car ils leur permettent de faire des pr\u00e9visions pr\u00e9cises sur le temps. En utilisant le radar, les m\u00e9t\u00e9orologues peuvent suivre avec pr\u00e9cision la trajectoire des pr\u00e9cipitations pour pr\u00e9dire l&#039;avenir.<\/p>\n<h2 class=\"p1\">Comment fonctionne le radar m\u00e9t\u00e9o en direct ?<\/h2>\n<p class=\"p1\">La prochaine fois que vous allumerez le radar m\u00e9t\u00e9orologique, vous vous demanderez peut-\u00eatre comment il fonctionne. La technologie derri\u00e8re le radar est assez complexe, mais nous pouvons expliquer certaines des bases. Le radar envoie un faisceau de micro-ondes qui se refl\u00e8te sur la pluie ou la neige. Le radar re\u00e7oit et traite ces r\u00e9flexions pour cr\u00e9er une image de la m\u00e9t\u00e9o actuelle.<span class=\"Apple-converted-space\">\u00a0 <\/span>L&#039;intensit\u00e9 de l&#039;image radar d\u00e9pend de la quantit\u00e9 de pr\u00e9cipitations \u2013 plus il y a de pr\u00e9cipitations, plus l&#039;image est forte. Et plus la pr\u00e9cipitation est proche, plus elle se d\u00e9place rapidement sur l&#039;image.<\/p>\n<p class=\"p1\">Mais le radar m\u00e9t\u00e9orologique n&#039;est pas parfait. Par exemple, il peut \u00eatre difficile de d\u00e9tecter des pr\u00e9cipitations l\u00e9g\u00e8res, surtout si elles sont \u00e9loign\u00e9es. Les arbres et les montagnes peuvent \u00e9galement amener le radar \u00e0 fournir une image incorrecte. Malgr\u00e9 ces limitations, le radar m\u00e9t\u00e9orologique est un outil indispensable pour les m\u00e9t\u00e9orologues pour pr\u00e9dire le mouvement des temp\u00eates de pluie et de neige.<\/p>\n<p>Should you require further real-time data from diverse radar categories such as aviation, maritime, weather, and beyond, you can access it at <a href=\"https:\/\/live-radar.org\/\" target=\"_blank\" rel=\"noopener noreferrer\">https:\/\/live-radar.org\/<\/a>.<\/p>\n<h3 class=\"p1\">Quels sont les b\u00e9n\u00e9fices?<\/h3>\n<p class=\"p1\">Le temps peut parfois \u00eatre impr\u00e9visible, entra\u00eenant avec lui un gel <a href=\"https:\/\/weather-radar24.com\/fr\/vent-radar\/\">vent<\/a> qui peut vous br\u00fbler les doigts. Ou il peut faire si chaud que vous pensez \u00eatre dans le d\u00e9sert. Avant de finaliser votre plan pour la journ\u00e9e, il est pr\u00e9f\u00e9rable de regarder la m\u00e9t\u00e9o pour vous assurer que vous portez les bons v\u00eatements pour la journ\u00e9e. Cependant, cela peut prendre du temps et vous devrez peut-\u00eatre rechercher plusieurs sites pour trouver les informations dont vous avez besoin. Un radar m\u00e9t\u00e9o est un excellent moyen de v\u00e9rifier rapidement et facilement la m\u00e9t\u00e9o actuelle ainsi que les heures ou les jours \u00e0 venir :<\/p>\n<p class=\"p1\">Les radars m\u00e9t\u00e9orologiques sont capables de collecter un large \u00e9ventail de donn\u00e9es m\u00e9t\u00e9orologiques. Cela comprend les pr\u00e9cipitations, la vitesse du vent, la direction du vent et le mouvement des nuages. Ces donn\u00e9es sont ensuite affich\u00e9es sur une carte, aidant les m\u00e9t\u00e9orologues \u00e0 mieux comprendre la m\u00e9t\u00e9o.<\/p>\n<p class=\"p1\">Les radars m\u00e9t\u00e9orologiques sont particuli\u00e8rement utiles pour pr\u00e9voir les ph\u00e9nom\u00e8nes m\u00e9t\u00e9orologiques violents. Ils peuvent aider \u00e0 identifier rapidement une temp\u00eate et prendre les pr\u00e9cautions n\u00e9cessaires pour prot\u00e9ger les personnes et les biens.<\/p>\n<h3 class=\"p1\">Que signifient les couleurs du radar m\u00e9t\u00e9o ?<\/h3>\n<p class=\"p1\">Les couleurs de la carte indiquent l&#039;intensit\u00e9 des pr\u00e9cipitations. L&#039;intensit\u00e9 de la pluie est divis\u00e9e en 5 niveaux : l\u00e9g\u00e8re, mod\u00e9r\u00e9e, forte, tr\u00e8s forte et extr\u00eamement forte. Ainsi, selon le niveau d&#039;une temp\u00eate, vous pouvez vous attendre \u00e0 des pr\u00e9cipitations d&#039;intensit\u00e9 variable. Le bleu correspond \u00e0 des pr\u00e9cipitations faibles, le vert \u00e0 mod\u00e9r\u00e9, le jaune \u00e0 fort, l&#039;orange \u00e0 tr\u00e8s fort et le rouge \u00e0 extr\u00eamement fort. Les diff\u00e9rentes couleurs de la carte sont donc un indicateur des diff\u00e9rentes intensit\u00e9s de pr\u00e9cipitations.<\/p>\n<h2 class=\"p1\">Comment une pr\u00e9vision m\u00e9t\u00e9o est-elle cr\u00e9\u00e9e ?<\/h2>\n<p class=\"p1\">L&#039;un des instruments les plus importants que les m\u00e9t\u00e9orologues utilisent pour faire une pr\u00e9vision m\u00e9t\u00e9orologique est le radar m\u00e9t\u00e9orologique. Les satellites m\u00e9t\u00e9orologiques sont un autre outil important utilis\u00e9 pour faire des pr\u00e9visions m\u00e9t\u00e9orologiques. Les satellites m\u00e9t\u00e9orologiques observent la m\u00e9t\u00e9o d&#039;en haut et peuvent voir des choses qui ne sont pas visibles depuis le sol. Ces informations sont ensuite utilis\u00e9es pour faire de meilleures pr\u00e9visions.<\/p>\n<p class=\"p1\">Lorsque vous faites une pr\u00e9vision m\u00e9t\u00e9orologique, vous devez \u00e9galement tenir compte des conditions de vent. La vitesse et la direction du vent peuvent changer rapidement et avoir un impact important sur la m\u00e9t\u00e9o. Les m\u00e9t\u00e9orologues utilisent divers instruments pour surveiller les conditions de vent, tels que des ballons m\u00e9t\u00e9orologiques et des an\u00e9mom\u00e8tres. De plus, vous devez \u00e9galement tenir compte de la couverture nuageuse. La couverture nuageuse peut affecter le temps en r\u00e9gulant la quantit\u00e9 de lumi\u00e8re solaire, de chaleur et d&#039;humidit\u00e9 qui p\u00e9n\u00e8tre dans l&#039;atmosph\u00e8re. Les m\u00e9t\u00e9orologues utilisent divers instruments pour surveiller la couverture nuageuse, comme les sondes m\u00e9t\u00e9orologiques et les radiosondes.<\/p>\n<h3 class=\"p1\">Quelle est la fiabilit\u00e9 des pr\u00e9visions\u00a0?<\/h3>\n<p class=\"p1\">Les pr\u00e9visions fournies par les radars m\u00e9t\u00e9orologiques sont assez fiables. Cependant, il est important de comprendre que le radar n&#039;est qu&#039;un outil et ne peut pas faire une pr\u00e9diction parfaite. Les pr\u00e9visions comportent toujours une certaine incertitude car le temps peut changer rapidement.<\/p>\n<h3 class=\"p1\">Pourquoi le radar m\u00e9t\u00e9o est-il souvent \u00e9teint\u00a0?<\/h3>\n<p class=\"p1\">Depuis qu&#039;Internet s&#039;est install\u00e9, les pr\u00e9visions m\u00e9t\u00e9orologiques sont \u00e9galement devenues un gros probl\u00e8me. Vous pouvez maintenant pr\u00e9voir le temps qu&#039;il fera pour les jours, les semaines et les mois \u00e0 venir. Les pr\u00e9visions sont de plus en plus pr\u00e9cises, mais le radar m\u00e9t\u00e9o est souvent \u00e0 c\u00f4t\u00e9 de la plaque. Quelle est la raison pour \u00e7a? Tout d&#039;abord, vous devez r\u00e9aliser que la m\u00e9t\u00e9o est un syst\u00e8me tr\u00e8s complexe. De nombreux facteurs jouent un r\u00f4le, de la temp\u00e9rature \u00e0 la vitesse du vent. Ces facteurs ne sont pas toujours exactement pr\u00e9visibles et peuvent changer rapidement.<\/p>\n<p class=\"p1\">C&#039;est aussi la raison pour laquelle le temps est si difficile \u00e0 pr\u00e9voir. De plus, les radars m\u00e9t\u00e9orologiques ne peuvent voir que les pr\u00e9cipitations qui se sont d\u00e9j\u00e0 produites - ils ne peuvent pas pr\u00e9dire o\u00f9 il pleuvra \u00e0 l&#039;avenir.<\/p>\n<h3 class=\"p1\">Qui utilise le radar m\u00e9t\u00e9o ?<\/h3>\n<p class=\"p1\">La m\u00e9t\u00e9o est un sujet int\u00e9ressant; de nombreuses personnes utilisent r\u00e9guli\u00e8rement le radar m\u00e9t\u00e9orologique. Mais qui utilise le radar m\u00e9t\u00e9o et pourquoi ? Un radar m\u00e9t\u00e9orologique est un outil utile qui peut \u00eatre utilis\u00e9 pour v\u00e9rifier la m\u00e9t\u00e9o actuelle et obtenir des informations sur les conditions m\u00e9t\u00e9orologiques \u00e0 venir. De nombreuses personnes qui voyagent r\u00e9guli\u00e8rement utilisent le radar m\u00e9t\u00e9orologique pour obtenir des informations sur la situation m\u00e9t\u00e9orologique actuelle. En effet, il est particuli\u00e8rement important de garder un \u0153il sur la m\u00e9t\u00e9o lorsque vous voyagez.<\/p>\n<p class=\"p1\">Le radar m\u00e9t\u00e9o peut aussi \u00eatre utile dans la vie professionnelle. Par exemple, pour les agriculteurs qui envisagent de tuer leurs champs ou pour un capitaine de navire qui doit faire attention aux hautes vagues et aux temp\u00eates. Les avions commerciaux peuvent \u00e9galement b\u00e9n\u00e9ficier du radar m\u00e9t\u00e9orologique, car ils peuvent mieux planifier quand d\u00e9coller et atterrir.<\/p>\n<h3 class=\"p1\">Quand le premier radar m\u00e9t\u00e9o a-t-il \u00e9t\u00e9 construit\u00a0?<\/h3>\n<p class=\"p1\">La premi\u00e8re station radar m\u00e9t\u00e9orologique a \u00e9t\u00e9 construite en Grande-Bretagne en 1935. Cependant, le d\u00e9veloppement du radar m\u00e9t\u00e9orologique a commenc\u00e9 bien plus t\u00f4t. En 1902, Christian H\u00fclsmeyer, un inventeur allemand, a d\u00e9couvert que <a href=\"https:\/\/science.nasa.gov\/ems\/02_anatomy\" target=\"_blank\" rel=\"noopener\">ondes \u00e9lectromagn\u00e9tiques<\/a> rebondissent sur le sol lorsqu&#039;ils frappent des gouttes de pluie.<\/p>\n<p class=\"p1\">Dans les ann\u00e9es 1920, un scientifique britannique nomm\u00e9 Robert Watson-Watt a d\u00e9velopp\u00e9 un syst\u00e8me pour d\u00e9terminer la position des avions. Ce syst\u00e8me \u00e9tait bas\u00e9 sur le m\u00eame principe que le radar m\u00e9t\u00e9orologique. Dans les ann\u00e9es 1930, le premier radar m\u00e9t\u00e9orologique est install\u00e9 en Grande-Bretagne. Au fil des ans, de plus en plus de stations radar ont \u00e9t\u00e9 construites. Aujourd&#039;hui, il existe un r\u00e9seau complet \u00e0 travers l&#039;Europe.<\/p>\n<h3 class=\"p1\">\u00c0 quoi ressemble une station radar\u00a0?<\/h3>\n<p><img loading=\"lazy\" decoding=\"async\" class=\"aligncenter wp-image-103 size-full\" src=\"https:\/\/weather-radar24.com\/wp-content\/uploads\/2022\/08\/radar-g60378e96c_640.jpeg\" alt=\"station radar\" width=\"640\" height=\"480\" srcset=\"https:\/\/weather-radar24.com\/wp-content\/uploads\/2022\/08\/radar-g60378e96c_640.jpeg 640w, https:\/\/weather-radar24.com\/wp-content\/uploads\/2022\/08\/radar-g60378e96c_640-300x225.jpeg 300w\" sizes=\"auto, (max-width: 640px) 100vw, 640px\" \/><\/p>\n<p class=\"p1\">La plupart des stations radar sont des b\u00e2timents plut\u00f4t discrets situ\u00e9s dans des zones rurales ou \u00e9loign\u00e9es. Mais \u00e0 quoi ressemble exactement une station radar ? L&#039;antenne est la chose la plus remarquable d&#039;une station radar. Il est souvent grand et peut pivoter pour balayer la zone environnante. L&#039;antenne envoie des signaux que la station re\u00e7oit ensuite.<\/p>\n<p class=\"p1\">La station elle-m\u00eame est g\u00e9n\u00e9ralement un petit b\u00e2timent \u00e9quip\u00e9 d&#039;ordinateurs et d&#039;autres \u00e9quipements. Dans certains cas, la station fait partie d&#039;un observatoire m\u00e9t\u00e9orologique plus vaste.<\/p>","protected":false},"excerpt":{"rendered":"<p>Weather radar live &#8211; Current Weather Conditions Whether you&#8217;re at work, school or shopping, the weather is a topic of conversation that interests us all. But how do you really know what the weather will be like? It\u2019s quite simple: with the help of a weather radar! But what exactly is this radar and how&hellip;&nbsp;<a href=\"https:\/\/weather-radar24.com\/fr\/\" rel=\"bookmark\">Read More &raquo;<span class=\"screen-reader-text\">Radar m\u00e9t\u00e9o<\/span><\/a><\/p>","protected":false},"author":1,"featured_media":18,"parent":0,"menu_order":0,"comment_status":"closed","ping_status":"closed","template":"","meta":{"neve_meta_sidebar":"","neve_meta_container":"","neve_meta_enable_content_width":"off","neve_meta_content_width":100,"neve_meta_title_alignment":"","neve_meta_author_avatar":"","neve_post_elements_order":"","neve_meta_disable_header":"","neve_meta_disable_footer":"","neve_meta_disable_title":"on","neve_meta_reading_time":"","footnotes":""},"class_list":["post-40","page","type-page","status-publish","has-post-thumbnail","hentry"],"yoast_head":"<!-- This site is optimized with the Yoast SEO plugin v26.6 - https:\/\/yoast.com\/wordpress\/plugins\/seo\/ -->\n<title>Weather radar live - Current Weather Conditions Map<\/title>\n<meta name=\"description\" content=\"Track the current weather conditions in real time with our weather radar! The weather map shows the forecast for rain, clouds and snowfall\" \/>\n<meta name=\"robots\" content=\"index, follow, max-snippet:-1, max-image-preview:large, max-video-preview:-1\" \/>\n<link rel=\"canonical\" href=\"https:\/\/weather-radar24.com\/fr\/\" \/>\n<meta property=\"og:locale\" content=\"fr_FR\" \/>\n<meta property=\"og:type\" content=\"article\" \/>\n<meta property=\"og:title\" content=\"Weather radar live - Current Weather Conditions Map\" \/>\n<meta property=\"og:description\" content=\"Track the current weather conditions in real time with our weather radar! The weather map shows the forecast for rain, clouds and snowfall\" \/>\n<meta property=\"og:url\" content=\"https:\/\/weather-radar24.com\/fr\/\" \/>\n<meta property=\"article:modified_time\" content=\"2024-05-03T20:29:26+00:00\" \/>\n<meta property=\"og:image\" content=\"https:\/\/weather-radar24.com\/wp-content\/uploads\/2022\/08\/weather-radar24.org_.png\" \/>\n\t<meta property=\"og:image:width\" content=\"500\" \/>\n\t<meta property=\"og:image:height\" content=\"500\" \/>\n\t<meta property=\"og:image:type\" content=\"image\/png\" \/>\n<meta name=\"twitter:card\" content=\"summary_large_image\" \/>\n<meta name=\"twitter:label1\" content=\"Dur\u00e9e de lecture estim\u00e9e\" \/>\n\t<meta name=\"twitter:data1\" content=\"6 minutes\" \/>\n<script type=\"application\/ld+json\" class=\"yoast-schema-graph\">{\"@context\":\"https:\/\/schema.org\",\"@graph\":[{\"@type\":\"WebPage\",\"@id\":\"https:\/\/weather-radar24.com\/\",\"url\":\"https:\/\/weather-radar24.com\/\",\"name\":\"Weather radar live - Current Weather Conditions Map\",\"isPartOf\":{\"@id\":\"https:\/\/weather-radar24.com\/#website\"},\"primaryImageOfPage\":{\"@id\":\"https:\/\/weather-radar24.com\/#primaryimage\"},\"image\":{\"@id\":\"https:\/\/weather-radar24.com\/#primaryimage\"},\"thumbnailUrl\":\"https:\/\/weather-radar24.com\/wp-content\/uploads\/2022\/08\/weather-radar24.org_.png\",\"datePublished\":\"2022-08-17T19:13:54+00:00\",\"dateModified\":\"2024-05-03T20:29:26+00:00\",\"description\":\"Track the current weather conditions in real time with our weather radar! The weather map shows the forecast for rain, clouds and snowfall\",\"breadcrumb\":{\"@id\":\"https:\/\/weather-radar24.com\/#breadcrumb\"},\"inLanguage\":\"fr-FR\",\"potentialAction\":[{\"@type\":\"ReadAction\",\"target\":[\"https:\/\/weather-radar24.com\/\"]}]},{\"@type\":\"ImageObject\",\"inLanguage\":\"fr-FR\",\"@id\":\"https:\/\/weather-radar24.com\/#primaryimage\",\"url\":\"https:\/\/weather-radar24.com\/wp-content\/uploads\/2022\/08\/weather-radar24.org_.png\",\"contentUrl\":\"https:\/\/weather-radar24.com\/wp-content\/uploads\/2022\/08\/weather-radar24.org_.png\",\"width\":500,\"height\":500,\"caption\":\"Weather radar\"},{\"@type\":\"BreadcrumbList\",\"@id\":\"https:\/\/weather-radar24.com\/#breadcrumb\",\"itemListElement\":[{\"@type\":\"ListItem\",\"position\":1,\"name\":\"Startseite\",\"item\":\"https:\/\/weather-radar24.com\/\"},{\"@type\":\"ListItem\",\"position\":2,\"name\":\"Weather radar\"}]},{\"@type\":\"WebSite\",\"@id\":\"https:\/\/weather-radar24.com\/#website\",\"url\":\"https:\/\/weather-radar24.com\/\",\"name\":\"\",\"description\":\"\",\"potentialAction\":[{\"@type\":\"SearchAction\",\"target\":{\"@type\":\"EntryPoint\",\"urlTemplate\":\"https:\/\/weather-radar24.com\/?s={search_term_string}\"},\"query-input\":{\"@type\":\"PropertyValueSpecification\",\"valueRequired\":true,\"valueName\":\"search_term_string\"}}],\"inLanguage\":\"fr-FR\"}]}<\/script>\n<!-- \/ Yoast SEO plugin. -->","yoast_head_json":{"title":"Radar m\u00e9t\u00e9o en direct - Carte des conditions m\u00e9t\u00e9orologiques actuelles","description":"Suivez les conditions m\u00e9t\u00e9o actuelles en temps r\u00e9el avec notre radar m\u00e9t\u00e9o ! La carte m\u00e9t\u00e9o montre les pr\u00e9visions de pluie, de nuages et de chutes de neige","robots":{"index":"index","follow":"follow","max-snippet":"max-snippet:-1","max-image-preview":"max-image-preview:large","max-video-preview":"max-video-preview:-1"},"canonical":"https:\/\/weather-radar24.com\/fr\/","og_locale":"fr_FR","og_type":"article","og_title":"Weather radar live - Current Weather Conditions Map","og_description":"Track the current weather conditions in real time with our weather radar! The weather map shows the forecast for rain, clouds and snowfall","og_url":"https:\/\/weather-radar24.com\/fr\/","article_modified_time":"2024-05-03T20:29:26+00:00","og_image":[{"width":500,"height":500,"url":"https:\/\/weather-radar24.com\/wp-content\/uploads\/2022\/08\/weather-radar24.org_.png","type":"image\/png"}],"twitter_card":"summary_large_image","twitter_misc":{"Dur\u00e9e de lecture estim\u00e9e":"6 minutes"},"schema":{"@context":"https:\/\/schema.org","@graph":[{"@type":"WebPage","@id":"https:\/\/weather-radar24.com\/","url":"https:\/\/weather-radar24.com\/","name":"Radar m\u00e9t\u00e9o en direct - Carte des conditions m\u00e9t\u00e9orologiques actuelles","isPartOf":{"@id":"https:\/\/weather-radar24.com\/#website"},"primaryImageOfPage":{"@id":"https:\/\/weather-radar24.com\/#primaryimage"},"image":{"@id":"https:\/\/weather-radar24.com\/#primaryimage"},"thumbnailUrl":"https:\/\/weather-radar24.com\/wp-content\/uploads\/2022\/08\/weather-radar24.org_.png","datePublished":"2022-08-17T19:13:54+00:00","dateModified":"2024-05-03T20:29:26+00:00","description":"Suivez les conditions m\u00e9t\u00e9o actuelles en temps r\u00e9el avec notre radar m\u00e9t\u00e9o ! La carte m\u00e9t\u00e9o montre les pr\u00e9visions de pluie, de nuages et de chutes de neige","breadcrumb":{"@id":"https:\/\/weather-radar24.com\/#breadcrumb"},"inLanguage":"fr-FR","potentialAction":[{"@type":"ReadAction","target":["https:\/\/weather-radar24.com\/"]}]},{"@type":"ImageObject","inLanguage":"fr-FR","@id":"https:\/\/weather-radar24.com\/#primaryimage","url":"https:\/\/weather-radar24.com\/wp-content\/uploads\/2022\/08\/weather-radar24.org_.png","contentUrl":"https:\/\/weather-radar24.com\/wp-content\/uploads\/2022\/08\/weather-radar24.org_.png","width":500,"height":500,"caption":"Weather radar"},{"@type":"BreadcrumbList","@id":"https:\/\/weather-radar24.com\/#breadcrumb","itemListElement":[{"@type":"ListItem","position":1,"name":"Startseite","item":"https:\/\/weather-radar24.com\/"},{"@type":"ListItem","position":2,"name":"Weather radar"}]},{"@type":"WebSite","@id":"https:\/\/weather-radar24.com\/#website","url":"https:\/\/weather-radar24.com\/","name":"","description":"","potentialAction":[{"@type":"SearchAction","target":{"@type":"EntryPoint","urlTemplate":"https:\/\/weather-radar24.com\/?s={search_term_string}"},"query-input":{"@type":"PropertyValueSpecification","valueRequired":true,"valueName":"search_term_string"}}],"inLanguage":"fr-FR"}]}},"_links":{"self":[{"href":"https:\/\/weather-radar24.com\/fr\/wp-json\/wp\/v2\/pages\/40","targetHints":{"allow":["GET"]}}],"collection":[{"href":"https:\/\/weather-radar24.com\/fr\/wp-json\/wp\/v2\/pages"}],"about":[{"href":"https:\/\/weather-radar24.com\/fr\/wp-json\/wp\/v2\/types\/page"}],"author":[{"embeddable":true,"href":"https:\/\/weather-radar24.com\/fr\/wp-json\/wp\/v2\/users\/1"}],"replies":[{"embeddable":true,"href":"https:\/\/weather-radar24.com\/fr\/wp-json\/wp\/v2\/comments?post=40"}],"version-history":[{"count":10,"href":"https:\/\/weather-radar24.com\/fr\/wp-json\/wp\/v2\/pages\/40\/revisions"}],"predecessor-version":[{"id":1024,"href":"https:\/\/weather-radar24.com\/fr\/wp-json\/wp\/v2\/pages\/40\/revisions\/1024"}],"wp:featuredmedia":[{"embeddable":true,"href":"https:\/\/weather-radar24.com\/fr\/wp-json\/wp\/v2\/media\/18"}],"wp:attachment":[{"href":"https:\/\/weather-radar24.com\/fr\/wp-json\/wp\/v2\/media?parent=40"}],"curies":[{"name":"wp","href":"https:\/\/api.w.org\/{rel}","templated":true}]}}