{"id":46,"date":"2022-08-17T21:15:08","date_gmt":"2022-08-17T19:15:08","guid":{"rendered":"https:\/\/weather-radar24.com\/?page_id=46"},"modified":"2022-09-07T17:00:18","modified_gmt":"2022-09-07T15:00:18","slug":"lightning-strike-map","status":"publish","type":"page","link":"https:\/\/weather-radar24.com\/fr\/coup-de-foudre-carte\/","title":{"rendered":"Carte des coups de foudre"},"content":{"rendered":"<h1>Carte des coups de foudre - suivez les orages actuels gr\u00e2ce \u00e0 la d\u00e9tection de la foudre<\/h1>\n<p>Beaucoup d&#039;entre nous ont entendu parler de ce ph\u00e9nom\u00e8ne m\u00e9t\u00e9orologique, mais seuls quelques-uns le comprennent vraiment. Ici, nous allons vous expliquer ce qu&#039;est exactement une Lightning Strike Map et comment elle fonctionne !<br \/>\n<iframe loading=\"lazy\" src=\"https:\/\/embed.windy.com\/embed2.html?lat=39.606&amp;lon=-97.031&amp;detailLat=49.142&amp;detailLon=9.223&amp;width=1300&amp;height=600&amp;zoom=5&amp;level=surface&amp;overlay=radar&amp;product=radar&amp;menu=&amp;message=true&amp;marker=&amp;calendar=now&amp;pressure=&amp;type=map&amp;location=coordinates&amp;detail=&amp;metricWind=default&amp;metricTemp=default&amp;radarRange=-1\" width=\"100%\" height=\"600\" frameborder=\"0\" data-dashlane-frameid=\"1610\"><span data-mce-type=\"bookmark\" style=\"display: inline-block; width: 0px; overflow: hidden; line-height: 0;\" class=\"mce_SELRES_start\"><\/span><\/iframe><\/p>\n<h2 class=\"p1\">Qu&#039;est-ce qu&#039;un radar foudre ?<\/h2>\n<p class=\"p1\">Le radar foudre est un radar sp\u00e9cialement con\u00e7u pour rechercher les orages. L&#039;invention du radar de foudre remonte \u00e0 1940, lorsque Robert Watson-Watt au Royaume-Uni a d\u00e9velopp\u00e9 le premier syst\u00e8me capable de localiser la foudre.<\/p>\n<p class=\"p1\">Le radar \u00e9tait bas\u00e9 sur le principe de la vision nocturne et \u00e9tait ainsi capable de d\u00e9tecter la foudre dans un rayon de plusieurs centaines de kilom\u00e8tres. Au cours des ann\u00e9es suivantes, le syst\u00e8me a \u00e9t\u00e9 d\u00e9velopp\u00e9 et am\u00e9lior\u00e9 de sorte qu&#039;il est aujourd&#039;hui capable de d\u00e9tecter presque tous les \u00e9clairs dans un rayon d&#039;environ 800 kilom\u00e8tres.<\/p>\n<h2 class=\"p1\">Comment fonctionne une Lightning Strike Map ?<\/h2>\n<p class=\"p1\">Si vous avez d\u00e9j\u00e0 observ\u00e9 un orage, vous avez peut-\u00eatre remarqu\u00e9 que le tonnerre survient souvent quelques secondes apr\u00e8s l&#039;\u00e9clair. Cela est d\u00fb \u00e0 la vitesse du son, qui est d&#039;environ 340 m\u00e8tres par seconde. La vitesse de la lumi\u00e8re, en revanche, est infiniment rapide.<\/p>\n<p class=\"p1\">Pour cette raison, le radar de foudre peut \u00eatre utilis\u00e9 pour d\u00e9terminer l&#039;emplacement exact de l&#039;orage. Le radar envoie un faisceau d&#039;ondes \u00e9lectromagn\u00e9tiques dans l&#039;atmosph\u00e8re et re\u00e7oit l&#039;\u00e9cho r\u00e9fl\u00e9chi par les gouttes de pluie ou les particules de glace. Sur la base du temps de parcours du signal, le radar peut calculer \u00e0 quelle distance se trouve l&#039;orage. Ainsi, un radar de foudre n&#039;est rien de plus qu&#039;un <a href=\"https:\/\/weather-radar24.com\/fr\/\">radar m\u00e9t\u00e9orologique<\/a> sp\u00e9cialement con\u00e7u pour rechercher les orages.<\/p>\n<h3 class=\"p1\">Comment une carte Lightning Strike localise-t-elle o\u00f9 la foudre frappera?<\/h3>\n<p class=\"p1\">La localisation de la foudre est la d\u00e9termination de la position de la foudre en temps r\u00e9el. La m\u00e9thode la plus courante de localisation de la foudre est la triangulation, dans laquelle trois r\u00e9cepteurs ou plus chronom\u00e8trent la frappe et envoient leurs positions \u00e0 un ordinateur central. Celui-ci calcule alors la position de la foudre. L&#039;emplacement de la foudre peut \u00e9galement \u00eatre utilis\u00e9 pour d\u00e9terminer la position des orages.<\/p>\n<p class=\"p1\">Parce que la foudre est tr\u00e8s rapide, elle ne peut souvent pas \u00eatre vue \u00e0 l&#039;\u0153il nu. Cependant, si plusieurs r\u00e9cepteurs mesurent l&#039;heure de la frappe et envoient leurs positions \u00e0 un ordinateur central, l&#039;ordinateur peut calculer la position de l&#039;orage. La d\u00e9tection de la foudre est \u00e9galement utile pour d\u00e9terminer la position de ph\u00e9nom\u00e8nes m\u00e9t\u00e9orologiques tels que <a href=\"https:\/\/weather-radar24.com\/fr\/tornade-radar\/\">tornades<\/a> ou <a href=\"https:\/\/weather-radar24.com\/fr\/hurrikan-tracker\/\">ouragans<\/a>. Parce que ces ph\u00e9nom\u00e8nes sont tr\u00e8s rapides, ils sont souvent invisibles \u00e0 l&#039;\u0153il nu. Cependant, si plusieurs r\u00e9cepteurs mesurent le temps d&#039;impact et envoient leurs positions \u00e0 un ordinateur central, l&#039;ordinateur peut calculer la position du ph\u00e9nom\u00e8ne.<\/p>\n<h3 class=\"p1\">Comment se produit la foudre ?<\/h3>\n<p class=\"p1\">La foudre est une d\u00e9charge \u00e9lectrique qui se produit entre les nuages ou entre un <a href=\"https:\/\/weather-radar24.com\/fr\/carte-de-couverture-nuageuse\/\">nuage<\/a> et la terre. La plupart des \u00e9clairs se produisent lorsque des cumulonimbus (nuages orageux) se forment. Dans ces nuages, l&#039;air est tr\u00e8s humide et des courants ascendants se produisent. Les courants ascendants font monter les nuages de plus en plus haut jusqu&#039;\u00e0 ce qu&#039;ils atteignent leur limite. Lorsque le nuage atteint cette limite, la foudre peut \u00eatre \u00e9mise vers le bas.<\/p>\n<h3>Qu&#039;est-ce que le tonnerre\u00a0?<\/h3>\n<p>Le tonnerre est caus\u00e9 par la chaleur extr\u00eame associ\u00e9e \u00e0 l&#039;\u00e9clair. En moins d&#039;une seconde, l&#039;air est chauff\u00e9 \u00e0 15 000 \u00e0 60 000 F. Lorsque l&#039;air est chauff\u00e9 \u00e0 une temp\u00e9rature aussi \u00e9lev\u00e9e, il se dilate rapidement (&quot;explose&quot;) puis se contracte. C&#039;est cette expansion\/contraction rapide des mol\u00e9cules d&#039;air qui provoque les ondes sonores que nous \u201d<\/p>\n<h3 class=\"p1\">Combien de volts un \u00e9clair normal a-t-il\u00a0?<\/h3>\n<p class=\"p1\">Beaucoup de gens se demandent combien de volts un \u00e9clair normal a. En fait, c&#039;est difficile \u00e0 dire car il n&#039;y a pas de foudre \u00ab normale \u00bb. <a href=\"https:\/\/www.windpowerengineering.com\/how-much-power-in-a-bolt-of-lightning\/\" target=\"_blank\" rel=\"noopener\">La tension des coups de foudre<\/a> varie consid\u00e9rablement et d\u00e9pend de nombreux facteurs, tels que la hauteur de l&#039;orage, le nombre de nuages et le type de sol. Cependant, la tension est g\u00e9n\u00e9ralement comprise entre 100 millions et 1 milliard de volts.<\/p>\n<h3 class=\"p1\">Quels sont les diff\u00e9rents types de foudre ?<\/h3>\n<p class=\"p1\">La foudre peut \u00eatre divis\u00e9e en plusieurs cat\u00e9gories, selon sa forme et sa structure. Les types d&#039;\u00e9clairs les plus courants sont les \u00e9clairs nuage-sol, les \u00e9clairs d&#039;orage et les \u00e9clairs m\u00e9t\u00e9orologiques.<\/p>\n<h3 class=\"p1\">Quelle est la temp\u00e9rature moyenne de la foudre\u00a0?<\/h3>\n<p class=\"p1\">Si vous vous \u00eates d\u00e9j\u00e0 demand\u00e9 \u00e0 quel point la foudre est chaude, vous n&#039;\u00eates pas seul. Cependant, les experts s&#039;accordent \u00e0 dire que la temp\u00e9rature de la foudre est d&#039;environ 30 000 degr\u00e9s Fahrenheit. C&#039;est environ cinq fois plus chaud que la surface du soleil !<\/p>\n<h3>Qu&#039;est-ce que la foudre frappe habituellement\u00a0?<\/h3>\n<p>La foudre provient d&#039;un cumulonimbus parent. Ces nuages d&#039;orage se forment partout o\u00f9 il y a suffisamment de mouvement ascendant, d&#039;instabilit\u00e9 verticale et d&#039;humidit\u00e9 pour produire un nuage profond qui atteint des niveaux un peu plus froids que le point de cong\u00e9lation.<\/p>\n<p>Ces conditions sont le plus souvent rencontr\u00e9es en \u00e9t\u00e9. En g\u00e9n\u00e9ral, le continent am\u00e9ricain a une quantit\u00e9 d\u00e9croissante d&#039;\u00e9clairs vers le nord-ouest. Sur toute l&#039;ann\u00e9e, la fr\u00e9quence la plus \u00e9lev\u00e9e d&#039;\u00e9clairs nuage-sol se situe en Floride, entre Tampa et Orlando. Cela est d\u00fb \u00e0 la pr\u00e9sence, plusieurs jours de l&#039;ann\u00e9e, d&#039;une forte humidit\u00e9 dans l&#039;atmosph\u00e8re \u00e0 des niveaux bas (inf\u00e9rieurs \u00e0 5 000 pieds), ainsi qu&#039;\u00e0 des temp\u00e9ratures de surface \u00e9lev\u00e9es qui produisent de fortes brises marines le long des c\u00f4tes de la Floride.<\/p>\n<p>Les montagnes de l&#039;ouest des \u00c9tats-Unis produisent \u00e9galement de forts mouvements ascendants et contribuent \u00e0 de fr\u00e9quents \u00e9clairs nuage-sol. Il existe \u00e9galement des fr\u00e9quences \u00e9lev\u00e9es le long de la c\u00f4te du golfe du Mexique vers l&#039;ouest jusqu&#039;au Texas, la c\u00f4te atlantique dans le sud-est des \u00c9tats-Unis et \u00e0 l&#039;int\u00e9rieur du golfe. Les r\u00e9gions le long de la c\u00f4te ouest du Pacifique ont le moins d&#039;\u00e9clairs nuage-sol.<\/p>\n<p>Les \u00e9clairs qui ne frappent pas la surface sont appel\u00e9s \u00e9clairs nuageux. Ils peuvent se trouver \u00e0 l&#039;int\u00e9rieur d&#039;un nuage, voyager d&#039;une partie d&#039;un nuage \u00e0 une autre ou d&#039;un nuage \u00e0 l&#039;air.<\/p>\n<h3 class=\"p1\">O\u00f9 la foudre se produit-elle le plus souvent dans le monde\u00a0?<\/h3>\n<p class=\"p1\">En principe, la densit\u00e9 de foudre la plus \u00e9lev\u00e9e se produit l\u00e0 o\u00f9 les masses d&#039;air chaud et froid se rencontrent, c&#039;est-\u00e0-dire dans les r\u00e9gions c\u00f4ti\u00e8res des tropiques. Cependant, si nous ne regardons pas la terre enti\u00e8re, mais nous limitons aux zones terrestres, l&#039;Am\u00e9rique du Sud est en t\u00eate \u2013 et de loin.<\/p>\n<h3 class=\"p1\">Peut-il y avoir des \u00e9clairs sans tonnerre ?<\/h3>\n<p class=\"p1\">Beaucoup de gens pensent qu&#039;il tonne toujours quand il y a des \u00e9clairs. Mais ce n&#039;est pas toujours vrai ! Il peut aussi arriver qu&#039;il clignote sans tonner. Souvent, vous ne pouvez pas entendre le tonnerre si la foudre est particuli\u00e8rement \u00e9loign\u00e9e.<span class=\"Apple-converted-space\">\u00a0 <\/span>L&#039;air est tout simplement trop \u00e9pais pour que le son se propage bien.<\/p>\n<h3>La foudre peut-elle \u00eatre d\u00e9tect\u00e9e ?<\/h3>\n<p>Depuis les ann\u00e9es 1980, les \u00e9clairs nuage-sol ont \u00e9t\u00e9 d\u00e9tect\u00e9s et cartographi\u00e9s en temps r\u00e9el sur l&#039;ensemble des \u00c9tats-Unis par plusieurs r\u00e9seaux. Des flashs ont \u00e9galement \u00e9t\u00e9 d\u00e9tect\u00e9s depuis l&#039;espace au cours des derni\u00e8res ann\u00e9es par un capteur optique. Ce satellite exp\u00e9rimental couvre la terre deux fois par jour dans les r\u00e9gions tropicales. Le satellite d\u00e9tecte \u00e9galement les \u00e9clairs qui ne touchent pas le sol, mais ne peut pas faire la diff\u00e9rence entre les impacts au sol et les \u00e9clairs de nuages.<\/p>\n<h3 class=\"p1\">\u00c0 quel point la foudre est-elle dangereuse\u00a0?<\/h3>\n<p class=\"p1\">La foudre est l&#039;une des forces les plus dangereuses de la nature. Chaque ann\u00e9e, 24 000 personnes en moyenne meurent \u00e0 la suite d&#039;un contact direct ou indirect avec un coup de foudre. Cependant, le risque d&#039;\u00eatre frapp\u00e9 par la foudre est relativement faible.<\/p>\n<h3>Quels types de dommages la foudre peut-elle causer\u00a0?<\/h3>\n<p>La foudre nuage-sol peut tuer ou blesser des personnes par des moyens directs ou indirects. Le courant de foudre peut bifurquer vers une personne \u00e0 partir d&#039;un arbre, d&#039;une cl\u00f4ture, d&#039;un poteau ou d&#039;un autre objet haut. On ne sait pas si toutes les personnes sont tu\u00e9es qui sont directement frapp\u00e9es par le flash lui-m\u00eame. De plus, les flashs peuvent conduire leur courant \u00e0 travers le sol jusqu&#039;\u00e0 une personne apr\u00e8s que le flash a heurt\u00e9 un arbre, une antenne ou un autre objet de grande taille \u00e0 proximit\u00e9. Le courant peut \u00e9galement traverser des lignes \u00e9lectriques ou t\u00e9l\u00e9phoniques ou des tuyaux de plomberie jusqu&#039;\u00e0 une personne qui est en contact avec un appareil \u00e9lectrique, un t\u00e9l\u00e9phone ou un appareil de plomberie.<\/p>\n<p>De m\u00eame, des objets peuvent \u00eatre directement frapp\u00e9s et cet impact peut entra\u00eener une explosion, une br\u00fblure ou une destruction totale. Ou encore, les dommages peuvent \u00eatre indirects lorsque le courant le traverse ou s&#039;en approche. Parfois, le courant peut p\u00e9n\u00e9trer dans un b\u00e2timent et \u00eatre transf\u00e9r\u00e9 \u00e0 travers des fils ou de la plomberie et endommager tout sur son passage. De m\u00eame, dans les zones urbaines, il peut heurter un poteau ou un arbre et le courant se d\u00e9place ensuite vers plusieurs maisons et autres structures voisines et y p\u00e9n\u00e8tre par le c\u00e2blage ou la plomberie.<\/p>\n<h3>Qu&#039;est-ce qui cause la foudre\u00a0?<\/h3>\n<p>La foudre provient d&#039;environ 15 000 \u00e0 25 000 pieds au-dessus du niveau de la mer lorsque les gouttes de pluie sont transport\u00e9es vers le haut jusqu&#039;\u00e0 ce que certaines d&#039;entre elles se transforment en glace. Pour des raisons qui ne sont pas largement accept\u00e9es, un \u00e9clair nuage-sol prend naissance dans cette r\u00e9gion mixte d&#039;eau et de glace. La charge se d\u00e9place ensuite vers le bas dans des sections de 50 m\u00e8tres appel\u00e9es step leaders. Il continue de se d\u00e9placer vers le sol au cours de ces \u00e9tapes et produit un canal le long duquel la charge est d\u00e9pos\u00e9e. Finalement, il rencontre quelque chose au sol qui est une bonne connexion. Le circuit est complet \u00e0 ce moment-l\u00e0 et la charge est abaiss\u00e9e du nuage au sol.<\/p>\n<p>Le flux de charge (courant) produit une luminosit\u00e9 beaucoup plus brillante que la partie qui est descendue. Cet \u00e9v\u00e9nement entier prend g\u00e9n\u00e9ralement moins d&#039;une demi-seconde.<\/p>","protected":false},"excerpt":{"rendered":"<p>Lightning strike map &#8211; track current thunderstorms by lightning detection Many of us have heard of this weather phenomenon, but only a few really understand it. Here we will explain what exactly a lightning Strike Map is and how it works! \ufeff What is a lightning radar? Lightning radar is a radar specifically designed to&hellip;&nbsp;<a href=\"https:\/\/weather-radar24.com\/fr\/coup-de-foudre-carte\/\" rel=\"bookmark\">Read More &raquo;<span class=\"screen-reader-text\">Carte des coups de foudre<\/span><\/a><\/p>","protected":false},"author":1,"featured_media":124,"parent":0,"menu_order":0,"comment_status":"closed","ping_status":"closed","template":"","meta":{"neve_meta_sidebar":"","neve_meta_container":"","neve_meta_enable_content_width":"off","neve_meta_content_width":100,"neve_meta_title_alignment":"","neve_meta_author_avatar":"","neve_post_elements_order":"","neve_meta_disable_header":"","neve_meta_disable_footer":"","neve_meta_disable_title":"on","neve_meta_reading_time":"","footnotes":""},"class_list":["post-46","page","type-page","status-publish","has-post-thumbnail","hentry"],"yoast_head":"<!-- This site is optimized with the Yoast SEO plugin v26.6 - https:\/\/yoast.com\/wordpress\/plugins\/seo\/ -->\n<title>Lightning strike map - current thunderstorms by lightning detection<\/title>\n<meta name=\"description\" content=\"Follow lightning strikes Worldwide in real time! The lightning radar with live location \u2713 thunderstorm forecast \u2713 lightning location\" \/>\n<meta name=\"robots\" content=\"index, follow, max-snippet:-1, max-image-preview:large, max-video-preview:-1\" \/>\n<link rel=\"canonical\" href=\"https:\/\/weather-radar24.com\/fr\/coup-de-foudre-carte\/\" \/>\n<meta property=\"og:locale\" content=\"fr_FR\" \/>\n<meta property=\"og:type\" content=\"article\" \/>\n<meta property=\"og:title\" content=\"Lightning strike map - current thunderstorms by lightning detection\" \/>\n<meta property=\"og:description\" content=\"Follow lightning strikes Worldwide in real time! The lightning radar with live location \u2713 thunderstorm forecast \u2713 lightning location\" \/>\n<meta property=\"og:url\" content=\"https:\/\/weather-radar24.com\/fr\/coup-de-foudre-carte\/\" \/>\n<meta property=\"article:modified_time\" content=\"2022-09-07T15:00:18+00:00\" \/>\n<meta property=\"og:image\" content=\"https:\/\/weather-radar24.com\/wp-content\/uploads\/2022\/08\/Bildschirmfoto-2022-08-17-um-22.05.14.png\" \/>\n\t<meta property=\"og:image:width\" content=\"358\" \/>\n\t<meta property=\"og:image:height\" content=\"262\" \/>\n\t<meta property=\"og:image:type\" content=\"image\/png\" \/>\n<meta name=\"twitter:card\" content=\"summary_large_image\" \/>\n<meta name=\"twitter:label1\" content=\"Dur\u00e9e de lecture estim\u00e9e\" \/>\n\t<meta name=\"twitter:data1\" content=\"7 minutes\" \/>\n<script type=\"application\/ld+json\" class=\"yoast-schema-graph\">{\"@context\":\"https:\/\/schema.org\",\"@graph\":[{\"@type\":\"WebPage\",\"@id\":\"https:\/\/weather-radar24.com\/lightning-strike-map\/\",\"url\":\"https:\/\/weather-radar24.com\/lightning-strike-map\/\",\"name\":\"Lightning strike map - current thunderstorms by lightning detection\",\"isPartOf\":{\"@id\":\"https:\/\/weather-radar24.com\/#website\"},\"primaryImageOfPage\":{\"@id\":\"https:\/\/weather-radar24.com\/lightning-strike-map\/#primaryimage\"},\"image\":{\"@id\":\"https:\/\/weather-radar24.com\/lightning-strike-map\/#primaryimage\"},\"thumbnailUrl\":\"https:\/\/weather-radar24.com\/wp-content\/uploads\/2022\/08\/Bildschirmfoto-2022-08-17-um-22.05.14.png\",\"datePublished\":\"2022-08-17T19:15:08+00:00\",\"dateModified\":\"2022-09-07T15:00:18+00:00\",\"description\":\"Follow lightning strikes Worldwide in real time! The lightning radar with live location \u2713 thunderstorm forecast \u2713 lightning location\",\"breadcrumb\":{\"@id\":\"https:\/\/weather-radar24.com\/lightning-strike-map\/#breadcrumb\"},\"inLanguage\":\"fr-FR\",\"potentialAction\":[{\"@type\":\"ReadAction\",\"target\":[\"https:\/\/weather-radar24.com\/lightning-strike-map\/\"]}]},{\"@type\":\"ImageObject\",\"inLanguage\":\"fr-FR\",\"@id\":\"https:\/\/weather-radar24.com\/lightning-strike-map\/#primaryimage\",\"url\":\"https:\/\/weather-radar24.com\/wp-content\/uploads\/2022\/08\/Bildschirmfoto-2022-08-17-um-22.05.14.png\",\"contentUrl\":\"https:\/\/weather-radar24.com\/wp-content\/uploads\/2022\/08\/Bildschirmfoto-2022-08-17-um-22.05.14.png\",\"width\":358,\"height\":262,\"caption\":\"Lightning strike map\"},{\"@type\":\"BreadcrumbList\",\"@id\":\"https:\/\/weather-radar24.com\/lightning-strike-map\/#breadcrumb\",\"itemListElement\":[{\"@type\":\"ListItem\",\"position\":1,\"name\":\"Startseite\",\"item\":\"https:\/\/weather-radar24.com\/\"},{\"@type\":\"ListItem\",\"position\":2,\"name\":\"Lightning strike map\"}]},{\"@type\":\"WebSite\",\"@id\":\"https:\/\/weather-radar24.com\/#website\",\"url\":\"https:\/\/weather-radar24.com\/\",\"name\":\"\",\"description\":\"\",\"potentialAction\":[{\"@type\":\"SearchAction\",\"target\":{\"@type\":\"EntryPoint\",\"urlTemplate\":\"https:\/\/weather-radar24.com\/?s={search_term_string}\"},\"query-input\":{\"@type\":\"PropertyValueSpecification\",\"valueRequired\":true,\"valueName\":\"search_term_string\"}}],\"inLanguage\":\"fr-FR\"}]}<\/script>\n<!-- \/ Yoast SEO plugin. -->","yoast_head_json":{"title":"Carte des coups de foudre - orages actuels par d\u00e9tection de la foudre","description":"Suivez les coups de foudre dans le monde entier en temps r\u00e9el\u00a0! Le radar de foudre avec emplacement en direct \u2713 pr\u00e9vision d&#039;orage \u2713 emplacement de la foudre","robots":{"index":"index","follow":"follow","max-snippet":"max-snippet:-1","max-image-preview":"max-image-preview:large","max-video-preview":"max-video-preview:-1"},"canonical":"https:\/\/weather-radar24.com\/fr\/coup-de-foudre-carte\/","og_locale":"fr_FR","og_type":"article","og_title":"Lightning strike map - current thunderstorms by lightning detection","og_description":"Follow lightning strikes Worldwide in real time! The lightning radar with live location \u2713 thunderstorm forecast \u2713 lightning location","og_url":"https:\/\/weather-radar24.com\/fr\/coup-de-foudre-carte\/","article_modified_time":"2022-09-07T15:00:18+00:00","og_image":[{"width":358,"height":262,"url":"https:\/\/weather-radar24.com\/wp-content\/uploads\/2022\/08\/Bildschirmfoto-2022-08-17-um-22.05.14.png","type":"image\/png"}],"twitter_card":"summary_large_image","twitter_misc":{"Dur\u00e9e de lecture estim\u00e9e":"7 minutes"},"schema":{"@context":"https:\/\/schema.org","@graph":[{"@type":"WebPage","@id":"https:\/\/weather-radar24.com\/lightning-strike-map\/","url":"https:\/\/weather-radar24.com\/lightning-strike-map\/","name":"Carte des coups de foudre - orages actuels par d\u00e9tection de la foudre","isPartOf":{"@id":"https:\/\/weather-radar24.com\/#website"},"primaryImageOfPage":{"@id":"https:\/\/weather-radar24.com\/lightning-strike-map\/#primaryimage"},"image":{"@id":"https:\/\/weather-radar24.com\/lightning-strike-map\/#primaryimage"},"thumbnailUrl":"https:\/\/weather-radar24.com\/wp-content\/uploads\/2022\/08\/Bildschirmfoto-2022-08-17-um-22.05.14.png","datePublished":"2022-08-17T19:15:08+00:00","dateModified":"2022-09-07T15:00:18+00:00","description":"Suivez les coups de foudre dans le monde entier en temps r\u00e9el\u00a0! Le radar de foudre avec emplacement en direct \u2713 pr\u00e9vision d&#039;orage \u2713 emplacement de la foudre","breadcrumb":{"@id":"https:\/\/weather-radar24.com\/lightning-strike-map\/#breadcrumb"},"inLanguage":"fr-FR","potentialAction":[{"@type":"ReadAction","target":["https:\/\/weather-radar24.com\/lightning-strike-map\/"]}]},{"@type":"ImageObject","inLanguage":"fr-FR","@id":"https:\/\/weather-radar24.com\/lightning-strike-map\/#primaryimage","url":"https:\/\/weather-radar24.com\/wp-content\/uploads\/2022\/08\/Bildschirmfoto-2022-08-17-um-22.05.14.png","contentUrl":"https:\/\/weather-radar24.com\/wp-content\/uploads\/2022\/08\/Bildschirmfoto-2022-08-17-um-22.05.14.png","width":358,"height":262,"caption":"Lightning strike map"},{"@type":"BreadcrumbList","@id":"https:\/\/weather-radar24.com\/lightning-strike-map\/#breadcrumb","itemListElement":[{"@type":"ListItem","position":1,"name":"Startseite","item":"https:\/\/weather-radar24.com\/"},{"@type":"ListItem","position":2,"name":"Lightning strike map"}]},{"@type":"WebSite","@id":"https:\/\/weather-radar24.com\/#website","url":"https:\/\/weather-radar24.com\/","name":"","description":"","potentialAction":[{"@type":"SearchAction","target":{"@type":"EntryPoint","urlTemplate":"https:\/\/weather-radar24.com\/?s={search_term_string}"},"query-input":{"@type":"PropertyValueSpecification","valueRequired":true,"valueName":"search_term_string"}}],"inLanguage":"fr-FR"}]}},"_links":{"self":[{"href":"https:\/\/weather-radar24.com\/fr\/wp-json\/wp\/v2\/pages\/46","targetHints":{"allow":["GET"]}}],"collection":[{"href":"https:\/\/weather-radar24.com\/fr\/wp-json\/wp\/v2\/pages"}],"about":[{"href":"https:\/\/weather-radar24.com\/fr\/wp-json\/wp\/v2\/types\/page"}],"author":[{"embeddable":true,"href":"https:\/\/weather-radar24.com\/fr\/wp-json\/wp\/v2\/users\/1"}],"replies":[{"embeddable":true,"href":"https:\/\/weather-radar24.com\/fr\/wp-json\/wp\/v2\/comments?post=46"}],"version-history":[{"count":8,"href":"https:\/\/weather-radar24.com\/fr\/wp-json\/wp\/v2\/pages\/46\/revisions"}],"predecessor-version":[{"id":210,"href":"https:\/\/weather-radar24.com\/fr\/wp-json\/wp\/v2\/pages\/46\/revisions\/210"}],"wp:featuredmedia":[{"embeddable":true,"href":"https:\/\/weather-radar24.com\/fr\/wp-json\/wp\/v2\/media\/124"}],"wp:attachment":[{"href":"https:\/\/weather-radar24.com\/fr\/wp-json\/wp\/v2\/media?parent=46"}],"curies":[{"name":"wp","href":"https:\/\/api.w.org\/{rel}","templated":true}]}}