{"id":50,"date":"2022-08-17T21:15:47","date_gmt":"2022-08-17T19:15:47","guid":{"rendered":"https:\/\/weather-radar24.com\/?page_id=50"},"modified":"2022-09-03T18:53:09","modified_gmt":"2022-09-03T16:53:09","slug":"snow-cover-map","status":"publish","type":"page","link":"https:\/\/weather-radar24.com\/fr\/carte-denneigement\/","title":{"rendered":"Carte d&#039;enneigement"},"content":{"rendered":"<h1>Carte d&#039;enneigement en direct \u2013 pr\u00e9visions d&#039;enneigement actuelles<\/h1>\n<p>Une carte d&#039;enneigement est un outil indispensable pour tous ceux qui veulent se pr\u00e9parer \u00e0 la poudrerie. Nous vous expliquerons comment cela fonctionne et tout ce dont vous devez \u00eatre conscient !<br \/>\n<iframe loading=\"lazy\" src=\"https:\/\/embed.windy.com\/embed2.html?lat=39.606&amp;lon=-97.031&amp;detailLat=49.142&amp;detailLon=9.223&amp;width=1300&amp;height=600&amp;zoom=6&amp;level=surface&amp;overlay=rain&amp;product=ecmwf&amp;menu=&amp;message=true&amp;marker=&amp;calendar=now&amp;pressure=&amp;type=map&amp;location=coordinates&amp;detail=&amp;metricWind=default&amp;metricTemp=default&amp;radarRange=-1\" width=\"100%\" height=\"600\" frameborder=\"0\" data-dashlane-frameid=\"1660\"><\/iframe><\/p>\n<p class=\"p1\">\n<h2 class=\"p1\">Qu&#039;est-ce qu&#039;une carte d&#039;enneigement ?<\/h2>\n<p class=\"p1\">Une carte de la couverture neigeuse est un outil important pour am\u00e9liorer les pr\u00e9visions de neige. Il peut aider \u00e0 suivre le mouvement de <a href=\"https:\/\/scijinks.gov\/snowflakes\/\" target=\"_blank\" rel=\"noopener\">flocons de neige<\/a> pr\u00e9voir la quantit\u00e9 de neige. Cependant, pour bien l&#039;utiliser, il faut savoir le lire.<\/p>\n<p class=\"p1\">La carte d&#039;enneigement affiche l&#039;intensit\u00e9 des chutes de neige en diff\u00e9rentes couleurs. Les couleurs vont du jaune au rouge, ce qui signifie que les chutes de neige sont tr\u00e8s denses. Les points noirs sur la carte signifient qu&#039;il n&#039;y a pas de chute de neige. Quand on regarde le <a href=\"https:\/\/weather-radar24.com\/fr\/\">radar m\u00e9t\u00e9orologique<\/a>, vous devez \u00e9galement faire attention \u00e0 la direction du vent. La direction du vent peut vous aider \u00e0 pr\u00e9voir le mouvement des flocons de neige. Si le vent vient du nord, cela signifie que la neige tombera en direction du sud. Si la <a href=\"https:\/\/weather-radar24.com\/fr\/vent-radar\/\">vent<\/a> vient du sud, cela signifie que la neige tombera vers le nord.<\/p>\n<p class=\"p1\">La carte d&#039;enneigement est un outil utile, mais il est important de savoir l&#039;interpr\u00e9ter correctement. Ce n&#039;est qu&#039;alors que vous pourrez faire les meilleures pr\u00e9visions possibles.<\/p>\n<h2 class=\"p1\">Comment fonctionne la carte d&#039;enneigement ?<\/h2>\n<p class=\"p1\">Une carte d&#039;enneigement est un outil utilis\u00e9 pour pr\u00e9voir les pr\u00e9cipitations, en particulier la neige. La carte de neige fonctionne en envoyant des ondes radio dans l&#039;atmosph\u00e8re et en suivant les signaux r\u00e9fl\u00e9chis. L&#039;intensit\u00e9 des signaux r\u00e9fl\u00e9chis varie en fonction du nombre de gouttelettes d&#039;eau ou de cristaux de neige qui frappent le faisceau radar. Par cons\u00e9quent, la carte de la couverture de neige peut pr\u00e9dire les quantit\u00e9s de pr\u00e9cipitations en mesurant l&#039;intensit\u00e9 des signaux r\u00e9fl\u00e9chis.<\/p>\n<p class=\"p1\">Plus le signal est fort, plus la probabilit\u00e9 de fortes pr\u00e9cipitations est \u00e9lev\u00e9e. Sur la base de ces mesures, les m\u00e9t\u00e9orologues peuvent faire des pr\u00e9dictions sur le type et la quantit\u00e9 de pr\u00e9cipitations qui tomberont dans une zone donn\u00e9e.<\/p>\n<h3 class=\"p1\">Quand va-t-il commencer \u00e0 neiger\u00a0?<\/h3>\n<p class=\"p1\">Si vous avez suivi les derniers bulletins m\u00e9t\u00e9orologiques, vous avez probablement remarqu\u00e9 qu&#039;il neigeait plus fr\u00e9quemment ces derniers temps. Les chutes de neige sont rares dans la plupart des r\u00e9gions et les gens sont curieux de savoir quand il commencera \u00e0 neiger. La v\u00e9rit\u00e9 est qu&#039;il n&#039;y a pas de r\u00e9ponse exacte car de nombreux facteurs influencent les chutes de neige.<\/p>\n<p class=\"p1\">Cependant, certains facteurs peuvent affecter l&#039;heure exacte des chutes de neige. L&#039;un des facteurs les plus importants est l&#039;humidit\u00e9. Plus l&#039;humidit\u00e9 est \u00e9lev\u00e9e, plus la vapeur d&#039;eau risque de se condenser dans<span class=\"Apple-converted-space\">\u00a0<\/span>l&#039;air et forment des cristaux de neige.<\/p>\n<h3 class=\"p1\">O\u00f9 neige-t-il le plus ?<\/h3>\n<p class=\"p1\">Un sommet de 4 671 m\u00e8tres \u00e0 la fronti\u00e8re de la province canadienne de la Colombie-Britannique avec l&#039;\u00c9tat am\u00e9ricain de l&#039;Alaska est non seulement probablement la montagne la plus mal nomm\u00e9e au monde, mais aussi potentiellement l&#039;endroit le plus enneig\u00e9 sur terre : le mont Fairweather - la montagne Fairweather.<\/p>\n<p class=\"p1\">Les cartes des pr\u00e9cipitations montrent 7 000 \u00e0 18 000 millim\u00e8tres de pr\u00e9cipitations annuelles pour les r\u00e9gions les plus \u00e9lev\u00e9es, soit jusqu&#039;\u00e0 49 millim\u00e8tres par jour ; et qui tombe enti\u00e8rement sous forme de neige l\u00e0-haut. Selon le sch\u00e9ma de conversion habituel, qui suppose un centim\u00e8tre de neige par millim\u00e8tre de pr\u00e9cipitations, cela se traduit par jusqu&#039;\u00e0 180 m\u00e8tres de chutes de neige annuelles accumul\u00e9es. Le seul probl\u00e8me est qu&#039;il n&#039;y a pas de remont\u00e9es m\u00e9caniques dans la r\u00e9gion \u00e9loign\u00e9e de Wrangell-St. Monts Elias.<\/p>","protected":false},"excerpt":{"rendered":"<p>Carte d&#039;enneigement Live \u2013 pr\u00e9visions d&#039;enneigement actuelles Une carte d&#039;enneigement est un outil indispensable pour tous ceux qui veulent se pr\u00e9parer \u00e0 la poudrerie. Nous vous expliquerons comment cela fonctionne et tout ce dont vous devez \u00eatre conscient ! Qu&#039;est-ce qu&#039;une carte d&#039;enneigement ? Une carte d\u2019enneigement est un outil important pour\u2026&nbsp;<a href=\"https:\/\/weather-radar24.com\/fr\/carte-denneigement\/\" rel=\"bookmark\">Read More &raquo;<span class=\"screen-reader-text\">Carte d&#039;enneigement<\/span><\/a><\/p>","protected":false},"author":1,"featured_media":117,"parent":0,"menu_order":0,"comment_status":"closed","ping_status":"closed","template":"","meta":{"neve_meta_sidebar":"","neve_meta_container":"","neve_meta_enable_content_width":"off","neve_meta_content_width":100,"neve_meta_title_alignment":"","neve_meta_author_avatar":"","neve_post_elements_order":"","neve_meta_disable_header":"","neve_meta_disable_footer":"","neve_meta_disable_title":"on","neve_meta_reading_time":"","footnotes":""},"class_list":["post-50","page","type-page","status-publish","has-post-thumbnail","hentry"],"yoast_head":"<!-- This site is optimized with the Yoast SEO plugin v26.6 - https:\/\/yoast.com\/wordpress\/plugins\/seo\/ -->\n<title>Snow cover map Live \u2013 current snow forecast<\/title>\n<meta name=\"description\" content=\"Follow the current snow forecast Worldwide with our Snow cover map Live Tracker. Where is it currently snowing? \u2744\ufe0f\" \/>\n<meta name=\"robots\" content=\"index, follow, max-snippet:-1, max-image-preview:large, max-video-preview:-1\" \/>\n<link rel=\"canonical\" href=\"https:\/\/weather-radar24.com\/fr\/carte-denneigement\/\" \/>\n<meta property=\"og:locale\" content=\"fr_FR\" \/>\n<meta property=\"og:type\" content=\"article\" \/>\n<meta property=\"og:title\" content=\"Snow cover map Live \u2013 current snow forecast\" \/>\n<meta property=\"og:description\" content=\"Follow the current snow forecast Worldwide with our Snow cover map Live Tracker. Where is it currently snowing? \u2744\ufe0f\" \/>\n<meta property=\"og:url\" content=\"https:\/\/weather-radar24.com\/fr\/carte-denneigement\/\" \/>\n<meta property=\"article:modified_time\" content=\"2022-09-03T16:53:09+00:00\" \/>\n<meta property=\"og:image\" content=\"https:\/\/weather-radar24.com\/wp-content\/uploads\/2022\/08\/Bildschirmfoto-2022-08-19-um-20.55.53.png\" \/>\n\t<meta property=\"og:image:width\" content=\"366\" \/>\n\t<meta property=\"og:image:height\" content=\"226\" \/>\n\t<meta property=\"og:image:type\" content=\"image\/png\" \/>\n<meta name=\"twitter:card\" content=\"summary_large_image\" \/>\n<meta name=\"twitter:label1\" content=\"Dur\u00e9e de lecture estim\u00e9e\" \/>\n\t<meta name=\"twitter:data1\" content=\"3 minutes\" \/>\n<script type=\"application\/ld+json\" class=\"yoast-schema-graph\">{\"@context\":\"https:\/\/schema.org\",\"@graph\":[{\"@type\":\"WebPage\",\"@id\":\"https:\/\/weather-radar24.com\/snow-cover-map\/\",\"url\":\"https:\/\/weather-radar24.com\/snow-cover-map\/\",\"name\":\"Snow cover map Live \u2013 current snow forecast\",\"isPartOf\":{\"@id\":\"https:\/\/weather-radar24.com\/#website\"},\"primaryImageOfPage\":{\"@id\":\"https:\/\/weather-radar24.com\/snow-cover-map\/#primaryimage\"},\"image\":{\"@id\":\"https:\/\/weather-radar24.com\/snow-cover-map\/#primaryimage\"},\"thumbnailUrl\":\"https:\/\/weather-radar24.com\/wp-content\/uploads\/2022\/08\/Bildschirmfoto-2022-08-19-um-20.55.53.png\",\"datePublished\":\"2022-08-17T19:15:47+00:00\",\"dateModified\":\"2022-09-03T16:53:09+00:00\",\"description\":\"Follow the current snow forecast Worldwide with our Snow cover map Live Tracker. Where is it currently snowing? \u2744\ufe0f\",\"breadcrumb\":{\"@id\":\"https:\/\/weather-radar24.com\/snow-cover-map\/#breadcrumb\"},\"inLanguage\":\"fr-FR\",\"potentialAction\":[{\"@type\":\"ReadAction\",\"target\":[\"https:\/\/weather-radar24.com\/snow-cover-map\/\"]}]},{\"@type\":\"ImageObject\",\"inLanguage\":\"fr-FR\",\"@id\":\"https:\/\/weather-radar24.com\/snow-cover-map\/#primaryimage\",\"url\":\"https:\/\/weather-radar24.com\/wp-content\/uploads\/2022\/08\/Bildschirmfoto-2022-08-19-um-20.55.53.png\",\"contentUrl\":\"https:\/\/weather-radar24.com\/wp-content\/uploads\/2022\/08\/Bildschirmfoto-2022-08-19-um-20.55.53.png\",\"width\":366,\"height\":226,\"caption\":\"Snow cover map\"},{\"@type\":\"BreadcrumbList\",\"@id\":\"https:\/\/weather-radar24.com\/snow-cover-map\/#breadcrumb\",\"itemListElement\":[{\"@type\":\"ListItem\",\"position\":1,\"name\":\"Startseite\",\"item\":\"https:\/\/weather-radar24.com\/\"},{\"@type\":\"ListItem\",\"position\":2,\"name\":\"Snow cover map\"}]},{\"@type\":\"WebSite\",\"@id\":\"https:\/\/weather-radar24.com\/#website\",\"url\":\"https:\/\/weather-radar24.com\/\",\"name\":\"\",\"description\":\"\",\"potentialAction\":[{\"@type\":\"SearchAction\",\"target\":{\"@type\":\"EntryPoint\",\"urlTemplate\":\"https:\/\/weather-radar24.com\/?s={search_term_string}\"},\"query-input\":{\"@type\":\"PropertyValueSpecification\",\"valueRequired\":true,\"valueName\":\"search_term_string\"}}],\"inLanguage\":\"fr-FR\"}]}<\/script>\n<!-- \/ Yoast SEO plugin. -->","yoast_head_json":{"title":"Carte d&#039;enneigement en direct \u2013 pr\u00e9visions d&#039;enneigement actuelles","description":"Suivez les pr\u00e9visions de neige actuelles dans le monde entier avec notre carte de couverture de neige Live Tracker. O\u00f9 neige-t-il actuellement\u00a0? \u2744\ufe0f","robots":{"index":"index","follow":"follow","max-snippet":"max-snippet:-1","max-image-preview":"max-image-preview:large","max-video-preview":"max-video-preview:-1"},"canonical":"https:\/\/weather-radar24.com\/fr\/carte-denneigement\/","og_locale":"fr_FR","og_type":"article","og_title":"Snow cover map Live \u2013 current snow forecast","og_description":"Follow the current snow forecast Worldwide with our Snow cover map Live Tracker. Where is it currently snowing? \u2744\ufe0f","og_url":"https:\/\/weather-radar24.com\/fr\/carte-denneigement\/","article_modified_time":"2022-09-03T16:53:09+00:00","og_image":[{"width":366,"height":226,"url":"https:\/\/weather-radar24.com\/wp-content\/uploads\/2022\/08\/Bildschirmfoto-2022-08-19-um-20.55.53.png","type":"image\/png"}],"twitter_card":"summary_large_image","twitter_misc":{"Dur\u00e9e de lecture estim\u00e9e":"3 minutes"},"schema":{"@context":"https:\/\/schema.org","@graph":[{"@type":"WebPage","@id":"https:\/\/weather-radar24.com\/snow-cover-map\/","url":"https:\/\/weather-radar24.com\/snow-cover-map\/","name":"Carte d&#039;enneigement en direct \u2013 pr\u00e9visions d&#039;enneigement actuelles","isPartOf":{"@id":"https:\/\/weather-radar24.com\/#website"},"primaryImageOfPage":{"@id":"https:\/\/weather-radar24.com\/snow-cover-map\/#primaryimage"},"image":{"@id":"https:\/\/weather-radar24.com\/snow-cover-map\/#primaryimage"},"thumbnailUrl":"https:\/\/weather-radar24.com\/wp-content\/uploads\/2022\/08\/Bildschirmfoto-2022-08-19-um-20.55.53.png","datePublished":"2022-08-17T19:15:47+00:00","dateModified":"2022-09-03T16:53:09+00:00","description":"Suivez les pr\u00e9visions de neige actuelles dans le monde entier avec notre carte de couverture de neige Live Tracker. O\u00f9 neige-t-il actuellement\u00a0? \u2744\ufe0f","breadcrumb":{"@id":"https:\/\/weather-radar24.com\/snow-cover-map\/#breadcrumb"},"inLanguage":"fr-FR","potentialAction":[{"@type":"ReadAction","target":["https:\/\/weather-radar24.com\/snow-cover-map\/"]}]},{"@type":"ImageObject","inLanguage":"fr-FR","@id":"https:\/\/weather-radar24.com\/snow-cover-map\/#primaryimage","url":"https:\/\/weather-radar24.com\/wp-content\/uploads\/2022\/08\/Bildschirmfoto-2022-08-19-um-20.55.53.png","contentUrl":"https:\/\/weather-radar24.com\/wp-content\/uploads\/2022\/08\/Bildschirmfoto-2022-08-19-um-20.55.53.png","width":366,"height":226,"caption":"Snow cover map"},{"@type":"BreadcrumbList","@id":"https:\/\/weather-radar24.com\/snow-cover-map\/#breadcrumb","itemListElement":[{"@type":"ListItem","position":1,"name":"Startseite","item":"https:\/\/weather-radar24.com\/"},{"@type":"ListItem","position":2,"name":"Snow cover map"}]},{"@type":"WebSite","@id":"https:\/\/weather-radar24.com\/#website","url":"https:\/\/weather-radar24.com\/","name":"","description":"","potentialAction":[{"@type":"SearchAction","target":{"@type":"EntryPoint","urlTemplate":"https:\/\/weather-radar24.com\/?s={search_term_string}"},"query-input":{"@type":"PropertyValueSpecification","valueRequired":true,"valueName":"search_term_string"}}],"inLanguage":"fr-FR"}]}},"_links":{"self":[{"href":"https:\/\/weather-radar24.com\/fr\/wp-json\/wp\/v2\/pages\/50","targetHints":{"allow":["GET"]}}],"collection":[{"href":"https:\/\/weather-radar24.com\/fr\/wp-json\/wp\/v2\/pages"}],"about":[{"href":"https:\/\/weather-radar24.com\/fr\/wp-json\/wp\/v2\/types\/page"}],"author":[{"embeddable":true,"href":"https:\/\/weather-radar24.com\/fr\/wp-json\/wp\/v2\/users\/1"}],"replies":[{"embeddable":true,"href":"https:\/\/weather-radar24.com\/fr\/wp-json\/wp\/v2\/comments?post=50"}],"version-history":[{"count":6,"href":"https:\/\/weather-radar24.com\/fr\/wp-json\/wp\/v2\/pages\/50\/revisions"}],"predecessor-version":[{"id":202,"href":"https:\/\/weather-radar24.com\/fr\/wp-json\/wp\/v2\/pages\/50\/revisions\/202"}],"wp:featuredmedia":[{"embeddable":true,"href":"https:\/\/weather-radar24.com\/fr\/wp-json\/wp\/v2\/media\/117"}],"wp:attachment":[{"href":"https:\/\/weather-radar24.com\/fr\/wp-json\/wp\/v2\/media?parent=50"}],"curies":[{"name":"wp","href":"https:\/\/api.w.org\/{rel}","templated":true}]}}