{"id":54,"date":"2022-08-17T21:16:21","date_gmt":"2022-08-17T19:16:21","guid":{"rendered":"https:\/\/weather-radar24.com\/?page_id=54"},"modified":"2022-09-07T17:52:46","modified_gmt":"2022-09-07T15:52:46","slug":"wind-radar","status":"publish","type":"page","link":"https:\/\/weather-radar24.com\/fr\/vent-radar\/","title":{"rendered":"Radar vent"},"content":{"rendered":"<h1>Radar vent - mesurez la force et la vitesse du vent<\/h1>\n<p>Nous rencontrons des vents forts et faibles partout dans la vie quotidienne. Cependant, plus la force est forte, plus ils peuvent devenir dangereux. Un radar \u00e9olien montre facilement comment soufflent les vents forts et dans quelle direction.<br \/>\n<iframe loading=\"lazy\" src=\"https:\/\/embed.windy.com\/embed2.html?lat=36.161&amp;lon=-98.080&amp;detailLat=36.161&amp;detailLon=-98.080&amp;width=650&amp;height=450&amp;zoom=4&amp;level=surface&amp;overlay=wind&amp;product=ecmwf&amp;menu=&amp;message=true&amp;marker=&amp;calendar=24&amp;pressure=&amp;type=map&amp;location=coordinates&amp;detail=&amp;metricWind=mph&amp;metricTemp=%C2%B0F&amp;radarRange=-1\" width=\"100%\" height=\"600\" frameborder=\"0\"><\/iframe><\/p>\n<h2 class=\"p1\">Comment fonctionne le radar vent<\/h2>\n<p class=\"p1\">La carte num\u00e9rique des vents est une carte qui montre la m\u00e9t\u00e9o, dans ce cas sp\u00e9cifiquement les vents, au moment et avec une pr\u00e9vision. De petits points mobiles de couleurs et de directions diff\u00e9rentes repr\u00e9sentent la force et la trajectoire des rafales. Sur la carte, il est possible de voir comment la situation des vents est et peut \u00e9voluer dans certaines r\u00e9gions du monde. De cette fa\u00e7on, les temp\u00eates dangereuses peuvent \u00eatre pr\u00e9dites et les zones de haute et basse pression peuvent \u00eatre identifi\u00e9es.<\/p>\n<p class=\"p1\">Pour ce faire, un radar \u00e9olien envoie des signaux \u00e9lectromagn\u00e9tiques dans l&#039;atmosph\u00e8re via des antennes. Diff\u00e9rents ph\u00e9nom\u00e8nes m\u00e9t\u00e9orologiques tels que le vent, <a href=\"https:\/\/weather-radar24.com\/fr\/carte-denneigement\/\">neiger<\/a> ou <a href=\"https:\/\/weather-radar24.com\/fr\/radar-de-pluie\/\">pluie<\/a> les renvoyer avec une intensit\u00e9 variable. Sur la base des donn\u00e9es, le syst\u00e8me peut tirer des conclusions sur le temps, sa force et sa direction. Ceci est ensuite utilis\u00e9 pour cr\u00e9er la carte num\u00e9rique des vents.<\/p>\n<h2 class=\"p1\">Que signifient les couleurs du radar vent ?<\/h2>\n<p class=\"p1\">Les couleurs repr\u00e9sentent diff\u00e9rentes intensit\u00e9s de vent et peuvent \u00eatre lues \u00e0 partir de la l\u00e9gende. La vitesse est mesur\u00e9e en kilom\u00e8tres par heure.<\/p>\n<p class=\"p1\">On distingue les vents faibles et forts dont les couleurs sont diff\u00e9renci\u00e9es. Le bleu repr\u00e9sente des vents doux avec une vitesse d&#039;environ 1 \u00e0 23,6 mph, le jaune pour 23,6-45,9 mph. Si la couleur devient rouge, le vent devient \u00e9galement dangereux : la force du vent ici peut aller de 46 mph \u00e0 plus de 72,7 mph. Ce dernier est class\u00e9 comme un <a href=\"https:\/\/weather-radar24.com\/fr\/hurrikan-tracker\/\">ouragan<\/a>. Ce dernier est consid\u00e9r\u00e9 comme un ouragan.<\/p>\n<h3 class=\"p1\">Diff\u00e9rents types de vent et leur origine<\/h3>\n<p class=\"p1\">Il existe diff\u00e9rents types de vent qu&#039;un <a href=\"https:\/\/weather-radar24.com\/fr\/\">radar m\u00e9t\u00e9orologique<\/a> peut mesurer. Ceux-ci incluent, par exemple, les aliz\u00e9s, qui soufflent d&#039;une r\u00e9gion \u00e0 l&#039;autre. Cela se produit pour cr\u00e9er un \u00e9quilibre de pression entre une zone de haute pression et une zone de basse pression. Ceux-ci se forment souvent en raison des diff\u00e9rences de temp\u00e9rature dans diff\u00e9rentes r\u00e9gions.<\/p>\n<p class=\"p1\">Les vents dominants se forment lorsque le soleil r\u00e9chauffe la terre et que l&#039;air monte dans l&#039;air. L&#039;air frais descend vers le sol et les vents cr\u00e9ent ici aussi un \u00e9quilibre qui se produit pr\u00e8s de la terre.<\/p>\n<p class=\"p1\">Un courant-jet, en revanche, est un vent \u00e0 haute altitude. Il est \u00e0 peine perceptible au sol, mais il a une influence significative sur les conditions m\u00e9t\u00e9orologiques et la force des autres vents. Vous pouvez imaginer un courant-jet comme une ceinture d&#039;air rapide dans l&#039;atmosph\u00e8re.<\/p>\n<p class=\"p1\">La vitesse des courants d&#039;air est mesur\u00e9e pour d\u00e9terminer la force du vent. C&#039;\u00e9tait une t\u00e2che difficile jusqu&#039;\u00e0 ce que Francis Beaufort invente l&#039;an\u00e9mom\u00e8tre en 1806. L&#039;appareil se compose de petites coquilles qui tournent en cercle autour d&#039;un axe entra\u00een\u00e9 par le vent. Plus la force est \u00e9lev\u00e9e, plus le mouvement est rapide. Un ordinateur calcule la force du vent \u00e0 partir de cela et donne la vitesse en kilom\u00e8tres par heure ou en miles. L&#039;intensit\u00e9 peut \u00eatre lue directement \u00e0 l&#039;aide de l&#039;\u00e9chelle de Beaufort \u00e0 partir de ces chiffres.<\/p>\n<h2 class=\"p1\">La c\u00e9l\u00e8bre \u00e9chelle - l&#039;\u00e9chelle de vent de Beaufort<\/h2>\n<table class=\"responsive\">\n<tbody>\n<tr style=\"height: 23px;\">\n<td style=\"width: 16.6667%; height: 23px;\"><span style=\"color: #000000;\"><strong>Force du vent<\/strong><\/span><\/td>\n<td style=\"width: 16.7756%; height: 23px;\"><span style=\"color: #000000;\"><strong>La description<\/strong><\/span><\/td>\n<td style=\"width: 16.3399%; height: 23px;\"><span style=\"color: #000000;\"><strong>km\/h<\/strong><\/span><\/td>\n<td style=\"width: 16.2309%; height: 23px;\"><span style=\"color: #000000;\"><strong>m<span style=\"color: #000000;\">\/s<\/span><\/strong><\/span><\/td>\n<td style=\"width: 16.122%; height: 23px;\"><span style=\"color: #000000;\"><strong>kn<\/strong><\/span><\/td>\n<td style=\"width: 16.2309%; height: 23px;\"><span style=\"color: #000000;\"><strong>mi\/h<\/strong><\/span><\/td>\n<\/tr>\n<tr style=\"height: 23px;\">\n<td style=\"width: 16.6667%; height: 23px;\">0<\/td>\n<td style=\"width: 16.7756%; height: 23px;\"><strong>Calmes<\/strong><\/td>\n<td style=\"width: 16.3399%; height: 23px;\">0 \u2013 1<\/td>\n<td style=\"width: 16.2309%; height: 23px;\">0,0 \u2013 &lt;0,3<\/td>\n<td style=\"width: 16.122%; height: 23px;\">0 \u2013 &lt;1<\/td>\n<td style=\"width: 16.2309%; height: 23px;\">0 \u2013 &lt;1,2<\/td>\n<\/tr>\n<tr style=\"height: 23px;\">\n<td style=\"width: 16.6667%; height: 23px;\">1<\/td>\n<td style=\"width: 16.7756%; height: 23px;\"><strong>Air l\u00e9ger<\/strong><\/td>\n<td style=\"width: 16.3399%; height: 23px;\">1 \u2013 5<\/td>\n<td style=\"width: 16.2309%; height: 23px;\">0,3 \u2013 &lt;1,6<\/td>\n<td style=\"width: 16.122%; height: 23px;\">1 \u2013 &lt;4<\/td>\n<td style=\"width: 16.2309%; height: 23px;\">1,2 \u2013 &lt;4,6<\/td>\n<\/tr>\n<tr style=\"height: 23px;\">\n<td style=\"width: 16.6667%; height: 23px;\">2<\/td>\n<td style=\"width: 16.7756%; height: 23px;\"><strong>L\u00e9g\u00e8re brise<\/strong><\/td>\n<td style=\"width: 16.3399%; height: 23px;\">6 \u2013 11<\/td>\n<td style=\"width: 16.2309%; height: 23px;\">1,6 \u2013 &lt;3,4<\/td>\n<td style=\"width: 16.122%; height: 23px;\">4 \u2013 &lt;7<\/td>\n<td style=\"width: 16.2309%; height: 23px;\">4,6 \u2013 &lt;8,1<\/td>\n<\/tr>\n<tr style=\"height: 23px;\">\n<td style=\"width: 16.6667%; height: 23px;\">3<\/td>\n<td style=\"width: 16.7756%; height: 23px;\"><strong>Petite brise<\/strong><\/td>\n<td style=\"width: 16.3399%; height: 23px;\">12 \u2013 19<\/td>\n<td style=\"width: 16.2309%; height: 23px;\">3,4 \u2013 &lt;5,5<\/td>\n<td style=\"width: 16.122%; height: 23px;\">7 \u2013 &lt;11<\/td>\n<td style=\"width: 16.2309%; height: 23px;\">8,1 \u2013 &lt;12,7<\/td>\n<\/tr>\n<tr style=\"height: 23px;\">\n<td style=\"width: 16.6667%; height: 23px;\">4<\/td>\n<td style=\"width: 16.7756%; height: 23px;\"><strong>Brise leg\u00e8re<\/strong><\/td>\n<td style=\"width: 16.3399%; height: 23px;\">20 \u2013 28<\/td>\n<td style=\"width: 16.2309%; height: 23px;\">5,5 \u2013 &lt;8,0<\/td>\n<td style=\"width: 16.122%; height: 23px;\">11 \u2013 &lt;16<\/td>\n<td style=\"width: 16.2309%; height: 23px;\">12,7 \u2013 &lt;18,4<\/td>\n<\/tr>\n<tr style=\"height: 23px;\">\n<td style=\"width: 16.6667%; height: 23px;\">5<\/td>\n<td class=\"tb-unimp\" style=\"width: 16.7756%; height: 23px;\"><strong>Forte brise<\/strong><\/td>\n<td style=\"width: 16.3399%; height: 23px;\">29 \u2013 38<\/td>\n<td style=\"width: 16.2309%; height: 23px;\">8,0 \u2013 &lt;10,8<\/td>\n<td style=\"width: 16.122%; height: 23px;\">16 \u2013 &lt;22<\/td>\n<td style=\"width: 16.2309%; height: 23px;\">18,4 \u2013 &lt;25,3<\/td>\n<\/tr>\n<tr style=\"height: 23px;\">\n<td style=\"width: 16.6667%; height: 23px;\">6<\/td>\n<td style=\"width: 16.7756%; height: 23px;\"><strong>Forte brise<\/strong><\/td>\n<td style=\"width: 16.3399%; height: 23px;\">39 \u2013 49<\/td>\n<td style=\"width: 16.2309%; height: 23px;\">10,8 \u2013 &lt;13,9<\/td>\n<td style=\"width: 16.122%; height: 23px;\">22 \u2013 &lt;28<\/td>\n<td style=\"width: 16.2309%; height: 23px;\">25,3 \u2013 &lt;32,2<\/td>\n<\/tr>\n<tr style=\"height: 23px;\">\n<td style=\"width: 16.6667%; height: 23px;\">7<\/td>\n<td style=\"width: 16.7756%; height: 23px;\"><strong>Pr\u00e8s de Gale<\/strong><\/td>\n<td style=\"width: 16.3399%; height: 23px;\">50 \u2013 61<\/td>\n<td style=\"width: 16.2309%; height: 23px;\">13,9 \u2013 &lt;17,2<\/td>\n<td style=\"width: 16.122%; height: 23px;\">28 \u2013 &lt;34<\/td>\n<td style=\"width: 16.2309%; height: 23px;\">32,2 \u2013 &lt;39,1<\/td>\n<\/tr>\n<tr style=\"height: 23px;\">\n<td style=\"width: 16.6667%; height: 23px;\">8<\/td>\n<td style=\"width: 16.7756%; height: 23px;\"><strong>Coup de vent<\/strong><\/td>\n<td style=\"width: 16.3399%; height: 23px;\">62 \u2013 74<\/td>\n<td style=\"width: 16.2309%; height: 23px;\">17,2 \u2013 &lt;20,8<\/td>\n<td style=\"width: 16.122%; height: 23px;\">34 \u2013 &lt;41<\/td>\n<td style=\"width: 16.2309%; height: 23px;\">39,1 \u2013 &lt;47,2<\/td>\n<\/tr>\n<tr style=\"height: 23px;\">\n<td style=\"width: 16.6667%; height: 23px;\">9<\/td>\n<td style=\"width: 16.7756%; height: 23px;\"><strong>Coup de vent fort<\/strong><\/td>\n<td style=\"width: 16.3399%; height: 23px;\">75 \u2013 88<\/td>\n<td style=\"width: 16.2309%; height: 23px;\">20,8 \u2013 &lt;24,5<\/td>\n<td style=\"width: 16.122%; height: 23px;\">41 \u2013 &lt;48<\/td>\n<td style=\"width: 16.2309%; height: 23px;\">47,2 \u2013 &lt;55,2<\/td>\n<\/tr>\n<tr style=\"height: 23px;\">\n<td style=\"width: 16.6667%; height: 23px;\">10<\/td>\n<td style=\"width: 16.7756%; height: 23px;\"><strong>Temp\u00eate<\/strong><\/td>\n<td style=\"width: 16.3399%; height: 23px;\">89 \u2013 102<\/td>\n<td style=\"width: 16.2309%; height: 23px;\">24,5 \u2013 &lt;28,5<\/td>\n<td style=\"width: 16.122%; height: 23px;\">48 \u2013 &lt;56<\/td>\n<td style=\"width: 16.2309%; height: 23px;\">55,2 \u2013 &lt;64,4<\/td>\n<\/tr>\n<tr style=\"height: 23px;\">\n<td style=\"width: 16.6667%; height: 23px;\">11<\/td>\n<td style=\"width: 16.7756%; height: 23px;\"><strong>Temp\u00eate violente<\/strong><\/td>\n<td style=\"width: 16.3399%;\">103 \u2013 117<\/td>\n<td style=\"width: 16.2309%; height: 23px;\">28,5 \u2013 &lt;32,7<\/td>\n<td style=\"width: 16.122%; height: 23px;\">56 \u2013 &lt;64<\/td>\n<td style=\"width: 16.2309%; height: 23px;\">64,4 \u2013 &lt;73,6<\/td>\n<\/tr>\n<tr style=\"height: 23px;\">\n<td style=\"width: 16.6667%; height: 23px;\">12<\/td>\n<td style=\"width: 16.7756%; height: 23px;\"><strong><a href=\"https:\/\/weather-radar24.com\/fr\/hurrikan-tracker\/\">Ouragan<\/a><\/strong><\/td>\n<td style=\"width: 16.3399%; height: 23px;\">\u2265 117<\/td>\n<td style=\"width: 16.2309%; height: 23px;\">\u2265 32,7<\/td>\n<td style=\"width: 16.122%; height: 23px;\">\u2265 64<\/td>\n<td style=\"width: 16.2309%; height: 23px;\">\u2265 73,6<\/td>\n<\/tr>\n<\/tbody>\n<\/table>\n<p class=\"p1\">La <a href=\"https:\/\/www.spc.noaa.gov\/faq\/tornado\/beaufort.html\" target=\"_blank\" rel=\"noopener\">\u00c9chelle de vent de Beaufort<\/a> est une \u00e9chelle cr\u00e9\u00e9e par l&#039;inventeur du m\u00eame nom, sur laquelle vous pouvez diviser l&#039;intensit\u00e9 du vent en cat\u00e9gories en fonction de la vitesse. Le facteur d\u00e9cisif est l&#039;effet qu&#039;un vent d&#039;une certaine vitesse a sur l&#039;environnement. Ainsi, l&#039;\u00e9chelle va de la force du vent 0 \u2013 calme, \u00e0 la force du vent 5 \u2013 brise fra\u00eeche, \u00e0 la force du vent 12 \u2013 ouragan. La force peut \u00e9galement \u00eatre facilement calcul\u00e9e : prenez la vitesse du vent en n\u0153uds plus 5 et divisez le r\u00e9sultat par 5.<\/p>\n<h3 class=\"p1\">Le vent de force 12 est-il dangereux ?<\/h3>\n<p class=\"p1\">La force 12 est consid\u00e9r\u00e9e comme un ouragan selon l&#039;\u00e9chelle de Beaufort. Le vent a une vitesse de plus de 73 mph et est fortement marqu\u00e9 en rouge sur le radar \u00e9olien. Un ouragan peut avoir des cons\u00e9quences dangereuses, car le vent peut arracher des branches d&#039;arbres, d\u00e9raciner des arbres et projeter des objets sur le sol. Des dommages aux b\u00e2timents ou des probl\u00e8mes de conduite automobile dus \u00e0 la temp\u00eate sont \u00e9galement possibles. Les vents de force 12 sont rares, mais laissent une grande d\u00e9vastation dans leur sillage. En g\u00e9n\u00e9ral, la prudence est conseill\u00e9e \u00e0 partir de la cat\u00e9gorie 5, et \u00e0 partir de la 10 il ne faut pas sortir de la maison si possible.<\/p>\n<h4 class=\"p1\">Sommaire<\/h4>\n<p class=\"p1\">Les vents sont des ph\u00e9nom\u00e8nes naturels fascinants, mais selon leur intensit\u00e9 ils peuvent aussi \u00eatre dangereux. Un radar \u00e9olien d\u00e9termine la m\u00e9t\u00e9o par des signaux \u00e9lectromagn\u00e9tiques et est enregistr\u00e9 dans un radar \u00e9olien num\u00e9rique ou une carte des vents. Les pr\u00e9visions sont \u00e9galement possibles, comme vous les connaissez gr\u00e2ce au bulletin m\u00e9t\u00e9o. L&#039;\u00e9chelle de Beaufort divise les vents en cat\u00e9gories et d\u00e9termine le danger potentiel pour l&#039;environnement en fonction de leur vitesse. Si la carte m\u00e9t\u00e9o est rouge, vous feriez mieux de rester chez vous.<\/p>","protected":false},"excerpt":{"rendered":"<p>Radar vent - mesurez la force et la vitesse du vent Nous rencontrons des vents forts et faibles partout dans la vie quotidienne. Cependant, plus la force est forte, plus ils peuvent devenir dangereux. Un radar \u00e9olien montre facilement comment soufflent les vents forts et dans quelle direction. Fonctionnement du radar vent La carte num\u00e9rique des vents est un\u2026&nbsp;<a href=\"https:\/\/weather-radar24.com\/fr\/vent-radar\/\" rel=\"bookmark\">Read More &raquo;<span class=\"screen-reader-text\">Radar vent<\/span><\/a><\/p>","protected":false},"author":1,"featured_media":105,"parent":0,"menu_order":0,"comment_status":"closed","ping_status":"closed","template":"","meta":{"neve_meta_sidebar":"","neve_meta_container":"","neve_meta_enable_content_width":"off","neve_meta_content_width":100,"neve_meta_title_alignment":"","neve_meta_author_avatar":"","neve_post_elements_order":"","neve_meta_disable_header":"","neve_meta_disable_footer":"","neve_meta_disable_title":"on","neve_meta_reading_time":"","footnotes":""},"class_list":["post-54","page","type-page","status-publish","has-post-thumbnail","hentry"],"yoast_head":"<!-- This site is optimized with the Yoast SEO plugin v26.6 - https:\/\/yoast.com\/wordpress\/plugins\/seo\/ -->\n<title>Wind radar - measure wind force and wind speed<\/title>\n<meta name=\"description\" content=\"Wind Radar - Track the current wind force and wind speed with live data and wind forecast for the next few days.\" \/>\n<meta name=\"robots\" content=\"index, follow, max-snippet:-1, max-image-preview:large, max-video-preview:-1\" \/>\n<link rel=\"canonical\" href=\"https:\/\/weather-radar24.com\/fr\/vent-radar\/\" \/>\n<meta property=\"og:locale\" content=\"fr_FR\" \/>\n<meta property=\"og:type\" content=\"article\" \/>\n<meta property=\"og:title\" content=\"Wind radar - measure wind force and wind speed\" \/>\n<meta property=\"og:description\" content=\"Wind Radar - Track the current wind force and wind speed with live data and wind forecast for the next few days.\" \/>\n<meta property=\"og:url\" content=\"https:\/\/weather-radar24.com\/fr\/vent-radar\/\" \/>\n<meta property=\"article:modified_time\" content=\"2022-09-07T15:52:46+00:00\" \/>\n<meta property=\"og:image\" content=\"https:\/\/weather-radar24.com\/wp-content\/uploads\/2022\/08\/Bildschirmfoto-2022-08-18-um-13.26.16.png\" \/>\n\t<meta property=\"og:image:width\" content=\"420\" \/>\n\t<meta property=\"og:image:height\" content=\"271\" \/>\n\t<meta property=\"og:image:type\" content=\"image\/png\" \/>\n<meta name=\"twitter:card\" content=\"summary_large_image\" \/>\n<meta name=\"twitter:label1\" content=\"Dur\u00e9e de lecture estim\u00e9e\" \/>\n\t<meta name=\"twitter:data1\" content=\"5 minutes\" \/>\n<script type=\"application\/ld+json\" class=\"yoast-schema-graph\">{\"@context\":\"https:\/\/schema.org\",\"@graph\":[{\"@type\":\"WebPage\",\"@id\":\"https:\/\/weather-radar24.com\/wind-radar\/\",\"url\":\"https:\/\/weather-radar24.com\/wind-radar\/\",\"name\":\"Wind radar - measure wind force and wind speed\",\"isPartOf\":{\"@id\":\"https:\/\/weather-radar24.com\/#website\"},\"primaryImageOfPage\":{\"@id\":\"https:\/\/weather-radar24.com\/wind-radar\/#primaryimage\"},\"image\":{\"@id\":\"https:\/\/weather-radar24.com\/wind-radar\/#primaryimage\"},\"thumbnailUrl\":\"https:\/\/weather-radar24.com\/wp-content\/uploads\/2022\/08\/Bildschirmfoto-2022-08-18-um-13.26.16.png\",\"datePublished\":\"2022-08-17T19:16:21+00:00\",\"dateModified\":\"2022-09-07T15:52:46+00:00\",\"description\":\"Wind Radar - Track the current wind force and wind speed with live data and wind forecast for the next few days.\",\"breadcrumb\":{\"@id\":\"https:\/\/weather-radar24.com\/wind-radar\/#breadcrumb\"},\"inLanguage\":\"fr-FR\",\"potentialAction\":[{\"@type\":\"ReadAction\",\"target\":[\"https:\/\/weather-radar24.com\/wind-radar\/\"]}]},{\"@type\":\"ImageObject\",\"inLanguage\":\"fr-FR\",\"@id\":\"https:\/\/weather-radar24.com\/wind-radar\/#primaryimage\",\"url\":\"https:\/\/weather-radar24.com\/wp-content\/uploads\/2022\/08\/Bildschirmfoto-2022-08-18-um-13.26.16.png\",\"contentUrl\":\"https:\/\/weather-radar24.com\/wp-content\/uploads\/2022\/08\/Bildschirmfoto-2022-08-18-um-13.26.16.png\",\"width\":420,\"height\":271,\"caption\":\"Wind radar\"},{\"@type\":\"BreadcrumbList\",\"@id\":\"https:\/\/weather-radar24.com\/wind-radar\/#breadcrumb\",\"itemListElement\":[{\"@type\":\"ListItem\",\"position\":1,\"name\":\"Startseite\",\"item\":\"https:\/\/weather-radar24.com\/\"},{\"@type\":\"ListItem\",\"position\":2,\"name\":\"Wind radar\"}]},{\"@type\":\"WebSite\",\"@id\":\"https:\/\/weather-radar24.com\/#website\",\"url\":\"https:\/\/weather-radar24.com\/\",\"name\":\"\",\"description\":\"\",\"potentialAction\":[{\"@type\":\"SearchAction\",\"target\":{\"@type\":\"EntryPoint\",\"urlTemplate\":\"https:\/\/weather-radar24.com\/?s={search_term_string}\"},\"query-input\":{\"@type\":\"PropertyValueSpecification\",\"valueRequired\":true,\"valueName\":\"search_term_string\"}}],\"inLanguage\":\"fr-FR\"}]}<\/script>\n<!-- \/ Yoast SEO plugin. -->","yoast_head_json":{"title":"Radar vent - mesurez la force et la vitesse du vent","description":"Radar de vent - Suivez la force et la vitesse du vent actuelles avec des donn\u00e9es en direct et des pr\u00e9visions de vent pour les prochains jours.","robots":{"index":"index","follow":"follow","max-snippet":"max-snippet:-1","max-image-preview":"max-image-preview:large","max-video-preview":"max-video-preview:-1"},"canonical":"https:\/\/weather-radar24.com\/fr\/vent-radar\/","og_locale":"fr_FR","og_type":"article","og_title":"Wind radar - measure wind force and wind speed","og_description":"Wind Radar - Track the current wind force and wind speed with live data and wind forecast for the next few days.","og_url":"https:\/\/weather-radar24.com\/fr\/vent-radar\/","article_modified_time":"2022-09-07T15:52:46+00:00","og_image":[{"width":420,"height":271,"url":"https:\/\/weather-radar24.com\/wp-content\/uploads\/2022\/08\/Bildschirmfoto-2022-08-18-um-13.26.16.png","type":"image\/png"}],"twitter_card":"summary_large_image","twitter_misc":{"Dur\u00e9e de lecture estim\u00e9e":"5 minutes"},"schema":{"@context":"https:\/\/schema.org","@graph":[{"@type":"WebPage","@id":"https:\/\/weather-radar24.com\/wind-radar\/","url":"https:\/\/weather-radar24.com\/wind-radar\/","name":"Radar vent - mesurez la force et la vitesse du vent","isPartOf":{"@id":"https:\/\/weather-radar24.com\/#website"},"primaryImageOfPage":{"@id":"https:\/\/weather-radar24.com\/wind-radar\/#primaryimage"},"image":{"@id":"https:\/\/weather-radar24.com\/wind-radar\/#primaryimage"},"thumbnailUrl":"https:\/\/weather-radar24.com\/wp-content\/uploads\/2022\/08\/Bildschirmfoto-2022-08-18-um-13.26.16.png","datePublished":"2022-08-17T19:16:21+00:00","dateModified":"2022-09-07T15:52:46+00:00","description":"Radar de vent - Suivez la force et la vitesse du vent actuelles avec des donn\u00e9es en direct et des pr\u00e9visions de vent pour les prochains jours.","breadcrumb":{"@id":"https:\/\/weather-radar24.com\/wind-radar\/#breadcrumb"},"inLanguage":"fr-FR","potentialAction":[{"@type":"ReadAction","target":["https:\/\/weather-radar24.com\/wind-radar\/"]}]},{"@type":"ImageObject","inLanguage":"fr-FR","@id":"https:\/\/weather-radar24.com\/wind-radar\/#primaryimage","url":"https:\/\/weather-radar24.com\/wp-content\/uploads\/2022\/08\/Bildschirmfoto-2022-08-18-um-13.26.16.png","contentUrl":"https:\/\/weather-radar24.com\/wp-content\/uploads\/2022\/08\/Bildschirmfoto-2022-08-18-um-13.26.16.png","width":420,"height":271,"caption":"Wind radar"},{"@type":"BreadcrumbList","@id":"https:\/\/weather-radar24.com\/wind-radar\/#breadcrumb","itemListElement":[{"@type":"ListItem","position":1,"name":"Startseite","item":"https:\/\/weather-radar24.com\/"},{"@type":"ListItem","position":2,"name":"Wind radar"}]},{"@type":"WebSite","@id":"https:\/\/weather-radar24.com\/#website","url":"https:\/\/weather-radar24.com\/","name":"","description":"","potentialAction":[{"@type":"SearchAction","target":{"@type":"EntryPoint","urlTemplate":"https:\/\/weather-radar24.com\/?s={search_term_string}"},"query-input":{"@type":"PropertyValueSpecification","valueRequired":true,"valueName":"search_term_string"}}],"inLanguage":"fr-FR"}]}},"_links":{"self":[{"href":"https:\/\/weather-radar24.com\/fr\/wp-json\/wp\/v2\/pages\/54","targetHints":{"allow":["GET"]}}],"collection":[{"href":"https:\/\/weather-radar24.com\/fr\/wp-json\/wp\/v2\/pages"}],"about":[{"href":"https:\/\/weather-radar24.com\/fr\/wp-json\/wp\/v2\/types\/page"}],"author":[{"embeddable":true,"href":"https:\/\/weather-radar24.com\/fr\/wp-json\/wp\/v2\/users\/1"}],"replies":[{"embeddable":true,"href":"https:\/\/weather-radar24.com\/fr\/wp-json\/wp\/v2\/comments?post=54"}],"version-history":[{"count":10,"href":"https:\/\/weather-radar24.com\/fr\/wp-json\/wp\/v2\/pages\/54\/revisions"}],"predecessor-version":[{"id":212,"href":"https:\/\/weather-radar24.com\/fr\/wp-json\/wp\/v2\/pages\/54\/revisions\/212"}],"wp:featuredmedia":[{"embeddable":true,"href":"https:\/\/weather-radar24.com\/fr\/wp-json\/wp\/v2\/media\/105"}],"wp:attachment":[{"href":"https:\/\/weather-radar24.com\/fr\/wp-json\/wp\/v2\/media?parent=54"}],"curies":[{"name":"wp","href":"https:\/\/api.w.org\/{rel}","templated":true}]}}