{"id":40,"date":"2022-08-17T21:13:54","date_gmt":"2022-08-17T19:13:54","guid":{"rendered":"https:\/\/weather-radar24.com\/?page_id=40"},"modified":"2026-04-11T13:01:50","modified_gmt":"2026-04-11T11:01:50","slug":"weather-radar","status":"publish","type":"page","link":"https:\/\/weather-radar24.com\/it\/","title":{"rendered":"Radar meteorologico"},"content":{"rendered":"<h1>Radar meteorologico in diretta - Condizioni meteorologiche attuali<\/h1>\n<p>Che tu sia al lavoro, a scuola o a fare shopping, il tempo \u00e8 un argomento di conversazione che interessa a tutti noi. Ma come fai a sapere davvero come sar\u00e0 il tempo? \u00c8 abbastanza semplice: con l&#039;aiuto di un radar meteorologico! Ma cos&#039;\u00e8 esattamente questo radar e come funziona?<\/p>\n<div id=\"windy-box\" style=\"max-width:1300px;margin:20px auto;padding:24px;border:1px solid #dcdcdc;border-radius:12px;background:#f8fafc;text-align:center;font-family:Arial,sans-serif;\">\n<h3 style=\"margin:0 0 10px 0;font-size:24px;color:#1f2937;\">Live Weather Radar<\/h3>\n<p style=\"margin:0 0 18px 0;font-size:16px;line-height:1.5;color:#4b5563;\">\n    Click the button below to load the live radar map from Windy.com.\n  <\/p>\n<p>  <button onclick=\"loadWindy()\" style=\"background:#2563eb;color:#ffffff;border:none;padding:14px 24px;font-size:16px;font-weight:600;border-radius:8px;cursor:pointer;\"><br \/>\n    Load Live Radar<br \/>\n  <\/button><\/p>\n<p style=\"margin:14px 0 0 0;font-size:13px;color:#6b7280;\">\n    External content will be loaded from Windy.com after clicking.\n  <\/p>\n<\/div>\n<p><script>\nfunction loadWindy() {\n  document.getElementById('windy-box').innerHTML =\n    '<iframe loading=\"lazy\" src=\"https:\/\/embed.windy.com\/embed2.html?lat=39.606&#038;lon=-97.031&#038;detailLat=49.142&#038;detailLon=9.223&#038;width=1300&#038;height=600&#038;zoom=5&#038;level=surface&#038;overlay=radar&#038;product=radar&#038;menu=&#038;message=true&#038;marker=&#038;calendar=now&#038;pressure=&#038;type=map&#038;location=coordinates&#038;detail=&#038;metricWind=default&#038;metricTemp=default&#038;radarRange=-1\" width=\"100%\" height=\"600\" frameborder=\"0\" style=\"border:0;border-radius:12px;\"><\/iframe>';\n}\n<\/script><\/p>\n<h2 class=\"p1\">Che cos&#039;\u00e8 un radar meteorologico live?<\/h2>\n<p class=\"p1\">I radar meteorologici sono uno strumento essenziale che i meteorologi utilizzano per tracciare il movimento delle precipitazioni. Utilizzando i radar, i meteorologi possono identificare i modelli di pioggia attuali e confrontare i modelli precedenti con le condizioni attuali per prevedere il futuro.<\/p>\n<p class=\"p1\">Le unit\u00e0 radar funzionano emettendo onde elettromagnetiche e ricevendo i loro echi dalle nubi di precipitazione. Il sistema radar calcola quindi la distanza e l&#039;intensit\u00e0 delle precipitazioni in base al tempo impiegato dal ritorno dell&#039;eco.<\/p>\n<p class=\"p1\">I radar meteorologici sono uno strumento indispensabile per i meteorologi perch\u00e9 consentono loro di prevedere il tempo con precisione. I radar meteorologici sono uno strumento indispensabile per i meteorologi perch\u00e9 consentono loro di fare previsioni accurate sul tempo. Utilizzando il radar, i meteorologi possono tracciare con precisione il percorso delle precipitazioni per prevedere il futuro.<\/p>\n<h2 class=\"p1\">Come funziona il radar meteo live?<\/h2>\n<p class=\"p1\">La prossima volta che accendi il radar meteorologico, potresti chiederti come funziona. La tecnologia alla base del radar \u00e8 piuttosto complessa, ma possiamo spiegare alcune delle basi. Il radar emette un raggio di microonde che riflette la pioggia o la neve. Il radar riceve ed elabora queste riflessioni per creare un&#039;immagine del tempo attuale.<span class=\"Apple-converted-space\">\u00a0 <\/span>L&#039;intensit\u00e0 dell&#039;immagine radar dipende dalla quantit\u00e0 di precipitazioni: pi\u00f9 precipitazioni, pi\u00f9 forte \u00e8 l&#039;immagine. E pi\u00f9 la precipitazione \u00e8 vicina, pi\u00f9 velocemente si muove sull&#039;immagine.<\/p>\n<p class=\"p1\">Ma il radar meteorologico non \u00e8 perfetto. Ad esempio, pu\u00f2 essere difficile rilevare le precipitazioni leggere, soprattutto se sono lontane. Alberi e montagne possono anche far s\u00ec che il radar fornisca un&#039;immagine errata. Nonostante queste limitazioni, il radar meteorologico \u00e8 uno strumento indispensabile per i meteorologi per prevedere il movimento di pioggia e tempeste di neve.<\/p>\n<p>Should you require further real-time data from diverse radar categories such as aviation, maritime, weather, and beyond, you can access it at <a href=\"https:\/\/live-radar.org\/\" target=\"_blank\" rel=\"noopener noreferrer\">https:\/\/live-radar.org\/<\/a>.<\/p>\n<h3 class=\"p1\">Quali sono i vantaggi?<\/h3>\n<p class=\"p1\">Il tempo a volte pu\u00f2 essere imprevedibile, portando con s\u00e9 un gelo <a href=\"https:\/\/weather-radar24.com\/it\/vento-radar\/\">vento<\/a> che pu\u00f2 bruciarti le dita. Oppure pu\u00f2 fare cos\u00ec caldo che pensi di trovarti nel deserto. Prima di finalizzare il tuo piano per la giornata, \u00e8 meglio guardare il tempo per assicurarti di indossare i vestiti giusti per la giornata. Tuttavia, questo pu\u00f2 richiedere molto tempo e potrebbe essere necessario cercare in pi\u00f9 siti per trovare le informazioni di cui hai bisogno. Un radar meteorologico \u00e8 un ottimo modo per controllare rapidamente e facilmente il tempo attuale, nonch\u00e9 le ore o i giorni a venire:<\/p>\n<p class=\"p1\">I radar meteorologici sono in grado di raccogliere un&#039;ampia gamma di dati meteorologici. Ci\u00f2 include precipitazioni, velocit\u00e0 del vento, direzione del vento e movimento delle nuvole. Questi dati vengono quindi visualizzati su una mappa, aiutando i meteorologi a capire meglio il tempo.<\/p>\n<p class=\"p1\">I radar meteorologici sono particolarmente utili per prevedere condizioni meteorologiche avverse. Possono aiutare a identificare tempestivamente una tempesta e prendere le precauzioni necessarie per proteggere persone e propriet\u00e0.<\/p>\n<h3 class=\"p1\">Cosa significano i colori nel radar meteorologico?<\/h3>\n<p class=\"p1\">I colori nella mappa indicano quanto saranno intense le precipitazioni. L&#039;intensit\u00e0 della pioggia \u00e8 suddivisa in 5 livelli: leggera, moderata, pesante, molto pesante ed estremamente pesante. Quindi, a seconda del livello in cui si trova una tempesta, puoi aspettarti precipitazioni di varia intensit\u00e0. Il blu corrisponde a precipitazioni leggere, da verde a moderato, da giallo a forte, da arancione a molto forte e da rosso a estremamente forte. I diversi colori della mappa sono quindi un indicatore delle diverse intensit\u00e0 delle precipitazioni.<\/p>\n<h2 class=\"p1\">Come si crea una previsione meteo?<\/h2>\n<p class=\"p1\">Uno degli strumenti pi\u00f9 importanti utilizzati dai meteorologi per fare previsioni meteorologiche \u00e8 il radar meteorologico. I satelliti meteorologici sono un altro strumento importante utilizzato per fare previsioni meteorologiche. I satelliti meteorologici osservano il tempo dall&#039;alto e possono vedere cose che non sono visibili da terra. Queste informazioni vengono quindi utilizzate per fare previsioni migliori.<\/p>\n<p class=\"p1\">Quando si effettuano le previsioni del tempo, \u00e8 necessario considerare anche le condizioni del vento. La velocit\u00e0 e la direzione del vento possono cambiare rapidamente e avere un grande impatto sul tempo. I meteorologi utilizzano vari strumenti per monitorare le condizioni del vento, come palloni meteorologici e anemometri. Inoltre, devi considerare anche la copertura nuvolosa. La copertura nuvolosa pu\u00f2 influenzare il tempo regolando la quantit\u00e0 di luce solare, calore e umidit\u00e0 che entra nell&#039;atmosfera. I meteorologi utilizzano vari strumenti per monitorare la copertura nuvolosa, come sonde meteorologiche e radiosonde.<\/p>\n<h3 class=\"p1\">Quanto sono affidabili le previsioni?<\/h3>\n<p class=\"p1\">Le previsioni fornite dal radar meteorologico sono abbastanza affidabili. Tuttavia, \u00e8 importante capire che il radar \u00e8 solo uno strumento e non pu\u00f2 fare una previsione perfetta. Le previsioni hanno sempre qualche incertezza perch\u00e9 il tempo pu\u00f2 cambiare velocemente.<\/p>\n<h3 class=\"p1\">Perch\u00e9 il radar meteorologico \u00e8 spesso spento?<\/h3>\n<p class=\"p1\">Da quando Internet ha preso piede, anche le previsioni del tempo sono diventate un grosso problema. Ora puoi prevedere il tempo per giorni e settimane o mesi a venire. Le previsioni stanno diventando sempre pi\u00f9 accurate, ma ancora il radar meteorologico \u00e8 spesso fuori luogo. Qual \u00e8 il motivo? Prima di tutto, devi renderti conto che il tempo \u00e8 un sistema molto complesso. Molti fattori giocano un ruolo, dalla temperatura alla velocit\u00e0 del vento. Questi fattori non sono sempre esattamente prevedibili e possono cambiare rapidamente.<\/p>\n<p class=\"p1\">Questo \u00e8 anche il motivo per cui il tempo \u00e8 cos\u00ec difficile da prevedere. Inoltre, i radar meteorologici possono vedere solo le precipitazioni gi\u00e0 verificate e non possono prevedere dove piover\u00e0 in futuro.<\/p>\n<h3 class=\"p1\">Chi usa il radar meteorologico?<\/h3>\n<p class=\"p1\">Il tempo \u00e8 un argomento interessante; molte persone usano regolarmente il radar meteorologico. Ma chi usa il radar meteorologico e perch\u00e9? Un radar meteorologico \u00e8 uno strumento utile che pu\u00f2 essere utilizzato per controllare il tempo attuale e ottenere informazioni sulle condizioni meteorologiche imminenti. Molte persone che viaggiano regolarmente utilizzano il radar meteorologico per ottenere informazioni sulla situazione meteorologica attuale. Questo perch\u00e9 \u00e8 particolarmente importante tenere d&#039;occhio il tempo quando si viaggia.<\/p>\n<p class=\"p1\">Il radar meteorologico pu\u00f2 essere utile anche nella vita professionale. Ad esempio, per gli agricoltori che stanno pianificando di uccidere i loro campi o per un capitano di nave che deve stare attento alle onde alte e alle tempeste. Gli aerei commerciali possono anche beneficiare del radar meteorologico, poich\u00e9 possono pianificare meglio quando decollare e atterrare.<\/p>\n<h3 class=\"p1\">Quando \u00e8 stato costruito il primo radar meteorologico?<\/h3>\n<p class=\"p1\">La prima stazione radar meteorologica fu costruita in Gran Bretagna nel 1935. Tuttavia, lo sviluppo del radar meteorologico inizi\u00f2 molto prima. Nel 1902 Christian H\u00fclsmeyer, un inventore tedesco, lo scopr\u00ec <a href=\"https:\/\/science.nasa.gov\/ems\/02_anatomy\" target=\"_blank\" rel=\"noopener\">onde elettromagnetiche<\/a> rimbalzano da terra quando colpiscono le gocce di pioggia.<\/p>\n<p class=\"p1\">Negli anni &#039;20, uno scienziato britannico di nome Robert Watson-Watt svilupp\u00f2 un sistema per determinare la posizione degli aerei. Questo sistema era basato sullo stesso principio del radar meteorologico. Negli anni &#039;30 fu installato in Gran Bretagna il primo radar meteorologico. Nel corso degli anni sono state costruite sempre pi\u00f9 stazioni radar. Oggi esiste una rete completa in tutta Europa.<\/p>\n<h3 class=\"p1\">Che aspetto ha una stazione radar?<\/h3>\n<p><img loading=\"lazy\" decoding=\"async\" class=\"aligncenter wp-image-103 size-full\" src=\"https:\/\/weather-radar24.com\/wp-content\/uploads\/2022\/08\/radar-g60378e96c_640.jpeg\" alt=\"stazione radar\" width=\"640\" height=\"480\" srcset=\"https:\/\/weather-radar24.com\/wp-content\/uploads\/2022\/08\/radar-g60378e96c_640.jpeg 640w, https:\/\/weather-radar24.com\/wp-content\/uploads\/2022\/08\/radar-g60378e96c_640-300x225.jpeg 300w\" sizes=\"auto, (max-width: 640px) 100vw, 640px\" \/><\/p>\n<p class=\"p1\">La maggior parte delle stazioni radar sono edifici piuttosto poco appariscenti situati in aree rurali o remote. Ma che aspetto ha esattamente una stazione radar? L&#039;antenna \u00e8 la cosa pi\u00f9 evidente di una stazione radar. Spesso \u00e8 grande e pu\u00f2 ruotare per scansionare l&#039;area circostante. L&#039;antenna invia i segnali che la stazione riceve.<\/p>\n<p class=\"p1\">La stazione stessa \u00e8 solitamente un piccolo edificio dotato di computer e altre apparecchiature. In alcuni casi, la stazione fa parte di un osservatorio meteorologico pi\u00f9 ampio.<\/p>","protected":false},"excerpt":{"rendered":"<p>Weather radar live &#8211; Current Weather Conditions Whether you&#8217;re at work, school or shopping, the weather is a topic of conversation that interests us all. But how do you really know what the weather will be like? It\u2019s quite simple: with the help of a weather radar! But what exactly is this radar and how&hellip;&nbsp;<a href=\"https:\/\/weather-radar24.com\/it\/\" rel=\"bookmark\">Read More &raquo;<span class=\"screen-reader-text\">Radar meteorologico<\/span><\/a><\/p>","protected":false},"author":1,"featured_media":18,"parent":0,"menu_order":0,"comment_status":"closed","ping_status":"closed","template":"","meta":{"neve_meta_sidebar":"","neve_meta_container":"","neve_meta_enable_content_width":"off","neve_meta_content_width":100,"neve_meta_title_alignment":"","neve_meta_author_avatar":"","neve_post_elements_order":"","neve_meta_disable_header":"","neve_meta_disable_footer":"","neve_meta_disable_title":"on","neve_meta_reading_time":"","footnotes":""},"class_list":["post-40","page","type-page","status-publish","has-post-thumbnail","hentry"],"yoast_head":"<!-- This site is optimized with the Yoast SEO plugin v27.3 - https:\/\/yoast.com\/product\/yoast-seo-wordpress\/ -->\n<title>Weather radar live - Current Weather Conditions Map<\/title>\n<meta name=\"description\" content=\"Track the current weather conditions in real time with our weather radar! The weather map shows the forecast for rain, clouds and snowfall\" \/>\n<meta name=\"robots\" content=\"index, follow, max-snippet:-1, max-image-preview:large, max-video-preview:-1\" \/>\n<link rel=\"canonical\" href=\"https:\/\/weather-radar24.com\/it\/\" \/>\n<meta property=\"og:locale\" content=\"it_IT\" \/>\n<meta property=\"og:type\" content=\"article\" \/>\n<meta property=\"og:title\" content=\"Weather radar live - Current Weather Conditions Map\" \/>\n<meta property=\"og:description\" content=\"Track the current weather conditions in real time with our weather radar! The weather map shows the forecast for rain, clouds and snowfall\" \/>\n<meta property=\"og:url\" content=\"https:\/\/weather-radar24.com\/it\/\" \/>\n<meta property=\"article:modified_time\" content=\"2026-04-11T11:01:50+00:00\" \/>\n<meta property=\"og:image\" content=\"https:\/\/weather-radar24.com\/wp-content\/uploads\/2022\/08\/weather-radar24.org_.png\" \/>\n\t<meta property=\"og:image:width\" content=\"500\" \/>\n\t<meta property=\"og:image:height\" content=\"500\" \/>\n\t<meta property=\"og:image:type\" content=\"image\/png\" \/>\n<meta name=\"twitter:card\" content=\"summary_large_image\" \/>\n<meta name=\"twitter:label1\" content=\"Tempo di lettura stimato\" \/>\n\t<meta name=\"twitter:data1\" content=\"6 minuti\" \/>\n<script type=\"application\/ld+json\" class=\"yoast-schema-graph\">{\"@context\":\"https:\\\/\\\/schema.org\",\"@graph\":[{\"@type\":\"WebPage\",\"@id\":\"https:\\\/\\\/weather-radar24.com\\\/\",\"url\":\"https:\\\/\\\/weather-radar24.com\\\/\",\"name\":\"Weather radar live - Current Weather Conditions Map\",\"isPartOf\":{\"@id\":\"https:\\\/\\\/weather-radar24.com\\\/#website\"},\"primaryImageOfPage\":{\"@id\":\"https:\\\/\\\/weather-radar24.com\\\/#primaryimage\"},\"image\":{\"@id\":\"https:\\\/\\\/weather-radar24.com\\\/#primaryimage\"},\"thumbnailUrl\":\"https:\\\/\\\/weather-radar24.com\\\/wp-content\\\/uploads\\\/2022\\\/08\\\/weather-radar24.org_.png\",\"datePublished\":\"2022-08-17T19:13:54+00:00\",\"dateModified\":\"2026-04-11T11:01:50+00:00\",\"description\":\"Track the current weather conditions in real time with our weather radar! The weather map shows the forecast for rain, clouds and snowfall\",\"breadcrumb\":{\"@id\":\"https:\\\/\\\/weather-radar24.com\\\/#breadcrumb\"},\"inLanguage\":\"it-IT\",\"potentialAction\":[{\"@type\":\"ReadAction\",\"target\":[\"https:\\\/\\\/weather-radar24.com\\\/\"]}]},{\"@type\":\"ImageObject\",\"inLanguage\":\"it-IT\",\"@id\":\"https:\\\/\\\/weather-radar24.com\\\/#primaryimage\",\"url\":\"https:\\\/\\\/weather-radar24.com\\\/wp-content\\\/uploads\\\/2022\\\/08\\\/weather-radar24.org_.png\",\"contentUrl\":\"https:\\\/\\\/weather-radar24.com\\\/wp-content\\\/uploads\\\/2022\\\/08\\\/weather-radar24.org_.png\",\"width\":500,\"height\":500,\"caption\":\"Weather radar\"},{\"@type\":\"BreadcrumbList\",\"@id\":\"https:\\\/\\\/weather-radar24.com\\\/#breadcrumb\",\"itemListElement\":[{\"@type\":\"ListItem\",\"position\":1,\"name\":\"Startseite\",\"item\":\"https:\\\/\\\/weather-radar24.com\\\/\"},{\"@type\":\"ListItem\",\"position\":2,\"name\":\"Weather radar\"}]},{\"@type\":\"WebSite\",\"@id\":\"https:\\\/\\\/weather-radar24.com\\\/#website\",\"url\":\"https:\\\/\\\/weather-radar24.com\\\/\",\"name\":\"\",\"description\":\"\",\"potentialAction\":[{\"@type\":\"SearchAction\",\"target\":{\"@type\":\"EntryPoint\",\"urlTemplate\":\"https:\\\/\\\/weather-radar24.com\\\/?s={search_term_string}\"},\"query-input\":{\"@type\":\"PropertyValueSpecification\",\"valueRequired\":true,\"valueName\":\"search_term_string\"}}],\"inLanguage\":\"it-IT\"}]}<\/script>\n<!-- \/ Yoast SEO plugin. -->","yoast_head_json":{"title":"Radar meteo live - Mappa delle condizioni meteorologiche attuali","description":"Tieni traccia delle condizioni meteorologiche attuali in tempo reale con il nostro radar meteorologico! La mappa meteo mostra le previsioni per pioggia, nuvole e nevicate","robots":{"index":"index","follow":"follow","max-snippet":"max-snippet:-1","max-image-preview":"max-image-preview:large","max-video-preview":"max-video-preview:-1"},"canonical":"https:\/\/weather-radar24.com\/it\/","og_locale":"it_IT","og_type":"article","og_title":"Weather radar live - Current Weather Conditions Map","og_description":"Track the current weather conditions in real time with our weather radar! The weather map shows the forecast for rain, clouds and snowfall","og_url":"https:\/\/weather-radar24.com\/it\/","article_modified_time":"2026-04-11T11:01:50+00:00","og_image":[{"width":500,"height":500,"url":"https:\/\/weather-radar24.com\/wp-content\/uploads\/2022\/08\/weather-radar24.org_.png","type":"image\/png"}],"twitter_card":"summary_large_image","twitter_misc":{"Tempo di lettura stimato":"6 minuti"},"schema":{"@context":"https:\/\/schema.org","@graph":[{"@type":"WebPage","@id":"https:\/\/weather-radar24.com\/","url":"https:\/\/weather-radar24.com\/","name":"Radar meteo live - Mappa delle condizioni meteorologiche attuali","isPartOf":{"@id":"https:\/\/weather-radar24.com\/#website"},"primaryImageOfPage":{"@id":"https:\/\/weather-radar24.com\/#primaryimage"},"image":{"@id":"https:\/\/weather-radar24.com\/#primaryimage"},"thumbnailUrl":"https:\/\/weather-radar24.com\/wp-content\/uploads\/2022\/08\/weather-radar24.org_.png","datePublished":"2022-08-17T19:13:54+00:00","dateModified":"2026-04-11T11:01:50+00:00","description":"Tieni traccia delle condizioni meteorologiche attuali in tempo reale con il nostro radar meteorologico! La mappa meteo mostra le previsioni per pioggia, nuvole e nevicate","breadcrumb":{"@id":"https:\/\/weather-radar24.com\/#breadcrumb"},"inLanguage":"it-IT","potentialAction":[{"@type":"ReadAction","target":["https:\/\/weather-radar24.com\/"]}]},{"@type":"ImageObject","inLanguage":"it-IT","@id":"https:\/\/weather-radar24.com\/#primaryimage","url":"https:\/\/weather-radar24.com\/wp-content\/uploads\/2022\/08\/weather-radar24.org_.png","contentUrl":"https:\/\/weather-radar24.com\/wp-content\/uploads\/2022\/08\/weather-radar24.org_.png","width":500,"height":500,"caption":"Weather radar"},{"@type":"BreadcrumbList","@id":"https:\/\/weather-radar24.com\/#breadcrumb","itemListElement":[{"@type":"ListItem","position":1,"name":"Startseite","item":"https:\/\/weather-radar24.com\/"},{"@type":"ListItem","position":2,"name":"Weather radar"}]},{"@type":"WebSite","@id":"https:\/\/weather-radar24.com\/#website","url":"https:\/\/weather-radar24.com\/","name":"","description":"","potentialAction":[{"@type":"SearchAction","target":{"@type":"EntryPoint","urlTemplate":"https:\/\/weather-radar24.com\/?s={search_term_string}"},"query-input":{"@type":"PropertyValueSpecification","valueRequired":true,"valueName":"search_term_string"}}],"inLanguage":"it-IT"}]}},"_links":{"self":[{"href":"https:\/\/weather-radar24.com\/it\/wp-json\/wp\/v2\/pages\/40","targetHints":{"allow":["GET"]}}],"collection":[{"href":"https:\/\/weather-radar24.com\/it\/wp-json\/wp\/v2\/pages"}],"about":[{"href":"https:\/\/weather-radar24.com\/it\/wp-json\/wp\/v2\/types\/page"}],"author":[{"embeddable":true,"href":"https:\/\/weather-radar24.com\/it\/wp-json\/wp\/v2\/users\/1"}],"replies":[{"embeddable":true,"href":"https:\/\/weather-radar24.com\/it\/wp-json\/wp\/v2\/comments?post=40"}],"version-history":[{"count":10,"href":"https:\/\/weather-radar24.com\/it\/wp-json\/wp\/v2\/pages\/40\/revisions"}],"predecessor-version":[{"id":1034,"href":"https:\/\/weather-radar24.com\/it\/wp-json\/wp\/v2\/pages\/40\/revisions\/1034"}],"wp:featuredmedia":[{"embeddable":true,"href":"https:\/\/weather-radar24.com\/it\/wp-json\/wp\/v2\/media\/18"}],"wp:attachment":[{"href":"https:\/\/weather-radar24.com\/it\/wp-json\/wp\/v2\/media?parent=40"}],"curies":[{"name":"wp","href":"https:\/\/api.w.org\/{rel}","templated":true}]}}