{"id":42,"date":"2022-08-17T21:14:33","date_gmt":"2022-08-17T19:14:33","guid":{"rendered":"https:\/\/weather-radar24.com\/?page_id=42"},"modified":"2026-04-11T13:11:34","modified_gmt":"2026-04-11T11:11:34","slug":"cloud-cover-map","status":"publish","type":"page","link":"https:\/\/weather-radar24.com\/it\/mappa-della-copertura-delle-nuvole\/","title":{"rendered":"Mappa della copertura nuvolosa"},"content":{"rendered":"<h1>Mappa della copertura nuvolosa: previsioni nuvolose e previsioni nuvolose correnti<\/h1>\n<p>La mappa della copertura nuvolosa \u00e8 uno strumento importante per prevedere il tempo. Pu\u00f2 aiutarti a monitorare il movimento delle nuvole e vedere come si sta sviluppando il tempo. Ecco come leggere e interpretare una mappa di copertura nuvolosa.<\/p>\n<div id=\"windy-clouds-box\" style=\"max-width:1300px;margin:20px auto;padding:24px;border:1px solid #dcdcdc;border-radius:12px;background:#f8fafc;text-align:center;font-family:Arial,sans-serif;\">\n<h3 style=\"margin:0 0 10px 0;font-size:24px;color:#1f2937;\">Clouds Map<\/h3>\n<p style=\"margin:0 0 18px 0;font-size:16px;line-height:1.5;color:#4b5563;\">\n    Click the button below to load the live clouds map from Windy.com.\n  <\/p>\n<p>  <button onclick=\"loadWindyClouds()\" style=\"background:#2563eb;color:#ffffff;border:none;padding:14px 24px;font-size:16px;font-weight:600;border-radius:8px;cursor:pointer;\"><br \/>\n    Load Clouds Map<br \/>\n  <\/button><\/p>\n<p style=\"margin:14px 0 0 0;font-size:13px;color:#6b7280;\">\n    External content will be loaded from Windy.com after clicking.\n  <\/p>\n<\/div>\n<p><script>\nfunction loadWindyClouds() {\n  document.getElementById('windy-clouds-box').innerHTML =\n    '<iframe loading=\"lazy\" src=\"https:\/\/embed.windy.com\/embed2.html?lat=39.606&#038;lon=-97.031&#038;detailLat=49.142&#038;detailLon=9.223&#038;width=1300&#038;height=600&#038;zoom=5&#038;level=surface&#038;overlay=clouds&#038;product=ecmwf&#038;menu=&#038;message=true&#038;marker=&#038;calendar=now&#038;pressure=&#038;type=map&#038;location=coordinates&#038;detail=&#038;metricWind=default&#038;metricTemp=default&#038;radarRange=-1\" width=\"100%\" height=\"600\" frameborder=\"0\" style=\"border:0;border-radius:12px;\"><\/iframe>';\n}\n<\/script><\/p>\n<h2 class=\"p1\">Come leggere la mappa della copertura nuvolosa?<\/h2>\n<p class=\"p1\">Innanzitutto, dovresti sapere che la mappa della copertura nuvolosa mostra solo il movimento delle nuvole, non la pioggia o la neve. Questo \u00e8 importante da notare perch\u00e9 <a href=\"https:\/\/weather-radar24.com\/it\/radar-pioggia\/\">piovere<\/a> e <a href=\"https:\/\/weather-radar24.com\/it\/mappa-del-manto-nevoso\/\">nevicata<\/a> sono generalmente pi\u00f9 lenti del movimento delle nuvole. Pertanto, potresti vedere il movimento sulla mappa ma non aspettarti pioggia o neve. Se vedi un movimento sulla mappa, significa che le nuvole si stanno muovendo in quella direzione.<\/p>\n<p class=\"p1\">Il movimento delle nuvole nell&#039;ultima ora pu\u00f2 essere riprodotto utilizzando il pulsante di riproduzione. I colori sulla mappa indicano quanto \u00e8 forte il movimento. Pi\u00f9 forte \u00e8 il movimento, pi\u00f9 scuro \u00e8 il colore. Se vedi un colore scuro sul radar, significa che le nuvole si stanno muovendo molto velocemente in quella direzione. Questo \u00e8 spesso un segno di maltempo. Tuttavia, se vedi solo un leggero movimento, di solito significa che il tempo \u00e8 buono o non cambier\u00e0 molto.<\/p>\n<p class=\"p1\">Se vedi pi\u00f9 colori sul <a href=\"https:\/\/weather-radar24.com\/it\/\">radar meteorologico<\/a>, significa che le nuvole si stanno muovendo in direzioni diverse. Questo di solito \u00e8 un&#039;indicazione di tempo instabile. Se non vedi alcun movimento sul radar, di solito significa che il tempo non cambier\u00e0.<\/p>\n<h2 class=\"p1\">Come funziona la mappa della copertura nuvolosa?<\/h2>\n<p class=\"p1\">Le nuvole sono costituite da vapore acqueo o ghiaccio. La maggior parte delle nuvole si formano quando l&#039;aria calda sale. Quando quest&#039;aria incontra l&#039;aria fredda, il vapore acqueo si condensa e si formano le nuvole. La mappa della copertura nuvolosa funziona monitorando il movimento delle nuvole. Il radar viene utilizzato per inviare onde e ricevere le onde riflesse.<\/p>\n<p class=\"p1\">A seconda che le onde siano riflesse da una superficie solida o liquida, puoi dire se ci sono nuvole l\u00ec. Quindi ci\u00f2 che mostra il cloud radar sono i movimenti delle nuvole.<\/p>\n<h3 class=\"p1\">Chi usa una mappa di copertura nuvolosa?<\/h3>\n<p class=\"p1\">Una mappa della copertura nuvolosa \u00e8 un sistema di informazioni meteorologiche che fornisce letture regolarmente aggiornate delle nuvole e dei loro movimenti. \u00c8 accessibile online o come app ed \u00e8 adatto a vari gruppi target come appassionati di meteo, meteorologi dilettanti, piloti, velisti e windsurfisti. La mappa della copertura nuvolosa \u00e8 uno dei sistemi di informazioni meteorologiche pi\u00f9 popolari e ha un numero elevato di utenti.<\/p>\n<h3 class=\"p1\">Come si formano le nuvole?<\/h3>\n<p class=\"p1\">Le nuvole in realt\u00e0 non sono altro che aria umida. Ma non \u00e8 il caso che le nuvole semplicemente <a href=\"https:\/\/www.fortworthtexas.gov\/departments\/water\/sdw\/water-made#:~:text=A%20water%20molecule%20has%20three,sometimes%20referred%20to%20as%20H2O.\" target=\"_blank\" rel=\"noopener\">sono costituiti da acqua<\/a> vapore che fuoriesce nell&#039;atmosfera. Piuttosto, le nuvole si formano perch\u00e9 il sole riscalda l&#039;aria umida. Quando la terra si raffredda, il vapore acqueo si condensa e forma la nebbia.<\/p>\n<h3 class=\"p1\">Che aspetto hanno le nuvole di pioggia?<\/h3>\n<p class=\"p1\">\u00c8 davvero molto semplice: le nuvole non sono altro che aria agitata. Possono sembrare molto diversi. Le nuvole di pioggia, ad esempio, sono generalmente scure e dense perch\u00e9 contengono molte goccioline d&#039;acqua. Le nuvole di neve, d&#039;altra parte, di solito sembrano bianche e soffici perch\u00e9 contengono molti cristalli di ghiaccio.<\/p>\n<h3 class=\"p1\">Quali nuvole sono pericolose?<\/h3>\n<p class=\"p1\">I cumuli sono il tipo pi\u00f9 comune di nuvola e di solito sono innocui. Sembrano soffici palline bianche e sono spesso un segno di bel tempo. Tuttavia, possono anche annunciare temporali se diventano troppo grandi e densi. Le nuvole Nimbus sono le nuvole pi\u00f9 pericolose perch\u00e9 sono associate a pioggia, neve o grandine. Sembrano nubi cumuliformi grigie o nere spesse e possono precedere condizioni meteorologiche estreme.<\/p>","protected":false},"excerpt":{"rendered":"<p>Cloud cover map &#8211; current cloud forecast &amp; cloud prediction Cloud cover map is an important tool for predicting the weather. It can help you track the movement of clouds and see how the weather is developing. Here&#8217;s how to read and interpret a cloud cover map. Clouds Map Click the button below to load&hellip;&nbsp;<a href=\"https:\/\/weather-radar24.com\/it\/mappa-della-copertura-delle-nuvole\/\" rel=\"bookmark\">Read More &raquo;<span class=\"screen-reader-text\">Mappa della copertura nuvolosa<\/span><\/a><\/p>","protected":false},"author":1,"featured_media":113,"parent":0,"menu_order":0,"comment_status":"closed","ping_status":"closed","template":"","meta":{"neve_meta_sidebar":"","neve_meta_container":"","neve_meta_enable_content_width":"off","neve_meta_content_width":100,"neve_meta_title_alignment":"","neve_meta_author_avatar":"","neve_post_elements_order":"","neve_meta_disable_header":"","neve_meta_disable_footer":"","neve_meta_disable_title":"on","neve_meta_reading_time":"","footnotes":""},"class_list":["post-42","page","type-page","status-publish","has-post-thumbnail","hentry"],"yoast_head":"<!-- This site is optimized with the Yoast SEO plugin v27.3 - https:\/\/yoast.com\/product\/yoast-seo-wordpress\/ -->\n<title>Cloud cover map - current cloud forecast &amp; cloud prediction<\/title>\n<meta name=\"description\" content=\"Follow the current cloud forecast Worldwide with our cloud radar. Current satellite images show the cloud forecast\" \/>\n<meta name=\"robots\" content=\"index, follow, max-snippet:-1, max-image-preview:large, max-video-preview:-1\" \/>\n<link rel=\"canonical\" href=\"https:\/\/weather-radar24.com\/it\/mappa-della-copertura-delle-nuvole\/\" \/>\n<meta property=\"og:locale\" content=\"it_IT\" \/>\n<meta property=\"og:type\" content=\"article\" \/>\n<meta property=\"og:title\" content=\"Cloud cover map - current cloud forecast &amp; cloud prediction\" \/>\n<meta property=\"og:description\" content=\"Follow the current cloud forecast Worldwide with our cloud radar. Current satellite images show the cloud forecast\" \/>\n<meta property=\"og:url\" content=\"https:\/\/weather-radar24.com\/it\/mappa-della-copertura-delle-nuvole\/\" \/>\n<meta property=\"article:modified_time\" content=\"2026-04-11T11:11:34+00:00\" \/>\n<meta property=\"og:image\" content=\"https:\/\/weather-radar24.com\/wp-content\/uploads\/2022\/08\/Bildschirmfoto-2022-08-18-um-13.15.21.png\" \/>\n\t<meta property=\"og:image:width\" content=\"363\" \/>\n\t<meta property=\"og:image:height\" content=\"277\" \/>\n\t<meta property=\"og:image:type\" content=\"image\/png\" \/>\n<meta name=\"twitter:card\" content=\"summary_large_image\" \/>\n<meta name=\"twitter:label1\" content=\"Tempo di lettura stimato\" \/>\n\t<meta name=\"twitter:data1\" content=\"3 minuti\" \/>\n<script type=\"application\/ld+json\" class=\"yoast-schema-graph\">{\"@context\":\"https:\\\/\\\/schema.org\",\"@graph\":[{\"@type\":\"WebPage\",\"@id\":\"https:\\\/\\\/weather-radar24.com\\\/cloud-cover-map\\\/\",\"url\":\"https:\\\/\\\/weather-radar24.com\\\/cloud-cover-map\\\/\",\"name\":\"Cloud cover map - current cloud forecast & cloud prediction\",\"isPartOf\":{\"@id\":\"https:\\\/\\\/weather-radar24.com\\\/#website\"},\"primaryImageOfPage\":{\"@id\":\"https:\\\/\\\/weather-radar24.com\\\/cloud-cover-map\\\/#primaryimage\"},\"image\":{\"@id\":\"https:\\\/\\\/weather-radar24.com\\\/cloud-cover-map\\\/#primaryimage\"},\"thumbnailUrl\":\"https:\\\/\\\/weather-radar24.com\\\/wp-content\\\/uploads\\\/2022\\\/08\\\/Bildschirmfoto-2022-08-18-um-13.15.21.png\",\"datePublished\":\"2022-08-17T19:14:33+00:00\",\"dateModified\":\"2026-04-11T11:11:34+00:00\",\"description\":\"Follow the current cloud forecast Worldwide with our cloud radar. Current satellite images show the cloud forecast\",\"breadcrumb\":{\"@id\":\"https:\\\/\\\/weather-radar24.com\\\/cloud-cover-map\\\/#breadcrumb\"},\"inLanguage\":\"it-IT\",\"potentialAction\":[{\"@type\":\"ReadAction\",\"target\":[\"https:\\\/\\\/weather-radar24.com\\\/cloud-cover-map\\\/\"]}]},{\"@type\":\"ImageObject\",\"inLanguage\":\"it-IT\",\"@id\":\"https:\\\/\\\/weather-radar24.com\\\/cloud-cover-map\\\/#primaryimage\",\"url\":\"https:\\\/\\\/weather-radar24.com\\\/wp-content\\\/uploads\\\/2022\\\/08\\\/Bildschirmfoto-2022-08-18-um-13.15.21.png\",\"contentUrl\":\"https:\\\/\\\/weather-radar24.com\\\/wp-content\\\/uploads\\\/2022\\\/08\\\/Bildschirmfoto-2022-08-18-um-13.15.21.png\",\"width\":363,\"height\":277,\"caption\":\"Cloud cover map\"},{\"@type\":\"BreadcrumbList\",\"@id\":\"https:\\\/\\\/weather-radar24.com\\\/cloud-cover-map\\\/#breadcrumb\",\"itemListElement\":[{\"@type\":\"ListItem\",\"position\":1,\"name\":\"Startseite\",\"item\":\"https:\\\/\\\/weather-radar24.com\\\/\"},{\"@type\":\"ListItem\",\"position\":2,\"name\":\"Cloud cover map\"}]},{\"@type\":\"WebSite\",\"@id\":\"https:\\\/\\\/weather-radar24.com\\\/#website\",\"url\":\"https:\\\/\\\/weather-radar24.com\\\/\",\"name\":\"\",\"description\":\"\",\"potentialAction\":[{\"@type\":\"SearchAction\",\"target\":{\"@type\":\"EntryPoint\",\"urlTemplate\":\"https:\\\/\\\/weather-radar24.com\\\/?s={search_term_string}\"},\"query-input\":{\"@type\":\"PropertyValueSpecification\",\"valueRequired\":true,\"valueName\":\"search_term_string\"}}],\"inLanguage\":\"it-IT\"}]}<\/script>\n<!-- \/ Yoast SEO plugin. -->","yoast_head_json":{"title":"Mappa della copertura nuvolosa: previsioni nuvolose correnti e previsioni nuvolose","description":"Segui le attuali previsioni del cloud in tutto il mondo con il nostro radar cloud. Le attuali immagini satellitari mostrano le previsioni delle nuvole","robots":{"index":"index","follow":"follow","max-snippet":"max-snippet:-1","max-image-preview":"max-image-preview:large","max-video-preview":"max-video-preview:-1"},"canonical":"https:\/\/weather-radar24.com\/it\/mappa-della-copertura-delle-nuvole\/","og_locale":"it_IT","og_type":"article","og_title":"Cloud cover map - current cloud forecast & cloud prediction","og_description":"Follow the current cloud forecast Worldwide with our cloud radar. Current satellite images show the cloud forecast","og_url":"https:\/\/weather-radar24.com\/it\/mappa-della-copertura-delle-nuvole\/","article_modified_time":"2026-04-11T11:11:34+00:00","og_image":[{"width":363,"height":277,"url":"https:\/\/weather-radar24.com\/wp-content\/uploads\/2022\/08\/Bildschirmfoto-2022-08-18-um-13.15.21.png","type":"image\/png"}],"twitter_card":"summary_large_image","twitter_misc":{"Tempo di lettura stimato":"3 minuti"},"schema":{"@context":"https:\/\/schema.org","@graph":[{"@type":"WebPage","@id":"https:\/\/weather-radar24.com\/cloud-cover-map\/","url":"https:\/\/weather-radar24.com\/cloud-cover-map\/","name":"Mappa della copertura nuvolosa: previsioni nuvolose correnti e previsioni nuvolose","isPartOf":{"@id":"https:\/\/weather-radar24.com\/#website"},"primaryImageOfPage":{"@id":"https:\/\/weather-radar24.com\/cloud-cover-map\/#primaryimage"},"image":{"@id":"https:\/\/weather-radar24.com\/cloud-cover-map\/#primaryimage"},"thumbnailUrl":"https:\/\/weather-radar24.com\/wp-content\/uploads\/2022\/08\/Bildschirmfoto-2022-08-18-um-13.15.21.png","datePublished":"2022-08-17T19:14:33+00:00","dateModified":"2026-04-11T11:11:34+00:00","description":"Segui le attuali previsioni del cloud in tutto il mondo con il nostro radar cloud. Le attuali immagini satellitari mostrano le previsioni delle nuvole","breadcrumb":{"@id":"https:\/\/weather-radar24.com\/cloud-cover-map\/#breadcrumb"},"inLanguage":"it-IT","potentialAction":[{"@type":"ReadAction","target":["https:\/\/weather-radar24.com\/cloud-cover-map\/"]}]},{"@type":"ImageObject","inLanguage":"it-IT","@id":"https:\/\/weather-radar24.com\/cloud-cover-map\/#primaryimage","url":"https:\/\/weather-radar24.com\/wp-content\/uploads\/2022\/08\/Bildschirmfoto-2022-08-18-um-13.15.21.png","contentUrl":"https:\/\/weather-radar24.com\/wp-content\/uploads\/2022\/08\/Bildschirmfoto-2022-08-18-um-13.15.21.png","width":363,"height":277,"caption":"Cloud cover map"},{"@type":"BreadcrumbList","@id":"https:\/\/weather-radar24.com\/cloud-cover-map\/#breadcrumb","itemListElement":[{"@type":"ListItem","position":1,"name":"Startseite","item":"https:\/\/weather-radar24.com\/"},{"@type":"ListItem","position":2,"name":"Cloud cover map"}]},{"@type":"WebSite","@id":"https:\/\/weather-radar24.com\/#website","url":"https:\/\/weather-radar24.com\/","name":"","description":"","potentialAction":[{"@type":"SearchAction","target":{"@type":"EntryPoint","urlTemplate":"https:\/\/weather-radar24.com\/?s={search_term_string}"},"query-input":{"@type":"PropertyValueSpecification","valueRequired":true,"valueName":"search_term_string"}}],"inLanguage":"it-IT"}]}},"_links":{"self":[{"href":"https:\/\/weather-radar24.com\/it\/wp-json\/wp\/v2\/pages\/42","targetHints":{"allow":["GET"]}}],"collection":[{"href":"https:\/\/weather-radar24.com\/it\/wp-json\/wp\/v2\/pages"}],"about":[{"href":"https:\/\/weather-radar24.com\/it\/wp-json\/wp\/v2\/types\/page"}],"author":[{"embeddable":true,"href":"https:\/\/weather-radar24.com\/it\/wp-json\/wp\/v2\/users\/1"}],"replies":[{"embeddable":true,"href":"https:\/\/weather-radar24.com\/it\/wp-json\/wp\/v2\/comments?post=42"}],"version-history":[{"count":7,"href":"https:\/\/weather-radar24.com\/it\/wp-json\/wp\/v2\/pages\/42\/revisions"}],"predecessor-version":[{"id":114,"href":"https:\/\/weather-radar24.com\/it\/wp-json\/wp\/v2\/pages\/42\/revisions\/114"}],"wp:featuredmedia":[{"embeddable":true,"href":"https:\/\/weather-radar24.com\/it\/wp-json\/wp\/v2\/media\/113"}],"wp:attachment":[{"href":"https:\/\/weather-radar24.com\/it\/wp-json\/wp\/v2\/media?parent=42"}],"curies":[{"name":"wp","href":"https:\/\/api.w.org\/{rel}","templated":true}]}}