{"id":44,"date":"2022-08-17T21:14:51","date_gmt":"2022-08-17T19:14:51","guid":{"rendered":"https:\/\/weather-radar24.com\/?page_id=44"},"modified":"2026-04-11T13:13:09","modified_gmt":"2026-04-11T11:13:09","slug":"storm-radar","status":"publish","type":"page","link":"https:\/\/weather-radar24.com\/it\/radar-tempesta\/","title":{"rendered":"Radar tempesta"},"content":{"rendered":"<h1>Radar tempesta: previsioni attuali per condizioni meteorologiche avverse<\/h1>\n<p>Cosa c&#039;\u00e8 di meglio che sedersi fuori e godersi il sole quando il tempo \u00e8 bello? Purtroppo il tempo non \u00e8 sempre cos\u00ec bello. Il radar per condizioni meteorologiche avverse \u00e8 uno strumento importante per avvisare in caso di maltempo. Ma qual \u00e8 in realt\u00e0 il radar per condizioni meteorologiche avverse e come funziona?<\/p>\n<div id=\"windy-alerts-box\" style=\"max-width:1300px;margin:20px auto;padding:24px;border:1px solid #dcdcdc;border-radius:12px;background:#f8fafc;text-align:center;font-family:Arial,sans-serif;\">\n<h3 style=\"margin:0 0 10px 0;font-size:24px;color:#1f2937;\">Weather Alerts Map<\/h3>\n<p style=\"margin:0 0 18px 0;font-size:16px;line-height:1.5;color:#4b5563;\">\n    Click the button below to load active weather alerts from Windy.com.\n  <\/p>\n<p>  <button onclick=\"loadWindyAlerts()\" style=\"background:#dc2626;color:#ffffff;border:none;padding:14px 24px;font-size:16px;font-weight:600;border-radius:8px;cursor:pointer;\"><br \/>\n    Load Weather Alerts<br \/>\n  <\/button><\/p>\n<p style=\"margin:14px 0 0 0;font-size:13px;color:#6b7280;\">\n    External content will be loaded from Windy.com after clicking.\n  <\/p>\n<\/div>\n<p><script>\nfunction loadWindyAlerts() {\n  document.getElementById('windy-alerts-box').innerHTML =\n    '<iframe loading=\"lazy\" src=\"https:\/\/embed.windy.com\/embed2.html?lat=39.606&#038;lon=-97.031&#038;detailLat=49.142&#038;detailLon=9.223&#038;width=1300&#038;height=600&#038;zoom=5&#038;level=surface&#038;overlay=capAlerts&#038;product=capAlerts&#038;menu=&#038;message=true&#038;marker=&#038;calendar=now&#038;pressure=&#038;type=map&#038;location=coordinates&#038;detail=&#038;metricWind=default&#038;metricTemp=default&#038;radarRange=-1\" width=\"100%\" height=\"600\" frameborder=\"0\" style=\"border:0;border-radius:12px;\"><\/iframe>';\n}\n<\/script><\/p>\n<h2 class=\"p1\">Come leggere il radar Storm<\/h2>\n<p class=\"p1\">Prima di tutto, dovresti sapere che il radar Storm \u00e8 solo un&#039;istantanea del tempo. Non dice nulla sul futuro. Ci\u00f2 significa che dovresti sempre guardare il radar per condizioni meteorologiche avverse insieme ad altri dati meteorologici per ottenere un&#039;immagine pi\u00f9 accurata.<\/p>\n<p class=\"p1\">Quando guardi il radar Storm, di solito vedi alcuni colori diversi. Questi indicano quanto sono intense le precipitazioni in questo momento. Pi\u00f9 pesante \u00e8 la precipitazione, pi\u00f9 scuro \u00e8 il colore. Tuttavia, i diversi colori non dicono nulla sul tipo di precipitazione. Quindi pu\u00f2 essere pioggia, neve o grandine. Inoltre, va notato che il radar mostra solo le precipitazioni che salgono dal suolo. Quindi, se non cadono precipitazioni sul terreno, non le vedrai sul radar per condizioni meteorologiche avverse. Tuttavia, questo non significa necessariamente che non ci siano precipitazioni!<\/p>\n<p class=\"p1\">Spesso ci sono zone dove piove o nevica, ma il <a href=\"https:\/\/weather-radar24.com\/it\/radar-pioggia\/\">piovere<\/a> o la neve evapora prima di raggiungere il suolo. In questo caso, tutto ci\u00f2 che vedi sul radar \u00e8 un punto luminoso. Quindi, quando guardi il radar per condizioni meteorologiche avverse, tieni sempre presente che si tratta solo di un&#039;istantanea e dovrebbe essere considerata insieme ad altri dati meteorologici.<\/p>\n<h3>Satellite storm radar<\/h3>\n<p>Here you can view storms from space.<\/p>\n<p><em><img decoding=\"async\" src=\"https:\/\/s.w-x.co\/staticmaps\/ussat_1280x720.jpg\" \/><\/em><\/p>\n<h3 class=\"p1\">Come si forma una tempesta?<\/h3>\n<p class=\"p1\">Una tempesta \u00e8 un fenomeno meteorologico creato da una combinazione di forti venti e precipitazioni. Il <a href=\"https:\/\/weather-radar24.com\/it\/vento-radar\/\">vento<\/a> speed in a storm can reach <a href=\"https:\/\/weather-radar24.com\/it\/hurrikan-tracker\/\">hurricane<\/a> force and the amount of precipitation can be very high. These two factors ensure that a storm can be very dangerous. How exactly does a storm form?<\/p>\n<p class=\"p1\">La risposta non \u00e8 molto semplice, poich\u00e9 esistono diversi tipi di temporali. Alcune tempeste si formano quando l&#039;aria fredda proveniente dalle regioni polari scorre verso sud e colpisce l&#039;aria calda. Questo tipo di tempesta \u00e8 chiamato depressione. Altre tempeste si formano quando l&#039;aria calda proveniente dai tropici scorre a nord e colpisce l&#039;aria fredda. Questo tipo di tempesta \u00e8 chiamata area di alta pressione. In entrambi i casi, l&#039;aria si comprime, provocando venti pi\u00f9 forti.<\/p>\n<p class=\"p1\">Le precipitazioni si verificano quando la compressione dell&#039;aria porta ad un aumento dell&#039;umidit\u00e0, che eventualmente cade sotto forma di pioggia o <a href=\"https:\/\/weather-radar24.com\/it\/mappa-del-manto-nevoso\/\">neve<\/a>. <a href=\"https:\/\/www.nssl.noaa.gov\/education\/svrwx101\/thunderstorms\/faq\/\" target=\"_blank\" rel=\"noopener\">Le tempeste possono essere molto pericolose<\/a> e dovrebbe essere sempre preso sul serio. Se vivi in una zona in cui le tempeste sono frequenti, dovresti essere consapevole delle migliori misure da adottare per proteggere te stesso e la tua famiglia.<\/p>\n<h3 class=\"p1\">Cosa significa avviso di tempesta?<\/h3>\n<p class=\"p1\">Gli avvisi di tempesta vengono emessi dal servizio meteorologico per avvisare il pubblico di una tempesta imminente. Gli avvisi di tempesta vengono emessi quando \u00e8 prevista una tempesta con velocit\u00e0 del vento di almeno 62,14 mph (Bft 9) o forti raffiche. Gli avvisi di tempesta sono generalmente validi per un periodo da 3 a 6 ore. Gli avvisi di tempesta di solito non vengono emessi di notte o al mattino presto perch\u00e9 questo \u00e8 il momento in cui la maggior parte delle persone dorme.<\/p>\n<h3 class=\"p1\">Qual \u00e8 il livello di allerta temporale pi\u00f9 alto?<\/h3>\n<p class=\"p1\">Ci sono quattro livelli di allerta meteo grave. Il livello pi\u00f9 alto \u00e8 il livello di allerta 5, seguito dai livelli di allerta 4, 3, 2 e 1. I livelli di allerta sono stabiliti dal servizio meteorologico e si basano su vari criteri, come l&#039;intensit\u00e0 e la durata della tempesta, l&#039;entit\u00e0 dei danni e previste interruzioni del traffico<\/p>\n<h3 class=\"p1\">Quanto tempo impiega un temporale a passare?<\/h3>\n<p class=\"p1\">Sta arrivando una tempesta, ma per quanto tempo devi stare al sicuro? Una tempesta passa in fretta, cos\u00ec in fretta, infatti, che hai appena il tempo di metterti in salvo. Altrimenti, si trascina all&#039;infinito e l&#039;allerta meteo grave rimane in vigore. Ma quanto dura davvero un temporale?<\/p>\n<p class=\"p1\">Quindi la risposta a questa domanda non \u00e8 del tutto semplice. Dipende da quanto \u00e8 forte la tempesta e in quale regione si trova. Di solito, una tempesta dura tra 30 minuti e un&#039;ora. In rari casi, tuttavia, pu\u00f2 durare pi\u00f9 a lungo.<\/p>","protected":false},"excerpt":{"rendered":"<p>Radar tempesta: previsioni attuali per maltempo Cosa c&#039;\u00e8 di meglio che sedersi all&#039;aperto e godersi il sole quando il tempo \u00e8 bello? Purtroppo il tempo non \u00e8 sempre cos\u00ec bello. Il radar per condizioni meteorologiche avverse \u00e8 uno strumento importante per avvisare in caso di maltempo. Ma qual \u00e8 in realt\u00e0 il radar per condizioni meteorologiche avverse e come...&nbsp;<a href=\"https:\/\/weather-radar24.com\/it\/radar-tempesta\/\" rel=\"bookmark\">Read More &raquo;<span class=\"screen-reader-text\">Radar tempesta<\/span><\/a><\/p>","protected":false},"author":1,"featured_media":120,"parent":0,"menu_order":0,"comment_status":"closed","ping_status":"closed","template":"","meta":{"neve_meta_sidebar":"","neve_meta_container":"","neve_meta_enable_content_width":"off","neve_meta_content_width":100,"neve_meta_title_alignment":"","neve_meta_author_avatar":"","neve_post_elements_order":"","neve_meta_disable_header":"","neve_meta_disable_footer":"","neve_meta_disable_title":"on","neve_meta_reading_time":"","footnotes":""},"class_list":["post-44","page","type-page","status-publish","has-post-thumbnail","hentry"],"yoast_head":"<!-- This site is optimized with the Yoast SEO plugin v27.3 - https:\/\/yoast.com\/product\/yoast-seo-wordpress\/ -->\n<title>Storm radar - current forecast for severe weather<\/title>\n<meta name=\"description\" content=\"Track the current weather conditions in real time with our Storm radar! The weather map shows the forecast for rain and severe weather\" \/>\n<meta name=\"robots\" content=\"index, follow, max-snippet:-1, max-image-preview:large, max-video-preview:-1\" \/>\n<link rel=\"canonical\" href=\"https:\/\/weather-radar24.com\/it\/radar-tempesta\/\" \/>\n<meta property=\"og:locale\" content=\"it_IT\" \/>\n<meta property=\"og:type\" content=\"article\" \/>\n<meta property=\"og:title\" content=\"Storm radar - current forecast for severe weather\" \/>\n<meta property=\"og:description\" content=\"Track the current weather conditions in real time with our Storm radar! The weather map shows the forecast for rain and severe weather\" \/>\n<meta property=\"og:url\" content=\"https:\/\/weather-radar24.com\/it\/radar-tempesta\/\" \/>\n<meta property=\"article:modified_time\" content=\"2026-04-11T11:13:09+00:00\" \/>\n<meta property=\"og:image\" content=\"https:\/\/weather-radar24.com\/wp-content\/uploads\/2022\/08\/Bildschirmfoto-2022-08-18-um-19.20.43.png\" \/>\n\t<meta property=\"og:image:width\" content=\"353\" \/>\n\t<meta property=\"og:image:height\" content=\"258\" \/>\n\t<meta property=\"og:image:type\" content=\"image\/png\" \/>\n<meta name=\"twitter:card\" content=\"summary_large_image\" \/>\n<meta name=\"twitter:label1\" content=\"Tempo di lettura stimato\" \/>\n\t<meta name=\"twitter:data1\" content=\"4 minuti\" \/>\n<script type=\"application\/ld+json\" class=\"yoast-schema-graph\">{\"@context\":\"https:\\\/\\\/schema.org\",\"@graph\":[{\"@type\":\"WebPage\",\"@id\":\"https:\\\/\\\/weather-radar24.com\\\/storm-radar\\\/\",\"url\":\"https:\\\/\\\/weather-radar24.com\\\/storm-radar\\\/\",\"name\":\"Storm radar - current forecast for severe weather\",\"isPartOf\":{\"@id\":\"https:\\\/\\\/weather-radar24.com\\\/#website\"},\"primaryImageOfPage\":{\"@id\":\"https:\\\/\\\/weather-radar24.com\\\/storm-radar\\\/#primaryimage\"},\"image\":{\"@id\":\"https:\\\/\\\/weather-radar24.com\\\/storm-radar\\\/#primaryimage\"},\"thumbnailUrl\":\"https:\\\/\\\/weather-radar24.com\\\/wp-content\\\/uploads\\\/2022\\\/08\\\/Bildschirmfoto-2022-08-18-um-19.20.43.png\",\"datePublished\":\"2022-08-17T19:14:51+00:00\",\"dateModified\":\"2026-04-11T11:13:09+00:00\",\"description\":\"Track the current weather conditions in real time with our Storm radar! The weather map shows the forecast for rain and severe weather\",\"breadcrumb\":{\"@id\":\"https:\\\/\\\/weather-radar24.com\\\/storm-radar\\\/#breadcrumb\"},\"inLanguage\":\"it-IT\",\"potentialAction\":[{\"@type\":\"ReadAction\",\"target\":[\"https:\\\/\\\/weather-radar24.com\\\/storm-radar\\\/\"]}]},{\"@type\":\"ImageObject\",\"inLanguage\":\"it-IT\",\"@id\":\"https:\\\/\\\/weather-radar24.com\\\/storm-radar\\\/#primaryimage\",\"url\":\"https:\\\/\\\/weather-radar24.com\\\/wp-content\\\/uploads\\\/2022\\\/08\\\/Bildschirmfoto-2022-08-18-um-19.20.43.png\",\"contentUrl\":\"https:\\\/\\\/weather-radar24.com\\\/wp-content\\\/uploads\\\/2022\\\/08\\\/Bildschirmfoto-2022-08-18-um-19.20.43.png\",\"width\":353,\"height\":258,\"caption\":\"Storm radar\"},{\"@type\":\"BreadcrumbList\",\"@id\":\"https:\\\/\\\/weather-radar24.com\\\/storm-radar\\\/#breadcrumb\",\"itemListElement\":[{\"@type\":\"ListItem\",\"position\":1,\"name\":\"Startseite\",\"item\":\"https:\\\/\\\/weather-radar24.com\\\/\"},{\"@type\":\"ListItem\",\"position\":2,\"name\":\"Storm radar\"}]},{\"@type\":\"WebSite\",\"@id\":\"https:\\\/\\\/weather-radar24.com\\\/#website\",\"url\":\"https:\\\/\\\/weather-radar24.com\\\/\",\"name\":\"\",\"description\":\"\",\"potentialAction\":[{\"@type\":\"SearchAction\",\"target\":{\"@type\":\"EntryPoint\",\"urlTemplate\":\"https:\\\/\\\/weather-radar24.com\\\/?s={search_term_string}\"},\"query-input\":{\"@type\":\"PropertyValueSpecification\",\"valueRequired\":true,\"valueName\":\"search_term_string\"}}],\"inLanguage\":\"it-IT\"}]}<\/script>\n<!-- \/ Yoast SEO plugin. -->","yoast_head_json":{"title":"Radar tempesta - previsioni attuali per condizioni meteorologiche avverse","description":"Tieni traccia delle condizioni meteorologiche attuali in tempo reale con il nostro radar Storm! La mappa meteo mostra le previsioni di pioggia e maltempo","robots":{"index":"index","follow":"follow","max-snippet":"max-snippet:-1","max-image-preview":"max-image-preview:large","max-video-preview":"max-video-preview:-1"},"canonical":"https:\/\/weather-radar24.com\/it\/radar-tempesta\/","og_locale":"it_IT","og_type":"article","og_title":"Storm radar - current forecast for severe weather","og_description":"Track the current weather conditions in real time with our Storm radar! The weather map shows the forecast for rain and severe weather","og_url":"https:\/\/weather-radar24.com\/it\/radar-tempesta\/","article_modified_time":"2026-04-11T11:13:09+00:00","og_image":[{"width":353,"height":258,"url":"https:\/\/weather-radar24.com\/wp-content\/uploads\/2022\/08\/Bildschirmfoto-2022-08-18-um-19.20.43.png","type":"image\/png"}],"twitter_card":"summary_large_image","twitter_misc":{"Tempo di lettura stimato":"4 minuti"},"schema":{"@context":"https:\/\/schema.org","@graph":[{"@type":"WebPage","@id":"https:\/\/weather-radar24.com\/storm-radar\/","url":"https:\/\/weather-radar24.com\/storm-radar\/","name":"Radar tempesta - previsioni attuali per condizioni meteorologiche avverse","isPartOf":{"@id":"https:\/\/weather-radar24.com\/#website"},"primaryImageOfPage":{"@id":"https:\/\/weather-radar24.com\/storm-radar\/#primaryimage"},"image":{"@id":"https:\/\/weather-radar24.com\/storm-radar\/#primaryimage"},"thumbnailUrl":"https:\/\/weather-radar24.com\/wp-content\/uploads\/2022\/08\/Bildschirmfoto-2022-08-18-um-19.20.43.png","datePublished":"2022-08-17T19:14:51+00:00","dateModified":"2026-04-11T11:13:09+00:00","description":"Tieni traccia delle condizioni meteorologiche attuali in tempo reale con il nostro radar Storm! La mappa meteo mostra le previsioni di pioggia e maltempo","breadcrumb":{"@id":"https:\/\/weather-radar24.com\/storm-radar\/#breadcrumb"},"inLanguage":"it-IT","potentialAction":[{"@type":"ReadAction","target":["https:\/\/weather-radar24.com\/storm-radar\/"]}]},{"@type":"ImageObject","inLanguage":"it-IT","@id":"https:\/\/weather-radar24.com\/storm-radar\/#primaryimage","url":"https:\/\/weather-radar24.com\/wp-content\/uploads\/2022\/08\/Bildschirmfoto-2022-08-18-um-19.20.43.png","contentUrl":"https:\/\/weather-radar24.com\/wp-content\/uploads\/2022\/08\/Bildschirmfoto-2022-08-18-um-19.20.43.png","width":353,"height":258,"caption":"Storm radar"},{"@type":"BreadcrumbList","@id":"https:\/\/weather-radar24.com\/storm-radar\/#breadcrumb","itemListElement":[{"@type":"ListItem","position":1,"name":"Startseite","item":"https:\/\/weather-radar24.com\/"},{"@type":"ListItem","position":2,"name":"Storm radar"}]},{"@type":"WebSite","@id":"https:\/\/weather-radar24.com\/#website","url":"https:\/\/weather-radar24.com\/","name":"","description":"","potentialAction":[{"@type":"SearchAction","target":{"@type":"EntryPoint","urlTemplate":"https:\/\/weather-radar24.com\/?s={search_term_string}"},"query-input":{"@type":"PropertyValueSpecification","valueRequired":true,"valueName":"search_term_string"}}],"inLanguage":"it-IT"}]}},"_links":{"self":[{"href":"https:\/\/weather-radar24.com\/it\/wp-json\/wp\/v2\/pages\/44","targetHints":{"allow":["GET"]}}],"collection":[{"href":"https:\/\/weather-radar24.com\/it\/wp-json\/wp\/v2\/pages"}],"about":[{"href":"https:\/\/weather-radar24.com\/it\/wp-json\/wp\/v2\/types\/page"}],"author":[{"embeddable":true,"href":"https:\/\/weather-radar24.com\/it\/wp-json\/wp\/v2\/users\/1"}],"replies":[{"embeddable":true,"href":"https:\/\/weather-radar24.com\/it\/wp-json\/wp\/v2\/comments?post=44"}],"version-history":[{"count":10,"href":"https:\/\/weather-radar24.com\/it\/wp-json\/wp\/v2\/pages\/44\/revisions"}],"predecessor-version":[{"id":119,"href":"https:\/\/weather-radar24.com\/it\/wp-json\/wp\/v2\/pages\/44\/revisions\/119"}],"wp:featuredmedia":[{"embeddable":true,"href":"https:\/\/weather-radar24.com\/it\/wp-json\/wp\/v2\/media\/120"}],"wp:attachment":[{"href":"https:\/\/weather-radar24.com\/it\/wp-json\/wp\/v2\/media?parent=44"}],"curies":[{"name":"wp","href":"https:\/\/api.w.org\/{rel}","templated":true}]}}