{"id":48,"date":"2022-08-17T21:15:27","date_gmt":"2022-08-17T19:15:27","guid":{"rendered":"https:\/\/weather-radar24.com\/?page_id=48"},"modified":"2022-08-26T14:30:17","modified_gmt":"2022-08-26T12:30:17","slug":"tornado-radar","status":"publish","type":"page","link":"https:\/\/weather-radar24.com\/it\/tornado-radar\/","title":{"rendered":"Radar tornado"},"content":{"rendered":"<h1>Mappa in tempo reale di Tornado Tracker<br \/>\n<iframe loading=\"lazy\" src=\"https:\/\/embed.windy.com\/embed2.html?lat=39.606&amp;lon=-97.031&amp;detailLat=49.142&amp;detailLon=9.223&amp;width=1300&amp;height=600&amp;zoom=5&amp;level=surface&amp;overlay=gust&amp;product=ecmwf&amp;menu=&amp;message=&amp;marker=&amp;calendar=now&amp;pressure=&amp;type=map&amp;location=coordinates&amp;detail=&amp;metricWind=default&amp;metricTemp=default&amp;radarRange=-1\" width=\"100%\" height=\"600\" frameborder=\"0\" data-dashlane-frameid=\"1654\"><\/iframe><\/h1>\n<p style=\"text-align: center;\"><strong>Sposta la mappa per trovare il Tornado che desideri monitorare.<\/strong><\/p>\n<p class=\"p1\">Anche se i tornado sono relativamente rari, dovresti comunque sapere come riconoscerli e cosa fare non appena ti rendi conto che un tornado \u00e8 vicino a te!<\/p>\n<h2>Probabilit\u00e0 di tornado negli USA oggi<\/h2>\n<p><a href=\"https:\/\/www.spc.noaa.gov\/products\/outlook\/day1otlk.html\" target=\"_blank\" rel=\"nofollow noopener\"><img loading=\"lazy\" decoding=\"async\" class=\"aligncenter\" src=\"https:\/\/www.spc.noaa.gov\/products\/outlook\/day1probotlk_torn.gif\" alt=\"\" width=\"815\" height=\"555\" \/><\/a><\/p>\n<h2>Probabilit\u00e0 tornado di domani negli USA<\/h2>\n<p><a href=\"https:\/\/www.spc.noaa.gov\/products\/outlook\/day1otlk.html\" target=\"_blank\" rel=\"nofollow noopener\"><img loading=\"lazy\" decoding=\"async\" class=\"aligncenter\" src=\"https:\/\/www.spc.noaa.gov\/products\/outlook\/day2probotlk_torn.gif\" alt=\"\" width=\"815\" height=\"555\" \/><\/a><\/p>\n<h2>Gli attuali orologi per maltempo<\/h2>\n<p><a href=\"https:\/\/www.spc.noaa.gov\/products\/outlook\/day1otlk.html\" target=\"_blank\" rel=\"nofollow noopener\"><img loading=\"lazy\" decoding=\"async\" class=\"aligncenter\" src=\"https:\/\/www.spc.noaa.gov\/products\/watch\/validww.png\" alt=\"\" width=\"582\" height=\"408\" \/><\/a><\/p>\n<p style=\"text-align: center;\">Lo sono gli orologi da forte temporale <span style=\"color: #0000ff;\">blu<\/span>. Gli orologi Tornado sono <span style=\"color: #ff0000;\">rosso<\/span>.<\/p>\n<h2 class=\"p1\">Come leggere il radar tornado<\/h2>\n<p class=\"p1\">Quando guardi il tracker tornado, puoi imparare alcune cose interessanti sul <a href=\"https:\/\/weather-radar24.com\/it\/\">Meteo attuale<\/a>. Ad esempio, puoi vedere se c&#039;\u00e8 un tornado nelle vicinanze. Se utilizzi il radar tornado per prevedere il tempo, puoi anche vedere dove potrebbe verificarsi un tornado. Quando usi il tornado tracker per prevedere il tempo, dovresti interpretarlo come se stessi leggendo una mappa.<\/p>\n<p class=\"p1\">Il localizzatore di tornado ti mostra la posizione dei tornado nelle vicinanze. I colori del radar tornado ti dicono la forza del tornado. Pi\u00f9 grande e forte \u00e8 il tornado, pi\u00f9 rosso appare sul radar del tornado. La forma del tornado sul radar fornisce informazioni sulla sua direzione. Se il tornado punta in alto a sinistra, si sta muovendo a nord-est. Se punta in alto a destra, si sta muovendo a sud-est. Se \u00e8 orizzontale, si sta muovendo verso ovest o verso est. E se punta verso il basso, si sta muovendo a nord-ovest oa sud-ovest.<\/p>\n<p class=\"p1\">Quando si utilizza il radar tornado per prevedere dove potrebbe verificarsi un tornado, \u00e8 necessario prima considerare la forza del tornado. Pi\u00f9 forte \u00e8 il tornado, pi\u00f9 \u00e8 probabile che si formi. In secondo luogo, dovresti considerare la direzione in cui sta puntando il tornado. Se \u00e8 orizzontale, \u00e8 pi\u00f9 probabile che si formi. E terzo, dovresti considerare dove si trova il tornado. Pi\u00f9 \u00e8 lontano dal centro della tempesta, pi\u00f9 \u00e8 probabile che si formi.<\/p>\n<h3 class=\"p1\">Cos&#039;\u00e8 un tornado?<\/h3>\n<p class=\"p1\">Un tornado \u00e8 una potente depressione temporalesca che ruota rapidamente dai livelli pi\u00f9 bassi dell&#039;atmosfera nella troposfera. I tornado possono verificarsi sulla terraferma o sull&#039;acqua e di solito hanno una larghezza da poche centinaia di metri a pochi chilometri. Sono molto pericolosi e possono causare gravi danni.<\/p>\n<h3 class=\"p1\">Come si formano i tornado?<\/h3>\n<p class=\"p1\">I tornado si formano quando l&#039;aria fredda e quella calda si mescolano. L&#039;aria fredda \u00e8 pi\u00f9 pesante dell&#039;aria calda e spinge l&#039;aria calda verso l&#039;alto. Quando l&#039;aria fredda sale, si forma un vortice che gira continuamente. Maggiore \u00e8 la differenza di temperatura tra l&#039;aria fredda e quella calda, pi\u00f9 forte diventa il vortice. I tornado possono formarsi molto improvvisamente e di solito durano solo pochi minuti.<\/p>\n<h3 class=\"p1\">Quando inizia la stagione dei tornado negli Stati Uniti?<\/h3>\n<p class=\"p1\"><a href=\"https:\/\/www.bobvila.com\/articles\/when-is-tornado-season\/\" target=\"_blank\" rel=\"noopener\">Stagione dei tornado negli Stati Uniti<\/a> inizia ufficialmente il 1 giugno e termina il 30 novembre. Questo \u00e8 il momento in cui il rischio di tornado \u00e8 pi\u00f9 alto. Tuttavia, la maggior parte dei tornado negli Stati Uniti si verifica a maggio, giugno e luglio. Negli ultimi anni, tuttavia, ci sono state delle eccezioni, quindi i tornado possono verificarsi al di fuori della stagione ufficiale. La prima met\u00e0 della stagione \u00e8 solitamente la pi\u00f9 attiva, poich\u00e9 \u00e8 qui che la maggior parte delle condizioni meteorologiche sono pi\u00f9 favorevoli alla formazione di tornado.<\/p>\n<h3 class=\"p1\"><b>Classi di tornado<\/b><\/h3>\n<p class=\"p1\">Un tornado \u00e8 un evento meteorologico estremamente violento caratterizzato da venti molto forti e un vortice stretto. Ci sono le seguenti categorie:<\/p>\n<ul style=\"list-style-type: circle;\">\n<li><strong>F0<\/strong> (velocit\u00e0 del vento di 72,7 mph)<\/li>\n<li class=\"p1\"><strong>F1<\/strong> (debole, velocit\u00e0 del vento di 72,7 mph \u2013 111,8 mph)<\/li>\n<li class=\"p1\"><strong>F2<\/strong> (medio forte, velocit\u00e0 del vento di 111,8 mph \u2013 156,5 mph)<\/li>\n<li class=\"p1\"><strong>F3<\/strong> (forte, velocit\u00e0 del vento di 156,5 mph \u2013 206,9 mph)<\/li>\n<li class=\"p1\"><strong>F4<\/strong> (molto forte, velocit\u00e0 del vento di 206,9 mph \u2013 260,3 mph<span class=\"s1\">)<\/span><\/li>\n<li><strong>F5<\/strong> (violento, velocit\u00e0 del vento superiore a 260,3 mph)<\/li>\n<\/ul>","protected":false},"excerpt":{"rendered":"<p>Tornado Tracker live map Move the map to find the Tornado you want to track. Even though tornadoes are relatively rare, you should still know how to recognize them and what to do as soon as you realize a tornado is near you! Tornado probability in the U.S.A. today Tomorrow\u2019s tornado probability in the U.S.A.&hellip;&nbsp;<a href=\"https:\/\/weather-radar24.com\/it\/tornado-radar\/\" rel=\"bookmark\">Read More &raquo;<span class=\"screen-reader-text\">Radar tornado<\/span><\/a><\/p>","protected":false},"author":1,"featured_media":128,"parent":0,"menu_order":0,"comment_status":"closed","ping_status":"closed","template":"","meta":{"neve_meta_sidebar":"","neve_meta_container":"","neve_meta_enable_content_width":"off","neve_meta_content_width":100,"neve_meta_title_alignment":"","neve_meta_author_avatar":"","neve_post_elements_order":"","neve_meta_disable_header":"","neve_meta_disable_footer":"","neve_meta_disable_title":"on","neve_meta_reading_time":"","footnotes":""},"class_list":["post-48","page","type-page","status-publish","has-post-thumbnail","hentry"],"yoast_head":"<!-- This site is optimized with the Yoast SEO plugin v26.6 - https:\/\/yoast.com\/wordpress\/plugins\/seo\/ -->\n<title>Tornado Tracker live map - Track where are tornadoes<\/title>\n<meta name=\"description\" content=\"Tornado radar \u2713 Includes tracking map, live radar- Track the current wind force, wind speed and wind forecast for the next few days.\" \/>\n<meta name=\"robots\" content=\"index, follow, max-snippet:-1, max-image-preview:large, max-video-preview:-1\" \/>\n<link rel=\"canonical\" href=\"https:\/\/weather-radar24.com\/it\/tornado-radar\/\" \/>\n<meta property=\"og:locale\" content=\"it_IT\" \/>\n<meta property=\"og:type\" content=\"article\" \/>\n<meta property=\"og:title\" content=\"Tornado Tracker live map - Track where are tornadoes\" \/>\n<meta property=\"og:description\" content=\"Tornado radar \u2713 Includes tracking map, live radar- Track the current wind force, wind speed and wind forecast for the next few days.\" \/>\n<meta property=\"og:url\" content=\"https:\/\/weather-radar24.com\/it\/tornado-radar\/\" \/>\n<meta property=\"article:modified_time\" content=\"2022-08-26T12:30:17+00:00\" \/>\n<meta property=\"og:image\" content=\"https:\/\/weather-radar24.com\/wp-content\/uploads\/2022\/08\/Bildschirmfoto-2022-08-18-um-19.32.48.png\" \/>\n\t<meta property=\"og:image:width\" content=\"341\" \/>\n\t<meta property=\"og:image:height\" content=\"300\" \/>\n\t<meta property=\"og:image:type\" content=\"image\/png\" \/>\n<meta name=\"twitter:card\" content=\"summary_large_image\" \/>\n<meta name=\"twitter:label1\" content=\"Tempo di lettura stimato\" \/>\n\t<meta name=\"twitter:data1\" content=\"4 minuti\" \/>\n<script type=\"application\/ld+json\" class=\"yoast-schema-graph\">{\"@context\":\"https:\/\/schema.org\",\"@graph\":[{\"@type\":\"WebPage\",\"@id\":\"https:\/\/weather-radar24.com\/tornado-radar\/\",\"url\":\"https:\/\/weather-radar24.com\/tornado-radar\/\",\"name\":\"Tornado Tracker live map - Track where are tornadoes\",\"isPartOf\":{\"@id\":\"https:\/\/weather-radar24.com\/#website\"},\"primaryImageOfPage\":{\"@id\":\"https:\/\/weather-radar24.com\/tornado-radar\/#primaryimage\"},\"image\":{\"@id\":\"https:\/\/weather-radar24.com\/tornado-radar\/#primaryimage\"},\"thumbnailUrl\":\"https:\/\/weather-radar24.com\/wp-content\/uploads\/2022\/08\/Bildschirmfoto-2022-08-18-um-19.32.48.png\",\"datePublished\":\"2022-08-17T19:15:27+00:00\",\"dateModified\":\"2022-08-26T12:30:17+00:00\",\"description\":\"Tornado radar \u2713 Includes tracking map, live radar- Track the current wind force, wind speed and wind forecast for the next few days.\",\"breadcrumb\":{\"@id\":\"https:\/\/weather-radar24.com\/tornado-radar\/#breadcrumb\"},\"inLanguage\":\"it-IT\",\"potentialAction\":[{\"@type\":\"ReadAction\",\"target\":[\"https:\/\/weather-radar24.com\/tornado-radar\/\"]}]},{\"@type\":\"ImageObject\",\"inLanguage\":\"it-IT\",\"@id\":\"https:\/\/weather-radar24.com\/tornado-radar\/#primaryimage\",\"url\":\"https:\/\/weather-radar24.com\/wp-content\/uploads\/2022\/08\/Bildschirmfoto-2022-08-18-um-19.32.48.png\",\"contentUrl\":\"https:\/\/weather-radar24.com\/wp-content\/uploads\/2022\/08\/Bildschirmfoto-2022-08-18-um-19.32.48.png\",\"width\":341,\"height\":300,\"caption\":\"Tornado radar\"},{\"@type\":\"BreadcrumbList\",\"@id\":\"https:\/\/weather-radar24.com\/tornado-radar\/#breadcrumb\",\"itemListElement\":[{\"@type\":\"ListItem\",\"position\":1,\"name\":\"Startseite\",\"item\":\"https:\/\/weather-radar24.com\/\"},{\"@type\":\"ListItem\",\"position\":2,\"name\":\"Tornado radar\"}]},{\"@type\":\"WebSite\",\"@id\":\"https:\/\/weather-radar24.com\/#website\",\"url\":\"https:\/\/weather-radar24.com\/\",\"name\":\"\",\"description\":\"\",\"potentialAction\":[{\"@type\":\"SearchAction\",\"target\":{\"@type\":\"EntryPoint\",\"urlTemplate\":\"https:\/\/weather-radar24.com\/?s={search_term_string}\"},\"query-input\":{\"@type\":\"PropertyValueSpecification\",\"valueRequired\":true,\"valueName\":\"search_term_string\"}}],\"inLanguage\":\"it-IT\"}]}<\/script>\n<!-- \/ Yoast SEO plugin. -->","yoast_head_json":{"title":"Mappa live di Tornado Tracker - Traccia dove sono i tornado","description":"Radar Tornado \u2713 Include mappa di tracciamento, radar in tempo reale: traccia la forza del vento attuale, la velocit\u00e0 del vento e le previsioni del vento per i prossimi giorni.","robots":{"index":"index","follow":"follow","max-snippet":"max-snippet:-1","max-image-preview":"max-image-preview:large","max-video-preview":"max-video-preview:-1"},"canonical":"https:\/\/weather-radar24.com\/it\/tornado-radar\/","og_locale":"it_IT","og_type":"article","og_title":"Tornado Tracker live map - Track where are tornadoes","og_description":"Tornado radar \u2713 Includes tracking map, live radar- Track the current wind force, wind speed and wind forecast for the next few days.","og_url":"https:\/\/weather-radar24.com\/it\/tornado-radar\/","article_modified_time":"2022-08-26T12:30:17+00:00","og_image":[{"width":341,"height":300,"url":"https:\/\/weather-radar24.com\/wp-content\/uploads\/2022\/08\/Bildschirmfoto-2022-08-18-um-19.32.48.png","type":"image\/png"}],"twitter_card":"summary_large_image","twitter_misc":{"Tempo di lettura stimato":"4 minuti"},"schema":{"@context":"https:\/\/schema.org","@graph":[{"@type":"WebPage","@id":"https:\/\/weather-radar24.com\/tornado-radar\/","url":"https:\/\/weather-radar24.com\/tornado-radar\/","name":"Mappa live di Tornado Tracker - Traccia dove sono i tornado","isPartOf":{"@id":"https:\/\/weather-radar24.com\/#website"},"primaryImageOfPage":{"@id":"https:\/\/weather-radar24.com\/tornado-radar\/#primaryimage"},"image":{"@id":"https:\/\/weather-radar24.com\/tornado-radar\/#primaryimage"},"thumbnailUrl":"https:\/\/weather-radar24.com\/wp-content\/uploads\/2022\/08\/Bildschirmfoto-2022-08-18-um-19.32.48.png","datePublished":"2022-08-17T19:15:27+00:00","dateModified":"2022-08-26T12:30:17+00:00","description":"Radar Tornado \u2713 Include mappa di tracciamento, radar in tempo reale: traccia la forza del vento attuale, la velocit\u00e0 del vento e le previsioni del vento per i prossimi giorni.","breadcrumb":{"@id":"https:\/\/weather-radar24.com\/tornado-radar\/#breadcrumb"},"inLanguage":"it-IT","potentialAction":[{"@type":"ReadAction","target":["https:\/\/weather-radar24.com\/tornado-radar\/"]}]},{"@type":"ImageObject","inLanguage":"it-IT","@id":"https:\/\/weather-radar24.com\/tornado-radar\/#primaryimage","url":"https:\/\/weather-radar24.com\/wp-content\/uploads\/2022\/08\/Bildschirmfoto-2022-08-18-um-19.32.48.png","contentUrl":"https:\/\/weather-radar24.com\/wp-content\/uploads\/2022\/08\/Bildschirmfoto-2022-08-18-um-19.32.48.png","width":341,"height":300,"caption":"Tornado radar"},{"@type":"BreadcrumbList","@id":"https:\/\/weather-radar24.com\/tornado-radar\/#breadcrumb","itemListElement":[{"@type":"ListItem","position":1,"name":"Startseite","item":"https:\/\/weather-radar24.com\/"},{"@type":"ListItem","position":2,"name":"Tornado radar"}]},{"@type":"WebSite","@id":"https:\/\/weather-radar24.com\/#website","url":"https:\/\/weather-radar24.com\/","name":"","description":"","potentialAction":[{"@type":"SearchAction","target":{"@type":"EntryPoint","urlTemplate":"https:\/\/weather-radar24.com\/?s={search_term_string}"},"query-input":{"@type":"PropertyValueSpecification","valueRequired":true,"valueName":"search_term_string"}}],"inLanguage":"it-IT"}]}},"_links":{"self":[{"href":"https:\/\/weather-radar24.com\/it\/wp-json\/wp\/v2\/pages\/48","targetHints":{"allow":["GET"]}}],"collection":[{"href":"https:\/\/weather-radar24.com\/it\/wp-json\/wp\/v2\/pages"}],"about":[{"href":"https:\/\/weather-radar24.com\/it\/wp-json\/wp\/v2\/types\/page"}],"author":[{"embeddable":true,"href":"https:\/\/weather-radar24.com\/it\/wp-json\/wp\/v2\/users\/1"}],"replies":[{"embeddable":true,"href":"https:\/\/weather-radar24.com\/it\/wp-json\/wp\/v2\/comments?post=48"}],"version-history":[{"count":10,"href":"https:\/\/weather-radar24.com\/it\/wp-json\/wp\/v2\/pages\/48\/revisions"}],"predecessor-version":[{"id":183,"href":"https:\/\/weather-radar24.com\/it\/wp-json\/wp\/v2\/pages\/48\/revisions\/183"}],"wp:featuredmedia":[{"embeddable":true,"href":"https:\/\/weather-radar24.com\/it\/wp-json\/wp\/v2\/media\/128"}],"wp:attachment":[{"href":"https:\/\/weather-radar24.com\/it\/wp-json\/wp\/v2\/media?parent=48"}],"curies":[{"name":"wp","href":"https:\/\/api.w.org\/{rel}","templated":true}]}}