{"id":50,"date":"2022-08-17T21:15:47","date_gmt":"2022-08-17T19:15:47","guid":{"rendered":"https:\/\/weather-radar24.com\/?page_id=50"},"modified":"2022-09-03T18:53:09","modified_gmt":"2022-09-03T16:53:09","slug":"snow-cover-map","status":"publish","type":"page","link":"https:\/\/weather-radar24.com\/it\/mappa-del-manto-nevoso\/","title":{"rendered":"Mappa del manto nevoso"},"content":{"rendered":"<h1>Mappa del manto nevoso Live \u2013 previsioni neve aggiornate<\/h1>\n<p>Una mappa del manto nevoso \u00e8 uno strumento indispensabile per tutti coloro che vogliono prepararsi allo scoppio della neve. Ti spieghiamo come funziona e tutto ci\u00f2 di cui devi essere a conoscenza!<br \/>\n<iframe loading=\"lazy\" src=\"https:\/\/embed.windy.com\/embed2.html?lat=39.606&amp;lon=-97.031&amp;detailLat=49.142&amp;detailLon=9.223&amp;width=1300&amp;height=600&amp;zoom=6&amp;level=surface&amp;overlay=rain&amp;product=ecmwf&amp;menu=&amp;message=true&amp;marker=&amp;calendar=now&amp;pressure=&amp;type=map&amp;location=coordinates&amp;detail=&amp;metricWind=default&amp;metricTemp=default&amp;radarRange=-1\" width=\"100%\" height=\"600\" frameborder=\"0\" data-dashlane-frameid=\"1660\"><\/iframe><\/p>\n<p class=\"p1\">\n<h2 class=\"p1\">Che cos&#039;\u00e8 una mappa del manto nevoso?<\/h2>\n<p class=\"p1\">Una mappa del manto nevoso \u00e8 uno strumento importante per migliorare le previsioni della neve. Pu\u00f2 aiutare a monitorare il movimento di <a href=\"https:\/\/scijinks.gov\/snowflakes\/\" target=\"_blank\" rel=\"noopener\">fiocchi di neve<\/a> per prevedere la quantit\u00e0 di neve. Tuttavia, per utilizzarlo correttamente, \u00e8 necessario saperlo leggere.<\/p>\n<p class=\"p1\">La mappa del manto nevoso mostra l&#039;intensit\u00e0 della nevicata in diversi colori. I colori vanno dal giallo al rosso, il che significa che la nevicata \u00e8 molto fitta. I punti neri sulla mappa indicano che non ci sono nevicate. Quando si guarda il <a href=\"https:\/\/weather-radar24.com\/it\/\">radar meteorologico<\/a>, dovresti anche prestare attenzione alla direzione del vento. La direzione del vento pu\u00f2 aiutarti a prevedere il movimento dei fiocchi di neve. Se il vento viene da nord, significa che la neve cadr\u00e0 in direzione sud. Se la <a href=\"https:\/\/weather-radar24.com\/it\/vento-radar\/\">vento<\/a> \u00e8 da sud, significa che la neve cadr\u00e0 in direzione nord.<\/p>\n<p class=\"p1\">La carta del manto nevoso \u00e8 uno strumento utile, ma \u00e8 importante saperla interpretare correttamente. Solo cos\u00ec potrai fare la migliore previsione possibile.<\/p>\n<h2 class=\"p1\">Come funziona la mappa del manto nevoso?<\/h2>\n<p class=\"p1\">Una mappa del manto nevoso \u00e8 uno strumento utilizzato per prevedere le precipitazioni, in particolare la neve. La mappa della neve funziona inviando onde radio nell&#039;atmosfera e tracciando i segnali riflessi. L&#039;intensit\u00e0 dei segnali riflessi varia a seconda di quante gocce d&#039;acqua o cristalli di neve colpiscono il raggio radar. Pertanto, la mappa del manto nevoso pu\u00f2 prevedere le quantit\u00e0 di precipitazioni misurando l&#039;intensit\u00e0 dei segnali riflessi.<\/p>\n<p class=\"p1\">Pi\u00f9 forte \u00e8 il segnale, maggiore \u00e8 la probabilit\u00e0 di forti precipitazioni. Sulla base di queste misurazioni, i meteorologi possono fare previsioni sul tipo e sulla quantit\u00e0 di precipitazioni che cadranno in una determinata area.<\/p>\n<h3 class=\"p1\">Quando inizier\u00e0 a nevicare?<\/h3>\n<p class=\"p1\">Se hai seguito gli ultimi bollettini meteorologici, probabilmente hai notato che ultimamente nevica pi\u00f9 frequentemente. Le nevicate sono un evento raro nella maggior parte delle regioni e le persone sono curiose di sapere quando inizier\u00e0 a nevicare. La verit\u00e0 \u00e8 che non esiste una risposta esatta perch\u00e9 ci sono molti fattori che influenzano la nevicata.<\/p>\n<p class=\"p1\">Tuttavia, alcuni fattori possono influenzare l&#039;ora esatta della nevicata. Uno dei fattori pi\u00f9 importanti \u00e8 l&#039;umidit\u00e0. Maggiore \u00e8 l&#039;umidit\u00e0, pi\u00f9 \u00e8 probabile che il vapore acqueo si condensi<span class=\"Apple-converted-space\">\u00a0<\/span>l&#039;aria e formano cristalli di neve.<\/p>\n<h3 class=\"p1\">Dove nevica di pi\u00f9?<\/h3>\n<p class=\"p1\">Una vetta di 4.671 metri al confine tra la provincia canadese della Columbia Britannica e lo stato americano dell&#039;Alaska non \u00e8 solo probabilmente la montagna con il nome pi\u00f9 impreciso al mondo, ma anche potenzialmente il luogo pi\u00f9 innevato della terra: Mount Fairweather - la montagna di Fairweather.<\/p>\n<p class=\"p1\">Le mappe delle precipitazioni mostrano da 7.000 a 18.000 millimetri di precipitazioni annuali per le regioni pi\u00f9 alte, o fino a 49 millimetri al giorno; e che cade interamente come neve lass\u00f9. Secondo il consueto schema di conversione, che presuppone un centimetro di neve per millimetro di precipitazione, ci\u00f2 si traduce in un cumulo di neve annuale fino a 180 metri. L&#039;unico problema \u00e8 che non ci sono impianti di risalita nella remota Wrangell-St. Monti Elia.<\/p>","protected":false},"excerpt":{"rendered":"<p>Carta del manto nevoso Live \u2013 Previsioni neve aggiornate Una mappa del manto nevoso \u00e8 uno strumento indispensabile per tutti coloro che vogliono prepararsi allo scoppio della neve. Ti spieghiamo come funziona e tutto ci\u00f2 di cui devi essere a conoscenza! Che cos&#039;\u00e8 una mappa del manto nevoso? Una mappa del manto nevoso \u00e8 uno strumento importante per...&nbsp;<a href=\"https:\/\/weather-radar24.com\/it\/mappa-del-manto-nevoso\/\" rel=\"bookmark\">Read More &raquo;<span class=\"screen-reader-text\">Mappa del manto nevoso<\/span><\/a><\/p>","protected":false},"author":1,"featured_media":117,"parent":0,"menu_order":0,"comment_status":"closed","ping_status":"closed","template":"","meta":{"neve_meta_sidebar":"","neve_meta_container":"","neve_meta_enable_content_width":"off","neve_meta_content_width":100,"neve_meta_title_alignment":"","neve_meta_author_avatar":"","neve_post_elements_order":"","neve_meta_disable_header":"","neve_meta_disable_footer":"","neve_meta_disable_title":"on","neve_meta_reading_time":"","footnotes":""},"class_list":["post-50","page","type-page","status-publish","has-post-thumbnail","hentry"],"yoast_head":"<!-- This site is optimized with the Yoast SEO plugin v26.6 - https:\/\/yoast.com\/wordpress\/plugins\/seo\/ -->\n<title>Snow cover map Live \u2013 current snow forecast<\/title>\n<meta name=\"description\" content=\"Follow the current snow forecast Worldwide with our Snow cover map Live Tracker. Where is it currently snowing? \u2744\ufe0f\" \/>\n<meta name=\"robots\" content=\"index, follow, max-snippet:-1, max-image-preview:large, max-video-preview:-1\" \/>\n<link rel=\"canonical\" href=\"https:\/\/weather-radar24.com\/it\/mappa-del-manto-nevoso\/\" \/>\n<meta property=\"og:locale\" content=\"it_IT\" \/>\n<meta property=\"og:type\" content=\"article\" \/>\n<meta property=\"og:title\" content=\"Snow cover map Live \u2013 current snow forecast\" \/>\n<meta property=\"og:description\" content=\"Follow the current snow forecast Worldwide with our Snow cover map Live Tracker. Where is it currently snowing? \u2744\ufe0f\" \/>\n<meta property=\"og:url\" content=\"https:\/\/weather-radar24.com\/it\/mappa-del-manto-nevoso\/\" \/>\n<meta property=\"article:modified_time\" content=\"2022-09-03T16:53:09+00:00\" \/>\n<meta property=\"og:image\" content=\"https:\/\/weather-radar24.com\/wp-content\/uploads\/2022\/08\/Bildschirmfoto-2022-08-19-um-20.55.53.png\" \/>\n\t<meta property=\"og:image:width\" content=\"366\" \/>\n\t<meta property=\"og:image:height\" content=\"226\" \/>\n\t<meta property=\"og:image:type\" content=\"image\/png\" \/>\n<meta name=\"twitter:card\" content=\"summary_large_image\" \/>\n<meta name=\"twitter:label1\" content=\"Tempo di lettura stimato\" \/>\n\t<meta name=\"twitter:data1\" content=\"3 minuti\" \/>\n<script type=\"application\/ld+json\" class=\"yoast-schema-graph\">{\"@context\":\"https:\/\/schema.org\",\"@graph\":[{\"@type\":\"WebPage\",\"@id\":\"https:\/\/weather-radar24.com\/snow-cover-map\/\",\"url\":\"https:\/\/weather-radar24.com\/snow-cover-map\/\",\"name\":\"Snow cover map Live \u2013 current snow forecast\",\"isPartOf\":{\"@id\":\"https:\/\/weather-radar24.com\/#website\"},\"primaryImageOfPage\":{\"@id\":\"https:\/\/weather-radar24.com\/snow-cover-map\/#primaryimage\"},\"image\":{\"@id\":\"https:\/\/weather-radar24.com\/snow-cover-map\/#primaryimage\"},\"thumbnailUrl\":\"https:\/\/weather-radar24.com\/wp-content\/uploads\/2022\/08\/Bildschirmfoto-2022-08-19-um-20.55.53.png\",\"datePublished\":\"2022-08-17T19:15:47+00:00\",\"dateModified\":\"2022-09-03T16:53:09+00:00\",\"description\":\"Follow the current snow forecast Worldwide with our Snow cover map Live Tracker. Where is it currently snowing? \u2744\ufe0f\",\"breadcrumb\":{\"@id\":\"https:\/\/weather-radar24.com\/snow-cover-map\/#breadcrumb\"},\"inLanguage\":\"it-IT\",\"potentialAction\":[{\"@type\":\"ReadAction\",\"target\":[\"https:\/\/weather-radar24.com\/snow-cover-map\/\"]}]},{\"@type\":\"ImageObject\",\"inLanguage\":\"it-IT\",\"@id\":\"https:\/\/weather-radar24.com\/snow-cover-map\/#primaryimage\",\"url\":\"https:\/\/weather-radar24.com\/wp-content\/uploads\/2022\/08\/Bildschirmfoto-2022-08-19-um-20.55.53.png\",\"contentUrl\":\"https:\/\/weather-radar24.com\/wp-content\/uploads\/2022\/08\/Bildschirmfoto-2022-08-19-um-20.55.53.png\",\"width\":366,\"height\":226,\"caption\":\"Snow cover map\"},{\"@type\":\"BreadcrumbList\",\"@id\":\"https:\/\/weather-radar24.com\/snow-cover-map\/#breadcrumb\",\"itemListElement\":[{\"@type\":\"ListItem\",\"position\":1,\"name\":\"Startseite\",\"item\":\"https:\/\/weather-radar24.com\/\"},{\"@type\":\"ListItem\",\"position\":2,\"name\":\"Snow cover map\"}]},{\"@type\":\"WebSite\",\"@id\":\"https:\/\/weather-radar24.com\/#website\",\"url\":\"https:\/\/weather-radar24.com\/\",\"name\":\"\",\"description\":\"\",\"potentialAction\":[{\"@type\":\"SearchAction\",\"target\":{\"@type\":\"EntryPoint\",\"urlTemplate\":\"https:\/\/weather-radar24.com\/?s={search_term_string}\"},\"query-input\":{\"@type\":\"PropertyValueSpecification\",\"valueRequired\":true,\"valueName\":\"search_term_string\"}}],\"inLanguage\":\"it-IT\"}]}<\/script>\n<!-- \/ Yoast SEO plugin. -->","yoast_head_json":{"title":"Mappa del manto nevoso Live \u2013 previsioni neve aggiornate","description":"Segui le attuali previsioni della neve in tutto il mondo con la nostra mappa del manto nevoso Live Tracker. Dove sta nevicando attualmente? \u2744\ufe0f","robots":{"index":"index","follow":"follow","max-snippet":"max-snippet:-1","max-image-preview":"max-image-preview:large","max-video-preview":"max-video-preview:-1"},"canonical":"https:\/\/weather-radar24.com\/it\/mappa-del-manto-nevoso\/","og_locale":"it_IT","og_type":"article","og_title":"Snow cover map Live \u2013 current snow forecast","og_description":"Follow the current snow forecast Worldwide with our Snow cover map Live Tracker. Where is it currently snowing? \u2744\ufe0f","og_url":"https:\/\/weather-radar24.com\/it\/mappa-del-manto-nevoso\/","article_modified_time":"2022-09-03T16:53:09+00:00","og_image":[{"width":366,"height":226,"url":"https:\/\/weather-radar24.com\/wp-content\/uploads\/2022\/08\/Bildschirmfoto-2022-08-19-um-20.55.53.png","type":"image\/png"}],"twitter_card":"summary_large_image","twitter_misc":{"Tempo di lettura stimato":"3 minuti"},"schema":{"@context":"https:\/\/schema.org","@graph":[{"@type":"WebPage","@id":"https:\/\/weather-radar24.com\/snow-cover-map\/","url":"https:\/\/weather-radar24.com\/snow-cover-map\/","name":"Mappa del manto nevoso Live \u2013 previsioni neve aggiornate","isPartOf":{"@id":"https:\/\/weather-radar24.com\/#website"},"primaryImageOfPage":{"@id":"https:\/\/weather-radar24.com\/snow-cover-map\/#primaryimage"},"image":{"@id":"https:\/\/weather-radar24.com\/snow-cover-map\/#primaryimage"},"thumbnailUrl":"https:\/\/weather-radar24.com\/wp-content\/uploads\/2022\/08\/Bildschirmfoto-2022-08-19-um-20.55.53.png","datePublished":"2022-08-17T19:15:47+00:00","dateModified":"2022-09-03T16:53:09+00:00","description":"Segui le attuali previsioni della neve in tutto il mondo con la nostra mappa del manto nevoso Live Tracker. Dove sta nevicando attualmente? \u2744\ufe0f","breadcrumb":{"@id":"https:\/\/weather-radar24.com\/snow-cover-map\/#breadcrumb"},"inLanguage":"it-IT","potentialAction":[{"@type":"ReadAction","target":["https:\/\/weather-radar24.com\/snow-cover-map\/"]}]},{"@type":"ImageObject","inLanguage":"it-IT","@id":"https:\/\/weather-radar24.com\/snow-cover-map\/#primaryimage","url":"https:\/\/weather-radar24.com\/wp-content\/uploads\/2022\/08\/Bildschirmfoto-2022-08-19-um-20.55.53.png","contentUrl":"https:\/\/weather-radar24.com\/wp-content\/uploads\/2022\/08\/Bildschirmfoto-2022-08-19-um-20.55.53.png","width":366,"height":226,"caption":"Snow cover map"},{"@type":"BreadcrumbList","@id":"https:\/\/weather-radar24.com\/snow-cover-map\/#breadcrumb","itemListElement":[{"@type":"ListItem","position":1,"name":"Startseite","item":"https:\/\/weather-radar24.com\/"},{"@type":"ListItem","position":2,"name":"Snow cover map"}]},{"@type":"WebSite","@id":"https:\/\/weather-radar24.com\/#website","url":"https:\/\/weather-radar24.com\/","name":"","description":"","potentialAction":[{"@type":"SearchAction","target":{"@type":"EntryPoint","urlTemplate":"https:\/\/weather-radar24.com\/?s={search_term_string}"},"query-input":{"@type":"PropertyValueSpecification","valueRequired":true,"valueName":"search_term_string"}}],"inLanguage":"it-IT"}]}},"_links":{"self":[{"href":"https:\/\/weather-radar24.com\/it\/wp-json\/wp\/v2\/pages\/50","targetHints":{"allow":["GET"]}}],"collection":[{"href":"https:\/\/weather-radar24.com\/it\/wp-json\/wp\/v2\/pages"}],"about":[{"href":"https:\/\/weather-radar24.com\/it\/wp-json\/wp\/v2\/types\/page"}],"author":[{"embeddable":true,"href":"https:\/\/weather-radar24.com\/it\/wp-json\/wp\/v2\/users\/1"}],"replies":[{"embeddable":true,"href":"https:\/\/weather-radar24.com\/it\/wp-json\/wp\/v2\/comments?post=50"}],"version-history":[{"count":6,"href":"https:\/\/weather-radar24.com\/it\/wp-json\/wp\/v2\/pages\/50\/revisions"}],"predecessor-version":[{"id":202,"href":"https:\/\/weather-radar24.com\/it\/wp-json\/wp\/v2\/pages\/50\/revisions\/202"}],"wp:featuredmedia":[{"embeddable":true,"href":"https:\/\/weather-radar24.com\/it\/wp-json\/wp\/v2\/media\/117"}],"wp:attachment":[{"href":"https:\/\/weather-radar24.com\/it\/wp-json\/wp\/v2\/media?parent=50"}],"curies":[{"name":"wp","href":"https:\/\/api.w.org\/{rel}","templated":true}]}}