{"id":52,"date":"2022-08-17T21:16:02","date_gmt":"2022-08-17T19:16:02","guid":{"rendered":"https:\/\/weather-radar24.com\/?page_id=52"},"modified":"2026-04-11T13:10:57","modified_gmt":"2026-04-11T11:10:57","slug":"rain-radar","status":"publish","type":"page","link":"https:\/\/weather-radar24.com\/it\/radar-pioggia\/","title":{"rendered":"Radar pioggia"},"content":{"rendered":"<h1>Radar pioggia: previsioni di pioggia attuali<\/h1>\n<p>Il tempo pu\u00f2 cambiare rapidamente ed \u00e8 bene sapere dove sta andando esattamente la pioggia. Con il radar pioggia, hai sempre sotto controllo la situazione meteo attuale! Ma cos&#039;\u00e8 il radar pioggia, come funziona e cosa pu\u00f2 prevedere?<\/p>\n<div id=\"windy-rain-box\" style=\"max-width:1300px;margin:20px auto;padding:24px;border:1px solid #dcdcdc;border-radius:12px;background:#f8fafc;text-align:center;font-family:Arial,sans-serif;\">\n<h3 style=\"margin:0 0 10px 0;font-size:24px;color:#1f2937;\">Live Rain Radar<\/h3>\n<p style=\"margin:0 0 18px 0;font-size:16px;line-height:1.5;color:#4b5563;\">\n    Click the button below to load the live rain radar from Windy.com.\n  <\/p>\n<p>  <button onclick=\"loadWindyRain()\" style=\"background:#2563eb;color:#ffffff;border:none;padding:14px 24px;font-size:16px;font-weight:600;border-radius:8px;cursor:pointer;\"><br \/>\n    Load Rain Radar<br \/>\n  <\/button><\/p>\n<p style=\"margin:14px 0 0 0;font-size:13px;color:#6b7280;\">\n    External content will be loaded from Windy.com after clicking.\n  <\/p>\n<\/div>\n<p><script>\nfunction loadWindyRain() {\n  document.getElementById('windy-rain-box').innerHTML =\n    '<iframe loading=\"lazy\" src=\"https:\/\/embed.windy.com\/embed2.html?lat=39.606&#038;lon=-97.031&#038;detailLat=49.142&#038;detailLon=9.223&#038;width=1300&#038;height=600&#038;zoom=5&#038;level=surface&#038;overlay=rain&#038;product=ecmwf&#038;menu=&#038;message=true&#038;marker=&#038;calendar=now&#038;pressure=&#038;type=map&#038;location=coordinates&#038;detail=&#038;metricWind=default&#038;metricTemp=default&#038;radarRange=-1\" width=\"100%\" height=\"600\" frameborder=\"0\" style=\"border:0;border-radius:12px;\"><\/iframe>';\n}\n<\/script><\/p>\n<h2 class=\"p1\">Che cos&#039;\u00e8 un radar pioggia?<\/h2>\n<p class=\"p1\">Un radar pioggia \u00e8 uno strumento utilizzato per prevedere le precipitazioni. Esistono diversi tipi di radar pioggia, ma la maggior parte di essi funziona allo stesso modo: inviano un raggio radar nell&#039;atmosfera e tracciano il modo in cui il raggio si riflette sulle gocce di pioggia. Queste riflessioni possono quindi essere utilizzate per prevedere il movimento delle gocce di pioggia.<\/p>\n<p class=\"p1\">I radar pioggia sono molto utili per prevedere le condizioni meteorologiche, soprattutto nel contesto di <a href=\"https:\/\/weather-radar24.com\/it\/radar-tempesta\/\">forti tempeste<\/a>. Possono aiutare ad avvertire le persone di condizioni meteorologiche pericolose e dare loro il tempo di mettersi in salvo. I radar per la pioggia sono utili anche per l&#039;agricoltura, in quanto possono aiutare a salvare i raccolti prima che arrivi il maltempo.<\/p>\n<h2 class=\"p1\">Come funziona un radar Rain?<\/h2>\n<p class=\"p1\">Il movimento della pioggia dell&#039;ultima ora pu\u00f2 essere riprodotto tramite il pulsante play. Un radar Rain \u00e8 uno strumento che traccia il movimento delle nuvole di pioggia e ne misura l&#039;intensit\u00e0. I meteorologi lo usano spesso per prevedere la direzione e la velocit\u00e0 della pioggia o <a href=\"https:\/\/weather-radar24.com\/it\/mappa-del-manto-nevoso\/\">neve<\/a> docce.<\/p>\n<p class=\"p1\">I radar per la pioggia funzionano emettendo onde elettromagnetiche, la cui eco viene riflessa dalle gocce di pioggia o dai cristalli di neve. Il radar pu\u00f2 quindi determinare l&#039;intensit\u00e0 delle precipitazioni in base alla forza dell&#039;eco. I radar di pioggia possono anche tracciare altri tipi di fenomeni meteorologici, come <a href=\"https:\/\/weather-radar24.com\/it\/tornado-radar\/\">tornado<\/a> o nuvole temporalesche.<\/p>\n<h2 class=\"p1\">Quanto sono accurate le previsioni?<\/h2>\n<p class=\"p1\">Quando guardi le previsioni dal radar pioggia o da altri servizi meteorologici, potresti scoprire che l&#039;accuratezza delle previsioni varia notevolmente. Le previsioni possono essere date con qualche ora di anticipo, ma anche con diversi giorni di anticipo. Ad esempio, una previsione per questo pomeriggio potrebbe essere accurata, ma una per domani mattina potrebbe non esserlo.<\/p>\n<p class=\"p1\">L&#039;accuratezza delle previsioni di pioggia dipende da diversi fattori. In primo luogo, ovviamente, \u00e8 quanto siano accurate le previsioni basate sul modello meteorologico. Di norma, migliore \u00e8 il modello, pi\u00f9 accurata \u00e8 la previsione. D&#039;altra parte, gioca anche un ruolo nella qualit\u00e0 dei dati di misurazione utilizzati nel modello. Ad esempio, se i dati di misurazione per una particolare posizione non sono molto accurati, ci\u00f2 pu\u00f2 influire sull&#039;accuratezza della previsione.<\/p>\n<p class=\"p1\">Quindi non esiste una risposta semplice alla domanda su quanto siano accurate le previsioni delle precipitazioni. Tuttavia, di solito sono abbastanza affidabili e possono aiutarti ad adattarti al tempo.<\/p>\n<h3 class=\"p1\">Perch\u00e9 il radar pioggia \u00e8 spesso impreciso?<\/h3>\n<p class=\"p1\">Il radar pioggia \u00e8 uno strumento importante per fare previsioni delle precipitazioni. Tuttavia, \u00e8 spesso fuori luogo. Ci sono diversi motivi per cui \u00e8 cos\u00ec. Uno dei motivi \u00e8 che il radar vede solo precipitazioni direttamente al di sotto del <a href=\"https:\/\/weather-radar24.com\/it\/mappa-della-copertura-delle-nuvole\/\">nuvole<\/a>. Quindi pu\u00f2 succedere che non ci sia pioggia in una regione anche se il radar mostra precipitazioni. Questo di solito \u00e8 dovuto al fatto che le nuvole nella regione sono pi\u00f9 alte e la pioggia si \u00e8 gi\u00e0 dissipata prima che possa cadere a terra.<\/p>\n<p class=\"p1\">Un altro motivo \u00e8 che il radar si trova spesso in una regione dove al momento non c&#039;\u00e8 pioggia. Ci\u00f2 pu\u00f2 accadere, ad esempio, quando una cellula temporalesca passa e la pioggia si \u00e8 gi\u00e0 dissipata prima che possa cadere a terra. In questo caso, il radar non \u00e8 in grado di vedere la pioggia. Un&#039;ultima ragione \u00e8 che a volte si verificano errori nel radar. Questi errori possono verificarsi, ad esempio, quando l&#039;atmosfera \u00e8 molto polverosa o sabbiosa. In questo caso i segnali del radar possono essere deviati o disturbati e pu\u00f2 succedere che il radar mostri precipitazioni, anche se in realt\u00e0 non ce ne sono.<\/p>\n<h3 class=\"p1\">Qual \u00e8 la citt\u00e0 pi\u00f9 piovosa del mondo?<\/h3>\n<p class=\"p1\">Secondo uno studio del <a href=\"https:\/\/www.colorado.edu\/\" target=\"_blank\" rel=\"noopener\">Universit\u00e0 del Colorado Boulder<\/a>, la citt\u00e0 pi\u00f9 piovosa del mondo \u00e8 Mumbai, in India. La citt\u00e0 ha ricevuto il titolo perch\u00e9 riceve una media di 940 millimetri di pioggia all&#039;anno.<\/p>\n<p class=\"p1\">Mumbai non \u00e8 l&#039;unica citt\u00e0 in India che riceve precipitazioni. Calcutta, Chennai e Bangalore sono anche citt\u00e0 molto piovose in India. Tuttavia, le quattro citt\u00e0 hanno modelli di precipitazioni diversi. Mentre Mumbai pu\u00f2 ricevere pioggia durante tutto l&#039;anno, le altre tre citt\u00e0 ricevono pioggia principalmente durante i mesi da giugno a settembre.<\/p>","protected":false},"excerpt":{"rendered":"<p>Rain radar &#8211; current rain forecast The weather can change quickly, and it is good to know where exactly the rain is going. With the rain radar, you always have the current weather situation in view! But what is rain radar, how does it work and what can it predict? Live Rain Radar Click the&hellip;&nbsp;<a href=\"https:\/\/weather-radar24.com\/it\/radar-pioggia\/\" rel=\"bookmark\">Read More &raquo;<span class=\"screen-reader-text\">Radar pioggia<\/span><\/a><\/p>","protected":false},"author":1,"featured_media":111,"parent":0,"menu_order":0,"comment_status":"closed","ping_status":"closed","template":"","meta":{"neve_meta_sidebar":"","neve_meta_container":"","neve_meta_enable_content_width":"off","neve_meta_content_width":100,"neve_meta_title_alignment":"","neve_meta_author_avatar":"","neve_post_elements_order":"","neve_meta_disable_header":"","neve_meta_disable_footer":"","neve_meta_disable_title":"on","neve_meta_reading_time":"","footnotes":""},"class_list":["post-52","page","type-page","status-publish","has-post-thumbnail","hentry"],"yoast_head":"<!-- This site is optimized with the Yoast SEO plugin v27.3 - https:\/\/yoast.com\/product\/yoast-seo-wordpress\/ -->\n<title>Rain radar - current rain forecast - weather-radar24.com<\/title>\n<meta name=\"description\" content=\"Track the current weather conditions in real time with our rain radar! The weather map shows rain, clouds and snowfall\" \/>\n<meta name=\"robots\" content=\"index, follow, max-snippet:-1, max-image-preview:large, max-video-preview:-1\" \/>\n<link rel=\"canonical\" href=\"https:\/\/weather-radar24.com\/it\/radar-pioggia\/\" \/>\n<meta property=\"og:locale\" content=\"it_IT\" \/>\n<meta property=\"og:type\" content=\"article\" \/>\n<meta property=\"og:title\" content=\"Rain radar - current rain forecast - weather-radar24.com\" \/>\n<meta property=\"og:description\" content=\"Track the current weather conditions in real time with our rain radar! The weather map shows rain, clouds and snowfall\" \/>\n<meta property=\"og:url\" content=\"https:\/\/weather-radar24.com\/it\/radar-pioggia\/\" \/>\n<meta property=\"article:modified_time\" content=\"2026-04-11T11:10:57+00:00\" \/>\n<meta property=\"og:image\" content=\"https:\/\/weather-radar24.com\/wp-content\/uploads\/2022\/08\/Bildschirmfoto-2022-08-18-um-12.38.42.png\" \/>\n\t<meta property=\"og:image:width\" content=\"374\" \/>\n\t<meta property=\"og:image:height\" content=\"273\" \/>\n\t<meta property=\"og:image:type\" content=\"image\/png\" \/>\n<meta name=\"twitter:card\" content=\"summary_large_image\" \/>\n<meta name=\"twitter:label1\" content=\"Tempo di lettura stimato\" \/>\n\t<meta name=\"twitter:data1\" content=\"4 minuti\" \/>\n<script type=\"application\/ld+json\" class=\"yoast-schema-graph\">{\"@context\":\"https:\\\/\\\/schema.org\",\"@graph\":[{\"@type\":\"WebPage\",\"@id\":\"https:\\\/\\\/weather-radar24.com\\\/rain-radar\\\/\",\"url\":\"https:\\\/\\\/weather-radar24.com\\\/rain-radar\\\/\",\"name\":\"Rain radar - current rain forecast - weather-radar24.com\",\"isPartOf\":{\"@id\":\"https:\\\/\\\/weather-radar24.com\\\/#website\"},\"primaryImageOfPage\":{\"@id\":\"https:\\\/\\\/weather-radar24.com\\\/rain-radar\\\/#primaryimage\"},\"image\":{\"@id\":\"https:\\\/\\\/weather-radar24.com\\\/rain-radar\\\/#primaryimage\"},\"thumbnailUrl\":\"https:\\\/\\\/weather-radar24.com\\\/wp-content\\\/uploads\\\/2022\\\/08\\\/Bildschirmfoto-2022-08-18-um-12.38.42.png\",\"datePublished\":\"2022-08-17T19:16:02+00:00\",\"dateModified\":\"2026-04-11T11:10:57+00:00\",\"description\":\"Track the current weather conditions in real time with our rain radar! The weather map shows rain, clouds and snowfall\",\"breadcrumb\":{\"@id\":\"https:\\\/\\\/weather-radar24.com\\\/rain-radar\\\/#breadcrumb\"},\"inLanguage\":\"it-IT\",\"potentialAction\":[{\"@type\":\"ReadAction\",\"target\":[\"https:\\\/\\\/weather-radar24.com\\\/rain-radar\\\/\"]}]},{\"@type\":\"ImageObject\",\"inLanguage\":\"it-IT\",\"@id\":\"https:\\\/\\\/weather-radar24.com\\\/rain-radar\\\/#primaryimage\",\"url\":\"https:\\\/\\\/weather-radar24.com\\\/wp-content\\\/uploads\\\/2022\\\/08\\\/Bildschirmfoto-2022-08-18-um-12.38.42.png\",\"contentUrl\":\"https:\\\/\\\/weather-radar24.com\\\/wp-content\\\/uploads\\\/2022\\\/08\\\/Bildschirmfoto-2022-08-18-um-12.38.42.png\",\"width\":374,\"height\":273,\"caption\":\"Rain radar\"},{\"@type\":\"BreadcrumbList\",\"@id\":\"https:\\\/\\\/weather-radar24.com\\\/rain-radar\\\/#breadcrumb\",\"itemListElement\":[{\"@type\":\"ListItem\",\"position\":1,\"name\":\"Startseite\",\"item\":\"https:\\\/\\\/weather-radar24.com\\\/\"},{\"@type\":\"ListItem\",\"position\":2,\"name\":\"Rain radar\"}]},{\"@type\":\"WebSite\",\"@id\":\"https:\\\/\\\/weather-radar24.com\\\/#website\",\"url\":\"https:\\\/\\\/weather-radar24.com\\\/\",\"name\":\"\",\"description\":\"\",\"potentialAction\":[{\"@type\":\"SearchAction\",\"target\":{\"@type\":\"EntryPoint\",\"urlTemplate\":\"https:\\\/\\\/weather-radar24.com\\\/?s={search_term_string}\"},\"query-input\":{\"@type\":\"PropertyValueSpecification\",\"valueRequired\":true,\"valueName\":\"search_term_string\"}}],\"inLanguage\":\"it-IT\"}]}<\/script>\n<!-- \/ Yoast SEO plugin. -->","yoast_head_json":{"title":"Radar pioggia - previsioni pioggia attuali - weather-radar24.com","description":"Tieni traccia delle condizioni meteorologiche attuali in tempo reale con il nostro radar pioggia! La mappa meteo mostra pioggia, nuvole e nevicate","robots":{"index":"index","follow":"follow","max-snippet":"max-snippet:-1","max-image-preview":"max-image-preview:large","max-video-preview":"max-video-preview:-1"},"canonical":"https:\/\/weather-radar24.com\/it\/radar-pioggia\/","og_locale":"it_IT","og_type":"article","og_title":"Rain radar - current rain forecast - weather-radar24.com","og_description":"Track the current weather conditions in real time with our rain radar! The weather map shows rain, clouds and snowfall","og_url":"https:\/\/weather-radar24.com\/it\/radar-pioggia\/","article_modified_time":"2026-04-11T11:10:57+00:00","og_image":[{"width":374,"height":273,"url":"https:\/\/weather-radar24.com\/wp-content\/uploads\/2022\/08\/Bildschirmfoto-2022-08-18-um-12.38.42.png","type":"image\/png"}],"twitter_card":"summary_large_image","twitter_misc":{"Tempo di lettura stimato":"4 minuti"},"schema":{"@context":"https:\/\/schema.org","@graph":[{"@type":"WebPage","@id":"https:\/\/weather-radar24.com\/rain-radar\/","url":"https:\/\/weather-radar24.com\/rain-radar\/","name":"Radar pioggia - previsioni pioggia attuali - weather-radar24.com","isPartOf":{"@id":"https:\/\/weather-radar24.com\/#website"},"primaryImageOfPage":{"@id":"https:\/\/weather-radar24.com\/rain-radar\/#primaryimage"},"image":{"@id":"https:\/\/weather-radar24.com\/rain-radar\/#primaryimage"},"thumbnailUrl":"https:\/\/weather-radar24.com\/wp-content\/uploads\/2022\/08\/Bildschirmfoto-2022-08-18-um-12.38.42.png","datePublished":"2022-08-17T19:16:02+00:00","dateModified":"2026-04-11T11:10:57+00:00","description":"Tieni traccia delle condizioni meteorologiche attuali in tempo reale con il nostro radar pioggia! La mappa meteo mostra pioggia, nuvole e nevicate","breadcrumb":{"@id":"https:\/\/weather-radar24.com\/rain-radar\/#breadcrumb"},"inLanguage":"it-IT","potentialAction":[{"@type":"ReadAction","target":["https:\/\/weather-radar24.com\/rain-radar\/"]}]},{"@type":"ImageObject","inLanguage":"it-IT","@id":"https:\/\/weather-radar24.com\/rain-radar\/#primaryimage","url":"https:\/\/weather-radar24.com\/wp-content\/uploads\/2022\/08\/Bildschirmfoto-2022-08-18-um-12.38.42.png","contentUrl":"https:\/\/weather-radar24.com\/wp-content\/uploads\/2022\/08\/Bildschirmfoto-2022-08-18-um-12.38.42.png","width":374,"height":273,"caption":"Rain radar"},{"@type":"BreadcrumbList","@id":"https:\/\/weather-radar24.com\/rain-radar\/#breadcrumb","itemListElement":[{"@type":"ListItem","position":1,"name":"Startseite","item":"https:\/\/weather-radar24.com\/"},{"@type":"ListItem","position":2,"name":"Rain radar"}]},{"@type":"WebSite","@id":"https:\/\/weather-radar24.com\/#website","url":"https:\/\/weather-radar24.com\/","name":"","description":"","potentialAction":[{"@type":"SearchAction","target":{"@type":"EntryPoint","urlTemplate":"https:\/\/weather-radar24.com\/?s={search_term_string}"},"query-input":{"@type":"PropertyValueSpecification","valueRequired":true,"valueName":"search_term_string"}}],"inLanguage":"it-IT"}]}},"_links":{"self":[{"href":"https:\/\/weather-radar24.com\/it\/wp-json\/wp\/v2\/pages\/52","targetHints":{"allow":["GET"]}}],"collection":[{"href":"https:\/\/weather-radar24.com\/it\/wp-json\/wp\/v2\/pages"}],"about":[{"href":"https:\/\/weather-radar24.com\/it\/wp-json\/wp\/v2\/types\/page"}],"author":[{"embeddable":true,"href":"https:\/\/weather-radar24.com\/it\/wp-json\/wp\/v2\/users\/1"}],"replies":[{"embeddable":true,"href":"https:\/\/weather-radar24.com\/it\/wp-json\/wp\/v2\/comments?post=52"}],"version-history":[{"count":7,"href":"https:\/\/weather-radar24.com\/it\/wp-json\/wp\/v2\/pages\/52\/revisions"}],"predecessor-version":[{"id":96,"href":"https:\/\/weather-radar24.com\/it\/wp-json\/wp\/v2\/pages\/52\/revisions\/96"}],"wp:featuredmedia":[{"embeddable":true,"href":"https:\/\/weather-radar24.com\/it\/wp-json\/wp\/v2\/media\/111"}],"wp:attachment":[{"href":"https:\/\/weather-radar24.com\/it\/wp-json\/wp\/v2\/media?parent=52"}],"curies":[{"name":"wp","href":"https:\/\/api.w.org\/{rel}","templated":true}]}}