{"id":83,"date":"2022-08-19T19:55:15","date_gmt":"2022-08-19T17:55:15","guid":{"rendered":"https:\/\/weather-radar24.com\/?page_id=83"},"modified":"2022-08-19T21:41:25","modified_gmt":"2022-08-19T19:41:25","slug":"satellite-map","status":"publish","type":"page","link":"https:\/\/weather-radar24.com\/it\/mappa-satellitare\/","title":{"rendered":"Mappa satellitare"},"content":{"rendered":"<h1 class=\"p1\"><b>Mappa satellitare: guarda i satelliti 24 ore su 24 in tempo reale!<\/b><\/h1>\n<p><img loading=\"lazy\" decoding=\"async\" class=\"aligncenter wp-image-132 size-full\" src=\"https:\/\/weather-radar24.com\/wp-content\/uploads\/2022\/08\/satellite-g443ef3dfb_640.jpeg\" alt=\"Mappa satellitare\" width=\"640\" height=\"423\" srcset=\"https:\/\/weather-radar24.com\/wp-content\/uploads\/2022\/08\/satellite-g443ef3dfb_640.jpeg 640w, https:\/\/weather-radar24.com\/wp-content\/uploads\/2022\/08\/satellite-g443ef3dfb_640-300x198.jpeg 300w\" sizes=\"auto, (max-width: 640px) 100vw, 640px\" \/><\/p>\n<p class=\"p1\">In una notte limpida, molti satelliti artificiali si muovono nel cielo. Sembrano stelle che si muovono lentamente e brillano brillantemente. Normalmente, impiegano in media 10 minuti per spostarsi da un orizzonte all&#039;altro. La Stazione Spaziale Internazionale (ISS) e il Telescopio Spaziale Hubble sono tra gli oggetti pi\u00f9 noti in orbita attorno alla Terra. Se studi attentamente il cielo all&#039;alba o al tramonto, probabilmente non dovrai aspettare pi\u00f9 di 15 minuti per vedere uno degli oltre 35000 satelliti in orbita attorno alla Terra.<\/p>\n<h2 class=\"p1\">Come si possono osservare i satelliti?<\/h2>\n<p class=\"p1\">In effetti, la maggior parte degli oggetti nell&#039;orbita terrestre sono troppo piccoli per essere visti ad occhio nudo. Soprattutto se sono detriti. Tuttavia, ci sono alcune centinaia di oggetti che possono essere visti senza ulteriori ausili ottici. Questo \u00e8 vero per i satelliti alti almeno 6 metri e orbitano attorno alla Terra a un&#039;altitudine compresa tra circa 160 km e 650 km.<\/p>\n<p class=\"p1\">I satelliti non hanno illuminazione esterna. Per vedere uno di questi oggetti, il satellite deve riflettere la luce solare. Alcuni di questi oggetti volanti hanno una serie di pannelli solari, quindi sono particolarmente facili da vedere perch\u00e9 la luce viene riflessa. Oltre a fornire tutti i tipi di canali di comunicazione, vengono utilizzati anche per <a href=\"https:\/\/weather-radar24.com\/it\/\">previsioni del tempo<\/a>.<\/p>\n<h2 class=\"p1\">Che tipo di satelliti ci sono?<\/h2>\n<p class=\"p1\">Esistono due tipi di satelliti, geostazionari e in orbita polare. Questi ultimi sono noti per volare a bassa quota. Spesso orbitano attorno al nostro pianeta entro 100 minuti. Tali satelliti sono in viaggio per fotografare la Terra o effettuare altre misurazioni.<\/p>\n<p class=\"p1\">Sfortunatamente, le imbarcazioni in orbita polare non consentono l&#039;osservazione continua. Gli oggetti geostazionari offrono condizioni molto migliori qui. Hanno la stessa velocit\u00e0 di rotazione terrestre. Poich\u00e9 questi satelliti si librano in una determinata area, possono essere osservati continuamente.<\/p>\n<h3 class=\"p1\">I satelliti possono essere visti ad occhio nudo?<\/h3>\n<p class=\"p1\">A causa delle loro orbite, gli oggetti a bassa quota hanno una finestra temporale precisa in cui passano il sito di osservazione. Il resto del tempo sono al di sotto dell&#039;orizzonte e quindi non visibili.<\/p>\n<p class=\"p1\">Sfortunatamente, un&#039;osservazione non pu\u00f2 essere pianificata solo in base al tempo che passa, perch\u00e9 bisogna tenere conto anche dell&#039;illuminazione dell&#039;oggetto volante. Per vedere perfettamente un satellite, l&#039;osservatore deve essere al buio e il satellite alla luce. Per questo motivo sono particolarmente indicati gli orari che precedono l&#039;alba o il tramonto. La ISS pu\u00f2 essere vista senza ausili ottici. \u00c8 l&#039;ideale per stare lontano da fonti di luce di disturbo. Naturalmente, un cielo senza nuvole facilita l&#039;avvistamento.<\/p>\n<h2 class=\"p1\">Come osservare i satelliti Starlink di SpaceX?<\/h2>\n<p class=\"p1\">Per fornire una ricezione Internet a basso costo in tutto il mondo, SpaceX sta pianificando una rete di oltre 12000 satelliti Starlink nella prima fase di espansione. Attualmente, circa 2000 di questi veicoli spaziali orbitano attorno alla Terra ad altitudini comprese tra 440 e 550 chilometri. Mentre si muovono attraverso il cielo notturno, queste imbarcazioni create dall&#039;uomo organizzano uno spettacolare spettacolo del cielo per gli osservatori sulla Terra.<\/p>\n<p class=\"p1\">Agli occhi, i satelliti SpaceX Starlink appaiono come un treno nel firmamento mentre si muovono in linea retta attraverso il cielo. Attualmente, gli oggetti orbitano attorno alla Terra a intervalli di 90 minuti. Sono abbastanza visibili ad occhio nudo e costituiscono uno spettacolo spettacolare se sai dove cercarli. Per cercare Starlink nel cielo, si consiglia un&#039;app Satellite Tracker (https:\/\/vitotechnology.com\/apps\/satellite-tracker).<\/p>\n<h2 class=\"p1\">Tieni traccia dei satelliti Starlink da SpaceX dal vivo<\/h2>\n<p class=\"p1\">Qui puoi monitorare i satelliti Starlink in tempo reale 24 ore su 24.<\/p>\n<p><iframe loading=\"lazy\" style=\"border: 0px #ffffff none;\" src=\"https:\/\/findstarlink.com\/#2924625;3\" name=\"myiFrame\" width=\"1300px\" height=\"580px\" frameborder=\"1\" marginwidth=\"0px\" marginheight=\"0px\" scrolling=\"no\" allowfullscreen=\"allowfullscreen\"><\/iframe><\/p>\n<h3 class=\"p1\">Quanti satelliti ha attualmente Starlink?<\/h3>\n<p class=\"p1\">Il primo settembre 2021, SpaceX ha riferito che circa 4500 satelliti sono online. Tuttavia, a causa di una tempesta solare, circa 50 di queste imbarcazioni sono cadute fuori orbita. Un satellite Starlink pesa circa 260 kg ed ha le dimensioni di un tavolo. In un lancio, il razzo Falcom-9 porta in orbita circa 60 satelliti.<\/p>\n<p class=\"p1\">La maggior parte di questi veicoli spaziali artificiali sono utilizzati per la connettivit\u00e0 Internet a banda larga. La ricezione di piatti per una connessione Starlink \u00e8 attualmente disponibile negli Stati Uniti e in Canada. Per le generazioni successive sono previste altitudini di volo da 560 a 720 chilometri.<\/p>\n<h2 class=\"p1\"><strong>Quando e dove puoi vedere la ISS?<\/strong><\/h2>\n<p class=\"p1\">La Stazione Spaziale Internazionale (ISS) \u00e8 un laboratorio volante gestito da molte nazioni. La stazione vola ad un&#039;altitudine di circa 400 chilometri ed \u00e8 facilmente visibile dalla Terra. La grande struttura riflette la luce solare in entrata e appare come un punto luminoso brillante nel cielo. Secondo la NASA, la ISS \u00e8 l&#039;oggetto pi\u00f9 luminoso nel cielo notturno vicino alla luna e pu\u00f2 essere osservata anche all&#039;interno di una citt\u00e0.<\/p>\n<p class=\"p1\">A maggior ragione, la ISS \u00e8 un ottimo oggetto di osservazione per le persone nelle aree rurali. Individuare la stazione spaziale non richiede alcuna attrezzatura speciale, poich\u00e9 pu\u00f2 essere visto ad occhio nudo. Hai solo bisogno di sapere dove cercarlo.<\/p>\n<p class=\"p1\">La ISS viaggia a una velocit\u00e0 di 28000 km\/he compie 16 orbite terrestri al giorno. La stazione spaziale \u00e8 visibile perch\u00e9 riflette la luce solare. Di giorno \u00e8 troppo luminoso; i migliori tempi di osservazione sono all&#039;alba e al tramonto.<\/p>\n<h2 class=\"p1\">Posizione attuale in tempo reale della ISS<\/h2>\n<p class=\"p1\">Questa mappa satellitare mostra esattamente la posizione e l&#039;altitudine della Stazione Spaziale Internazionale. La ISS \u00e8 uno degli oggetti pi\u00f9 facili da osservare nel cielo notturno. Se vuoi sapere esattamente dove si trova la stazione spaziale, dovresti usare il radar satellitare.<\/p>\n<p class=\"p1\">\u00c8 possibile trovare un tour virtuale della stazione spaziale ISS <a href=\"https:\/\/esamultimedia.esa.int\/multimedia\/virtual-tour-iss\/\" target=\"_blank\" rel=\"noopener\">qui<\/a>.<\/p>\n<p class=\"p1\">Qui puoi vedere la posizione attuale della Stazione Spaziale Internazionale (ISS) in tempo reale.<\/p>\n<p><iframe loading=\"lazy\" style=\"border: 0px #ffffff none;\" src=\"https:\/\/www.lizard-tail.com\/isana\/tracking\/\" name=\"myiFrame\" width=\"1300px\" height=\"580px\" frameborder=\"1\" marginwidth=\"0px\" marginheight=\"0px\" scrolling=\"no\" allowfullscreen=\"allowfullscreen\"><\/iframe><\/p>\n<h3 class=\"p1\">Quale satellite \u00e8 pi\u00f9 lontano dalla Terra?<\/h3>\n<p class=\"p1\">La navicella spaziale pi\u00f9 lontana dalla Terra \u00e8 la Voyager 1, che ha lasciato il nostro sistema solare a una distanza di circa 23 miliardi di chilometri. Segue Voyager 2, che ha gi\u00e0 percorso 14 miliardi di chilometri. Questi veicoli spaziali sono oltre la portata degli strumenti ottici. New Horizon \u00e8 un&#039;altra navicella spaziale che lascer\u00e0 il nostro sistema solare.<\/p>\n<p class=\"p1\">Il <a href=\"https:\/\/webb.nasa.gov\/\" target=\"_blank\" rel=\"noopener\">Telescopio spaziale James-Webb<\/a> \u00e8 anche diverso da altri veicoli spaziali. Secondo la NASA, il telescopio Hubble orbita attorno alla Terra a una distanza di circa 570 chilometri sopra la superficie del pianeta. Il telescopio James-Webb \u00e8 posizionato molto pi\u00f9 lontano dalla Terra rispetto a Hubble o altri satelliti. Il nuovissimo telescopio della NASA opera in orbita a una distanza di 1,5 milioni di chilometri dalla Terra.<\/p>\n<h2 class=\"p1\">Posizione attuale di Voyager 1<\/h2>\n<p class=\"p1\">Voyager 1 \u00e8 una navicella spaziale della NASA e l&#039;oggetto pi\u00f9 distante dalla Terra, \u00e8 la prima navicella spaziale a raggiungere lo spazio interstellare.<\/p>\n<p><iframe loading=\"lazy\" style=\"border: 0px #ffffff none;\" src=\"https:\/\/eyes.nasa.gov\/apps\/orrery\/#\/sc_voyager_1\" name=\"myiFrame\" width=\"1300px\" height=\"580px\" frameborder=\"1\" marginwidth=\"0px\" marginheight=\"0px\" scrolling=\"no\" allowfullscreen=\"allowfullscreen\"><span data-mce-type=\"bookmark\" style=\"display: inline-block; width: 0px; overflow: hidden; line-height: 0;\" class=\"mce_SELRES_start\"><\/span><\/iframe><br \/>\nCredito: NASA\/JPL-Caltech<\/p>","protected":false},"excerpt":{"rendered":"<p>Mappa satellitare: guarda i satelliti 24 ore su 24 in tempo reale! In una notte limpida, molti satelliti artificiali si muovono nel cielo. Sembrano stelle che si muovono lentamente e brillano brillantemente. Normalmente, impiegano in media 10 minuti per spostarsi da un orizzonte all&#039;altro. La Stazione Spaziale Internazionale (ISS) e il Telescopio Spaziale Hubble sono...&nbsp;<a href=\"https:\/\/weather-radar24.com\/it\/mappa-satellitare\/\" rel=\"bookmark\">Read More &raquo;<span class=\"screen-reader-text\">Mappa satellitare<\/span><\/a><\/p>","protected":false},"author":1,"featured_media":132,"parent":0,"menu_order":0,"comment_status":"closed","ping_status":"closed","template":"","meta":{"neve_meta_sidebar":"","neve_meta_container":"","neve_meta_enable_content_width":"off","neve_meta_content_width":100,"neve_meta_title_alignment":"","neve_meta_author_avatar":"","neve_post_elements_order":"","neve_meta_disable_header":"","neve_meta_disable_footer":"","neve_meta_disable_title":"on","neve_meta_reading_time":"","footnotes":""},"class_list":["post-83","page","type-page","status-publish","has-post-thumbnail","hentry"],"yoast_head":"<!-- This site is optimized with the Yoast SEO plugin v26.6 - https:\/\/yoast.com\/wordpress\/plugins\/seo\/ -->\n<title>Satellite Map - watch satellites around the clock in real-time!<\/title>\n<meta name=\"description\" content=\"This satellite Map shows the exact position and altitude of the International Space Station (ISS) and Starlink satellites from SpaceX\" \/>\n<meta name=\"robots\" content=\"index, follow, max-snippet:-1, max-image-preview:large, max-video-preview:-1\" \/>\n<link rel=\"canonical\" href=\"https:\/\/weather-radar24.com\/it\/mappa-satellitare\/\" \/>\n<meta property=\"og:locale\" content=\"it_IT\" \/>\n<meta property=\"og:type\" content=\"article\" \/>\n<meta property=\"og:title\" content=\"Satellite Map - watch satellites around the clock in real-time!\" \/>\n<meta property=\"og:description\" content=\"This satellite Map shows the exact position and altitude of the International Space Station (ISS) and Starlink satellites from SpaceX\" \/>\n<meta property=\"og:url\" content=\"https:\/\/weather-radar24.com\/it\/mappa-satellitare\/\" \/>\n<meta property=\"article:modified_time\" content=\"2022-08-19T19:41:25+00:00\" \/>\n<meta property=\"og:image\" content=\"https:\/\/weather-radar24.com\/wp-content\/uploads\/2022\/08\/satellite-g443ef3dfb_640.jpeg\" \/>\n\t<meta property=\"og:image:width\" content=\"640\" \/>\n\t<meta property=\"og:image:height\" content=\"423\" \/>\n\t<meta property=\"og:image:type\" content=\"image\/jpeg\" \/>\n<meta name=\"twitter:card\" content=\"summary_large_image\" \/>\n<meta name=\"twitter:label1\" content=\"Tempo di lettura stimato\" \/>\n\t<meta name=\"twitter:data1\" content=\"7 minuti\" \/>\n<script type=\"application\/ld+json\" class=\"yoast-schema-graph\">{\"@context\":\"https:\/\/schema.org\",\"@graph\":[{\"@type\":\"WebPage\",\"@id\":\"https:\/\/weather-radar24.com\/satellite-map\/\",\"url\":\"https:\/\/weather-radar24.com\/satellite-map\/\",\"name\":\"Satellite Map - watch satellites around the clock in real-time!\",\"isPartOf\":{\"@id\":\"https:\/\/weather-radar24.com\/#website\"},\"primaryImageOfPage\":{\"@id\":\"https:\/\/weather-radar24.com\/satellite-map\/#primaryimage\"},\"image\":{\"@id\":\"https:\/\/weather-radar24.com\/satellite-map\/#primaryimage\"},\"thumbnailUrl\":\"https:\/\/weather-radar24.com\/wp-content\/uploads\/2022\/08\/satellite-g443ef3dfb_640.jpeg\",\"datePublished\":\"2022-08-19T17:55:15+00:00\",\"dateModified\":\"2022-08-19T19:41:25+00:00\",\"description\":\"This satellite Map shows the exact position and altitude of the International Space Station (ISS) and Starlink satellites from SpaceX\",\"breadcrumb\":{\"@id\":\"https:\/\/weather-radar24.com\/satellite-map\/#breadcrumb\"},\"inLanguage\":\"it-IT\",\"potentialAction\":[{\"@type\":\"ReadAction\",\"target\":[\"https:\/\/weather-radar24.com\/satellite-map\/\"]}]},{\"@type\":\"ImageObject\",\"inLanguage\":\"it-IT\",\"@id\":\"https:\/\/weather-radar24.com\/satellite-map\/#primaryimage\",\"url\":\"https:\/\/weather-radar24.com\/wp-content\/uploads\/2022\/08\/satellite-g443ef3dfb_640.jpeg\",\"contentUrl\":\"https:\/\/weather-radar24.com\/wp-content\/uploads\/2022\/08\/satellite-g443ef3dfb_640.jpeg\",\"width\":640,\"height\":423,\"caption\":\"Satellite Map\"},{\"@type\":\"BreadcrumbList\",\"@id\":\"https:\/\/weather-radar24.com\/satellite-map\/#breadcrumb\",\"itemListElement\":[{\"@type\":\"ListItem\",\"position\":1,\"name\":\"Startseite\",\"item\":\"https:\/\/weather-radar24.com\/\"},{\"@type\":\"ListItem\",\"position\":2,\"name\":\"Satellite Map\"}]},{\"@type\":\"WebSite\",\"@id\":\"https:\/\/weather-radar24.com\/#website\",\"url\":\"https:\/\/weather-radar24.com\/\",\"name\":\"\",\"description\":\"\",\"potentialAction\":[{\"@type\":\"SearchAction\",\"target\":{\"@type\":\"EntryPoint\",\"urlTemplate\":\"https:\/\/weather-radar24.com\/?s={search_term_string}\"},\"query-input\":{\"@type\":\"PropertyValueSpecification\",\"valueRequired\":true,\"valueName\":\"search_term_string\"}}],\"inLanguage\":\"it-IT\"}]}<\/script>\n<!-- \/ Yoast SEO plugin. -->","yoast_head_json":{"title":"Mappa satellitare: guarda i satelliti 24 ore su 24 in tempo reale!","description":"Questa mappa satellitare mostra la posizione e l&#039;altitudine esatte della Stazione Spaziale Internazionale (ISS) e dei satelliti Starlink da SpaceX","robots":{"index":"index","follow":"follow","max-snippet":"max-snippet:-1","max-image-preview":"max-image-preview:large","max-video-preview":"max-video-preview:-1"},"canonical":"https:\/\/weather-radar24.com\/it\/mappa-satellitare\/","og_locale":"it_IT","og_type":"article","og_title":"Satellite Map - watch satellites around the clock in real-time!","og_description":"This satellite Map shows the exact position and altitude of the International Space Station (ISS) and Starlink satellites from SpaceX","og_url":"https:\/\/weather-radar24.com\/it\/mappa-satellitare\/","article_modified_time":"2022-08-19T19:41:25+00:00","og_image":[{"width":640,"height":423,"url":"https:\/\/weather-radar24.com\/wp-content\/uploads\/2022\/08\/satellite-g443ef3dfb_640.jpeg","type":"image\/jpeg"}],"twitter_card":"summary_large_image","twitter_misc":{"Tempo di lettura stimato":"7 minuti"},"schema":{"@context":"https:\/\/schema.org","@graph":[{"@type":"WebPage","@id":"https:\/\/weather-radar24.com\/satellite-map\/","url":"https:\/\/weather-radar24.com\/satellite-map\/","name":"Mappa satellitare: guarda i satelliti 24 ore su 24 in tempo reale!","isPartOf":{"@id":"https:\/\/weather-radar24.com\/#website"},"primaryImageOfPage":{"@id":"https:\/\/weather-radar24.com\/satellite-map\/#primaryimage"},"image":{"@id":"https:\/\/weather-radar24.com\/satellite-map\/#primaryimage"},"thumbnailUrl":"https:\/\/weather-radar24.com\/wp-content\/uploads\/2022\/08\/satellite-g443ef3dfb_640.jpeg","datePublished":"2022-08-19T17:55:15+00:00","dateModified":"2022-08-19T19:41:25+00:00","description":"Questa mappa satellitare mostra la posizione e l&#039;altitudine esatte della Stazione Spaziale Internazionale (ISS) e dei satelliti Starlink da SpaceX","breadcrumb":{"@id":"https:\/\/weather-radar24.com\/satellite-map\/#breadcrumb"},"inLanguage":"it-IT","potentialAction":[{"@type":"ReadAction","target":["https:\/\/weather-radar24.com\/satellite-map\/"]}]},{"@type":"ImageObject","inLanguage":"it-IT","@id":"https:\/\/weather-radar24.com\/satellite-map\/#primaryimage","url":"https:\/\/weather-radar24.com\/wp-content\/uploads\/2022\/08\/satellite-g443ef3dfb_640.jpeg","contentUrl":"https:\/\/weather-radar24.com\/wp-content\/uploads\/2022\/08\/satellite-g443ef3dfb_640.jpeg","width":640,"height":423,"caption":"Satellite Map"},{"@type":"BreadcrumbList","@id":"https:\/\/weather-radar24.com\/satellite-map\/#breadcrumb","itemListElement":[{"@type":"ListItem","position":1,"name":"Startseite","item":"https:\/\/weather-radar24.com\/"},{"@type":"ListItem","position":2,"name":"Satellite Map"}]},{"@type":"WebSite","@id":"https:\/\/weather-radar24.com\/#website","url":"https:\/\/weather-radar24.com\/","name":"","description":"","potentialAction":[{"@type":"SearchAction","target":{"@type":"EntryPoint","urlTemplate":"https:\/\/weather-radar24.com\/?s={search_term_string}"},"query-input":{"@type":"PropertyValueSpecification","valueRequired":true,"valueName":"search_term_string"}}],"inLanguage":"it-IT"}]}},"_links":{"self":[{"href":"https:\/\/weather-radar24.com\/it\/wp-json\/wp\/v2\/pages\/83","targetHints":{"allow":["GET"]}}],"collection":[{"href":"https:\/\/weather-radar24.com\/it\/wp-json\/wp\/v2\/pages"}],"about":[{"href":"https:\/\/weather-radar24.com\/it\/wp-json\/wp\/v2\/types\/page"}],"author":[{"embeddable":true,"href":"https:\/\/weather-radar24.com\/it\/wp-json\/wp\/v2\/users\/1"}],"replies":[{"embeddable":true,"href":"https:\/\/weather-radar24.com\/it\/wp-json\/wp\/v2\/comments?post=83"}],"version-history":[{"count":5,"href":"https:\/\/weather-radar24.com\/it\/wp-json\/wp\/v2\/pages\/83\/revisions"}],"predecessor-version":[{"id":134,"href":"https:\/\/weather-radar24.com\/it\/wp-json\/wp\/v2\/pages\/83\/revisions\/134"}],"wp:featuredmedia":[{"embeddable":true,"href":"https:\/\/weather-radar24.com\/it\/wp-json\/wp\/v2\/media\/132"}],"wp:attachment":[{"href":"https:\/\/weather-radar24.com\/it\/wp-json\/wp\/v2\/media?parent=83"}],"curies":[{"name":"wp","href":"https:\/\/api.w.org\/{rel}","templated":true}]}}