{"id":86,"date":"2022-08-19T01:26:27","date_gmt":"2022-08-18T23:26:27","guid":{"rendered":"https:\/\/weather-radar24.com\/?page_id=86"},"modified":"2022-09-07T18:02:00","modified_gmt":"2022-09-07T16:02:00","slug":"hurricane-tracker","status":"publish","type":"page","link":"https:\/\/weather-radar24.com\/it\/hurrikan-tracker\/","title":{"rendered":"Localizzatore di uragani"},"content":{"rendered":"<h1>Mappa live di Hurricane Tracker<\/h1>\n<p>Ti sei mai chiesto dove sono gli ultimi uragani, quanto possono essere grandi o forti e in che direzione si stanno muovendo? Se questo \u00e8 qualcosa che stavi considerando, il nostro esclusivo strumento gratuito per il monitoraggio degli uragani potrebbe essere proprio l&#039;opzione di cui hai bisogno. Fornisce una soluzione semplice per tenere traccia dei pi\u00f9 grandi e pericolosi <a href=\"https:\/\/weather-radar24.com\/it\/radar-tempesta\/\">tempeste attuali<\/a> e uragani!<\/p>\n<p><iframe loading=\"lazy\" src=\"https:\/\/embed.windy.com\/embed2.html?lat=36.161&amp;lon=-98.080&amp;detailLat=36.161&amp;detailLon=-98.080&amp;width=650&amp;height=450&amp;zoom=4&amp;level=surface&amp;overlay=wind&amp;product=ecmwf&amp;menu=&amp;message=true&amp;marker=&amp;calendar=24&amp;pressure=&amp;type=map&amp;location=coordinates&amp;detail=&amp;metricWind=mph&amp;metricTemp=%C2%B0F&amp;radarRange=-1\" width=\"100%\" height=\"600\" frameborder=\"0\" data-dashlane-frameid=\"404\"><\/iframe><\/p>\n<p style=\"text-align: center;\"><strong>Sposta la mappa per trovare la tempesta che desideri monitorare.<\/strong><\/p>\n<h3>Rischio di cicloni tropicali atlantici<\/h3>\n<p><img loading=\"lazy\" decoding=\"async\" class=\"aligncenter\" src=\"https:\/\/www.nhc.noaa.gov\/xgtwo\/two_atl_0d0.png?021757\" alt=\"\" width=\"900\" height=\"601\" \/><\/p>\n<h3>Rischio di cicloni tropicali del Pacifico orientale<\/h3>\n<p><img loading=\"lazy\" decoding=\"async\" class=\"aligncenter\" src=\"https:\/\/www.nhc.noaa.gov\/xgtwo\/two_pac_0d0.png?021743\" alt=\"\" width=\"900\" height=\"601\" \/><\/p>\n<h3>Rischio di tempesta tropicale nell&#039;Oceano Indiano<\/h3>\n<p><img loading=\"lazy\" decoding=\"async\" class=\"alignnone\" src=\"https:\/\/www.metoc.navy.mil\/jtwc\/products\/abpwsair.jpg\" alt=\"Previsioni meteorologiche tropicali dell&#039;Oceano Indiano dal JTWC\" width=\"2100\" height=\"1500\" \/><\/p>\n<h2 class=\"p4\">Cos&#039;\u00e8 un uragano?<span class=\"Apple-converted-space\">\u00a0<\/span><\/h2>\n<p class=\"p5\">Un uragano, nella sua forma pi\u00f9 semplice, \u00e8 un sistema temporalesco che ruota rapidamente attorno a un punto centrale, spesso chiamato &quot;l&#039;occhio della tempesta&quot;. Durante un uragano, intenso <a href=\"https:\/\/weather-radar24.com\/it\/vento-radar\/\">vento<\/a> le velocit\u00e0 sono spesso accompagnate da scarsa circolazione atmosferica e temporali.<span class=\"Apple-converted-space\">\u00a0<\/span><\/p>\n<h2 class=\"p6\">I peggiori 21<span class=\"s2\"><sup>st<\/sup><\/span> Gli uragani globali del secolo<\/h2>\n<p class=\"p5\">Gli uragani variano in gravit\u00e0. Tuttavia, alcuni dei peggiori e pi\u00f9 potenti 21<span class=\"s3\"><sup>st<\/sup><\/span> gli uragani del secolo che abbelliranno il mondo includono l&#039;uragano Lili nel 1996, l&#039;uragano Karl nel 2004, l&#039;uragano Nicola nel 2016, l&#039;uragano Olga nel 2001, l&#039;uragano Katrina nel 2005, l&#039;uragano Florence nel 2018 e <a href=\"https:\/\/edition.cnn.com\/specials\/hurricane-irma\" target=\"_blank\" rel=\"noopener\">L&#039;uragano Irma<\/a> nel 2016.<span class=\"Apple-converted-space\">\u00a0<\/span><\/p>\n<p class=\"p3\">Ognuno di questi ha lasciato una grande devastazione sulla sua scia. Pertanto, molte persone ora si affidano a strumenti gratuiti per il monitoraggio degli uragani per pianificare i loro prossimi passi (e uscire dall&#039;area se \u00e8 probabile che un brutto uragano sia in arrivo).<\/p>\n<h3 class=\"p4\">Utilizzando il nostro strumento gratuito Hurricane Tracker<\/h3>\n<p class=\"p5\">Se desideri provare a utilizzare il nostro strumento per mappe live gratuito per il monitoraggio degli uragani, trascina semplicemente la mappa nel punto in cui desideri concentrarti. Ci\u00f2 ti consentir\u00e0 di vedere la velocit\u00e0 del vento e le direzioni del vento per qualsiasi regione. In alternativa, usa il dispositivo di scorrimento alla base della mappa per guardare una futura previsione della mappa degli uragani, permettendoti di pianificare in anticipo eventuali condizioni meteorologiche avverse che ti si presentano!<\/p>\n<p>Dai un&#039;occhiata <a href=\"https:\/\/weather-radar24.com\/it\/\">qui<\/a> per il tempo attuale.<\/p>","protected":false},"excerpt":{"rendered":"<p>Hurricane Tracker Live Map Have you ever wondered where the latest hurricanes are, how large or strong they might be, and the direction in which they\u2019re moving? If this is something you have been considering, our unique hurricane tracker free tool might be just the option you need. It provides a simple solution to keep&hellip;&nbsp;<a href=\"https:\/\/weather-radar24.com\/it\/hurrikan-tracker\/\" rel=\"bookmark\">Read More &raquo;<span class=\"screen-reader-text\">Localizzatore di uragani<\/span><\/a><\/p>","protected":false},"author":1,"featured_media":130,"parent":0,"menu_order":0,"comment_status":"closed","ping_status":"closed","template":"","meta":{"neve_meta_sidebar":"","neve_meta_container":"","neve_meta_enable_content_width":"off","neve_meta_content_width":100,"neve_meta_title_alignment":"","neve_meta_author_avatar":"","neve_post_elements_order":"","neve_meta_disable_header":"","neve_meta_disable_footer":"","neve_meta_disable_title":"on","neve_meta_reading_time":"","footnotes":""},"class_list":["post-86","page","type-page","status-publish","has-post-thumbnail","hentry"],"yoast_head":"<!-- This site is optimized with the Yoast SEO plugin v26.6 - https:\/\/yoast.com\/wordpress\/plugins\/seo\/ -->\n<title>Hurricane Tracker - Tornado - Typhoon, Live Map<\/title>\n<meta name=\"description\" content=\"Hurricane Tracker \u2713 Includes tracking map, live radar- Track the current wind force, wind speed and wind forecast for the next few days.\" \/>\n<meta name=\"robots\" content=\"index, follow, max-snippet:-1, max-image-preview:large, max-video-preview:-1\" \/>\n<link rel=\"canonical\" href=\"https:\/\/weather-radar24.com\/it\/hurrikan-tracker\/\" \/>\n<meta property=\"og:locale\" content=\"it_IT\" \/>\n<meta property=\"og:type\" content=\"article\" \/>\n<meta property=\"og:title\" content=\"Hurricane Tracker - Tornado - Typhoon, Live Map\" \/>\n<meta property=\"og:description\" content=\"Hurricane Tracker \u2713 Includes tracking map, live radar- Track the current wind force, wind speed and wind forecast for the next few days.\" \/>\n<meta property=\"og:url\" content=\"https:\/\/weather-radar24.com\/it\/hurrikan-tracker\/\" \/>\n<meta property=\"article:modified_time\" content=\"2022-09-07T16:02:00+00:00\" \/>\n<meta property=\"og:image\" content=\"https:\/\/weather-radar24.com\/wp-content\/uploads\/2022\/08\/Bildschirmfoto-2022-08-18-um-13.15.21-1.png\" \/>\n\t<meta property=\"og:image:width\" content=\"363\" \/>\n\t<meta property=\"og:image:height\" content=\"277\" \/>\n\t<meta property=\"og:image:type\" content=\"image\/png\" \/>\n<meta name=\"twitter:card\" content=\"summary_large_image\" \/>\n<meta name=\"twitter:label1\" content=\"Tempo di lettura stimato\" \/>\n\t<meta name=\"twitter:data1\" content=\"2 minuti\" \/>\n<script type=\"application\/ld+json\" class=\"yoast-schema-graph\">{\"@context\":\"https:\/\/schema.org\",\"@graph\":[{\"@type\":\"WebPage\",\"@id\":\"https:\/\/weather-radar24.com\/hurricane-tracker\/\",\"url\":\"https:\/\/weather-radar24.com\/hurricane-tracker\/\",\"name\":\"Hurricane Tracker - Tornado - Typhoon, Live Map\",\"isPartOf\":{\"@id\":\"https:\/\/weather-radar24.com\/#website\"},\"primaryImageOfPage\":{\"@id\":\"https:\/\/weather-radar24.com\/hurricane-tracker\/#primaryimage\"},\"image\":{\"@id\":\"https:\/\/weather-radar24.com\/hurricane-tracker\/#primaryimage\"},\"thumbnailUrl\":\"https:\/\/weather-radar24.com\/wp-content\/uploads\/2022\/08\/Bildschirmfoto-2022-08-18-um-13.15.21-1.png\",\"datePublished\":\"2022-08-18T23:26:27+00:00\",\"dateModified\":\"2022-09-07T16:02:00+00:00\",\"description\":\"Hurricane Tracker \u2713 Includes tracking map, live radar- Track the current wind force, wind speed and wind forecast for the next few days.\",\"breadcrumb\":{\"@id\":\"https:\/\/weather-radar24.com\/hurricane-tracker\/#breadcrumb\"},\"inLanguage\":\"it-IT\",\"potentialAction\":[{\"@type\":\"ReadAction\",\"target\":[\"https:\/\/weather-radar24.com\/hurricane-tracker\/\"]}]},{\"@type\":\"ImageObject\",\"inLanguage\":\"it-IT\",\"@id\":\"https:\/\/weather-radar24.com\/hurricane-tracker\/#primaryimage\",\"url\":\"https:\/\/weather-radar24.com\/wp-content\/uploads\/2022\/08\/Bildschirmfoto-2022-08-18-um-13.15.21-1.png\",\"contentUrl\":\"https:\/\/weather-radar24.com\/wp-content\/uploads\/2022\/08\/Bildschirmfoto-2022-08-18-um-13.15.21-1.png\",\"width\":363,\"height\":277,\"caption\":\"Hurrikan-Tracker\"},{\"@type\":\"BreadcrumbList\",\"@id\":\"https:\/\/weather-radar24.com\/hurricane-tracker\/#breadcrumb\",\"itemListElement\":[{\"@type\":\"ListItem\",\"position\":1,\"name\":\"Startseite\",\"item\":\"https:\/\/weather-radar24.com\/\"},{\"@type\":\"ListItem\",\"position\":2,\"name\":\"Hurricane Tracker\"}]},{\"@type\":\"WebSite\",\"@id\":\"https:\/\/weather-radar24.com\/#website\",\"url\":\"https:\/\/weather-radar24.com\/\",\"name\":\"\",\"description\":\"\",\"potentialAction\":[{\"@type\":\"SearchAction\",\"target\":{\"@type\":\"EntryPoint\",\"urlTemplate\":\"https:\/\/weather-radar24.com\/?s={search_term_string}\"},\"query-input\":{\"@type\":\"PropertyValueSpecification\",\"valueRequired\":true,\"valueName\":\"search_term_string\"}}],\"inLanguage\":\"it-IT\"}]}<\/script>\n<!-- \/ Yoast SEO plugin. -->","yoast_head_json":{"title":"Hurricane Tracker - Tornado - Typhoon, Live Map","description":"Hurricane Tracker \u2713 Include mappa di tracciamento, radar in tempo reale: traccia la forza del vento attuale, la velocit\u00e0 del vento e le previsioni del vento per i prossimi giorni.","robots":{"index":"index","follow":"follow","max-snippet":"max-snippet:-1","max-image-preview":"max-image-preview:large","max-video-preview":"max-video-preview:-1"},"canonical":"https:\/\/weather-radar24.com\/it\/hurrikan-tracker\/","og_locale":"it_IT","og_type":"article","og_title":"Hurricane Tracker - Tornado - Typhoon, Live Map","og_description":"Hurricane Tracker \u2713 Includes tracking map, live radar- Track the current wind force, wind speed and wind forecast for the next few days.","og_url":"https:\/\/weather-radar24.com\/it\/hurrikan-tracker\/","article_modified_time":"2022-09-07T16:02:00+00:00","og_image":[{"width":363,"height":277,"url":"https:\/\/weather-radar24.com\/wp-content\/uploads\/2022\/08\/Bildschirmfoto-2022-08-18-um-13.15.21-1.png","type":"image\/png"}],"twitter_card":"summary_large_image","twitter_misc":{"Tempo di lettura stimato":"2 minuti"},"schema":{"@context":"https:\/\/schema.org","@graph":[{"@type":"WebPage","@id":"https:\/\/weather-radar24.com\/hurricane-tracker\/","url":"https:\/\/weather-radar24.com\/hurricane-tracker\/","name":"Hurricane Tracker - Tornado - Typhoon, Live Map","isPartOf":{"@id":"https:\/\/weather-radar24.com\/#website"},"primaryImageOfPage":{"@id":"https:\/\/weather-radar24.com\/hurricane-tracker\/#primaryimage"},"image":{"@id":"https:\/\/weather-radar24.com\/hurricane-tracker\/#primaryimage"},"thumbnailUrl":"https:\/\/weather-radar24.com\/wp-content\/uploads\/2022\/08\/Bildschirmfoto-2022-08-18-um-13.15.21-1.png","datePublished":"2022-08-18T23:26:27+00:00","dateModified":"2022-09-07T16:02:00+00:00","description":"Hurricane Tracker \u2713 Include mappa di tracciamento, radar in tempo reale: traccia la forza del vento attuale, la velocit\u00e0 del vento e le previsioni del vento per i prossimi giorni.","breadcrumb":{"@id":"https:\/\/weather-radar24.com\/hurricane-tracker\/#breadcrumb"},"inLanguage":"it-IT","potentialAction":[{"@type":"ReadAction","target":["https:\/\/weather-radar24.com\/hurricane-tracker\/"]}]},{"@type":"ImageObject","inLanguage":"it-IT","@id":"https:\/\/weather-radar24.com\/hurricane-tracker\/#primaryimage","url":"https:\/\/weather-radar24.com\/wp-content\/uploads\/2022\/08\/Bildschirmfoto-2022-08-18-um-13.15.21-1.png","contentUrl":"https:\/\/weather-radar24.com\/wp-content\/uploads\/2022\/08\/Bildschirmfoto-2022-08-18-um-13.15.21-1.png","width":363,"height":277,"caption":"Hurrikan-Tracker"},{"@type":"BreadcrumbList","@id":"https:\/\/weather-radar24.com\/hurricane-tracker\/#breadcrumb","itemListElement":[{"@type":"ListItem","position":1,"name":"Startseite","item":"https:\/\/weather-radar24.com\/"},{"@type":"ListItem","position":2,"name":"Hurricane Tracker"}]},{"@type":"WebSite","@id":"https:\/\/weather-radar24.com\/#website","url":"https:\/\/weather-radar24.com\/","name":"","description":"","potentialAction":[{"@type":"SearchAction","target":{"@type":"EntryPoint","urlTemplate":"https:\/\/weather-radar24.com\/?s={search_term_string}"},"query-input":{"@type":"PropertyValueSpecification","valueRequired":true,"valueName":"search_term_string"}}],"inLanguage":"it-IT"}]}},"_links":{"self":[{"href":"https:\/\/weather-radar24.com\/it\/wp-json\/wp\/v2\/pages\/86","targetHints":{"allow":["GET"]}}],"collection":[{"href":"https:\/\/weather-radar24.com\/it\/wp-json\/wp\/v2\/pages"}],"about":[{"href":"https:\/\/weather-radar24.com\/it\/wp-json\/wp\/v2\/types\/page"}],"author":[{"embeddable":true,"href":"https:\/\/weather-radar24.com\/it\/wp-json\/wp\/v2\/users\/1"}],"replies":[{"embeddable":true,"href":"https:\/\/weather-radar24.com\/it\/wp-json\/wp\/v2\/comments?post=86"}],"version-history":[{"count":10,"href":"https:\/\/weather-radar24.com\/it\/wp-json\/wp\/v2\/pages\/86\/revisions"}],"predecessor-version":[{"id":207,"href":"https:\/\/weather-radar24.com\/it\/wp-json\/wp\/v2\/pages\/86\/revisions\/207"}],"wp:featuredmedia":[{"embeddable":true,"href":"https:\/\/weather-radar24.com\/it\/wp-json\/wp\/v2\/media\/130"}],"wp:attachment":[{"href":"https:\/\/weather-radar24.com\/it\/wp-json\/wp\/v2\/media?parent=86"}],"curies":[{"name":"wp","href":"https:\/\/api.w.org\/{rel}","templated":true}]}}