{"id":40,"date":"2022-08-17T21:13:54","date_gmt":"2022-08-17T19:13:54","guid":{"rendered":"https:\/\/weather-radar24.com\/?page_id=40"},"modified":"2026-04-11T13:01:50","modified_gmt":"2026-04-11T11:01:50","slug":"weather-radar","status":"publish","type":"page","link":"https:\/\/weather-radar24.com\/pl\/","title":{"rendered":"Radar pogodowy"},"content":{"rendered":"<h1>Radar pogodowy na \u017cywo \u2013 aktualne warunki pogodowe<\/h1>\n<p>Niezale\u017cnie od tego, czy jeste\u015b w pracy, szkole czy na zakupach, pogoda jest tematem rozm\u00f3w, kt\u00f3ry nas wszystkich interesuje. Ale sk\u0105d naprawd\u0119 wiesz, jaka b\u0119dzie pogoda? To ca\u0142kiem proste: za pomoc\u0105 radaru pogodowego! Ale czym w\u0142a\u015bciwie jest ten radar i jak dzia\u0142a?<\/p>\n<div id=\"windy-box\" style=\"max-width:1300px;margin:20px auto;padding:24px;border:1px solid #dcdcdc;border-radius:12px;background:#f8fafc;text-align:center;font-family:Arial,sans-serif;\">\n<h3 style=\"margin:0 0 10px 0;font-size:24px;color:#1f2937;\">Live Weather Radar<\/h3>\n<p style=\"margin:0 0 18px 0;font-size:16px;line-height:1.5;color:#4b5563;\">\n    Click the button below to load the live radar map from Windy.com.\n  <\/p>\n<p>  <button onclick=\"loadWindy()\" style=\"background:#2563eb;color:#ffffff;border:none;padding:14px 24px;font-size:16px;font-weight:600;border-radius:8px;cursor:pointer;\"><br \/>\n    Load Live Radar<br \/>\n  <\/button><\/p>\n<p style=\"margin:14px 0 0 0;font-size:13px;color:#6b7280;\">\n    External content will be loaded from Windy.com after clicking.\n  <\/p>\n<\/div>\n<p><script>\nfunction loadWindy() {\n  document.getElementById('windy-box').innerHTML =\n    '<iframe loading=\"lazy\" src=\"https:\/\/embed.windy.com\/embed2.html?lat=39.606&#038;lon=-97.031&#038;detailLat=49.142&#038;detailLon=9.223&#038;width=1300&#038;height=600&#038;zoom=5&#038;level=surface&#038;overlay=radar&#038;product=radar&#038;menu=&#038;message=true&#038;marker=&#038;calendar=now&#038;pressure=&#038;type=map&#038;location=coordinates&#038;detail=&#038;metricWind=default&#038;metricTemp=default&#038;radarRange=-1\" width=\"100%\" height=\"600\" frameborder=\"0\" style=\"border:0;border-radius:12px;\"><\/iframe>';\n}\n<\/script><\/p>\n<h2 class=\"p1\">Czym jest radar pogodowy na \u017cywo?<\/h2>\n<p class=\"p1\">Radary pogodowe s\u0105 niezb\u0119dnym narz\u0119dziem wykorzystywanym przez meteorolog\u00f3w do \u015bledzenia ruchu opad\u00f3w. Korzystaj\u0105c z radar\u00f3w, meteorolodzy mog\u0105 identyfikowa\u0107 aktualne wzorce opad\u00f3w i por\u00f3wnywa\u0107 poprzednie wzorce z aktualnymi warunkami, aby przewidzie\u0107 przysz\u0142o\u015b\u0107.<\/p>\n<p class=\"p1\">Urz\u0105dzenia radarowe emituj\u0105 fale elektromagnetyczne i odbieraj\u0105 ich echa z chmur opadowych. Nast\u0119pnie system radarowy oblicza odleg\u0142o\u015b\u0107 i si\u0142\u0119 opad\u00f3w w oparciu o czas powrotu echa.<\/p>\n<p class=\"p1\">Radary pogodowe s\u0105 niezb\u0119dnym narz\u0119dziem dla meteorolog\u00f3w, poniewa\u017c pozwalaj\u0105 im dok\u0142adnie przewidywa\u0107 pogod\u0119. Radary pogodowe s\u0105 niezb\u0119dnym narz\u0119dziem dla meteorolog\u00f3w, poniewa\u017c pozwalaj\u0105 im na dok\u0142adne przewidywanie pogody. Korzystaj\u0105c z radaru, meteorolodzy mog\u0105 dok\u0142adnie \u015bledzi\u0107 \u015bcie\u017ck\u0119 opad\u00f3w, aby przewidzie\u0107 przysz\u0142o\u015b\u0107.<\/p>\n<h2 class=\"p1\">Jak dzia\u0142a radar pogodowy na \u017cywo?<\/h2>\n<p class=\"p1\">Gdy nast\u0119pnym razem w\u0142\u0105czysz radar pogodowy, mo\u017cesz si\u0119 zastanawia\u0107, jak to dzia\u0142a. Technologia kryj\u0105ca si\u0119 za radarem jest do\u015b\u0107 z\u0142o\u017cona, ale mo\u017cemy wyja\u015bni\u0107 niekt\u00f3re podstawy. Radar wysy\u0142a wi\u0105zk\u0119 mikrofal, kt\u00f3ra odbija si\u0119 od deszczu lub \u015bniegu. Radar odbiera i przetwarza te odbicia, tworz\u0105c obraz aktualnej pogody.<span class=\"Apple-converted-space\">\u00a0 <\/span>Intensywno\u015b\u0107 obrazu radarowego zale\u017cy od ilo\u015bci opad\u00f3w \u2013 im wi\u0119cej opad\u00f3w, tym mocniejszy obraz. A im bli\u017cej opad\u00f3w, tym szybciej porusza si\u0119 po obrazie.<\/p>\n<p class=\"p1\">Ale radar pogodowy nie jest doskona\u0142y. Na przyk\u0142ad wykrycie lekkiego opadu mo\u017ce by\u0107 trudne, zw\u0142aszcza je\u015bli jest daleko. Drzewa i g\u00f3ry mog\u0105 r\u00f3wnie\u017c powodowa\u0107 wy\u015bwietlanie przez radar nieprawid\u0142owego obrazu. Pomimo tych ogranicze\u0144 radar pogodowy jest niezb\u0119dnym narz\u0119dziem meteorolog\u00f3w do przewidywania ruchu deszczu i burz \u015bnie\u017cnych.<\/p>\n<p>Should you require further real-time data from diverse radar categories such as aviation, maritime, weather, and beyond, you can access it at <a href=\"https:\/\/live-radar.org\/\" target=\"_blank\" rel=\"noopener noreferrer\">https:\/\/live-radar.org\/<\/a>.<\/p>\n<h3 class=\"p1\">Jakie s\u0105 korzy\u015bci?<\/h3>\n<p class=\"p1\">Pogoda mo\u017ce by\u0107 czasami nieprzewidywalna, przynosz\u0105c ze sob\u0105 mrozy <a href=\"https:\/\/weather-radar24.com\/pl\/radar-wiatrowy\/\">wiatr<\/a> kt\u00f3re mog\u0105 poparzy\u0107 palce. Albo mo\u017ce by\u0107 tak gor\u0105co, \u017ce my\u015blisz, \u017ce stoisz na pustyni. Przed sfinalizowaniem planu na dany dzie\u0144 najlepiej przyjrze\u0107 si\u0119 pogodzie, aby upewni\u0107 si\u0119, \u017ce nosisz odpowiednie ubrania na ca\u0142y dzie\u0144. Mo\u017ce to jednak by\u0107 czasoch\u0142onne i mo\u017ce by\u0107 konieczne przeszukanie wielu witryn w celu znalezienia potrzebnych informacji. Radar pogodowy to \u015bwietny spos\u00f3b, aby szybko i \u0142atwo sprawdzi\u0107 aktualn\u0105 pogod\u0119, a tak\u017ce godziny lub dni do przodu:<\/p>\n<p class=\"p1\">Radary pogodowe s\u0105 w stanie zbiera\u0107 szeroki zakres danych pogodowych. Obejmuje to opady, pr\u0119dko\u015b\u0107 wiatru, kierunek wiatru i ruch chmur. Dane te s\u0105 nast\u0119pnie wy\u015bwietlane na mapie, pomagaj\u0105c meteorologom lepiej zrozumie\u0107 pogod\u0119.<\/p>\n<p class=\"p1\">Radary pogodowe s\u0105 szczeg\u00f3lnie przydatne do przewidywania trudnych warunk\u00f3w pogodowych. Mog\u0105 pom\u00f3c wcze\u015bnie zidentyfikowa\u0107 burz\u0119 i podj\u0105\u0107 niezb\u0119dne \u015brodki ostro\u017cno\u015bci w celu ochrony ludzi i mienia.<\/p>\n<h3 class=\"p1\">Co oznaczaj\u0105 kolory na radarze pogodowym?<\/h3>\n<p class=\"p1\">Kolory na mapie wskazuj\u0105, jak du\u017ce b\u0119d\u0105 opady. Intensywno\u015b\u0107 deszczu podzielona jest na 5 poziom\u00f3w: lekki, umiarkowany, ci\u0119\u017cki, bardzo ci\u0119\u017cki i ekstremalnie ci\u0119\u017cki. Tak wi\u0119c w zale\u017cno\u015bci od tego, na jakim poziomie jest burza, mo\u017cesz spodziewa\u0107 si\u0119 opad\u00f3w o r\u00f3\u017cnej intensywno\u015bci. Niebieski odpowiada lekkiemu opadowi, zielony do umiarkowanego, \u017c\u00f3\u0142ty do silnego, pomara\u0144czowy do bardzo silnego i czerwony do bardzo silnego. R\u00f3\u017cne kolory na mapie s\u0105 zatem wska\u017anikiem r\u00f3\u017cnej intensywno\u015bci opad\u00f3w.<\/p>\n<h2 class=\"p1\">Jak powstaje prognoza pogody?<\/h2>\n<p class=\"p1\">Jednym z najwa\u017cniejszych przyrz\u0105d\u00f3w stosowanych przez meteorolog\u00f3w przy sporz\u0105dzaniu prognozy pogody jest radar pogodowy. Satelity pogodowe s\u0105 kolejnym wa\u017cnym narz\u0119dziem wykorzystywanym do tworzenia prognoz pogody. Satelity pogodowe obserwuj\u0105 pogod\u0119 z g\u00f3ry i widz\u0105 rzeczy, kt\u00f3re nie s\u0105 widoczne z ziemi. Informacje te s\u0105 nast\u0119pnie wykorzystywane do tworzenia lepszych prognoz.<\/p>\n<p class=\"p1\">Tworz\u0105c prognoz\u0119 pogody, nale\u017cy r\u00f3wnie\u017c wzi\u0105\u0107 pod uwag\u0119 warunki wietrzne. Pr\u0119dko\u015b\u0107 i kierunek wiatru mog\u0105 si\u0119 szybko zmienia\u0107 i mie\u0107 du\u017cy wp\u0142yw na pogod\u0119. Meteorolodzy u\u017cywaj\u0105 r\u00f3\u017cnych instrument\u00f3w do monitorowania warunk\u00f3w wiatrowych, takich jak balony pogodowe i anemometry. Ponadto nale\u017cy r\u00f3wnie\u017c wzi\u0105\u0107 pod uwag\u0119 zachmurzenie. Zachmurzenie mo\u017ce wp\u0142ywa\u0107 na pogod\u0119, reguluj\u0105c ilo\u015b\u0107 \u015bwiat\u0142a s\u0142onecznego, ciep\u0142a i wilgoci, kt\u00f3ra dostaje si\u0119 do atmosfery. Meteorolodzy u\u017cywaj\u0105 r\u00f3\u017cnych instrument\u00f3w do monitorowania zachmurzenia, takich jak sondy pogodowe i radiosondy.<\/p>\n<h3 class=\"p1\">Jak wiarygodne s\u0105 prognozy?<\/h3>\n<p class=\"p1\">Prognozy dostarczane przez radar pogodowy s\u0105 do\u015b\u0107 wiarygodne. Jednak wa\u017cne jest, aby zrozumie\u0107, \u017ce radar jest tylko narz\u0119dziem i nie mo\u017ce stanowi\u0107 doskona\u0142ej prognozy. Prognozy zawsze maj\u0105 pewn\u0105 niepewno\u015b\u0107, poniewa\u017c pogoda mo\u017ce si\u0119 szybko zmieni\u0107.<\/p>\n<h3 class=\"p1\">Dlaczego radar pogodowy jest cz\u0119sto wy\u0142\u0105czony?<\/h3>\n<p class=\"p1\">Odk\u0105d internet zapanowa\u0142, prognozowanie pogody r\u00f3wnie\u017c sta\u0142o si\u0119 du\u017cym problemem. Teraz mo\u017cesz przewidzie\u0107 pogod\u0119 na kilka dni, tygodni lub miesi\u0119cy do przodu. Prognozy staj\u0105 si\u0119 coraz dok\u0142adniejsze, ale radar pogodowy cz\u0119sto nie sprawdza si\u0119. Jaki jest tego pow\u00f3d? Przede wszystkim musisz zda\u0107 sobie spraw\u0119, \u017ce pogoda to bardzo z\u0142o\u017cony system. Znaczenie ma wiele czynnik\u00f3w, od temperatury po pr\u0119dko\u015b\u0107 wiatru. Czynniki te nie zawsze s\u0105 dok\u0142adnie przewidywalne i mog\u0105 si\u0119 szybko zmienia\u0107.<\/p>\n<p class=\"p1\">Jest to r\u00f3wnie\u017c pow\u00f3d, dla kt\u00f3rego tak trudno jest przewidzie\u0107 pogod\u0119. Co wi\u0119cej, radary pogodowe widz\u0105 tylko opady, kt\u00f3re ju\u017c wyst\u0105pi\u0142y \u2013 nie mog\u0105 przewidzie\u0107, gdzie b\u0119dzie pada\u0107 w przysz\u0142o\u015bci.<\/p>\n<h3 class=\"p1\">Kto korzysta z radaru pogodowego?<\/h3>\n<p class=\"p1\">Pogoda to ciekawy temat; wiele os\u00f3b regularnie korzysta z radaru pogodowego. Ale kto korzysta z radaru pogodowego i dlaczego? Radar pogodowy to przydatne narz\u0119dzie, kt\u00f3re mo\u017cna wykorzysta\u0107 do sprawdzenia aktualnej pogody i uzyskania informacji o nadchodz\u0105cych warunkach pogodowych. Wiele os\u00f3b, kt\u00f3re regularnie podr\u00f3\u017cuj\u0105, korzysta z radaru pogodowego, aby uzyska\u0107 informacje o aktualnej sytuacji pogodowej. Dzieje si\u0119 tak, poniewa\u017c szczeg\u00f3lnie wa\u017cne jest, aby podczas podr\u00f3\u017cy mie\u0107 oko na pogod\u0119.<\/p>\n<p class=\"p1\">Radar pogodowy mo\u017ce by\u0107 r\u00f3wnie\u017c przydatny w \u017cyciu zawodowym. Na przyk\u0142ad dla rolnik\u00f3w, kt\u00f3rzy planuj\u0105 zabi\u0107 swoje pola lub dla kapitana statku, kt\u00f3ry musi uwa\u017ca\u0107 na wysokie fale i sztormy. Samoloty komercyjne mog\u0105 r\u00f3wnie\u017c skorzysta\u0107 z radaru pogodowego, poniewa\u017c mog\u0105 lepiej zaplanowa\u0107 start i l\u0105dowanie.<\/p>\n<h3 class=\"p1\">Kiedy zbudowano pierwszy radar pogodowy?<\/h3>\n<p class=\"p1\">Pierwsza stacja radaru pogodowego zosta\u0142a zbudowana w Wielkiej Brytanii w 1935 roku. Jednak rozw\u00f3j radaru pogodowego rozpocz\u0105\u0142 si\u0119 znacznie wcze\u015bniej. W 1902 roku Christian H\u00fclsmeyer, niemiecki wynalazca, odkry\u0142, \u017ce <a href=\"https:\/\/science.nasa.gov\/ems\/02_anatomy\" target=\"_blank\" rel=\"noopener\">fale elektromagnetyczne<\/a> odbijaj\u0105 si\u0119 od ziemi, gdy uderzaj\u0105 w krople deszczu.<\/p>\n<p class=\"p1\">W latach dwudziestych brytyjski naukowiec Robert Watson-Watt opracowa\u0142 system do okre\u015blania pozycji samolotu. System ten opiera\u0142 si\u0119 na tej samej zasadzie co radar pogodowy. W latach 30. w Wielkiej Brytanii zainstalowano pierwszy radar pogodowy. Z biegiem lat budowano coraz wi\u0119cej stacji radarowych. Dzi\u015b w ca\u0142ej Europie istnieje rozbudowana sie\u0107.<\/p>\n<h3 class=\"p1\">Jak wygl\u0105da stacja radarowa?<\/h3>\n<p><img loading=\"lazy\" decoding=\"async\" class=\"aligncenter wp-image-103 size-full\" src=\"https:\/\/weather-radar24.com\/wp-content\/uploads\/2022\/08\/radar-g60378e96c_640.jpeg\" alt=\"stacja radarowa\" width=\"640\" height=\"480\" srcset=\"https:\/\/weather-radar24.com\/wp-content\/uploads\/2022\/08\/radar-g60378e96c_640.jpeg 640w, https:\/\/weather-radar24.com\/wp-content\/uploads\/2022\/08\/radar-g60378e96c_640-300x225.jpeg 300w\" sizes=\"auto, (max-width: 640px) 100vw, 640px\" \/><\/p>\n<p class=\"p1\">Wi\u0119kszo\u015b\u0107 stacji radarowych to raczej niepozorne budynki zlokalizowane na obszarach wiejskich lub odleg\u0142ych. Ale jak dok\u0142adnie wygl\u0105da stacja radarowa? Antena jest najbardziej zauwa\u017caln\u0105 cech\u0105 stacji radarowej. Cz\u0119sto jest du\u017cy i mo\u017cna go obraca\u0107, aby skanowa\u0107 otaczaj\u0105cy obszar. Antena wysy\u0142a sygna\u0142y, kt\u00f3re nast\u0119pnie odbiera stacja.<\/p>\n<p class=\"p1\">Sama stacja to zazwyczaj niewielki budynek wyposa\u017cony w komputery i inny sprz\u0119t. W niekt\u00f3rych przypadkach stacja jest cz\u0119\u015bci\u0105 wi\u0119kszego obserwatorium pogodowego.<\/p>","protected":false},"excerpt":{"rendered":"<p>Weather radar live &#8211; Current Weather Conditions Whether you&#8217;re at work, school or shopping, the weather is a topic of conversation that interests us all. But how do you really know what the weather will be like? It\u2019s quite simple: with the help of a weather radar! But what exactly is this radar and how&hellip;&nbsp;<a href=\"https:\/\/weather-radar24.com\/pl\/\" rel=\"bookmark\">Read More &raquo;<span class=\"screen-reader-text\">Radar pogodowy<\/span><\/a><\/p>","protected":false},"author":1,"featured_media":18,"parent":0,"menu_order":0,"comment_status":"closed","ping_status":"closed","template":"","meta":{"neve_meta_sidebar":"","neve_meta_container":"","neve_meta_enable_content_width":"off","neve_meta_content_width":100,"neve_meta_title_alignment":"","neve_meta_author_avatar":"","neve_post_elements_order":"","neve_meta_disable_header":"","neve_meta_disable_footer":"","neve_meta_disable_title":"on","neve_meta_reading_time":"","footnotes":""},"class_list":["post-40","page","type-page","status-publish","has-post-thumbnail","hentry"],"yoast_head":"<!-- This site is optimized with the Yoast SEO plugin v27.3 - https:\/\/yoast.com\/product\/yoast-seo-wordpress\/ -->\n<title>Weather radar live - Current Weather Conditions Map<\/title>\n<meta name=\"description\" content=\"Track the current weather conditions in real time with our weather radar! The weather map shows the forecast for rain, clouds and snowfall\" \/>\n<meta name=\"robots\" content=\"index, follow, max-snippet:-1, max-image-preview:large, max-video-preview:-1\" \/>\n<link rel=\"canonical\" href=\"https:\/\/weather-radar24.com\/pl\/\" \/>\n<meta property=\"og:locale\" content=\"pl_PL\" \/>\n<meta property=\"og:type\" content=\"article\" \/>\n<meta property=\"og:title\" content=\"Weather radar live - Current Weather Conditions Map\" \/>\n<meta property=\"og:description\" content=\"Track the current weather conditions in real time with our weather radar! The weather map shows the forecast for rain, clouds and snowfall\" \/>\n<meta property=\"og:url\" content=\"https:\/\/weather-radar24.com\/pl\/\" \/>\n<meta property=\"article:modified_time\" content=\"2026-04-11T11:01:50+00:00\" \/>\n<meta property=\"og:image\" content=\"https:\/\/weather-radar24.com\/wp-content\/uploads\/2022\/08\/weather-radar24.org_.png\" \/>\n\t<meta property=\"og:image:width\" content=\"500\" \/>\n\t<meta property=\"og:image:height\" content=\"500\" \/>\n\t<meta property=\"og:image:type\" content=\"image\/png\" \/>\n<meta name=\"twitter:card\" content=\"summary_large_image\" \/>\n<meta name=\"twitter:label1\" content=\"Szacowany czas czytania\" \/>\n\t<meta name=\"twitter:data1\" content=\"6 minut\" \/>\n<script type=\"application\/ld+json\" class=\"yoast-schema-graph\">{\"@context\":\"https:\\\/\\\/schema.org\",\"@graph\":[{\"@type\":\"WebPage\",\"@id\":\"https:\\\/\\\/weather-radar24.com\\\/\",\"url\":\"https:\\\/\\\/weather-radar24.com\\\/\",\"name\":\"Weather radar live - Current Weather Conditions Map\",\"isPartOf\":{\"@id\":\"https:\\\/\\\/weather-radar24.com\\\/#website\"},\"primaryImageOfPage\":{\"@id\":\"https:\\\/\\\/weather-radar24.com\\\/#primaryimage\"},\"image\":{\"@id\":\"https:\\\/\\\/weather-radar24.com\\\/#primaryimage\"},\"thumbnailUrl\":\"https:\\\/\\\/weather-radar24.com\\\/wp-content\\\/uploads\\\/2022\\\/08\\\/weather-radar24.org_.png\",\"datePublished\":\"2022-08-17T19:13:54+00:00\",\"dateModified\":\"2026-04-11T11:01:50+00:00\",\"description\":\"Track the current weather conditions in real time with our weather radar! The weather map shows the forecast for rain, clouds and snowfall\",\"breadcrumb\":{\"@id\":\"https:\\\/\\\/weather-radar24.com\\\/#breadcrumb\"},\"inLanguage\":\"pl-PL\",\"potentialAction\":[{\"@type\":\"ReadAction\",\"target\":[\"https:\\\/\\\/weather-radar24.com\\\/\"]}]},{\"@type\":\"ImageObject\",\"inLanguage\":\"pl-PL\",\"@id\":\"https:\\\/\\\/weather-radar24.com\\\/#primaryimage\",\"url\":\"https:\\\/\\\/weather-radar24.com\\\/wp-content\\\/uploads\\\/2022\\\/08\\\/weather-radar24.org_.png\",\"contentUrl\":\"https:\\\/\\\/weather-radar24.com\\\/wp-content\\\/uploads\\\/2022\\\/08\\\/weather-radar24.org_.png\",\"width\":500,\"height\":500,\"caption\":\"Weather radar\"},{\"@type\":\"BreadcrumbList\",\"@id\":\"https:\\\/\\\/weather-radar24.com\\\/#breadcrumb\",\"itemListElement\":[{\"@type\":\"ListItem\",\"position\":1,\"name\":\"Startseite\",\"item\":\"https:\\\/\\\/weather-radar24.com\\\/\"},{\"@type\":\"ListItem\",\"position\":2,\"name\":\"Weather radar\"}]},{\"@type\":\"WebSite\",\"@id\":\"https:\\\/\\\/weather-radar24.com\\\/#website\",\"url\":\"https:\\\/\\\/weather-radar24.com\\\/\",\"name\":\"\",\"description\":\"\",\"potentialAction\":[{\"@type\":\"SearchAction\",\"target\":{\"@type\":\"EntryPoint\",\"urlTemplate\":\"https:\\\/\\\/weather-radar24.com\\\/?s={search_term_string}\"},\"query-input\":{\"@type\":\"PropertyValueSpecification\",\"valueRequired\":true,\"valueName\":\"search_term_string\"}}],\"inLanguage\":\"pl-PL\"}]}<\/script>\n<!-- \/ Yoast SEO plugin. -->","yoast_head_json":{"title":"Radar pogodowy na \u017cywo - mapa aktualnych warunk\u00f3w pogodowych","description":"\u015aled\u017a aktualne warunki pogodowe w czasie rzeczywistym dzi\u0119ki naszemu radarowi pogodowemu! Mapa pogody pokazuje prognoz\u0119 deszczu, chmur i opad\u00f3w \u015bniegu","robots":{"index":"index","follow":"follow","max-snippet":"max-snippet:-1","max-image-preview":"max-image-preview:large","max-video-preview":"max-video-preview:-1"},"canonical":"https:\/\/weather-radar24.com\/pl\/","og_locale":"pl_PL","og_type":"article","og_title":"Weather radar live - Current Weather Conditions Map","og_description":"Track the current weather conditions in real time with our weather radar! The weather map shows the forecast for rain, clouds and snowfall","og_url":"https:\/\/weather-radar24.com\/pl\/","article_modified_time":"2026-04-11T11:01:50+00:00","og_image":[{"width":500,"height":500,"url":"https:\/\/weather-radar24.com\/wp-content\/uploads\/2022\/08\/weather-radar24.org_.png","type":"image\/png"}],"twitter_card":"summary_large_image","twitter_misc":{"Szacowany czas czytania":"6 minut"},"schema":{"@context":"https:\/\/schema.org","@graph":[{"@type":"WebPage","@id":"https:\/\/weather-radar24.com\/","url":"https:\/\/weather-radar24.com\/","name":"Radar pogodowy na \u017cywo - mapa aktualnych warunk\u00f3w pogodowych","isPartOf":{"@id":"https:\/\/weather-radar24.com\/#website"},"primaryImageOfPage":{"@id":"https:\/\/weather-radar24.com\/#primaryimage"},"image":{"@id":"https:\/\/weather-radar24.com\/#primaryimage"},"thumbnailUrl":"https:\/\/weather-radar24.com\/wp-content\/uploads\/2022\/08\/weather-radar24.org_.png","datePublished":"2022-08-17T19:13:54+00:00","dateModified":"2026-04-11T11:01:50+00:00","description":"\u015aled\u017a aktualne warunki pogodowe w czasie rzeczywistym dzi\u0119ki naszemu radarowi pogodowemu! Mapa pogody pokazuje prognoz\u0119 deszczu, chmur i opad\u00f3w \u015bniegu","breadcrumb":{"@id":"https:\/\/weather-radar24.com\/#breadcrumb"},"inLanguage":"pl-PL","potentialAction":[{"@type":"ReadAction","target":["https:\/\/weather-radar24.com\/"]}]},{"@type":"ImageObject","inLanguage":"pl-PL","@id":"https:\/\/weather-radar24.com\/#primaryimage","url":"https:\/\/weather-radar24.com\/wp-content\/uploads\/2022\/08\/weather-radar24.org_.png","contentUrl":"https:\/\/weather-radar24.com\/wp-content\/uploads\/2022\/08\/weather-radar24.org_.png","width":500,"height":500,"caption":"Weather radar"},{"@type":"BreadcrumbList","@id":"https:\/\/weather-radar24.com\/#breadcrumb","itemListElement":[{"@type":"ListItem","position":1,"name":"Startseite","item":"https:\/\/weather-radar24.com\/"},{"@type":"ListItem","position":2,"name":"Weather radar"}]},{"@type":"WebSite","@id":"https:\/\/weather-radar24.com\/#website","url":"https:\/\/weather-radar24.com\/","name":"","description":"","potentialAction":[{"@type":"SearchAction","target":{"@type":"EntryPoint","urlTemplate":"https:\/\/weather-radar24.com\/?s={search_term_string}"},"query-input":{"@type":"PropertyValueSpecification","valueRequired":true,"valueName":"search_term_string"}}],"inLanguage":"pl-PL"}]}},"_links":{"self":[{"href":"https:\/\/weather-radar24.com\/pl\/wp-json\/wp\/v2\/pages\/40","targetHints":{"allow":["GET"]}}],"collection":[{"href":"https:\/\/weather-radar24.com\/pl\/wp-json\/wp\/v2\/pages"}],"about":[{"href":"https:\/\/weather-radar24.com\/pl\/wp-json\/wp\/v2\/types\/page"}],"author":[{"embeddable":true,"href":"https:\/\/weather-radar24.com\/pl\/wp-json\/wp\/v2\/users\/1"}],"replies":[{"embeddable":true,"href":"https:\/\/weather-radar24.com\/pl\/wp-json\/wp\/v2\/comments?post=40"}],"version-history":[{"count":10,"href":"https:\/\/weather-radar24.com\/pl\/wp-json\/wp\/v2\/pages\/40\/revisions"}],"predecessor-version":[{"id":1034,"href":"https:\/\/weather-radar24.com\/pl\/wp-json\/wp\/v2\/pages\/40\/revisions\/1034"}],"wp:featuredmedia":[{"embeddable":true,"href":"https:\/\/weather-radar24.com\/pl\/wp-json\/wp\/v2\/media\/18"}],"wp:attachment":[{"href":"https:\/\/weather-radar24.com\/pl\/wp-json\/wp\/v2\/media?parent=40"}],"curies":[{"name":"wp","href":"https:\/\/api.w.org\/{rel}","templated":true}]}}