{"id":42,"date":"2022-08-17T21:14:33","date_gmt":"2022-08-17T19:14:33","guid":{"rendered":"https:\/\/weather-radar24.com\/?page_id=42"},"modified":"2026-04-11T13:11:34","modified_gmt":"2026-04-11T11:11:34","slug":"cloud-cover-map","status":"publish","type":"page","link":"https:\/\/weather-radar24.com\/pl\/mapa-zakrycia-chmur\/","title":{"rendered":"Mapa zachmurzenia"},"content":{"rendered":"<h1>Mapa zachmurzenia \u2013 aktualna prognoza chmury i prognoza zachmurzenia<\/h1>\n<p>Mapa zachmurzenia jest wa\u017cnym narz\u0119dziem do przewidywania pogody. Pomo\u017ce Ci \u015bledzi\u0107 ruch chmur i zobaczy\u0107, jak rozwija si\u0119 pogoda. Oto jak czyta\u0107 i interpretowa\u0107 map\u0119 zachmurzenia.<\/p>\n<div id=\"windy-clouds-box\" style=\"max-width:1300px;margin:20px auto;padding:24px;border:1px solid #dcdcdc;border-radius:12px;background:#f8fafc;text-align:center;font-family:Arial,sans-serif;\">\n<h3 style=\"margin:0 0 10px 0;font-size:24px;color:#1f2937;\">Clouds Map<\/h3>\n<p style=\"margin:0 0 18px 0;font-size:16px;line-height:1.5;color:#4b5563;\">\n    Click the button below to load the live clouds map from Windy.com.\n  <\/p>\n<p>  <button onclick=\"loadWindyClouds()\" style=\"background:#2563eb;color:#ffffff;border:none;padding:14px 24px;font-size:16px;font-weight:600;border-radius:8px;cursor:pointer;\"><br \/>\n    Load Clouds Map<br \/>\n  <\/button><\/p>\n<p style=\"margin:14px 0 0 0;font-size:13px;color:#6b7280;\">\n    External content will be loaded from Windy.com after clicking.\n  <\/p>\n<\/div>\n<p><script>\nfunction loadWindyClouds() {\n  document.getElementById('windy-clouds-box').innerHTML =\n    '<iframe loading=\"lazy\" src=\"https:\/\/embed.windy.com\/embed2.html?lat=39.606&#038;lon=-97.031&#038;detailLat=49.142&#038;detailLon=9.223&#038;width=1300&#038;height=600&#038;zoom=5&#038;level=surface&#038;overlay=clouds&#038;product=ecmwf&#038;menu=&#038;message=true&#038;marker=&#038;calendar=now&#038;pressure=&#038;type=map&#038;location=coordinates&#038;detail=&#038;metricWind=default&#038;metricTemp=default&#038;radarRange=-1\" width=\"100%\" height=\"600\" frameborder=\"0\" style=\"border:0;border-radius:12px;\"><\/iframe>';\n}\n<\/script><\/p>\n<h2 class=\"p1\">Jak czyta\u0107 map\u0119 zachmurzenia?<\/h2>\n<p class=\"p1\">Po pierwsze, powiniene\u015b wiedzie\u0107, \u017ce mapa zachmurzenia pokazuje tylko ruch chmur, a nie deszcz czy \u015bnieg. Nale\u017cy o tym pami\u0119ta\u0107, poniewa\u017c <a href=\"https:\/\/weather-radar24.com\/pl\/deszcz-radar\/\">deszcz<\/a> oraz <a href=\"https:\/\/weather-radar24.com\/pl\/mapa-pokrywy-snieznej\/\">opady \u015bniegu<\/a> s\u0105 zwykle wolniejsze ni\u017c ruch chmur. Dlatego mo\u017cesz zobaczy\u0107 ruch na mapie, ale nie spodziewaj si\u0119 deszczu ani \u015bniegu. Je\u015bli widzisz ruch na mapie, oznacza to, \u017ce chmury poruszaj\u0105 si\u0119 w tym kierunku.<\/p>\n<p class=\"p1\">Ruch chmur w ci\u0105gu ostatniej godziny mo\u017cna odtworzy\u0107 za pomoc\u0105 przycisku odtwarzania. Kolory na mapie wskazuj\u0105, jak silny jest ruch. Im silniejszy ruch, tym ciemniejszy kolor. Je\u015bli widzisz na radarze ciemny kolor, oznacza to, \u017ce chmury poruszaj\u0105 si\u0119 bardzo szybko w tym kierunku. To cz\u0119sto oznaka z\u0142ej pogody. Je\u015bli jednak widzisz tylko niewielki ruch, zwykle oznacza to, \u017ce pogoda jest dobra lub niewiele si\u0119 zmieni.<\/p>\n<p class=\"p1\">Je\u015bli widzisz wiele kolor\u00f3w na <a href=\"https:\/\/weather-radar24.com\/pl\/\">radar pogodowy<\/a>, oznacza to, \u017ce chmury poruszaj\u0105 si\u0119 w r\u00f3\u017cnych kierunkach. Jest to zwykle oznaka niespokojnej pogody. Je\u015bli nie widzisz ruchu na radarze, zwykle oznacza to, \u017ce pogoda si\u0119 nie zmieni.<\/p>\n<h2 class=\"p1\">Jak dzia\u0142a mapa zachmurzenia?<\/h2>\n<p class=\"p1\">Chmury sk\u0142adaj\u0105 si\u0119 z pary wodnej lub lodu. Wi\u0119kszo\u015b\u0107 chmur tworzy si\u0119, gdy unosi si\u0119 ciep\u0142e powietrze. Kiedy powietrze to spotyka si\u0119 z zimnym powietrzem, para wodna kondensuje i tworz\u0105 si\u0119 chmury. Mapa zachmurzenia dzia\u0142a poprzez \u015bledzenie ruchu chmur. Radar s\u0142u\u017cy do wysy\u0142ania fal i odbierania fal odbitych.<\/p>\n<p class=\"p1\">W zale\u017cno\u015bci od tego, czy fale odbijaj\u0105 si\u0119 od powierzchni sta\u0142ej czy ciek\u0142ej, mo\u017cna stwierdzi\u0107, czy s\u0105 tam chmury. Radar chmur pokazuje wi\u0119c ruchy chmur.<\/p>\n<h3 class=\"p1\">Kto korzysta z mapy zachmurzenia?<\/h3>\n<p class=\"p1\">Mapa zachmurzenia to system informacji pogodowych, kt\u00f3ry zapewnia regularnie aktualizowane odczyty chmur i ich ruch\u00f3w. Jest dost\u0119pny online lub jako aplikacja i jest odpowiedni dla r\u00f3\u017cnych grup docelowych, takich jak entuzja\u015bci pogody, meteorolodzy amatorzy, piloci, \u017ceglarze i windsurferzy. Mapa zachmurzenia jest jednym z najpopularniejszych system\u00f3w informacji pogodowej i ma du\u017c\u0105 liczb\u0119 u\u017cytkownik\u00f3w.<\/p>\n<h3 class=\"p1\">Jak tworz\u0105 si\u0119 chmury?<\/h3>\n<p class=\"p1\">Chmury to w\u0142a\u015bciwie nic innego jak wilgotne powietrze. Ale to nie jest tak, \u017ce chmury po prostu <a href=\"https:\/\/www.fortworthtexas.gov\/departments\/water\/sdw\/water-made#:~:text=A%20water%20molecule%20has%20three,sometimes%20referred%20to%20as%20H2O.\" target=\"_blank\" rel=\"noopener\">sk\u0142ada si\u0119 z wody<\/a> para ulatniaj\u0105ca si\u0119 do atmosfery. Przeciwnie, chmury tworz\u0105 si\u0119, poniewa\u017c s\u0142o\u0144ce ogrzewa wilgotne powietrze. Gdy ziemia si\u0119 och\u0142adza, para wodna skrapla si\u0119 i tworzy mg\u0142\u0119.<\/p>\n<h3 class=\"p1\">Jak wygl\u0105daj\u0105 chmury deszczowe?<\/h3>\n<p class=\"p1\">To naprawd\u0119 bardzo proste: chmury to nic innego jak wzburzone powietrze. Mog\u0105 wygl\u0105da\u0107 zupe\u0142nie inaczej. Na przyk\u0142ad chmury deszczowe s\u0105 zwykle ciemne i g\u0119ste, poniewa\u017c zawieraj\u0105 wiele kropelek wody. Z drugiej strony chmury \u015bnie\u017cne zwykle wygl\u0105daj\u0105 na bia\u0142e i puszyste, poniewa\u017c zawieraj\u0105 wiele kryszta\u0142k\u00f3w lodu.<\/p>\n<h3 class=\"p1\">Jakie chmury s\u0105 niebezpieczne?<\/h3>\n<p class=\"p1\">Chmury Cumulus s\u0105 najcz\u0119stszym rodzajem chmur i zwykle s\u0105 nieszkodliwe. Wygl\u0105daj\u0105 jak puszyste bia\u0142e kulki i cz\u0119sto s\u0105 oznak\u0105 \u0142adnej pogody. Mog\u0105 jednak r\u00f3wnie\u017c zwiastowa\u0107 burze, je\u015bli stan\u0105 si\u0119 zbyt du\u017ce i g\u0119ste. Chmury Nimbus s\u0105 najbardziej niebezpiecznymi chmurami, poniewa\u017c kojarz\u0105 si\u0119 z deszczem, \u015bniegiem lub gradem. Wygl\u0105daj\u0105 jak grube szare lub czarne cumulusy i mog\u0105 poprzedza\u0107 ekstremalne warunki pogodowe.<\/p>","protected":false},"excerpt":{"rendered":"<p>Cloud cover map &#8211; current cloud forecast &amp; cloud prediction Cloud cover map is an important tool for predicting the weather. It can help you track the movement of clouds and see how the weather is developing. Here&#8217;s how to read and interpret a cloud cover map. Clouds Map Click the button below to load&hellip;&nbsp;<a href=\"https:\/\/weather-radar24.com\/pl\/mapa-zakrycia-chmur\/\" rel=\"bookmark\">Read More &raquo;<span class=\"screen-reader-text\">Mapa zachmurzenia<\/span><\/a><\/p>","protected":false},"author":1,"featured_media":113,"parent":0,"menu_order":0,"comment_status":"closed","ping_status":"closed","template":"","meta":{"neve_meta_sidebar":"","neve_meta_container":"","neve_meta_enable_content_width":"off","neve_meta_content_width":100,"neve_meta_title_alignment":"","neve_meta_author_avatar":"","neve_post_elements_order":"","neve_meta_disable_header":"","neve_meta_disable_footer":"","neve_meta_disable_title":"on","neve_meta_reading_time":"","footnotes":""},"class_list":["post-42","page","type-page","status-publish","has-post-thumbnail","hentry"],"yoast_head":"<!-- This site is optimized with the Yoast SEO plugin v27.3 - https:\/\/yoast.com\/product\/yoast-seo-wordpress\/ -->\n<title>Cloud cover map - current cloud forecast &amp; cloud prediction<\/title>\n<meta name=\"description\" content=\"Follow the current cloud forecast Worldwide with our cloud radar. Current satellite images show the cloud forecast\" \/>\n<meta name=\"robots\" content=\"index, follow, max-snippet:-1, max-image-preview:large, max-video-preview:-1\" \/>\n<link rel=\"canonical\" href=\"https:\/\/weather-radar24.com\/pl\/mapa-zakrycia-chmur\/\" \/>\n<meta property=\"og:locale\" content=\"pl_PL\" \/>\n<meta property=\"og:type\" content=\"article\" \/>\n<meta property=\"og:title\" content=\"Cloud cover map - current cloud forecast &amp; cloud prediction\" \/>\n<meta property=\"og:description\" content=\"Follow the current cloud forecast Worldwide with our cloud radar. Current satellite images show the cloud forecast\" \/>\n<meta property=\"og:url\" content=\"https:\/\/weather-radar24.com\/pl\/mapa-zakrycia-chmur\/\" \/>\n<meta property=\"article:modified_time\" content=\"2026-04-11T11:11:34+00:00\" \/>\n<meta property=\"og:image\" content=\"https:\/\/weather-radar24.com\/wp-content\/uploads\/2022\/08\/Bildschirmfoto-2022-08-18-um-13.15.21.png\" \/>\n\t<meta property=\"og:image:width\" content=\"363\" \/>\n\t<meta property=\"og:image:height\" content=\"277\" \/>\n\t<meta property=\"og:image:type\" content=\"image\/png\" \/>\n<meta name=\"twitter:card\" content=\"summary_large_image\" \/>\n<meta name=\"twitter:label1\" content=\"Szacowany czas czytania\" \/>\n\t<meta name=\"twitter:data1\" content=\"3 minuty\" \/>\n<script type=\"application\/ld+json\" class=\"yoast-schema-graph\">{\"@context\":\"https:\\\/\\\/schema.org\",\"@graph\":[{\"@type\":\"WebPage\",\"@id\":\"https:\\\/\\\/weather-radar24.com\\\/cloud-cover-map\\\/\",\"url\":\"https:\\\/\\\/weather-radar24.com\\\/cloud-cover-map\\\/\",\"name\":\"Cloud cover map - current cloud forecast & cloud prediction\",\"isPartOf\":{\"@id\":\"https:\\\/\\\/weather-radar24.com\\\/#website\"},\"primaryImageOfPage\":{\"@id\":\"https:\\\/\\\/weather-radar24.com\\\/cloud-cover-map\\\/#primaryimage\"},\"image\":{\"@id\":\"https:\\\/\\\/weather-radar24.com\\\/cloud-cover-map\\\/#primaryimage\"},\"thumbnailUrl\":\"https:\\\/\\\/weather-radar24.com\\\/wp-content\\\/uploads\\\/2022\\\/08\\\/Bildschirmfoto-2022-08-18-um-13.15.21.png\",\"datePublished\":\"2022-08-17T19:14:33+00:00\",\"dateModified\":\"2026-04-11T11:11:34+00:00\",\"description\":\"Follow the current cloud forecast Worldwide with our cloud radar. Current satellite images show the cloud forecast\",\"breadcrumb\":{\"@id\":\"https:\\\/\\\/weather-radar24.com\\\/cloud-cover-map\\\/#breadcrumb\"},\"inLanguage\":\"pl-PL\",\"potentialAction\":[{\"@type\":\"ReadAction\",\"target\":[\"https:\\\/\\\/weather-radar24.com\\\/cloud-cover-map\\\/\"]}]},{\"@type\":\"ImageObject\",\"inLanguage\":\"pl-PL\",\"@id\":\"https:\\\/\\\/weather-radar24.com\\\/cloud-cover-map\\\/#primaryimage\",\"url\":\"https:\\\/\\\/weather-radar24.com\\\/wp-content\\\/uploads\\\/2022\\\/08\\\/Bildschirmfoto-2022-08-18-um-13.15.21.png\",\"contentUrl\":\"https:\\\/\\\/weather-radar24.com\\\/wp-content\\\/uploads\\\/2022\\\/08\\\/Bildschirmfoto-2022-08-18-um-13.15.21.png\",\"width\":363,\"height\":277,\"caption\":\"Cloud cover map\"},{\"@type\":\"BreadcrumbList\",\"@id\":\"https:\\\/\\\/weather-radar24.com\\\/cloud-cover-map\\\/#breadcrumb\",\"itemListElement\":[{\"@type\":\"ListItem\",\"position\":1,\"name\":\"Startseite\",\"item\":\"https:\\\/\\\/weather-radar24.com\\\/\"},{\"@type\":\"ListItem\",\"position\":2,\"name\":\"Cloud cover map\"}]},{\"@type\":\"WebSite\",\"@id\":\"https:\\\/\\\/weather-radar24.com\\\/#website\",\"url\":\"https:\\\/\\\/weather-radar24.com\\\/\",\"name\":\"\",\"description\":\"\",\"potentialAction\":[{\"@type\":\"SearchAction\",\"target\":{\"@type\":\"EntryPoint\",\"urlTemplate\":\"https:\\\/\\\/weather-radar24.com\\\/?s={search_term_string}\"},\"query-input\":{\"@type\":\"PropertyValueSpecification\",\"valueRequired\":true,\"valueName\":\"search_term_string\"}}],\"inLanguage\":\"pl-PL\"}]}<\/script>\n<!-- \/ Yoast SEO plugin. -->","yoast_head_json":{"title":"Mapa zachmurzenia - aktualna prognoza chmury i prognoza chmury","description":"\u015aled\u017a aktualn\u0105 prognoz\u0119 chmury na ca\u0142ym \u015bwiecie dzi\u0119ki naszemu radarowi w chmurze. Aktualne zdj\u0119cia satelitarne pokazuj\u0105 prognoz\u0119 chmury","robots":{"index":"index","follow":"follow","max-snippet":"max-snippet:-1","max-image-preview":"max-image-preview:large","max-video-preview":"max-video-preview:-1"},"canonical":"https:\/\/weather-radar24.com\/pl\/mapa-zakrycia-chmur\/","og_locale":"pl_PL","og_type":"article","og_title":"Cloud cover map - current cloud forecast & cloud prediction","og_description":"Follow the current cloud forecast Worldwide with our cloud radar. Current satellite images show the cloud forecast","og_url":"https:\/\/weather-radar24.com\/pl\/mapa-zakrycia-chmur\/","article_modified_time":"2026-04-11T11:11:34+00:00","og_image":[{"width":363,"height":277,"url":"https:\/\/weather-radar24.com\/wp-content\/uploads\/2022\/08\/Bildschirmfoto-2022-08-18-um-13.15.21.png","type":"image\/png"}],"twitter_card":"summary_large_image","twitter_misc":{"Szacowany czas czytania":"3 minuty"},"schema":{"@context":"https:\/\/schema.org","@graph":[{"@type":"WebPage","@id":"https:\/\/weather-radar24.com\/cloud-cover-map\/","url":"https:\/\/weather-radar24.com\/cloud-cover-map\/","name":"Mapa zachmurzenia - aktualna prognoza chmury i prognoza chmury","isPartOf":{"@id":"https:\/\/weather-radar24.com\/#website"},"primaryImageOfPage":{"@id":"https:\/\/weather-radar24.com\/cloud-cover-map\/#primaryimage"},"image":{"@id":"https:\/\/weather-radar24.com\/cloud-cover-map\/#primaryimage"},"thumbnailUrl":"https:\/\/weather-radar24.com\/wp-content\/uploads\/2022\/08\/Bildschirmfoto-2022-08-18-um-13.15.21.png","datePublished":"2022-08-17T19:14:33+00:00","dateModified":"2026-04-11T11:11:34+00:00","description":"\u015aled\u017a aktualn\u0105 prognoz\u0119 chmury na ca\u0142ym \u015bwiecie dzi\u0119ki naszemu radarowi w chmurze. Aktualne zdj\u0119cia satelitarne pokazuj\u0105 prognoz\u0119 chmury","breadcrumb":{"@id":"https:\/\/weather-radar24.com\/cloud-cover-map\/#breadcrumb"},"inLanguage":"pl-PL","potentialAction":[{"@type":"ReadAction","target":["https:\/\/weather-radar24.com\/cloud-cover-map\/"]}]},{"@type":"ImageObject","inLanguage":"pl-PL","@id":"https:\/\/weather-radar24.com\/cloud-cover-map\/#primaryimage","url":"https:\/\/weather-radar24.com\/wp-content\/uploads\/2022\/08\/Bildschirmfoto-2022-08-18-um-13.15.21.png","contentUrl":"https:\/\/weather-radar24.com\/wp-content\/uploads\/2022\/08\/Bildschirmfoto-2022-08-18-um-13.15.21.png","width":363,"height":277,"caption":"Cloud cover map"},{"@type":"BreadcrumbList","@id":"https:\/\/weather-radar24.com\/cloud-cover-map\/#breadcrumb","itemListElement":[{"@type":"ListItem","position":1,"name":"Startseite","item":"https:\/\/weather-radar24.com\/"},{"@type":"ListItem","position":2,"name":"Cloud cover map"}]},{"@type":"WebSite","@id":"https:\/\/weather-radar24.com\/#website","url":"https:\/\/weather-radar24.com\/","name":"","description":"","potentialAction":[{"@type":"SearchAction","target":{"@type":"EntryPoint","urlTemplate":"https:\/\/weather-radar24.com\/?s={search_term_string}"},"query-input":{"@type":"PropertyValueSpecification","valueRequired":true,"valueName":"search_term_string"}}],"inLanguage":"pl-PL"}]}},"_links":{"self":[{"href":"https:\/\/weather-radar24.com\/pl\/wp-json\/wp\/v2\/pages\/42","targetHints":{"allow":["GET"]}}],"collection":[{"href":"https:\/\/weather-radar24.com\/pl\/wp-json\/wp\/v2\/pages"}],"about":[{"href":"https:\/\/weather-radar24.com\/pl\/wp-json\/wp\/v2\/types\/page"}],"author":[{"embeddable":true,"href":"https:\/\/weather-radar24.com\/pl\/wp-json\/wp\/v2\/users\/1"}],"replies":[{"embeddable":true,"href":"https:\/\/weather-radar24.com\/pl\/wp-json\/wp\/v2\/comments?post=42"}],"version-history":[{"count":7,"href":"https:\/\/weather-radar24.com\/pl\/wp-json\/wp\/v2\/pages\/42\/revisions"}],"predecessor-version":[{"id":114,"href":"https:\/\/weather-radar24.com\/pl\/wp-json\/wp\/v2\/pages\/42\/revisions\/114"}],"wp:featuredmedia":[{"embeddable":true,"href":"https:\/\/weather-radar24.com\/pl\/wp-json\/wp\/v2\/media\/113"}],"wp:attachment":[{"href":"https:\/\/weather-radar24.com\/pl\/wp-json\/wp\/v2\/media?parent=42"}],"curies":[{"name":"wp","href":"https:\/\/api.w.org\/{rel}","templated":true}]}}