{"id":44,"date":"2022-08-17T21:14:51","date_gmt":"2022-08-17T19:14:51","guid":{"rendered":"https:\/\/weather-radar24.com\/?page_id=44"},"modified":"2026-04-11T13:13:09","modified_gmt":"2026-04-11T11:13:09","slug":"storm-radar","status":"publish","type":"page","link":"https:\/\/weather-radar24.com\/pl\/radar-burzowy\/","title":{"rendered":"Radar burzowy"},"content":{"rendered":"<h1>Radar sztormowy \u2013 aktualna prognoza na trudne warunki pogodowe<\/h1>\n<p>Co mo\u017ce by\u0107 lepszego ni\u017c siedzenie na zewn\u0105trz i cieszenie si\u0119 s\u0142o\u0144cem, gdy jest \u0142adna pogoda? Niestety pogoda nie zawsze dopisuje. Radar pogodowy jest wa\u017cnym narz\u0119dziem ostrzegania przed z\u0142\u0105 pogod\u0105. Ale czym w\u0142a\u015bciwie jest radar pogodowy i jak dzia\u0142a?<\/p>\n<div id=\"windy-alerts-box\" style=\"max-width:1300px;margin:20px auto;padding:24px;border:1px solid #dcdcdc;border-radius:12px;background:#f8fafc;text-align:center;font-family:Arial,sans-serif;\">\n<h3 style=\"margin:0 0 10px 0;font-size:24px;color:#1f2937;\">Weather Alerts Map<\/h3>\n<p style=\"margin:0 0 18px 0;font-size:16px;line-height:1.5;color:#4b5563;\">\n    Click the button below to load active weather alerts from Windy.com.\n  <\/p>\n<p>  <button onclick=\"loadWindyAlerts()\" style=\"background:#dc2626;color:#ffffff;border:none;padding:14px 24px;font-size:16px;font-weight:600;border-radius:8px;cursor:pointer;\"><br \/>\n    Load Weather Alerts<br \/>\n  <\/button><\/p>\n<p style=\"margin:14px 0 0 0;font-size:13px;color:#6b7280;\">\n    External content will be loaded from Windy.com after clicking.\n  <\/p>\n<\/div>\n<p><script>\nfunction loadWindyAlerts() {\n  document.getElementById('windy-alerts-box').innerHTML =\n    '<iframe loading=\"lazy\" src=\"https:\/\/embed.windy.com\/embed2.html?lat=39.606&#038;lon=-97.031&#038;detailLat=49.142&#038;detailLon=9.223&#038;width=1300&#038;height=600&#038;zoom=5&#038;level=surface&#038;overlay=capAlerts&#038;product=capAlerts&#038;menu=&#038;message=true&#038;marker=&#038;calendar=now&#038;pressure=&#038;type=map&#038;location=coordinates&#038;detail=&#038;metricWind=default&#038;metricTemp=default&#038;radarRange=-1\" width=\"100%\" height=\"600\" frameborder=\"0\" style=\"border:0;border-radius:12px;\"><\/iframe>';\n}\n<\/script><\/p>\n<h2 class=\"p1\">Jak czyta\u0107 radar burzowy<\/h2>\n<p class=\"p1\">Przede wszystkim powiniene\u015b wiedzie\u0107, \u017ce radar Storm to tylko migawka pogody. Nie m\u00f3wi nic o przysz\u0142o\u015bci. Oznacza to, \u017ce w celu uzyskania najdok\u0142adniejszego obrazu nale\u017cy zawsze patrze\u0107 na radar trudnych warunk\u00f3w pogodowych w po\u0142\u0105czeniu z innymi danymi pogodowymi.<\/p>\n<p class=\"p1\">Kiedy patrzysz na radar burzowy, zwykle widzisz kilka r\u00f3\u017cnych kolor\u00f3w. Wskazuj\u0105 one, jak silne s\u0105 obecnie opady. Im silniejsze opady, tym ciemniejszy kolor. Jednak r\u00f3\u017cne kolory nie m\u00f3wi\u0105 nic o rodzaju opad\u00f3w. Mo\u017ce to by\u0107 zar\u00f3wno deszcz, jak i \u015bnieg lub grad. Nale\u017cy r\u00f3wnie\u017c zauwa\u017cy\u0107, \u017ce radar pokazuje tylko opady unosz\u0105ce si\u0119 z ziemi. Tak wi\u0119c, je\u015bli na ziemi\u0119 nie spadnie \u017caden opad, nie zobaczysz go na radarze trudnych warunk\u00f3w pogodowych. Nie musi to jednak oznacza\u0107, \u017ce nie ma opad\u00f3w!<\/p>\n<p class=\"p1\">Cz\u0119sto zdarzaj\u0105 si\u0119 obszary, w kt\u00f3rych pada deszcz lub \u015bnieg, ale <a href=\"https:\/\/weather-radar24.com\/pl\/deszcz-radar\/\">deszcz<\/a> lub \u015bnieg wyparuje, zanim dotrze do ziemi. W tym przypadku wszystko, co widzisz na radarze, to jasny punkt. Patrz\u0105c wi\u0119c na radar pogodowy, zawsze pami\u0119taj, \u017ce jest to tylko migawka i nale\u017cy j\u0105 rozpatrywa\u0107 w po\u0142\u0105czeniu z innymi danymi pogodowymi.<\/p>\n<h3>Satelitarny radar burzowy<\/h3>\n<p>Tutaj mo\u017cesz zobaczy\u0107 burze z kosmosu.<\/p>\n<p><em><img decoding=\"async\" src=\"https:\/\/s.w-x.co\/staticmaps\/ussat_1280x720.jpg\" \/><\/em><\/p>\n<h3 class=\"p1\">Jak powstaje burza?<\/h3>\n<p class=\"p1\">Burza to zjawisko pogodowe, kt\u00f3re powstaje w wyniku po\u0142\u0105czenia silnych wiatr\u00f3w i opad\u00f3w. The <a href=\"https:\/\/weather-radar24.com\/pl\/radar-wiatrowy\/\">wiatr<\/a> pr\u0119dko\u015b\u0107 w burzy mo\u017ce osi\u0105gn\u0105\u0107 <a href=\"https:\/\/weather-radar24.com\/pl\/hurrikan-tracker\/\">huragan<\/a> si\u0142a i ilo\u015b\u0107 opad\u00f3w mog\u0105 by\u0107 bardzo wysokie. Te dwa czynniki sprawiaj\u0105, \u017ce burza mo\u017ce by\u0107 bardzo niebezpieczna. Jak dok\u0142adnie powstaje burza?<\/p>\n<p class=\"p1\">Odpowied\u017a nie jest prosta, poniewa\u017c istniej\u0105 r\u00f3\u017cne rodzaje burz. Niekt\u00f3re burze powstaj\u0105, gdy zimne powietrze z region\u00f3w polarnych p\u0142ynie na po\u0142udnie i uderza w ciep\u0142e powietrze. Ten rodzaj burzy nazywa si\u0119 depresj\u0105. Inne burze powstaj\u0105, gdy gor\u0105ce powietrze z tropik\u00f3w p\u0142ynie na p\u00f3\u0142noc i uderza w zimne powietrze. Ten rodzaj burzy nazywa si\u0119 obszarem wysokiego ci\u015bnienia. W obu przypadkach powietrze ulega spr\u0119\u017ceniu, co skutkuje silniejszymi wiatrami.<\/p>\n<p class=\"p1\">Opady wyst\u0119puj\u0105, gdy spr\u0119\u017canie powietrza prowadzi do wzrostu wilgotno\u015bci, kt\u00f3ra ostatecznie spada w postaci deszczu lub <a href=\"https:\/\/weather-radar24.com\/pl\/mapa-pokrywy-snieznej\/\">\u015bnieg<\/a>. <a href=\"https:\/\/www.nssl.noaa.gov\/education\/svrwx101\/thunderstorms\/faq\/\" target=\"_blank\" rel=\"noopener\">Burze mog\u0105 by\u0107 bardzo niebezpieczne<\/a> i zawsze nale\u017cy traktowa\u0107 powa\u017cnie. Je\u015bli mieszkasz na obszarze, na kt\u00f3rym cz\u0119sto wyst\u0119puj\u0105 burze, powiniene\u015b wiedzie\u0107, jakie \u015brodki nale\u017cy podj\u0105\u0107, aby chroni\u0107 siebie i swoj\u0105 rodzin\u0119.<\/p>\n<h3 class=\"p1\">Co oznacza ostrze\u017cenie przed burz\u0105?<\/h3>\n<p class=\"p1\">Ostrze\u017cenia przed burz\u0105 s\u0105 wydawane przez s\u0142u\u017cby meteorologiczne, aby ostrzec opini\u0119 publiczn\u0105 o zbli\u017caj\u0105cej si\u0119 burzy. Ostrze\u017cenia burzowe s\u0105 wydawane, gdy spodziewana jest burza o pr\u0119dko\u015bci wiatru co najmniej 62,14 mil na godzin\u0119 (Bft 9) lub silne porywy wiatru. Ostrze\u017cenia burzowe s\u0105 zwykle wa\u017cne przez okres od 3 do 6 godzin. Ostrze\u017cenia przed burz\u0105 zwykle nie s\u0105 wydawane w nocy lub wczesnym rankiem, poniewa\u017c w\u0142a\u015bnie wtedy wi\u0119kszo\u015b\u0107 ludzi \u015bpi.<\/p>\n<h3 class=\"p1\">Jaki jest najwy\u017cszy poziom ostrze\u017cenia przed burz\u0105?<\/h3>\n<p class=\"p1\">Istniej\u0105 cztery poziomy ostrze\u017ce\u0144 o trudnych warunkach pogodowych. Najwy\u017cszym poziomem jest poziom ostrzegawczy 5, a nast\u0119pnie poziomy ostrzegawcze 4, 3, 2 i 1. Poziomy ostrzegawcze s\u0105 ustalane przez s\u0142u\u017cby meteorologiczne i opieraj\u0105 si\u0119 na r\u00f3\u017cnych kryteriach, takich jak intensywno\u015b\u0107 i czas trwania burzy, zakres uszkodze\u0144 i spodziewane utrudnienia w ruchu<\/p>\n<h3 class=\"p1\">Jak d\u0142ugo trwa burza?<\/h3>\n<p class=\"p1\">Nadci\u0105ga burza, ale jak d\u0142ugo trzeba zachowa\u0107 bezpiecze\u0144stwo? Burza mija szybko \u2013 tak szybko, \u017ce ledwo masz czas, aby si\u0119 schroni\u0107. W przeciwnym razie ci\u0105gnie si\u0119 w niesko\u0144czono\u015b\u0107, a ostrze\u017cenie o surowej pogodzie pozostaje w mocy. Ale jak d\u0142ugo naprawd\u0119 trwa burza?<\/p>\n<p class=\"p1\">Odpowied\u017a na to pytanie nie jest wi\u0119c prosta. Zale\u017cy to od tego, jak silna jest burza i w jakim regionie si\u0119 znajduje. Zwykle burza trwa od 30 minut do godziny. W rzadkich przypadkach mo\u017ce jednak trwa\u0107 d\u0142u\u017cej.<\/p>","protected":false},"excerpt":{"rendered":"<p>Radar sztormowy \u2013 aktualna prognoza na trudne warunki pogodowe Co mo\u017ce by\u0107 lepszego ni\u017c siedzenie na zewn\u0105trz i cieszenie si\u0119 s\u0142o\u0144cem przy \u0142adnej pogodzie? Niestety pogoda nie zawsze dopisuje. Radar pogodowy jest wa\u017cnym narz\u0119dziem ostrzegania przed z\u0142\u0105 pogod\u0105. Ale czym w\u0142a\u015bciwie jest radar pogodowy i jak\u2026&nbsp;<a href=\"https:\/\/weather-radar24.com\/pl\/radar-burzowy\/\" rel=\"bookmark\">Read More &raquo;<span class=\"screen-reader-text\">Radar burzowy<\/span><\/a><\/p>","protected":false},"author":1,"featured_media":120,"parent":0,"menu_order":0,"comment_status":"closed","ping_status":"closed","template":"","meta":{"neve_meta_sidebar":"","neve_meta_container":"","neve_meta_enable_content_width":"off","neve_meta_content_width":100,"neve_meta_title_alignment":"","neve_meta_author_avatar":"","neve_post_elements_order":"","neve_meta_disable_header":"","neve_meta_disable_footer":"","neve_meta_disable_title":"on","neve_meta_reading_time":"","footnotes":""},"class_list":["post-44","page","type-page","status-publish","has-post-thumbnail","hentry"],"yoast_head":"<!-- This site is optimized with the Yoast SEO plugin v27.3 - https:\/\/yoast.com\/product\/yoast-seo-wordpress\/ -->\n<title>Storm radar - current forecast for severe weather<\/title>\n<meta name=\"description\" content=\"Track the current weather conditions in real time with our Storm radar! The weather map shows the forecast for rain and severe weather\" \/>\n<meta name=\"robots\" content=\"index, follow, max-snippet:-1, max-image-preview:large, max-video-preview:-1\" \/>\n<link rel=\"canonical\" href=\"https:\/\/weather-radar24.com\/pl\/radar-burzowy\/\" \/>\n<meta property=\"og:locale\" content=\"pl_PL\" \/>\n<meta property=\"og:type\" content=\"article\" \/>\n<meta property=\"og:title\" content=\"Storm radar - current forecast for severe weather\" \/>\n<meta property=\"og:description\" content=\"Track the current weather conditions in real time with our Storm radar! The weather map shows the forecast for rain and severe weather\" \/>\n<meta property=\"og:url\" content=\"https:\/\/weather-radar24.com\/pl\/radar-burzowy\/\" \/>\n<meta property=\"article:modified_time\" content=\"2026-04-11T11:13:09+00:00\" \/>\n<meta property=\"og:image\" content=\"https:\/\/weather-radar24.com\/wp-content\/uploads\/2022\/08\/Bildschirmfoto-2022-08-18-um-19.20.43.png\" \/>\n\t<meta property=\"og:image:width\" content=\"353\" \/>\n\t<meta property=\"og:image:height\" content=\"258\" \/>\n\t<meta property=\"og:image:type\" content=\"image\/png\" \/>\n<meta name=\"twitter:card\" content=\"summary_large_image\" \/>\n<meta name=\"twitter:label1\" content=\"Szacowany czas czytania\" \/>\n\t<meta name=\"twitter:data1\" content=\"4 minuty\" \/>\n<script type=\"application\/ld+json\" class=\"yoast-schema-graph\">{\"@context\":\"https:\\\/\\\/schema.org\",\"@graph\":[{\"@type\":\"WebPage\",\"@id\":\"https:\\\/\\\/weather-radar24.com\\\/storm-radar\\\/\",\"url\":\"https:\\\/\\\/weather-radar24.com\\\/storm-radar\\\/\",\"name\":\"Storm radar - current forecast for severe weather\",\"isPartOf\":{\"@id\":\"https:\\\/\\\/weather-radar24.com\\\/#website\"},\"primaryImageOfPage\":{\"@id\":\"https:\\\/\\\/weather-radar24.com\\\/storm-radar\\\/#primaryimage\"},\"image\":{\"@id\":\"https:\\\/\\\/weather-radar24.com\\\/storm-radar\\\/#primaryimage\"},\"thumbnailUrl\":\"https:\\\/\\\/weather-radar24.com\\\/wp-content\\\/uploads\\\/2022\\\/08\\\/Bildschirmfoto-2022-08-18-um-19.20.43.png\",\"datePublished\":\"2022-08-17T19:14:51+00:00\",\"dateModified\":\"2026-04-11T11:13:09+00:00\",\"description\":\"Track the current weather conditions in real time with our Storm radar! The weather map shows the forecast for rain and severe weather\",\"breadcrumb\":{\"@id\":\"https:\\\/\\\/weather-radar24.com\\\/storm-radar\\\/#breadcrumb\"},\"inLanguage\":\"pl-PL\",\"potentialAction\":[{\"@type\":\"ReadAction\",\"target\":[\"https:\\\/\\\/weather-radar24.com\\\/storm-radar\\\/\"]}]},{\"@type\":\"ImageObject\",\"inLanguage\":\"pl-PL\",\"@id\":\"https:\\\/\\\/weather-radar24.com\\\/storm-radar\\\/#primaryimage\",\"url\":\"https:\\\/\\\/weather-radar24.com\\\/wp-content\\\/uploads\\\/2022\\\/08\\\/Bildschirmfoto-2022-08-18-um-19.20.43.png\",\"contentUrl\":\"https:\\\/\\\/weather-radar24.com\\\/wp-content\\\/uploads\\\/2022\\\/08\\\/Bildschirmfoto-2022-08-18-um-19.20.43.png\",\"width\":353,\"height\":258,\"caption\":\"Storm radar\"},{\"@type\":\"BreadcrumbList\",\"@id\":\"https:\\\/\\\/weather-radar24.com\\\/storm-radar\\\/#breadcrumb\",\"itemListElement\":[{\"@type\":\"ListItem\",\"position\":1,\"name\":\"Startseite\",\"item\":\"https:\\\/\\\/weather-radar24.com\\\/\"},{\"@type\":\"ListItem\",\"position\":2,\"name\":\"Storm radar\"}]},{\"@type\":\"WebSite\",\"@id\":\"https:\\\/\\\/weather-radar24.com\\\/#website\",\"url\":\"https:\\\/\\\/weather-radar24.com\\\/\",\"name\":\"\",\"description\":\"\",\"potentialAction\":[{\"@type\":\"SearchAction\",\"target\":{\"@type\":\"EntryPoint\",\"urlTemplate\":\"https:\\\/\\\/weather-radar24.com\\\/?s={search_term_string}\"},\"query-input\":{\"@type\":\"PropertyValueSpecification\",\"valueRequired\":true,\"valueName\":\"search_term_string\"}}],\"inLanguage\":\"pl-PL\"}]}<\/script>\n<!-- \/ Yoast SEO plugin. -->","yoast_head_json":{"title":"Radar sztormowy - aktualna prognoza dla trudnych warunk\u00f3w pogodowych","description":"\u015aled\u017a aktualne warunki pogodowe w czasie rzeczywistym dzi\u0119ki naszemu radarowi Storm! Mapa pogody pokazuje prognoz\u0119 deszczu i trudnych warunk\u00f3w pogodowych","robots":{"index":"index","follow":"follow","max-snippet":"max-snippet:-1","max-image-preview":"max-image-preview:large","max-video-preview":"max-video-preview:-1"},"canonical":"https:\/\/weather-radar24.com\/pl\/radar-burzowy\/","og_locale":"pl_PL","og_type":"article","og_title":"Storm radar - current forecast for severe weather","og_description":"Track the current weather conditions in real time with our Storm radar! The weather map shows the forecast for rain and severe weather","og_url":"https:\/\/weather-radar24.com\/pl\/radar-burzowy\/","article_modified_time":"2026-04-11T11:13:09+00:00","og_image":[{"width":353,"height":258,"url":"https:\/\/weather-radar24.com\/wp-content\/uploads\/2022\/08\/Bildschirmfoto-2022-08-18-um-19.20.43.png","type":"image\/png"}],"twitter_card":"summary_large_image","twitter_misc":{"Szacowany czas czytania":"4 minuty"},"schema":{"@context":"https:\/\/schema.org","@graph":[{"@type":"WebPage","@id":"https:\/\/weather-radar24.com\/storm-radar\/","url":"https:\/\/weather-radar24.com\/storm-radar\/","name":"Radar sztormowy - aktualna prognoza dla trudnych warunk\u00f3w pogodowych","isPartOf":{"@id":"https:\/\/weather-radar24.com\/#website"},"primaryImageOfPage":{"@id":"https:\/\/weather-radar24.com\/storm-radar\/#primaryimage"},"image":{"@id":"https:\/\/weather-radar24.com\/storm-radar\/#primaryimage"},"thumbnailUrl":"https:\/\/weather-radar24.com\/wp-content\/uploads\/2022\/08\/Bildschirmfoto-2022-08-18-um-19.20.43.png","datePublished":"2022-08-17T19:14:51+00:00","dateModified":"2026-04-11T11:13:09+00:00","description":"\u015aled\u017a aktualne warunki pogodowe w czasie rzeczywistym dzi\u0119ki naszemu radarowi Storm! Mapa pogody pokazuje prognoz\u0119 deszczu i trudnych warunk\u00f3w pogodowych","breadcrumb":{"@id":"https:\/\/weather-radar24.com\/storm-radar\/#breadcrumb"},"inLanguage":"pl-PL","potentialAction":[{"@type":"ReadAction","target":["https:\/\/weather-radar24.com\/storm-radar\/"]}]},{"@type":"ImageObject","inLanguage":"pl-PL","@id":"https:\/\/weather-radar24.com\/storm-radar\/#primaryimage","url":"https:\/\/weather-radar24.com\/wp-content\/uploads\/2022\/08\/Bildschirmfoto-2022-08-18-um-19.20.43.png","contentUrl":"https:\/\/weather-radar24.com\/wp-content\/uploads\/2022\/08\/Bildschirmfoto-2022-08-18-um-19.20.43.png","width":353,"height":258,"caption":"Storm radar"},{"@type":"BreadcrumbList","@id":"https:\/\/weather-radar24.com\/storm-radar\/#breadcrumb","itemListElement":[{"@type":"ListItem","position":1,"name":"Startseite","item":"https:\/\/weather-radar24.com\/"},{"@type":"ListItem","position":2,"name":"Storm radar"}]},{"@type":"WebSite","@id":"https:\/\/weather-radar24.com\/#website","url":"https:\/\/weather-radar24.com\/","name":"","description":"","potentialAction":[{"@type":"SearchAction","target":{"@type":"EntryPoint","urlTemplate":"https:\/\/weather-radar24.com\/?s={search_term_string}"},"query-input":{"@type":"PropertyValueSpecification","valueRequired":true,"valueName":"search_term_string"}}],"inLanguage":"pl-PL"}]}},"_links":{"self":[{"href":"https:\/\/weather-radar24.com\/pl\/wp-json\/wp\/v2\/pages\/44","targetHints":{"allow":["GET"]}}],"collection":[{"href":"https:\/\/weather-radar24.com\/pl\/wp-json\/wp\/v2\/pages"}],"about":[{"href":"https:\/\/weather-radar24.com\/pl\/wp-json\/wp\/v2\/types\/page"}],"author":[{"embeddable":true,"href":"https:\/\/weather-radar24.com\/pl\/wp-json\/wp\/v2\/users\/1"}],"replies":[{"embeddable":true,"href":"https:\/\/weather-radar24.com\/pl\/wp-json\/wp\/v2\/comments?post=44"}],"version-history":[{"count":10,"href":"https:\/\/weather-radar24.com\/pl\/wp-json\/wp\/v2\/pages\/44\/revisions"}],"predecessor-version":[{"id":119,"href":"https:\/\/weather-radar24.com\/pl\/wp-json\/wp\/v2\/pages\/44\/revisions\/119"}],"wp:featuredmedia":[{"embeddable":true,"href":"https:\/\/weather-radar24.com\/pl\/wp-json\/wp\/v2\/media\/120"}],"wp:attachment":[{"href":"https:\/\/weather-radar24.com\/pl\/wp-json\/wp\/v2\/media?parent=44"}],"curies":[{"name":"wp","href":"https:\/\/api.w.org\/{rel}","templated":true}]}}