{"id":46,"date":"2022-08-17T21:15:08","date_gmt":"2022-08-17T19:15:08","guid":{"rendered":"https:\/\/weather-radar24.com\/?page_id=46"},"modified":"2026-04-11T13:13:44","modified_gmt":"2026-04-11T11:13:44","slug":"lightning-strike-map","status":"publish","type":"page","link":"https:\/\/weather-radar24.com\/pl\/mapa-uderzenia-pioruna\/","title":{"rendered":"Mapa uderzenia pioruna"},"content":{"rendered":"<h1>Mapa uderze\u0144 piorun\u00f3w \u2013 \u015bled\u017a bie\u017c\u0105ce burze dzi\u0119ki wykrywaniu piorun\u00f3w<\/h1>\n<p>Wielu z nas s\u0142ysza\u0142o o tym zjawisku pogodowym, ale tylko nieliczni naprawd\u0119 to rozumiej\u0105. Tutaj wyja\u015bnimy, czym dok\u0142adnie jest mapa uderzenia pioruna i jak dzia\u0142a!<\/p>\n<div id=\"windy-radar-box\" style=\"max-width:1300px;margin:20px auto;padding:24px;border:1px solid #dcdcdc;border-radius:12px;background:#f8fafc;text-align:center;font-family:Arial,sans-serif;\">\n<h3 style=\"margin:0 0 10px 0;font-size:24px;color:#1f2937;\">Live Weather Radar<\/h3>\n<p style=\"margin:0 0 18px 0;font-size:16px;line-height:1.5;color:#4b5563;\">\n    Click the button below to load the live radar map from Windy.com.\n  <\/p>\n<p>  <button onclick=\"loadWindyRadar()\" style=\"background:#2563eb;color:#ffffff;border:none;padding:14px 24px;font-size:16px;font-weight:600;border-radius:8px;cursor:pointer;\"><br \/>\n    Load Live Radar<br \/>\n  <\/button><\/p>\n<p style=\"margin:14px 0 0 0;font-size:13px;color:#6b7280;\">\n    External content will be loaded from Windy.com after clicking.\n  <\/p>\n<\/div>\n<p><script>\nfunction loadWindyRadar() {\n  document.getElementById('windy-radar-box').innerHTML =\n    '<iframe loading=\"lazy\" src=\"https:\/\/embed.windy.com\/embed2.html?lat=39.606&#038;lon=-97.031&#038;detailLat=49.142&#038;detailLon=9.223&#038;width=1300&#038;height=600&#038;zoom=5&#038;level=surface&#038;overlay=radar&#038;product=radar&#038;menu=&#038;message=true&#038;marker=&#038;calendar=now&#038;pressure=&#038;type=map&#038;location=coordinates&#038;detail=&#038;metricWind=default&#038;metricTemp=default&#038;radarRange=-1\" width=\"100%\" height=\"600\" frameborder=\"0\" style=\"border:0;border-radius:12px;\"><\/iframe>';\n}\n<\/script><\/p>\n<h2 class=\"p1\">Co to jest radar piorunowy?<\/h2>\n<p class=\"p1\">Radar piorunowy to radar zaprojektowany specjalnie do wyszukiwania burz. Wynalezienie radaru piorunowego datuje si\u0119 na rok 1940, kiedy Robert Watson-Watt w Wielkiej Brytanii opracowa\u0142 pierwszy system zdolny do lokalizacji wy\u0142adowa\u0144 atmosferycznych.<\/p>\n<p class=\"p1\">Radar dzia\u0142a\u0142 na zasadzie noktowizora, dzi\u0119ki czemu by\u0142 w stanie wykry\u0107 b\u0142yskawice w promieniu kilkuset kilometr\u00f3w. W kolejnych latach system by\u0142 dalej rozwijany i ulepszany tak, \u017ce dzi\u015b jest w stanie wykry\u0107 niemal ka\u017cd\u0105 wy\u0142adowania atmosferycznego w promieniu oko\u0142o 800 kilometr\u00f3w.<\/p>\n<h2 class=\"p1\">Jak dzia\u0142a mapa uderzenia pioruna?<\/h2>\n<p class=\"p1\">Je\u015bli kiedykolwiek ogl\u0105da\u0142e\u015b burz\u0119, by\u0107 mo\u017ce zauwa\u017cy\u0142e\u015b, \u017ce grzmot cz\u0119sto pojawia si\u0119 kilka sekund po b\u0142yskawicy. Wynika to z pr\u0119dko\u015bci d\u017awi\u0119ku, kt\u00f3ra wynosi oko\u0142o 340 metr\u00f3w na sekund\u0119. Z drugiej strony pr\u0119dko\u015b\u0107 \u015bwiat\u0142a jest niesko\u0144czenie du\u017ca.<\/p>\n<p class=\"p1\">Z tego powodu do okre\u015blenia dok\u0142adnej lokalizacji burzy mo\u017cna wykorzysta\u0107 radar piorunowy. Radar wysy\u0142a wi\u0105zk\u0119 fal elektromagnetycznych do atmosfery i odbiera echo odbite od kropli deszczu lub cz\u0105steczek lodu. Na podstawie czasu podr\u00f3\u017cy sygna\u0142u radar mo\u017ce obliczy\u0107, jak daleko znajduje si\u0119 burza. Wi\u0119c radar piorunowy to nic innego jak <a href=\"https:\/\/weather-radar24.com\/pl\/\">radar pogodowy<\/a> specjalnie zaprojektowany do wyszukiwania burz.<\/p>\n<h3 class=\"p1\">W jaki spos\u00f3b mapa uderzenia pioruna lokalizuje miejsce uderzenia pioruna?<\/h3>\n<p class=\"p1\">Lokalizacja b\u0142yskawicy to okre\u015blenie po\u0142o\u017cenia b\u0142yskawicy w czasie rzeczywistym. Najpopularniejsz\u0105 metod\u0105 lokalizacji wy\u0142adowa\u0144 atmosferycznych jest triangulacja, w kt\u00f3rej co najmniej trzy odbiorniki mierz\u0105 czas uderzenia i wysy\u0142aj\u0105 swoje pozycje do centralnego komputera. To nast\u0119pnie oblicza pozycj\u0119 b\u0142yskawicy. Lokalizacj\u0119 wy\u0142adowa\u0144 atmosferycznych mo\u017cna r\u00f3wnie\u017c wykorzysta\u0107 do okre\u015blenia pozycji burzy.<\/p>\n<p class=\"p1\">Poniewa\u017c b\u0142yskawica jest bardzo szybka, cz\u0119sto jest niewidoczna dla oka. Je\u015bli jednak kilku odbiornik\u00f3w zmierzy czas uderzenia i wy\u015ble swoje pozycje do centralnego komputera, komputer mo\u017ce obliczy\u0107 pozycj\u0119 burzy. Wykrywanie wy\u0142adowa\u0144 atmosferycznych jest r\u00f3wnie\u017c przydatne do okre\u015blania po\u0142o\u017cenia zjawisk pogodowych, takich jak <a href=\"https:\/\/weather-radar24.com\/pl\/tornado-radar\/\">tornada<\/a> lub <a href=\"https:\/\/weather-radar24.com\/pl\/hurrikan-tracker\/\">huragany<\/a>. Poniewa\u017c zjawiska te s\u0105 bardzo szybkie, cz\u0119sto nie s\u0105 widoczne go\u0142ym okiem. Je\u015bli jednak kilka odbiornik\u00f3w mierzy czas uderzenia i wysy\u0142a swoje pozycje do centralnego komputera, komputer mo\u017ce obliczy\u0107 po\u0142o\u017cenie zjawiska.<\/p>\n<h3 class=\"p1\">Jak pojawia si\u0119 piorun?<\/h3>\n<p class=\"p1\">B\u0142yskawica to wy\u0142adowanie elektryczne, kt\u00f3re wyst\u0119puje mi\u0119dzy chmurami lub mi\u0119dzy a <a href=\"https:\/\/weather-radar24.com\/pl\/mapa-zakrycia-chmur\/\">Chmura<\/a> i ziemia. Wi\u0119kszo\u015b\u0107 piorun\u00f3w pojawia si\u0119, gdy tworz\u0105 si\u0119 chmury cumulonimbus (chmury burzowe). W tych chmurach powietrze jest bardzo wilgotne i wyst\u0119puj\u0105 pr\u0105dy wznosz\u0105ce. Pr\u0105dy wznosz\u0105ce powoduj\u0105, \u017ce chmury staj\u0105 si\u0119 coraz wy\u017csze, a\u017c osi\u0105gn\u0105 sw\u00f3j limit. Gdy chmura osi\u0105gnie t\u0119 granic\u0119, b\u0142yskawica mo\u017ce zosta\u0107 wyemitowana w d\u00f3\u0142.<\/p>\n<h3>What Is Thunder?<\/h3>\n<p>Thunder is caused by the extreme heat associated with the lightning flash. In less than a second, the air is heated to 15,000 to 60,000 F. When the air is heated to such a high temperature, it rapidly expands (&#8220;explodes&#8221;) and then contracts. It&#8217;s this rapid expansion\/contraction of the air molecules which causes sound waves which we &#8221;<\/p>\n<h3 class=\"p1\">Ile wolt\u00f3w ma normalna b\u0142yskawica?<\/h3>\n<p class=\"p1\">Wiele os\u00f3b zastanawia si\u0119, ile wolt\u00f3w ma normalna b\u0142yskawica. W\u0142a\u015bciwie trudno powiedzie\u0107, bo nie ma czego\u015b takiego jak \u201enormalny\u201d piorun. <a href=\"https:\/\/www.windpowerengineering.com\/how-much-power-in-a-bolt-of-lightning\/\" target=\"_blank\" rel=\"noopener\">Napi\u0119cie uderze\u0144 pioruna<\/a> jest bardzo zr\u00f3\u017cnicowana i zale\u017cy od wielu czynnik\u00f3w, takich jak wysoko\u015b\u0107 burzy, liczba chmur i rodzaj gruntu. Jednak napi\u0119cie wynosi zwykle od 100 milion\u00f3w do 1 miliarda wolt\u00f3w.<\/p>\n<h3 class=\"p1\">Jakie s\u0105 rodzaje b\u0142yskawic?<\/h3>\n<p class=\"p1\">Piorun mo\u017cna podzieli\u0107 na kilka kategorii, w zale\u017cno\u015bci od jego kszta\u0142tu i budowy. Najcz\u0119stsze rodzaje piorun\u00f3w to b\u0142yskawica z chmury do ziemi, b\u0142yskawica z piorunami i b\u0142yskawica pogodowa.<\/p>\n<h3 class=\"p1\">Jak gor\u0105co jest \u015brednio piorun?<\/h3>\n<p class=\"p1\">Je\u015bli kiedykolwiek zastanawia\u0142e\u015b si\u0119, jak gor\u0105ca jest b\u0142yskawica, nie jeste\u015b sam. Eksperci s\u0105 jednak zgodni, \u017ce temperatura piorun\u00f3w wynosi oko\u0142o 30 000 stopni Fahrenheita. To oko\u0142o pi\u0119\u0107 razy cieplej ni\u017c powierzchnia S\u0142o\u0144ca!<\/p>\n<h3>What Does Lightning Usually Strike?<\/h3>\n<p>Lightning comes from a parent cumulonimbus cloud. These thunderstorm clouds are formed wherever there is enough upward motion, instability in the vertical, and moisture to produce a deep cloud that reaches up to levels somewhat colder than freezing.<\/p>\n<p>These conditions are most often met in summer. In general, the U.S. mainland has a decreasing amount of lightning toward the northwest. Over the entire year, the highest frequency of cloud-to-ground lightning is in Florida between Tampa and Orlando. This is due to the presence, on many days during the year, of a large moisture content in the atmosphere at low levels (below 5,000 feet), as well as high surface temperatures that produce strong sea breezes along the Florida coasts.<\/p>\n<p>The western mountains of the United States also produce strong upward motions and contribute to frequent cloud-to-ground lightning. There are also high frequencies along the Gulf of Mexico coast westward to Texas, the Atlantic coast in the southeast United States, and inland from the Gulf. Regions along the Pacific west coast have the least cloud-to-ground lightning.<\/p>\n<p>Flashes that do not strike the surface are called cloud flashes. They may be inside a cloud, travel from one part of a cloud to another, or from cloud to air.<\/p>\n<h3 class=\"p1\">Gdzie na \u015bwiecie najcz\u0119\u015bciej pojawia si\u0119 piorun?<\/h3>\n<p class=\"p1\">W zasadzie najwi\u0119ksze zag\u0119szczenie wy\u0142adowa\u0144 atmosferycznych wyst\u0119puje tam, gdzie spotykaj\u0105 si\u0119 masy ciep\u0142ego i zimnego powietrza, czyli w rejonach przybrze\u017cnych tropik\u00f3w. Je\u015bli jednak nie patrzymy na ca\u0142\u0105 ziemi\u0119, ale ograniczamy si\u0119 do obszar\u00f3w l\u0105dowych, to Ameryka Po\u0142udniowa jest faworytem \u2013 zdecydowanie.<\/p>\n<h3 class=\"p1\">Czy mo\u017ce istnie\u0107 b\u0142yskawica bez grzmotu?<\/h3>\n<p class=\"p1\">Wiele os\u00f3b my\u015bli, \u017ce zawsze grzmi, gdy jest piorun. Ale nie zawsze tak jest! Mo\u017ce si\u0119 te\u017c zdarzy\u0107, \u017ce b\u0142y\u015bnie bez grzmot\u00f3w. Cz\u0119sto nie s\u0142ycha\u0107 grzmotu, je\u015bli b\u0142yskawica jest szczeg\u00f3lnie daleko.<span class=\"Apple-converted-space\">\u00a0 <\/span>Powietrze jest po prostu zbyt g\u0119ste, aby d\u017awi\u0119k dobrze si\u0119 rozchodzi\u0142.<\/p>\n<h3>Can Lightning Be Detected?<\/h3>\n<p>Since the 1980s, cloud-to-ground lightning flashes have been detected and mapped in real time across the entire United States by several networks. Flashes have also been detected from space during the past few years by an optical sensor. This experimental satellite covers the earth twice a day in tropical regions. The satellite also detects flashes that do not strike the ground, but cannot tell the difference between ground strikes and cloud flashes.<\/p>\n<h3 class=\"p1\">Jak niebezpieczna jest b\u0142yskawica?<\/h3>\n<p class=\"p1\">B\u0142yskawica to jedna z najniebezpieczniejszych si\u0142 natury. Ka\u017cdego roku w wyniku bezpo\u015bredniego lub po\u015bredniego kontaktu z uderzeniem pioruna ginie \u015brednio 24 000 os\u00f3b. Jednak ryzyko uderzenia pioruna jest stosunkowo niskie.<\/p>\n<h3>What Types of Damage Can Lightning Cause?<\/h3>\n<p>Cloud-to-ground lightning can kill or injure people by direct or indirect means. The lightning current can branch off to a person from a tree, fence, pole, or other tall object. It is not known if all people are killed who are directly struck by the flash itself. In addition, flashes may conduct their current through the ground to a person after the flash strikes a nearby tree, antenna, or other tall object. The current also may travel through power or telephone lines, or plumbing pipes to a person who is in contact with an electric appliance, telephone, or plumbing fixture.<\/p>\n<p>Similarly, objects can be directly struck and this impact may result in an explosion, burn, or total destruction. Or, the damage may be indirect when the current passes through or near it. Sometimes, current may enter a building and transfer through wires or plumbing and damage everything in its path. Similarly, in urban areas, it may strike a pole or tree and the current then travels to several nearby houses and other structures and enter them through wiring or plumbing.<\/p>\n<h3>What Causes Lightning?<\/h3>\n<p>Lightning originates around 15,000 to 25,000 feet above sea level when raindrops are carried upward until some of them convert to ice. For reasons that are not widely agreed upon, a cloud-to-ground lightning flash originates in this mixed water and ice region. The charge then moves downward in 50-yard sections called step leaders. It keeps moving toward the ground in these steps and produces a channel along which charge is deposited. Eventually, it encounters something on the ground that is a good connection. The circuit is complete at that time, and the charge is lowered from cloud to ground.<\/p>\n<p>The flow of charge (current) produces a luminosity that is very much brighter than the part that came down. This entire event usually takes less than half a second.<\/p>","protected":false},"excerpt":{"rendered":"<p>Lightning strike map &#8211; track current thunderstorms by lightning detection Many of us have heard of this weather phenomenon, but only a few really understand it. Here we will explain what exactly a lightning Strike Map is and how it works! Live Weather Radar Click the button below to load the live radar map from&hellip;&nbsp;<a href=\"https:\/\/weather-radar24.com\/pl\/mapa-uderzenia-pioruna\/\" rel=\"bookmark\">Read More &raquo;<span class=\"screen-reader-text\">Mapa uderzenia pioruna<\/span><\/a><\/p>","protected":false},"author":1,"featured_media":124,"parent":0,"menu_order":0,"comment_status":"closed","ping_status":"closed","template":"","meta":{"neve_meta_sidebar":"","neve_meta_container":"","neve_meta_enable_content_width":"off","neve_meta_content_width":100,"neve_meta_title_alignment":"","neve_meta_author_avatar":"","neve_post_elements_order":"","neve_meta_disable_header":"","neve_meta_disable_footer":"","neve_meta_disable_title":"on","neve_meta_reading_time":"","footnotes":""},"class_list":["post-46","page","type-page","status-publish","has-post-thumbnail","hentry"],"yoast_head":"<!-- This site is optimized with the Yoast SEO plugin v27.3 - https:\/\/yoast.com\/product\/yoast-seo-wordpress\/ -->\n<title>Lightning strike map - current thunderstorms by lightning detection<\/title>\n<meta name=\"description\" content=\"Follow lightning strikes Worldwide in real time! The lightning radar with live location \u2713 thunderstorm forecast \u2713 lightning location\" \/>\n<meta name=\"robots\" content=\"index, follow, max-snippet:-1, max-image-preview:large, max-video-preview:-1\" \/>\n<link rel=\"canonical\" href=\"https:\/\/weather-radar24.com\/pl\/mapa-uderzenia-pioruna\/\" \/>\n<meta property=\"og:locale\" content=\"pl_PL\" \/>\n<meta property=\"og:type\" content=\"article\" \/>\n<meta property=\"og:title\" content=\"Lightning strike map - current thunderstorms by lightning detection\" \/>\n<meta property=\"og:description\" content=\"Follow lightning strikes Worldwide in real time! The lightning radar with live location \u2713 thunderstorm forecast \u2713 lightning location\" \/>\n<meta property=\"og:url\" content=\"https:\/\/weather-radar24.com\/pl\/mapa-uderzenia-pioruna\/\" \/>\n<meta property=\"article:modified_time\" content=\"2026-04-11T11:13:44+00:00\" \/>\n<meta property=\"og:image\" content=\"https:\/\/weather-radar24.com\/wp-content\/uploads\/2022\/08\/Bildschirmfoto-2022-08-17-um-22.05.14.png\" \/>\n\t<meta property=\"og:image:width\" content=\"358\" \/>\n\t<meta property=\"og:image:height\" content=\"262\" \/>\n\t<meta property=\"og:image:type\" content=\"image\/png\" \/>\n<meta name=\"twitter:card\" content=\"summary_large_image\" \/>\n<meta name=\"twitter:label1\" content=\"Szacowany czas czytania\" \/>\n\t<meta name=\"twitter:data1\" content=\"7 minut\" \/>\n<script type=\"application\/ld+json\" class=\"yoast-schema-graph\">{\"@context\":\"https:\\\/\\\/schema.org\",\"@graph\":[{\"@type\":\"WebPage\",\"@id\":\"https:\\\/\\\/weather-radar24.com\\\/lightning-strike-map\\\/\",\"url\":\"https:\\\/\\\/weather-radar24.com\\\/lightning-strike-map\\\/\",\"name\":\"Lightning strike map - current thunderstorms by lightning detection\",\"isPartOf\":{\"@id\":\"https:\\\/\\\/weather-radar24.com\\\/#website\"},\"primaryImageOfPage\":{\"@id\":\"https:\\\/\\\/weather-radar24.com\\\/lightning-strike-map\\\/#primaryimage\"},\"image\":{\"@id\":\"https:\\\/\\\/weather-radar24.com\\\/lightning-strike-map\\\/#primaryimage\"},\"thumbnailUrl\":\"https:\\\/\\\/weather-radar24.com\\\/wp-content\\\/uploads\\\/2022\\\/08\\\/Bildschirmfoto-2022-08-17-um-22.05.14.png\",\"datePublished\":\"2022-08-17T19:15:08+00:00\",\"dateModified\":\"2026-04-11T11:13:44+00:00\",\"description\":\"Follow lightning strikes Worldwide in real time! The lightning radar with live location \u2713 thunderstorm forecast \u2713 lightning location\",\"breadcrumb\":{\"@id\":\"https:\\\/\\\/weather-radar24.com\\\/lightning-strike-map\\\/#breadcrumb\"},\"inLanguage\":\"pl-PL\",\"potentialAction\":[{\"@type\":\"ReadAction\",\"target\":[\"https:\\\/\\\/weather-radar24.com\\\/lightning-strike-map\\\/\"]}]},{\"@type\":\"ImageObject\",\"inLanguage\":\"pl-PL\",\"@id\":\"https:\\\/\\\/weather-radar24.com\\\/lightning-strike-map\\\/#primaryimage\",\"url\":\"https:\\\/\\\/weather-radar24.com\\\/wp-content\\\/uploads\\\/2022\\\/08\\\/Bildschirmfoto-2022-08-17-um-22.05.14.png\",\"contentUrl\":\"https:\\\/\\\/weather-radar24.com\\\/wp-content\\\/uploads\\\/2022\\\/08\\\/Bildschirmfoto-2022-08-17-um-22.05.14.png\",\"width\":358,\"height\":262,\"caption\":\"Lightning strike map\"},{\"@type\":\"BreadcrumbList\",\"@id\":\"https:\\\/\\\/weather-radar24.com\\\/lightning-strike-map\\\/#breadcrumb\",\"itemListElement\":[{\"@type\":\"ListItem\",\"position\":1,\"name\":\"Startseite\",\"item\":\"https:\\\/\\\/weather-radar24.com\\\/\"},{\"@type\":\"ListItem\",\"position\":2,\"name\":\"Lightning strike map\"}]},{\"@type\":\"WebSite\",\"@id\":\"https:\\\/\\\/weather-radar24.com\\\/#website\",\"url\":\"https:\\\/\\\/weather-radar24.com\\\/\",\"name\":\"\",\"description\":\"\",\"potentialAction\":[{\"@type\":\"SearchAction\",\"target\":{\"@type\":\"EntryPoint\",\"urlTemplate\":\"https:\\\/\\\/weather-radar24.com\\\/?s={search_term_string}\"},\"query-input\":{\"@type\":\"PropertyValueSpecification\",\"valueRequired\":true,\"valueName\":\"search_term_string\"}}],\"inLanguage\":\"pl-PL\"}]}<\/script>\n<!-- \/ Yoast SEO plugin. -->","yoast_head_json":{"title":"Mapa uderzenia pioruna - aktualne burze przez wykrycie pioruna","description":"\u015aled\u017a uderzenia pioruna na ca\u0142ym \u015bwiecie w czasie rzeczywistym! Radar piorunowy z lokalizacj\u0105 na \u017cywo \u2713 prognoza burzy \u2713 lokalizacja b\u0142yskawicy","robots":{"index":"index","follow":"follow","max-snippet":"max-snippet:-1","max-image-preview":"max-image-preview:large","max-video-preview":"max-video-preview:-1"},"canonical":"https:\/\/weather-radar24.com\/pl\/mapa-uderzenia-pioruna\/","og_locale":"pl_PL","og_type":"article","og_title":"Lightning strike map - current thunderstorms by lightning detection","og_description":"Follow lightning strikes Worldwide in real time! The lightning radar with live location \u2713 thunderstorm forecast \u2713 lightning location","og_url":"https:\/\/weather-radar24.com\/pl\/mapa-uderzenia-pioruna\/","article_modified_time":"2026-04-11T11:13:44+00:00","og_image":[{"width":358,"height":262,"url":"https:\/\/weather-radar24.com\/wp-content\/uploads\/2022\/08\/Bildschirmfoto-2022-08-17-um-22.05.14.png","type":"image\/png"}],"twitter_card":"summary_large_image","twitter_misc":{"Szacowany czas czytania":"7 minut"},"schema":{"@context":"https:\/\/schema.org","@graph":[{"@type":"WebPage","@id":"https:\/\/weather-radar24.com\/lightning-strike-map\/","url":"https:\/\/weather-radar24.com\/lightning-strike-map\/","name":"Mapa uderzenia pioruna - aktualne burze przez wykrycie pioruna","isPartOf":{"@id":"https:\/\/weather-radar24.com\/#website"},"primaryImageOfPage":{"@id":"https:\/\/weather-radar24.com\/lightning-strike-map\/#primaryimage"},"image":{"@id":"https:\/\/weather-radar24.com\/lightning-strike-map\/#primaryimage"},"thumbnailUrl":"https:\/\/weather-radar24.com\/wp-content\/uploads\/2022\/08\/Bildschirmfoto-2022-08-17-um-22.05.14.png","datePublished":"2022-08-17T19:15:08+00:00","dateModified":"2026-04-11T11:13:44+00:00","description":"\u015aled\u017a uderzenia pioruna na ca\u0142ym \u015bwiecie w czasie rzeczywistym! Radar piorunowy z lokalizacj\u0105 na \u017cywo \u2713 prognoza burzy \u2713 lokalizacja b\u0142yskawicy","breadcrumb":{"@id":"https:\/\/weather-radar24.com\/lightning-strike-map\/#breadcrumb"},"inLanguage":"pl-PL","potentialAction":[{"@type":"ReadAction","target":["https:\/\/weather-radar24.com\/lightning-strike-map\/"]}]},{"@type":"ImageObject","inLanguage":"pl-PL","@id":"https:\/\/weather-radar24.com\/lightning-strike-map\/#primaryimage","url":"https:\/\/weather-radar24.com\/wp-content\/uploads\/2022\/08\/Bildschirmfoto-2022-08-17-um-22.05.14.png","contentUrl":"https:\/\/weather-radar24.com\/wp-content\/uploads\/2022\/08\/Bildschirmfoto-2022-08-17-um-22.05.14.png","width":358,"height":262,"caption":"Lightning strike map"},{"@type":"BreadcrumbList","@id":"https:\/\/weather-radar24.com\/lightning-strike-map\/#breadcrumb","itemListElement":[{"@type":"ListItem","position":1,"name":"Startseite","item":"https:\/\/weather-radar24.com\/"},{"@type":"ListItem","position":2,"name":"Lightning strike map"}]},{"@type":"WebSite","@id":"https:\/\/weather-radar24.com\/#website","url":"https:\/\/weather-radar24.com\/","name":"","description":"","potentialAction":[{"@type":"SearchAction","target":{"@type":"EntryPoint","urlTemplate":"https:\/\/weather-radar24.com\/?s={search_term_string}"},"query-input":{"@type":"PropertyValueSpecification","valueRequired":true,"valueName":"search_term_string"}}],"inLanguage":"pl-PL"}]}},"_links":{"self":[{"href":"https:\/\/weather-radar24.com\/pl\/wp-json\/wp\/v2\/pages\/46","targetHints":{"allow":["GET"]}}],"collection":[{"href":"https:\/\/weather-radar24.com\/pl\/wp-json\/wp\/v2\/pages"}],"about":[{"href":"https:\/\/weather-radar24.com\/pl\/wp-json\/wp\/v2\/types\/page"}],"author":[{"embeddable":true,"href":"https:\/\/weather-radar24.com\/pl\/wp-json\/wp\/v2\/users\/1"}],"replies":[{"embeddable":true,"href":"https:\/\/weather-radar24.com\/pl\/wp-json\/wp\/v2\/comments?post=46"}],"version-history":[{"count":9,"href":"https:\/\/weather-radar24.com\/pl\/wp-json\/wp\/v2\/pages\/46\/revisions"}],"predecessor-version":[{"id":125,"href":"https:\/\/weather-radar24.com\/pl\/wp-json\/wp\/v2\/pages\/46\/revisions\/125"}],"wp:featuredmedia":[{"embeddable":true,"href":"https:\/\/weather-radar24.com\/pl\/wp-json\/wp\/v2\/media\/124"}],"wp:attachment":[{"href":"https:\/\/weather-radar24.com\/pl\/wp-json\/wp\/v2\/media?parent=46"}],"curies":[{"name":"wp","href":"https:\/\/api.w.org\/{rel}","templated":true}]}}