{"id":48,"date":"2022-08-17T21:15:27","date_gmt":"2022-08-17T19:15:27","guid":{"rendered":"https:\/\/weather-radar24.com\/?page_id=48"},"modified":"2026-04-11T13:16:00","modified_gmt":"2026-04-11T11:16:00","slug":"tornado-radar","status":"publish","type":"page","link":"https:\/\/weather-radar24.com\/pl\/tornado-radar\/","title":{"rendered":"Radar tornado"},"content":{"rendered":"<h1>Tornado Tracker mapa na \u017cywo<\/p>\n<div id=\"windy-tornado-box\" style=\"max-width:1300px;margin:20px auto;padding:24px;border:1px solid #dcdcdc;border-radius:12px;background:#fef2f2;text-align:center;font-family:Arial,sans-serif;\">\n<h3 style=\"margin:0 0 10px 0;font-size:26px;color:#991b1b;\">\n    \ud83c\udf2a\ufe0f Tornado Tracker Live Map<br \/>\n  <\/h3>\n<p style=\"margin:0 0 18px 0;font-size:16px;line-height:1.5;color:#4b5563;\">\n    Monitor potential tornado activity using real-time wind gust data and severe weather conditions.\n  <\/p>\n<p>  <button onclick=\"loadWindyTornado()\" style=\"background:#dc2626;color:#ffffff;border:none;padding:14px 26px;font-size:16px;font-weight:700;border-radius:8px;cursor:pointer;\"><br \/>\n    Load Tornado Tracker<br \/>\n  <\/button><\/p>\n<p style=\"margin:14px 0 0 0;font-size:13px;color:#6b7280;\">\n    Live data provided by Windy.com \u2013 click to load interactive map.\n  <\/p>\n<\/div>\n<p><script>\nfunction loadWindyTornado() {\n  document.getElementById('windy-tornado-box').innerHTML =\n    '<iframe loading=\"lazy\" src=\"https:\/\/embed.windy.com\/embed2.html?lat=39.606&#038;lon=-97.031&#038;detailLat=49.142&#038;detailLon=9.223&#038;width=1300&#038;height=600&#038;zoom=5&#038;level=surface&#038;overlay=gust&#038;product=ecmwf&#038;menu=&#038;message=true&#038;marker=&#038;calendar=now&#038;pressure=&#038;type=map&#038;location=coordinates&#038;detail=&#038;metricWind=default&#038;metricTemp=default&#038;radarRange=-1\" width=\"100%\" height=\"600\" frameborder=\"0\" style=\"border:0;border-radius:12px;\"><\/iframe>';\n}\n<\/script><br \/>\n<\/h1>\n<p style=\"text-align: center;\"><strong>Przesu\u0144 map\u0119, aby znale\u017a\u0107 Tornado, kt\u00f3re chcesz \u015bledzi\u0107.<\/strong><\/p>\n<p class=\"p1\">Chocia\u017c tornada s\u0105 stosunkowo rzadkie, nadal powiniene\u015b wiedzie\u0107, jak je rozpozna\u0107 i co zrobi\u0107, gdy tylko zdasz sobie spraw\u0119, \u017ce tornado jest w pobli\u017cu!<\/p>\n<h2>Prawdopodobie\u0144stwo tornada w USA dzisiaj<\/h2>\n<p><a href=\"https:\/\/www.spc.noaa.gov\/products\/outlook\/day1otlk.html\" target=\"_blank\" rel=\"nofollow noopener\"><img loading=\"lazy\" decoding=\"async\" class=\"aligncenter\" src=\"https:\/\/www.spc.noaa.gov\/products\/outlook\/day1probotlk_torn.gif\" alt=\"\" width=\"815\" height=\"555\" \/><\/a><\/p>\n<h2>Prawdopodobie\u0144stwo tornada jutra w USA<\/h2>\n<p><a href=\"https:\/\/www.spc.noaa.gov\/products\/outlook\/day1otlk.html\" target=\"_blank\" rel=\"nofollow noopener\"><img loading=\"lazy\" decoding=\"async\" class=\"aligncenter\" src=\"https:\/\/www.spc.noaa.gov\/products\/outlook\/day2probotlk_torn.gif\" alt=\"\" width=\"815\" height=\"555\" \/><\/a><\/p>\n<h2>Aktualne zegarki w trudnych warunkach pogodowych<\/h2>\n<p><a href=\"https:\/\/www.spc.noaa.gov\/products\/outlook\/day1otlk.html\" target=\"_blank\" rel=\"nofollow noopener\"><img loading=\"lazy\" decoding=\"async\" class=\"aligncenter\" src=\"https:\/\/www.spc.noaa.gov\/products\/watch\/validww.png\" alt=\"\" width=\"582\" height=\"408\" \/><\/a><\/p>\n<p style=\"text-align: center;\">Ci\u0119\u017ckie zegarki burzowe s\u0105 <span style=\"color: #0000ff;\">niebieski<\/span>. Zegarki Tornado s\u0105 <span style=\"color: #ff0000;\">czerwony<\/span>.<\/p>\n<h2 class=\"p1\">Jak czyta\u0107 radar tornado<\/h2>\n<p class=\"p1\">Kiedy spojrzysz na urz\u0105dzenie do \u015bledzenia tornad, mo\u017cesz dowiedzie\u0107 si\u0119 kilku ciekawych rzeczy na temat <a href=\"https:\/\/weather-radar24.com\/pl\/\">obecna pogoda<\/a>. Na przyk\u0142ad mo\u017cesz zobaczy\u0107, czy w pobli\u017cu znajduje si\u0119 tornado. Je\u015bli u\u017cywasz radaru tornado do przewidywania pogody, mo\u017cesz r\u00f3wnie\u017c zobaczy\u0107, gdzie mo\u017ce wyst\u0105pi\u0107 tornado. Kiedy u\u017cywasz trackera tornado do przewidywania pogody, powiniene\u015b interpretowa\u0107 to tak, jakby\u015b czyta\u0142 map\u0119.<\/p>\n<p class=\"p1\">Tracker Tornado pokazuje lokalizacj\u0119 pobliskich tornad. Kolory radaru tornado informuj\u0105 o sile tornada. Im wi\u0119ksze i silniejsze tornado, tym bardziej czerwone pojawia si\u0119 na radarze tornado. Kszta\u0142t tornada na radarze informuje o jego kierunku. Je\u015bli tornado jest skierowane w lewo, porusza si\u0119 na p\u00f3\u0142nocny wsch\u00f3d. Je\u015bli wskazuje w prawo, porusza si\u0119 na po\u0142udniowy wsch\u00f3d. Je\u015bli jest pozioma, porusza si\u0119 na zach\u00f3d lub wsch\u00f3d. A je\u015bli jest skierowany w d\u00f3\u0142, porusza si\u0119 na p\u00f3\u0142nocny zach\u00f3d lub po\u0142udniowy zach\u00f3d.<\/p>\n<p class=\"p1\">U\u017cywaj\u0105c radaru tornado do przewidywania, gdzie mo\u017ce wyst\u0105pi\u0107 tornado, nale\u017cy najpierw wzi\u0105\u0107 pod uwag\u0119 si\u0142\u0119 tornada. Im silniejsze tornado, tym wi\u0119ksze prawdopodobie\u0144stwo, \u017ce si\u0119 uformuje. Po drugie, powiniene\u015b rozwa\u017cy\u0107 kierunek, w kt\u00f3rym wskazuje tornado. Je\u015bli jest poziomy, jest bardziej prawdopodobne, \u017ce si\u0119 uformuje. I po trzecie, powiniene\u015b zastanowi\u0107 si\u0119, gdzie znajduje si\u0119 tornado. Im dalej od centrum burzy, tym wi\u0119ksze prawdopodobie\u0144stwo, \u017ce si\u0119 uformuje.<\/p>\n<h3 class=\"p1\">Czym jest tornado?<\/h3>\n<p class=\"p1\">Tornado to szybko wiruj\u0105ca, pot\u0119\u017cna depresja burzowa, kt\u00f3ra wznosi si\u0119 z ni\u017cszych poziom\u00f3w atmosfery do troposfery. Tornada mog\u0105 wyst\u0119powa\u0107 na l\u0105dzie lub nad wod\u0105 i zwykle maj\u0105 szeroko\u015b\u0107 od kilkuset metr\u00f3w do kilku kilometr\u00f3w. S\u0105 bardzo niebezpieczne i mog\u0105 spowodowa\u0107 powa\u017cne uszkodzenia.<\/p>\n<h3 class=\"p1\">Jak powstaj\u0105 tornada?<\/h3>\n<p class=\"p1\">Tornada tworz\u0105 si\u0119, gdy mieszaj\u0105 si\u0119 zimne i ciep\u0142e powietrze. Zimne powietrze jest ci\u0119\u017csze ni\u017c ciep\u0142e i wypycha ciep\u0142e powietrze w g\u00f3r\u0119. Gdy zimne powietrze unosi si\u0119, tworzy si\u0119 wir, kt\u00f3ry nieustannie si\u0119 obraca. Im wi\u0119ksza r\u00f3\u017cnica temperatur mi\u0119dzy zimnym a ciep\u0142ym powietrzem, tym silniejszy staje si\u0119 wir. Tornada mog\u0105 tworzy\u0107 si\u0119 bardzo nagle i zwykle trwaj\u0105 tylko kilka minut.<\/p>\n<h3 class=\"p1\">Kiedy zaczyna si\u0119 sezon tornado w USA?<\/h3>\n<p class=\"p1\"><a href=\"https:\/\/www.bobvila.com\/articles\/when-is-tornado-season\/\" target=\"_blank\" rel=\"noopener\">Sezon Tornado w Stanach Zjednoczonych<\/a> oficjalnie rozpoczyna si\u0119 1 czerwca, a ko\u0144czy 30 listopada. Wtedy to ryzyko wyst\u0105pienia tornad jest najwi\u0119ksze. Jednak wi\u0119kszo\u015b\u0107 tornad w USA wyst\u0119puje w maju, czerwcu i lipcu. W ostatnich latach zdarza\u0142y si\u0119 jednak wyj\u0105tki, wi\u0119c tornada mog\u0105 wyst\u0119powa\u0107 poza oficjalnym sezonem. Pierwsza po\u0142owa sezonu jest zwykle najbardziej aktywna, poniewa\u017c wtedy wi\u0119kszo\u015b\u0107 warunk\u00f3w pogodowych sprzyja powstawaniu tornad.<\/p>\n<h3 class=\"p1\"><b>Zaj\u0119cia z Tornado<\/b><\/h3>\n<p class=\"p1\">Tornado to niezwykle gwa\u0142towne wydarzenie pogodowe charakteryzuj\u0105ce si\u0119 bardzo silnymi wiatrami i ciasnym wirem. Istniej\u0105 nast\u0119puj\u0105ce kategorie:<\/p>\n<ul style=\"list-style-type: circle;\">\n<li><strong>F0<\/strong> (pr\u0119dko\u015b\u0107 wiatru 72,7 mph)<\/li>\n<li class=\"p1\"><strong>F1<\/strong> (s\u0142aby wiatr o pr\u0119dko\u015bci 72,7 mph \u2013 111,8 mph)<\/li>\n<li class=\"p1\"><strong>F2<\/strong> (\u015brednio silny, pr\u0119dko\u015b\u0107 wiatru 111,8 mph \u2013 156,5 mph)<\/li>\n<li class=\"p1\"><strong>F3<\/strong> (silny, wiatr o pr\u0119dko\u015bci 156,5 mph \u2013 206,9 mph)<\/li>\n<li class=\"p1\"><strong>F4<\/strong> (bardzo silny, pr\u0119dko\u015b\u0107 wiatru 206,9 mph \u2013 260,3 mph<span class=\"s1\">)<\/span><\/li>\n<li><strong>F5<\/strong> (gwa\u0142towny, wiatr o pr\u0119dko\u015bci powy\u017cej 260,3 mil na godzin\u0119)<\/li>\n<\/ul>","protected":false},"excerpt":{"rendered":"<p>Tornado Tracker live map \ud83c\udf2a\ufe0f Tornado Tracker Live Map Monitor potential tornado activity using real-time wind gust data and severe weather conditions. Load Tornado Tracker Live data provided by Windy.com \u2013 click to load interactive map. Move the map to find the Tornado you want to track. Even though tornadoes are relatively rare, you should&hellip;&nbsp;<a href=\"https:\/\/weather-radar24.com\/pl\/tornado-radar\/\" rel=\"bookmark\">Read More &raquo;<span class=\"screen-reader-text\">Radar tornado<\/span><\/a><\/p>","protected":false},"author":1,"featured_media":128,"parent":0,"menu_order":0,"comment_status":"closed","ping_status":"closed","template":"","meta":{"neve_meta_sidebar":"","neve_meta_container":"","neve_meta_enable_content_width":"off","neve_meta_content_width":100,"neve_meta_title_alignment":"","neve_meta_author_avatar":"","neve_post_elements_order":"","neve_meta_disable_header":"","neve_meta_disable_footer":"","neve_meta_disable_title":"on","neve_meta_reading_time":"","footnotes":""},"class_list":["post-48","page","type-page","status-publish","has-post-thumbnail","hentry"],"yoast_head":"<!-- This site is optimized with the Yoast SEO plugin v27.3 - https:\/\/yoast.com\/product\/yoast-seo-wordpress\/ -->\n<title>Tornado Tracker live map - Track where are tornadoes<\/title>\n<meta name=\"description\" content=\"Tornado radar \u2713 Includes tracking map, live radar- Track the current wind force, wind speed and wind forecast for the next few days.\" \/>\n<meta name=\"robots\" content=\"index, follow, max-snippet:-1, max-image-preview:large, max-video-preview:-1\" \/>\n<link rel=\"canonical\" href=\"https:\/\/weather-radar24.com\/pl\/tornado-radar\/\" \/>\n<meta property=\"og:locale\" content=\"pl_PL\" \/>\n<meta property=\"og:type\" content=\"article\" \/>\n<meta property=\"og:title\" content=\"Tornado Tracker live map - Track where are tornadoes\" \/>\n<meta property=\"og:description\" content=\"Tornado radar \u2713 Includes tracking map, live radar- Track the current wind force, wind speed and wind forecast for the next few days.\" \/>\n<meta property=\"og:url\" content=\"https:\/\/weather-radar24.com\/pl\/tornado-radar\/\" \/>\n<meta property=\"article:modified_time\" content=\"2026-04-11T11:16:00+00:00\" \/>\n<meta property=\"og:image\" content=\"https:\/\/weather-radar24.com\/wp-content\/uploads\/2022\/08\/Bildschirmfoto-2022-08-18-um-19.32.48.png\" \/>\n\t<meta property=\"og:image:width\" content=\"341\" \/>\n\t<meta property=\"og:image:height\" content=\"300\" \/>\n\t<meta property=\"og:image:type\" content=\"image\/png\" \/>\n<meta name=\"twitter:card\" content=\"summary_large_image\" \/>\n<meta name=\"twitter:label1\" content=\"Szacowany czas czytania\" \/>\n\t<meta name=\"twitter:data1\" content=\"4 minuty\" \/>\n<script type=\"application\/ld+json\" class=\"yoast-schema-graph\">{\"@context\":\"https:\\\/\\\/schema.org\",\"@graph\":[{\"@type\":\"WebPage\",\"@id\":\"https:\\\/\\\/weather-radar24.com\\\/tornado-radar\\\/\",\"url\":\"https:\\\/\\\/weather-radar24.com\\\/tornado-radar\\\/\",\"name\":\"Tornado Tracker live map - Track where are tornadoes\",\"isPartOf\":{\"@id\":\"https:\\\/\\\/weather-radar24.com\\\/#website\"},\"primaryImageOfPage\":{\"@id\":\"https:\\\/\\\/weather-radar24.com\\\/tornado-radar\\\/#primaryimage\"},\"image\":{\"@id\":\"https:\\\/\\\/weather-radar24.com\\\/tornado-radar\\\/#primaryimage\"},\"thumbnailUrl\":\"https:\\\/\\\/weather-radar24.com\\\/wp-content\\\/uploads\\\/2022\\\/08\\\/Bildschirmfoto-2022-08-18-um-19.32.48.png\",\"datePublished\":\"2022-08-17T19:15:27+00:00\",\"dateModified\":\"2026-04-11T11:16:00+00:00\",\"description\":\"Tornado radar \u2713 Includes tracking map, live radar- Track the current wind force, wind speed and wind forecast for the next few days.\",\"breadcrumb\":{\"@id\":\"https:\\\/\\\/weather-radar24.com\\\/tornado-radar\\\/#breadcrumb\"},\"inLanguage\":\"pl-PL\",\"potentialAction\":[{\"@type\":\"ReadAction\",\"target\":[\"https:\\\/\\\/weather-radar24.com\\\/tornado-radar\\\/\"]}]},{\"@type\":\"ImageObject\",\"inLanguage\":\"pl-PL\",\"@id\":\"https:\\\/\\\/weather-radar24.com\\\/tornado-radar\\\/#primaryimage\",\"url\":\"https:\\\/\\\/weather-radar24.com\\\/wp-content\\\/uploads\\\/2022\\\/08\\\/Bildschirmfoto-2022-08-18-um-19.32.48.png\",\"contentUrl\":\"https:\\\/\\\/weather-radar24.com\\\/wp-content\\\/uploads\\\/2022\\\/08\\\/Bildschirmfoto-2022-08-18-um-19.32.48.png\",\"width\":341,\"height\":300,\"caption\":\"Tornado radar\"},{\"@type\":\"BreadcrumbList\",\"@id\":\"https:\\\/\\\/weather-radar24.com\\\/tornado-radar\\\/#breadcrumb\",\"itemListElement\":[{\"@type\":\"ListItem\",\"position\":1,\"name\":\"Startseite\",\"item\":\"https:\\\/\\\/weather-radar24.com\\\/\"},{\"@type\":\"ListItem\",\"position\":2,\"name\":\"Tornado radar\"}]},{\"@type\":\"WebSite\",\"@id\":\"https:\\\/\\\/weather-radar24.com\\\/#website\",\"url\":\"https:\\\/\\\/weather-radar24.com\\\/\",\"name\":\"\",\"description\":\"\",\"potentialAction\":[{\"@type\":\"SearchAction\",\"target\":{\"@type\":\"EntryPoint\",\"urlTemplate\":\"https:\\\/\\\/weather-radar24.com\\\/?s={search_term_string}\"},\"query-input\":{\"@type\":\"PropertyValueSpecification\",\"valueRequired\":true,\"valueName\":\"search_term_string\"}}],\"inLanguage\":\"pl-PL\"}]}<\/script>\n<!-- \/ Yoast SEO plugin. -->","yoast_head_json":{"title":"Tornado Tracker na \u017cywo mapa - \u015aled\u017a, gdzie s\u0105 tornada","description":"Radar Tornado \u2713 Zawiera map\u0119 \u015bledzenia, radar na \u017cywo - \u015aled\u017a aktualn\u0105 si\u0142\u0119 wiatru, pr\u0119dko\u015b\u0107 wiatru i prognoz\u0119 wiatru na kilka nast\u0119pnych dni.","robots":{"index":"index","follow":"follow","max-snippet":"max-snippet:-1","max-image-preview":"max-image-preview:large","max-video-preview":"max-video-preview:-1"},"canonical":"https:\/\/weather-radar24.com\/pl\/tornado-radar\/","og_locale":"pl_PL","og_type":"article","og_title":"Tornado Tracker live map - Track where are tornadoes","og_description":"Tornado radar \u2713 Includes tracking map, live radar- Track the current wind force, wind speed and wind forecast for the next few days.","og_url":"https:\/\/weather-radar24.com\/pl\/tornado-radar\/","article_modified_time":"2026-04-11T11:16:00+00:00","og_image":[{"width":341,"height":300,"url":"https:\/\/weather-radar24.com\/wp-content\/uploads\/2022\/08\/Bildschirmfoto-2022-08-18-um-19.32.48.png","type":"image\/png"}],"twitter_card":"summary_large_image","twitter_misc":{"Szacowany czas czytania":"4 minuty"},"schema":{"@context":"https:\/\/schema.org","@graph":[{"@type":"WebPage","@id":"https:\/\/weather-radar24.com\/tornado-radar\/","url":"https:\/\/weather-radar24.com\/tornado-radar\/","name":"Tornado Tracker na \u017cywo mapa - \u015aled\u017a, gdzie s\u0105 tornada","isPartOf":{"@id":"https:\/\/weather-radar24.com\/#website"},"primaryImageOfPage":{"@id":"https:\/\/weather-radar24.com\/tornado-radar\/#primaryimage"},"image":{"@id":"https:\/\/weather-radar24.com\/tornado-radar\/#primaryimage"},"thumbnailUrl":"https:\/\/weather-radar24.com\/wp-content\/uploads\/2022\/08\/Bildschirmfoto-2022-08-18-um-19.32.48.png","datePublished":"2022-08-17T19:15:27+00:00","dateModified":"2026-04-11T11:16:00+00:00","description":"Radar Tornado \u2713 Zawiera map\u0119 \u015bledzenia, radar na \u017cywo - \u015aled\u017a aktualn\u0105 si\u0142\u0119 wiatru, pr\u0119dko\u015b\u0107 wiatru i prognoz\u0119 wiatru na kilka nast\u0119pnych dni.","breadcrumb":{"@id":"https:\/\/weather-radar24.com\/tornado-radar\/#breadcrumb"},"inLanguage":"pl-PL","potentialAction":[{"@type":"ReadAction","target":["https:\/\/weather-radar24.com\/tornado-radar\/"]}]},{"@type":"ImageObject","inLanguage":"pl-PL","@id":"https:\/\/weather-radar24.com\/tornado-radar\/#primaryimage","url":"https:\/\/weather-radar24.com\/wp-content\/uploads\/2022\/08\/Bildschirmfoto-2022-08-18-um-19.32.48.png","contentUrl":"https:\/\/weather-radar24.com\/wp-content\/uploads\/2022\/08\/Bildschirmfoto-2022-08-18-um-19.32.48.png","width":341,"height":300,"caption":"Tornado radar"},{"@type":"BreadcrumbList","@id":"https:\/\/weather-radar24.com\/tornado-radar\/#breadcrumb","itemListElement":[{"@type":"ListItem","position":1,"name":"Startseite","item":"https:\/\/weather-radar24.com\/"},{"@type":"ListItem","position":2,"name":"Tornado radar"}]},{"@type":"WebSite","@id":"https:\/\/weather-radar24.com\/#website","url":"https:\/\/weather-radar24.com\/","name":"","description":"","potentialAction":[{"@type":"SearchAction","target":{"@type":"EntryPoint","urlTemplate":"https:\/\/weather-radar24.com\/?s={search_term_string}"},"query-input":{"@type":"PropertyValueSpecification","valueRequired":true,"valueName":"search_term_string"}}],"inLanguage":"pl-PL"}]}},"_links":{"self":[{"href":"https:\/\/weather-radar24.com\/pl\/wp-json\/wp\/v2\/pages\/48","targetHints":{"allow":["GET"]}}],"collection":[{"href":"https:\/\/weather-radar24.com\/pl\/wp-json\/wp\/v2\/pages"}],"about":[{"href":"https:\/\/weather-radar24.com\/pl\/wp-json\/wp\/v2\/types\/page"}],"author":[{"embeddable":true,"href":"https:\/\/weather-radar24.com\/pl\/wp-json\/wp\/v2\/users\/1"}],"replies":[{"embeddable":true,"href":"https:\/\/weather-radar24.com\/pl\/wp-json\/wp\/v2\/comments?post=48"}],"version-history":[{"count":10,"href":"https:\/\/weather-radar24.com\/pl\/wp-json\/wp\/v2\/pages\/48\/revisions"}],"predecessor-version":[{"id":183,"href":"https:\/\/weather-radar24.com\/pl\/wp-json\/wp\/v2\/pages\/48\/revisions\/183"}],"wp:featuredmedia":[{"embeddable":true,"href":"https:\/\/weather-radar24.com\/pl\/wp-json\/wp\/v2\/media\/128"}],"wp:attachment":[{"href":"https:\/\/weather-radar24.com\/pl\/wp-json\/wp\/v2\/media?parent=48"}],"curies":[{"name":"wp","href":"https:\/\/api.w.org\/{rel}","templated":true}]}}