{"id":52,"date":"2022-08-17T21:16:02","date_gmt":"2022-08-17T19:16:02","guid":{"rendered":"https:\/\/weather-radar24.com\/?page_id=52"},"modified":"2022-09-03T18:52:23","modified_gmt":"2022-09-03T16:52:23","slug":"rain-radar","status":"publish","type":"page","link":"https:\/\/weather-radar24.com\/pl\/deszcz-radar\/","title":{"rendered":"Radar deszczu"},"content":{"rendered":"<h1>Radar deszczu \u2013 aktualna prognoza opad\u00f3w<\/h1>\n<p>Pogoda mo\u017ce si\u0119 szybko zmienia\u0107 i dobrze jest wiedzie\u0107, gdzie dok\u0142adnie pada deszcz. Dzi\u0119ki radarowi deszczu zawsze masz pod kontrol\u0105 aktualn\u0105 sytuacj\u0119 pogodow\u0105! Ale czym jest radar deszczowy, jak dzia\u0142a i co mo\u017ce przewidywa\u0107?<\/p>\n<p><iframe loading=\"lazy\" src=\"https:\/\/embed.windy.com\/embed2.html?lat=39.606&amp;lon=-97.031&amp;detailLat=49.142&amp;detailLon=9.223&amp;width=1300&amp;height=600&amp;zoom=5&amp;level=surface&amp;overlay=rain&amp;product=ecmwf&amp;menu=&amp;message=true&amp;marker=&amp;calendar=now&amp;pressure=&amp;type=map&amp;location=coordinates&amp;detail=&amp;metricWind=default&amp;metricTemp=default&amp;radarRange=-1\" width=\"100%\" height=\"600\" frameborder=\"0\" data-dashlane-frameid=\"1684\"><\/iframe><\/p>\n<p class=\"p1\">\n<h2 class=\"p1\">Co to jest radar deszczowy?<\/h2>\n<p class=\"p1\">Radar deszczowy jest instrumentem u\u017cywanym do przewidywania opad\u00f3w. Istniej\u0105 r\u00f3\u017cne typy radar\u00f3w deszczowych, ale wi\u0119kszo\u015b\u0107 z nich dzia\u0142a w ten sam spos\u00f3b: wysy\u0142aj\u0105 wi\u0105zk\u0119 radarow\u0105 do atmosfery i \u015bledz\u0105, jak wi\u0105zka odbija si\u0119 od kropel deszczu. Te odbicia mo\u017cna nast\u0119pnie wykorzysta\u0107 do przewidywania ruchu kropel deszczu.<\/p>\n<p class=\"p1\">Radary deszczowe s\u0105 bardzo przydatne do przewidywania warunk\u00f3w pogodowych, szczeg\u00f3lnie w kontek\u015bcie <a href=\"https:\/\/weather-radar24.com\/pl\/radar-burzowy\/\">silne burze<\/a>. Mog\u0105 pom\u00f3c ostrzec ludzi o niebezpiecznych warunkach pogodowych i da\u0107 im czas na dotarcie w bezpieczne miejsce. Radary deszczowe s\u0105 r\u00f3wnie\u017c przydatne w rolnictwie, poniewa\u017c mog\u0105 pom\u00f3c uratowa\u0107 plony, zanim nadejdzie z\u0142a pogoda.<\/p>\n<h2 class=\"p1\">Jak dzia\u0142a radar deszczowy?<\/h2>\n<p class=\"p1\">Ruch deszczu z ostatniej godziny mo\u017cna odtworzy\u0107 za pomoc\u0105 przycisku odtwarzania. Radar deszczu to instrument, kt\u00f3ry \u015bledzi ruch chmur deszczowych i mierzy ich intensywno\u015b\u0107. Meteorolodzy cz\u0119sto u\u017cywaj\u0105 go do przewidywania kierunku i pr\u0119dko\u015bci deszczu lub <a href=\"https:\/\/weather-radar24.com\/pl\/mapa-pokrywy-snieznej\/\">\u015bnieg<\/a> prysznice.<\/p>\n<p class=\"p1\">Radary deszczowe emituj\u0105 fale elektromagnetyczne, kt\u00f3rych echo odbija si\u0119 od kropli deszczu lub kryszta\u0142k\u00f3w \u015bniegu. Radar mo\u017ce nast\u0119pnie okre\u015bli\u0107, jak silne s\u0105 opady, na podstawie si\u0142y echa. Radary deszczowe mog\u0105 r\u00f3wnie\u017c \u015bledzi\u0107 inne rodzaje zjawisk pogodowych, takie jak: <a href=\"https:\/\/weather-radar24.com\/pl\/tornado-radar\/\">tornada<\/a> lub chmury burzowe.<\/p>\n<h2 class=\"p1\">Jak dok\u0142adne s\u0105 prognozy?<\/h2>\n<p class=\"p1\">Patrz\u0105c na prognozy z radaru deszczowego lub innych serwis\u00f3w pogodowych, mo\u017ce si\u0119 okaza\u0107, \u017ce dok\u0142adno\u015b\u0107 prognoz jest bardzo zr\u00f3\u017cnicowana. Prognozy mo\u017cna podawa\u0107 z kilkugodzinnym wyprzedzeniem, ale tak\u017ce z kilkudniowym wyprzedzeniem. Na przyk\u0142ad prognoza na dzisiejsze popo\u0142udnie mo\u017ce by\u0107 dok\u0142adna, ale prognoza na jutro rano mo\u017ce nie by\u0107.<\/p>\n<p class=\"p1\">Dok\u0142adno\u015b\u0107 prognoz opad\u00f3w zale\u017cy od kilku czynnik\u00f3w. Po pierwsze, oczywi\u015bcie, jak dok\u0142adna jest prognoza oparta na modelu pogodowym. Z regu\u0142y im lepszy model, tym dok\u0142adniejsza prognoza. Z drugiej strony odgrywa r\u00f3wnie\u017c rol\u0119 w tym, jak dobre s\u0105 dane pomiarowe wykorzystywane w modelu. Na przyk\u0142ad, je\u015bli dane pomiarowe dla okre\u015blonej lokalizacji nie s\u0105 bardzo dok\u0142adne, mo\u017ce to wp\u0142yn\u0105\u0107 na dok\u0142adno\u015b\u0107 prognozy.<\/p>\n<p class=\"p1\">Nie ma wi\u0119c prostej odpowiedzi na pytanie, jak dok\u0142adne s\u0105 prognozy opad\u00f3w. Jednak zazwyczaj s\u0105 one do\u015b\u0107 niezawodne i mog\u0105 pom\u00f3c w dostosowaniu si\u0119 do pogody.<\/p>\n<h3 class=\"p1\">Dlaczego radar deszczu cz\u0119sto jest niedok\u0142adny?<\/h3>\n<p class=\"p1\">Radar deszczu jest wa\u017cnym narz\u0119dziem do prognozowania opad\u00f3w. Jednak cz\u0119sto jest to chybione. Jest kilka powod\u00f3w, dla kt\u00f3rych tak jest. Jednym z powod\u00f3w jest to, \u017ce radar widzi tylko opady znajduj\u0105ce si\u0119 bezpo\u015brednio poni\u017cej <a href=\"https:\/\/weather-radar24.com\/pl\/mapa-zakrycia-chmur\/\">chmury<\/a>. Mo\u017ce si\u0119 wi\u0119c zdarzy\u0107, \u017ce w danym regionie nie ma deszczu, mimo \u017ce radar pokazuje opady. Dzieje si\u0119 tak zwykle dlatego, \u017ce chmury w tym regionie s\u0105 wy\u017csze, a deszcz ju\u017c si\u0119 rozproszy\u0142, zanim spad\u0142 na ziemi\u0119.<\/p>\n<p class=\"p1\">Innym powodem jest to, \u017ce radar cz\u0119sto znajduje si\u0119 w regionie, w kt\u00f3rym w tej chwili nie ma deszczu. Mo\u017ce si\u0119 to zdarzy\u0107, na przyk\u0142ad, gdy kom\u00f3rka burzy przechodzi obok, a deszcz ju\u017c si\u0119 rozproszy\u0142, zanim spad\u0142 na ziemi\u0119. W takim przypadku radar nie widzi deszczu. Ostatnim powodem jest to, \u017ce czasami w radarze wyst\u0119puj\u0105 b\u0142\u0119dy. B\u0142\u0119dy te mog\u0105 wyst\u0105pi\u0107 na przyk\u0142ad, gdy atmosfera jest bardzo zakurzona lub piaszczysta. W takim przypadku sygna\u0142y radaru mog\u0105 zosta\u0107 odchylone lub zak\u0142\u00f3cone i mo\u017ce si\u0119 zdarzy\u0107, \u017ce radar poka\u017ce opady, cho\u0107 w rzeczywisto\u015bci ich nie ma.<\/p>\n<h3 class=\"p1\">Jakie jest najbardziej deszczowe miasto na \u015bwiecie?<\/h3>\n<p class=\"p1\">Wed\u0142ug bada\u0144 <a href=\"https:\/\/www.colorado.edu\/\" target=\"_blank\" rel=\"noopener\">Uniwersytet Kolorado Boulder<\/a>, najbardziej deszczowym miastem na \u015bwiecie jest Bombaj w Indiach. Miasto otrzyma\u0142o tytu\u0142, poniewa\u017c otrzymuje \u015brednio 940 milimetr\u00f3w opad\u00f3w rocznie.<\/p>\n<p class=\"p1\">Bombaj nie jest jedynym miastem w Indiach, w kt\u00f3rym wyst\u0119puj\u0105 opady deszczu. Kalkuta, Chennai i Bangalore to tak\u017ce bardzo deszczowe miasta w Indiach. Jednak te cztery miasta maj\u0105 r\u00f3\u017cne wzorce opad\u00f3w. Podczas gdy Bombaj mo\u017ce pada\u0107 przez ca\u0142y rok, pozosta\u0142e trzy miasta padaj\u0105 deszcze g\u0142\u00f3wnie w miesi\u0105cach od czerwca do wrze\u015bnia.<\/p>","protected":false},"excerpt":{"rendered":"<p>Radar deszczu \u2013 aktualna prognoza deszczu Pogoda mo\u017ce si\u0119 szybko zmienia\u0107 i dobrze jest wiedzie\u0107, gdzie dok\u0142adnie pada. Dzi\u0119ki radarowi deszczu zawsze masz pod kontrol\u0105 aktualn\u0105 sytuacj\u0119 pogodow\u0105! Ale czym jest radar deszczowy, jak dzia\u0142a i co mo\u017ce przewidywa\u0107? Co to jest radar deszczowy?\u2026&nbsp;<a href=\"https:\/\/weather-radar24.com\/pl\/deszcz-radar\/\" rel=\"bookmark\">Read More &raquo;<span class=\"screen-reader-text\">Radar deszczu<\/span><\/a><\/p>","protected":false},"author":1,"featured_media":111,"parent":0,"menu_order":0,"comment_status":"closed","ping_status":"closed","template":"","meta":{"neve_meta_sidebar":"","neve_meta_container":"","neve_meta_enable_content_width":"off","neve_meta_content_width":100,"neve_meta_title_alignment":"","neve_meta_author_avatar":"","neve_post_elements_order":"","neve_meta_disable_header":"","neve_meta_disable_footer":"","neve_meta_disable_title":"on","neve_meta_reading_time":"","footnotes":""},"class_list":["post-52","page","type-page","status-publish","has-post-thumbnail","hentry"],"yoast_head":"<!-- This site is optimized with the Yoast SEO plugin v26.6 - https:\/\/yoast.com\/wordpress\/plugins\/seo\/ -->\n<title>Rain radar - current rain forecast - weather-radar24.com<\/title>\n<meta name=\"description\" content=\"Track the current weather conditions in real time with our rain radar! The weather map shows rain, clouds and snowfall\" \/>\n<meta name=\"robots\" content=\"index, follow, max-snippet:-1, max-image-preview:large, max-video-preview:-1\" \/>\n<link rel=\"canonical\" href=\"https:\/\/weather-radar24.com\/pl\/deszcz-radar\/\" \/>\n<meta property=\"og:locale\" content=\"pl_PL\" \/>\n<meta property=\"og:type\" content=\"article\" \/>\n<meta property=\"og:title\" content=\"Rain radar - current rain forecast - weather-radar24.com\" \/>\n<meta property=\"og:description\" content=\"Track the current weather conditions in real time with our rain radar! The weather map shows rain, clouds and snowfall\" \/>\n<meta property=\"og:url\" content=\"https:\/\/weather-radar24.com\/pl\/deszcz-radar\/\" \/>\n<meta property=\"article:modified_time\" content=\"2022-09-03T16:52:23+00:00\" \/>\n<meta property=\"og:image\" content=\"https:\/\/weather-radar24.com\/wp-content\/uploads\/2022\/08\/Bildschirmfoto-2022-08-18-um-12.38.42.png\" \/>\n\t<meta property=\"og:image:width\" content=\"374\" \/>\n\t<meta property=\"og:image:height\" content=\"273\" \/>\n\t<meta property=\"og:image:type\" content=\"image\/png\" \/>\n<meta name=\"twitter:card\" content=\"summary_large_image\" \/>\n<meta name=\"twitter:label1\" content=\"Szacowany czas czytania\" \/>\n\t<meta name=\"twitter:data1\" content=\"4 minuty\" \/>\n<script type=\"application\/ld+json\" class=\"yoast-schema-graph\">{\"@context\":\"https:\/\/schema.org\",\"@graph\":[{\"@type\":\"WebPage\",\"@id\":\"https:\/\/weather-radar24.com\/rain-radar\/\",\"url\":\"https:\/\/weather-radar24.com\/rain-radar\/\",\"name\":\"Rain radar - current rain forecast - weather-radar24.com\",\"isPartOf\":{\"@id\":\"https:\/\/weather-radar24.com\/#website\"},\"primaryImageOfPage\":{\"@id\":\"https:\/\/weather-radar24.com\/rain-radar\/#primaryimage\"},\"image\":{\"@id\":\"https:\/\/weather-radar24.com\/rain-radar\/#primaryimage\"},\"thumbnailUrl\":\"https:\/\/weather-radar24.com\/wp-content\/uploads\/2022\/08\/Bildschirmfoto-2022-08-18-um-12.38.42.png\",\"datePublished\":\"2022-08-17T19:16:02+00:00\",\"dateModified\":\"2022-09-03T16:52:23+00:00\",\"description\":\"Track the current weather conditions in real time with our rain radar! The weather map shows rain, clouds and snowfall\",\"breadcrumb\":{\"@id\":\"https:\/\/weather-radar24.com\/rain-radar\/#breadcrumb\"},\"inLanguage\":\"pl-PL\",\"potentialAction\":[{\"@type\":\"ReadAction\",\"target\":[\"https:\/\/weather-radar24.com\/rain-radar\/\"]}]},{\"@type\":\"ImageObject\",\"inLanguage\":\"pl-PL\",\"@id\":\"https:\/\/weather-radar24.com\/rain-radar\/#primaryimage\",\"url\":\"https:\/\/weather-radar24.com\/wp-content\/uploads\/2022\/08\/Bildschirmfoto-2022-08-18-um-12.38.42.png\",\"contentUrl\":\"https:\/\/weather-radar24.com\/wp-content\/uploads\/2022\/08\/Bildschirmfoto-2022-08-18-um-12.38.42.png\",\"width\":374,\"height\":273,\"caption\":\"Rain radar\"},{\"@type\":\"BreadcrumbList\",\"@id\":\"https:\/\/weather-radar24.com\/rain-radar\/#breadcrumb\",\"itemListElement\":[{\"@type\":\"ListItem\",\"position\":1,\"name\":\"Startseite\",\"item\":\"https:\/\/weather-radar24.com\/\"},{\"@type\":\"ListItem\",\"position\":2,\"name\":\"Rain radar\"}]},{\"@type\":\"WebSite\",\"@id\":\"https:\/\/weather-radar24.com\/#website\",\"url\":\"https:\/\/weather-radar24.com\/\",\"name\":\"\",\"description\":\"\",\"potentialAction\":[{\"@type\":\"SearchAction\",\"target\":{\"@type\":\"EntryPoint\",\"urlTemplate\":\"https:\/\/weather-radar24.com\/?s={search_term_string}\"},\"query-input\":{\"@type\":\"PropertyValueSpecification\",\"valueRequired\":true,\"valueName\":\"search_term_string\"}}],\"inLanguage\":\"pl-PL\"}]}<\/script>\n<!-- \/ Yoast SEO plugin. -->","yoast_head_json":{"title":"Radar deszczu - aktualna prognoza deszczu - weather-radar24.pl","description":"\u015aled\u017a aktualne warunki pogodowe w czasie rzeczywistym za pomoc\u0105 naszego radaru deszczowego! Mapa pogody pokazuje deszcz, chmury i opady \u015bniegu","robots":{"index":"index","follow":"follow","max-snippet":"max-snippet:-1","max-image-preview":"max-image-preview:large","max-video-preview":"max-video-preview:-1"},"canonical":"https:\/\/weather-radar24.com\/pl\/deszcz-radar\/","og_locale":"pl_PL","og_type":"article","og_title":"Rain radar - current rain forecast - weather-radar24.com","og_description":"Track the current weather conditions in real time with our rain radar! The weather map shows rain, clouds and snowfall","og_url":"https:\/\/weather-radar24.com\/pl\/deszcz-radar\/","article_modified_time":"2022-09-03T16:52:23+00:00","og_image":[{"width":374,"height":273,"url":"https:\/\/weather-radar24.com\/wp-content\/uploads\/2022\/08\/Bildschirmfoto-2022-08-18-um-12.38.42.png","type":"image\/png"}],"twitter_card":"summary_large_image","twitter_misc":{"Szacowany czas czytania":"4 minuty"},"schema":{"@context":"https:\/\/schema.org","@graph":[{"@type":"WebPage","@id":"https:\/\/weather-radar24.com\/rain-radar\/","url":"https:\/\/weather-radar24.com\/rain-radar\/","name":"Radar deszczu - aktualna prognoza deszczu - weather-radar24.pl","isPartOf":{"@id":"https:\/\/weather-radar24.com\/#website"},"primaryImageOfPage":{"@id":"https:\/\/weather-radar24.com\/rain-radar\/#primaryimage"},"image":{"@id":"https:\/\/weather-radar24.com\/rain-radar\/#primaryimage"},"thumbnailUrl":"https:\/\/weather-radar24.com\/wp-content\/uploads\/2022\/08\/Bildschirmfoto-2022-08-18-um-12.38.42.png","datePublished":"2022-08-17T19:16:02+00:00","dateModified":"2022-09-03T16:52:23+00:00","description":"\u015aled\u017a aktualne warunki pogodowe w czasie rzeczywistym za pomoc\u0105 naszego radaru deszczowego! Mapa pogody pokazuje deszcz, chmury i opady \u015bniegu","breadcrumb":{"@id":"https:\/\/weather-radar24.com\/rain-radar\/#breadcrumb"},"inLanguage":"pl-PL","potentialAction":[{"@type":"ReadAction","target":["https:\/\/weather-radar24.com\/rain-radar\/"]}]},{"@type":"ImageObject","inLanguage":"pl-PL","@id":"https:\/\/weather-radar24.com\/rain-radar\/#primaryimage","url":"https:\/\/weather-radar24.com\/wp-content\/uploads\/2022\/08\/Bildschirmfoto-2022-08-18-um-12.38.42.png","contentUrl":"https:\/\/weather-radar24.com\/wp-content\/uploads\/2022\/08\/Bildschirmfoto-2022-08-18-um-12.38.42.png","width":374,"height":273,"caption":"Rain radar"},{"@type":"BreadcrumbList","@id":"https:\/\/weather-radar24.com\/rain-radar\/#breadcrumb","itemListElement":[{"@type":"ListItem","position":1,"name":"Startseite","item":"https:\/\/weather-radar24.com\/"},{"@type":"ListItem","position":2,"name":"Rain radar"}]},{"@type":"WebSite","@id":"https:\/\/weather-radar24.com\/#website","url":"https:\/\/weather-radar24.com\/","name":"","description":"","potentialAction":[{"@type":"SearchAction","target":{"@type":"EntryPoint","urlTemplate":"https:\/\/weather-radar24.com\/?s={search_term_string}"},"query-input":{"@type":"PropertyValueSpecification","valueRequired":true,"valueName":"search_term_string"}}],"inLanguage":"pl-PL"}]}},"_links":{"self":[{"href":"https:\/\/weather-radar24.com\/pl\/wp-json\/wp\/v2\/pages\/52","targetHints":{"allow":["GET"]}}],"collection":[{"href":"https:\/\/weather-radar24.com\/pl\/wp-json\/wp\/v2\/pages"}],"about":[{"href":"https:\/\/weather-radar24.com\/pl\/wp-json\/wp\/v2\/types\/page"}],"author":[{"embeddable":true,"href":"https:\/\/weather-radar24.com\/pl\/wp-json\/wp\/v2\/users\/1"}],"replies":[{"embeddable":true,"href":"https:\/\/weather-radar24.com\/pl\/wp-json\/wp\/v2\/comments?post=52"}],"version-history":[{"count":6,"href":"https:\/\/weather-radar24.com\/pl\/wp-json\/wp\/v2\/pages\/52\/revisions"}],"predecessor-version":[{"id":200,"href":"https:\/\/weather-radar24.com\/pl\/wp-json\/wp\/v2\/pages\/52\/revisions\/200"}],"wp:featuredmedia":[{"embeddable":true,"href":"https:\/\/weather-radar24.com\/pl\/wp-json\/wp\/v2\/media\/111"}],"wp:attachment":[{"href":"https:\/\/weather-radar24.com\/pl\/wp-json\/wp\/v2\/media?parent=52"}],"curies":[{"name":"wp","href":"https:\/\/api.w.org\/{rel}","templated":true}]}}