{"id":54,"date":"2022-08-17T21:16:21","date_gmt":"2022-08-17T19:16:21","guid":{"rendered":"https:\/\/weather-radar24.com\/?page_id=54"},"modified":"2022-09-07T17:52:46","modified_gmt":"2022-09-07T15:52:46","slug":"wind-radar","status":"publish","type":"page","link":"https:\/\/weather-radar24.com\/pl\/radar-wiatrowy\/","title":{"rendered":"Radar wiatrowy"},"content":{"rendered":"<h1>Radar wiatru \u2013 pomiar si\u0142y i pr\u0119dko\u015bci wiatru<\/h1>\n<p>W \u017cyciu codziennym wsz\u0119dzie spotykamy si\u0119 z silnymi i s\u0142abymi wiatrami. Jednak im silniejsza si\u0142a, tym bardziej niebezpieczne mog\u0105 si\u0119 sta\u0107. Radar wiatrowy w prosty spos\u00f3b pokazuje, jak silne wiatry wiej\u0105 iw jakim kierunku.<br \/>\n<iframe loading=\"lazy\" src=\"https:\/\/embed.windy.com\/embed2.html?lat=36.161&amp;lon=-98.080&amp;detailLat=36.161&amp;detailLon=-98.080&amp;width=650&amp;height=450&amp;zoom=4&amp;level=surface&amp;overlay=wind&amp;product=ecmwf&amp;menu=&amp;message=true&amp;marker=&amp;calendar=24&amp;pressure=&amp;type=map&amp;location=coordinates&amp;detail=&amp;metricWind=mph&amp;metricTemp=%C2%B0F&amp;radarRange=-1\" width=\"100%\" height=\"600\" frameborder=\"0\"><\/iframe><\/p>\n<h2 class=\"p1\">Jak dzia\u0142a radar wiatrowy<\/h2>\n<p class=\"p1\">Cyfrowa mapa wiatru to mapa pokazuj\u0105ca pogod\u0119, w tym przypadku konkretnie wiatry, w danej chwili i z prognoz\u0105. Ma\u0142e ruchome kropki o r\u00f3\u017cnych kolorach i kierunkach reprezentuj\u0105 si\u0142\u0119 i przebieg podmuch\u00f3w. Na mapie mo\u017cna zobaczy\u0107, jak wygl\u0105da sytuacja wietrzna i jak mo\u017ce si\u0119 rozwija\u0107 w niekt\u00f3rych rejonach \u015bwiata. W ten spos\u00f3b mo\u017cna przewidzie\u0107 niebezpieczne burze i zidentyfikowa\u0107 obszary wysokiego i niskiego ci\u015bnienia.<\/p>\n<p class=\"p1\">W tym celu radar wiatrowy wysy\u0142a do atmosfery sygna\u0142y elektromagnetyczne za po\u015brednictwem anten. R\u00f3\u017cne zjawiska pogodowe, takie jak wiatr, <a href=\"https:\/\/weather-radar24.com\/pl\/mapa-pokrywy-snieznej\/\">\u015bnieg<\/a> lub <a href=\"https:\/\/weather-radar24.com\/pl\/deszcz-radar\/\">deszcz<\/a> ode\u015blij je z r\u00f3\u017cn\u0105 intensywno\u015bci\u0105. Na podstawie danych system mo\u017ce wyci\u0105ga\u0107 wnioski dotycz\u0105ce pogody, jej si\u0142y i kierunku. Jest to nast\u0119pnie wykorzystywane do tworzenia cyfrowej mapy wiatru.<\/p>\n<h2 class=\"p1\">Co oznaczaj\u0105 kolory na radarze wiatrowym?<\/h2>\n<p class=\"p1\">Kolory reprezentuj\u0105 r\u00f3\u017cne nat\u0119\u017cenia wiatru i mo\u017cna je odczyta\u0107 z legendy. Pr\u0119dko\u015b\u0107 jest mierzona w kilometrach na godzin\u0119.<\/p>\n<p class=\"p1\">Rozr\u00f3\u017cnia si\u0119 wiatry s\u0142abe i silne, kt\u00f3rych kolory s\u0105 zr\u00f3\u017cnicowane. Niebieski oznacza \u0142agodny wiatr o pr\u0119dko\u015bci od oko\u0142o 1 do 23,6 mil na godzin\u0119, \u017c\u00f3\u0142ty od 23,6-45,9 mil na godzin\u0119. Je\u015bli kolor zmieni kolor na czerwony, wiatr r\u00f3wnie\u017c stanie si\u0119 niebezpieczny: si\u0142a wiatru mo\u017ce tutaj waha\u0107 si\u0119 od 46 mil na godzin\u0119 do ponad 72,7 mil na godzin\u0119. Ten ostatni jest oceniany jako <a href=\"https:\/\/weather-radar24.com\/pl\/hurrikan-tracker\/\">huragan<\/a>. Ten ostatni jest uwa\u017cany za huragan.<\/p>\n<h3 class=\"p1\">R\u00f3\u017cne rodzaje wiatru i ich pochodzenie<\/h3>\n<p class=\"p1\">Istniej\u0105 r\u00f3\u017cne rodzaje wiatru, kt\u00f3re <a href=\"https:\/\/weather-radar24.com\/pl\/\">radar pogodowy<\/a> mo\u017ce mierzy\u0107. Nale\u017c\u0105 do nich na przyk\u0142ad pasaty, kt\u00f3re wiej\u0105 z jednego regionu do drugiego. Dzieje si\u0119 tak, aby stworzy\u0107 r\u00f3wnowag\u0119 ci\u015bnienia mi\u0119dzy obszarem wysokiego ci\u015bnienia a obszarem niskiego ci\u015bnienia. Takie cz\u0119sto tworz\u0105 si\u0119 z powodu r\u00f3\u017cnic temperatur w r\u00f3\u017cnych regionach.<\/p>\n<p class=\"p1\">Wiatry dominuj\u0105ce tworz\u0105 si\u0119, gdy s\u0142o\u0144ce ogrzewa ziemi\u0119, a powietrze unosi si\u0119 w powietrze. Ch\u0142odne powietrze opada na ziemi\u0119, a wiatry tworz\u0105 tu r\u00f3wnowag\u0119, kt\u00f3ra odbywa si\u0119 blisko ziemi.<\/p>\n<p class=\"p1\">Z drugiej strony pr\u0105d strumieniowy to wiatr na du\u017cej wysoko\u015bci. Jest ledwo zauwa\u017calny na ziemi, ale ma znacz\u0105cy wp\u0142yw na warunki pogodowe i si\u0142\u0119 innych wiatr\u00f3w. Mo\u017cesz sobie wyobrazi\u0107 strumie\u0144 odrzutowy jak szybki pas powietrza w atmosferze.<\/p>\n<p class=\"p1\">W celu okre\u015blenia si\u0142y wiatru mierzy si\u0119 pr\u0119dko\u015b\u0107 pr\u0105d\u00f3w powietrza. Kiedy\u015b by\u0142o to trudne zadanie, dop\u00f3ki Francis Beaufort nie wynalaz\u0142 anemometru w 1806 roku. Urz\u0105dzenie sk\u0142ada si\u0119 z ma\u0142ych muszli, kt\u00f3re obracaj\u0105 si\u0119 wok\u00f3\u0142 osi nap\u0119dzanej wiatrem. Im wy\u017csza si\u0142a, tym szybszy ruch. Na tej podstawie komputer oblicza si\u0142\u0119 wiatru i podaje pr\u0119dko\u015b\u0107 w kilometrach na godzin\u0119 lub milach. Nat\u0119\u017cenie mo\u017cna odczyta\u0107 bezpo\u015brednio w skali Beauforta z tych liczb.<\/p>\n<h2 class=\"p1\">S\u0142ynna skala \u2013 skala wiatru Beauforta<\/h2>\n<table class=\"responsive\">\n<tbody>\n<tr style=\"height: 23px;\">\n<td style=\"width: 16.6667%; height: 23px;\"><span style=\"color: #000000;\"><strong>Si\u0142a wiatru<\/strong><\/span><\/td>\n<td style=\"width: 16.7756%; height: 23px;\"><span style=\"color: #000000;\"><strong>Opis<\/strong><\/span><\/td>\n<td style=\"width: 16.3399%; height: 23px;\"><span style=\"color: #000000;\"><strong>km\/h<\/strong><\/span><\/td>\n<td style=\"width: 16.2309%; height: 23px;\"><span style=\"color: #000000;\"><strong>m<span style=\"color: #000000;\">\/s<\/span><\/strong><\/span><\/td>\n<td style=\"width: 16.122%; height: 23px;\"><span style=\"color: #000000;\"><strong>kn<\/strong><\/span><\/td>\n<td style=\"width: 16.2309%; height: 23px;\"><span style=\"color: #000000;\"><strong>mph<\/strong><\/span><\/td>\n<\/tr>\n<tr style=\"height: 23px;\">\n<td style=\"width: 16.6667%; height: 23px;\">0<\/td>\n<td style=\"width: 16.7756%; height: 23px;\"><strong>Spokojna<\/strong><\/td>\n<td style=\"width: 16.3399%; height: 23px;\">0 \u2013 1<\/td>\n<td style=\"width: 16.2309%; height: 23px;\">0,0 \u2013 &lt;0,3<\/td>\n<td style=\"width: 16.122%; height: 23px;\">0 \u2013 &lt;1<\/td>\n<td style=\"width: 16.2309%; height: 23px;\">0 \u2013 &lt;1,2<\/td>\n<\/tr>\n<tr style=\"height: 23px;\">\n<td style=\"width: 16.6667%; height: 23px;\">1<\/td>\n<td style=\"width: 16.7756%; height: 23px;\"><strong>Lekkie powietrze<\/strong><\/td>\n<td style=\"width: 16.3399%; height: 23px;\">1 \u2013 5<\/td>\n<td style=\"width: 16.2309%; height: 23px;\">0,3 \u2013 &lt;1,6<\/td>\n<td style=\"width: 16.122%; height: 23px;\">1 \u2013 &lt;4<\/td>\n<td style=\"width: 16.2309%; height: 23px;\">1,2 \u2013 &lt;4,6<\/td>\n<\/tr>\n<tr style=\"height: 23px;\">\n<td style=\"width: 16.6667%; height: 23px;\">2<\/td>\n<td style=\"width: 16.7756%; height: 23px;\"><strong>Lekka bryza<\/strong><\/td>\n<td style=\"width: 16.3399%; height: 23px;\">6 \u2013 11<\/td>\n<td style=\"width: 16.2309%; height: 23px;\">1,6 \u2013 &lt;3,4<\/td>\n<td style=\"width: 16.122%; height: 23px;\">4 \u2013 &lt;7<\/td>\n<td style=\"width: 16.2309%; height: 23px;\">4,6 \u2013 &lt;8,1<\/td>\n<\/tr>\n<tr style=\"height: 23px;\">\n<td style=\"width: 16.6667%; height: 23px;\">3<\/td>\n<td style=\"width: 16.7756%; height: 23px;\"><strong>Delikatna bryza<\/strong><\/td>\n<td style=\"width: 16.3399%; height: 23px;\">12 \u2013 19<\/td>\n<td style=\"width: 16.2309%; height: 23px;\">3,4 \u2013 &lt;5,5<\/td>\n<td style=\"width: 16.122%; height: 23px;\">7 \u2013 &lt;11<\/td>\n<td style=\"width: 16.2309%; height: 23px;\">8,1 \u2013 &lt;12,7<\/td>\n<\/tr>\n<tr style=\"height: 23px;\">\n<td style=\"width: 16.6667%; height: 23px;\">4<\/td>\n<td style=\"width: 16.7756%; height: 23px;\"><strong>Umiarkowana bryza<\/strong><\/td>\n<td style=\"width: 16.3399%; height: 23px;\">20 \u2013 28<\/td>\n<td style=\"width: 16.2309%; height: 23px;\">5,5 \u2013 &lt;8,0<\/td>\n<td style=\"width: 16.122%; height: 23px;\">11 \u2013 &lt;16<\/td>\n<td style=\"width: 16.2309%; height: 23px;\">12,7 \u2013 &lt;18,4<\/td>\n<\/tr>\n<tr style=\"height: 23px;\">\n<td style=\"width: 16.6667%; height: 23px;\">5<\/td>\n<td class=\"tb-unimp\" style=\"width: 16.7756%; height: 23px;\"><strong>Silna bryza<\/strong><\/td>\n<td style=\"width: 16.3399%; height: 23px;\">29 \u2013 38<\/td>\n<td style=\"width: 16.2309%; height: 23px;\">8,0 \u2013 &lt;10,8<\/td>\n<td style=\"width: 16.122%; height: 23px;\">16 \u2013 &lt;22<\/td>\n<td style=\"width: 16.2309%; height: 23px;\">18,4 \u2013 &lt;25,3<\/td>\n<\/tr>\n<tr style=\"height: 23px;\">\n<td style=\"width: 16.6667%; height: 23px;\">6<\/td>\n<td style=\"width: 16.7756%; height: 23px;\"><strong>Silna bryza<\/strong><\/td>\n<td style=\"width: 16.3399%; height: 23px;\">39 \u2013 49<\/td>\n<td style=\"width: 16.2309%; height: 23px;\">10,8 \u2013 &lt;13,9<\/td>\n<td style=\"width: 16.122%; height: 23px;\">22 \u2013 &lt;28<\/td>\n<td style=\"width: 16.2309%; height: 23px;\">25,3 \u2013 &lt;32,2<\/td>\n<\/tr>\n<tr style=\"height: 23px;\">\n<td style=\"width: 16.6667%; height: 23px;\">7<\/td>\n<td style=\"width: 16.7756%; height: 23px;\"><strong>W pobli\u017cu Gale<\/strong><\/td>\n<td style=\"width: 16.3399%; height: 23px;\">50 \u2013 61<\/td>\n<td style=\"width: 16.2309%; height: 23px;\">13,9 \u2013 &lt;17,2<\/td>\n<td style=\"width: 16.122%; height: 23px;\">28 \u2013 &lt;34<\/td>\n<td style=\"width: 16.2309%; height: 23px;\">32,2 \u2013 &lt;39,1<\/td>\n<\/tr>\n<tr style=\"height: 23px;\">\n<td style=\"width: 16.6667%; height: 23px;\">8<\/td>\n<td style=\"width: 16.7756%; height: 23px;\"><strong>wichurowy wiatr<\/strong><\/td>\n<td style=\"width: 16.3399%; height: 23px;\">62 \u2013 74<\/td>\n<td style=\"width: 16.2309%; height: 23px;\">17,2 \u2013 &lt;20,8<\/td>\n<td style=\"width: 16.122%; height: 23px;\">34 \u2013 &lt;41<\/td>\n<td style=\"width: 16.2309%; height: 23px;\">39,1 \u2013 &lt;47,2<\/td>\n<\/tr>\n<tr style=\"height: 23px;\">\n<td style=\"width: 16.6667%; height: 23px;\">9<\/td>\n<td style=\"width: 16.7756%; height: 23px;\"><strong>Silna wichura<\/strong><\/td>\n<td style=\"width: 16.3399%; height: 23px;\">75 \u2013 88<\/td>\n<td style=\"width: 16.2309%; height: 23px;\">20,8 \u2013 &lt;24,5<\/td>\n<td style=\"width: 16.122%; height: 23px;\">41 \u2013 &lt;48<\/td>\n<td style=\"width: 16.2309%; height: 23px;\">47,2 \u2013 &lt;55,2<\/td>\n<\/tr>\n<tr style=\"height: 23px;\">\n<td style=\"width: 16.6667%; height: 23px;\">10<\/td>\n<td style=\"width: 16.7756%; height: 23px;\"><strong>Burza<\/strong><\/td>\n<td style=\"width: 16.3399%; height: 23px;\">89 \u2013 102<\/td>\n<td style=\"width: 16.2309%; height: 23px;\">24,5 \u2013 &lt;28,5<\/td>\n<td style=\"width: 16.122%; height: 23px;\">48 \u2013 &lt;56<\/td>\n<td style=\"width: 16.2309%; height: 23px;\">55,2 \u2013 &lt;64,4<\/td>\n<\/tr>\n<tr style=\"height: 23px;\">\n<td style=\"width: 16.6667%; height: 23px;\">11<\/td>\n<td style=\"width: 16.7756%; height: 23px;\"><strong>Gwa\u0142towna burza<\/strong><\/td>\n<td style=\"width: 16.3399%;\">103 \u2013 117<\/td>\n<td style=\"width: 16.2309%; height: 23px;\">28,5 \u2013 &lt;32,7<\/td>\n<td style=\"width: 16.122%; height: 23px;\">56 \u2013 &lt;64<\/td>\n<td style=\"width: 16.2309%; height: 23px;\">64,4 \u2013 &lt;73,6<\/td>\n<\/tr>\n<tr style=\"height: 23px;\">\n<td style=\"width: 16.6667%; height: 23px;\">12<\/td>\n<td style=\"width: 16.7756%; height: 23px;\"><strong><a href=\"https:\/\/weather-radar24.com\/pl\/hurrikan-tracker\/\">Huragan<\/a><\/strong><\/td>\n<td style=\"width: 16.3399%; height: 23px;\">\u2265 117<\/td>\n<td style=\"width: 16.2309%; height: 23px;\">\u2265 32,7<\/td>\n<td style=\"width: 16.122%; height: 23px;\">\u2265 64<\/td>\n<td style=\"width: 16.2309%; height: 23px;\">\u2265 73,6<\/td>\n<\/tr>\n<\/tbody>\n<\/table>\n<p class=\"p1\">The <a href=\"https:\/\/www.spc.noaa.gov\/faq\/tornado\/beaufort.html\" target=\"_blank\" rel=\"noopener\">Skala wiatru Beauforta<\/a> to skala stworzona przez wynalazc\u0119 o tej samej nazwie, na kt\u00f3rej mo\u017cna podzieli\u0107 nat\u0119\u017cenie wiatru na kategorie w oparciu o pr\u0119dko\u015b\u0107. Decyduj\u0105cym czynnikiem jest wp\u0142yw wiatru o okre\u015blonej pr\u0119dko\u015bci na otoczenie. Skala waha si\u0119 wi\u0119c od si\u0142y wiatru 0 \u2013 spok\u00f3j, przez si\u0142\u0119 wiatru 5 \u2013 \u015bwie\u017ca bryza, do si\u0142y wiatru 12 \u2013 huragan. Si\u0142\u0119 mo\u017cna r\u00f3wnie\u017c \u0142atwo obliczy\u0107: we\u017a pr\u0119dko\u015b\u0107 wiatru w w\u0119z\u0142ach plus 5 i podziel wynik przez 5.<\/p>\n<h3 class=\"p1\">Czy wiatr o sile 12 jest niebezpieczny?<\/h3>\n<p class=\"p1\">Force 12 jest uwa\u017cany za huragan w skali Beauforta. Wiatr ma pr\u0119dko\u015b\u0107 ponad 73 mil na godzin\u0119 i jest mocno zaznaczony na czerwono na radarze wiatrowym. Huragan mo\u017ce mie\u0107 niebezpieczne konsekwencje, poniewa\u017c wiatr mo\u017ce zrywa\u0107 ga\u0142\u0119zie z drzew, wyrywa\u0107 drzewa z korzeniami i rzuca\u0107 lu\u017anymi przedmiotami po ziemi. Mo\u017cliwe s\u0105 r\u00f3wnie\u017c uszkodzenia budynk\u00f3w lub problemy z prowadzeniem samochod\u00f3w z powodu burzy. Wiatry o sile 12 s\u0105 rzadkie, ale pozostawiaj\u0105 po sobie wielkie zniszczenia. Og\u00f3lnie zaleca si\u0119 ostro\u017cno\u015b\u0107 z kategorii 5, a od 10 nie nale\u017cy wychodzi\u0107 z domu, je\u015bli to mo\u017cliwe.<\/p>\n<h4 class=\"p1\">Streszczenie<\/h4>\n<p class=\"p1\">Wiatry to fascynuj\u0105ce zjawiska przyrodnicze, ale w zale\u017cno\u015bci od intensywno\u015bci mog\u0105 by\u0107 r\u00f3wnie\u017c niebezpieczne. Radar wiatrowy okre\u015bla pogod\u0119 za pomoc\u0105 sygna\u0142\u00f3w elektromagnetycznych i jest rejestrowany na cyfrowym radarze wiatrowym lub mapie wiatru. Mo\u017cliwe s\u0105 r\u00f3wnie\u017c prognozy, kt\u00f3re znasz z prognozy pogody. Skala Beauforta dzieli wiatry na kategorie i okre\u015bla potencjalne zagro\u017cenie dla \u015brodowiska na podstawie ich pr\u0119dko\u015bci. Je\u015bli mapa pogody pokazuje kolor czerwony, lepiej zosta\u0144 w domu.<\/p>","protected":false},"excerpt":{"rendered":"<p>Radar wiatrowy \u2013 pomiar si\u0142y i pr\u0119dko\u015bci wiatru W \u017cyciu codziennym spotykamy si\u0119 z silnymi i s\u0142abymi wiatrami. Jednak im silniejsza si\u0142a, tym bardziej niebezpieczne mog\u0105 si\u0119 sta\u0107. Radar wiatrowy w prosty spos\u00f3b pokazuje, jak silne wiatry wiej\u0105 iw jakim kierunku. Jak dzia\u0142a radar wiatrowy Cyfrowa mapa wiatru to\u2026&nbsp;<a href=\"https:\/\/weather-radar24.com\/pl\/radar-wiatrowy\/\" rel=\"bookmark\">Read More &raquo;<span class=\"screen-reader-text\">Radar wiatrowy<\/span><\/a><\/p>","protected":false},"author":1,"featured_media":105,"parent":0,"menu_order":0,"comment_status":"closed","ping_status":"closed","template":"","meta":{"neve_meta_sidebar":"","neve_meta_container":"","neve_meta_enable_content_width":"off","neve_meta_content_width":100,"neve_meta_title_alignment":"","neve_meta_author_avatar":"","neve_post_elements_order":"","neve_meta_disable_header":"","neve_meta_disable_footer":"","neve_meta_disable_title":"on","neve_meta_reading_time":"","footnotes":""},"class_list":["post-54","page","type-page","status-publish","has-post-thumbnail","hentry"],"yoast_head":"<!-- This site is optimized with the Yoast SEO plugin v26.6 - https:\/\/yoast.com\/wordpress\/plugins\/seo\/ -->\n<title>Wind radar - measure wind force and wind speed<\/title>\n<meta name=\"description\" content=\"Wind Radar - Track the current wind force and wind speed with live data and wind forecast for the next few days.\" \/>\n<meta name=\"robots\" content=\"index, follow, max-snippet:-1, max-image-preview:large, max-video-preview:-1\" \/>\n<link rel=\"canonical\" href=\"https:\/\/weather-radar24.com\/pl\/radar-wiatrowy\/\" \/>\n<meta property=\"og:locale\" content=\"pl_PL\" \/>\n<meta property=\"og:type\" content=\"article\" \/>\n<meta property=\"og:title\" content=\"Wind radar - measure wind force and wind speed\" \/>\n<meta property=\"og:description\" content=\"Wind Radar - Track the current wind force and wind speed with live data and wind forecast for the next few days.\" \/>\n<meta property=\"og:url\" content=\"https:\/\/weather-radar24.com\/pl\/radar-wiatrowy\/\" \/>\n<meta property=\"article:modified_time\" content=\"2022-09-07T15:52:46+00:00\" \/>\n<meta property=\"og:image\" content=\"https:\/\/weather-radar24.com\/wp-content\/uploads\/2022\/08\/Bildschirmfoto-2022-08-18-um-13.26.16.png\" \/>\n\t<meta property=\"og:image:width\" content=\"420\" \/>\n\t<meta property=\"og:image:height\" content=\"271\" \/>\n\t<meta property=\"og:image:type\" content=\"image\/png\" \/>\n<meta name=\"twitter:card\" content=\"summary_large_image\" \/>\n<meta name=\"twitter:label1\" content=\"Szacowany czas czytania\" \/>\n\t<meta name=\"twitter:data1\" content=\"5 minut\" \/>\n<script type=\"application\/ld+json\" class=\"yoast-schema-graph\">{\"@context\":\"https:\/\/schema.org\",\"@graph\":[{\"@type\":\"WebPage\",\"@id\":\"https:\/\/weather-radar24.com\/wind-radar\/\",\"url\":\"https:\/\/weather-radar24.com\/wind-radar\/\",\"name\":\"Wind radar - measure wind force and wind speed\",\"isPartOf\":{\"@id\":\"https:\/\/weather-radar24.com\/#website\"},\"primaryImageOfPage\":{\"@id\":\"https:\/\/weather-radar24.com\/wind-radar\/#primaryimage\"},\"image\":{\"@id\":\"https:\/\/weather-radar24.com\/wind-radar\/#primaryimage\"},\"thumbnailUrl\":\"https:\/\/weather-radar24.com\/wp-content\/uploads\/2022\/08\/Bildschirmfoto-2022-08-18-um-13.26.16.png\",\"datePublished\":\"2022-08-17T19:16:21+00:00\",\"dateModified\":\"2022-09-07T15:52:46+00:00\",\"description\":\"Wind Radar - Track the current wind force and wind speed with live data and wind forecast for the next few days.\",\"breadcrumb\":{\"@id\":\"https:\/\/weather-radar24.com\/wind-radar\/#breadcrumb\"},\"inLanguage\":\"pl-PL\",\"potentialAction\":[{\"@type\":\"ReadAction\",\"target\":[\"https:\/\/weather-radar24.com\/wind-radar\/\"]}]},{\"@type\":\"ImageObject\",\"inLanguage\":\"pl-PL\",\"@id\":\"https:\/\/weather-radar24.com\/wind-radar\/#primaryimage\",\"url\":\"https:\/\/weather-radar24.com\/wp-content\/uploads\/2022\/08\/Bildschirmfoto-2022-08-18-um-13.26.16.png\",\"contentUrl\":\"https:\/\/weather-radar24.com\/wp-content\/uploads\/2022\/08\/Bildschirmfoto-2022-08-18-um-13.26.16.png\",\"width\":420,\"height\":271,\"caption\":\"Wind radar\"},{\"@type\":\"BreadcrumbList\",\"@id\":\"https:\/\/weather-radar24.com\/wind-radar\/#breadcrumb\",\"itemListElement\":[{\"@type\":\"ListItem\",\"position\":1,\"name\":\"Startseite\",\"item\":\"https:\/\/weather-radar24.com\/\"},{\"@type\":\"ListItem\",\"position\":2,\"name\":\"Wind radar\"}]},{\"@type\":\"WebSite\",\"@id\":\"https:\/\/weather-radar24.com\/#website\",\"url\":\"https:\/\/weather-radar24.com\/\",\"name\":\"\",\"description\":\"\",\"potentialAction\":[{\"@type\":\"SearchAction\",\"target\":{\"@type\":\"EntryPoint\",\"urlTemplate\":\"https:\/\/weather-radar24.com\/?s={search_term_string}\"},\"query-input\":{\"@type\":\"PropertyValueSpecification\",\"valueRequired\":true,\"valueName\":\"search_term_string\"}}],\"inLanguage\":\"pl-PL\"}]}<\/script>\n<!-- \/ Yoast SEO plugin. -->","yoast_head_json":{"title":"Radar wiatrowy - mierz si\u0142\u0119 i pr\u0119dko\u015b\u0107 wiatru","description":"Radar wiatru \u2014 \u015bled\u017a aktualn\u0105 si\u0142\u0119 i pr\u0119dko\u015b\u0107 wiatru dzi\u0119ki aktualnym danym i prognozie wiatru na kilka nast\u0119pnych dni.","robots":{"index":"index","follow":"follow","max-snippet":"max-snippet:-1","max-image-preview":"max-image-preview:large","max-video-preview":"max-video-preview:-1"},"canonical":"https:\/\/weather-radar24.com\/pl\/radar-wiatrowy\/","og_locale":"pl_PL","og_type":"article","og_title":"Wind radar - measure wind force and wind speed","og_description":"Wind Radar - Track the current wind force and wind speed with live data and wind forecast for the next few days.","og_url":"https:\/\/weather-radar24.com\/pl\/radar-wiatrowy\/","article_modified_time":"2022-09-07T15:52:46+00:00","og_image":[{"width":420,"height":271,"url":"https:\/\/weather-radar24.com\/wp-content\/uploads\/2022\/08\/Bildschirmfoto-2022-08-18-um-13.26.16.png","type":"image\/png"}],"twitter_card":"summary_large_image","twitter_misc":{"Szacowany czas czytania":"5 minut"},"schema":{"@context":"https:\/\/schema.org","@graph":[{"@type":"WebPage","@id":"https:\/\/weather-radar24.com\/wind-radar\/","url":"https:\/\/weather-radar24.com\/wind-radar\/","name":"Radar wiatrowy - mierz si\u0142\u0119 i pr\u0119dko\u015b\u0107 wiatru","isPartOf":{"@id":"https:\/\/weather-radar24.com\/#website"},"primaryImageOfPage":{"@id":"https:\/\/weather-radar24.com\/wind-radar\/#primaryimage"},"image":{"@id":"https:\/\/weather-radar24.com\/wind-radar\/#primaryimage"},"thumbnailUrl":"https:\/\/weather-radar24.com\/wp-content\/uploads\/2022\/08\/Bildschirmfoto-2022-08-18-um-13.26.16.png","datePublished":"2022-08-17T19:16:21+00:00","dateModified":"2022-09-07T15:52:46+00:00","description":"Radar wiatru \u2014 \u015bled\u017a aktualn\u0105 si\u0142\u0119 i pr\u0119dko\u015b\u0107 wiatru dzi\u0119ki aktualnym danym i prognozie wiatru na kilka nast\u0119pnych dni.","breadcrumb":{"@id":"https:\/\/weather-radar24.com\/wind-radar\/#breadcrumb"},"inLanguage":"pl-PL","potentialAction":[{"@type":"ReadAction","target":["https:\/\/weather-radar24.com\/wind-radar\/"]}]},{"@type":"ImageObject","inLanguage":"pl-PL","@id":"https:\/\/weather-radar24.com\/wind-radar\/#primaryimage","url":"https:\/\/weather-radar24.com\/wp-content\/uploads\/2022\/08\/Bildschirmfoto-2022-08-18-um-13.26.16.png","contentUrl":"https:\/\/weather-radar24.com\/wp-content\/uploads\/2022\/08\/Bildschirmfoto-2022-08-18-um-13.26.16.png","width":420,"height":271,"caption":"Wind radar"},{"@type":"BreadcrumbList","@id":"https:\/\/weather-radar24.com\/wind-radar\/#breadcrumb","itemListElement":[{"@type":"ListItem","position":1,"name":"Startseite","item":"https:\/\/weather-radar24.com\/"},{"@type":"ListItem","position":2,"name":"Wind radar"}]},{"@type":"WebSite","@id":"https:\/\/weather-radar24.com\/#website","url":"https:\/\/weather-radar24.com\/","name":"","description":"","potentialAction":[{"@type":"SearchAction","target":{"@type":"EntryPoint","urlTemplate":"https:\/\/weather-radar24.com\/?s={search_term_string}"},"query-input":{"@type":"PropertyValueSpecification","valueRequired":true,"valueName":"search_term_string"}}],"inLanguage":"pl-PL"}]}},"_links":{"self":[{"href":"https:\/\/weather-radar24.com\/pl\/wp-json\/wp\/v2\/pages\/54","targetHints":{"allow":["GET"]}}],"collection":[{"href":"https:\/\/weather-radar24.com\/pl\/wp-json\/wp\/v2\/pages"}],"about":[{"href":"https:\/\/weather-radar24.com\/pl\/wp-json\/wp\/v2\/types\/page"}],"author":[{"embeddable":true,"href":"https:\/\/weather-radar24.com\/pl\/wp-json\/wp\/v2\/users\/1"}],"replies":[{"embeddable":true,"href":"https:\/\/weather-radar24.com\/pl\/wp-json\/wp\/v2\/comments?post=54"}],"version-history":[{"count":10,"href":"https:\/\/weather-radar24.com\/pl\/wp-json\/wp\/v2\/pages\/54\/revisions"}],"predecessor-version":[{"id":212,"href":"https:\/\/weather-radar24.com\/pl\/wp-json\/wp\/v2\/pages\/54\/revisions\/212"}],"wp:featuredmedia":[{"embeddable":true,"href":"https:\/\/weather-radar24.com\/pl\/wp-json\/wp\/v2\/media\/105"}],"wp:attachment":[{"href":"https:\/\/weather-radar24.com\/pl\/wp-json\/wp\/v2\/media?parent=54"}],"curies":[{"name":"wp","href":"https:\/\/api.w.org\/{rel}","templated":true}]}}