{"id":83,"date":"2022-08-19T19:55:15","date_gmt":"2022-08-19T17:55:15","guid":{"rendered":"https:\/\/weather-radar24.com\/?page_id=83"},"modified":"2022-08-19T21:41:25","modified_gmt":"2022-08-19T19:41:25","slug":"satellite-map","status":"publish","type":"page","link":"https:\/\/weather-radar24.com\/pl\/mapa-satelitarna\/","title":{"rendered":"Mapa satelitarna"},"content":{"rendered":"<h1 class=\"p1\"><b>Mapa satelitarna \u2013 ogl\u0105daj satelity przez ca\u0142\u0105 dob\u0119 w czasie rzeczywistym!<\/b><\/h1>\n<p><img loading=\"lazy\" decoding=\"async\" class=\"aligncenter wp-image-132 size-full\" src=\"https:\/\/weather-radar24.com\/wp-content\/uploads\/2022\/08\/satellite-g443ef3dfb_640.jpeg\" alt=\"Mapa satelitarna\" width=\"640\" height=\"423\" srcset=\"https:\/\/weather-radar24.com\/wp-content\/uploads\/2022\/08\/satellite-g443ef3dfb_640.jpeg 640w, https:\/\/weather-radar24.com\/wp-content\/uploads\/2022\/08\/satellite-g443ef3dfb_640-300x198.jpeg 300w\" sizes=\"auto, (max-width: 640px) 100vw, 640px\" \/><\/p>\n<p class=\"p1\">W pogodn\u0105 noc po niebie porusza si\u0119 wiele sztucznych satelit\u00f3w. Wygl\u0105daj\u0105 jak wolno poruszaj\u0105ce si\u0119 gwiazdy i jasno mieni\u0105 si\u0119. Zwykle przej\u015bcie od horyzontu do horyzontu zajmuje \u015brednio 10 minut. Mi\u0119dzynarodowa Stacja Kosmiczna (ISS) i Teleskop Kosmiczny Hubble&#039;a nale\u017c\u0105 do najbardziej znanych obiekt\u00f3w kr\u0105\u017c\u0105cych wok\u00f3\u0142 Ziemi. Je\u015bli uwa\u017cnie przestudiujesz niebo o \u015bwicie lub o zmierzchu, prawdopodobnie nie b\u0119dziesz musia\u0142 czeka\u0107 d\u0142u\u017cej ni\u017c 15 minut, aby zobaczy\u0107 jeden z ponad 35 000 satelit\u00f3w kr\u0105\u017c\u0105cych wok\u00f3\u0142 Ziemi.<\/p>\n<h2 class=\"p1\">Jak mo\u017cna obserwowa\u0107 satelity?<\/h2>\n<p class=\"p1\">W rzeczywisto\u015bci wi\u0119kszo\u015b\u0107 obiekt\u00f3w na orbicie Ziemi jest zbyt ma\u0142ych, aby mo\u017cna je by\u0142o zobaczy\u0107 go\u0142ym okiem. Zw\u0142aszcza je\u015bli to szcz\u0105tki. Niemniej jednak istnieje kilkaset obiekt\u00f3w, kt\u00f3re mo\u017cna zobaczy\u0107 bez dodatkowych pomocy optycznych. Dotyczy to satelit\u00f3w, kt\u00f3re maj\u0105 co najmniej 6 metr\u00f3w wysoko\u015bci i kr\u0105\u017c\u0105 wok\u00f3\u0142 Ziemi na wysoko\u015bci od oko\u0142o 160 km do 650 km.<\/p>\n<p class=\"p1\">Satelity nie maj\u0105 zewn\u0119trznego o\u015bwietlenia. Aby zobaczy\u0107 jeden z tych obiekt\u00f3w, satelita musi odbija\u0107 \u015bwiat\u0142o s\u0142oneczne. Niekt\u00f3re z tych lataj\u0105cych obiekt\u00f3w maj\u0105 szereg paneli s\u0142onecznych, wi\u0119c s\u0105 szczeg\u00f3lnie \u0142atwe do zauwa\u017cenia, poniewa\u017c \u015bwiat\u0142o jest odbijane. Opr\u00f3cz zapewnienia wszelkiego rodzaju kana\u0142\u00f3w komunikacji, s\u0142u\u017c\u0105 r\u00f3wnie\u017c do: <a href=\"https:\/\/weather-radar24.com\/pl\/\">Prognoza pogody<\/a>.<\/p>\n<h2 class=\"p1\">Jakie s\u0105 satelity?<\/h2>\n<p class=\"p1\">Istniej\u0105 dwa rodzaje satelit\u00f3w: orbitowanie geostacjonarne i polarne. Te ostatnie znane s\u0105 z latania na niskich wysoko\u015bciach. Cz\u0119sto okr\u0105\u017caj\u0105 nasz\u0105 planet\u0119 w ci\u0105gu 100 minut. Takie satelity s\u0105 w drodze, aby sfotografowa\u0107 Ziemi\u0119 lub wykona\u0107 inne pomiary.<\/p>\n<p class=\"p1\">Niestety, statki kr\u0105\u017c\u0105ce wok\u00f3\u0142 biegun\u00f3w nie pozwalaj\u0105 na ci\u0105g\u0142\u0105 obserwacj\u0119. Znacznie lepsze warunki oferuj\u0105 tu obiekty geostacjonarne. Maj\u0105 tak\u0105 sam\u0105 pr\u0119dko\u015b\u0107, jak obr\u00f3t Ziemi. Poniewa\u017c te satelity unosz\u0105 si\u0119 w okre\u015blonym obszarze, mo\u017cna je obserwowa\u0107 w spos\u00f3b ci\u0105g\u0142y.<\/p>\n<h3 class=\"p1\">Czy satelity mo\u017cna zobaczy\u0107 go\u0142ym okiem?<\/h3>\n<p class=\"p1\">Ze wzgl\u0119du na swoje orbity nisko lataj\u0105ce obiekty maj\u0105 precyzyjne okno czasowe, w kt\u00f3rym mijaj\u0105 miejsce obserwacji. Przez reszt\u0119 czasu s\u0105 poni\u017cej horyzontu i dlatego nie s\u0105 widoczne.<\/p>\n<p class=\"p1\">Niestety obserwacji nie mo\u017cna planowa\u0107 wy\u0142\u0105cznie w zale\u017cno\u015bci od up\u0142ywaj\u0105cego czasu, poniewa\u017c nale\u017cy r\u00f3wnie\u017c wzi\u0105\u0107 pod uwag\u0119 o\u015bwietlenie obiektu lataj\u0105cego. Aby doskonale widzie\u0107 satelit\u0119, obserwator musi by\u0107 w ciemno\u015bci, a satelita w \u015bwietle. Z tego powodu czasy tu\u017c przed wschodem lub zachodem s\u0142o\u0144ca s\u0105 szczeg\u00f3lnie odpowiednie. ISS mo\u017cna zobaczy\u0107 bez pomocy optycznych. Idealnie jest by\u0107 z dala od zak\u0142\u00f3caj\u0105cych \u017ar\u00f3de\u0142 \u015bwiat\u0142a. Oczywi\u015bcie bezchmurne niebo u\u0142atwia obserwacj\u0119.<\/p>\n<h2 class=\"p1\">Jak obserwowa\u0107 satelity Starlink SpaceX?<\/h2>\n<p class=\"p1\">Aby zapewni\u0107 tani odbi\u00f3r Internetu na ca\u0142ym \u015bwiecie, SpaceX planuje w pierwszym etapie rozbudowy sie\u0107 ponad 12000 satelit\u00f3w Starlink. Obecnie oko\u0142o 2000 takich statk\u00f3w kosmicznych kr\u0105\u017cy wok\u00f3\u0142 Ziemi na wysoko\u015bciach od 440 do 550 kilometr\u00f3w. Poruszaj\u0105c si\u0119 po nocnym niebie, te stworzone przez cz\u0142owieka statki organizuj\u0105 spektakularny pokaz nieba dla obserwator\u00f3w na Ziemi.<\/p>\n<p class=\"p1\">Satelity SpaceX Starlink wygl\u0105daj\u0105 jak poci\u0105g na firmamencie, gdy poruszaj\u0105 si\u0119 w linii prostej po niebie. Obecnie obiekty kr\u0105\u017c\u0105 wok\u00f3\u0142 Ziemi w 90-minutowych odst\u0119pach. S\u0105 do\u015b\u0107 widoczne go\u0142ym okiem i stanowi\u0105 spektakularny widok, je\u015bli wiesz, gdzie ich szuka\u0107. Aby wyszuka\u0107 Starlink na niebie, zalecana jest aplikacja Satellite Tracker (https:\/\/vitotechnology.com\/apps\/satellite-tracker).<\/p>\n<h2 class=\"p1\">\u015aled\u017a satelity Starlink z SpaceX na \u017cywo<\/h2>\n<p class=\"p1\">Tutaj mo\u017cesz \u015bledzi\u0107 satelity Starlink w czasie rzeczywistym przez ca\u0142\u0105 dob\u0119.<\/p>\n<p><iframe loading=\"lazy\" style=\"border: 0px #ffffff none;\" src=\"https:\/\/findstarlink.com\/#2924625;3\" name=\"myiFrame\" width=\"1300px\" height=\"580px\" frameborder=\"1\" marginwidth=\"0px\" marginheight=\"0px\" scrolling=\"no\" allowfullscreen=\"allowfullscreen\"><\/iframe><\/p>\n<h3 class=\"p1\">Ile satelit\u00f3w ma obecnie Starlink?<\/h3>\n<p class=\"p1\">Pierwszego wrze\u015bnia 2021 r. SpaceX poinformowa\u0142, \u017ce oko\u0142o 4500 satelit\u00f3w jest online. Jednak z powodu burzy s\u0142onecznej oko\u0142o 50 tych statk\u00f3w wypad\u0142o z orbity. Satelita Starlink wa\u017cy oko\u0142o 260 kg i jest wielko\u015bci sto\u0142u. Podczas jednego startu rakieta Falcom-9 przenosi na orbit\u0119 oko\u0142o 60 satelit\u00f3w.<\/p>\n<p class=\"p1\">Wi\u0119kszo\u015b\u0107 tych sztucznych statk\u00f3w kosmicznych jest wykorzystywana do szerokopasmowego po\u0142\u0105czenia z Internetem. Naczynia odbiorcze dla po\u0142\u0105czenia Starlink s\u0105 obecnie dost\u0119pne w USA i Kanadzie. Dla przysz\u0142ych pokole\u0144 planowane s\u0105 wysoko\u015bci lotu od 560 do 720 kilometr\u00f3w.<\/p>\n<h2 class=\"p1\"><strong>Kiedy i gdzie mo\u017cna zobaczy\u0107 ISS?<\/strong><\/h2>\n<p class=\"p1\">Mi\u0119dzynarodowa Stacja Kosmiczna (ISS) to lataj\u0105ce laboratorium obs\u0142ugiwane przez wiele kraj\u00f3w. Stacja leci na wysoko\u015bci oko\u0142o 400 kilometr\u00f3w i jest dobrze widoczna z Ziemi. Du\u017ca struktura odbija wpadaj\u0105ce \u015bwiat\u0142o s\u0142oneczne i pojawia si\u0119 jako jasny, jasny punkt \u015bwietlny na niebie. Wed\u0142ug NASA ISS jest najja\u015bniejszym obiektem na nocnym niebie obok Ksi\u0119\u017cyca i mo\u017cna go nawet obserwowa\u0107 w mie\u015bcie.<\/p>\n<p class=\"p1\">Co wi\u0119cej, ISS jest \u015bwietnym obiektem obserwacyjnym dla ludzi na obszarach wiejskich. Dostrze\u017cenie stacji kosmicznej nie wymaga specjalnego sprz\u0119tu, co wida\u0107 go\u0142ym okiem. Musisz tylko wiedzie\u0107, gdzie go szuka\u0107.<\/p>\n<p class=\"p1\">ISS porusza si\u0119 z pr\u0119dko\u015bci\u0105 28000 km\/h i wykonuje 16 okr\u0105\u017ce\u0144 Ziemi dziennie. Stacja kosmiczna jest widoczna, poniewa\u017c odbija \u015bwiat\u0142o s\u0142oneczne. W dzie\u0144 jest zbyt jasno; najlepsze czasy obserwacji to \u015bwit i zmierzch.<\/p>\n<h2 class=\"p1\">Aktualna pozycja na \u017cywo ISS<\/h2>\n<p class=\"p1\">Ta mapa satelitarna pokazuje dok\u0142adnie po\u0142o\u017cenie i wysoko\u015b\u0107 Mi\u0119dzynarodowej Stacji Kosmicznej. ISS jest jednym z naj\u0142atwiejszych obiekt\u00f3w do obserwacji na nocnym niebie. Je\u015bli chcesz dok\u0142adnie wiedzie\u0107, gdzie znajduje si\u0119 stacja kosmiczna, powiniene\u015b u\u017cy\u0107 radaru satelitarnego.<\/p>\n<p class=\"p1\">Wirtualn\u0105 wycieczk\u0119 po stacji kosmicznej ISS mo\u017cna znale\u017a\u0107 <a href=\"https:\/\/esamultimedia.esa.int\/multimedia\/virtual-tour-iss\/\" target=\"_blank\" rel=\"noopener\">tutaj<\/a>.<\/p>\n<p class=\"p1\">Tutaj mo\u017cesz zobaczy\u0107 aktualn\u0105 pozycj\u0119 Mi\u0119dzynarodowej Stacji Kosmicznej (ISS) w czasie rzeczywistym.<\/p>\n<p><iframe loading=\"lazy\" style=\"border: 0px #ffffff none;\" src=\"https:\/\/www.lizard-tail.com\/isana\/tracking\/\" name=\"myiFrame\" width=\"1300px\" height=\"580px\" frameborder=\"1\" marginwidth=\"0px\" marginheight=\"0px\" scrolling=\"no\" allowfullscreen=\"allowfullscreen\"><\/iframe><\/p>\n<h3 class=\"p1\">Kt\u00f3ry satelita jest najdalej od Ziemi?<\/h3>\n<p class=\"p1\">Najdalej od Ziemi statek kosmiczny to Voyager 1, kt\u00f3ry opu\u015bci\u0142 nasz Uk\u0142ad S\u0142oneczny w odleg\u0142o\u015bci oko\u0142o 23 miliard\u00f3w kilometr\u00f3w. Za nim pod\u0105\u017ca Voyager 2, kt\u00f3ry przejecha\u0142 ju\u017c 14 miliard\u00f3w kilometr\u00f3w. Te statki kosmiczne s\u0105 poza zasi\u0119giem instrument\u00f3w optycznych. New Horizon to kolejny statek kosmiczny, kt\u00f3ry opu\u015bci nasz Uk\u0142ad S\u0142oneczny.<\/p>\n<p class=\"p1\">The <a href=\"https:\/\/webb.nasa.gov\/\" target=\"_blank\" rel=\"noopener\">Teleskop kosmiczny Jamesa-Webba<\/a> r\u00f3\u017cni si\u0119 r\u00f3wnie\u017c od innych statk\u00f3w kosmicznych. Wed\u0142ug NASA teleskop Hubble&#039;a kr\u0105\u017cy wok\u00f3\u0142 Ziemi w odleg\u0142o\u015bci oko\u0142o 570 kilometr\u00f3w nad powierzchni\u0105 planety. Teleskop Jamesa-Webba znajduje si\u0119 znacznie dalej od Ziemi ni\u017c Hubble czy inne satelity. Najnowszy teleskop NASA dzia\u0142a na orbicie w odleg\u0142o\u015bci 1,5 miliona kilometr\u00f3w od Ziemi.<\/p>\n<h2 class=\"p1\">Aktualna pozycja Voyagera 1<\/h2>\n<p class=\"p1\">Voyager 1 to statek kosmiczny NASA i najbardziej odleg\u0142y obiekt od Ziemi, jest to pierwszy statek kosmiczny, kt\u00f3ry dotar\u0142 do przestrzeni mi\u0119dzygwiezdnej.<\/p>\n<p><iframe loading=\"lazy\" style=\"border: 0px #ffffff none;\" src=\"https:\/\/eyes.nasa.gov\/apps\/orrery\/#\/sc_voyager_1\" name=\"myiFrame\" width=\"1300px\" height=\"580px\" frameborder=\"1\" marginwidth=\"0px\" marginheight=\"0px\" scrolling=\"no\" allowfullscreen=\"allowfullscreen\"><span data-mce-type=\"bookmark\" style=\"display: inline-block; width: 0px; overflow: hidden; line-height: 0;\" class=\"mce_SELRES_start\"><\/span><\/iframe><br \/>\n\u0179r\u00f3d\u0142o: NASA\/JPL-Caltech<\/p>","protected":false},"excerpt":{"rendered":"<p>Mapa satelitarna \u2013 ogl\u0105daj satelity przez ca\u0142\u0105 dob\u0119 w czasie rzeczywistym! W pogodn\u0105 noc po niebie porusza si\u0119 wiele sztucznych satelit\u00f3w. Wygl\u0105daj\u0105 jak wolno poruszaj\u0105ce si\u0119 gwiazdy i jasno mieni\u0105 si\u0119. Zwykle przej\u015bcie od horyzontu do horyzontu zajmuje \u015brednio 10 minut. Mi\u0119dzynarodowa Stacja Kosmiczna (ISS) i Kosmiczny Teleskop Hubble&#039;a to\u2026&nbsp;<a href=\"https:\/\/weather-radar24.com\/pl\/mapa-satelitarna\/\" rel=\"bookmark\">Read More &raquo;<span class=\"screen-reader-text\">Mapa satelitarna<\/span><\/a><\/p>","protected":false},"author":1,"featured_media":132,"parent":0,"menu_order":0,"comment_status":"closed","ping_status":"closed","template":"","meta":{"neve_meta_sidebar":"","neve_meta_container":"","neve_meta_enable_content_width":"off","neve_meta_content_width":100,"neve_meta_title_alignment":"","neve_meta_author_avatar":"","neve_post_elements_order":"","neve_meta_disable_header":"","neve_meta_disable_footer":"","neve_meta_disable_title":"on","neve_meta_reading_time":"","footnotes":""},"class_list":["post-83","page","type-page","status-publish","has-post-thumbnail","hentry"],"yoast_head":"<!-- This site is optimized with the Yoast SEO plugin v27.3 - https:\/\/yoast.com\/product\/yoast-seo-wordpress\/ -->\n<title>Satellite Map - watch satellites around the clock in real-time!<\/title>\n<meta name=\"description\" content=\"This satellite Map shows the exact position and altitude of the International Space Station (ISS) and Starlink satellites from SpaceX\" \/>\n<meta name=\"robots\" content=\"index, follow, max-snippet:-1, max-image-preview:large, max-video-preview:-1\" \/>\n<link rel=\"canonical\" href=\"https:\/\/weather-radar24.com\/pl\/mapa-satelitarna\/\" \/>\n<meta property=\"og:locale\" content=\"pl_PL\" \/>\n<meta property=\"og:type\" content=\"article\" \/>\n<meta property=\"og:title\" content=\"Satellite Map - watch satellites around the clock in real-time!\" \/>\n<meta property=\"og:description\" content=\"This satellite Map shows the exact position and altitude of the International Space Station (ISS) and Starlink satellites from SpaceX\" \/>\n<meta property=\"og:url\" content=\"https:\/\/weather-radar24.com\/pl\/mapa-satelitarna\/\" \/>\n<meta property=\"article:modified_time\" content=\"2022-08-19T19:41:25+00:00\" \/>\n<meta property=\"og:image\" content=\"https:\/\/weather-radar24.com\/wp-content\/uploads\/2022\/08\/satellite-g443ef3dfb_640.jpeg\" \/>\n\t<meta property=\"og:image:width\" content=\"640\" \/>\n\t<meta property=\"og:image:height\" content=\"423\" \/>\n\t<meta property=\"og:image:type\" content=\"image\/jpeg\" \/>\n<meta name=\"twitter:card\" content=\"summary_large_image\" \/>\n<meta name=\"twitter:label1\" content=\"Szacowany czas czytania\" \/>\n\t<meta name=\"twitter:data1\" content=\"7 minut\" \/>\n<script type=\"application\/ld+json\" class=\"yoast-schema-graph\">{\"@context\":\"https:\\\/\\\/schema.org\",\"@graph\":[{\"@type\":\"WebPage\",\"@id\":\"https:\\\/\\\/weather-radar24.com\\\/satellite-map\\\/\",\"url\":\"https:\\\/\\\/weather-radar24.com\\\/satellite-map\\\/\",\"name\":\"Satellite Map - watch satellites around the clock in real-time!\",\"isPartOf\":{\"@id\":\"https:\\\/\\\/weather-radar24.com\\\/#website\"},\"primaryImageOfPage\":{\"@id\":\"https:\\\/\\\/weather-radar24.com\\\/satellite-map\\\/#primaryimage\"},\"image\":{\"@id\":\"https:\\\/\\\/weather-radar24.com\\\/satellite-map\\\/#primaryimage\"},\"thumbnailUrl\":\"https:\\\/\\\/weather-radar24.com\\\/wp-content\\\/uploads\\\/2022\\\/08\\\/satellite-g443ef3dfb_640.jpeg\",\"datePublished\":\"2022-08-19T17:55:15+00:00\",\"dateModified\":\"2022-08-19T19:41:25+00:00\",\"description\":\"This satellite Map shows the exact position and altitude of the International Space Station (ISS) and Starlink satellites from SpaceX\",\"breadcrumb\":{\"@id\":\"https:\\\/\\\/weather-radar24.com\\\/satellite-map\\\/#breadcrumb\"},\"inLanguage\":\"pl-PL\",\"potentialAction\":[{\"@type\":\"ReadAction\",\"target\":[\"https:\\\/\\\/weather-radar24.com\\\/satellite-map\\\/\"]}]},{\"@type\":\"ImageObject\",\"inLanguage\":\"pl-PL\",\"@id\":\"https:\\\/\\\/weather-radar24.com\\\/satellite-map\\\/#primaryimage\",\"url\":\"https:\\\/\\\/weather-radar24.com\\\/wp-content\\\/uploads\\\/2022\\\/08\\\/satellite-g443ef3dfb_640.jpeg\",\"contentUrl\":\"https:\\\/\\\/weather-radar24.com\\\/wp-content\\\/uploads\\\/2022\\\/08\\\/satellite-g443ef3dfb_640.jpeg\",\"width\":640,\"height\":423,\"caption\":\"Satellite Map\"},{\"@type\":\"BreadcrumbList\",\"@id\":\"https:\\\/\\\/weather-radar24.com\\\/satellite-map\\\/#breadcrumb\",\"itemListElement\":[{\"@type\":\"ListItem\",\"position\":1,\"name\":\"Startseite\",\"item\":\"https:\\\/\\\/weather-radar24.com\\\/\"},{\"@type\":\"ListItem\",\"position\":2,\"name\":\"Satellite Map\"}]},{\"@type\":\"WebSite\",\"@id\":\"https:\\\/\\\/weather-radar24.com\\\/#website\",\"url\":\"https:\\\/\\\/weather-radar24.com\\\/\",\"name\":\"\",\"description\":\"\",\"potentialAction\":[{\"@type\":\"SearchAction\",\"target\":{\"@type\":\"EntryPoint\",\"urlTemplate\":\"https:\\\/\\\/weather-radar24.com\\\/?s={search_term_string}\"},\"query-input\":{\"@type\":\"PropertyValueSpecification\",\"valueRequired\":true,\"valueName\":\"search_term_string\"}}],\"inLanguage\":\"pl-PL\"}]}<\/script>\n<!-- \/ Yoast SEO plugin. -->","yoast_head_json":{"title":"Mapa satelitarna - ogl\u0105daj satelity przez ca\u0142\u0105 dob\u0119 w czasie rzeczywistym!","description":"Ta mapa satelitarna pokazuje dok\u0142adn\u0105 pozycj\u0119 i wysoko\u015b\u0107 Mi\u0119dzynarodowej Stacji Kosmicznej (ISS) i satelit\u00f3w Starlink od SpaceX","robots":{"index":"index","follow":"follow","max-snippet":"max-snippet:-1","max-image-preview":"max-image-preview:large","max-video-preview":"max-video-preview:-1"},"canonical":"https:\/\/weather-radar24.com\/pl\/mapa-satelitarna\/","og_locale":"pl_PL","og_type":"article","og_title":"Satellite Map - watch satellites around the clock in real-time!","og_description":"This satellite Map shows the exact position and altitude of the International Space Station (ISS) and Starlink satellites from SpaceX","og_url":"https:\/\/weather-radar24.com\/pl\/mapa-satelitarna\/","article_modified_time":"2022-08-19T19:41:25+00:00","og_image":[{"width":640,"height":423,"url":"https:\/\/weather-radar24.com\/wp-content\/uploads\/2022\/08\/satellite-g443ef3dfb_640.jpeg","type":"image\/jpeg"}],"twitter_card":"summary_large_image","twitter_misc":{"Szacowany czas czytania":"7 minut"},"schema":{"@context":"https:\/\/schema.org","@graph":[{"@type":"WebPage","@id":"https:\/\/weather-radar24.com\/satellite-map\/","url":"https:\/\/weather-radar24.com\/satellite-map\/","name":"Mapa satelitarna - ogl\u0105daj satelity przez ca\u0142\u0105 dob\u0119 w czasie rzeczywistym!","isPartOf":{"@id":"https:\/\/weather-radar24.com\/#website"},"primaryImageOfPage":{"@id":"https:\/\/weather-radar24.com\/satellite-map\/#primaryimage"},"image":{"@id":"https:\/\/weather-radar24.com\/satellite-map\/#primaryimage"},"thumbnailUrl":"https:\/\/weather-radar24.com\/wp-content\/uploads\/2022\/08\/satellite-g443ef3dfb_640.jpeg","datePublished":"2022-08-19T17:55:15+00:00","dateModified":"2022-08-19T19:41:25+00:00","description":"Ta mapa satelitarna pokazuje dok\u0142adn\u0105 pozycj\u0119 i wysoko\u015b\u0107 Mi\u0119dzynarodowej Stacji Kosmicznej (ISS) i satelit\u00f3w Starlink od SpaceX","breadcrumb":{"@id":"https:\/\/weather-radar24.com\/satellite-map\/#breadcrumb"},"inLanguage":"pl-PL","potentialAction":[{"@type":"ReadAction","target":["https:\/\/weather-radar24.com\/satellite-map\/"]}]},{"@type":"ImageObject","inLanguage":"pl-PL","@id":"https:\/\/weather-radar24.com\/satellite-map\/#primaryimage","url":"https:\/\/weather-radar24.com\/wp-content\/uploads\/2022\/08\/satellite-g443ef3dfb_640.jpeg","contentUrl":"https:\/\/weather-radar24.com\/wp-content\/uploads\/2022\/08\/satellite-g443ef3dfb_640.jpeg","width":640,"height":423,"caption":"Satellite Map"},{"@type":"BreadcrumbList","@id":"https:\/\/weather-radar24.com\/satellite-map\/#breadcrumb","itemListElement":[{"@type":"ListItem","position":1,"name":"Startseite","item":"https:\/\/weather-radar24.com\/"},{"@type":"ListItem","position":2,"name":"Satellite Map"}]},{"@type":"WebSite","@id":"https:\/\/weather-radar24.com\/#website","url":"https:\/\/weather-radar24.com\/","name":"","description":"","potentialAction":[{"@type":"SearchAction","target":{"@type":"EntryPoint","urlTemplate":"https:\/\/weather-radar24.com\/?s={search_term_string}"},"query-input":{"@type":"PropertyValueSpecification","valueRequired":true,"valueName":"search_term_string"}}],"inLanguage":"pl-PL"}]}},"_links":{"self":[{"href":"https:\/\/weather-radar24.com\/pl\/wp-json\/wp\/v2\/pages\/83","targetHints":{"allow":["GET"]}}],"collection":[{"href":"https:\/\/weather-radar24.com\/pl\/wp-json\/wp\/v2\/pages"}],"about":[{"href":"https:\/\/weather-radar24.com\/pl\/wp-json\/wp\/v2\/types\/page"}],"author":[{"embeddable":true,"href":"https:\/\/weather-radar24.com\/pl\/wp-json\/wp\/v2\/users\/1"}],"replies":[{"embeddable":true,"href":"https:\/\/weather-radar24.com\/pl\/wp-json\/wp\/v2\/comments?post=83"}],"version-history":[{"count":5,"href":"https:\/\/weather-radar24.com\/pl\/wp-json\/wp\/v2\/pages\/83\/revisions"}],"predecessor-version":[{"id":134,"href":"https:\/\/weather-radar24.com\/pl\/wp-json\/wp\/v2\/pages\/83\/revisions\/134"}],"wp:featuredmedia":[{"embeddable":true,"href":"https:\/\/weather-radar24.com\/pl\/wp-json\/wp\/v2\/media\/132"}],"wp:attachment":[{"href":"https:\/\/weather-radar24.com\/pl\/wp-json\/wp\/v2\/media?parent=83"}],"curies":[{"name":"wp","href":"https:\/\/api.w.org\/{rel}","templated":true}]}}