{"id":86,"date":"2022-08-19T01:26:27","date_gmt":"2022-08-18T23:26:27","guid":{"rendered":"https:\/\/weather-radar24.com\/?page_id=86"},"modified":"2026-04-11T13:16:43","modified_gmt":"2026-04-11T11:16:43","slug":"hurricane-tracker","status":"publish","type":"page","link":"https:\/\/weather-radar24.com\/pl\/hurrikan-tracker\/","title":{"rendered":"\u015aledzenie huraganu"},"content":{"rendered":"<h1>Hurricane Tracker mapa na \u017cywo<\/h1>\n<p>Czy zastanawia\u0142e\u015b si\u0119 kiedy\u015b, gdzie s\u0105 najnowsze huragany, jak du\u017ce lub silne mog\u0105 by\u0107 i w jakim kierunku si\u0119 poruszaj\u0105? Je\u015bli zastanawia\u0142e\u015b si\u0119 nad tym, nasze wyj\u0105tkowe, bezp\u0142atne narz\u0119dzie do \u015bledzenia huragan\u00f3w mo\u017ce by\u0107 w\u0142a\u015bnie opcj\u0105, kt\u00f3rej potrzebujesz. Zapewnia proste rozwi\u0105zanie do \u015bledzenia najwi\u0119kszych i najniebezpieczniejszych <a href=\"https:\/\/weather-radar24.com\/pl\/radar-burzowy\/\">obecne burze<\/a> i huragany!<\/p>\n<div id=\"windy-hurricane-box\" style=\"max-width:1000px;margin:20px auto;padding:24px;border:1px solid #dcdcdc;border-radius:12px;background:#eff6ff;text-align:center;font-family:Arial,sans-serif;\">\n<h3 style=\"margin:0 0 10px 0;font-size:26px;color:#1e3a8a;\">\n    \ud83c\udf00 Hurricane Tracker Live Map<br \/>\n  <\/h3>\n<p style=\"margin:0 0 18px 0;font-size:16px;line-height:1.5;color:#4b5563;\">\n    Track hurricanes and tropical storms in real-time using live wind data.\n  <\/p>\n<p>  <button onclick=\"loadWindyHurricane()\" style=\"background:#1d4ed8;color:#ffffff;border:none;padding:14px 26px;font-size:16px;font-weight:700;border-radius:8px;cursor:pointer;\"><br \/>\n    Load Hurricane Tracker<br \/>\n  <\/button><\/p>\n<p style=\"margin:14px 0 0 0;font-size:13px;color:#6b7280;\">\n    Move the map to track storms. Data provided by Windy.com.\n  <\/p>\n<\/div>\n<p><script>\nfunction loadWindyHurricane() {\n  document.getElementById('windy-hurricane-box').innerHTML =\n    '<iframe loading=\"lazy\" src=\"https:\/\/embed.windy.com\/embed2.html?lat=36.161&#038;lon=-98.080&#038;detailLat=36.161&#038;detailLon=-98.080&#038;width=650&#038;height=450&#038;zoom=4&#038;level=surface&#038;overlay=wind&#038;product=ecmwf&#038;menu=&#038;message=true&#038;marker=&#038;calendar=24&#038;pressure=&#038;type=map&#038;location=coordinates&#038;detail=&#038;metricWind=mph&#038;metricTemp=%C2%B0F&#038;radarRange=-1\" width=\"100%\" height=\"600\" frameborder=\"0\" style=\"border:0;border-radius:12px;\"><\/iframe>';\n}\n<\/script><\/p>\n<h3>Ryzyko tropikalnych cyklon\u00f3w Atlantyku<\/h3>\n<p><img loading=\"lazy\" decoding=\"async\" class=\"aligncenter\" src=\"https:\/\/www.nhc.noaa.gov\/xgtwo\/two_atl_0d0.png?021757\" alt=\"\" width=\"900\" height=\"601\" \/><\/p>\n<h3>Ryzyko cyklon\u00f3w tropikalnych na wschodnim Pacyfiku<\/h3>\n<p><img loading=\"lazy\" decoding=\"async\" class=\"aligncenter\" src=\"https:\/\/www.nhc.noaa.gov\/xgtwo\/two_pac_0d0.png?021743\" alt=\"\" width=\"900\" height=\"601\" \/><\/p>\n<h3>Ryzyko burzy tropikalnej na Oceanie Indyjskim<\/h3>\n<p><img loading=\"lazy\" decoding=\"async\" class=\"alignnone\" src=\"https:\/\/www.metoc.navy.mil\/jtwc\/products\/abpwsair.jpg\" alt=\"Prognoza pogody tropikalnej na Oceanie Indyjskim od JTWC\" width=\"2100\" height=\"1500\" \/><\/p>\n<h2 class=\"p4\">Czym jest huragan?<span class=\"Apple-converted-space\">\u00a0<\/span><\/h2>\n<p class=\"p5\">W najprostszym uj\u0119ciu huragan to system burzowy, kt\u00f3ry szybko obraca si\u0119 wok\u00f3\u0142 centralnego punktu, cz\u0119sto nazywanego \u201eokiem burzy\u201d. Podczas huraganu, intensywny <a href=\"https:\/\/weather-radar24.com\/pl\/radar-wiatrowy\/\">wiatr<\/a> pr\u0119dko\u015bciom cz\u0119sto towarzyszy s\u0142aba cyrkulacja atmosferyczna i burze.<span class=\"Apple-converted-space\">\u00a0<\/span><\/p>\n<h2 class=\"p6\">Najgorszy 21<span class=\"s2\"><sup>st<\/sup><\/span> Globalne huragany stulecia<\/h2>\n<p class=\"p5\">Huragany maj\u0105 r\u00f3\u017cne nasilenie. Jednak niekt\u00f3re z najgorszych i najpot\u0119\u017cniejszych 21<span class=\"s3\"><sup>st<\/sup><\/span> huragany stulecia, kt\u00f3re kiedykolwiek zaszczyci\u0142y \u015bwiat to huragan Lili w 1996 roku, huragan Karl w 2004 roku, huragan Nicola w 2016 roku, huragan Olga w 2001 roku, huragan Katrina w 2005 roku, huragan Florence w 2018 roku oraz <a href=\"https:\/\/edition.cnn.com\/specials\/hurricane-irma\" target=\"_blank\" rel=\"noopener\">Huragan Irma<\/a> w 2016 roku.<span class=\"Apple-converted-space\">\u00a0<\/span><\/p>\n<p class=\"p3\">Ka\u017cdy z nich pozostawi\u0142 po sobie wiele zniszcze\u0144. W zwi\u0105zku z tym wiele os\u00f3b polega teraz na darmowych narz\u0119dziach do \u015bledzenia huragan\u00f3w, aby zaplanowa\u0107 kolejne kroki (i wydosta\u0107 si\u0119 z obszaru, je\u015bli prawdopodobny jest z\u0142y huragan).<\/p>\n<h3 class=\"p4\">Korzystanie z naszego bezp\u0142atnego narz\u0119dzia Hurricane Tracker<\/h3>\n<p class=\"p5\">Je\u015bli chcesz spr\u00f3bowa\u0107 skorzysta\u0107 z naszego bezp\u0142atnego narz\u0119dzia do \u015bledzenia na \u017cywo mapy huragan\u00f3w, po prostu przeci\u0105gnij map\u0119 do miejsca, w kt\u00f3rym chcesz si\u0119 skoncentrowa\u0107. Umo\u017cliwi to zobaczenie pr\u0119dko\u015bci i kierunk\u00f3w wiatru dla dowolnego regionu. Alternatywnie u\u017cyj suwaka u podstawy mapy, aby zobaczy\u0107 prognoz\u0119 przysz\u0142ego huraganu, co pozwoli Ci zaplanowa\u0107 z wyprzedzeniem ka\u017cd\u0105 niesprzyjaj\u0105c\u0105 pogod\u0119!<\/p>\n<p>Sprawdza\u0107 <a href=\"https:\/\/weather-radar24.com\/pl\/\">tutaj<\/a> dla aktualnej pogody.<\/p>","protected":false},"excerpt":{"rendered":"<p>Hurricane Tracker Live Map Have you ever wondered where the latest hurricanes are, how large or strong they might be, and the direction in which they\u2019re moving? If this is something you have been considering, our unique hurricane tracker free tool might be just the option you need. It provides a simple solution to keep&hellip;&nbsp;<a href=\"https:\/\/weather-radar24.com\/pl\/hurrikan-tracker\/\" rel=\"bookmark\">Read More &raquo;<span class=\"screen-reader-text\">\u015aledzenie huraganu<\/span><\/a><\/p>","protected":false},"author":1,"featured_media":130,"parent":0,"menu_order":0,"comment_status":"closed","ping_status":"closed","template":"","meta":{"neve_meta_sidebar":"","neve_meta_container":"","neve_meta_enable_content_width":"off","neve_meta_content_width":100,"neve_meta_title_alignment":"","neve_meta_author_avatar":"","neve_post_elements_order":"","neve_meta_disable_header":"","neve_meta_disable_footer":"","neve_meta_disable_title":"on","neve_meta_reading_time":"","footnotes":""},"class_list":["post-86","page","type-page","status-publish","has-post-thumbnail","hentry"],"yoast_head":"<!-- This site is optimized with the Yoast SEO plugin v27.3 - https:\/\/yoast.com\/product\/yoast-seo-wordpress\/ -->\n<title>Hurricane Tracker - Tornado - Typhoon, Live Map<\/title>\n<meta name=\"description\" content=\"Hurricane Tracker \u2713 Includes tracking map, live radar- Track the current wind force, wind speed and wind forecast for the next few days.\" \/>\n<meta name=\"robots\" content=\"index, follow, max-snippet:-1, max-image-preview:large, max-video-preview:-1\" \/>\n<link rel=\"canonical\" href=\"https:\/\/weather-radar24.com\/pl\/hurrikan-tracker\/\" \/>\n<meta property=\"og:locale\" content=\"pl_PL\" \/>\n<meta property=\"og:type\" content=\"article\" \/>\n<meta property=\"og:title\" content=\"Hurricane Tracker - Tornado - Typhoon, Live Map\" \/>\n<meta property=\"og:description\" content=\"Hurricane Tracker \u2713 Includes tracking map, live radar- Track the current wind force, wind speed and wind forecast for the next few days.\" \/>\n<meta property=\"og:url\" content=\"https:\/\/weather-radar24.com\/pl\/hurrikan-tracker\/\" \/>\n<meta property=\"article:modified_time\" content=\"2026-04-11T11:16:43+00:00\" \/>\n<meta property=\"og:image\" content=\"https:\/\/weather-radar24.com\/wp-content\/uploads\/2022\/08\/Bildschirmfoto-2022-08-18-um-13.15.21-1.png\" \/>\n\t<meta property=\"og:image:width\" content=\"363\" \/>\n\t<meta property=\"og:image:height\" content=\"277\" \/>\n\t<meta property=\"og:image:type\" content=\"image\/png\" \/>\n<meta name=\"twitter:card\" content=\"summary_large_image\" \/>\n<meta name=\"twitter:label1\" content=\"Szacowany czas czytania\" \/>\n\t<meta name=\"twitter:data1\" content=\"3 minuty\" \/>\n<script type=\"application\/ld+json\" class=\"yoast-schema-graph\">{\"@context\":\"https:\\\/\\\/schema.org\",\"@graph\":[{\"@type\":\"WebPage\",\"@id\":\"https:\\\/\\\/weather-radar24.com\\\/hurricane-tracker\\\/\",\"url\":\"https:\\\/\\\/weather-radar24.com\\\/hurricane-tracker\\\/\",\"name\":\"Hurricane Tracker - Tornado - Typhoon, Live Map\",\"isPartOf\":{\"@id\":\"https:\\\/\\\/weather-radar24.com\\\/#website\"},\"primaryImageOfPage\":{\"@id\":\"https:\\\/\\\/weather-radar24.com\\\/hurricane-tracker\\\/#primaryimage\"},\"image\":{\"@id\":\"https:\\\/\\\/weather-radar24.com\\\/hurricane-tracker\\\/#primaryimage\"},\"thumbnailUrl\":\"https:\\\/\\\/weather-radar24.com\\\/wp-content\\\/uploads\\\/2022\\\/08\\\/Bildschirmfoto-2022-08-18-um-13.15.21-1.png\",\"datePublished\":\"2022-08-18T23:26:27+00:00\",\"dateModified\":\"2026-04-11T11:16:43+00:00\",\"description\":\"Hurricane Tracker \u2713 Includes tracking map, live radar- Track the current wind force, wind speed and wind forecast for the next few days.\",\"breadcrumb\":{\"@id\":\"https:\\\/\\\/weather-radar24.com\\\/hurricane-tracker\\\/#breadcrumb\"},\"inLanguage\":\"pl-PL\",\"potentialAction\":[{\"@type\":\"ReadAction\",\"target\":[\"https:\\\/\\\/weather-radar24.com\\\/hurricane-tracker\\\/\"]}]},{\"@type\":\"ImageObject\",\"inLanguage\":\"pl-PL\",\"@id\":\"https:\\\/\\\/weather-radar24.com\\\/hurricane-tracker\\\/#primaryimage\",\"url\":\"https:\\\/\\\/weather-radar24.com\\\/wp-content\\\/uploads\\\/2022\\\/08\\\/Bildschirmfoto-2022-08-18-um-13.15.21-1.png\",\"contentUrl\":\"https:\\\/\\\/weather-radar24.com\\\/wp-content\\\/uploads\\\/2022\\\/08\\\/Bildschirmfoto-2022-08-18-um-13.15.21-1.png\",\"width\":363,\"height\":277,\"caption\":\"Hurrikan-Tracker\"},{\"@type\":\"BreadcrumbList\",\"@id\":\"https:\\\/\\\/weather-radar24.com\\\/hurricane-tracker\\\/#breadcrumb\",\"itemListElement\":[{\"@type\":\"ListItem\",\"position\":1,\"name\":\"Startseite\",\"item\":\"https:\\\/\\\/weather-radar24.com\\\/\"},{\"@type\":\"ListItem\",\"position\":2,\"name\":\"Hurricane Tracker\"}]},{\"@type\":\"WebSite\",\"@id\":\"https:\\\/\\\/weather-radar24.com\\\/#website\",\"url\":\"https:\\\/\\\/weather-radar24.com\\\/\",\"name\":\"\",\"description\":\"\",\"potentialAction\":[{\"@type\":\"SearchAction\",\"target\":{\"@type\":\"EntryPoint\",\"urlTemplate\":\"https:\\\/\\\/weather-radar24.com\\\/?s={search_term_string}\"},\"query-input\":{\"@type\":\"PropertyValueSpecification\",\"valueRequired\":true,\"valueName\":\"search_term_string\"}}],\"inLanguage\":\"pl-PL\"}]}<\/script>\n<!-- \/ Yoast SEO plugin. -->","yoast_head_json":{"title":"Hurricane Tracker - Tornado - Tajfun, mapa na \u017cywo","description":"Hurricane Tracker \u2713 Zawiera map\u0119 \u015bledzenia, radar na \u017cywo - \u015aled\u017a aktualn\u0105 si\u0142\u0119 wiatru, pr\u0119dko\u015b\u0107 wiatru i prognoz\u0119 wiatru na nast\u0119pne kilka dni.","robots":{"index":"index","follow":"follow","max-snippet":"max-snippet:-1","max-image-preview":"max-image-preview:large","max-video-preview":"max-video-preview:-1"},"canonical":"https:\/\/weather-radar24.com\/pl\/hurrikan-tracker\/","og_locale":"pl_PL","og_type":"article","og_title":"Hurricane Tracker - Tornado - Typhoon, Live Map","og_description":"Hurricane Tracker \u2713 Includes tracking map, live radar- Track the current wind force, wind speed and wind forecast for the next few days.","og_url":"https:\/\/weather-radar24.com\/pl\/hurrikan-tracker\/","article_modified_time":"2026-04-11T11:16:43+00:00","og_image":[{"width":363,"height":277,"url":"https:\/\/weather-radar24.com\/wp-content\/uploads\/2022\/08\/Bildschirmfoto-2022-08-18-um-13.15.21-1.png","type":"image\/png"}],"twitter_card":"summary_large_image","twitter_misc":{"Szacowany czas czytania":"3 minuty"},"schema":{"@context":"https:\/\/schema.org","@graph":[{"@type":"WebPage","@id":"https:\/\/weather-radar24.com\/hurricane-tracker\/","url":"https:\/\/weather-radar24.com\/hurricane-tracker\/","name":"Hurricane Tracker - Tornado - Tajfun, mapa na \u017cywo","isPartOf":{"@id":"https:\/\/weather-radar24.com\/#website"},"primaryImageOfPage":{"@id":"https:\/\/weather-radar24.com\/hurricane-tracker\/#primaryimage"},"image":{"@id":"https:\/\/weather-radar24.com\/hurricane-tracker\/#primaryimage"},"thumbnailUrl":"https:\/\/weather-radar24.com\/wp-content\/uploads\/2022\/08\/Bildschirmfoto-2022-08-18-um-13.15.21-1.png","datePublished":"2022-08-18T23:26:27+00:00","dateModified":"2026-04-11T11:16:43+00:00","description":"Hurricane Tracker \u2713 Zawiera map\u0119 \u015bledzenia, radar na \u017cywo - \u015aled\u017a aktualn\u0105 si\u0142\u0119 wiatru, pr\u0119dko\u015b\u0107 wiatru i prognoz\u0119 wiatru na nast\u0119pne kilka dni.","breadcrumb":{"@id":"https:\/\/weather-radar24.com\/hurricane-tracker\/#breadcrumb"},"inLanguage":"pl-PL","potentialAction":[{"@type":"ReadAction","target":["https:\/\/weather-radar24.com\/hurricane-tracker\/"]}]},{"@type":"ImageObject","inLanguage":"pl-PL","@id":"https:\/\/weather-radar24.com\/hurricane-tracker\/#primaryimage","url":"https:\/\/weather-radar24.com\/wp-content\/uploads\/2022\/08\/Bildschirmfoto-2022-08-18-um-13.15.21-1.png","contentUrl":"https:\/\/weather-radar24.com\/wp-content\/uploads\/2022\/08\/Bildschirmfoto-2022-08-18-um-13.15.21-1.png","width":363,"height":277,"caption":"Hurrikan-Tracker"},{"@type":"BreadcrumbList","@id":"https:\/\/weather-radar24.com\/hurricane-tracker\/#breadcrumb","itemListElement":[{"@type":"ListItem","position":1,"name":"Startseite","item":"https:\/\/weather-radar24.com\/"},{"@type":"ListItem","position":2,"name":"Hurricane Tracker"}]},{"@type":"WebSite","@id":"https:\/\/weather-radar24.com\/#website","url":"https:\/\/weather-radar24.com\/","name":"","description":"","potentialAction":[{"@type":"SearchAction","target":{"@type":"EntryPoint","urlTemplate":"https:\/\/weather-radar24.com\/?s={search_term_string}"},"query-input":{"@type":"PropertyValueSpecification","valueRequired":true,"valueName":"search_term_string"}}],"inLanguage":"pl-PL"}]}},"_links":{"self":[{"href":"https:\/\/weather-radar24.com\/pl\/wp-json\/wp\/v2\/pages\/86","targetHints":{"allow":["GET"]}}],"collection":[{"href":"https:\/\/weather-radar24.com\/pl\/wp-json\/wp\/v2\/pages"}],"about":[{"href":"https:\/\/weather-radar24.com\/pl\/wp-json\/wp\/v2\/types\/page"}],"author":[{"embeddable":true,"href":"https:\/\/weather-radar24.com\/pl\/wp-json\/wp\/v2\/users\/1"}],"replies":[{"embeddable":true,"href":"https:\/\/weather-radar24.com\/pl\/wp-json\/wp\/v2\/comments?post=86"}],"version-history":[{"count":10,"href":"https:\/\/weather-radar24.com\/pl\/wp-json\/wp\/v2\/pages\/86\/revisions"}],"predecessor-version":[{"id":131,"href":"https:\/\/weather-radar24.com\/pl\/wp-json\/wp\/v2\/pages\/86\/revisions\/131"}],"wp:featuredmedia":[{"embeddable":true,"href":"https:\/\/weather-radar24.com\/pl\/wp-json\/wp\/v2\/media\/130"}],"wp:attachment":[{"href":"https:\/\/weather-radar24.com\/pl\/wp-json\/wp\/v2\/media?parent=86"}],"curies":[{"name":"wp","href":"https:\/\/api.w.org\/{rel}","templated":true}]}}