{"id":40,"date":"2022-08-17T21:13:54","date_gmt":"2022-08-17T19:13:54","guid":{"rendered":"https:\/\/weather-radar24.com\/?page_id=40"},"modified":"2024-05-03T22:29:26","modified_gmt":"2024-05-03T20:29:26","slug":"weather-radar","status":"publish","type":"page","link":"https:\/\/weather-radar24.com\/pt\/","title":{"rendered":"Radar meteorol\u00f3gico"},"content":{"rendered":"<h1>Radar meteorol\u00f3gico ao vivo - Condi\u00e7\u00f5es clim\u00e1ticas atuais<\/h1>\n<p>Seja no trabalho, na escola ou nas compras, o clima \u00e9 um tema de conversa que interessa a todos n\u00f3s. Mas como voc\u00ea realmente sabe como ser\u00e1 o clima? \u00c9 bem simples: com a ajuda de um radar meteorol\u00f3gico! Mas o que exatamente \u00e9 esse radar e como ele funciona?<br \/>\n<iframe loading=\"lazy\" src=\"https:\/\/embed.windy.com\/embed2.html?lat=39.606&amp;lon=-97.031&amp;detailLat=49.142&amp;detailLon=9.223&amp;width=1300&amp;height=600&amp;zoom=5&amp;level=surface&amp;overlay=radar&amp;product=radar&amp;menu=&amp;message=truemarker=&amp;calendar=now&amp;pressure=&amp;type=map&amp;location=coordinates&amp;detail=&amp;metricWind=default&amp;metricTemp=default&amp;radarRange=-1\" width=\"100%\" height=\"600\" frameborder=\"0\" data-dashlane-frameid=\"1550\"><span data-mce-type=\"bookmark\" style=\"display: inline-block; width: 0px; overflow: hidden; line-height: 0;\" class=\"mce_SELRES_start\"><\/span><\/iframe><\/p>\n<h2 class=\"p1\">O que \u00e9 um radar meteorol\u00f3gico ao vivo?<\/h2>\n<p class=\"p1\">Os radares meteorol\u00f3gicos s\u00e3o uma ferramenta essencial que os meteorologistas usam para rastrear o movimento da precipita\u00e7\u00e3o. Usando radares, os meteorologistas podem identificar os padr\u00f5es atuais de chuva e comparar os padr\u00f5es anteriores com as condi\u00e7\u00f5es atuais para prever o futuro.<\/p>\n<p class=\"p1\">As unidades de radar funcionam emitindo ondas eletromagn\u00e9ticas e recebendo seus ecos de nuvens de precipita\u00e7\u00e3o. O sistema de radar calcula a dist\u00e2ncia e a intensidade da precipita\u00e7\u00e3o com base no tempo que leva para o eco retornar.<\/p>\n<p class=\"p1\">Os radares meteorol\u00f3gicos s\u00e3o uma ferramenta indispens\u00e1vel para os meteorologistas, pois permitem prever o clima com precis\u00e3o. Os radares meteorol\u00f3gicos s\u00e3o uma ferramenta indispens\u00e1vel para os meteorologistas, pois permitem que eles fa\u00e7am previs\u00f5es precisas sobre o clima. Ao usar o radar, os meteorologistas podem rastrear com precis\u00e3o o caminho da precipita\u00e7\u00e3o para prever o futuro.<\/p>\n<h2 class=\"p1\">Como funciona o radar meteorol\u00f3gico ao vivo?<\/h2>\n<p class=\"p1\">Da pr\u00f3xima vez que voc\u00ea ligar o radar meteorol\u00f3gico, voc\u00ea pode se perguntar como ele funciona. A tecnologia por tr\u00e1s do radar \u00e9 bastante complexa, mas podemos explicar alguns dos fundamentos. O radar envia um feixe de microondas que reflete na chuva ou na neve. O radar recebe e processa essas reflex\u00f5es para criar uma imagem do clima atual.<span class=\"Apple-converted-space\">\u00a0 <\/span>A intensidade da imagem do radar depende da quantidade de precipita\u00e7\u00e3o \u2013 quanto mais precipita\u00e7\u00e3o, mais forte a imagem. E quanto mais pr\u00f3xima a precipita\u00e7\u00e3o estiver, mais r\u00e1pido ela se mover\u00e1 na imagem.<\/p>\n<p class=\"p1\">Mas o radar meteorol\u00f3gico n\u00e3o \u00e9 perfeito. Por exemplo, pode ser dif\u00edcil detectar precipita\u00e7\u00e3o leve, especialmente se estiver longe. \u00c1rvores e montanhas tamb\u00e9m podem fazer com que o radar forne\u00e7a uma imagem incorreta. Apesar dessas limita\u00e7\u00f5es, o radar meteorol\u00f3gico \u00e9 uma ferramenta indispens\u00e1vel para os meteorologistas preverem o movimento de tempestades de chuva e neve.<\/p>\n<p>Should you require further real-time data from diverse radar categories such as aviation, maritime, weather, and beyond, you can access it at <a href=\"https:\/\/live-radar.org\/\" target=\"_blank\" rel=\"noopener noreferrer\">https:\/\/live-radar.org\/<\/a>.<\/p>\n<h3 class=\"p1\">Quais s\u00e3o os benef\u00edcios?<\/h3>\n<p class=\"p1\">O clima \u00e0s vezes pode ser imprevis\u00edvel, trazendo consigo um congelamento <a href=\"https:\/\/weather-radar24.com\/pt\/radar-de-vento\/\">vento<\/a> que pode queimar seus dedos. Ou pode estar t\u00e3o quente que voc\u00ea pensa que est\u00e1 no deserto. Antes de finalizar seu plano para o dia, \u00e9 melhor verificar o clima para garantir que voc\u00ea esteja usando as roupas certas para o dia. No entanto, isso pode ser demorado e voc\u00ea pode ter que pesquisar em v\u00e1rios sites para encontrar as informa\u00e7\u00f5es de que precisa. Um radar meteorol\u00f3gico \u00e9 uma \u00f3tima maneira de verificar r\u00e1pida e facilmente o clima atual, bem como as horas ou dias \u00e0 frente:<\/p>\n<p class=\"p1\">Os radares meteorol\u00f3gicos s\u00e3o capazes de coletar uma ampla gama de dados meteorol\u00f3gicos. Isso inclui precipita\u00e7\u00e3o, velocidade do vento, dire\u00e7\u00e3o do vento e movimento das nuvens. Esses dados s\u00e3o exibidos em um mapa, ajudando os meteorologistas a entender melhor o clima.<\/p>\n<p class=\"p1\">Os radares meteorol\u00f3gicos s\u00e3o especialmente \u00fateis para prever condi\u00e7\u00f5es meteorol\u00f3gicas severas. Eles podem ajudar a identificar uma tempestade com anteced\u00eancia e tomar as precau\u00e7\u00f5es necess\u00e1rias para proteger pessoas e propriedades.<\/p>\n<h3 class=\"p1\">O que significam as cores do radar meteorol\u00f3gico?<\/h3>\n<p class=\"p1\">As cores no mapa indicam a intensidade da precipita\u00e7\u00e3o. A intensidade da chuva \u00e9 dividida em 5 n\u00edveis: leve, moderada, pesada, muito pesada e extremamente pesada. Portanto, dependendo do n\u00edvel em que uma tempestade est\u00e1, voc\u00ea pode esperar chuvas de intensidade vari\u00e1vel. Azul corresponde a precipita\u00e7\u00e3o leve, verde a moderado, amarelo a forte, laranja a muito forte e vermelho a extremamente forte. As diferentes cores no mapa s\u00e3o, portanto, um indicador das diferentes intensidades de precipita\u00e7\u00e3o.<\/p>\n<h2 class=\"p1\">Como \u00e9 criada uma previs\u00e3o do tempo?<\/h2>\n<p class=\"p1\">Um dos instrumentos mais importantes que os meteorologistas usam para fazer uma previs\u00e3o do tempo \u00e9 o radar meteorol\u00f3gico. Os sat\u00e9lites meteorol\u00f3gicos s\u00e3o outra ferramenta importante usada para fazer previs\u00f5es meteorol\u00f3gicas. Os sat\u00e9lites meteorol\u00f3gicos observam o clima de cima e podem ver coisas que n\u00e3o s\u00e3o vis\u00edveis do solo. Esta informa\u00e7\u00e3o \u00e9 ent\u00e3o usada para fazer melhores previs\u00f5es.<\/p>\n<p class=\"p1\">Ao fazer uma previs\u00e3o do tempo, voc\u00ea tamb\u00e9m precisa considerar as condi\u00e7\u00f5es do vento. A velocidade e a dire\u00e7\u00e3o do vento podem mudar rapidamente e ter um grande impacto no clima. Os meteorologistas usam v\u00e1rios instrumentos para monitorar as condi\u00e7\u00f5es do vento, como bal\u00f5es meteorol\u00f3gicos e anem\u00f4metros. Al\u00e9m disso, voc\u00ea tamb\u00e9m deve considerar a cobertura de nuvens. A cobertura de nuvens pode afetar o clima regulando a quantidade de luz solar, calor e umidade que entra na atmosfera. Os meteorologistas usam v\u00e1rios instrumentos para monitorar a cobertura de nuvens, como sondas meteorol\u00f3gicas e radiossondas.<\/p>\n<h3 class=\"p1\">Qu\u00e3o confi\u00e1veis s\u00e3o as previs\u00f5es?<\/h3>\n<p class=\"p1\">As previs\u00f5es fornecidas pelo radar meteorol\u00f3gico s\u00e3o bastante confi\u00e1veis. No entanto, \u00e9 importante entender que o radar \u00e9 apenas uma ferramenta e n\u00e3o pode fazer uma previs\u00e3o perfeita. As previs\u00f5es sempre t\u00eam alguma incerteza porque o tempo pode mudar rapidamente.<\/p>\n<h3 class=\"p1\">Por que o radar meteorol\u00f3gico est\u00e1 frequentemente desligado?<\/h3>\n<p class=\"p1\">Desde que a internet se firmou, a previs\u00e3o do tempo tamb\u00e9m se tornou um grande problema. Agora voc\u00ea pode prever o tempo para dias e semanas a meses \u00e0 frente. As previs\u00f5es est\u00e3o se tornando cada vez mais precisas, mas ainda assim o radar meteorol\u00f3gico est\u00e1 muitas vezes errado. Qual \u00e9 a raz\u00e3o para isto? Em primeiro lugar, voc\u00ea tem que perceber que o clima \u00e9 um sistema muito complexo. Muitos fatores desempenham um papel, desde a temperatura at\u00e9 a velocidade do vento. Esses fatores nem sempre s\u00e3o exatamente previs\u00edveis e podem mudar rapidamente.<\/p>\n<p class=\"p1\">Esta \u00e9 tamb\u00e9m a raz\u00e3o pela qual o clima \u00e9 t\u00e3o dif\u00edcil de prever. Al\u00e9m disso, os radares meteorol\u00f3gicos s\u00f3 podem ver a precipita\u00e7\u00e3o que j\u00e1 ocorreu \u2013 eles n\u00e3o podem prever onde chover\u00e1 no futuro.<\/p>\n<h3 class=\"p1\">Quem usa radar meteorol\u00f3gico?<\/h3>\n<p class=\"p1\">O tempo \u00e9 um t\u00f3pico interessante; muitas pessoas usam radar meteorol\u00f3gico regularmente. Mas quem usa o radar meteorol\u00f3gico e por qu\u00ea? Um radar meteorol\u00f3gico \u00e9 uma ferramenta \u00fatil que pode ser usada para verificar o clima atual e obter informa\u00e7\u00f5es sobre as pr\u00f3ximas condi\u00e7\u00f5es meteorol\u00f3gicas. Muitas pessoas que viajam regularmente usam o radar meteorol\u00f3gico para obter informa\u00e7\u00f5es sobre a situa\u00e7\u00e3o meteorol\u00f3gica atual. Isso ocorre porque \u00e9 especialmente importante ficar de olho no clima ao viajar.<\/p>\n<p class=\"p1\">O radar meteorol\u00f3gico tamb\u00e9m pode ser \u00fatil na vida profissional. Por exemplo, para fazendeiros que planejam matar seus campos ou para um capit\u00e3o de navio que precisa tomar cuidado com ondas altas e tempestades. Avi\u00f5es comerciais tamb\u00e9m podem se beneficiar do radar meteorol\u00f3gico, pois podem planejar melhor quando decolar e pousar.<\/p>\n<h3 class=\"p1\">Quando foi constru\u00eddo o primeiro radar meteorol\u00f3gico?<\/h3>\n<p class=\"p1\">A primeira esta\u00e7\u00e3o de radar meteorol\u00f3gico foi constru\u00edda na Gr\u00e3-Bretanha em 1935. No entanto, o desenvolvimento do radar meteorol\u00f3gico come\u00e7ou muito antes. Em 1902, Christian H\u00fclsmeyer, um inventor alem\u00e3o, descobriu que <a href=\"https:\/\/science.nasa.gov\/ems\/02_anatomy\" target=\"_blank\" rel=\"noopener\">ondas eletromagn\u00e9ticas<\/a> ricocheteiam no ch\u00e3o quando atingem os pingos de chuva.<\/p>\n<p class=\"p1\">Na d\u00e9cada de 1920, um cientista brit\u00e2nico chamado Robert Watson-Watt desenvolveu um sistema para determinar a posi\u00e7\u00e3o de aeronaves. Este sistema foi baseado no mesmo princ\u00edpio do radar meteorol\u00f3gico. Na d\u00e9cada de 1930, o primeiro radar meteorol\u00f3gico foi instalado na Gr\u00e3-Bretanha. Ao longo dos anos, mais e mais esta\u00e7\u00f5es de radar foram constru\u00eddas. Hoje, existe uma rede abrangente em toda a Europa.<\/p>\n<h3 class=\"p1\">Como \u00e9 uma esta\u00e7\u00e3o de radar?<\/h3>\n<p><img loading=\"lazy\" decoding=\"async\" class=\"aligncenter wp-image-103 size-full\" src=\"https:\/\/weather-radar24.com\/wp-content\/uploads\/2022\/08\/radar-g60378e96c_640.jpeg\" alt=\"esta\u00e7\u00e3o de radar\" width=\"640\" height=\"480\" srcset=\"https:\/\/weather-radar24.com\/wp-content\/uploads\/2022\/08\/radar-g60378e96c_640.jpeg 640w, https:\/\/weather-radar24.com\/wp-content\/uploads\/2022\/08\/radar-g60378e96c_640-300x225.jpeg 300w\" sizes=\"auto, (max-width: 640px) 100vw, 640px\" \/><\/p>\n<p class=\"p1\">A maioria das esta\u00e7\u00f5es de radar s\u00e3o edif\u00edcios bastante discretos localizados em \u00e1reas rurais ou remotas. Mas como \u00e9 exatamente uma esta\u00e7\u00e3o de radar? A antena \u00e9 a coisa mais not\u00e1vel em uma esta\u00e7\u00e3o de radar. Geralmente \u00e9 grande e pode girar para escanear a \u00e1rea circundante. A antena envia sinais que a esta\u00e7\u00e3o recebe.<\/p>\n<p class=\"p1\">A esta\u00e7\u00e3o em si \u00e9 geralmente um pequeno pr\u00e9dio equipado com computadores e outros equipamentos. Em alguns casos, a esta\u00e7\u00e3o faz parte de um observat\u00f3rio meteorol\u00f3gico maior.<\/p>","protected":false},"excerpt":{"rendered":"<p>Weather radar live &#8211; Current Weather Conditions Whether you&#8217;re at work, school or shopping, the weather is a topic of conversation that interests us all. But how do you really know what the weather will be like? It\u2019s quite simple: with the help of a weather radar! But what exactly is this radar and how&hellip;&nbsp;<a href=\"https:\/\/weather-radar24.com\/pt\/\" rel=\"bookmark\">Read More &raquo;<span class=\"screen-reader-text\">Radar meteorol\u00f3gico<\/span><\/a><\/p>","protected":false},"author":1,"featured_media":18,"parent":0,"menu_order":0,"comment_status":"closed","ping_status":"closed","template":"","meta":{"neve_meta_sidebar":"","neve_meta_container":"","neve_meta_enable_content_width":"off","neve_meta_content_width":100,"neve_meta_title_alignment":"","neve_meta_author_avatar":"","neve_post_elements_order":"","neve_meta_disable_header":"","neve_meta_disable_footer":"","neve_meta_disable_title":"on","neve_meta_reading_time":"","footnotes":""},"class_list":["post-40","page","type-page","status-publish","has-post-thumbnail","hentry"],"yoast_head":"<!-- This site is optimized with the Yoast SEO plugin v26.6 - https:\/\/yoast.com\/wordpress\/plugins\/seo\/ -->\n<title>Weather radar live - Current Weather Conditions Map<\/title>\n<meta name=\"description\" content=\"Track the current weather conditions in real time with our weather radar! The weather map shows the forecast for rain, clouds and snowfall\" \/>\n<meta name=\"robots\" content=\"index, follow, max-snippet:-1, max-image-preview:large, max-video-preview:-1\" \/>\n<link rel=\"canonical\" href=\"https:\/\/weather-radar24.com\/pt\/\" \/>\n<meta property=\"og:locale\" content=\"pt_BR\" \/>\n<meta property=\"og:type\" content=\"article\" \/>\n<meta property=\"og:title\" content=\"Weather radar live - Current Weather Conditions Map\" \/>\n<meta property=\"og:description\" content=\"Track the current weather conditions in real time with our weather radar! The weather map shows the forecast for rain, clouds and snowfall\" \/>\n<meta property=\"og:url\" content=\"https:\/\/weather-radar24.com\/pt\/\" \/>\n<meta property=\"article:modified_time\" content=\"2024-05-03T20:29:26+00:00\" \/>\n<meta property=\"og:image\" content=\"https:\/\/weather-radar24.com\/wp-content\/uploads\/2022\/08\/weather-radar24.org_.png\" \/>\n\t<meta property=\"og:image:width\" content=\"500\" \/>\n\t<meta property=\"og:image:height\" content=\"500\" \/>\n\t<meta property=\"og:image:type\" content=\"image\/png\" \/>\n<meta name=\"twitter:card\" content=\"summary_large_image\" \/>\n<meta name=\"twitter:label1\" content=\"Est. tempo de leitura\" \/>\n\t<meta name=\"twitter:data1\" content=\"6 minutos\" \/>\n<script type=\"application\/ld+json\" class=\"yoast-schema-graph\">{\"@context\":\"https:\/\/schema.org\",\"@graph\":[{\"@type\":\"WebPage\",\"@id\":\"https:\/\/weather-radar24.com\/\",\"url\":\"https:\/\/weather-radar24.com\/\",\"name\":\"Weather radar live - Current Weather Conditions Map\",\"isPartOf\":{\"@id\":\"https:\/\/weather-radar24.com\/#website\"},\"primaryImageOfPage\":{\"@id\":\"https:\/\/weather-radar24.com\/#primaryimage\"},\"image\":{\"@id\":\"https:\/\/weather-radar24.com\/#primaryimage\"},\"thumbnailUrl\":\"https:\/\/weather-radar24.com\/wp-content\/uploads\/2022\/08\/weather-radar24.org_.png\",\"datePublished\":\"2022-08-17T19:13:54+00:00\",\"dateModified\":\"2024-05-03T20:29:26+00:00\",\"description\":\"Track the current weather conditions in real time with our weather radar! The weather map shows the forecast for rain, clouds and snowfall\",\"breadcrumb\":{\"@id\":\"https:\/\/weather-radar24.com\/#breadcrumb\"},\"inLanguage\":\"pt-BR\",\"potentialAction\":[{\"@type\":\"ReadAction\",\"target\":[\"https:\/\/weather-radar24.com\/\"]}]},{\"@type\":\"ImageObject\",\"inLanguage\":\"pt-BR\",\"@id\":\"https:\/\/weather-radar24.com\/#primaryimage\",\"url\":\"https:\/\/weather-radar24.com\/wp-content\/uploads\/2022\/08\/weather-radar24.org_.png\",\"contentUrl\":\"https:\/\/weather-radar24.com\/wp-content\/uploads\/2022\/08\/weather-radar24.org_.png\",\"width\":500,\"height\":500,\"caption\":\"Weather radar\"},{\"@type\":\"BreadcrumbList\",\"@id\":\"https:\/\/weather-radar24.com\/#breadcrumb\",\"itemListElement\":[{\"@type\":\"ListItem\",\"position\":1,\"name\":\"Startseite\",\"item\":\"https:\/\/weather-radar24.com\/\"},{\"@type\":\"ListItem\",\"position\":2,\"name\":\"Weather radar\"}]},{\"@type\":\"WebSite\",\"@id\":\"https:\/\/weather-radar24.com\/#website\",\"url\":\"https:\/\/weather-radar24.com\/\",\"name\":\"\",\"description\":\"\",\"potentialAction\":[{\"@type\":\"SearchAction\",\"target\":{\"@type\":\"EntryPoint\",\"urlTemplate\":\"https:\/\/weather-radar24.com\/?s={search_term_string}\"},\"query-input\":{\"@type\":\"PropertyValueSpecification\",\"valueRequired\":true,\"valueName\":\"search_term_string\"}}],\"inLanguage\":\"pt-BR\"}]}<\/script>\n<!-- \/ Yoast SEO plugin. -->","yoast_head_json":{"title":"Radar meteorol\u00f3gico ao vivo - Mapa das condi\u00e7\u00f5es meteorol\u00f3gicas atuais","description":"Acompanhe as condi\u00e7\u00f5es meteorol\u00f3gicas atuais em tempo real com o nosso radar meteorol\u00f3gico! O mapa meteorol\u00f3gico mostra a previs\u00e3o de chuva, nuvens e queda de neve","robots":{"index":"index","follow":"follow","max-snippet":"max-snippet:-1","max-image-preview":"max-image-preview:large","max-video-preview":"max-video-preview:-1"},"canonical":"https:\/\/weather-radar24.com\/pt\/","og_locale":"pt_BR","og_type":"article","og_title":"Weather radar live - Current Weather Conditions Map","og_description":"Track the current weather conditions in real time with our weather radar! The weather map shows the forecast for rain, clouds and snowfall","og_url":"https:\/\/weather-radar24.com\/pt\/","article_modified_time":"2024-05-03T20:29:26+00:00","og_image":[{"width":500,"height":500,"url":"https:\/\/weather-radar24.com\/wp-content\/uploads\/2022\/08\/weather-radar24.org_.png","type":"image\/png"}],"twitter_card":"summary_large_image","twitter_misc":{"Est. tempo de leitura":"6 minutos"},"schema":{"@context":"https:\/\/schema.org","@graph":[{"@type":"WebPage","@id":"https:\/\/weather-radar24.com\/","url":"https:\/\/weather-radar24.com\/","name":"Radar meteorol\u00f3gico ao vivo - Mapa das condi\u00e7\u00f5es meteorol\u00f3gicas atuais","isPartOf":{"@id":"https:\/\/weather-radar24.com\/#website"},"primaryImageOfPage":{"@id":"https:\/\/weather-radar24.com\/#primaryimage"},"image":{"@id":"https:\/\/weather-radar24.com\/#primaryimage"},"thumbnailUrl":"https:\/\/weather-radar24.com\/wp-content\/uploads\/2022\/08\/weather-radar24.org_.png","datePublished":"2022-08-17T19:13:54+00:00","dateModified":"2024-05-03T20:29:26+00:00","description":"Acompanhe as condi\u00e7\u00f5es meteorol\u00f3gicas atuais em tempo real com o nosso radar meteorol\u00f3gico! O mapa meteorol\u00f3gico mostra a previs\u00e3o de chuva, nuvens e queda de neve","breadcrumb":{"@id":"https:\/\/weather-radar24.com\/#breadcrumb"},"inLanguage":"pt-BR","potentialAction":[{"@type":"ReadAction","target":["https:\/\/weather-radar24.com\/"]}]},{"@type":"ImageObject","inLanguage":"pt-BR","@id":"https:\/\/weather-radar24.com\/#primaryimage","url":"https:\/\/weather-radar24.com\/wp-content\/uploads\/2022\/08\/weather-radar24.org_.png","contentUrl":"https:\/\/weather-radar24.com\/wp-content\/uploads\/2022\/08\/weather-radar24.org_.png","width":500,"height":500,"caption":"Weather radar"},{"@type":"BreadcrumbList","@id":"https:\/\/weather-radar24.com\/#breadcrumb","itemListElement":[{"@type":"ListItem","position":1,"name":"Startseite","item":"https:\/\/weather-radar24.com\/"},{"@type":"ListItem","position":2,"name":"Weather radar"}]},{"@type":"WebSite","@id":"https:\/\/weather-radar24.com\/#website","url":"https:\/\/weather-radar24.com\/","name":"","description":"","potentialAction":[{"@type":"SearchAction","target":{"@type":"EntryPoint","urlTemplate":"https:\/\/weather-radar24.com\/?s={search_term_string}"},"query-input":{"@type":"PropertyValueSpecification","valueRequired":true,"valueName":"search_term_string"}}],"inLanguage":"pt-BR"}]}},"_links":{"self":[{"href":"https:\/\/weather-radar24.com\/pt\/wp-json\/wp\/v2\/pages\/40","targetHints":{"allow":["GET"]}}],"collection":[{"href":"https:\/\/weather-radar24.com\/pt\/wp-json\/wp\/v2\/pages"}],"about":[{"href":"https:\/\/weather-radar24.com\/pt\/wp-json\/wp\/v2\/types\/page"}],"author":[{"embeddable":true,"href":"https:\/\/weather-radar24.com\/pt\/wp-json\/wp\/v2\/users\/1"}],"replies":[{"embeddable":true,"href":"https:\/\/weather-radar24.com\/pt\/wp-json\/wp\/v2\/comments?post=40"}],"version-history":[{"count":10,"href":"https:\/\/weather-radar24.com\/pt\/wp-json\/wp\/v2\/pages\/40\/revisions"}],"predecessor-version":[{"id":1024,"href":"https:\/\/weather-radar24.com\/pt\/wp-json\/wp\/v2\/pages\/40\/revisions\/1024"}],"wp:featuredmedia":[{"embeddable":true,"href":"https:\/\/weather-radar24.com\/pt\/wp-json\/wp\/v2\/media\/18"}],"wp:attachment":[{"href":"https:\/\/weather-radar24.com\/pt\/wp-json\/wp\/v2\/media?parent=40"}],"curies":[{"name":"wp","href":"https:\/\/api.w.org\/{rel}","templated":true}]}}