{"id":42,"date":"2022-08-17T21:14:33","date_gmt":"2022-08-17T19:14:33","guid":{"rendered":"https:\/\/weather-radar24.com\/?page_id=42"},"modified":"2022-09-03T18:52:45","modified_gmt":"2022-09-03T16:52:45","slug":"cloud-cover-map","status":"publish","type":"page","link":"https:\/\/weather-radar24.com\/pt\/mapa-de-cobertura-de-nuvens\/","title":{"rendered":"Mapa de cobertura de nuvens"},"content":{"rendered":"<h1>Mapa de cobertura de nuvens - previs\u00e3o de nuvens atual e previs\u00e3o de nuvens<\/h1>\n<p>O mapa de cobertura de nuvens \u00e9 uma ferramenta importante para prever o clima. Ele pode ajud\u00e1-lo a rastrear o movimento das nuvens e ver como o clima est\u00e1 se desenvolvendo. Veja como ler e interpretar um mapa de cobertura de nuvens.<br \/>\n<iframe loading=\"lazy\" src=\"https:\/\/embed.windy.com\/embed2.html?lat=39.606&amp;lon=-97.031&amp;detailLat=49.142&amp;detailLon=9.223&amp;width=1300&amp;height=600&amp;zoom=5&amp;level=surface&amp;overlay=clouds&amp;product=ecmwf&amp;menu=&amp;message=true&amp;marker=&amp;calendar=now&amp;pressure=&amp;type=map&amp;location=coordinates&amp;detail=&amp;metricWind=default&amp;metricTemp=default&amp;radarRange=-1\" width=\"100%\" height=\"600\" frameborder=\"0\" data-dashlane-frameid=\"1570\"><\/iframe><\/p>\n<p class=\"p1\">\n<h2 class=\"p1\">Como ler o mapa de cobertura de nuvens?<\/h2>\n<p class=\"p1\">Primeiro, voc\u00ea deve saber que o mapa de cobertura de nuvens mostra apenas o movimento das nuvens, n\u00e3o chuva ou neve. Isso \u00e9 importante notar porque <a href=\"https:\/\/weather-radar24.com\/pt\/radar-de-chuva\/\">chuva<\/a> e <a href=\"https:\/\/weather-radar24.com\/pt\/mapa-de-neve\/\">queda de neve<\/a> geralmente s\u00e3o mais lentos que o movimento das nuvens. Portanto, voc\u00ea pode ver movimento no mapa, mas n\u00e3o esperar chuva ou neve. Se voc\u00ea vir movimento no mapa, significa que as nuvens est\u00e3o se movendo nessa dire\u00e7\u00e3o.<\/p>\n<p class=\"p1\">O movimento das nuvens na \u00faltima hora pode ser reproduzido usando o bot\u00e3o play. As cores no mapa indicam o qu\u00e3o forte \u00e9 o movimento. Quanto mais forte o movimento, mais escura a cor. Se voc\u00ea vir uma cor escura no radar, significa que as nuvens est\u00e3o se movendo muito r\u00e1pido naquela dire\u00e7\u00e3o. Isso \u00e9 muitas vezes um sinal de mau tempo. No entanto, se voc\u00ea vir apenas um leve movimento, geralmente significa que o tempo est\u00e1 bom ou n\u00e3o vai mudar muito.<\/p>\n<p class=\"p1\">Se voc\u00ea vir v\u00e1rias cores no <a href=\"https:\/\/weather-radar24.com\/pt\/\">radar meteorol\u00f3gico<\/a>, significa que as nuvens est\u00e3o se movendo em dire\u00e7\u00f5es diferentes. Isso geralmente \u00e9 uma indica\u00e7\u00e3o de clima inst\u00e1vel. Se voc\u00ea n\u00e3o vir nenhum movimento no radar, geralmente significa que o clima n\u00e3o mudar\u00e1.<\/p>\n<h2 class=\"p1\">Como funciona o mapa de cobertura de nuvens?<\/h2>\n<p class=\"p1\">As nuvens s\u00e3o feitas de vapor de \u00e1gua ou gelo. A maioria das nuvens se forma quando o ar quente sobe. Quando este ar encontra o ar frio, o vapor de \u00e1gua condensa e formam-se nuvens. O mapa de cobertura de nuvens funciona rastreando o movimento das nuvens. O radar \u00e9 usado para enviar ondas e receber as ondas refletidas.<\/p>\n<p class=\"p1\">Dependendo se as ondas s\u00e3o refletidas de uma superf\u00edcie s\u00f3lida ou l\u00edquida, voc\u00ea pode dizer se h\u00e1 nuvens l\u00e1. Ent\u00e3o, o que o radar de nuvens mostra s\u00e3o os movimentos das nuvens.<\/p>\n<h3 class=\"p1\">Quem usa um mapa de cobertura de nuvens?<\/h3>\n<p class=\"p1\">Um mapa de cobertura de nuvens \u00e9 um sistema de informa\u00e7\u00f5es meteorol\u00f3gicas que fornece leituras atualizadas regularmente de nuvens e seus movimentos. Ele pode ser acessado on-line ou como um aplicativo e \u00e9 adequado para v\u00e1rios grupos-alvo, como entusiastas do clima, meteorologistas amadores, pilotos, velejadores e windsurfistas. O mapa de cobertura de nuvens \u00e9 um dos sistemas de informa\u00e7\u00e3o meteorol\u00f3gica mais populares e possui um grande n\u00famero de usu\u00e1rios.<\/p>\n<h3 class=\"p1\">Como as nuvens se formam?<\/h3>\n<p class=\"p1\">As nuvens s\u00e3o, na verdade, nada mais do que ar \u00famido. Mas n\u00e3o \u00e9 o caso que as nuvens simplesmente <a href=\"https:\/\/www.fortworthtexas.gov\/departments\/water\/sdw\/water-made#:~:text=A%20water%20molecule%20has%20three,sometimes%20referred%20to%20as%20H2O.\" target=\"_blank\" rel=\"noopener\">consiste em \u00e1gua<\/a> vapor escapando para a atmosfera. Em vez disso, as nuvens s\u00e3o formadas porque o sol aquece o ar \u00famido. Quando a terra esfria, o vapor de \u00e1gua se condensa e forma neblina.<\/p>\n<h3 class=\"p1\">Como s\u00e3o as nuvens de chuva?<\/h3>\n<p class=\"p1\">\u00c9 realmente muito simples: as nuvens nada mais s\u00e3o do que o ar que \u00e9 agitado. Eles podem parecer muito diferentes. As nuvens de chuva, por exemplo, costumam ser escuras e densas porque cont\u00eam muitas got\u00edculas de \u00e1gua. As nuvens de neve, por outro lado, geralmente parecem brancas e fofas porque cont\u00eam muitos cristais de gelo.<\/p>\n<h3 class=\"p1\">Quais nuvens s\u00e3o perigosas?<\/h3>\n<p class=\"p1\">As nuvens cumulus s\u00e3o o tipo mais comum de nuvem e geralmente s\u00e3o inofensivas. Eles se parecem com bolas brancas fofas e geralmente s\u00e3o um sinal de bom tempo. No entanto, eles tamb\u00e9m podem anunciar tempestades se se tornarem muito grandes e densos. As nuvens Nimbus s\u00e3o as nuvens mais perigosas porque est\u00e3o associadas \u00e0 chuva, neve ou granizo. Eles se parecem com nuvens c\u00famulos cinzas ou pretas grossas e podem preceder condi\u00e7\u00f5es clim\u00e1ticas extremas.<\/p>","protected":false},"excerpt":{"rendered":"<p>Mapa de cobertura de nuvens - previs\u00e3o de nuvens atual e previs\u00e3o de nuvens O mapa de cobertura de nuvens \u00e9 uma ferramenta importante para prever o clima. Ele pode ajud\u00e1-lo a rastrear o movimento das nuvens e ver como o clima est\u00e1 se desenvolvendo. Veja como ler e interpretar um mapa de cobertura de nuvens. Como ler o mapa de cobertura de nuvens? Primeiro,\u2026&nbsp;<a href=\"https:\/\/weather-radar24.com\/pt\/mapa-de-cobertura-de-nuvens\/\" rel=\"bookmark\">Read More &raquo;<span class=\"screen-reader-text\">Mapa de cobertura de nuvens<\/span><\/a><\/p>","protected":false},"author":1,"featured_media":113,"parent":0,"menu_order":0,"comment_status":"closed","ping_status":"closed","template":"","meta":{"neve_meta_sidebar":"","neve_meta_container":"","neve_meta_enable_content_width":"off","neve_meta_content_width":100,"neve_meta_title_alignment":"","neve_meta_author_avatar":"","neve_post_elements_order":"","neve_meta_disable_header":"","neve_meta_disable_footer":"","neve_meta_disable_title":"on","neve_meta_reading_time":"","footnotes":""},"class_list":["post-42","page","type-page","status-publish","has-post-thumbnail","hentry"],"yoast_head":"<!-- This site is optimized with the Yoast SEO plugin v26.6 - https:\/\/yoast.com\/wordpress\/plugins\/seo\/ -->\n<title>Cloud cover map - current cloud forecast &amp; cloud prediction<\/title>\n<meta name=\"description\" content=\"Follow the current cloud forecast Worldwide with our cloud radar. Current satellite images show the cloud forecast\" \/>\n<meta name=\"robots\" content=\"index, follow, max-snippet:-1, max-image-preview:large, max-video-preview:-1\" \/>\n<link rel=\"canonical\" href=\"https:\/\/weather-radar24.com\/pt\/mapa-de-cobertura-de-nuvens\/\" \/>\n<meta property=\"og:locale\" content=\"pt_BR\" \/>\n<meta property=\"og:type\" content=\"article\" \/>\n<meta property=\"og:title\" content=\"Cloud cover map - current cloud forecast &amp; cloud prediction\" \/>\n<meta property=\"og:description\" content=\"Follow the current cloud forecast Worldwide with our cloud radar. Current satellite images show the cloud forecast\" \/>\n<meta property=\"og:url\" content=\"https:\/\/weather-radar24.com\/pt\/mapa-de-cobertura-de-nuvens\/\" \/>\n<meta property=\"article:modified_time\" content=\"2022-09-03T16:52:45+00:00\" \/>\n<meta property=\"og:image\" content=\"https:\/\/weather-radar24.com\/wp-content\/uploads\/2022\/08\/Bildschirmfoto-2022-08-18-um-13.15.21.png\" \/>\n\t<meta property=\"og:image:width\" content=\"363\" \/>\n\t<meta property=\"og:image:height\" content=\"277\" \/>\n\t<meta property=\"og:image:type\" content=\"image\/png\" \/>\n<meta name=\"twitter:card\" content=\"summary_large_image\" \/>\n<meta name=\"twitter:label1\" content=\"Est. tempo de leitura\" \/>\n\t<meta name=\"twitter:data1\" content=\"3 minutos\" \/>\n<script type=\"application\/ld+json\" class=\"yoast-schema-graph\">{\"@context\":\"https:\/\/schema.org\",\"@graph\":[{\"@type\":\"WebPage\",\"@id\":\"https:\/\/weather-radar24.com\/cloud-cover-map\/\",\"url\":\"https:\/\/weather-radar24.com\/cloud-cover-map\/\",\"name\":\"Cloud cover map - current cloud forecast & cloud prediction\",\"isPartOf\":{\"@id\":\"https:\/\/weather-radar24.com\/#website\"},\"primaryImageOfPage\":{\"@id\":\"https:\/\/weather-radar24.com\/cloud-cover-map\/#primaryimage\"},\"image\":{\"@id\":\"https:\/\/weather-radar24.com\/cloud-cover-map\/#primaryimage\"},\"thumbnailUrl\":\"https:\/\/weather-radar24.com\/wp-content\/uploads\/2022\/08\/Bildschirmfoto-2022-08-18-um-13.15.21.png\",\"datePublished\":\"2022-08-17T19:14:33+00:00\",\"dateModified\":\"2022-09-03T16:52:45+00:00\",\"description\":\"Follow the current cloud forecast Worldwide with our cloud radar. Current satellite images show the cloud forecast\",\"breadcrumb\":{\"@id\":\"https:\/\/weather-radar24.com\/cloud-cover-map\/#breadcrumb\"},\"inLanguage\":\"pt-BR\",\"potentialAction\":[{\"@type\":\"ReadAction\",\"target\":[\"https:\/\/weather-radar24.com\/cloud-cover-map\/\"]}]},{\"@type\":\"ImageObject\",\"inLanguage\":\"pt-BR\",\"@id\":\"https:\/\/weather-radar24.com\/cloud-cover-map\/#primaryimage\",\"url\":\"https:\/\/weather-radar24.com\/wp-content\/uploads\/2022\/08\/Bildschirmfoto-2022-08-18-um-13.15.21.png\",\"contentUrl\":\"https:\/\/weather-radar24.com\/wp-content\/uploads\/2022\/08\/Bildschirmfoto-2022-08-18-um-13.15.21.png\",\"width\":363,\"height\":277,\"caption\":\"Cloud cover map\"},{\"@type\":\"BreadcrumbList\",\"@id\":\"https:\/\/weather-radar24.com\/cloud-cover-map\/#breadcrumb\",\"itemListElement\":[{\"@type\":\"ListItem\",\"position\":1,\"name\":\"Startseite\",\"item\":\"https:\/\/weather-radar24.com\/\"},{\"@type\":\"ListItem\",\"position\":2,\"name\":\"Cloud cover map\"}]},{\"@type\":\"WebSite\",\"@id\":\"https:\/\/weather-radar24.com\/#website\",\"url\":\"https:\/\/weather-radar24.com\/\",\"name\":\"\",\"description\":\"\",\"potentialAction\":[{\"@type\":\"SearchAction\",\"target\":{\"@type\":\"EntryPoint\",\"urlTemplate\":\"https:\/\/weather-radar24.com\/?s={search_term_string}\"},\"query-input\":{\"@type\":\"PropertyValueSpecification\",\"valueRequired\":true,\"valueName\":\"search_term_string\"}}],\"inLanguage\":\"pt-BR\"}]}<\/script>\n<!-- \/ Yoast SEO plugin. -->","yoast_head_json":{"title":"Mapa de cobertura de nuvens - previs\u00e3o de nuvens atual e previs\u00e3o de nuvens","description":"Siga a previs\u00e3o de nuvens atual em todo o mundo com nosso radar de nuvem. As imagens de sat\u00e9lite atuais mostram a previs\u00e3o de nuvens","robots":{"index":"index","follow":"follow","max-snippet":"max-snippet:-1","max-image-preview":"max-image-preview:large","max-video-preview":"max-video-preview:-1"},"canonical":"https:\/\/weather-radar24.com\/pt\/mapa-de-cobertura-de-nuvens\/","og_locale":"pt_BR","og_type":"article","og_title":"Cloud cover map - current cloud forecast & cloud prediction","og_description":"Follow the current cloud forecast Worldwide with our cloud radar. Current satellite images show the cloud forecast","og_url":"https:\/\/weather-radar24.com\/pt\/mapa-de-cobertura-de-nuvens\/","article_modified_time":"2022-09-03T16:52:45+00:00","og_image":[{"width":363,"height":277,"url":"https:\/\/weather-radar24.com\/wp-content\/uploads\/2022\/08\/Bildschirmfoto-2022-08-18-um-13.15.21.png","type":"image\/png"}],"twitter_card":"summary_large_image","twitter_misc":{"Est. tempo de leitura":"3 minutos"},"schema":{"@context":"https:\/\/schema.org","@graph":[{"@type":"WebPage","@id":"https:\/\/weather-radar24.com\/cloud-cover-map\/","url":"https:\/\/weather-radar24.com\/cloud-cover-map\/","name":"Mapa de cobertura de nuvens - previs\u00e3o de nuvens atual e previs\u00e3o de nuvens","isPartOf":{"@id":"https:\/\/weather-radar24.com\/#website"},"primaryImageOfPage":{"@id":"https:\/\/weather-radar24.com\/cloud-cover-map\/#primaryimage"},"image":{"@id":"https:\/\/weather-radar24.com\/cloud-cover-map\/#primaryimage"},"thumbnailUrl":"https:\/\/weather-radar24.com\/wp-content\/uploads\/2022\/08\/Bildschirmfoto-2022-08-18-um-13.15.21.png","datePublished":"2022-08-17T19:14:33+00:00","dateModified":"2022-09-03T16:52:45+00:00","description":"Siga a previs\u00e3o de nuvens atual em todo o mundo com nosso radar de nuvem. As imagens de sat\u00e9lite atuais mostram a previs\u00e3o de nuvens","breadcrumb":{"@id":"https:\/\/weather-radar24.com\/cloud-cover-map\/#breadcrumb"},"inLanguage":"pt-BR","potentialAction":[{"@type":"ReadAction","target":["https:\/\/weather-radar24.com\/cloud-cover-map\/"]}]},{"@type":"ImageObject","inLanguage":"pt-BR","@id":"https:\/\/weather-radar24.com\/cloud-cover-map\/#primaryimage","url":"https:\/\/weather-radar24.com\/wp-content\/uploads\/2022\/08\/Bildschirmfoto-2022-08-18-um-13.15.21.png","contentUrl":"https:\/\/weather-radar24.com\/wp-content\/uploads\/2022\/08\/Bildschirmfoto-2022-08-18-um-13.15.21.png","width":363,"height":277,"caption":"Cloud cover map"},{"@type":"BreadcrumbList","@id":"https:\/\/weather-radar24.com\/cloud-cover-map\/#breadcrumb","itemListElement":[{"@type":"ListItem","position":1,"name":"Startseite","item":"https:\/\/weather-radar24.com\/"},{"@type":"ListItem","position":2,"name":"Cloud cover map"}]},{"@type":"WebSite","@id":"https:\/\/weather-radar24.com\/#website","url":"https:\/\/weather-radar24.com\/","name":"","description":"","potentialAction":[{"@type":"SearchAction","target":{"@type":"EntryPoint","urlTemplate":"https:\/\/weather-radar24.com\/?s={search_term_string}"},"query-input":{"@type":"PropertyValueSpecification","valueRequired":true,"valueName":"search_term_string"}}],"inLanguage":"pt-BR"}]}},"_links":{"self":[{"href":"https:\/\/weather-radar24.com\/pt\/wp-json\/wp\/v2\/pages\/42","targetHints":{"allow":["GET"]}}],"collection":[{"href":"https:\/\/weather-radar24.com\/pt\/wp-json\/wp\/v2\/pages"}],"about":[{"href":"https:\/\/weather-radar24.com\/pt\/wp-json\/wp\/v2\/types\/page"}],"author":[{"embeddable":true,"href":"https:\/\/weather-radar24.com\/pt\/wp-json\/wp\/v2\/users\/1"}],"replies":[{"embeddable":true,"href":"https:\/\/weather-radar24.com\/pt\/wp-json\/wp\/v2\/comments?post=42"}],"version-history":[{"count":6,"href":"https:\/\/weather-radar24.com\/pt\/wp-json\/wp\/v2\/pages\/42\/revisions"}],"predecessor-version":[{"id":201,"href":"https:\/\/weather-radar24.com\/pt\/wp-json\/wp\/v2\/pages\/42\/revisions\/201"}],"wp:featuredmedia":[{"embeddable":true,"href":"https:\/\/weather-radar24.com\/pt\/wp-json\/wp\/v2\/media\/113"}],"wp:attachment":[{"href":"https:\/\/weather-radar24.com\/pt\/wp-json\/wp\/v2\/media?parent=42"}],"curies":[{"name":"wp","href":"https:\/\/api.w.org\/{rel}","templated":true}]}}