{"id":44,"date":"2022-08-17T21:14:51","date_gmt":"2022-08-17T19:14:51","guid":{"rendered":"https:\/\/weather-radar24.com\/?page_id=44"},"modified":"2026-04-11T13:13:09","modified_gmt":"2026-04-11T11:13:09","slug":"storm-radar","status":"publish","type":"page","link":"https:\/\/weather-radar24.com\/pt\/radar-de-tempestade\/","title":{"rendered":"Radar de tempestade"},"content":{"rendered":"<h1>Radar de tempestade - previs\u00e3o atual para clima severo<\/h1>\n<p>O que poderia ser melhor do que sentar e aproveitar o sol quando o tempo est\u00e1 bom? Infelizmente, o tempo nem sempre \u00e9 t\u00e3o bom. O radar de mau tempo \u00e9 uma ferramenta importante para alertar sobre o mau tempo. Mas o que \u00e9 realmente o radar de mau tempo e como ele funciona?<\/p>\n<div id=\"windy-alerts-box\" style=\"max-width:1300px;margin:20px auto;padding:24px;border:1px solid #dcdcdc;border-radius:12px;background:#f8fafc;text-align:center;font-family:Arial,sans-serif;\">\n<h3 style=\"margin:0 0 10px 0;font-size:24px;color:#1f2937;\">Weather Alerts Map<\/h3>\n<p style=\"margin:0 0 18px 0;font-size:16px;line-height:1.5;color:#4b5563;\">\n    Click the button below to load active weather alerts from Windy.com.\n  <\/p>\n<p>  <button onclick=\"loadWindyAlerts()\" style=\"background:#dc2626;color:#ffffff;border:none;padding:14px 24px;font-size:16px;font-weight:600;border-radius:8px;cursor:pointer;\"><br \/>\n    Load Weather Alerts<br \/>\n  <\/button><\/p>\n<p style=\"margin:14px 0 0 0;font-size:13px;color:#6b7280;\">\n    External content will be loaded from Windy.com after clicking.\n  <\/p>\n<\/div>\n<p><script>\nfunction loadWindyAlerts() {\n  document.getElementById('windy-alerts-box').innerHTML =\n    '<iframe loading=\"lazy\" src=\"https:\/\/embed.windy.com\/embed2.html?lat=39.606&#038;lon=-97.031&#038;detailLat=49.142&#038;detailLon=9.223&#038;width=1300&#038;height=600&#038;zoom=5&#038;level=surface&#038;overlay=capAlerts&#038;product=capAlerts&#038;menu=&#038;message=true&#038;marker=&#038;calendar=now&#038;pressure=&#038;type=map&#038;location=coordinates&#038;detail=&#038;metricWind=default&#038;metricTemp=default&#038;radarRange=-1\" width=\"100%\" height=\"600\" frameborder=\"0\" style=\"border:0;border-radius:12px;\"><\/iframe>';\n}\n<\/script><\/p>\n<h2 class=\"p1\">Como ler o radar Storm<\/h2>\n<p class=\"p1\">Antes de tudo, voc\u00ea deve saber que o radar Storm \u00e9 apenas um instant\u00e2neo do clima. N\u00e3o diz nada sobre o futuro. Isso significa que voc\u00ea deve sempre olhar para o radar de mau tempo em conjunto com outros dados meteorol\u00f3gicos para obter a imagem mais precisa.<\/p>\n<p class=\"p1\">Quando voc\u00ea olha para o radar Storm, geralmente v\u00ea algumas cores diferentes. Estes indicam qu\u00e3o pesada \u00e9 a precipita\u00e7\u00e3o neste momento. Quanto mais pesada a precipita\u00e7\u00e3o, mais escura a cor. No entanto, as cores diferentes n\u00e3o dizem nada sobre o tipo de precipita\u00e7\u00e3o. Portanto, pode ser chuva, bem como neve ou granizo. Al\u00e9m disso, deve-se notar que o radar mostra apenas a precipita\u00e7\u00e3o subindo do solo. Portanto, se nenhuma precipita\u00e7\u00e3o cair no solo, voc\u00ea n\u00e3o a ver\u00e1 no radar de clima severo. No entanto, isso n\u00e3o significa necessariamente que n\u00e3o h\u00e1 precipita\u00e7\u00e3o!<\/p>\n<p class=\"p1\">Muitas vezes h\u00e1 \u00e1reas onde chove ou neva, mas o <a href=\"https:\/\/weather-radar24.com\/pt\/radar-de-chuva\/\">chuva<\/a> ou a neve evapora antes de atingir o solo. Nesse caso, tudo o que voc\u00ea v\u00ea no radar \u00e9 um ponto brilhante. Portanto, ao olhar para o radar de clima severo, tenha sempre em mente que \u00e9 apenas um instant\u00e2neo e deve ser considerado em conjunto com outros dados meteorol\u00f3gicos.<\/p>\n<h3>Radar de tempestade por sat\u00e9lite<\/h3>\n<p>Aqui voc\u00ea pode ver tempestades do espa\u00e7o.<\/p>\n<p><em><img decoding=\"async\" src=\"https:\/\/s.w-x.co\/staticmaps\/ussat_1280x720.jpg\" \/><\/em><\/p>\n<h3 class=\"p1\">Como se forma uma tempestade?<\/h3>\n<p class=\"p1\">Uma tempestade \u00e9 um fen\u00f4meno clim\u00e1tico que \u00e9 criado por uma combina\u00e7\u00e3o de ventos fortes e precipita\u00e7\u00e3o. o <a href=\"https:\/\/weather-radar24.com\/pt\/radar-de-vento\/\">vento<\/a> velocidade em uma tempestade pode atingir <a href=\"https:\/\/weather-radar24.com\/pt\/rastreador-de-furacoes\/\">furac\u00e3o<\/a> for\u00e7a e a quantidade de precipita\u00e7\u00e3o pode ser muito alta. Esses dois fatores garantem que uma tempestade pode ser muito perigosa. Como exatamente uma tempestade se forma?<\/p>\n<p class=\"p1\">A resposta n\u00e3o \u00e9 muito simples, pois existem diferentes tipos de tempestades. Algumas tempestades se formam quando o ar frio das regi\u00f5es polares flui para o sul e atinge o ar quente. Esse tipo de tempestade \u00e9 chamado de depress\u00e3o. Outras tempestades se formam quando o ar quente dos tr\u00f3picos flui para o norte e atinge o ar frio. Este tipo de tempestade \u00e9 chamado de \u00e1rea de alta press\u00e3o. Em ambos os casos, o ar se comprime, o que resulta em ventos mais fortes.<\/p>\n<p class=\"p1\">A precipita\u00e7\u00e3o ocorre quando a compress\u00e3o do ar leva a um aumento da umidade, que eventualmente cai na forma de chuva ou <a href=\"https:\/\/weather-radar24.com\/pt\/mapa-de-neve\/\">neve<\/a>. <a href=\"https:\/\/www.nssl.noaa.gov\/education\/svrwx101\/thunderstorms\/faq\/\" target=\"_blank\" rel=\"noopener\">Tempestades podem ser muito perigosas<\/a> e deve ser sempre levado a s\u00e9rio. Se voc\u00ea mora em uma \u00e1rea onde as tempestades s\u00e3o comuns, deve estar ciente das melhores medidas a serem tomadas para proteger voc\u00ea e sua fam\u00edlia.<\/p>\n<h3 class=\"p1\">O que significa aviso de tempestade?<\/h3>\n<p class=\"p1\">Os avisos de tempestade s\u00e3o emitidos pelo servi\u00e7o meteorol\u00f3gico para alertar o p\u00fablico sobre uma tempestade iminente. Os avisos de tempestade s\u00e3o emitidos quando uma tempestade com velocidades de vento de pelo menos 62,14 mph (Bft 9) ou rajadas fortes \u00e9 esperada. Os avisos de tempestade geralmente s\u00e3o v\u00e1lidos por um per\u00edodo de 3 a 6 horas. Os avisos de tempestade geralmente n\u00e3o s\u00e3o emitidos \u00e0 noite ou no in\u00edcio da manh\u00e3, porque \u00e9 quando a maioria das pessoas est\u00e1 dormindo.<\/p>\n<h3 class=\"p1\">Qual \u00e9 o n\u00edvel mais alto de alerta de tempestade?<\/h3>\n<p class=\"p1\">Existem quatro n\u00edveis de aviso de mau tempo. O n\u00edvel mais alto \u00e9 o n\u00edvel de alerta 5, seguido pelos n\u00edveis de alerta 4, 3, 2 e 1. Os n\u00edveis de alerta s\u00e3o definidos pelo servi\u00e7o meteorol\u00f3gico e s\u00e3o baseados em v\u00e1rios crit\u00e9rios, como intensidade e dura\u00e7\u00e3o da tempestade, extens\u00e3o dos danos e interrup\u00e7\u00f5es de tr\u00e1fego esperadas<\/p>\n<h3 class=\"p1\">Quanto tempo leva para uma tempestade passar?<\/h3>\n<p class=\"p1\">Uma tempestade est\u00e1 se aproximando, mas quanto tempo voc\u00ea tem para se manter seguro? Uma tempestade passa r\u00e1pido \u2013 t\u00e3o r\u00e1pido, na verdade, que voc\u00ea mal tem tempo de chegar em seguran\u00e7a. Caso contr\u00e1rio, ele se arrasta infinitamente e o aviso de mau tempo permanece em vigor. Mas quanto tempo realmente dura uma tempestade?<\/p>\n<p class=\"p1\">Portanto, a resposta a esta pergunta n\u00e3o \u00e9 muito simples. Depende de qu\u00e3o forte \u00e9 a tempestade e em que regi\u00e3o ela est\u00e1 localizada. Normalmente, uma tempestade dura entre 30 minutos e uma hora. Em casos raros, no entanto, pode durar mais tempo.<\/p>","protected":false},"excerpt":{"rendered":"<p>Radar de tempestade \u2013 previs\u00e3o atual para mau tempo O que poderia ser melhor do que sentar e aproveitar o sol quando o tempo est\u00e1 bom? Infelizmente, o tempo nem sempre \u00e9 t\u00e3o bom. O radar de mau tempo \u00e9 uma ferramenta importante para alertar sobre o mau tempo. Mas o que \u00e9 realmente o radar de mau tempo e como\u2026&nbsp;<a href=\"https:\/\/weather-radar24.com\/pt\/radar-de-tempestade\/\" rel=\"bookmark\">Read More &raquo;<span class=\"screen-reader-text\">Radar de tempestade<\/span><\/a><\/p>","protected":false},"author":1,"featured_media":120,"parent":0,"menu_order":0,"comment_status":"closed","ping_status":"closed","template":"","meta":{"neve_meta_sidebar":"","neve_meta_container":"","neve_meta_enable_content_width":"off","neve_meta_content_width":100,"neve_meta_title_alignment":"","neve_meta_author_avatar":"","neve_post_elements_order":"","neve_meta_disable_header":"","neve_meta_disable_footer":"","neve_meta_disable_title":"on","neve_meta_reading_time":"","footnotes":""},"class_list":["post-44","page","type-page","status-publish","has-post-thumbnail","hentry"],"yoast_head":"<!-- This site is optimized with the Yoast SEO plugin v27.3 - https:\/\/yoast.com\/product\/yoast-seo-wordpress\/ -->\n<title>Storm radar - current forecast for severe weather<\/title>\n<meta name=\"description\" content=\"Track the current weather conditions in real time with our Storm radar! The weather map shows the forecast for rain and severe weather\" \/>\n<meta name=\"robots\" content=\"index, follow, max-snippet:-1, max-image-preview:large, max-video-preview:-1\" \/>\n<link rel=\"canonical\" href=\"https:\/\/weather-radar24.com\/pt\/radar-de-tempestade\/\" \/>\n<meta property=\"og:locale\" content=\"pt_BR\" \/>\n<meta property=\"og:type\" content=\"article\" \/>\n<meta property=\"og:title\" content=\"Storm radar - current forecast for severe weather\" \/>\n<meta property=\"og:description\" content=\"Track the current weather conditions in real time with our Storm radar! The weather map shows the forecast for rain and severe weather\" \/>\n<meta property=\"og:url\" content=\"https:\/\/weather-radar24.com\/pt\/radar-de-tempestade\/\" \/>\n<meta property=\"article:modified_time\" content=\"2026-04-11T11:13:09+00:00\" \/>\n<meta property=\"og:image\" content=\"https:\/\/weather-radar24.com\/wp-content\/uploads\/2022\/08\/Bildschirmfoto-2022-08-18-um-19.20.43.png\" \/>\n\t<meta property=\"og:image:width\" content=\"353\" \/>\n\t<meta property=\"og:image:height\" content=\"258\" \/>\n\t<meta property=\"og:image:type\" content=\"image\/png\" \/>\n<meta name=\"twitter:card\" content=\"summary_large_image\" \/>\n<meta name=\"twitter:label1\" content=\"Est. tempo de leitura\" \/>\n\t<meta name=\"twitter:data1\" content=\"4 minutos\" \/>\n<script type=\"application\/ld+json\" class=\"yoast-schema-graph\">{\"@context\":\"https:\\\/\\\/schema.org\",\"@graph\":[{\"@type\":\"WebPage\",\"@id\":\"https:\\\/\\\/weather-radar24.com\\\/storm-radar\\\/\",\"url\":\"https:\\\/\\\/weather-radar24.com\\\/storm-radar\\\/\",\"name\":\"Storm radar - current forecast for severe weather\",\"isPartOf\":{\"@id\":\"https:\\\/\\\/weather-radar24.com\\\/#website\"},\"primaryImageOfPage\":{\"@id\":\"https:\\\/\\\/weather-radar24.com\\\/storm-radar\\\/#primaryimage\"},\"image\":{\"@id\":\"https:\\\/\\\/weather-radar24.com\\\/storm-radar\\\/#primaryimage\"},\"thumbnailUrl\":\"https:\\\/\\\/weather-radar24.com\\\/wp-content\\\/uploads\\\/2022\\\/08\\\/Bildschirmfoto-2022-08-18-um-19.20.43.png\",\"datePublished\":\"2022-08-17T19:14:51+00:00\",\"dateModified\":\"2026-04-11T11:13:09+00:00\",\"description\":\"Track the current weather conditions in real time with our Storm radar! The weather map shows the forecast for rain and severe weather\",\"breadcrumb\":{\"@id\":\"https:\\\/\\\/weather-radar24.com\\\/storm-radar\\\/#breadcrumb\"},\"inLanguage\":\"pt-BR\",\"potentialAction\":[{\"@type\":\"ReadAction\",\"target\":[\"https:\\\/\\\/weather-radar24.com\\\/storm-radar\\\/\"]}]},{\"@type\":\"ImageObject\",\"inLanguage\":\"pt-BR\",\"@id\":\"https:\\\/\\\/weather-radar24.com\\\/storm-radar\\\/#primaryimage\",\"url\":\"https:\\\/\\\/weather-radar24.com\\\/wp-content\\\/uploads\\\/2022\\\/08\\\/Bildschirmfoto-2022-08-18-um-19.20.43.png\",\"contentUrl\":\"https:\\\/\\\/weather-radar24.com\\\/wp-content\\\/uploads\\\/2022\\\/08\\\/Bildschirmfoto-2022-08-18-um-19.20.43.png\",\"width\":353,\"height\":258,\"caption\":\"Storm radar\"},{\"@type\":\"BreadcrumbList\",\"@id\":\"https:\\\/\\\/weather-radar24.com\\\/storm-radar\\\/#breadcrumb\",\"itemListElement\":[{\"@type\":\"ListItem\",\"position\":1,\"name\":\"Startseite\",\"item\":\"https:\\\/\\\/weather-radar24.com\\\/\"},{\"@type\":\"ListItem\",\"position\":2,\"name\":\"Storm radar\"}]},{\"@type\":\"WebSite\",\"@id\":\"https:\\\/\\\/weather-radar24.com\\\/#website\",\"url\":\"https:\\\/\\\/weather-radar24.com\\\/\",\"name\":\"\",\"description\":\"\",\"potentialAction\":[{\"@type\":\"SearchAction\",\"target\":{\"@type\":\"EntryPoint\",\"urlTemplate\":\"https:\\\/\\\/weather-radar24.com\\\/?s={search_term_string}\"},\"query-input\":{\"@type\":\"PropertyValueSpecification\",\"valueRequired\":true,\"valueName\":\"search_term_string\"}}],\"inLanguage\":\"pt-BR\"}]}<\/script>\n<!-- \/ Yoast SEO plugin. -->","yoast_head_json":{"title":"Radar de tempestade - previs\u00e3o atual para mau tempo","description":"Acompanhe as condi\u00e7\u00f5es clim\u00e1ticas atuais em tempo real com nosso radar Storm! O mapa meteorol\u00f3gico mostra a previs\u00e3o de chuva e mau tempo","robots":{"index":"index","follow":"follow","max-snippet":"max-snippet:-1","max-image-preview":"max-image-preview:large","max-video-preview":"max-video-preview:-1"},"canonical":"https:\/\/weather-radar24.com\/pt\/radar-de-tempestade\/","og_locale":"pt_BR","og_type":"article","og_title":"Storm radar - current forecast for severe weather","og_description":"Track the current weather conditions in real time with our Storm radar! The weather map shows the forecast for rain and severe weather","og_url":"https:\/\/weather-radar24.com\/pt\/radar-de-tempestade\/","article_modified_time":"2026-04-11T11:13:09+00:00","og_image":[{"width":353,"height":258,"url":"https:\/\/weather-radar24.com\/wp-content\/uploads\/2022\/08\/Bildschirmfoto-2022-08-18-um-19.20.43.png","type":"image\/png"}],"twitter_card":"summary_large_image","twitter_misc":{"Est. tempo de leitura":"4 minutos"},"schema":{"@context":"https:\/\/schema.org","@graph":[{"@type":"WebPage","@id":"https:\/\/weather-radar24.com\/storm-radar\/","url":"https:\/\/weather-radar24.com\/storm-radar\/","name":"Radar de tempestade - previs\u00e3o atual para mau tempo","isPartOf":{"@id":"https:\/\/weather-radar24.com\/#website"},"primaryImageOfPage":{"@id":"https:\/\/weather-radar24.com\/storm-radar\/#primaryimage"},"image":{"@id":"https:\/\/weather-radar24.com\/storm-radar\/#primaryimage"},"thumbnailUrl":"https:\/\/weather-radar24.com\/wp-content\/uploads\/2022\/08\/Bildschirmfoto-2022-08-18-um-19.20.43.png","datePublished":"2022-08-17T19:14:51+00:00","dateModified":"2026-04-11T11:13:09+00:00","description":"Acompanhe as condi\u00e7\u00f5es clim\u00e1ticas atuais em tempo real com nosso radar Storm! O mapa meteorol\u00f3gico mostra a previs\u00e3o de chuva e mau tempo","breadcrumb":{"@id":"https:\/\/weather-radar24.com\/storm-radar\/#breadcrumb"},"inLanguage":"pt-BR","potentialAction":[{"@type":"ReadAction","target":["https:\/\/weather-radar24.com\/storm-radar\/"]}]},{"@type":"ImageObject","inLanguage":"pt-BR","@id":"https:\/\/weather-radar24.com\/storm-radar\/#primaryimage","url":"https:\/\/weather-radar24.com\/wp-content\/uploads\/2022\/08\/Bildschirmfoto-2022-08-18-um-19.20.43.png","contentUrl":"https:\/\/weather-radar24.com\/wp-content\/uploads\/2022\/08\/Bildschirmfoto-2022-08-18-um-19.20.43.png","width":353,"height":258,"caption":"Storm radar"},{"@type":"BreadcrumbList","@id":"https:\/\/weather-radar24.com\/storm-radar\/#breadcrumb","itemListElement":[{"@type":"ListItem","position":1,"name":"Startseite","item":"https:\/\/weather-radar24.com\/"},{"@type":"ListItem","position":2,"name":"Storm radar"}]},{"@type":"WebSite","@id":"https:\/\/weather-radar24.com\/#website","url":"https:\/\/weather-radar24.com\/","name":"","description":"","potentialAction":[{"@type":"SearchAction","target":{"@type":"EntryPoint","urlTemplate":"https:\/\/weather-radar24.com\/?s={search_term_string}"},"query-input":{"@type":"PropertyValueSpecification","valueRequired":true,"valueName":"search_term_string"}}],"inLanguage":"pt-BR"}]}},"_links":{"self":[{"href":"https:\/\/weather-radar24.com\/pt\/wp-json\/wp\/v2\/pages\/44","targetHints":{"allow":["GET"]}}],"collection":[{"href":"https:\/\/weather-radar24.com\/pt\/wp-json\/wp\/v2\/pages"}],"about":[{"href":"https:\/\/weather-radar24.com\/pt\/wp-json\/wp\/v2\/types\/page"}],"author":[{"embeddable":true,"href":"https:\/\/weather-radar24.com\/pt\/wp-json\/wp\/v2\/users\/1"}],"replies":[{"embeddable":true,"href":"https:\/\/weather-radar24.com\/pt\/wp-json\/wp\/v2\/comments?post=44"}],"version-history":[{"count":10,"href":"https:\/\/weather-radar24.com\/pt\/wp-json\/wp\/v2\/pages\/44\/revisions"}],"predecessor-version":[{"id":119,"href":"https:\/\/weather-radar24.com\/pt\/wp-json\/wp\/v2\/pages\/44\/revisions\/119"}],"wp:featuredmedia":[{"embeddable":true,"href":"https:\/\/weather-radar24.com\/pt\/wp-json\/wp\/v2\/media\/120"}],"wp:attachment":[{"href":"https:\/\/weather-radar24.com\/pt\/wp-json\/wp\/v2\/media?parent=44"}],"curies":[{"name":"wp","href":"https:\/\/api.w.org\/{rel}","templated":true}]}}