{"id":46,"date":"2022-08-17T21:15:08","date_gmt":"2022-08-17T19:15:08","guid":{"rendered":"https:\/\/weather-radar24.com\/?page_id=46"},"modified":"2022-09-07T17:00:18","modified_gmt":"2022-09-07T15:00:18","slug":"lightning-strike-map","status":"publish","type":"page","link":"https:\/\/weather-radar24.com\/pt\/mapa-relampago\/","title":{"rendered":"Mapa do rel\u00e2mpago"},"content":{"rendered":"<h1>Mapa de rel\u00e2mpagos - rastreie as tempestades atuais por detec\u00e7\u00e3o de rel\u00e2mpagos<\/h1>\n<p>Muitos de n\u00f3s j\u00e1 ouvimos falar desse fen\u00f4meno clim\u00e1tico, mas poucos realmente o entendem. Aqui vamos explicar o que exatamente \u00e9 um mapa de ataque de raios e como ele funciona!<br \/>\n<iframe loading=\"lazy\" src=\"https:\/\/embed.windy.com\/embed2.html?lat=39.606&amp;lon=-97.031&amp;detailLat=49.142&amp;detailLon=9.223&amp;width=1300&amp;height=600&amp;zoom=5&amp;level=surface&amp;overlay=radar&amp;product=radar&amp;menu=&amp;message=true&amp;marker=&amp;calendar=now&amp;pressure=&amp;type=map&amp;location=coordinates&amp;detail=&amp;metricWind=default&amp;metricTemp=default&amp;radarRange=-1\" width=\"100%\" height=\"600\" frameborder=\"0\" data-dashlane-frameid=\"1610\"><span data-mce-type=\"bookmark\" style=\"display: inline-block; width: 0px; overflow: hidden; line-height: 0;\" class=\"mce_SELRES_start\"><\/span><\/iframe><\/p>\n<h2 class=\"p1\">O que \u00e9 um radar rel\u00e2mpago?<\/h2>\n<p class=\"p1\">O radar rel\u00e2mpago \u00e9 um radar projetado especificamente para procurar trovoadas. A inven\u00e7\u00e3o do radar de raios remonta a 1940, quando Robert Watson-Watt, no Reino Unido, desenvolveu o primeiro sistema capaz de localizar raios.<\/p>\n<p class=\"p1\">O radar foi baseado no princ\u00edpio da vis\u00e3o noturna e, portanto, foi capaz de detectar raios em um raio de v\u00e1rias centenas de quil\u00f4metros. Nos anos seguintes, o sistema foi desenvolvido e aprimorado para que hoje seja capaz de detectar quase todos os raios em um raio de cerca de 800 quil\u00f4metros.<\/p>\n<h2 class=\"p1\">Como funciona um mapa de ataque rel\u00e2mpago?<\/h2>\n<p class=\"p1\">Se voc\u00ea j\u00e1 assistiu a uma tempestade, deve ter notado que o trov\u00e3o geralmente vem alguns segundos ap\u00f3s o rel\u00e2mpago. Isso se deve \u00e0 velocidade do som, que \u00e9 de cerca de 340 metros por segundo. A velocidade da luz, por outro lado, \u00e9 infinitamente r\u00e1pida.<\/p>\n<p class=\"p1\">Por esta raz\u00e3o, o radar de raios pode ser usado para determinar a localiza\u00e7\u00e3o exata da tempestade. O radar envia um feixe de ondas eletromagn\u00e9ticas para a atmosfera e recebe o eco que \u00e9 refletido de volta pelas gotas de chuva ou part\u00edculas de gelo. Com base no tempo de viagem do sinal, o radar pode calcular a dist\u00e2ncia da tempestade. Assim, um radar rel\u00e2mpago nada mais \u00e9 do que um <a href=\"https:\/\/weather-radar24.com\/pt\/\">radar meteorol\u00f3gico<\/a> projetado especificamente para procurar tempestades.<\/p>\n<h3 class=\"p1\">Como um mapa rel\u00e2mpago localiza onde o rel\u00e2mpago atingir\u00e1?<\/h3>\n<p class=\"p1\">A localiza\u00e7\u00e3o do raio \u00e9 a determina\u00e7\u00e3o da posi\u00e7\u00e3o do raio em tempo real. O m\u00e9todo mais comum de localiza\u00e7\u00e3o de raios \u00e9 a triangula\u00e7\u00e3o, na qual tr\u00eas ou mais receptores cronometram o impacto e enviam suas posi\u00e7\u00f5es para um computador central. Isto ent\u00e3o calcula a posi\u00e7\u00e3o do raio. A localiza\u00e7\u00e3o do rel\u00e2mpago tamb\u00e9m pode ser usada para determinar a posi\u00e7\u00e3o das tempestades.<\/p>\n<p class=\"p1\">Como o rel\u00e2mpago \u00e9 muito r\u00e1pido, muitas vezes n\u00e3o pode ser visto a olho nu. No entanto, se v\u00e1rios receptores medem o tempo do ataque e enviam suas posi\u00e7\u00f5es para um computador central, o computador pode calcular a posi\u00e7\u00e3o da tempestade. A detec\u00e7\u00e3o de raios tamb\u00e9m \u00e9 \u00fatil para determinar a posi\u00e7\u00e3o de fen\u00f4menos clim\u00e1ticos, como <a href=\"https:\/\/weather-radar24.com\/pt\/radar-de-tornado\/\">tornados<\/a> ou <a href=\"https:\/\/weather-radar24.com\/pt\/rastreador-de-furacoes\/\">furac\u00f5es<\/a>. Como esses fen\u00f4menos s\u00e3o muito r\u00e1pidos, muitas vezes n\u00e3o podem ser vistos a olho nu. No entanto, se v\u00e1rios receptores medem o tempo de impacto e enviam suas posi\u00e7\u00f5es para um computador central, o computador pode calcular a posi\u00e7\u00e3o do fen\u00f4meno.<\/p>\n<h3 class=\"p1\">Como ocorre o rel\u00e2mpago?<\/h3>\n<p class=\"p1\">O rel\u00e2mpago \u00e9 uma descarga el\u00e9trica que ocorre entre nuvens ou entre um <a href=\"https:\/\/weather-radar24.com\/pt\/mapa-de-cobertura-de-nuvens\/\">nuvem<\/a> e a terra. A maioria dos rel\u00e2mpagos ocorre quando as nuvens cumulonimbus (nuvens de trov\u00e3o) se formam. Nessas nuvens, o ar \u00e9 muito \u00famido e ocorrem correntes ascendentes. As correntes ascendentes fazem com que as nuvens fiquem cada vez mais altas at\u00e9 atingirem seu limite. Quando a nuvem atinge esse limite, o raio pode ser emitido para baixo.<\/p>\n<h3>O que \u00e9 trov\u00e3o?<\/h3>\n<p>O trov\u00e3o \u00e9 causado pelo calor extremo associado ao rel\u00e2mpago. Em menos de um segundo, o ar \u00e9 aquecido a 15.000 a 60.000 F. Quando o ar \u00e9 aquecido a uma temperatura t\u00e3o alta, ele rapidamente se expande (\u201cexplode\u201d) e depois se contrai. \u00c9 essa r\u00e1pida expans\u00e3o\/contra\u00e7\u00e3o das mol\u00e9culas do ar que causa as ondas sonoras que n\u00f3s \u201d<\/p>\n<h3 class=\"p1\">Quantos volts tem um raio normal?<\/h3>\n<p class=\"p1\">Muitas pessoas se perguntam quantos volts tem um raio normal. Na verdade, \u00e9 dif\u00edcil dizer, porque n\u00e3o existem raios \u201cnormais\u201d. <a href=\"https:\/\/www.windpowerengineering.com\/how-much-power-in-a-bolt-of-lightning\/\" target=\"_blank\" rel=\"noopener\">A voltagem dos rel\u00e2mpagos<\/a> varia muito e depende de muitos fatores, como a altura da tempestade, o n\u00famero de nuvens e o tipo de solo. No entanto, a tens\u00e3o \u00e9 geralmente entre 100 milh\u00f5es e 1 bilh\u00e3o de volts.<\/p>\n<h3 class=\"p1\">Quais s\u00e3o os diferentes tipos de raios?<\/h3>\n<p class=\"p1\">O rel\u00e2mpago pode ser dividido em v\u00e1rias categorias, dependendo de sua forma e estrutura. Os tipos mais comuns de rel\u00e2mpagos s\u00e3o rel\u00e2mpagos nuvem-solo, rel\u00e2mpagos de tempestade e rel\u00e2mpagos meteorol\u00f3gicos.<\/p>\n<h3 class=\"p1\">Qu\u00e3o quente \u00e9 um raio em m\u00e9dia?<\/h3>\n<p class=\"p1\">Se voc\u00ea j\u00e1 se perguntou o qu\u00e3o quente \u00e9 um rel\u00e2mpago, voc\u00ea n\u00e3o est\u00e1 sozinho. No entanto, os especialistas concordam que a temperatura do rel\u00e2mpago \u00e9 de cerca de 30.000 graus Fahrenheit. Isso \u00e9 cerca de cinco vezes mais quente que a superf\u00edcie do sol!<\/p>\n<h3>O que o rel\u00e2mpago geralmente atinge?<\/h3>\n<p>O rel\u00e2mpago vem de uma nuvem cumulonimbus pai. Essas nuvens de trovoada s\u00e3o formadas sempre que h\u00e1 movimento ascendente suficiente, instabilidade na vertical e umidade para produzir uma nuvem profunda que atinge n\u00edveis um pouco mais frios que o congelamento.<\/p>\n<p>Essas condi\u00e7\u00f5es s\u00e3o mais frequentemente atendidas no ver\u00e3o. Em geral, o continente dos EUA tem uma quantidade decrescente de raios em dire\u00e7\u00e3o ao noroeste. Durante todo o ano, a maior frequ\u00eancia de raios nuvem-solo est\u00e1 na Fl\u00f3rida, entre Tampa e Orlando. Isso se deve \u00e0 presen\u00e7a, em muitos dias do ano, de um grande teor de umidade na atmosfera em n\u00edveis baixos (abaixo de 5.000 p\u00e9s), al\u00e9m de altas temperaturas de superf\u00edcie que produzem fortes brisas mar\u00edtimas ao longo das costas da Fl\u00f3rida.<\/p>\n<p>As montanhas ocidentais dos Estados Unidos tamb\u00e9m produzem fortes movimentos ascendentes e contribuem para frequentes rel\u00e2mpagos nuvem-solo. H\u00e1 tamb\u00e9m altas frequ\u00eancias ao longo da costa do Golfo do M\u00e9xico para o oeste at\u00e9 o Texas, a costa atl\u00e2ntica no sudeste dos Estados Unidos e o interior do Golfo. As regi\u00f5es ao longo da costa oeste do Pac\u00edfico t\u00eam menos raios nuvem-solo.<\/p>\n<p>Flashes que n\u00e3o atingem a superf\u00edcie s\u00e3o chamados de flashes de nuvens. Eles podem estar dentro de uma nuvem, viajar de uma parte de uma nuvem para outra ou da nuvem para o ar.<\/p>\n<h3 class=\"p1\">Onde os raios ocorrem com mais frequ\u00eancia no mundo?<\/h3>\n<p class=\"p1\">Em princ\u00edpio, a maior densidade de raios ocorre onde as massas de ar quente e frio se encontram, ou seja, nas regi\u00f5es costeiras dos tr\u00f3picos. No entanto, se n\u00e3o olharmos para toda a Terra, mas nos limitarmos \u00e0s \u00e1reas terrestres, a Am\u00e9rica do Sul \u00e9 a favorita \u2013 de longe.<\/p>\n<h3 class=\"p1\">Pode haver rel\u00e2mpagos sem trov\u00f5es?<\/h3>\n<p class=\"p1\">Muitas pessoas pensam que sempre troveja quando h\u00e1 rel\u00e2mpagos. Mas isso nem sempre \u00e9 verdade! Tamb\u00e9m pode acontecer que ele pisque sem trovejar. Muitas vezes voc\u00ea n\u00e3o pode ouvir o trov\u00e3o se o rel\u00e2mpago estiver muito longe.<span class=\"Apple-converted-space\">\u00a0 <\/span>O ar \u00e9 simplesmente muito espesso para que o som se propague bem.<\/p>\n<h3>Rel\u00e2mpagos podem ser detectados?<\/h3>\n<p>Desde a d\u00e9cada de 1980, os rel\u00e2mpagos nuvem-solo foram detectados e mapeados em tempo real em todos os Estados Unidos por v\u00e1rias redes. Flashes tamb\u00e9m foram detectados do espa\u00e7o durante os \u00faltimos anos por um sensor \u00f3ptico. Este sat\u00e9lite experimental cobre a Terra duas vezes por dia em regi\u00f5es tropicais. O sat\u00e9lite tamb\u00e9m detecta flashes que n\u00e3o atingem o solo, mas n\u00e3o consegue distinguir entre impactos no solo e flashes de nuvens.<\/p>\n<h3 class=\"p1\">Qu\u00e3o perigoso \u00e9 o raio?<\/h3>\n<p class=\"p1\">O rel\u00e2mpago \u00e9 uma das for\u00e7as mais perigosas da natureza. Todos os anos, uma m\u00e9dia de 24.000 pessoas morrem como resultado do contato direto ou indireto com um raio. No entanto, o risco de ser atingido por um raio \u00e9 relativamente baixo.<\/p>\n<h3>Que tipos de danos o raio pode causar?<\/h3>\n<p>Os raios nuvem-solo podem matar ou ferir pessoas por meios diretos ou indiretos. A corrente do raio pode se ramificar para uma pessoa de uma \u00e1rvore, cerca, poste ou outro objeto alto. N\u00e3o se sabe se todas as pessoas que s\u00e3o atingidas diretamente pelo flash s\u00e3o mortas. Al\u00e9m disso, os flashes podem conduzir sua corrente atrav\u00e9s do solo para uma pessoa depois que o flash atinge uma \u00e1rvore pr\u00f3xima, antena ou outro objeto alto. A corrente tamb\u00e9m pode viajar atrav\u00e9s de linhas de energia ou telefone, ou canos de encanamento para uma pessoa que est\u00e1 em contato com um aparelho el\u00e9trico, telefone ou encanamento.<\/p>\n<p>Da mesma forma, objetos podem ser atingidos diretamente e esse impacto pode resultar em explos\u00e3o, queimadura ou destrui\u00e7\u00e3o total. Ou, o dano pode ser indireto quando a corrente passa por ele ou perto dele. \u00c0s vezes, a corrente pode entrar em um pr\u00e9dio e ser transferida atrav\u00e9s de fios ou encanamentos e danificar tudo em seu caminho. Da mesma forma, em \u00e1reas urbanas, pode atingir um poste ou \u00e1rvore e a corrente ent\u00e3o viaja para v\u00e1rias casas pr\u00f3ximas e outras estruturas e entra nelas atrav\u00e9s de fia\u00e7\u00e3o ou encanamento.<\/p>\n<h3>O que causa o rel\u00e2mpago?<\/h3>\n<p>Os rel\u00e2mpagos se originam em torno de 15.000 a 25.000 p\u00e9s acima do n\u00edvel do mar quando as gotas de chuva s\u00e3o transportadas para cima at\u00e9 que algumas delas se convertam em gelo. Por raz\u00f5es que n\u00e3o s\u00e3o amplamente aceitas, um rel\u00e2mpago nuvem-solo se origina nesta regi\u00e3o mista de \u00e1gua e gelo. A carga ent\u00e3o se move para baixo em se\u00e7\u00f5es de 50 jardas chamadas l\u00edderes de passos. Ele continua se movendo em dire\u00e7\u00e3o ao solo nessas etapas e produz um canal ao longo do qual a carga \u00e9 depositada. Eventualmente, ele encontra algo no ch\u00e3o que \u00e9 uma boa conex\u00e3o. O circuito est\u00e1 completo nesse momento, e a carga \u00e9 baixada da nuvem para o solo.<\/p>\n<p>O fluxo de carga (corrente) produz uma luminosidade muito mais brilhante do que a parte que desceu. Todo esse evento geralmente leva menos de meio segundo.<\/p>","protected":false},"excerpt":{"rendered":"<p>Lightning strike map &#8211; track current thunderstorms by lightning detection Many of us have heard of this weather phenomenon, but only a few really understand it. Here we will explain what exactly a lightning Strike Map is and how it works! \ufeff What is a lightning radar? Lightning radar is a radar specifically designed to&hellip;&nbsp;<a href=\"https:\/\/weather-radar24.com\/pt\/mapa-relampago\/\" rel=\"bookmark\">Read More &raquo;<span class=\"screen-reader-text\">Mapa do rel\u00e2mpago<\/span><\/a><\/p>","protected":false},"author":1,"featured_media":124,"parent":0,"menu_order":0,"comment_status":"closed","ping_status":"closed","template":"","meta":{"neve_meta_sidebar":"","neve_meta_container":"","neve_meta_enable_content_width":"off","neve_meta_content_width":100,"neve_meta_title_alignment":"","neve_meta_author_avatar":"","neve_post_elements_order":"","neve_meta_disable_header":"","neve_meta_disable_footer":"","neve_meta_disable_title":"on","neve_meta_reading_time":"","footnotes":""},"class_list":["post-46","page","type-page","status-publish","has-post-thumbnail","hentry"],"yoast_head":"<!-- This site is optimized with the Yoast SEO plugin v26.6 - https:\/\/yoast.com\/wordpress\/plugins\/seo\/ -->\n<title>Lightning strike map - current thunderstorms by lightning detection<\/title>\n<meta name=\"description\" content=\"Follow lightning strikes Worldwide in real time! The lightning radar with live location \u2713 thunderstorm forecast \u2713 lightning location\" \/>\n<meta name=\"robots\" content=\"index, follow, max-snippet:-1, max-image-preview:large, max-video-preview:-1\" \/>\n<link rel=\"canonical\" href=\"https:\/\/weather-radar24.com\/pt\/mapa-relampago\/\" \/>\n<meta property=\"og:locale\" content=\"pt_BR\" \/>\n<meta property=\"og:type\" content=\"article\" \/>\n<meta property=\"og:title\" content=\"Lightning strike map - current thunderstorms by lightning detection\" \/>\n<meta property=\"og:description\" content=\"Follow lightning strikes Worldwide in real time! The lightning radar with live location \u2713 thunderstorm forecast \u2713 lightning location\" \/>\n<meta property=\"og:url\" content=\"https:\/\/weather-radar24.com\/pt\/mapa-relampago\/\" \/>\n<meta property=\"article:modified_time\" content=\"2022-09-07T15:00:18+00:00\" \/>\n<meta property=\"og:image\" content=\"https:\/\/weather-radar24.com\/wp-content\/uploads\/2022\/08\/Bildschirmfoto-2022-08-17-um-22.05.14.png\" \/>\n\t<meta property=\"og:image:width\" content=\"358\" \/>\n\t<meta property=\"og:image:height\" content=\"262\" \/>\n\t<meta property=\"og:image:type\" content=\"image\/png\" \/>\n<meta name=\"twitter:card\" content=\"summary_large_image\" \/>\n<meta name=\"twitter:label1\" content=\"Est. tempo de leitura\" \/>\n\t<meta name=\"twitter:data1\" content=\"7 minutos\" \/>\n<script type=\"application\/ld+json\" class=\"yoast-schema-graph\">{\"@context\":\"https:\/\/schema.org\",\"@graph\":[{\"@type\":\"WebPage\",\"@id\":\"https:\/\/weather-radar24.com\/lightning-strike-map\/\",\"url\":\"https:\/\/weather-radar24.com\/lightning-strike-map\/\",\"name\":\"Lightning strike map - current thunderstorms by lightning detection\",\"isPartOf\":{\"@id\":\"https:\/\/weather-radar24.com\/#website\"},\"primaryImageOfPage\":{\"@id\":\"https:\/\/weather-radar24.com\/lightning-strike-map\/#primaryimage\"},\"image\":{\"@id\":\"https:\/\/weather-radar24.com\/lightning-strike-map\/#primaryimage\"},\"thumbnailUrl\":\"https:\/\/weather-radar24.com\/wp-content\/uploads\/2022\/08\/Bildschirmfoto-2022-08-17-um-22.05.14.png\",\"datePublished\":\"2022-08-17T19:15:08+00:00\",\"dateModified\":\"2022-09-07T15:00:18+00:00\",\"description\":\"Follow lightning strikes Worldwide in real time! The lightning radar with live location \u2713 thunderstorm forecast \u2713 lightning location\",\"breadcrumb\":{\"@id\":\"https:\/\/weather-radar24.com\/lightning-strike-map\/#breadcrumb\"},\"inLanguage\":\"pt-BR\",\"potentialAction\":[{\"@type\":\"ReadAction\",\"target\":[\"https:\/\/weather-radar24.com\/lightning-strike-map\/\"]}]},{\"@type\":\"ImageObject\",\"inLanguage\":\"pt-BR\",\"@id\":\"https:\/\/weather-radar24.com\/lightning-strike-map\/#primaryimage\",\"url\":\"https:\/\/weather-radar24.com\/wp-content\/uploads\/2022\/08\/Bildschirmfoto-2022-08-17-um-22.05.14.png\",\"contentUrl\":\"https:\/\/weather-radar24.com\/wp-content\/uploads\/2022\/08\/Bildschirmfoto-2022-08-17-um-22.05.14.png\",\"width\":358,\"height\":262,\"caption\":\"Lightning strike map\"},{\"@type\":\"BreadcrumbList\",\"@id\":\"https:\/\/weather-radar24.com\/lightning-strike-map\/#breadcrumb\",\"itemListElement\":[{\"@type\":\"ListItem\",\"position\":1,\"name\":\"Startseite\",\"item\":\"https:\/\/weather-radar24.com\/\"},{\"@type\":\"ListItem\",\"position\":2,\"name\":\"Lightning strike map\"}]},{\"@type\":\"WebSite\",\"@id\":\"https:\/\/weather-radar24.com\/#website\",\"url\":\"https:\/\/weather-radar24.com\/\",\"name\":\"\",\"description\":\"\",\"potentialAction\":[{\"@type\":\"SearchAction\",\"target\":{\"@type\":\"EntryPoint\",\"urlTemplate\":\"https:\/\/weather-radar24.com\/?s={search_term_string}\"},\"query-input\":{\"@type\":\"PropertyValueSpecification\",\"valueRequired\":true,\"valueName\":\"search_term_string\"}}],\"inLanguage\":\"pt-BR\"}]}<\/script>\n<!-- \/ Yoast SEO plugin. -->","yoast_head_json":{"title":"Mapa de rel\u00e2mpagos - tempestades atuais por detec\u00e7\u00e3o de rel\u00e2mpagos","description":"Siga rel\u00e2mpagos em todo o mundo em tempo real! O radar de raios com localiza\u00e7\u00e3o ao vivo \u2713 previs\u00e3o de tempestades \u2713 localiza\u00e7\u00e3o de raios","robots":{"index":"index","follow":"follow","max-snippet":"max-snippet:-1","max-image-preview":"max-image-preview:large","max-video-preview":"max-video-preview:-1"},"canonical":"https:\/\/weather-radar24.com\/pt\/mapa-relampago\/","og_locale":"pt_BR","og_type":"article","og_title":"Lightning strike map - current thunderstorms by lightning detection","og_description":"Follow lightning strikes Worldwide in real time! The lightning radar with live location \u2713 thunderstorm forecast \u2713 lightning location","og_url":"https:\/\/weather-radar24.com\/pt\/mapa-relampago\/","article_modified_time":"2022-09-07T15:00:18+00:00","og_image":[{"width":358,"height":262,"url":"https:\/\/weather-radar24.com\/wp-content\/uploads\/2022\/08\/Bildschirmfoto-2022-08-17-um-22.05.14.png","type":"image\/png"}],"twitter_card":"summary_large_image","twitter_misc":{"Est. tempo de leitura":"7 minutos"},"schema":{"@context":"https:\/\/schema.org","@graph":[{"@type":"WebPage","@id":"https:\/\/weather-radar24.com\/lightning-strike-map\/","url":"https:\/\/weather-radar24.com\/lightning-strike-map\/","name":"Mapa de rel\u00e2mpagos - tempestades atuais por detec\u00e7\u00e3o de rel\u00e2mpagos","isPartOf":{"@id":"https:\/\/weather-radar24.com\/#website"},"primaryImageOfPage":{"@id":"https:\/\/weather-radar24.com\/lightning-strike-map\/#primaryimage"},"image":{"@id":"https:\/\/weather-radar24.com\/lightning-strike-map\/#primaryimage"},"thumbnailUrl":"https:\/\/weather-radar24.com\/wp-content\/uploads\/2022\/08\/Bildschirmfoto-2022-08-17-um-22.05.14.png","datePublished":"2022-08-17T19:15:08+00:00","dateModified":"2022-09-07T15:00:18+00:00","description":"Siga rel\u00e2mpagos em todo o mundo em tempo real! O radar de raios com localiza\u00e7\u00e3o ao vivo \u2713 previs\u00e3o de tempestades \u2713 localiza\u00e7\u00e3o de raios","breadcrumb":{"@id":"https:\/\/weather-radar24.com\/lightning-strike-map\/#breadcrumb"},"inLanguage":"pt-BR","potentialAction":[{"@type":"ReadAction","target":["https:\/\/weather-radar24.com\/lightning-strike-map\/"]}]},{"@type":"ImageObject","inLanguage":"pt-BR","@id":"https:\/\/weather-radar24.com\/lightning-strike-map\/#primaryimage","url":"https:\/\/weather-radar24.com\/wp-content\/uploads\/2022\/08\/Bildschirmfoto-2022-08-17-um-22.05.14.png","contentUrl":"https:\/\/weather-radar24.com\/wp-content\/uploads\/2022\/08\/Bildschirmfoto-2022-08-17-um-22.05.14.png","width":358,"height":262,"caption":"Lightning strike map"},{"@type":"BreadcrumbList","@id":"https:\/\/weather-radar24.com\/lightning-strike-map\/#breadcrumb","itemListElement":[{"@type":"ListItem","position":1,"name":"Startseite","item":"https:\/\/weather-radar24.com\/"},{"@type":"ListItem","position":2,"name":"Lightning strike map"}]},{"@type":"WebSite","@id":"https:\/\/weather-radar24.com\/#website","url":"https:\/\/weather-radar24.com\/","name":"","description":"","potentialAction":[{"@type":"SearchAction","target":{"@type":"EntryPoint","urlTemplate":"https:\/\/weather-radar24.com\/?s={search_term_string}"},"query-input":{"@type":"PropertyValueSpecification","valueRequired":true,"valueName":"search_term_string"}}],"inLanguage":"pt-BR"}]}},"_links":{"self":[{"href":"https:\/\/weather-radar24.com\/pt\/wp-json\/wp\/v2\/pages\/46","targetHints":{"allow":["GET"]}}],"collection":[{"href":"https:\/\/weather-radar24.com\/pt\/wp-json\/wp\/v2\/pages"}],"about":[{"href":"https:\/\/weather-radar24.com\/pt\/wp-json\/wp\/v2\/types\/page"}],"author":[{"embeddable":true,"href":"https:\/\/weather-radar24.com\/pt\/wp-json\/wp\/v2\/users\/1"}],"replies":[{"embeddable":true,"href":"https:\/\/weather-radar24.com\/pt\/wp-json\/wp\/v2\/comments?post=46"}],"version-history":[{"count":8,"href":"https:\/\/weather-radar24.com\/pt\/wp-json\/wp\/v2\/pages\/46\/revisions"}],"predecessor-version":[{"id":210,"href":"https:\/\/weather-radar24.com\/pt\/wp-json\/wp\/v2\/pages\/46\/revisions\/210"}],"wp:featuredmedia":[{"embeddable":true,"href":"https:\/\/weather-radar24.com\/pt\/wp-json\/wp\/v2\/media\/124"}],"wp:attachment":[{"href":"https:\/\/weather-radar24.com\/pt\/wp-json\/wp\/v2\/media?parent=46"}],"curies":[{"name":"wp","href":"https:\/\/api.w.org\/{rel}","templated":true}]}}