{"id":48,"date":"2022-08-17T21:15:27","date_gmt":"2022-08-17T19:15:27","guid":{"rendered":"https:\/\/weather-radar24.com\/?page_id=48"},"modified":"2026-04-11T13:16:00","modified_gmt":"2026-04-11T11:16:00","slug":"tornado-radar","status":"publish","type":"page","link":"https:\/\/weather-radar24.com\/pt\/radar-de-tornado\/","title":{"rendered":"Radar tornado"},"content":{"rendered":"<h1>Mapa ao vivo do Tornado Tracker<\/p>\n<div id=\"windy-tornado-box\" style=\"max-width:1300px;margin:20px auto;padding:24px;border:1px solid #dcdcdc;border-radius:12px;background:#fef2f2;text-align:center;font-family:Arial,sans-serif;\">\n<h3 style=\"margin:0 0 10px 0;font-size:26px;color:#991b1b;\">\n    \ud83c\udf2a\ufe0f Tornado Tracker Live Map<br \/>\n  <\/h3>\n<p style=\"margin:0 0 18px 0;font-size:16px;line-height:1.5;color:#4b5563;\">\n    Monitor potential tornado activity using real-time wind gust data and severe weather conditions.\n  <\/p>\n<p>  <button onclick=\"loadWindyTornado()\" style=\"background:#dc2626;color:#ffffff;border:none;padding:14px 26px;font-size:16px;font-weight:700;border-radius:8px;cursor:pointer;\"><br \/>\n    Load Tornado Tracker<br \/>\n  <\/button><\/p>\n<p style=\"margin:14px 0 0 0;font-size:13px;color:#6b7280;\">\n    Live data provided by Windy.com \u2013 click to load interactive map.\n  <\/p>\n<\/div>\n<p><script>\nfunction loadWindyTornado() {\n  document.getElementById('windy-tornado-box').innerHTML =\n    '<iframe loading=\"lazy\" src=\"https:\/\/embed.windy.com\/embed2.html?lat=39.606&#038;lon=-97.031&#038;detailLat=49.142&#038;detailLon=9.223&#038;width=1300&#038;height=600&#038;zoom=5&#038;level=surface&#038;overlay=gust&#038;product=ecmwf&#038;menu=&#038;message=true&#038;marker=&#038;calendar=now&#038;pressure=&#038;type=map&#038;location=coordinates&#038;detail=&#038;metricWind=default&#038;metricTemp=default&#038;radarRange=-1\" width=\"100%\" height=\"600\" frameborder=\"0\" style=\"border:0;border-radius:12px;\"><\/iframe>';\n}\n<\/script><br \/>\n<\/h1>\n<p style=\"text-align: center;\"><strong>Mova o mapa para encontrar o Tornado que deseja rastrear.<\/strong><\/p>\n<p class=\"p1\">Embora os tornados sejam relativamente raros, voc\u00ea ainda deve saber como reconhec\u00ea-los e o que fazer assim que perceber que um tornado est\u00e1 perto de voc\u00ea!<\/p>\n<h2>Probabilidade de tornado nos EUA hoje<\/h2>\n<p><a href=\"https:\/\/www.spc.noaa.gov\/products\/outlook\/day1otlk.html\" target=\"_blank\" rel=\"nofollow noopener\"><img loading=\"lazy\" decoding=\"async\" class=\"aligncenter\" src=\"https:\/\/www.spc.noaa.gov\/products\/outlook\/day1probotlk_torn.gif\" alt=\"\" width=\"815\" height=\"555\" \/><\/a><\/p>\n<h2>Probabilidade de tornado de amanh\u00e3 nos EUA<\/h2>\n<p><a href=\"https:\/\/www.spc.noaa.gov\/products\/outlook\/day1otlk.html\" target=\"_blank\" rel=\"nofollow noopener\"><img loading=\"lazy\" decoding=\"async\" class=\"aligncenter\" src=\"https:\/\/www.spc.noaa.gov\/products\/outlook\/day2probotlk_torn.gif\" alt=\"\" width=\"815\" height=\"555\" \/><\/a><\/p>\n<h2>Rel\u00f3gios atuais de mau tempo<\/h2>\n<p><a href=\"https:\/\/www.spc.noaa.gov\/products\/outlook\/day1otlk.html\" target=\"_blank\" rel=\"nofollow noopener\"><img loading=\"lazy\" decoding=\"async\" class=\"aligncenter\" src=\"https:\/\/www.spc.noaa.gov\/products\/watch\/validww.png\" alt=\"\" width=\"582\" height=\"408\" \/><\/a><\/p>\n<p style=\"text-align: center;\">Vigil\u00e2ncias de tempestades severas s\u00e3o <span style=\"color: #0000ff;\">azul<\/span>. Os rel\u00f3gios tornados s\u00e3o <span style=\"color: #ff0000;\">vermelho<\/span>.<\/p>\n<h2 class=\"p1\">Como ler o radar tornado<\/h2>\n<p class=\"p1\">Quando voc\u00ea olha para o rastreador de tornados, pode aprender algumas coisas interessantes sobre o <a href=\"https:\/\/weather-radar24.com\/pt\/\">clima atual<\/a>. Por exemplo, voc\u00ea pode ver se h\u00e1 um tornado nas proximidades. Se voc\u00ea usar o radar de tornado para prever o clima, tamb\u00e9m poder\u00e1 ver onde um tornado pode ocorrer. Quando voc\u00ea usa o rastreador de tornados para prever o clima, deve interpret\u00e1-lo como se estivesse lendo um mapa.<\/p>\n<p class=\"p1\">O rastreador de tornados mostra a localiza\u00e7\u00e3o de tornados pr\u00f3ximos. As cores do radar do tornado indicam a for\u00e7a do tornado. Quanto maior e mais forte o tornado, mais vermelho ele aparece no radar do tornado. A forma do tornado no radar fornece informa\u00e7\u00f5es sobre sua dire\u00e7\u00e3o. Se o tornado est\u00e1 apontando para a esquerda, ele est\u00e1 se movendo para nordeste. Se estiver apontando para a direita, est\u00e1 se movendo para sudeste. Se for horizontal, est\u00e1 se movendo para oeste ou leste. E se estiver apontando para baixo, est\u00e1 se movendo para noroeste ou sudoeste.<\/p>\n<p class=\"p1\">Ao usar o radar de tornado para prever onde um tornado pode ocorrer, voc\u00ea deve primeiro considerar a for\u00e7a do tornado. Quanto mais forte o tornado, maior a probabilidade de ele se formar. Em segundo lugar, voc\u00ea deve considerar a dire\u00e7\u00e3o que o tornado est\u00e1 apontando. Se for horizontal, \u00e9 mais prov\u00e1vel que se forme. E terceiro, voc\u00ea deve considerar onde o tornado est\u00e1 localizado. Quanto mais longe estiver do centro da tempestade, maior a probabilidade de se formar.<\/p>\n<h3 class=\"p1\">O que \u00e9 um tornado?<\/h3>\n<p class=\"p1\">Um tornado \u00e9 uma depress\u00e3o de tempestade poderosa e de r\u00e1pida rota\u00e7\u00e3o que se eleva dos n\u00edveis mais baixos da atmosfera para a troposfera. Os tornados podem ocorrer sobre a terra ou sobre a \u00e1gua e geralmente variam em largura de algumas centenas de metros a alguns quil\u00f4metros. Eles s\u00e3o muito perigosos e podem causar danos graves.<\/p>\n<h3 class=\"p1\">Como os tornados se formam?<\/h3>\n<p class=\"p1\">Tornados se formam quando o ar frio e quente se misturam. O ar frio \u00e9 mais pesado que o ar quente e empurra o ar quente para cima. \u00c0 medida que o ar frio sobe, forma-se um v\u00f3rtice que gira continuamente. Quanto maior a diferen\u00e7a de temperatura entre o ar frio e quente, mais forte o v\u00f3rtice se torna. Os tornados podem se formar muito repentinamente e geralmente duram apenas alguns minutos.<\/p>\n<h3 class=\"p1\">Quando come\u00e7a a temporada de tornados nos EUA?<\/h3>\n<p class=\"p1\"><a href=\"https:\/\/www.bobvila.com\/articles\/when-is-tornado-season\/\" target=\"_blank\" rel=\"noopener\">Temporada de tornados nos Estados Unidos<\/a> oficialmente come\u00e7a em 1\u00ba de junho e termina em 30 de novembro. \u00c9 quando o risco de tornados \u00e9 maior. No entanto, a maioria dos tornados nos EUA ocorre em maio, junho e julho. Nos \u00faltimos anos, no entanto, houve exce\u00e7\u00f5es, de modo que os tornados podem ocorrer fora da temporada oficial. A primeira metade da temporada \u00e9 geralmente a mais ativa, pois \u00e9 quando a maioria das condi\u00e7\u00f5es clim\u00e1ticas s\u00e3o mais favor\u00e1veis \u00e0 forma\u00e7\u00e3o de tornados.<\/p>\n<h3 class=\"p1\"><b>Aulas de tornado<\/b><\/h3>\n<p class=\"p1\">Um tornado \u00e9 um evento clim\u00e1tico extremamente violento caracterizado por ventos muito fortes e um v\u00f3rtice apertado. Existem as seguintes categorias:<\/p>\n<ul style=\"list-style-type: circle;\">\n<li><strong>F0<\/strong> (velocidades do vento de 72,7 mph)<\/li>\n<li class=\"p1\"><strong>F1<\/strong> (fraco, velocidades do vento de 72,7 mph \u2013 111,8 mph)<\/li>\n<li class=\"p1\"><strong>F2<\/strong> (m\u00e9dia forte, velocidades do vento de 111,8 mph \u2013 156,5 mph)<\/li>\n<li class=\"p1\"><strong>F3<\/strong> (forte, velocidade do vento de 156,5 mph \u2013 206,9 mph)<\/li>\n<li class=\"p1\"><strong>F4<\/strong> (muito forte, ventos de 206,9 mph \u2013 260,3 mph<span class=\"s1\">)<\/span><\/li>\n<li><strong>F5<\/strong> (violento, vento com velocidade superior a 260,3 mph)<\/li>\n<\/ul>","protected":false},"excerpt":{"rendered":"<p>Tornado Tracker live map \ud83c\udf2a\ufe0f Tornado Tracker Live Map Monitor potential tornado activity using real-time wind gust data and severe weather conditions. Load Tornado Tracker Live data provided by Windy.com \u2013 click to load interactive map. Move the map to find the Tornado you want to track. Even though tornadoes are relatively rare, you should&hellip;&nbsp;<a href=\"https:\/\/weather-radar24.com\/pt\/radar-de-tornado\/\" rel=\"bookmark\">Read More &raquo;<span class=\"screen-reader-text\">Radar tornado<\/span><\/a><\/p>","protected":false},"author":1,"featured_media":128,"parent":0,"menu_order":0,"comment_status":"closed","ping_status":"closed","template":"","meta":{"neve_meta_sidebar":"","neve_meta_container":"","neve_meta_enable_content_width":"off","neve_meta_content_width":100,"neve_meta_title_alignment":"","neve_meta_author_avatar":"","neve_post_elements_order":"","neve_meta_disable_header":"","neve_meta_disable_footer":"","neve_meta_disable_title":"on","neve_meta_reading_time":"","footnotes":""},"class_list":["post-48","page","type-page","status-publish","has-post-thumbnail","hentry"],"yoast_head":"<!-- This site is optimized with the Yoast SEO plugin v27.3 - https:\/\/yoast.com\/product\/yoast-seo-wordpress\/ -->\n<title>Tornado Tracker live map - Track where are tornadoes<\/title>\n<meta name=\"description\" content=\"Tornado radar \u2713 Includes tracking map, live radar- Track the current wind force, wind speed and wind forecast for the next few days.\" \/>\n<meta name=\"robots\" content=\"index, follow, max-snippet:-1, max-image-preview:large, max-video-preview:-1\" \/>\n<link rel=\"canonical\" href=\"https:\/\/weather-radar24.com\/pt\/radar-de-tornado\/\" \/>\n<meta property=\"og:locale\" content=\"pt_BR\" \/>\n<meta property=\"og:type\" content=\"article\" \/>\n<meta property=\"og:title\" content=\"Tornado Tracker live map - Track where are tornadoes\" \/>\n<meta property=\"og:description\" content=\"Tornado radar \u2713 Includes tracking map, live radar- Track the current wind force, wind speed and wind forecast for the next few days.\" \/>\n<meta property=\"og:url\" content=\"https:\/\/weather-radar24.com\/pt\/radar-de-tornado\/\" \/>\n<meta property=\"article:modified_time\" content=\"2026-04-11T11:16:00+00:00\" \/>\n<meta property=\"og:image\" content=\"https:\/\/weather-radar24.com\/wp-content\/uploads\/2022\/08\/Bildschirmfoto-2022-08-18-um-19.32.48.png\" \/>\n\t<meta property=\"og:image:width\" content=\"341\" \/>\n\t<meta property=\"og:image:height\" content=\"300\" \/>\n\t<meta property=\"og:image:type\" content=\"image\/png\" \/>\n<meta name=\"twitter:card\" content=\"summary_large_image\" \/>\n<meta name=\"twitter:label1\" content=\"Est. tempo de leitura\" \/>\n\t<meta name=\"twitter:data1\" content=\"4 minutos\" \/>\n<script type=\"application\/ld+json\" class=\"yoast-schema-graph\">{\"@context\":\"https:\\\/\\\/schema.org\",\"@graph\":[{\"@type\":\"WebPage\",\"@id\":\"https:\\\/\\\/weather-radar24.com\\\/tornado-radar\\\/\",\"url\":\"https:\\\/\\\/weather-radar24.com\\\/tornado-radar\\\/\",\"name\":\"Tornado Tracker live map - Track where are tornadoes\",\"isPartOf\":{\"@id\":\"https:\\\/\\\/weather-radar24.com\\\/#website\"},\"primaryImageOfPage\":{\"@id\":\"https:\\\/\\\/weather-radar24.com\\\/tornado-radar\\\/#primaryimage\"},\"image\":{\"@id\":\"https:\\\/\\\/weather-radar24.com\\\/tornado-radar\\\/#primaryimage\"},\"thumbnailUrl\":\"https:\\\/\\\/weather-radar24.com\\\/wp-content\\\/uploads\\\/2022\\\/08\\\/Bildschirmfoto-2022-08-18-um-19.32.48.png\",\"datePublished\":\"2022-08-17T19:15:27+00:00\",\"dateModified\":\"2026-04-11T11:16:00+00:00\",\"description\":\"Tornado radar \u2713 Includes tracking map, live radar- Track the current wind force, wind speed and wind forecast for the next few days.\",\"breadcrumb\":{\"@id\":\"https:\\\/\\\/weather-radar24.com\\\/tornado-radar\\\/#breadcrumb\"},\"inLanguage\":\"pt-BR\",\"potentialAction\":[{\"@type\":\"ReadAction\",\"target\":[\"https:\\\/\\\/weather-radar24.com\\\/tornado-radar\\\/\"]}]},{\"@type\":\"ImageObject\",\"inLanguage\":\"pt-BR\",\"@id\":\"https:\\\/\\\/weather-radar24.com\\\/tornado-radar\\\/#primaryimage\",\"url\":\"https:\\\/\\\/weather-radar24.com\\\/wp-content\\\/uploads\\\/2022\\\/08\\\/Bildschirmfoto-2022-08-18-um-19.32.48.png\",\"contentUrl\":\"https:\\\/\\\/weather-radar24.com\\\/wp-content\\\/uploads\\\/2022\\\/08\\\/Bildschirmfoto-2022-08-18-um-19.32.48.png\",\"width\":341,\"height\":300,\"caption\":\"Tornado radar\"},{\"@type\":\"BreadcrumbList\",\"@id\":\"https:\\\/\\\/weather-radar24.com\\\/tornado-radar\\\/#breadcrumb\",\"itemListElement\":[{\"@type\":\"ListItem\",\"position\":1,\"name\":\"Startseite\",\"item\":\"https:\\\/\\\/weather-radar24.com\\\/\"},{\"@type\":\"ListItem\",\"position\":2,\"name\":\"Tornado radar\"}]},{\"@type\":\"WebSite\",\"@id\":\"https:\\\/\\\/weather-radar24.com\\\/#website\",\"url\":\"https:\\\/\\\/weather-radar24.com\\\/\",\"name\":\"\",\"description\":\"\",\"potentialAction\":[{\"@type\":\"SearchAction\",\"target\":{\"@type\":\"EntryPoint\",\"urlTemplate\":\"https:\\\/\\\/weather-radar24.com\\\/?s={search_term_string}\"},\"query-input\":{\"@type\":\"PropertyValueSpecification\",\"valueRequired\":true,\"valueName\":\"search_term_string\"}}],\"inLanguage\":\"pt-BR\"}]}<\/script>\n<!-- \/ Yoast SEO plugin. -->","yoast_head_json":{"title":"Mapa ao vivo do Tornado Tracker - Acompanhe onde est\u00e3o os tornados","description":"Radar Tornado \u2713 Inclui mapa de rastreamento, radar ao vivo - Acompanhe a for\u00e7a do vento atual, velocidade do vento e previs\u00e3o de vento para os pr\u00f3ximos dias.","robots":{"index":"index","follow":"follow","max-snippet":"max-snippet:-1","max-image-preview":"max-image-preview:large","max-video-preview":"max-video-preview:-1"},"canonical":"https:\/\/weather-radar24.com\/pt\/radar-de-tornado\/","og_locale":"pt_BR","og_type":"article","og_title":"Tornado Tracker live map - Track where are tornadoes","og_description":"Tornado radar \u2713 Includes tracking map, live radar- Track the current wind force, wind speed and wind forecast for the next few days.","og_url":"https:\/\/weather-radar24.com\/pt\/radar-de-tornado\/","article_modified_time":"2026-04-11T11:16:00+00:00","og_image":[{"width":341,"height":300,"url":"https:\/\/weather-radar24.com\/wp-content\/uploads\/2022\/08\/Bildschirmfoto-2022-08-18-um-19.32.48.png","type":"image\/png"}],"twitter_card":"summary_large_image","twitter_misc":{"Est. tempo de leitura":"4 minutos"},"schema":{"@context":"https:\/\/schema.org","@graph":[{"@type":"WebPage","@id":"https:\/\/weather-radar24.com\/tornado-radar\/","url":"https:\/\/weather-radar24.com\/tornado-radar\/","name":"Mapa ao vivo do Tornado Tracker - Acompanhe onde est\u00e3o os tornados","isPartOf":{"@id":"https:\/\/weather-radar24.com\/#website"},"primaryImageOfPage":{"@id":"https:\/\/weather-radar24.com\/tornado-radar\/#primaryimage"},"image":{"@id":"https:\/\/weather-radar24.com\/tornado-radar\/#primaryimage"},"thumbnailUrl":"https:\/\/weather-radar24.com\/wp-content\/uploads\/2022\/08\/Bildschirmfoto-2022-08-18-um-19.32.48.png","datePublished":"2022-08-17T19:15:27+00:00","dateModified":"2026-04-11T11:16:00+00:00","description":"Radar Tornado \u2713 Inclui mapa de rastreamento, radar ao vivo - Acompanhe a for\u00e7a do vento atual, velocidade do vento e previs\u00e3o de vento para os pr\u00f3ximos dias.","breadcrumb":{"@id":"https:\/\/weather-radar24.com\/tornado-radar\/#breadcrumb"},"inLanguage":"pt-BR","potentialAction":[{"@type":"ReadAction","target":["https:\/\/weather-radar24.com\/tornado-radar\/"]}]},{"@type":"ImageObject","inLanguage":"pt-BR","@id":"https:\/\/weather-radar24.com\/tornado-radar\/#primaryimage","url":"https:\/\/weather-radar24.com\/wp-content\/uploads\/2022\/08\/Bildschirmfoto-2022-08-18-um-19.32.48.png","contentUrl":"https:\/\/weather-radar24.com\/wp-content\/uploads\/2022\/08\/Bildschirmfoto-2022-08-18-um-19.32.48.png","width":341,"height":300,"caption":"Tornado radar"},{"@type":"BreadcrumbList","@id":"https:\/\/weather-radar24.com\/tornado-radar\/#breadcrumb","itemListElement":[{"@type":"ListItem","position":1,"name":"Startseite","item":"https:\/\/weather-radar24.com\/"},{"@type":"ListItem","position":2,"name":"Tornado radar"}]},{"@type":"WebSite","@id":"https:\/\/weather-radar24.com\/#website","url":"https:\/\/weather-radar24.com\/","name":"","description":"","potentialAction":[{"@type":"SearchAction","target":{"@type":"EntryPoint","urlTemplate":"https:\/\/weather-radar24.com\/?s={search_term_string}"},"query-input":{"@type":"PropertyValueSpecification","valueRequired":true,"valueName":"search_term_string"}}],"inLanguage":"pt-BR"}]}},"_links":{"self":[{"href":"https:\/\/weather-radar24.com\/pt\/wp-json\/wp\/v2\/pages\/48","targetHints":{"allow":["GET"]}}],"collection":[{"href":"https:\/\/weather-radar24.com\/pt\/wp-json\/wp\/v2\/pages"}],"about":[{"href":"https:\/\/weather-radar24.com\/pt\/wp-json\/wp\/v2\/types\/page"}],"author":[{"embeddable":true,"href":"https:\/\/weather-radar24.com\/pt\/wp-json\/wp\/v2\/users\/1"}],"replies":[{"embeddable":true,"href":"https:\/\/weather-radar24.com\/pt\/wp-json\/wp\/v2\/comments?post=48"}],"version-history":[{"count":10,"href":"https:\/\/weather-radar24.com\/pt\/wp-json\/wp\/v2\/pages\/48\/revisions"}],"predecessor-version":[{"id":183,"href":"https:\/\/weather-radar24.com\/pt\/wp-json\/wp\/v2\/pages\/48\/revisions\/183"}],"wp:featuredmedia":[{"embeddable":true,"href":"https:\/\/weather-radar24.com\/pt\/wp-json\/wp\/v2\/media\/128"}],"wp:attachment":[{"href":"https:\/\/weather-radar24.com\/pt\/wp-json\/wp\/v2\/media?parent=48"}],"curies":[{"name":"wp","href":"https:\/\/api.w.org\/{rel}","templated":true}]}}