{"id":50,"date":"2022-08-17T21:15:47","date_gmt":"2022-08-17T19:15:47","guid":{"rendered":"https:\/\/weather-radar24.com\/?page_id=50"},"modified":"2026-04-11T13:12:33","modified_gmt":"2026-04-11T11:12:33","slug":"snow-cover-map","status":"publish","type":"page","link":"https:\/\/weather-radar24.com\/pt\/mapa-de-neve\/","title":{"rendered":"Mapa de cobertura de neve"},"content":{"rendered":"<h1>Mapa de cobertura de neve ao vivo \u2013 previs\u00e3o de neve atual<\/h1>\n<p>Um mapa de cobertura de neve \u00e9 uma ferramenta indispens\u00e1vel para todos aqueles que querem se preparar para a neve que sopra. Vamos explicar como funciona e tudo o que voc\u00ea precisa saber!<\/p>\n<div id=\"windy-rain-zoom6-box\" style=\"max-width:1300px;margin:20px auto;padding:24px;border:1px solid #dcdcdc;border-radius:12px;background:#f8fafc;text-align:center;font-family:Arial,sans-serif;\">\n<h3 style=\"margin:0 0 10px 0;font-size:24px;color:#1f2937;\">Rain Radar (Zoomed)<\/h3>\n<p style=\"margin:0 0 18px 0;font-size:16px;line-height:1.5;color:#4b5563;\">\n    Click the button below to load the detailed rain radar map from Windy.com.\n  <\/p>\n<p>  <button onclick=\"loadWindyRainZoom6()\" style=\"background:#2563eb;color:#ffffff;border:none;padding:14px 24px;font-size:16px;font-weight:600;border-radius:8px;cursor:pointer;\"><br \/>\n    Load Rain Radar<br \/>\n  <\/button><\/p>\n<p style=\"margin:14px 0 0 0;font-size:13px;color:#6b7280;\">\n    External content will be loaded from Windy.com after clicking.\n  <\/p>\n<\/div>\n<p><script>\nfunction loadWindyRainZoom6() {\n  document.getElementById('windy-rain-zoom6-box').innerHTML =\n    '<iframe loading=\"lazy\" src=\"https:\/\/embed.windy.com\/embed2.html?lat=39.606&#038;lon=-97.031&#038;detailLat=49.142&#038;detailLon=9.223&#038;width=1300&#038;height=600&#038;zoom=6&#038;level=surface&#038;overlay=rain&#038;product=ecmwf&#038;menu=&#038;message=true&#038;marker=&#038;calendar=now&#038;pressure=&#038;type=map&#038;location=coordinates&#038;detail=&#038;metricWind=default&#038;metricTemp=default&#038;radarRange=-1\" width=\"100%\" height=\"600\" frameborder=\"0\" style=\"border:0;border-radius:12px;\"><\/iframe>';\n}\n<\/script><\/p>\n<h2 class=\"p1\">O que \u00e9 um mapa de cobertura de neve?<\/h2>\n<p class=\"p1\">Um mapa de cobertura de neve \u00e9 uma ferramenta importante para melhorar a previs\u00e3o de neve. Ele pode ajudar a rastrear o movimento de <a href=\"https:\/\/scijinks.gov\/snowflakes\/\" target=\"_blank\" rel=\"noopener\">flocos de neve<\/a> para prever a quantidade de neve. No entanto, para us\u00e1-lo corretamente, voc\u00ea precisa saber como l\u00ea-lo.<\/p>\n<p class=\"p1\">O mapa de cobertura de neve exibe a intensidade da queda de neve em cores diferentes. As cores variam do amarelo ao vermelho, o que significa que a queda de neve \u00e9 muito densa. Manchas pretas no mapa significam que n\u00e3o h\u00e1 neve. Ao olhar para o <a href=\"https:\/\/weather-radar24.com\/pt\/\">radar meteorol\u00f3gico<\/a>, voc\u00ea tamb\u00e9m deve prestar aten\u00e7\u00e3o \u00e0 dire\u00e7\u00e3o do vento. A dire\u00e7\u00e3o do vento pode ajud\u00e1-lo a prever o movimento dos flocos de neve. Se o vento estiver vindo do norte, significa que a neve cair\u00e1 na dire\u00e7\u00e3o sul. Se o <a href=\"https:\/\/weather-radar24.com\/pt\/radar-de-vento\/\">vento<\/a> \u00e9 do sul, significa que a neve cair\u00e1 na dire\u00e7\u00e3o norte.<\/p>\n<p class=\"p1\">O mapa de cobertura de neve \u00e9 uma ferramenta \u00fatil, mas \u00e9 importante saber interpret\u00e1-lo corretamente. S\u00f3 assim voc\u00ea poder\u00e1 fazer a melhor previs\u00e3o poss\u00edvel.<\/p>\n<h2 class=\"p1\">Como funciona o mapa de cobertura de neve?<\/h2>\n<p class=\"p1\">Um mapa de cobertura de neve \u00e9 uma ferramenta usada para prever precipita\u00e7\u00e3o, especialmente neve. O mapa de neve funciona enviando ondas de r\u00e1dio para a atmosfera e rastreando os sinais refletidos. A intensidade dos sinais refletidos varia dependendo de quantas gotas de \u00e1gua ou cristais de neve atingem o feixe do radar. Portanto, o mapa de cobertura de neve pode prever as quantidades de precipita\u00e7\u00e3o medindo a intensidade dos sinais refletidos.<\/p>\n<p class=\"p1\">Quanto mais forte o sinal, maior a probabilidade de precipita\u00e7\u00e3o intensa. Com base nessas medi\u00e7\u00f5es, os meteorologistas podem fazer previs\u00f5es sobre o tipo e a quantidade de precipita\u00e7\u00e3o que cair\u00e1 em uma determinada \u00e1rea.<\/p>\n<h3 class=\"p1\">Quando vai come\u00e7ar a nevar?<\/h3>\n<p class=\"p1\">Se voc\u00ea tem acompanhado os \u00faltimos boletins meteorol\u00f3gicos, provavelmente notou que tem nevado com mais frequ\u00eancia ultimamente. A queda de neve \u00e9 uma ocorr\u00eancia incomum na maioria das regi\u00f5es e as pessoas est\u00e3o curiosas sobre quando come\u00e7ar\u00e1 a nevar. A verdade \u00e9 que n\u00e3o h\u00e1 uma resposta exata porque h\u00e1 muitos fatores que influenciam a queda de neve.<\/p>\n<p class=\"p1\">No entanto, alguns fatores que podem afetar o momento exato da queda de neve. Um dos fatores mais importantes \u00e9 a umidade. Quanto maior a umidade, mais prov\u00e1vel que o vapor d&#039;\u00e1gua se condense em<span class=\"Apple-converted-space\">\u00a0<\/span>o ar e formam cristais de neve.<\/p>\n<h3 class=\"p1\">Onde neva mais?<\/h3>\n<p class=\"p1\">Um pico de 4.671 metros na fronteira da prov\u00edncia canadense da Col\u00fambia Brit\u00e2nica com o estado americano do Alasca n\u00e3o \u00e9 apenas provavelmente a montanha com o nome mais impreciso do mundo, mas tamb\u00e9m potencialmente o lugar mais nevado do planeta: o Monte Fairweather \u2013 a Montanha Fairweather.<\/p>\n<p class=\"p1\">Os mapas de precipita\u00e7\u00e3o mostram 7.000 a 18.000 mil\u00edmetros de precipita\u00e7\u00e3o anual para as regi\u00f5es mais altas, ou at\u00e9 49 mil\u00edmetros por dia; e isso cai inteiramente como neve l\u00e1 em cima. De acordo com o esquema de convers\u00e3o usual, que pressup\u00f5e um cent\u00edmetro de neve por mil\u00edmetro de precipita\u00e7\u00e3o, isso resulta em at\u00e9 180 metros de queda de neve anual acumulada. O \u00fanico problema \u00e9 que n\u00e3o h\u00e1 telef\u00e9ricos na remota Wrangell-St. Montanhas Elias.<\/p>","protected":false},"excerpt":{"rendered":"<p>Snow cover map Live \u2013 current snow forecast A snow cover map is an indispensable tool for all those who want to prepare for the blowing snow. We&#8217;ll explain how it works and everything you need to be aware of! Rain Radar (Zoomed) Click the button below to load the detailed rain radar map from&hellip;&nbsp;<a href=\"https:\/\/weather-radar24.com\/pt\/mapa-de-neve\/\" rel=\"bookmark\">Read More &raquo;<span class=\"screen-reader-text\">Mapa de cobertura de neve<\/span><\/a><\/p>","protected":false},"author":1,"featured_media":117,"parent":0,"menu_order":0,"comment_status":"closed","ping_status":"closed","template":"","meta":{"neve_meta_sidebar":"","neve_meta_container":"","neve_meta_enable_content_width":"off","neve_meta_content_width":100,"neve_meta_title_alignment":"","neve_meta_author_avatar":"","neve_post_elements_order":"","neve_meta_disable_header":"","neve_meta_disable_footer":"","neve_meta_disable_title":"on","neve_meta_reading_time":"","footnotes":""},"class_list":["post-50","page","type-page","status-publish","has-post-thumbnail","hentry"],"yoast_head":"<!-- This site is optimized with the Yoast SEO plugin v27.3 - https:\/\/yoast.com\/product\/yoast-seo-wordpress\/ -->\n<title>Snow cover map Live \u2013 current snow forecast<\/title>\n<meta name=\"description\" content=\"Follow the current snow forecast Worldwide with our Snow cover map Live Tracker. Where is it currently snowing? \u2744\ufe0f\" \/>\n<meta name=\"robots\" content=\"index, follow, max-snippet:-1, max-image-preview:large, max-video-preview:-1\" \/>\n<link rel=\"canonical\" href=\"https:\/\/weather-radar24.com\/pt\/mapa-de-neve\/\" \/>\n<meta property=\"og:locale\" content=\"pt_BR\" \/>\n<meta property=\"og:type\" content=\"article\" \/>\n<meta property=\"og:title\" content=\"Snow cover map Live \u2013 current snow forecast\" \/>\n<meta property=\"og:description\" content=\"Follow the current snow forecast Worldwide with our Snow cover map Live Tracker. Where is it currently snowing? \u2744\ufe0f\" \/>\n<meta property=\"og:url\" content=\"https:\/\/weather-radar24.com\/pt\/mapa-de-neve\/\" \/>\n<meta property=\"article:modified_time\" content=\"2026-04-11T11:12:33+00:00\" \/>\n<meta property=\"og:image\" content=\"https:\/\/weather-radar24.com\/wp-content\/uploads\/2022\/08\/Bildschirmfoto-2022-08-19-um-20.55.53.png\" \/>\n\t<meta property=\"og:image:width\" content=\"366\" \/>\n\t<meta property=\"og:image:height\" content=\"226\" \/>\n\t<meta property=\"og:image:type\" content=\"image\/png\" \/>\n<meta name=\"twitter:card\" content=\"summary_large_image\" \/>\n<meta name=\"twitter:label1\" content=\"Est. tempo de leitura\" \/>\n\t<meta name=\"twitter:data1\" content=\"3 minutos\" \/>\n<script type=\"application\/ld+json\" class=\"yoast-schema-graph\">{\"@context\":\"https:\\\/\\\/schema.org\",\"@graph\":[{\"@type\":\"WebPage\",\"@id\":\"https:\\\/\\\/weather-radar24.com\\\/snow-cover-map\\\/\",\"url\":\"https:\\\/\\\/weather-radar24.com\\\/snow-cover-map\\\/\",\"name\":\"Snow cover map Live \u2013 current snow forecast\",\"isPartOf\":{\"@id\":\"https:\\\/\\\/weather-radar24.com\\\/#website\"},\"primaryImageOfPage\":{\"@id\":\"https:\\\/\\\/weather-radar24.com\\\/snow-cover-map\\\/#primaryimage\"},\"image\":{\"@id\":\"https:\\\/\\\/weather-radar24.com\\\/snow-cover-map\\\/#primaryimage\"},\"thumbnailUrl\":\"https:\\\/\\\/weather-radar24.com\\\/wp-content\\\/uploads\\\/2022\\\/08\\\/Bildschirmfoto-2022-08-19-um-20.55.53.png\",\"datePublished\":\"2022-08-17T19:15:47+00:00\",\"dateModified\":\"2026-04-11T11:12:33+00:00\",\"description\":\"Follow the current snow forecast Worldwide with our Snow cover map Live Tracker. Where is it currently snowing? \u2744\ufe0f\",\"breadcrumb\":{\"@id\":\"https:\\\/\\\/weather-radar24.com\\\/snow-cover-map\\\/#breadcrumb\"},\"inLanguage\":\"pt-BR\",\"potentialAction\":[{\"@type\":\"ReadAction\",\"target\":[\"https:\\\/\\\/weather-radar24.com\\\/snow-cover-map\\\/\"]}]},{\"@type\":\"ImageObject\",\"inLanguage\":\"pt-BR\",\"@id\":\"https:\\\/\\\/weather-radar24.com\\\/snow-cover-map\\\/#primaryimage\",\"url\":\"https:\\\/\\\/weather-radar24.com\\\/wp-content\\\/uploads\\\/2022\\\/08\\\/Bildschirmfoto-2022-08-19-um-20.55.53.png\",\"contentUrl\":\"https:\\\/\\\/weather-radar24.com\\\/wp-content\\\/uploads\\\/2022\\\/08\\\/Bildschirmfoto-2022-08-19-um-20.55.53.png\",\"width\":366,\"height\":226,\"caption\":\"Snow cover map\"},{\"@type\":\"BreadcrumbList\",\"@id\":\"https:\\\/\\\/weather-radar24.com\\\/snow-cover-map\\\/#breadcrumb\",\"itemListElement\":[{\"@type\":\"ListItem\",\"position\":1,\"name\":\"Startseite\",\"item\":\"https:\\\/\\\/weather-radar24.com\\\/\"},{\"@type\":\"ListItem\",\"position\":2,\"name\":\"Snow cover map\"}]},{\"@type\":\"WebSite\",\"@id\":\"https:\\\/\\\/weather-radar24.com\\\/#website\",\"url\":\"https:\\\/\\\/weather-radar24.com\\\/\",\"name\":\"\",\"description\":\"\",\"potentialAction\":[{\"@type\":\"SearchAction\",\"target\":{\"@type\":\"EntryPoint\",\"urlTemplate\":\"https:\\\/\\\/weather-radar24.com\\\/?s={search_term_string}\"},\"query-input\":{\"@type\":\"PropertyValueSpecification\",\"valueRequired\":true,\"valueName\":\"search_term_string\"}}],\"inLanguage\":\"pt-BR\"}]}<\/script>\n<!-- \/ Yoast SEO plugin. -->","yoast_head_json":{"title":"Mapa de cobertura de neve ao vivo \u2013 previs\u00e3o de neve atual","description":"Siga a previs\u00e3o de neve atual em todo o mundo com nosso mapa de cobertura de neve Live Tracker. Onde est\u00e1 nevando atualmente? \u2744\ufe0f","robots":{"index":"index","follow":"follow","max-snippet":"max-snippet:-1","max-image-preview":"max-image-preview:large","max-video-preview":"max-video-preview:-1"},"canonical":"https:\/\/weather-radar24.com\/pt\/mapa-de-neve\/","og_locale":"pt_BR","og_type":"article","og_title":"Snow cover map Live \u2013 current snow forecast","og_description":"Follow the current snow forecast Worldwide with our Snow cover map Live Tracker. Where is it currently snowing? \u2744\ufe0f","og_url":"https:\/\/weather-radar24.com\/pt\/mapa-de-neve\/","article_modified_time":"2026-04-11T11:12:33+00:00","og_image":[{"width":366,"height":226,"url":"https:\/\/weather-radar24.com\/wp-content\/uploads\/2022\/08\/Bildschirmfoto-2022-08-19-um-20.55.53.png","type":"image\/png"}],"twitter_card":"summary_large_image","twitter_misc":{"Est. tempo de leitura":"3 minutos"},"schema":{"@context":"https:\/\/schema.org","@graph":[{"@type":"WebPage","@id":"https:\/\/weather-radar24.com\/snow-cover-map\/","url":"https:\/\/weather-radar24.com\/snow-cover-map\/","name":"Mapa de cobertura de neve ao vivo \u2013 previs\u00e3o de neve atual","isPartOf":{"@id":"https:\/\/weather-radar24.com\/#website"},"primaryImageOfPage":{"@id":"https:\/\/weather-radar24.com\/snow-cover-map\/#primaryimage"},"image":{"@id":"https:\/\/weather-radar24.com\/snow-cover-map\/#primaryimage"},"thumbnailUrl":"https:\/\/weather-radar24.com\/wp-content\/uploads\/2022\/08\/Bildschirmfoto-2022-08-19-um-20.55.53.png","datePublished":"2022-08-17T19:15:47+00:00","dateModified":"2026-04-11T11:12:33+00:00","description":"Siga a previs\u00e3o de neve atual em todo o mundo com nosso mapa de cobertura de neve Live Tracker. Onde est\u00e1 nevando atualmente? \u2744\ufe0f","breadcrumb":{"@id":"https:\/\/weather-radar24.com\/snow-cover-map\/#breadcrumb"},"inLanguage":"pt-BR","potentialAction":[{"@type":"ReadAction","target":["https:\/\/weather-radar24.com\/snow-cover-map\/"]}]},{"@type":"ImageObject","inLanguage":"pt-BR","@id":"https:\/\/weather-radar24.com\/snow-cover-map\/#primaryimage","url":"https:\/\/weather-radar24.com\/wp-content\/uploads\/2022\/08\/Bildschirmfoto-2022-08-19-um-20.55.53.png","contentUrl":"https:\/\/weather-radar24.com\/wp-content\/uploads\/2022\/08\/Bildschirmfoto-2022-08-19-um-20.55.53.png","width":366,"height":226,"caption":"Snow cover map"},{"@type":"BreadcrumbList","@id":"https:\/\/weather-radar24.com\/snow-cover-map\/#breadcrumb","itemListElement":[{"@type":"ListItem","position":1,"name":"Startseite","item":"https:\/\/weather-radar24.com\/"},{"@type":"ListItem","position":2,"name":"Snow cover map"}]},{"@type":"WebSite","@id":"https:\/\/weather-radar24.com\/#website","url":"https:\/\/weather-radar24.com\/","name":"","description":"","potentialAction":[{"@type":"SearchAction","target":{"@type":"EntryPoint","urlTemplate":"https:\/\/weather-radar24.com\/?s={search_term_string}"},"query-input":{"@type":"PropertyValueSpecification","valueRequired":true,"valueName":"search_term_string"}}],"inLanguage":"pt-BR"}]}},"_links":{"self":[{"href":"https:\/\/weather-radar24.com\/pt\/wp-json\/wp\/v2\/pages\/50","targetHints":{"allow":["GET"]}}],"collection":[{"href":"https:\/\/weather-radar24.com\/pt\/wp-json\/wp\/v2\/pages"}],"about":[{"href":"https:\/\/weather-radar24.com\/pt\/wp-json\/wp\/v2\/types\/page"}],"author":[{"embeddable":true,"href":"https:\/\/weather-radar24.com\/pt\/wp-json\/wp\/v2\/users\/1"}],"replies":[{"embeddable":true,"href":"https:\/\/weather-radar24.com\/pt\/wp-json\/wp\/v2\/comments?post=50"}],"version-history":[{"count":7,"href":"https:\/\/weather-radar24.com\/pt\/wp-json\/wp\/v2\/pages\/50\/revisions"}],"predecessor-version":[{"id":116,"href":"https:\/\/weather-radar24.com\/pt\/wp-json\/wp\/v2\/pages\/50\/revisions\/116"}],"wp:featuredmedia":[{"embeddable":true,"href":"https:\/\/weather-radar24.com\/pt\/wp-json\/wp\/v2\/media\/117"}],"wp:attachment":[{"href":"https:\/\/weather-radar24.com\/pt\/wp-json\/wp\/v2\/media?parent=50"}],"curies":[{"name":"wp","href":"https:\/\/api.w.org\/{rel}","templated":true}]}}