{"id":52,"date":"2022-08-17T21:16:02","date_gmt":"2022-08-17T19:16:02","guid":{"rendered":"https:\/\/weather-radar24.com\/?page_id=52"},"modified":"2026-04-11T13:10:57","modified_gmt":"2026-04-11T11:10:57","slug":"rain-radar","status":"publish","type":"page","link":"https:\/\/weather-radar24.com\/pt\/radar-de-chuva\/","title":{"rendered":"Radar de chuva"},"content":{"rendered":"<h1>Radar de chuva \u2013 previs\u00e3o de chuva atual<\/h1>\n<p>O tempo pode mudar rapidamente, e \u00e9 bom saber exatamente para onde a chuva est\u00e1 indo. Com o radar de chuva, voc\u00ea sempre tem a situa\u00e7\u00e3o meteorol\u00f3gica atual em vista! Mas o que \u00e9 radar de chuva, como funciona e o que pode prever?<\/p>\n<div id=\"windy-rain-box\" style=\"max-width:1300px;margin:20px auto;padding:24px;border:1px solid #dcdcdc;border-radius:12px;background:#f8fafc;text-align:center;font-family:Arial,sans-serif;\">\n<h3 style=\"margin:0 0 10px 0;font-size:24px;color:#1f2937;\">Live Rain Radar<\/h3>\n<p style=\"margin:0 0 18px 0;font-size:16px;line-height:1.5;color:#4b5563;\">\n    Click the button below to load the live rain radar from Windy.com.\n  <\/p>\n<p>  <button onclick=\"loadWindyRain()\" style=\"background:#2563eb;color:#ffffff;border:none;padding:14px 24px;font-size:16px;font-weight:600;border-radius:8px;cursor:pointer;\"><br \/>\n    Load Rain Radar<br \/>\n  <\/button><\/p>\n<p style=\"margin:14px 0 0 0;font-size:13px;color:#6b7280;\">\n    External content will be loaded from Windy.com after clicking.\n  <\/p>\n<\/div>\n<p><script>\nfunction loadWindyRain() {\n  document.getElementById('windy-rain-box').innerHTML =\n    '<iframe loading=\"lazy\" src=\"https:\/\/embed.windy.com\/embed2.html?lat=39.606&#038;lon=-97.031&#038;detailLat=49.142&#038;detailLon=9.223&#038;width=1300&#038;height=600&#038;zoom=5&#038;level=surface&#038;overlay=rain&#038;product=ecmwf&#038;menu=&#038;message=true&#038;marker=&#038;calendar=now&#038;pressure=&#038;type=map&#038;location=coordinates&#038;detail=&#038;metricWind=default&#038;metricTemp=default&#038;radarRange=-1\" width=\"100%\" height=\"600\" frameborder=\"0\" style=\"border:0;border-radius:12px;\"><\/iframe>';\n}\n<\/script><\/p>\n<h2 class=\"p1\">O que \u00e9 um radar de chuva?<\/h2>\n<p class=\"p1\">Um radar de chuva \u00e9 um instrumento que \u00e9 usado para prever a precipita\u00e7\u00e3o. Existem diferentes tipos de radar de chuva, mas a maioria deles funciona da mesma maneira: eles enviam um feixe de radar para a atmosfera e rastreiam como o feixe reflete nas gotas de chuva. Essas reflex\u00f5es podem ent\u00e3o ser usadas para prever o movimento das gotas de chuva.<\/p>\n<p class=\"p1\">Os radares de chuva s\u00e3o muito \u00fateis para prever as condi\u00e7\u00f5es meteorol\u00f3gicas, especialmente no contexto de <a href=\"https:\/\/weather-radar24.com\/pt\/radar-de-tempestade\/\">tempestades severas<\/a>. Eles podem ajudar a alertar as pessoas sobre condi\u00e7\u00f5es clim\u00e1ticas perigosas e dar-lhes tempo para chegar em seguran\u00e7a. Os radares de chuva tamb\u00e9m s\u00e3o \u00fateis para a agricultura, pois podem ajudar a salvar as colheitas antes que o mau tempo chegue.<\/p>\n<h2 class=\"p1\">Como funciona um radar Rain?<\/h2>\n<p class=\"p1\">O movimento da chuva da \u00faltima hora pode ser reproduzido atrav\u00e9s do bot\u00e3o play. Um radar de chuva \u00e9 um instrumento que rastreia o movimento das nuvens de chuva e mede sua intensidade. Os meteorologistas costumam us\u00e1-lo para prever a dire\u00e7\u00e3o e a velocidade da chuva ou <a href=\"https:\/\/weather-radar24.com\/pt\/mapa-de-neve\/\">neve<\/a> chuveiros.<\/p>\n<p class=\"p1\">Os radares de chuva funcionam emitindo ondas eletromagn\u00e9ticas, cujo eco \u00e9 refletido pelas gotas de chuva ou cristais de neve. O radar pode ent\u00e3o determinar a intensidade da precipita\u00e7\u00e3o com base na for\u00e7a do eco. Os radares de chuva tamb\u00e9m podem rastrear outros tipos de fen\u00f4menos clim\u00e1ticos, como <a href=\"https:\/\/weather-radar24.com\/pt\/radar-de-tornado\/\">tornados<\/a> ou nuvens de trovoada.<\/p>\n<h2 class=\"p1\">Qu\u00e3o precisas s\u00e3o as previs\u00f5es?<\/h2>\n<p class=\"p1\">Quando voc\u00ea observa as previs\u00f5es do radar de chuva ou de outros servi\u00e7os meteorol\u00f3gicos, pode descobrir que a precis\u00e3o das previs\u00f5es varia muito. As previs\u00f5es podem ser dadas com algumas horas de anteced\u00eancia, mas tamb\u00e9m com v\u00e1rios dias de anteced\u00eancia. Por exemplo, uma previs\u00e3o para esta tarde pode ser precisa, mas uma para amanh\u00e3 de manh\u00e3 pode n\u00e3o ser.<\/p>\n<p class=\"p1\">A precis\u00e3o das previs\u00f5es de chuva depende de v\u00e1rios fatores. Primeiro, \u00e9 claro, \u00e9 a precis\u00e3o da previs\u00e3o com base no modelo clim\u00e1tico. Como regra, quanto melhor o modelo, mais precisa a previs\u00e3o. Por outro lado, tamb\u00e9m desempenha um papel na qualidade dos dados de medi\u00e7\u00e3o usados no modelo. Por exemplo, se os dados de medi\u00e7\u00e3o de um determinado local n\u00e3o forem muito precisos, isso poder\u00e1 afetar a precis\u00e3o da previs\u00e3o.<\/p>\n<p class=\"p1\">Portanto, n\u00e3o h\u00e1 uma resposta simples para a quest\u00e3o de qu\u00e3o precisas s\u00e3o as previs\u00f5es de chuva. No entanto, eles geralmente s\u00e3o bastante confi\u00e1veis e podem ajud\u00e1-lo a se ajustar ao clima.<\/p>\n<h3 class=\"p1\">Por que o radar de chuva \u00e9 muitas vezes impreciso?<\/h3>\n<p class=\"p1\">O radar de chuva \u00e9 uma ferramenta importante para fazer previs\u00f5es de chuva. No entanto, muitas vezes est\u00e1 fora da marca. Existem v\u00e1rias raz\u00f5es pelas quais isso \u00e9 assim. Uma das raz\u00f5es \u00e9 que o radar s\u00f3 v\u00ea a precipita\u00e7\u00e3o que est\u00e1 diretamente abaixo da <a href=\"https:\/\/weather-radar24.com\/pt\/mapa-de-cobertura-de-nuvens\/\">nuvens<\/a>. Ent\u00e3o pode acontecer que n\u00e3o chova em uma regi\u00e3o mesmo que o radar mostre precipita\u00e7\u00e3o. Isso geralmente ocorre porque as nuvens na regi\u00e3o s\u00e3o mais altas e a chuva j\u00e1 se dissipou antes de cair no ch\u00e3o.<\/p>\n<p class=\"p1\">Outra raz\u00e3o \u00e9 que o radar est\u00e1 frequentemente em uma regi\u00e3o onde n\u00e3o h\u00e1 chuva no momento. Isso pode acontecer, por exemplo, quando uma c\u00e9lula de tempestade passa e a chuva j\u00e1 se dissipou antes de cair no ch\u00e3o. Neste caso, o radar n\u00e3o consegue ver a chuva. Uma raz\u00e3o final \u00e9 que \u00e0s vezes ocorrem erros no radar. Esses erros podem ocorrer, por exemplo, quando a atmosfera \u00e9 muito empoeirada ou arenosa. Nesse caso, os sinais do radar podem ser desviados ou perturbados e pode acontecer que o radar mostre precipita\u00e7\u00e3o, embora na realidade n\u00e3o haja.<\/p>\n<h3 class=\"p1\">Qual \u00e9 a cidade mais chuvosa do mundo?<\/h3>\n<p class=\"p1\">De acordo com um estudo da <a href=\"https:\/\/www.colorado.edu\/\" target=\"_blank\" rel=\"noopener\">Universidade do Colorado Boulder<\/a>, a cidade mais chuvosa do mundo \u00e9 Mumbai, na \u00cdndia. A cidade recebeu o t\u00edtulo porque recebe uma m\u00e9dia de 940 mil\u00edmetros de chuva anualmente.<\/p>\n<p class=\"p1\">Mumbai n\u00e3o \u00e9 a \u00fanica cidade da \u00cdndia que recebe chuvas. Kolkata, Chennai e Bangalore tamb\u00e9m s\u00e3o cidades muito chuvosas na \u00cdndia. No entanto, as quatro cidades apresentam padr\u00f5es pluviom\u00e9tricos diferentes. Enquanto Mumbai pode receber chuva durante todo o ano, as outras tr\u00eas cidades recebem chuva principalmente durante os meses de junho a setembro.<\/p>","protected":false},"excerpt":{"rendered":"<p>Rain radar &#8211; current rain forecast The weather can change quickly, and it is good to know where exactly the rain is going. With the rain radar, you always have the current weather situation in view! But what is rain radar, how does it work and what can it predict? Live Rain Radar Click the&hellip;&nbsp;<a href=\"https:\/\/weather-radar24.com\/pt\/radar-de-chuva\/\" rel=\"bookmark\">Read More &raquo;<span class=\"screen-reader-text\">Radar de chuva<\/span><\/a><\/p>","protected":false},"author":1,"featured_media":111,"parent":0,"menu_order":0,"comment_status":"closed","ping_status":"closed","template":"","meta":{"neve_meta_sidebar":"","neve_meta_container":"","neve_meta_enable_content_width":"off","neve_meta_content_width":100,"neve_meta_title_alignment":"","neve_meta_author_avatar":"","neve_post_elements_order":"","neve_meta_disable_header":"","neve_meta_disable_footer":"","neve_meta_disable_title":"on","neve_meta_reading_time":"","footnotes":""},"class_list":["post-52","page","type-page","status-publish","has-post-thumbnail","hentry"],"yoast_head":"<!-- This site is optimized with the Yoast SEO plugin v27.3 - https:\/\/yoast.com\/product\/yoast-seo-wordpress\/ -->\n<title>Rain radar - current rain forecast - weather-radar24.com<\/title>\n<meta name=\"description\" content=\"Track the current weather conditions in real time with our rain radar! The weather map shows rain, clouds and snowfall\" \/>\n<meta name=\"robots\" content=\"index, follow, max-snippet:-1, max-image-preview:large, max-video-preview:-1\" \/>\n<link rel=\"canonical\" href=\"https:\/\/weather-radar24.com\/pt\/radar-de-chuva\/\" \/>\n<meta property=\"og:locale\" content=\"pt_BR\" \/>\n<meta property=\"og:type\" content=\"article\" \/>\n<meta property=\"og:title\" content=\"Rain radar - current rain forecast - weather-radar24.com\" \/>\n<meta property=\"og:description\" content=\"Track the current weather conditions in real time with our rain radar! The weather map shows rain, clouds and snowfall\" \/>\n<meta property=\"og:url\" content=\"https:\/\/weather-radar24.com\/pt\/radar-de-chuva\/\" \/>\n<meta property=\"article:modified_time\" content=\"2026-04-11T11:10:57+00:00\" \/>\n<meta property=\"og:image\" content=\"https:\/\/weather-radar24.com\/wp-content\/uploads\/2022\/08\/Bildschirmfoto-2022-08-18-um-12.38.42.png\" \/>\n\t<meta property=\"og:image:width\" content=\"374\" \/>\n\t<meta property=\"og:image:height\" content=\"273\" \/>\n\t<meta property=\"og:image:type\" content=\"image\/png\" \/>\n<meta name=\"twitter:card\" content=\"summary_large_image\" \/>\n<meta name=\"twitter:label1\" content=\"Est. tempo de leitura\" \/>\n\t<meta name=\"twitter:data1\" content=\"4 minutos\" \/>\n<script type=\"application\/ld+json\" class=\"yoast-schema-graph\">{\"@context\":\"https:\\\/\\\/schema.org\",\"@graph\":[{\"@type\":\"WebPage\",\"@id\":\"https:\\\/\\\/weather-radar24.com\\\/rain-radar\\\/\",\"url\":\"https:\\\/\\\/weather-radar24.com\\\/rain-radar\\\/\",\"name\":\"Rain radar - current rain forecast - weather-radar24.com\",\"isPartOf\":{\"@id\":\"https:\\\/\\\/weather-radar24.com\\\/#website\"},\"primaryImageOfPage\":{\"@id\":\"https:\\\/\\\/weather-radar24.com\\\/rain-radar\\\/#primaryimage\"},\"image\":{\"@id\":\"https:\\\/\\\/weather-radar24.com\\\/rain-radar\\\/#primaryimage\"},\"thumbnailUrl\":\"https:\\\/\\\/weather-radar24.com\\\/wp-content\\\/uploads\\\/2022\\\/08\\\/Bildschirmfoto-2022-08-18-um-12.38.42.png\",\"datePublished\":\"2022-08-17T19:16:02+00:00\",\"dateModified\":\"2026-04-11T11:10:57+00:00\",\"description\":\"Track the current weather conditions in real time with our rain radar! The weather map shows rain, clouds and snowfall\",\"breadcrumb\":{\"@id\":\"https:\\\/\\\/weather-radar24.com\\\/rain-radar\\\/#breadcrumb\"},\"inLanguage\":\"pt-BR\",\"potentialAction\":[{\"@type\":\"ReadAction\",\"target\":[\"https:\\\/\\\/weather-radar24.com\\\/rain-radar\\\/\"]}]},{\"@type\":\"ImageObject\",\"inLanguage\":\"pt-BR\",\"@id\":\"https:\\\/\\\/weather-radar24.com\\\/rain-radar\\\/#primaryimage\",\"url\":\"https:\\\/\\\/weather-radar24.com\\\/wp-content\\\/uploads\\\/2022\\\/08\\\/Bildschirmfoto-2022-08-18-um-12.38.42.png\",\"contentUrl\":\"https:\\\/\\\/weather-radar24.com\\\/wp-content\\\/uploads\\\/2022\\\/08\\\/Bildschirmfoto-2022-08-18-um-12.38.42.png\",\"width\":374,\"height\":273,\"caption\":\"Rain radar\"},{\"@type\":\"BreadcrumbList\",\"@id\":\"https:\\\/\\\/weather-radar24.com\\\/rain-radar\\\/#breadcrumb\",\"itemListElement\":[{\"@type\":\"ListItem\",\"position\":1,\"name\":\"Startseite\",\"item\":\"https:\\\/\\\/weather-radar24.com\\\/\"},{\"@type\":\"ListItem\",\"position\":2,\"name\":\"Rain radar\"}]},{\"@type\":\"WebSite\",\"@id\":\"https:\\\/\\\/weather-radar24.com\\\/#website\",\"url\":\"https:\\\/\\\/weather-radar24.com\\\/\",\"name\":\"\",\"description\":\"\",\"potentialAction\":[{\"@type\":\"SearchAction\",\"target\":{\"@type\":\"EntryPoint\",\"urlTemplate\":\"https:\\\/\\\/weather-radar24.com\\\/?s={search_term_string}\"},\"query-input\":{\"@type\":\"PropertyValueSpecification\",\"valueRequired\":true,\"valueName\":\"search_term_string\"}}],\"inLanguage\":\"pt-BR\"}]}<\/script>\n<!-- \/ Yoast SEO plugin. -->","yoast_head_json":{"title":"Radar de chuva - previs\u00e3o de chuva atual - weather-radar24.com","description":"Acompanhe as condi\u00e7\u00f5es clim\u00e1ticas atuais em tempo real com nosso radar de chuva! O mapa meteorol\u00f3gico mostra chuva, nuvens e queda de neve","robots":{"index":"index","follow":"follow","max-snippet":"max-snippet:-1","max-image-preview":"max-image-preview:large","max-video-preview":"max-video-preview:-1"},"canonical":"https:\/\/weather-radar24.com\/pt\/radar-de-chuva\/","og_locale":"pt_BR","og_type":"article","og_title":"Rain radar - current rain forecast - weather-radar24.com","og_description":"Track the current weather conditions in real time with our rain radar! The weather map shows rain, clouds and snowfall","og_url":"https:\/\/weather-radar24.com\/pt\/radar-de-chuva\/","article_modified_time":"2026-04-11T11:10:57+00:00","og_image":[{"width":374,"height":273,"url":"https:\/\/weather-radar24.com\/wp-content\/uploads\/2022\/08\/Bildschirmfoto-2022-08-18-um-12.38.42.png","type":"image\/png"}],"twitter_card":"summary_large_image","twitter_misc":{"Est. tempo de leitura":"4 minutos"},"schema":{"@context":"https:\/\/schema.org","@graph":[{"@type":"WebPage","@id":"https:\/\/weather-radar24.com\/rain-radar\/","url":"https:\/\/weather-radar24.com\/rain-radar\/","name":"Radar de chuva - previs\u00e3o de chuva atual - weather-radar24.com","isPartOf":{"@id":"https:\/\/weather-radar24.com\/#website"},"primaryImageOfPage":{"@id":"https:\/\/weather-radar24.com\/rain-radar\/#primaryimage"},"image":{"@id":"https:\/\/weather-radar24.com\/rain-radar\/#primaryimage"},"thumbnailUrl":"https:\/\/weather-radar24.com\/wp-content\/uploads\/2022\/08\/Bildschirmfoto-2022-08-18-um-12.38.42.png","datePublished":"2022-08-17T19:16:02+00:00","dateModified":"2026-04-11T11:10:57+00:00","description":"Acompanhe as condi\u00e7\u00f5es clim\u00e1ticas atuais em tempo real com nosso radar de chuva! O mapa meteorol\u00f3gico mostra chuva, nuvens e queda de neve","breadcrumb":{"@id":"https:\/\/weather-radar24.com\/rain-radar\/#breadcrumb"},"inLanguage":"pt-BR","potentialAction":[{"@type":"ReadAction","target":["https:\/\/weather-radar24.com\/rain-radar\/"]}]},{"@type":"ImageObject","inLanguage":"pt-BR","@id":"https:\/\/weather-radar24.com\/rain-radar\/#primaryimage","url":"https:\/\/weather-radar24.com\/wp-content\/uploads\/2022\/08\/Bildschirmfoto-2022-08-18-um-12.38.42.png","contentUrl":"https:\/\/weather-radar24.com\/wp-content\/uploads\/2022\/08\/Bildschirmfoto-2022-08-18-um-12.38.42.png","width":374,"height":273,"caption":"Rain radar"},{"@type":"BreadcrumbList","@id":"https:\/\/weather-radar24.com\/rain-radar\/#breadcrumb","itemListElement":[{"@type":"ListItem","position":1,"name":"Startseite","item":"https:\/\/weather-radar24.com\/"},{"@type":"ListItem","position":2,"name":"Rain radar"}]},{"@type":"WebSite","@id":"https:\/\/weather-radar24.com\/#website","url":"https:\/\/weather-radar24.com\/","name":"","description":"","potentialAction":[{"@type":"SearchAction","target":{"@type":"EntryPoint","urlTemplate":"https:\/\/weather-radar24.com\/?s={search_term_string}"},"query-input":{"@type":"PropertyValueSpecification","valueRequired":true,"valueName":"search_term_string"}}],"inLanguage":"pt-BR"}]}},"_links":{"self":[{"href":"https:\/\/weather-radar24.com\/pt\/wp-json\/wp\/v2\/pages\/52","targetHints":{"allow":["GET"]}}],"collection":[{"href":"https:\/\/weather-radar24.com\/pt\/wp-json\/wp\/v2\/pages"}],"about":[{"href":"https:\/\/weather-radar24.com\/pt\/wp-json\/wp\/v2\/types\/page"}],"author":[{"embeddable":true,"href":"https:\/\/weather-radar24.com\/pt\/wp-json\/wp\/v2\/users\/1"}],"replies":[{"embeddable":true,"href":"https:\/\/weather-radar24.com\/pt\/wp-json\/wp\/v2\/comments?post=52"}],"version-history":[{"count":7,"href":"https:\/\/weather-radar24.com\/pt\/wp-json\/wp\/v2\/pages\/52\/revisions"}],"predecessor-version":[{"id":96,"href":"https:\/\/weather-radar24.com\/pt\/wp-json\/wp\/v2\/pages\/52\/revisions\/96"}],"wp:featuredmedia":[{"embeddable":true,"href":"https:\/\/weather-radar24.com\/pt\/wp-json\/wp\/v2\/media\/111"}],"wp:attachment":[{"href":"https:\/\/weather-radar24.com\/pt\/wp-json\/wp\/v2\/media?parent=52"}],"curies":[{"name":"wp","href":"https:\/\/api.w.org\/{rel}","templated":true}]}}