{"id":83,"date":"2022-08-19T19:55:15","date_gmt":"2022-08-19T17:55:15","guid":{"rendered":"https:\/\/weather-radar24.com\/?page_id=83"},"modified":"2022-08-19T21:41:25","modified_gmt":"2022-08-19T19:41:25","slug":"satellite-map","status":"publish","type":"page","link":"https:\/\/weather-radar24.com\/pt\/mapa-de-satelite\/","title":{"rendered":"Mapa de sat\u00e9lite"},"content":{"rendered":"<h1 class=\"p1\"><b>Mapa de Sat\u00e9lite \u2013 assista sat\u00e9lites 24 horas por dia em tempo real!<\/b><\/h1>\n<p><img loading=\"lazy\" decoding=\"async\" class=\"aligncenter wp-image-132 size-full\" src=\"https:\/\/weather-radar24.com\/wp-content\/uploads\/2022\/08\/satellite-g443ef3dfb_640.jpeg\" alt=\"Mapa de sat\u00e9lite\" width=\"640\" height=\"423\" srcset=\"https:\/\/weather-radar24.com\/wp-content\/uploads\/2022\/08\/satellite-g443ef3dfb_640.jpeg 640w, https:\/\/weather-radar24.com\/wp-content\/uploads\/2022\/08\/satellite-g443ef3dfb_640-300x198.jpeg 300w\" sizes=\"auto, (max-width: 640px) 100vw, 640px\" \/><\/p>\n<p class=\"p1\">Em uma noite clara, muitos sat\u00e9lites artificiais se movem pelo c\u00e9u. Eles se parecem com estrelas que se movem lentamente e brilham intensamente. Normalmente, eles levam em m\u00e9dia 10 minutos para se mover de horizonte a horizonte. A Esta\u00e7\u00e3o Espacial Internacional (ISS) e o Telesc\u00f3pio Espacial Hubble est\u00e3o entre os objetos mais conhecidos que orbitam a Terra. Se voc\u00ea estudar o c\u00e9u cuidadosamente ao amanhecer ou ao anoitecer, provavelmente n\u00e3o ter\u00e1 que esperar mais de 15 minutos para ver um dos mais de 35.000 sat\u00e9lites que orbitam a Terra.<\/p>\n<h2 class=\"p1\">Como os sat\u00e9lites podem ser observados?<\/h2>\n<p class=\"p1\">Na verdade, a maioria dos objetos na \u00f3rbita da Terra s\u00e3o pequenos demais para serem vistos a olho nu. Principalmente se forem detritos. No entanto, existem algumas centenas de objetos que podem ser vistos sem aux\u00edlios \u00f3pticos adicionais. Isso \u00e9 verdade para sat\u00e9lites com pelo menos 6 metros de altura e orbitam a Terra a uma altitude de cerca de 160 km a 650 km.<\/p>\n<p class=\"p1\">Os sat\u00e9lites n\u00e3o t\u00eam ilumina\u00e7\u00e3o externa. Para ver um desses objetos, o sat\u00e9lite deve refletir a luz do sol. Alguns desses objetos voadores t\u00eam uma s\u00e9rie de pain\u00e9is solares, por isso s\u00e3o especialmente f\u00e1ceis de ver porque a luz \u00e9 refletida. Al\u00e9m de fornecer todos os tipos de canais de comunica\u00e7\u00e3o, eles tamb\u00e9m s\u00e3o usados para <a href=\"https:\/\/weather-radar24.com\/pt\/\">previs\u00e3o do tempo<\/a>.<\/p>\n<h2 class=\"p1\">Que tipo de sat\u00e9lites existem?<\/h2>\n<p class=\"p1\">Existem dois tipos de sat\u00e9lites, geoestacion\u00e1rios e de \u00f3rbita polar. Estes \u00faltimos s\u00e3o conhecidos por voar em baixas altitudes. Eles geralmente orbitam nosso planeta em 100 minutos. Esses sat\u00e9lites est\u00e3o a caminho para fotografar a Terra ou fazer outras medi\u00e7\u00f5es.<\/p>\n<p class=\"p1\">Infelizmente, as naves em \u00f3rbita polar n\u00e3o permitem observa\u00e7\u00e3o cont\u00ednua. Objetos geoestacion\u00e1rios oferecem condi\u00e7\u00f5es muito melhores aqui. Eles t\u00eam a mesma velocidade que a rota\u00e7\u00e3o da Terra. Como esses sat\u00e9lites pairam em uma determinada \u00e1rea, eles podem ser observados continuamente.<\/p>\n<h3 class=\"p1\">Os sat\u00e9lites podem ser vistos a olho nu?<\/h3>\n<p class=\"p1\">Por causa de suas \u00f3rbitas, objetos voando baixo t\u00eam uma janela de tempo precisa na qual passam pelo local de observa\u00e7\u00e3o. O resto do tempo, eles est\u00e3o abaixo do horizonte e, portanto, n\u00e3o s\u00e3o vis\u00edveis.<\/p>\n<p class=\"p1\">Infelizmente, uma observa\u00e7\u00e3o n\u00e3o pode ser planejada apenas de acordo com o tempo de passagem, pois a ilumina\u00e7\u00e3o do objeto voador tamb\u00e9m deve ser levada em considera\u00e7\u00e3o. Para ver um sat\u00e9lite perfeitamente, o observador deve estar no escuro e o sat\u00e9lite na luz. Por esta raz\u00e3o, os hor\u00e1rios imediatamente antes do nascer ou do p\u00f4r do sol s\u00e3o particularmente adequados. A ISS pode ser vista sem aux\u00edlios \u00f3pticos. \u00c9 ideal estar longe de fontes de luz perturbadoras. Claro, um c\u00e9u sem nuvens facilita o avistamento.<\/p>\n<h2 class=\"p1\">Como observar os sat\u00e9lites Starlink da SpaceX?<\/h2>\n<p class=\"p1\">Para fornecer recep\u00e7\u00e3o de Internet de baixo custo em todo o mundo, a SpaceX est\u00e1 planejando uma rede de mais de 12.000 sat\u00e9lites Starlink no primeiro est\u00e1gio de expans\u00e3o. Atualmente, cerca de 2.000 dessas naves orbitam a Terra em altitudes de 440 a 550 quil\u00f4metros. \u00c0 medida que se movem pelo c\u00e9u noturno, essas embarca\u00e7\u00f5es feitas pelo homem apresentam um show espetacular do c\u00e9u para observadores na Terra.<\/p>\n<p class=\"p1\">Para os olhos, os sat\u00e9lites SpaceX Starlink parecem um trem no firmamento enquanto se movem em linha reta pelo c\u00e9u. Atualmente, os objetos orbitam a Terra em intervalos de 90 minutos. Eles s\u00e3o bastante vis\u00edveis a olho nu e proporcionam uma vis\u00e3o espetacular se voc\u00ea souber onde procur\u00e1-los. Para procurar Starlink no c\u00e9u, \u00e9 recomendado um aplicativo Satellite Tracker (https:\/\/vitotechnology.com\/apps\/satellite-tracker).<\/p>\n<h2 class=\"p1\">Acompanhe os sat\u00e9lites Starlink da SpaceX ao vivo<\/h2>\n<p class=\"p1\">Aqui voc\u00ea pode acompanhar os sat\u00e9lites Starlink em tempo real 24 horas por dia.<\/p>\n<p><iframe loading=\"lazy\" style=\"border: 0px #ffffff none;\" src=\"https:\/\/findstarlink.com\/#2924625;3\" name=\"myiFrame\" width=\"1300px\" height=\"580px\" frameborder=\"1\" marginwidth=\"0px\" marginheight=\"0px\" scrolling=\"no\" allowfullscreen=\"allowfullscreen\"><\/iframe><\/p>\n<h3 class=\"p1\">Quantos sat\u00e9lites a Starlink tem atualmente?<\/h3>\n<p class=\"p1\">Em primeiro de setembro de 2021, a SpaceX informou que cerca de 4.500 sat\u00e9lites est\u00e3o online. No entanto, devido a uma tempestade solar, cerca de 50 dessas naves ca\u00edram fora de \u00f3rbita. Um sat\u00e9lite Starlink pesa cerca de 260 kg e \u00e9 do tamanho de uma mesa. Em um lan\u00e7amento, o foguete Falcom-9 carrega cerca de 60 sat\u00e9lites em \u00f3rbita.<\/p>\n<p class=\"p1\">A maioria dessas naves artificiais s\u00e3o usadas para conectividade de Internet de banda larga. Atualmente, o recebimento de pratos para uma conex\u00e3o Starlink est\u00e1 dispon\u00edvel nos EUA e no Canad\u00e1. Alturas de voo de 560 a 720 quil\u00f4metros est\u00e3o planejadas para gera\u00e7\u00f5es posteriores.<\/p>\n<h2 class=\"p1\"><strong>Quando e onde voc\u00ea pode ver a ISS?<\/strong><\/h2>\n<p class=\"p1\">A Esta\u00e7\u00e3o Espacial Internacional (ISS) \u00e9 um laborat\u00f3rio voador operado por muitas na\u00e7\u00f5es. A esta\u00e7\u00e3o voa a uma altitude de cerca de 400 quil\u00f4metros e \u00e9 facilmente vis\u00edvel da Terra. A grande estrutura reflete a luz do sol e aparece como um ponto de luz brilhante no c\u00e9u. Segundo a NASA, a ISS \u00e9 o objeto mais brilhante no c\u00e9u noturno ao lado da lua e pode at\u00e9 ser observado dentro de uma cidade.<\/p>\n<p class=\"p1\">Ainda mais, a ISS \u00e9 um \u00f3timo objeto de observa\u00e7\u00e3o para as pessoas nas \u00e1reas rurais. Localizar a esta\u00e7\u00e3o espacial n\u00e3o requer nenhum equipamento especial, pois pode ser visto a olho nu. Voc\u00ea s\u00f3 precisa saber onde procurar.<\/p>\n<p class=\"p1\">A ISS viaja a uma velocidade de 28.000 km\/h e completa 16 \u00f3rbitas terrestres por dia. A esta\u00e7\u00e3o espacial \u00e9 vis\u00edvel porque reflete a luz solar. Durante o dia \u00e9 muito claro; os melhores hor\u00e1rios de observa\u00e7\u00e3o s\u00e3o ao amanhecer e ao anoitecer.<\/p>\n<h2 class=\"p1\">Posi\u00e7\u00e3o ao vivo atual da ISS<\/h2>\n<p class=\"p1\">Este mapa de sat\u00e9lite mostra exatamente a posi\u00e7\u00e3o e altitude da Esta\u00e7\u00e3o Espacial Internacional. A ISS \u00e9 um dos objetos mais f\u00e1ceis de observar no c\u00e9u noturno. Se voc\u00ea quiser saber exatamente onde est\u00e1 a esta\u00e7\u00e3o espacial, voc\u00ea deve usar o radar de sat\u00e9lite.<\/p>\n<p class=\"p1\">Um tour virtual da esta\u00e7\u00e3o espacial ISS pode ser encontrado <a href=\"https:\/\/esamultimedia.esa.int\/multimedia\/virtual-tour-iss\/\" target=\"_blank\" rel=\"noopener\">aqui<\/a>.<\/p>\n<p class=\"p1\">Aqui voc\u00ea pode ver a posi\u00e7\u00e3o atual da Esta\u00e7\u00e3o Espacial Internacional (ISS) em tempo real.<\/p>\n<p><iframe loading=\"lazy\" style=\"border: 0px #ffffff none;\" src=\"https:\/\/www.lizard-tail.com\/isana\/tracking\/\" name=\"myiFrame\" width=\"1300px\" height=\"580px\" frameborder=\"1\" marginwidth=\"0px\" marginheight=\"0px\" scrolling=\"no\" allowfullscreen=\"allowfullscreen\"><\/iframe><\/p>\n<h3 class=\"p1\">Qual sat\u00e9lite est\u00e1 mais distante da Terra?<\/h3>\n<p class=\"p1\">A espa\u00e7onave mais distante da Terra \u00e9 a Voyager 1, que deixou nosso sistema solar a uma dist\u00e2ncia de cerca de 23 bilh\u00f5es de quil\u00f4metros. Segue-se a Voyager 2, que j\u00e1 percorreu 14 bilh\u00f5es de quil\u00f4metros. Essas espa\u00e7onaves est\u00e3o al\u00e9m do alcance dos instrumentos \u00f3pticos. A New Horizon \u00e9 outra espa\u00e7onave que deixar\u00e1 nosso sistema solar.<\/p>\n<p class=\"p1\">o <a href=\"https:\/\/webb.nasa.gov\/\" target=\"_blank\" rel=\"noopener\">Telesc\u00f3pio Espacial James-Webb<\/a> tamb\u00e9m \u00e9 diferente de outras naves espaciais. Segundo a NASA, o telesc\u00f3pio Hubble orbita a Terra a uma dist\u00e2ncia de cerca de 570 quil\u00f4metros acima da superf\u00edcie do planeta. O telesc\u00f3pio James-Webb est\u00e1 posicionado muito mais longe da Terra do que o Hubble ou outros sat\u00e9lites. O mais novo telesc\u00f3pio da NASA opera em \u00f3rbita a uma dist\u00e2ncia de 1,5 milh\u00e3o de quil\u00f4metros da Terra.<\/p>\n<h2 class=\"p1\">Posi\u00e7\u00e3o atual da Voyager 1<\/h2>\n<p class=\"p1\">A Voyager 1 \u00e9 uma espa\u00e7onave da NASA e o objeto mais distante da Terra, \u00e9 a primeira espa\u00e7onave a alcan\u00e7ar o espa\u00e7o interestelar.<\/p>\n<p><iframe loading=\"lazy\" style=\"border: 0px #ffffff none;\" src=\"https:\/\/eyes.nasa.gov\/apps\/orrery\/#\/sc_voyager_1\" name=\"myiFrame\" width=\"1300px\" height=\"580px\" frameborder=\"1\" marginwidth=\"0px\" marginheight=\"0px\" scrolling=\"no\" allowfullscreen=\"allowfullscreen\"><span data-mce-type=\"bookmark\" style=\"display: inline-block; width: 0px; overflow: hidden; line-height: 0;\" class=\"mce_SELRES_start\"><\/span><\/iframe><br \/>\nCr\u00e9dito: NASA\/JPL-Caltech<\/p>","protected":false},"excerpt":{"rendered":"<p>Mapa de sat\u00e9lites - assista sat\u00e9lites 24 horas por dia em tempo real! Em uma noite clara, muitos sat\u00e9lites artificiais se movem pelo c\u00e9u. Eles se parecem com estrelas que se movem lentamente e brilham intensamente. Normalmente, eles levam em m\u00e9dia 10 minutos para se mover de horizonte a horizonte. A Esta\u00e7\u00e3o Espacial Internacional (ISS) e o Telesc\u00f3pio Espacial Hubble s\u00e3o\u2026&nbsp;<a href=\"https:\/\/weather-radar24.com\/pt\/mapa-de-satelite\/\" rel=\"bookmark\">Read More &raquo;<span class=\"screen-reader-text\">Mapa de sat\u00e9lite<\/span><\/a><\/p>","protected":false},"author":1,"featured_media":132,"parent":0,"menu_order":0,"comment_status":"closed","ping_status":"closed","template":"","meta":{"neve_meta_sidebar":"","neve_meta_container":"","neve_meta_enable_content_width":"off","neve_meta_content_width":100,"neve_meta_title_alignment":"","neve_meta_author_avatar":"","neve_post_elements_order":"","neve_meta_disable_header":"","neve_meta_disable_footer":"","neve_meta_disable_title":"on","neve_meta_reading_time":"","footnotes":""},"class_list":["post-83","page","type-page","status-publish","has-post-thumbnail","hentry"],"yoast_head":"<!-- This site is optimized with the Yoast SEO plugin v27.3 - https:\/\/yoast.com\/product\/yoast-seo-wordpress\/ -->\n<title>Satellite Map - watch satellites around the clock in real-time!<\/title>\n<meta name=\"description\" content=\"This satellite Map shows the exact position and altitude of the International Space Station (ISS) and Starlink satellites from SpaceX\" \/>\n<meta name=\"robots\" content=\"index, follow, max-snippet:-1, max-image-preview:large, max-video-preview:-1\" \/>\n<link rel=\"canonical\" href=\"https:\/\/weather-radar24.com\/pt\/mapa-de-satelite\/\" \/>\n<meta property=\"og:locale\" content=\"pt_BR\" \/>\n<meta property=\"og:type\" content=\"article\" \/>\n<meta property=\"og:title\" content=\"Satellite Map - watch satellites around the clock in real-time!\" \/>\n<meta property=\"og:description\" content=\"This satellite Map shows the exact position and altitude of the International Space Station (ISS) and Starlink satellites from SpaceX\" \/>\n<meta property=\"og:url\" content=\"https:\/\/weather-radar24.com\/pt\/mapa-de-satelite\/\" \/>\n<meta property=\"article:modified_time\" content=\"2022-08-19T19:41:25+00:00\" \/>\n<meta property=\"og:image\" content=\"https:\/\/weather-radar24.com\/wp-content\/uploads\/2022\/08\/satellite-g443ef3dfb_640.jpeg\" \/>\n\t<meta property=\"og:image:width\" content=\"640\" \/>\n\t<meta property=\"og:image:height\" content=\"423\" \/>\n\t<meta property=\"og:image:type\" content=\"image\/jpeg\" \/>\n<meta name=\"twitter:card\" content=\"summary_large_image\" \/>\n<meta name=\"twitter:label1\" content=\"Est. tempo de leitura\" \/>\n\t<meta name=\"twitter:data1\" content=\"7 minutos\" \/>\n<script type=\"application\/ld+json\" class=\"yoast-schema-graph\">{\"@context\":\"https:\\\/\\\/schema.org\",\"@graph\":[{\"@type\":\"WebPage\",\"@id\":\"https:\\\/\\\/weather-radar24.com\\\/satellite-map\\\/\",\"url\":\"https:\\\/\\\/weather-radar24.com\\\/satellite-map\\\/\",\"name\":\"Satellite Map - watch satellites around the clock in real-time!\",\"isPartOf\":{\"@id\":\"https:\\\/\\\/weather-radar24.com\\\/#website\"},\"primaryImageOfPage\":{\"@id\":\"https:\\\/\\\/weather-radar24.com\\\/satellite-map\\\/#primaryimage\"},\"image\":{\"@id\":\"https:\\\/\\\/weather-radar24.com\\\/satellite-map\\\/#primaryimage\"},\"thumbnailUrl\":\"https:\\\/\\\/weather-radar24.com\\\/wp-content\\\/uploads\\\/2022\\\/08\\\/satellite-g443ef3dfb_640.jpeg\",\"datePublished\":\"2022-08-19T17:55:15+00:00\",\"dateModified\":\"2022-08-19T19:41:25+00:00\",\"description\":\"This satellite Map shows the exact position and altitude of the International Space Station (ISS) and Starlink satellites from SpaceX\",\"breadcrumb\":{\"@id\":\"https:\\\/\\\/weather-radar24.com\\\/satellite-map\\\/#breadcrumb\"},\"inLanguage\":\"pt-BR\",\"potentialAction\":[{\"@type\":\"ReadAction\",\"target\":[\"https:\\\/\\\/weather-radar24.com\\\/satellite-map\\\/\"]}]},{\"@type\":\"ImageObject\",\"inLanguage\":\"pt-BR\",\"@id\":\"https:\\\/\\\/weather-radar24.com\\\/satellite-map\\\/#primaryimage\",\"url\":\"https:\\\/\\\/weather-radar24.com\\\/wp-content\\\/uploads\\\/2022\\\/08\\\/satellite-g443ef3dfb_640.jpeg\",\"contentUrl\":\"https:\\\/\\\/weather-radar24.com\\\/wp-content\\\/uploads\\\/2022\\\/08\\\/satellite-g443ef3dfb_640.jpeg\",\"width\":640,\"height\":423,\"caption\":\"Satellite Map\"},{\"@type\":\"BreadcrumbList\",\"@id\":\"https:\\\/\\\/weather-radar24.com\\\/satellite-map\\\/#breadcrumb\",\"itemListElement\":[{\"@type\":\"ListItem\",\"position\":1,\"name\":\"Startseite\",\"item\":\"https:\\\/\\\/weather-radar24.com\\\/\"},{\"@type\":\"ListItem\",\"position\":2,\"name\":\"Satellite Map\"}]},{\"@type\":\"WebSite\",\"@id\":\"https:\\\/\\\/weather-radar24.com\\\/#website\",\"url\":\"https:\\\/\\\/weather-radar24.com\\\/\",\"name\":\"\",\"description\":\"\",\"potentialAction\":[{\"@type\":\"SearchAction\",\"target\":{\"@type\":\"EntryPoint\",\"urlTemplate\":\"https:\\\/\\\/weather-radar24.com\\\/?s={search_term_string}\"},\"query-input\":{\"@type\":\"PropertyValueSpecification\",\"valueRequired\":true,\"valueName\":\"search_term_string\"}}],\"inLanguage\":\"pt-BR\"}]}<\/script>\n<!-- \/ Yoast SEO plugin. -->","yoast_head_json":{"title":"Mapa de sat\u00e9lites - assista sat\u00e9lites 24 horas por dia em tempo real!","description":"Este mapa de sat\u00e9lite mostra a posi\u00e7\u00e3o e altitude exatas dos sat\u00e9lites da Esta\u00e7\u00e3o Espacial Internacional (ISS) e Starlink da SpaceX","robots":{"index":"index","follow":"follow","max-snippet":"max-snippet:-1","max-image-preview":"max-image-preview:large","max-video-preview":"max-video-preview:-1"},"canonical":"https:\/\/weather-radar24.com\/pt\/mapa-de-satelite\/","og_locale":"pt_BR","og_type":"article","og_title":"Satellite Map - watch satellites around the clock in real-time!","og_description":"This satellite Map shows the exact position and altitude of the International Space Station (ISS) and Starlink satellites from SpaceX","og_url":"https:\/\/weather-radar24.com\/pt\/mapa-de-satelite\/","article_modified_time":"2022-08-19T19:41:25+00:00","og_image":[{"width":640,"height":423,"url":"https:\/\/weather-radar24.com\/wp-content\/uploads\/2022\/08\/satellite-g443ef3dfb_640.jpeg","type":"image\/jpeg"}],"twitter_card":"summary_large_image","twitter_misc":{"Est. tempo de leitura":"7 minutos"},"schema":{"@context":"https:\/\/schema.org","@graph":[{"@type":"WebPage","@id":"https:\/\/weather-radar24.com\/satellite-map\/","url":"https:\/\/weather-radar24.com\/satellite-map\/","name":"Mapa de sat\u00e9lites - assista sat\u00e9lites 24 horas por dia em tempo real!","isPartOf":{"@id":"https:\/\/weather-radar24.com\/#website"},"primaryImageOfPage":{"@id":"https:\/\/weather-radar24.com\/satellite-map\/#primaryimage"},"image":{"@id":"https:\/\/weather-radar24.com\/satellite-map\/#primaryimage"},"thumbnailUrl":"https:\/\/weather-radar24.com\/wp-content\/uploads\/2022\/08\/satellite-g443ef3dfb_640.jpeg","datePublished":"2022-08-19T17:55:15+00:00","dateModified":"2022-08-19T19:41:25+00:00","description":"Este mapa de sat\u00e9lite mostra a posi\u00e7\u00e3o e altitude exatas dos sat\u00e9lites da Esta\u00e7\u00e3o Espacial Internacional (ISS) e Starlink da SpaceX","breadcrumb":{"@id":"https:\/\/weather-radar24.com\/satellite-map\/#breadcrumb"},"inLanguage":"pt-BR","potentialAction":[{"@type":"ReadAction","target":["https:\/\/weather-radar24.com\/satellite-map\/"]}]},{"@type":"ImageObject","inLanguage":"pt-BR","@id":"https:\/\/weather-radar24.com\/satellite-map\/#primaryimage","url":"https:\/\/weather-radar24.com\/wp-content\/uploads\/2022\/08\/satellite-g443ef3dfb_640.jpeg","contentUrl":"https:\/\/weather-radar24.com\/wp-content\/uploads\/2022\/08\/satellite-g443ef3dfb_640.jpeg","width":640,"height":423,"caption":"Satellite Map"},{"@type":"BreadcrumbList","@id":"https:\/\/weather-radar24.com\/satellite-map\/#breadcrumb","itemListElement":[{"@type":"ListItem","position":1,"name":"Startseite","item":"https:\/\/weather-radar24.com\/"},{"@type":"ListItem","position":2,"name":"Satellite Map"}]},{"@type":"WebSite","@id":"https:\/\/weather-radar24.com\/#website","url":"https:\/\/weather-radar24.com\/","name":"","description":"","potentialAction":[{"@type":"SearchAction","target":{"@type":"EntryPoint","urlTemplate":"https:\/\/weather-radar24.com\/?s={search_term_string}"},"query-input":{"@type":"PropertyValueSpecification","valueRequired":true,"valueName":"search_term_string"}}],"inLanguage":"pt-BR"}]}},"_links":{"self":[{"href":"https:\/\/weather-radar24.com\/pt\/wp-json\/wp\/v2\/pages\/83","targetHints":{"allow":["GET"]}}],"collection":[{"href":"https:\/\/weather-radar24.com\/pt\/wp-json\/wp\/v2\/pages"}],"about":[{"href":"https:\/\/weather-radar24.com\/pt\/wp-json\/wp\/v2\/types\/page"}],"author":[{"embeddable":true,"href":"https:\/\/weather-radar24.com\/pt\/wp-json\/wp\/v2\/users\/1"}],"replies":[{"embeddable":true,"href":"https:\/\/weather-radar24.com\/pt\/wp-json\/wp\/v2\/comments?post=83"}],"version-history":[{"count":5,"href":"https:\/\/weather-radar24.com\/pt\/wp-json\/wp\/v2\/pages\/83\/revisions"}],"predecessor-version":[{"id":134,"href":"https:\/\/weather-radar24.com\/pt\/wp-json\/wp\/v2\/pages\/83\/revisions\/134"}],"wp:featuredmedia":[{"embeddable":true,"href":"https:\/\/weather-radar24.com\/pt\/wp-json\/wp\/v2\/media\/132"}],"wp:attachment":[{"href":"https:\/\/weather-radar24.com\/pt\/wp-json\/wp\/v2\/media?parent=83"}],"curies":[{"name":"wp","href":"https:\/\/api.w.org\/{rel}","templated":true}]}}